{"id":116969,"date":"2025-12-05T13:34:38","date_gmt":"2025-12-05T12:34:38","guid":{"rendered":"https:\/\/dianasilver.com\/termek\/snowflake-jewel-set-ag-925-sterling-silver-rhodium-plated-without-chain\/"},"modified":"2026-01-16T16:56:43","modified_gmt":"2026-01-16T15:56:43","slug":"snowflake-jewel-set-ag-925-sterling-silver-rhodium-plated-without-chain","status":"publish","type":"product","link":"https:\/\/dianasilver.com\/en\/termek\/snowflake-jewel-set-ag-925-sterling-silver-rhodium-plated-without-chain\/","title":{"rendered":"Snowflake jewel set &#8211; AG 925 sterling silver, rhodium plated (without chain)"},"content":{"rendered":"<h2 data-start=\"287\" data-end=\"368\"><strong data-start=\"290\" data-end=\"368\">Snowflake jewel set &#8211; the light glamour of winter in a set (without chain)<\/strong><\/h2>\n<h3 data-start=\"370\" data-end=\"407\">What does the snowflake shape symbolise?<\/h3>\n<ul data-start=\"408\" data-end=\"621\">\n<li data-start=\"408\" data-end=\"468\">\n<p data-start=\"410\" data-end=\"468\"><strong data-start=\"412\" data-end=\"427\">Clarity<\/strong>, new beginnings and fresh energy.<\/p>\n<\/li>\n<li data-start=\"469\" data-end=\"544\">\n<p data-start=\"471\" data-end=\"544\">Femininity and <strong data-start=\"490\" data-end=\"505\">uniqueness<\/strong>, because no two snowflakes are the same.<\/p>\n<\/li>\n<li data-start=\"545\" data-end=\"621\">\n<p data-start=\"547\" data-end=\"621\">The shimmering zirconia in the centre evokes <strong data-start=\"577\" data-end=\"610\">your inner light and harmony<\/strong>.<\/p>\n<\/li>\n<\/ul>\n<h3 data-start=\"623\" data-end=\"641\">Why choose it?<\/h3>\n<ul data-start=\"642\" data-end=\"1056\">\n<li data-start=\"642\" data-end=\"722\">\n<p data-start=\"644\" data-end=\"722\"><strong data-start=\"644\" data-end=\"660\">AG 925 silver<\/strong> with rhodium plating for durability and a shiny finish.<\/p>\n<\/li>\n<li data-start=\"723\" data-end=\"812\">\n<p data-start=\"725\" data-end=\"812\">Central, brilliant <strong data-start=\"743\" data-end=\"761\">zirconia stones<\/strong> that add sparkle to the overall look.<\/p>\n<\/li>\n<li data-start=\"813\" data-end=\"901\">\n<p data-start=\"815\" data-end=\"901\">The earrings <strong data-start=\"827\" data-end=\"848\">have a steker closure<\/strong>, easy to wear and provide a secure hold all day long.<\/p>\n<\/li>\n<li data-start=\"902\" data-end=\"1003\">\n<p data-start=\"904\" data-end=\"1003\">A delicate, airy design &#8211; an assorted set that perfectly complements the modern woman&#8217;s wardrobe.<\/p>\n<\/li>\n<li data-start=\"1004\" data-end=\"1056\">\n<p data-start=\"1006\" data-end=\"1056\">Also makes a great gift, especially for festive occasions.<\/p>\n<\/li>\n<\/ul>\n<p data-start=\"1058\" data-end=\"1153\" data-is-last-node=\"\" data-is-only-node=\"\">Wear this lovely snowflake set and add a little winter magic to your every day! \u2744\ufe0f\u2728<\/p>\n","protected":false},"excerpt":{"rendered":"<p>\u2744\ufe0f A delicate, shimmering snowflake set that evokes the pure glow of winter. A dazzling zirconia in the centre of the pendant and stud earrings draws the eye, adding a gentle glow to your face and appearance. \u2728<\/p>\n","protected":false},"featured_media":117277,"template":"","meta":{"_acf_changed":false},"product_brand":[],"product_cat":[524],"product_tag":[542,638,692],"class_list":{"0":"post-116969","1":"product","2":"type-product","3":"status-publish","4":"has-post-thumbnail","6":"product_cat-silver-jewellery-set","7":"product_tag-childrens-silver-jewellery","8":"product_tag-christmas-gift","9":"product_tag-silver-jewelry-for-women","10":"description-off","12":"first","13":"instock","14":"taxable","15":"shipping-taxable","16":"purchasable","17":"product-type-simple"},"acf":[],"yoast_head":"<!-- This site is optimized with the Yoast SEO plugin v27.4 - https:\/\/yoast.com\/product\/yoast-seo-wordpress\/ -->\n<title>Snowflake jewel set - AG 925 sterling silver, rhodium plated (without chain) | Diana Silver<\/title>\n<meta name=\"description\" content=\"Fedezd fel a leny\u0171g\u00f6z\u0151 Snowflake jewel set - AG 925 sterling silver, rhodium plated (without chain) \u00e9kszer\u00fcnket. T\u00f6k\u00e9letes kieg\u00e9sz\u00edt\u0151 mindennapi viselethez \u00e9s k\u00fcl\u00f6nleges alkalmakra egyar\u00e1nt. Rendeld meg most!\" \/>\n<meta name=\"robots\" content=\"index, follow, max-snippet:-1, max-image-preview:large, max-video-preview:-1\" \/>\n<link rel=\"canonical\" href=\"https:\/\/dianasilver.com\/en\/termek\/snowflake-jewel-set-ag-925-sterling-silver-rhodium-plated-without-chain\/\" \/>\n<meta property=\"og:locale\" content=\"en_US\" \/>\n<meta property=\"og:type\" content=\"article\" \/>\n<meta property=\"og:title\" content=\"Snowflake jewel set - AG 925 sterling silver, rhodium plated (without chain) | Diana Silver\" \/>\n<meta property=\"og:description\" content=\"Fedezd fel a leny\u0171g\u00f6z\u0151 Snowflake jewel set - AG 925 sterling silver, rhodium plated (without chain) \u00e9kszer\u00fcnket. T\u00f6k\u00e9letes kieg\u00e9sz\u00edt\u0151 mindennapi viselethez \u00e9s k\u00fcl\u00f6nleges alkalmakra egyar\u00e1nt. Rendeld meg most!\" \/>\n<meta property=\"og:url\" content=\"https:\/\/dianasilver.com\/en\/termek\/snowflake-jewel-set-ag-925-sterling-silver-rhodium-plated-without-chain\/\" \/>\n<meta property=\"og:site_name\" content=\"Diana Silver\" \/>\n<meta property=\"article:publisher\" content=\"https:\/\/www.facebook.com\/profile.php?id=100027231325117\" \/>\n<meta property=\"article:modified_time\" content=\"2026-01-16T15:56:43+00:00\" \/>\n<meta property=\"og:image\" content=\"https:\/\/dianasilver.com\/wp-content\/uploads\/2025\/12\/Hopehely-ekszerszett-AG925-ezust-rodium-bevonattal_2.jpg\" \/>\n\t<meta property=\"og:image:width\" content=\"1340\" \/>\n\t<meta property=\"og:image:height\" content=\"1785\" \/>\n\t<meta property=\"og:image:type\" content=\"image\/jpeg\" \/>\n<meta name=\"twitter:card\" content=\"summary_large_image\" \/>\n<meta name=\"twitter:label1\" content=\"Est. reading time\" \/>\n\t<meta name=\"twitter:data1\" content=\"1 minute\" \/>\n<script type=\"application\/ld+json\" class=\"yoast-schema-graph\">{\"@context\":\"https:\\\/\\\/schema.org\",\"@graph\":[{\"@type\":\"WebPage\",\"@id\":\"https:\\\/\\\/dianasilver.com\\\/en\\\/termek\\\/snowflake-jewel-set-ag-925-sterling-silver-rhodium-plated-without-chain\\\/\",\"url\":\"https:\\\/\\\/dianasilver.com\\\/en\\\/termek\\\/snowflake-jewel-set-ag-925-sterling-silver-rhodium-plated-without-chain\\\/\",\"name\":\"Snowflake jewel set - AG 925 sterling silver, rhodium plated (without chain) | Diana Silver\",\"isPartOf\":{\"@id\":\"https:\\\/\\\/dianasilver.com\\\/en\\\/#website\"},\"primaryImageOfPage\":{\"@id\":\"https:\\\/\\\/dianasilver.com\\\/en\\\/termek\\\/snowflake-jewel-set-ag-925-sterling-silver-rhodium-plated-without-chain\\\/#primaryimage\"},\"image\":{\"@id\":\"https:\\\/\\\/dianasilver.com\\\/en\\\/termek\\\/snowflake-jewel-set-ag-925-sterling-silver-rhodium-plated-without-chain\\\/#primaryimage\"},\"thumbnailUrl\":\"https:\\\/\\\/dianasilver.com\\\/wp-content\\\/uploads\\\/2025\\\/12\\\/Hopehely-ekszerszett-AG925-ezust-rodium-bevonattal_2.jpg\",\"datePublished\":\"2025-12-05T12:34:38+00:00\",\"dateModified\":\"2026-01-16T15:56:43+00:00\",\"description\":\"Fedezd fel a leny\u0171g\u00f6z\u0151 Snowflake jewel set - AG 925 sterling silver, rhodium plated (without chain) \u00e9kszer\u00fcnket. T\u00f6k\u00e9letes kieg\u00e9sz\u00edt\u0151 mindennapi viselethez \u00e9s k\u00fcl\u00f6nleges alkalmakra egyar\u00e1nt. Rendeld meg most!\",\"breadcrumb\":{\"@id\":\"https:\\\/\\\/dianasilver.com\\\/en\\\/termek\\\/snowflake-jewel-set-ag-925-sterling-silver-rhodium-plated-without-chain\\\/#breadcrumb\"},\"inLanguage\":\"en-US\",\"potentialAction\":[{\"@type\":\"ReadAction\",\"target\":[\"https:\\\/\\\/dianasilver.com\\\/en\\\/termek\\\/snowflake-jewel-set-ag-925-sterling-silver-rhodium-plated-without-chain\\\/\"]}]},{\"@type\":\"ImageObject\",\"inLanguage\":\"en-US\",\"@id\":\"https:\\\/\\\/dianasilver.com\\\/en\\\/termek\\\/snowflake-jewel-set-ag-925-sterling-silver-rhodium-plated-without-chain\\\/#primaryimage\",\"url\":\"https:\\\/\\\/dianasilver.com\\\/wp-content\\\/uploads\\\/2025\\\/12\\\/Hopehely-ekszerszett-AG925-ezust-rodium-bevonattal_2.jpg\",\"contentUrl\":\"https:\\\/\\\/dianasilver.com\\\/wp-content\\\/uploads\\\/2025\\\/12\\\/Hopehely-ekszerszett-AG925-ezust-rodium-bevonattal_2.jpg\",\"width\":1340,\"height\":1785},{\"@type\":\"BreadcrumbList\",\"@id\":\"https:\\\/\\\/dianasilver.com\\\/en\\\/termek\\\/snowflake-jewel-set-ag-925-sterling-silver-rhodium-plated-without-chain\\\/#breadcrumb\",\"itemListElement\":[{\"@type\":\"ListItem\",\"position\":1,\"name\":\"Kezd\u0151lap\",\"item\":\"https:\\\/\\\/dianasilver.com\\\/en\\\/diana-silver-silver-jewellery-webshop\\\/\"},{\"@type\":\"ListItem\",\"position\":2,\"name\":\"Shop\",\"item\":\"https:\\\/\\\/dianasilver.com\\\/en\\\/shop\\\/\"},{\"@type\":\"ListItem\",\"position\":3,\"name\":\"Snowflake jewel set &#8211; AG 925 sterling silver, rhodium plated (without chain)\"}]},{\"@type\":\"WebSite\",\"@id\":\"https:\\\/\\\/dianasilver.com\\\/en\\\/#website\",\"url\":\"https:\\\/\\\/dianasilver.com\\\/en\\\/\",\"name\":\"Diana Silver\",\"description\":\"Tedd t\u00f6k\u00e9letesebb\u00e9 mindennapjaid a Diana Silver \u00e9kszereivel.\",\"publisher\":{\"@id\":\"https:\\\/\\\/dianasilver.com\\\/en\\\/#organization\"},\"alternateName\":\"Ez\u00fcst \u00c9kszer Web\u00e1ruh\u00e1z\",\"potentialAction\":[{\"@type\":\"SearchAction\",\"target\":{\"@type\":\"EntryPoint\",\"urlTemplate\":\"https:\\\/\\\/dianasilver.com\\\/en\\\/?s={search_term_string}\"},\"query-input\":{\"@type\":\"PropertyValueSpecification\",\"valueRequired\":true,\"valueName\":\"search_term_string\"}}],\"inLanguage\":\"en-US\"},{\"@type\":\"Organization\",\"@id\":\"https:\\\/\\\/dianasilver.com\\\/en\\\/#organization\",\"name\":\"Diana Silver\",\"url\":\"https:\\\/\\\/dianasilver.com\\\/en\\\/\",\"logo\":{\"@type\":\"ImageObject\",\"inLanguage\":\"en-US\",\"@id\":\"https:\\\/\\\/dianasilver.com\\\/en\\\/#\\\/schema\\\/logo\\\/image\\\/\",\"url\":\"https:\\\/\\\/dianasilver.com\\\/wp-content\\\/uploads\\\/2022\\\/08\\\/ezust-feher-1-koves-buttonos-stekkeres-fulbevalo-42.webp\",\"contentUrl\":\"https:\\\/\\\/dianasilver.com\\\/wp-content\\\/uploads\\\/2022\\\/08\\\/ezust-feher-1-koves-buttonos-stekkeres-fulbevalo-42.webp\",\"width\":300,\"height\":154,\"caption\":\"Diana Silver\"},\"image\":{\"@id\":\"https:\\\/\\\/dianasilver.com\\\/en\\\/#\\\/schema\\\/logo\\\/image\\\/\"},\"sameAs\":[\"https:\\\/\\\/www.facebook.com\\\/profile.php?id=100027231325117\"]}]}<\/script>\n<!-- \/ Yoast SEO plugin. -->","yoast_head_json":{"title":"Snowflake jewel set - AG 925 sterling silver, rhodium plated (without chain) | Diana Silver","description":"Fedezd fel a leny\u0171g\u00f6z\u0151 Snowflake jewel set - AG 925 sterling silver, rhodium plated (without chain) \u00e9kszer\u00fcnket. T\u00f6k\u00e9letes kieg\u00e9sz\u00edt\u0151 mindennapi viselethez \u00e9s k\u00fcl\u00f6nleges alkalmakra egyar\u00e1nt. Rendeld meg most!","robots":{"index":"index","follow":"follow","max-snippet":"max-snippet:-1","max-image-preview":"max-image-preview:large","max-video-preview":"max-video-preview:-1"},"canonical":"https:\/\/dianasilver.com\/en\/termek\/snowflake-jewel-set-ag-925-sterling-silver-rhodium-plated-without-chain\/","og_locale":"en_US","og_type":"article","og_title":"Snowflake jewel set - AG 925 sterling silver, rhodium plated (without chain) | Diana Silver","og_description":"Fedezd fel a leny\u0171g\u00f6z\u0151 Snowflake jewel set - AG 925 sterling silver, rhodium plated (without chain) \u00e9kszer\u00fcnket. T\u00f6k\u00e9letes kieg\u00e9sz\u00edt\u0151 mindennapi viselethez \u00e9s k\u00fcl\u00f6nleges alkalmakra egyar\u00e1nt. Rendeld meg most!","og_url":"https:\/\/dianasilver.com\/en\/termek\/snowflake-jewel-set-ag-925-sterling-silver-rhodium-plated-without-chain\/","og_site_name":"Diana Silver","article_publisher":"https:\/\/www.facebook.com\/profile.php?id=100027231325117","article_modified_time":"2026-01-16T15:56:43+00:00","og_image":[{"width":1340,"height":1785,"url":"https:\/\/dianasilver.com\/wp-content\/uploads\/2025\/12\/Hopehely-ekszerszett-AG925-ezust-rodium-bevonattal_2.jpg","type":"image\/jpeg"}],"twitter_card":"summary_large_image","twitter_misc":{"Est. reading time":"1 minute"},"schema":{"@context":"https:\/\/schema.org","@graph":[{"@type":"WebPage","@id":"https:\/\/dianasilver.com\/en\/termek\/snowflake-jewel-set-ag-925-sterling-silver-rhodium-plated-without-chain\/","url":"https:\/\/dianasilver.com\/en\/termek\/snowflake-jewel-set-ag-925-sterling-silver-rhodium-plated-without-chain\/","name":"Snowflake jewel set - AG 925 sterling silver, rhodium plated (without chain) | Diana Silver","isPartOf":{"@id":"https:\/\/dianasilver.com\/en\/#website"},"primaryImageOfPage":{"@id":"https:\/\/dianasilver.com\/en\/termek\/snowflake-jewel-set-ag-925-sterling-silver-rhodium-plated-without-chain\/#primaryimage"},"image":{"@id":"https:\/\/dianasilver.com\/en\/termek\/snowflake-jewel-set-ag-925-sterling-silver-rhodium-plated-without-chain\/#primaryimage"},"thumbnailUrl":"https:\/\/dianasilver.com\/wp-content\/uploads\/2025\/12\/Hopehely-ekszerszett-AG925-ezust-rodium-bevonattal_2.jpg","datePublished":"2025-12-05T12:34:38+00:00","dateModified":"2026-01-16T15:56:43+00:00","description":"Fedezd fel a leny\u0171g\u00f6z\u0151 Snowflake jewel set - AG 925 sterling silver, rhodium plated (without chain) \u00e9kszer\u00fcnket. T\u00f6k\u00e9letes kieg\u00e9sz\u00edt\u0151 mindennapi viselethez \u00e9s k\u00fcl\u00f6nleges alkalmakra egyar\u00e1nt. Rendeld meg most!","breadcrumb":{"@id":"https:\/\/dianasilver.com\/en\/termek\/snowflake-jewel-set-ag-925-sterling-silver-rhodium-plated-without-chain\/#breadcrumb"},"inLanguage":"en-US","potentialAction":[{"@type":"ReadAction","target":["https:\/\/dianasilver.com\/en\/termek\/snowflake-jewel-set-ag-925-sterling-silver-rhodium-plated-without-chain\/"]}]},{"@type":"ImageObject","inLanguage":"en-US","@id":"https:\/\/dianasilver.com\/en\/termek\/snowflake-jewel-set-ag-925-sterling-silver-rhodium-plated-without-chain\/#primaryimage","url":"https:\/\/dianasilver.com\/wp-content\/uploads\/2025\/12\/Hopehely-ekszerszett-AG925-ezust-rodium-bevonattal_2.jpg","contentUrl":"https:\/\/dianasilver.com\/wp-content\/uploads\/2025\/12\/Hopehely-ekszerszett-AG925-ezust-rodium-bevonattal_2.jpg","width":1340,"height":1785},{"@type":"BreadcrumbList","@id":"https:\/\/dianasilver.com\/en\/termek\/snowflake-jewel-set-ag-925-sterling-silver-rhodium-plated-without-chain\/#breadcrumb","itemListElement":[{"@type":"ListItem","position":1,"name":"Kezd\u0151lap","item":"https:\/\/dianasilver.com\/en\/diana-silver-silver-jewellery-webshop\/"},{"@type":"ListItem","position":2,"name":"Shop","item":"https:\/\/dianasilver.com\/en\/shop\/"},{"@type":"ListItem","position":3,"name":"Snowflake jewel set &#8211; AG 925 sterling silver, rhodium plated (without chain)"}]},{"@type":"WebSite","@id":"https:\/\/dianasilver.com\/en\/#website","url":"https:\/\/dianasilver.com\/en\/","name":"Diana Silver","description":"Tedd t\u00f6k\u00e9letesebb\u00e9 mindennapjaid a Diana Silver \u00e9kszereivel.","publisher":{"@id":"https:\/\/dianasilver.com\/en\/#organization"},"alternateName":"Ez\u00fcst \u00c9kszer Web\u00e1ruh\u00e1z","potentialAction":[{"@type":"SearchAction","target":{"@type":"EntryPoint","urlTemplate":"https:\/\/dianasilver.com\/en\/?s={search_term_string}"},"query-input":{"@type":"PropertyValueSpecification","valueRequired":true,"valueName":"search_term_string"}}],"inLanguage":"en-US"},{"@type":"Organization","@id":"https:\/\/dianasilver.com\/en\/#organization","name":"Diana Silver","url":"https:\/\/dianasilver.com\/en\/","logo":{"@type":"ImageObject","inLanguage":"en-US","@id":"https:\/\/dianasilver.com\/en\/#\/schema\/logo\/image\/","url":"https:\/\/dianasilver.com\/wp-content\/uploads\/2022\/08\/ezust-feher-1-koves-buttonos-stekkeres-fulbevalo-42.webp","contentUrl":"https:\/\/dianasilver.com\/wp-content\/uploads\/2022\/08\/ezust-feher-1-koves-buttonos-stekkeres-fulbevalo-42.webp","width":300,"height":154,"caption":"Diana Silver"},"image":{"@id":"https:\/\/dianasilver.com\/en\/#\/schema\/logo\/image\/"},"sameAs":["https:\/\/www.facebook.com\/profile.php?id=100027231325117"]}]}},"_links":{"self":[{"href":"https:\/\/dianasilver.com\/en\/wp-json\/wp\/v2\/product\/116969","targetHints":{"allow":["GET"]}}],"collection":[{"href":"https:\/\/dianasilver.com\/en\/wp-json\/wp\/v2\/product"}],"about":[{"href":"https:\/\/dianasilver.com\/en\/wp-json\/wp\/v2\/types\/product"}],"version-history":[{"count":0,"href":"https:\/\/dianasilver.com\/en\/wp-json\/wp\/v2\/product\/116969\/revisions"}],"wp:featuredmedia":[{"embeddable":true,"href":"https:\/\/dianasilver.com\/en\/wp-json\/wp\/v2\/media\/117277"}],"wp:attachment":[{"href":"https:\/\/dianasilver.com\/en\/wp-json\/wp\/v2\/media?parent=116969"}],"wp:term":[{"taxonomy":"product_brand","embeddable":true,"href":"https:\/\/dianasilver.com\/en\/wp-json\/wp\/v2\/product_brand?post=116969"},{"taxonomy":"product_cat","embeddable":true,"href":"https:\/\/dianasilver.com\/en\/wp-json\/wp\/v2\/product_cat?post=116969"},{"taxonomy":"product_tag","embeddable":true,"href":"https:\/\/dianasilver.com\/en\/wp-json\/wp\/v2\/product_tag?post=116969"}],"curies":[{"name":"wp","href":"https:\/\/api.w.org\/{rel}","templated":true}]}}