{"id":116942,"date":"2025-12-07T12:13:16","date_gmt":"2025-12-07T11:13:16","guid":{"rendered":"https:\/\/dianasilver.com\/termek\/bead-set-ag-925-sterling-silver-rhodium-plated-white-cubic-zirconia-stones-without-chain\/"},"modified":"2026-01-16T16:56:28","modified_gmt":"2026-01-16T15:56:28","slug":"bead-set-ag-925-sterling-silver-rhodium-plated-white-cubic-zirconia-stones-without-chain","status":"publish","type":"product","link":"https:\/\/dianasilver.com\/en\/termek\/bead-set-ag-925-sterling-silver-rhodium-plated-white-cubic-zirconia-stones-without-chain\/","title":{"rendered":"Bead set &#8211; AG 925 sterling silver, rhodium plated, white cubic zirconia stones (without chain)"},"content":{"rendered":"<h2 data-start=\"346\" data-end=\"423\"><strong data-start=\"349\" data-end=\"423\">Pearl beaded &#8211; sophisticated glamour in a modern form (without chain)<\/strong><\/h2>\n<h3 data-start=\"425\" data-end=\"454\">What does the pearl symbolise?<\/h3>\n<ul data-start=\"455\" data-end=\"646\">\n<li data-start=\"455\" data-end=\"512\">\n<p data-start=\"457\" data-end=\"512\"><strong data-start=\"460\" data-end=\"479\">Eternal femininity<\/strong>, purity and harmony.<\/p>\n<\/li>\n<li data-start=\"513\" data-end=\"586\">\n<p data-start=\"515\" data-end=\"586\">The brightness of the pearl represents <strong data-start=\"537\" data-end=\"573\">wisdom and inner elegance<\/strong>.<\/p>\n<\/li>\n<li data-start=\"587\" data-end=\"646\">\n<p data-start=\"589\" data-end=\"646\">The circular shape expresses <strong data-start=\"603\" data-end=\"635\">wholeness and balance.<\/strong> <\/p>\n<\/li>\n<\/ul>\n<h3 data-start=\"648\" data-end=\"666\">Why choose it?<\/h3>\n<ul data-start=\"667\" data-end=\"1102\">\n<li data-start=\"667\" data-end=\"755\">\n<p data-start=\"669\" data-end=\"755\"><strong data-start=\"669\" data-end=\"685\">AG 925 silver<\/strong>, rhodium plated for long-lasting shine and wear resistance.<\/p>\n<\/li>\n<li data-start=\"756\" data-end=\"833\">\n<p data-start=\"758\" data-end=\"833\">A snow-white pearl that gives the jewellery a soft, natural glow.<\/p>\n<\/li>\n<li data-start=\"834\" data-end=\"931\">\n<p data-start=\"836\" data-end=\"931\">The circular arch <strong data-start=\"844\" data-end=\"883\">is set with white cubic zirconia stones<\/strong>, creating a sparkling effect with every movement.<\/p>\n<\/li>\n<li data-start=\"932\" data-end=\"1012\">\n<p data-start=\"934\" data-end=\"1012\"><strong data-start=\"934\" data-end=\"956\">Stekeres earrings<\/strong> that are comfortable, safe to wear during the day.<\/p>\n<\/li>\n<li data-start=\"1013\" data-end=\"1102\">\n<p data-start=\"1015\" data-end=\"1102\">Modern, clean design &#8211; the perfect complement to a unique, sophisticated look.<\/p>\n<\/li>\n<\/ul>\n<p data-start=\"1104\" data-end=\"1237\" data-is-last-node=\"\" data-is-only-node=\"\">This pearl jeweled set adds a delicate, radiant beauty to any occasion &#8211; feel free to wear it if you want to subtly accentuate your femininity. \ud83e\udd0d\u2728<\/p>\n","protected":false},"excerpt":{"rendered":"<p>\ud83e\udd0d Elegant, circular bead set, in which the brilliantly polished silver and the brilliant white cubic zirconia stones form a perfect harmony. The snow white pearl exudes soft femininity while adding subtle sparkle to your look. \u2728<\/p>\n","protected":false},"featured_media":116774,"template":"","meta":{"_acf_changed":false},"product_brand":[],"product_cat":[597],"product_tag":[692],"class_list":{"0":"post-116942","1":"product","2":"type-product","3":"status-publish","4":"has-post-thumbnail","6":"product_cat-silver-pearl-jewellery-sets","7":"product_tag-silver-jewelry-for-women","8":"description-off","10":"first","11":"instock","12":"taxable","13":"shipping-taxable","14":"purchasable","15":"product-type-simple"},"acf":[],"yoast_head":"<!-- This site is optimized with the Yoast SEO plugin v27.4 - https:\/\/yoast.com\/product\/yoast-seo-wordpress\/ -->\n<title>Bead set - AG 925 sterling silver, rhodium plated, white cubic zirconia stones (without chain) | Diana Silver<\/title>\n<meta name=\"description\" content=\"Fedezd fel a leny\u0171g\u00f6z\u0151 Bead set - AG 925 sterling silver, rhodium plated, white cubic zirconia stones (without chain) \u00e9kszer\u00fcnket. T\u00f6k\u00e9letes kieg\u00e9sz\u00edt\u0151 mindennapi viselethez \u00e9s k\u00fcl\u00f6nleges alkalmakra egyar\u00e1nt. Rendeld meg most!\" \/>\n<meta name=\"robots\" content=\"index, follow, max-snippet:-1, max-image-preview:large, max-video-preview:-1\" \/>\n<link rel=\"canonical\" href=\"https:\/\/dianasilver.com\/en\/termek\/bead-set-ag-925-sterling-silver-rhodium-plated-white-cubic-zirconia-stones-without-chain\/\" \/>\n<meta property=\"og:locale\" content=\"en_US\" \/>\n<meta property=\"og:type\" content=\"article\" \/>\n<meta property=\"og:title\" content=\"Bead set - AG 925 sterling silver, rhodium plated, white cubic zirconia stones (without chain) | Diana Silver\" \/>\n<meta property=\"og:description\" content=\"Fedezd fel a leny\u0171g\u00f6z\u0151 Bead set - AG 925 sterling silver, rhodium plated, white cubic zirconia stones (without chain) \u00e9kszer\u00fcnket. T\u00f6k\u00e9letes kieg\u00e9sz\u00edt\u0151 mindennapi viselethez \u00e9s k\u00fcl\u00f6nleges alkalmakra egyar\u00e1nt. Rendeld meg most!\" \/>\n<meta property=\"og:url\" content=\"https:\/\/dianasilver.com\/en\/termek\/bead-set-ag-925-sterling-silver-rhodium-plated-white-cubic-zirconia-stones-without-chain\/\" \/>\n<meta property=\"og:site_name\" content=\"Diana Silver\" \/>\n<meta property=\"article:publisher\" content=\"https:\/\/www.facebook.com\/profile.php?id=100027231325117\" \/>\n<meta property=\"article:modified_time\" content=\"2026-01-16T15:56:28+00:00\" \/>\n<meta property=\"og:image\" content=\"https:\/\/dianasilver.com\/wp-content\/uploads\/2025\/12\/Gyongy-ekszerszett-_2.jpg\" \/>\n\t<meta property=\"og:image:width\" content=\"1340\" \/>\n\t<meta property=\"og:image:height\" content=\"1785\" \/>\n\t<meta property=\"og:image:type\" content=\"image\/jpeg\" \/>\n<meta name=\"twitter:card\" content=\"summary_large_image\" \/>\n<meta name=\"twitter:label1\" content=\"Est. reading time\" \/>\n\t<meta name=\"twitter:data1\" content=\"1 minute\" \/>\n<script type=\"application\/ld+json\" class=\"yoast-schema-graph\">{\"@context\":\"https:\\\/\\\/schema.org\",\"@graph\":[{\"@type\":\"WebPage\",\"@id\":\"https:\\\/\\\/dianasilver.com\\\/en\\\/termek\\\/bead-set-ag-925-sterling-silver-rhodium-plated-white-cubic-zirconia-stones-without-chain\\\/\",\"url\":\"https:\\\/\\\/dianasilver.com\\\/en\\\/termek\\\/bead-set-ag-925-sterling-silver-rhodium-plated-white-cubic-zirconia-stones-without-chain\\\/\",\"name\":\"Bead set - AG 925 sterling silver, rhodium plated, white cubic zirconia stones (without chain) | Diana Silver\",\"isPartOf\":{\"@id\":\"https:\\\/\\\/dianasilver.com\\\/en\\\/#website\"},\"primaryImageOfPage\":{\"@id\":\"https:\\\/\\\/dianasilver.com\\\/en\\\/termek\\\/bead-set-ag-925-sterling-silver-rhodium-plated-white-cubic-zirconia-stones-without-chain\\\/#primaryimage\"},\"image\":{\"@id\":\"https:\\\/\\\/dianasilver.com\\\/en\\\/termek\\\/bead-set-ag-925-sterling-silver-rhodium-plated-white-cubic-zirconia-stones-without-chain\\\/#primaryimage\"},\"thumbnailUrl\":\"https:\\\/\\\/dianasilver.com\\\/wp-content\\\/uploads\\\/2025\\\/12\\\/Gyongy-ekszerszett-_2.jpg\",\"datePublished\":\"2025-12-07T11:13:16+00:00\",\"dateModified\":\"2026-01-16T15:56:28+00:00\",\"description\":\"Fedezd fel a leny\u0171g\u00f6z\u0151 Bead set - AG 925 sterling silver, rhodium plated, white cubic zirconia stones (without chain) \u00e9kszer\u00fcnket. T\u00f6k\u00e9letes kieg\u00e9sz\u00edt\u0151 mindennapi viselethez \u00e9s k\u00fcl\u00f6nleges alkalmakra egyar\u00e1nt. Rendeld meg most!\",\"breadcrumb\":{\"@id\":\"https:\\\/\\\/dianasilver.com\\\/en\\\/termek\\\/bead-set-ag-925-sterling-silver-rhodium-plated-white-cubic-zirconia-stones-without-chain\\\/#breadcrumb\"},\"inLanguage\":\"en-US\",\"potentialAction\":[{\"@type\":\"ReadAction\",\"target\":[\"https:\\\/\\\/dianasilver.com\\\/en\\\/termek\\\/bead-set-ag-925-sterling-silver-rhodium-plated-white-cubic-zirconia-stones-without-chain\\\/\"]}]},{\"@type\":\"ImageObject\",\"inLanguage\":\"en-US\",\"@id\":\"https:\\\/\\\/dianasilver.com\\\/en\\\/termek\\\/bead-set-ag-925-sterling-silver-rhodium-plated-white-cubic-zirconia-stones-without-chain\\\/#primaryimage\",\"url\":\"https:\\\/\\\/dianasilver.com\\\/wp-content\\\/uploads\\\/2025\\\/12\\\/Gyongy-ekszerszett-_2.jpg\",\"contentUrl\":\"https:\\\/\\\/dianasilver.com\\\/wp-content\\\/uploads\\\/2025\\\/12\\\/Gyongy-ekszerszett-_2.jpg\",\"width\":1340,\"height\":1785},{\"@type\":\"BreadcrumbList\",\"@id\":\"https:\\\/\\\/dianasilver.com\\\/en\\\/termek\\\/bead-set-ag-925-sterling-silver-rhodium-plated-white-cubic-zirconia-stones-without-chain\\\/#breadcrumb\",\"itemListElement\":[{\"@type\":\"ListItem\",\"position\":1,\"name\":\"Kezd\u0151lap\",\"item\":\"https:\\\/\\\/dianasilver.com\\\/en\\\/diana-silver-silver-jewellery-webshop\\\/\"},{\"@type\":\"ListItem\",\"position\":2,\"name\":\"Shop\",\"item\":\"https:\\\/\\\/dianasilver.com\\\/en\\\/shop\\\/\"},{\"@type\":\"ListItem\",\"position\":3,\"name\":\"Bead set &#8211; AG 925 sterling silver, rhodium plated, white cubic zirconia stones (without chain)\"}]},{\"@type\":\"WebSite\",\"@id\":\"https:\\\/\\\/dianasilver.com\\\/en\\\/#website\",\"url\":\"https:\\\/\\\/dianasilver.com\\\/en\\\/\",\"name\":\"Diana Silver\",\"description\":\"Tedd t\u00f6k\u00e9letesebb\u00e9 mindennapjaid a Diana Silver \u00e9kszereivel.\",\"publisher\":{\"@id\":\"https:\\\/\\\/dianasilver.com\\\/en\\\/#organization\"},\"alternateName\":\"Ez\u00fcst \u00c9kszer Web\u00e1ruh\u00e1z\",\"potentialAction\":[{\"@type\":\"SearchAction\",\"target\":{\"@type\":\"EntryPoint\",\"urlTemplate\":\"https:\\\/\\\/dianasilver.com\\\/en\\\/?s={search_term_string}\"},\"query-input\":{\"@type\":\"PropertyValueSpecification\",\"valueRequired\":true,\"valueName\":\"search_term_string\"}}],\"inLanguage\":\"en-US\"},{\"@type\":\"Organization\",\"@id\":\"https:\\\/\\\/dianasilver.com\\\/en\\\/#organization\",\"name\":\"Diana Silver\",\"url\":\"https:\\\/\\\/dianasilver.com\\\/en\\\/\",\"logo\":{\"@type\":\"ImageObject\",\"inLanguage\":\"en-US\",\"@id\":\"https:\\\/\\\/dianasilver.com\\\/en\\\/#\\\/schema\\\/logo\\\/image\\\/\",\"url\":\"https:\\\/\\\/dianasilver.com\\\/wp-content\\\/uploads\\\/2022\\\/08\\\/ezust-feher-1-koves-buttonos-stekkeres-fulbevalo-42.webp\",\"contentUrl\":\"https:\\\/\\\/dianasilver.com\\\/wp-content\\\/uploads\\\/2022\\\/08\\\/ezust-feher-1-koves-buttonos-stekkeres-fulbevalo-42.webp\",\"width\":300,\"height\":154,\"caption\":\"Diana Silver\"},\"image\":{\"@id\":\"https:\\\/\\\/dianasilver.com\\\/en\\\/#\\\/schema\\\/logo\\\/image\\\/\"},\"sameAs\":[\"https:\\\/\\\/www.facebook.com\\\/profile.php?id=100027231325117\"]}]}<\/script>\n<!-- \/ Yoast SEO plugin. -->","yoast_head_json":{"title":"Bead set - AG 925 sterling silver, rhodium plated, white cubic zirconia stones (without chain) | Diana Silver","description":"Fedezd fel a leny\u0171g\u00f6z\u0151 Bead set - AG 925 sterling silver, rhodium plated, white cubic zirconia stones (without chain) \u00e9kszer\u00fcnket. T\u00f6k\u00e9letes kieg\u00e9sz\u00edt\u0151 mindennapi viselethez \u00e9s k\u00fcl\u00f6nleges alkalmakra egyar\u00e1nt. Rendeld meg most!","robots":{"index":"index","follow":"follow","max-snippet":"max-snippet:-1","max-image-preview":"max-image-preview:large","max-video-preview":"max-video-preview:-1"},"canonical":"https:\/\/dianasilver.com\/en\/termek\/bead-set-ag-925-sterling-silver-rhodium-plated-white-cubic-zirconia-stones-without-chain\/","og_locale":"en_US","og_type":"article","og_title":"Bead set - AG 925 sterling silver, rhodium plated, white cubic zirconia stones (without chain) | Diana Silver","og_description":"Fedezd fel a leny\u0171g\u00f6z\u0151 Bead set - AG 925 sterling silver, rhodium plated, white cubic zirconia stones (without chain) \u00e9kszer\u00fcnket. T\u00f6k\u00e9letes kieg\u00e9sz\u00edt\u0151 mindennapi viselethez \u00e9s k\u00fcl\u00f6nleges alkalmakra egyar\u00e1nt. Rendeld meg most!","og_url":"https:\/\/dianasilver.com\/en\/termek\/bead-set-ag-925-sterling-silver-rhodium-plated-white-cubic-zirconia-stones-without-chain\/","og_site_name":"Diana Silver","article_publisher":"https:\/\/www.facebook.com\/profile.php?id=100027231325117","article_modified_time":"2026-01-16T15:56:28+00:00","og_image":[{"width":1340,"height":1785,"url":"https:\/\/dianasilver.com\/wp-content\/uploads\/2025\/12\/Gyongy-ekszerszett-_2.jpg","type":"image\/jpeg"}],"twitter_card":"summary_large_image","twitter_misc":{"Est. reading time":"1 minute"},"schema":{"@context":"https:\/\/schema.org","@graph":[{"@type":"WebPage","@id":"https:\/\/dianasilver.com\/en\/termek\/bead-set-ag-925-sterling-silver-rhodium-plated-white-cubic-zirconia-stones-without-chain\/","url":"https:\/\/dianasilver.com\/en\/termek\/bead-set-ag-925-sterling-silver-rhodium-plated-white-cubic-zirconia-stones-without-chain\/","name":"Bead set - AG 925 sterling silver, rhodium plated, white cubic zirconia stones (without chain) | Diana Silver","isPartOf":{"@id":"https:\/\/dianasilver.com\/en\/#website"},"primaryImageOfPage":{"@id":"https:\/\/dianasilver.com\/en\/termek\/bead-set-ag-925-sterling-silver-rhodium-plated-white-cubic-zirconia-stones-without-chain\/#primaryimage"},"image":{"@id":"https:\/\/dianasilver.com\/en\/termek\/bead-set-ag-925-sterling-silver-rhodium-plated-white-cubic-zirconia-stones-without-chain\/#primaryimage"},"thumbnailUrl":"https:\/\/dianasilver.com\/wp-content\/uploads\/2025\/12\/Gyongy-ekszerszett-_2.jpg","datePublished":"2025-12-07T11:13:16+00:00","dateModified":"2026-01-16T15:56:28+00:00","description":"Fedezd fel a leny\u0171g\u00f6z\u0151 Bead set - AG 925 sterling silver, rhodium plated, white cubic zirconia stones (without chain) \u00e9kszer\u00fcnket. T\u00f6k\u00e9letes kieg\u00e9sz\u00edt\u0151 mindennapi viselethez \u00e9s k\u00fcl\u00f6nleges alkalmakra egyar\u00e1nt. Rendeld meg most!","breadcrumb":{"@id":"https:\/\/dianasilver.com\/en\/termek\/bead-set-ag-925-sterling-silver-rhodium-plated-white-cubic-zirconia-stones-without-chain\/#breadcrumb"},"inLanguage":"en-US","potentialAction":[{"@type":"ReadAction","target":["https:\/\/dianasilver.com\/en\/termek\/bead-set-ag-925-sterling-silver-rhodium-plated-white-cubic-zirconia-stones-without-chain\/"]}]},{"@type":"ImageObject","inLanguage":"en-US","@id":"https:\/\/dianasilver.com\/en\/termek\/bead-set-ag-925-sterling-silver-rhodium-plated-white-cubic-zirconia-stones-without-chain\/#primaryimage","url":"https:\/\/dianasilver.com\/wp-content\/uploads\/2025\/12\/Gyongy-ekszerszett-_2.jpg","contentUrl":"https:\/\/dianasilver.com\/wp-content\/uploads\/2025\/12\/Gyongy-ekszerszett-_2.jpg","width":1340,"height":1785},{"@type":"BreadcrumbList","@id":"https:\/\/dianasilver.com\/en\/termek\/bead-set-ag-925-sterling-silver-rhodium-plated-white-cubic-zirconia-stones-without-chain\/#breadcrumb","itemListElement":[{"@type":"ListItem","position":1,"name":"Kezd\u0151lap","item":"https:\/\/dianasilver.com\/en\/diana-silver-silver-jewellery-webshop\/"},{"@type":"ListItem","position":2,"name":"Shop","item":"https:\/\/dianasilver.com\/en\/shop\/"},{"@type":"ListItem","position":3,"name":"Bead set &#8211; AG 925 sterling silver, rhodium plated, white cubic zirconia stones (without chain)"}]},{"@type":"WebSite","@id":"https:\/\/dianasilver.com\/en\/#website","url":"https:\/\/dianasilver.com\/en\/","name":"Diana Silver","description":"Tedd t\u00f6k\u00e9letesebb\u00e9 mindennapjaid a Diana Silver \u00e9kszereivel.","publisher":{"@id":"https:\/\/dianasilver.com\/en\/#organization"},"alternateName":"Ez\u00fcst \u00c9kszer Web\u00e1ruh\u00e1z","potentialAction":[{"@type":"SearchAction","target":{"@type":"EntryPoint","urlTemplate":"https:\/\/dianasilver.com\/en\/?s={search_term_string}"},"query-input":{"@type":"PropertyValueSpecification","valueRequired":true,"valueName":"search_term_string"}}],"inLanguage":"en-US"},{"@type":"Organization","@id":"https:\/\/dianasilver.com\/en\/#organization","name":"Diana Silver","url":"https:\/\/dianasilver.com\/en\/","logo":{"@type":"ImageObject","inLanguage":"en-US","@id":"https:\/\/dianasilver.com\/en\/#\/schema\/logo\/image\/","url":"https:\/\/dianasilver.com\/wp-content\/uploads\/2022\/08\/ezust-feher-1-koves-buttonos-stekkeres-fulbevalo-42.webp","contentUrl":"https:\/\/dianasilver.com\/wp-content\/uploads\/2022\/08\/ezust-feher-1-koves-buttonos-stekkeres-fulbevalo-42.webp","width":300,"height":154,"caption":"Diana Silver"},"image":{"@id":"https:\/\/dianasilver.com\/en\/#\/schema\/logo\/image\/"},"sameAs":["https:\/\/www.facebook.com\/profile.php?id=100027231325117"]}]}},"_links":{"self":[{"href":"https:\/\/dianasilver.com\/en\/wp-json\/wp\/v2\/product\/116942","targetHints":{"allow":["GET"]}}],"collection":[{"href":"https:\/\/dianasilver.com\/en\/wp-json\/wp\/v2\/product"}],"about":[{"href":"https:\/\/dianasilver.com\/en\/wp-json\/wp\/v2\/types\/product"}],"version-history":[{"count":0,"href":"https:\/\/dianasilver.com\/en\/wp-json\/wp\/v2\/product\/116942\/revisions"}],"wp:featuredmedia":[{"embeddable":true,"href":"https:\/\/dianasilver.com\/en\/wp-json\/wp\/v2\/media\/116774"}],"wp:attachment":[{"href":"https:\/\/dianasilver.com\/en\/wp-json\/wp\/v2\/media?parent=116942"}],"wp:term":[{"taxonomy":"product_brand","embeddable":true,"href":"https:\/\/dianasilver.com\/en\/wp-json\/wp\/v2\/product_brand?post=116942"},{"taxonomy":"product_cat","embeddable":true,"href":"https:\/\/dianasilver.com\/en\/wp-json\/wp\/v2\/product_cat?post=116942"},{"taxonomy":"product_tag","embeddable":true,"href":"https:\/\/dianasilver.com\/en\/wp-json\/wp\/v2\/product_tag?post=116942"}],"curies":[{"name":"wp","href":"https:\/\/api.w.org\/{rel}","templated":true}]}}