{"id":113123,"date":"2025-05-27T16:12:28","date_gmt":"2025-05-27T14:12:28","guid":{"rendered":"https:\/\/dianasilver.hu\/termek\/silver-ring-with-white-cubic-zirconia-stones-2\/"},"modified":"2026-01-16T17:37:54","modified_gmt":"2026-01-16T16:37:54","slug":"silver-ring-with-white-cubic-zirconia-stones-2","status":"publish","type":"product","link":"https:\/\/dianasilver.com\/en\/termek\/silver-ring-with-white-cubic-zirconia-stones-2\/","title":{"rendered":"Silver ring with white cubic zirconia stones"},"content":{"rendered":"<h2 data-start=\"304\" data-end=\"650\">Silver ring with shimmering cubic zirconia stones &#8211; for subtle elegance<\/h2>\n<p data-start=\"304\" data-end=\"650\">This ring is enchanting not only with the dazzling cubic zirconia stone in the centre, but also with the delicately placed stones on the shank of the ring, which further enhance the beauty of the central stone. AG 925 silver base material and rhodium plating ensure long-lasting shine and durability.<\/p>\n<p data-start=\"652\" data-end=\"677\">\ud83d\udc8e <strong data-start=\"655\" data-end=\"675\">What does it symbolise?<\/strong><\/p>\n<ul data-start=\"678\" data-end=\"851\">\n<li data-start=\"678\" data-end=\"719\">\n<p data-start=\"680\" data-end=\"719\">A symbol of brilliance and purity.<\/p>\n<\/li>\n<li data-start=\"720\" data-end=\"768\">\n<p data-start=\"722\" data-end=\"768\">It gives a sophisticated and elegant look.<\/p>\n<\/li>\n<li data-start=\"769\" data-end=\"851\">\n<p data-start=\"771\" data-end=\"851\">The central zirconia stone puts the wearer in the centre of focus and attention.<\/p>\n<\/li>\n<\/ul>\n<p data-start=\"853\" data-end=\"888\">\u2728 <strong data-start=\"855\" data-end=\"886\">Why choose this ring?<\/strong><\/p>\n<ul data-start=\"889\" data-end=\"1107\">\n<li data-start=\"889\" data-end=\"951\">\n<p data-start=\"891\" data-end=\"951\">High quality AG 925 silver material with rhodium plating.<\/p>\n<\/li>\n<li data-start=\"952\" data-end=\"1009\">\n<p data-start=\"954\" data-end=\"1009\">Brilliant central zirconia stone and tiny stones decoration.<\/p>\n<\/li>\n<li data-start=\"1010\" data-end=\"1042\">\n<p data-start=\"1012\" data-end=\"1042\">Fine, elegant lines.<\/p>\n<\/li>\n<li data-start=\"1043\" data-end=\"1107\">\n<p data-start=\"1045\" data-end=\"1107\">Perfect for everyday wear and special occasions.<\/p>\n<\/li>\n<\/ul>\n<p data-start=\"1109\" data-end=\"1214\" data-is-last-node=\"\" data-is-only-node=\"\">\ud83c\udf81 Give yourself or a loved one the gift of this beautiful ring that will adorn every hand movement! \ud83d\ude0a\u2728<\/p>\n","protected":false},"excerpt":{"rendered":"<p>A graceful and elegant ring that combines the harmony of fine craftsmanship and brilliant cubic zirconia stones. Perfect for everyday wear or special occasions. \u2728<\/p>\n","protected":false},"featured_media":104208,"template":"","meta":{"_acf_changed":false},"product_brand":[],"product_cat":[545],"product_tag":[692],"class_list":{"0":"post-113123","1":"product","2":"type-product","3":"status-publish","4":"has-post-thumbnail","6":"product_cat-silver-ring","7":"product_tag-silver-jewelry-for-women","8":"description-off","10":"first","11":"instock","12":"sale","13":"taxable","14":"shipping-taxable","15":"purchasable","16":"product-type-variable"},"acf":[],"yoast_head":"<!-- This site is optimized with the Yoast SEO plugin v27.4 - https:\/\/yoast.com\/product\/yoast-seo-wordpress\/ -->\n<title>Silver ring with white cubic zirconia stones | Diana Silver<\/title>\n<meta name=\"description\" content=\"Fedezd fel a leny\u0171g\u00f6z\u0151 Silver ring with white cubic zirconia stones \u00e9kszer\u00fcnket. T\u00f6k\u00e9letes kieg\u00e9sz\u00edt\u0151 mindennapi viselethez \u00e9s k\u00fcl\u00f6nleges alkalmakra egyar\u00e1nt. Rendeld meg most!\" \/>\n<meta name=\"robots\" content=\"index, follow, max-snippet:-1, max-image-preview:large, max-video-preview:-1\" \/>\n<link rel=\"canonical\" href=\"https:\/\/dianasilver.com\/en\/termek\/silver-ring-with-white-cubic-zirconia-stones-2\/\" \/>\n<meta property=\"og:locale\" content=\"en_US\" \/>\n<meta property=\"og:type\" content=\"article\" \/>\n<meta property=\"og:title\" content=\"Silver ring with white cubic zirconia stones | Diana Silver\" \/>\n<meta property=\"og:description\" content=\"Fedezd fel a leny\u0171g\u00f6z\u0151 Silver ring with white cubic zirconia stones \u00e9kszer\u00fcnket. T\u00f6k\u00e9letes kieg\u00e9sz\u00edt\u0151 mindennapi viselethez \u00e9s k\u00fcl\u00f6nleges alkalmakra egyar\u00e1nt. Rendeld meg most!\" \/>\n<meta property=\"og:url\" content=\"https:\/\/dianasilver.com\/en\/termek\/silver-ring-with-white-cubic-zirconia-stones-2\/\" \/>\n<meta property=\"og:site_name\" content=\"Diana Silver\" \/>\n<meta property=\"article:publisher\" content=\"https:\/\/www.facebook.com\/profile.php?id=100027231325117\" \/>\n<meta property=\"article:modified_time\" content=\"2026-01-16T16:37:54+00:00\" \/>\n<meta property=\"og:image\" content=\"https:\/\/dianasilver.com\/wp-content\/uploads\/2025\/05\/Ezust-gyuru-apro-cirkonia-kovekkel-es-kozponti-ragyogo-kovel_4.jpg\" \/>\n\t<meta property=\"og:image:width\" content=\"1350\" \/>\n\t<meta property=\"og:image:height\" content=\"1800\" \/>\n\t<meta property=\"og:image:type\" content=\"image\/jpeg\" \/>\n<meta name=\"twitter:card\" content=\"summary_large_image\" \/>\n<meta name=\"twitter:label1\" content=\"Est. reading time\" \/>\n\t<meta name=\"twitter:data1\" content=\"1 minute\" \/>\n<script type=\"application\/ld+json\" class=\"yoast-schema-graph\">{\"@context\":\"https:\\\/\\\/schema.org\",\"@graph\":[{\"@type\":\"WebPage\",\"@id\":\"https:\\\/\\\/dianasilver.com\\\/en\\\/termek\\\/silver-ring-with-white-cubic-zirconia-stones-2\\\/\",\"url\":\"https:\\\/\\\/dianasilver.com\\\/en\\\/termek\\\/silver-ring-with-white-cubic-zirconia-stones-2\\\/\",\"name\":\"Silver ring with white cubic zirconia stones | Diana Silver\",\"isPartOf\":{\"@id\":\"https:\\\/\\\/dianasilver.com\\\/en\\\/#website\"},\"primaryImageOfPage\":{\"@id\":\"https:\\\/\\\/dianasilver.com\\\/en\\\/termek\\\/silver-ring-with-white-cubic-zirconia-stones-2\\\/#primaryimage\"},\"image\":{\"@id\":\"https:\\\/\\\/dianasilver.com\\\/en\\\/termek\\\/silver-ring-with-white-cubic-zirconia-stones-2\\\/#primaryimage\"},\"thumbnailUrl\":\"https:\\\/\\\/dianasilver.com\\\/wp-content\\\/uploads\\\/2025\\\/05\\\/Ezust-gyuru-apro-cirkonia-kovekkel-es-kozponti-ragyogo-kovel_4.jpg\",\"datePublished\":\"2025-05-27T14:12:28+00:00\",\"dateModified\":\"2026-01-16T16:37:54+00:00\",\"description\":\"Fedezd fel a leny\u0171g\u00f6z\u0151 Silver ring with white cubic zirconia stones \u00e9kszer\u00fcnket. T\u00f6k\u00e9letes kieg\u00e9sz\u00edt\u0151 mindennapi viselethez \u00e9s k\u00fcl\u00f6nleges alkalmakra egyar\u00e1nt. Rendeld meg most!\",\"breadcrumb\":{\"@id\":\"https:\\\/\\\/dianasilver.com\\\/en\\\/termek\\\/silver-ring-with-white-cubic-zirconia-stones-2\\\/#breadcrumb\"},\"inLanguage\":\"en-US\",\"potentialAction\":[{\"@type\":\"ReadAction\",\"target\":[\"https:\\\/\\\/dianasilver.com\\\/en\\\/termek\\\/silver-ring-with-white-cubic-zirconia-stones-2\\\/\"]}]},{\"@type\":\"ImageObject\",\"inLanguage\":\"en-US\",\"@id\":\"https:\\\/\\\/dianasilver.com\\\/en\\\/termek\\\/silver-ring-with-white-cubic-zirconia-stones-2\\\/#primaryimage\",\"url\":\"https:\\\/\\\/dianasilver.com\\\/wp-content\\\/uploads\\\/2025\\\/05\\\/Ezust-gyuru-apro-cirkonia-kovekkel-es-kozponti-ragyogo-kovel_4.jpg\",\"contentUrl\":\"https:\\\/\\\/dianasilver.com\\\/wp-content\\\/uploads\\\/2025\\\/05\\\/Ezust-gyuru-apro-cirkonia-kovekkel-es-kozponti-ragyogo-kovel_4.jpg\",\"width\":1350,\"height\":1800},{\"@type\":\"BreadcrumbList\",\"@id\":\"https:\\\/\\\/dianasilver.com\\\/en\\\/termek\\\/silver-ring-with-white-cubic-zirconia-stones-2\\\/#breadcrumb\",\"itemListElement\":[{\"@type\":\"ListItem\",\"position\":1,\"name\":\"Kezd\u0151lap\",\"item\":\"https:\\\/\\\/dianasilver.com\\\/en\\\/diana-silver-silver-jewellery-webshop\\\/\"},{\"@type\":\"ListItem\",\"position\":2,\"name\":\"Shop\",\"item\":\"https:\\\/\\\/dianasilver.com\\\/en\\\/shop\\\/\"},{\"@type\":\"ListItem\",\"position\":3,\"name\":\"Silver ring with white cubic zirconia stones\"}]},{\"@type\":\"WebSite\",\"@id\":\"https:\\\/\\\/dianasilver.com\\\/en\\\/#website\",\"url\":\"https:\\\/\\\/dianasilver.com\\\/en\\\/\",\"name\":\"Diana Silver\",\"description\":\"Tedd t\u00f6k\u00e9letesebb\u00e9 mindennapjaid a Diana Silver \u00e9kszereivel.\",\"publisher\":{\"@id\":\"https:\\\/\\\/dianasilver.com\\\/en\\\/#organization\"},\"alternateName\":\"Ez\u00fcst \u00c9kszer Web\u00e1ruh\u00e1z\",\"potentialAction\":[{\"@type\":\"SearchAction\",\"target\":{\"@type\":\"EntryPoint\",\"urlTemplate\":\"https:\\\/\\\/dianasilver.com\\\/en\\\/?s={search_term_string}\"},\"query-input\":{\"@type\":\"PropertyValueSpecification\",\"valueRequired\":true,\"valueName\":\"search_term_string\"}}],\"inLanguage\":\"en-US\"},{\"@type\":\"Organization\",\"@id\":\"https:\\\/\\\/dianasilver.com\\\/en\\\/#organization\",\"name\":\"Diana Silver\",\"url\":\"https:\\\/\\\/dianasilver.com\\\/en\\\/\",\"logo\":{\"@type\":\"ImageObject\",\"inLanguage\":\"en-US\",\"@id\":\"https:\\\/\\\/dianasilver.com\\\/en\\\/#\\\/schema\\\/logo\\\/image\\\/\",\"url\":\"https:\\\/\\\/dianasilver.com\\\/wp-content\\\/uploads\\\/2022\\\/08\\\/ezust-feher-1-koves-buttonos-stekkeres-fulbevalo-42.webp\",\"contentUrl\":\"https:\\\/\\\/dianasilver.com\\\/wp-content\\\/uploads\\\/2022\\\/08\\\/ezust-feher-1-koves-buttonos-stekkeres-fulbevalo-42.webp\",\"width\":300,\"height\":154,\"caption\":\"Diana Silver\"},\"image\":{\"@id\":\"https:\\\/\\\/dianasilver.com\\\/en\\\/#\\\/schema\\\/logo\\\/image\\\/\"},\"sameAs\":[\"https:\\\/\\\/www.facebook.com\\\/profile.php?id=100027231325117\"]}]}<\/script>\n<!-- \/ Yoast SEO plugin. -->","yoast_head_json":{"title":"Silver ring with white cubic zirconia stones | Diana Silver","description":"Fedezd fel a leny\u0171g\u00f6z\u0151 Silver ring with white cubic zirconia stones \u00e9kszer\u00fcnket. T\u00f6k\u00e9letes kieg\u00e9sz\u00edt\u0151 mindennapi viselethez \u00e9s k\u00fcl\u00f6nleges alkalmakra egyar\u00e1nt. Rendeld meg most!","robots":{"index":"index","follow":"follow","max-snippet":"max-snippet:-1","max-image-preview":"max-image-preview:large","max-video-preview":"max-video-preview:-1"},"canonical":"https:\/\/dianasilver.com\/en\/termek\/silver-ring-with-white-cubic-zirconia-stones-2\/","og_locale":"en_US","og_type":"article","og_title":"Silver ring with white cubic zirconia stones | Diana Silver","og_description":"Fedezd fel a leny\u0171g\u00f6z\u0151 Silver ring with white cubic zirconia stones \u00e9kszer\u00fcnket. T\u00f6k\u00e9letes kieg\u00e9sz\u00edt\u0151 mindennapi viselethez \u00e9s k\u00fcl\u00f6nleges alkalmakra egyar\u00e1nt. Rendeld meg most!","og_url":"https:\/\/dianasilver.com\/en\/termek\/silver-ring-with-white-cubic-zirconia-stones-2\/","og_site_name":"Diana Silver","article_publisher":"https:\/\/www.facebook.com\/profile.php?id=100027231325117","article_modified_time":"2026-01-16T16:37:54+00:00","og_image":[{"width":1350,"height":1800,"url":"https:\/\/dianasilver.com\/wp-content\/uploads\/2025\/05\/Ezust-gyuru-apro-cirkonia-kovekkel-es-kozponti-ragyogo-kovel_4.jpg","type":"image\/jpeg"}],"twitter_card":"summary_large_image","twitter_misc":{"Est. reading time":"1 minute"},"schema":{"@context":"https:\/\/schema.org","@graph":[{"@type":"WebPage","@id":"https:\/\/dianasilver.com\/en\/termek\/silver-ring-with-white-cubic-zirconia-stones-2\/","url":"https:\/\/dianasilver.com\/en\/termek\/silver-ring-with-white-cubic-zirconia-stones-2\/","name":"Silver ring with white cubic zirconia stones | Diana Silver","isPartOf":{"@id":"https:\/\/dianasilver.com\/en\/#website"},"primaryImageOfPage":{"@id":"https:\/\/dianasilver.com\/en\/termek\/silver-ring-with-white-cubic-zirconia-stones-2\/#primaryimage"},"image":{"@id":"https:\/\/dianasilver.com\/en\/termek\/silver-ring-with-white-cubic-zirconia-stones-2\/#primaryimage"},"thumbnailUrl":"https:\/\/dianasilver.com\/wp-content\/uploads\/2025\/05\/Ezust-gyuru-apro-cirkonia-kovekkel-es-kozponti-ragyogo-kovel_4.jpg","datePublished":"2025-05-27T14:12:28+00:00","dateModified":"2026-01-16T16:37:54+00:00","description":"Fedezd fel a leny\u0171g\u00f6z\u0151 Silver ring with white cubic zirconia stones \u00e9kszer\u00fcnket. T\u00f6k\u00e9letes kieg\u00e9sz\u00edt\u0151 mindennapi viselethez \u00e9s k\u00fcl\u00f6nleges alkalmakra egyar\u00e1nt. Rendeld meg most!","breadcrumb":{"@id":"https:\/\/dianasilver.com\/en\/termek\/silver-ring-with-white-cubic-zirconia-stones-2\/#breadcrumb"},"inLanguage":"en-US","potentialAction":[{"@type":"ReadAction","target":["https:\/\/dianasilver.com\/en\/termek\/silver-ring-with-white-cubic-zirconia-stones-2\/"]}]},{"@type":"ImageObject","inLanguage":"en-US","@id":"https:\/\/dianasilver.com\/en\/termek\/silver-ring-with-white-cubic-zirconia-stones-2\/#primaryimage","url":"https:\/\/dianasilver.com\/wp-content\/uploads\/2025\/05\/Ezust-gyuru-apro-cirkonia-kovekkel-es-kozponti-ragyogo-kovel_4.jpg","contentUrl":"https:\/\/dianasilver.com\/wp-content\/uploads\/2025\/05\/Ezust-gyuru-apro-cirkonia-kovekkel-es-kozponti-ragyogo-kovel_4.jpg","width":1350,"height":1800},{"@type":"BreadcrumbList","@id":"https:\/\/dianasilver.com\/en\/termek\/silver-ring-with-white-cubic-zirconia-stones-2\/#breadcrumb","itemListElement":[{"@type":"ListItem","position":1,"name":"Kezd\u0151lap","item":"https:\/\/dianasilver.com\/en\/diana-silver-silver-jewellery-webshop\/"},{"@type":"ListItem","position":2,"name":"Shop","item":"https:\/\/dianasilver.com\/en\/shop\/"},{"@type":"ListItem","position":3,"name":"Silver ring with white cubic zirconia stones"}]},{"@type":"WebSite","@id":"https:\/\/dianasilver.com\/en\/#website","url":"https:\/\/dianasilver.com\/en\/","name":"Diana Silver","description":"Tedd t\u00f6k\u00e9letesebb\u00e9 mindennapjaid a Diana Silver \u00e9kszereivel.","publisher":{"@id":"https:\/\/dianasilver.com\/en\/#organization"},"alternateName":"Ez\u00fcst \u00c9kszer Web\u00e1ruh\u00e1z","potentialAction":[{"@type":"SearchAction","target":{"@type":"EntryPoint","urlTemplate":"https:\/\/dianasilver.com\/en\/?s={search_term_string}"},"query-input":{"@type":"PropertyValueSpecification","valueRequired":true,"valueName":"search_term_string"}}],"inLanguage":"en-US"},{"@type":"Organization","@id":"https:\/\/dianasilver.com\/en\/#organization","name":"Diana Silver","url":"https:\/\/dianasilver.com\/en\/","logo":{"@type":"ImageObject","inLanguage":"en-US","@id":"https:\/\/dianasilver.com\/en\/#\/schema\/logo\/image\/","url":"https:\/\/dianasilver.com\/wp-content\/uploads\/2022\/08\/ezust-feher-1-koves-buttonos-stekkeres-fulbevalo-42.webp","contentUrl":"https:\/\/dianasilver.com\/wp-content\/uploads\/2022\/08\/ezust-feher-1-koves-buttonos-stekkeres-fulbevalo-42.webp","width":300,"height":154,"caption":"Diana Silver"},"image":{"@id":"https:\/\/dianasilver.com\/en\/#\/schema\/logo\/image\/"},"sameAs":["https:\/\/www.facebook.com\/profile.php?id=100027231325117"]}]}},"_links":{"self":[{"href":"https:\/\/dianasilver.com\/en\/wp-json\/wp\/v2\/product\/113123","targetHints":{"allow":["GET"]}}],"collection":[{"href":"https:\/\/dianasilver.com\/en\/wp-json\/wp\/v2\/product"}],"about":[{"href":"https:\/\/dianasilver.com\/en\/wp-json\/wp\/v2\/types\/product"}],"version-history":[{"count":0,"href":"https:\/\/dianasilver.com\/en\/wp-json\/wp\/v2\/product\/113123\/revisions"}],"wp:featuredmedia":[{"embeddable":true,"href":"https:\/\/dianasilver.com\/en\/wp-json\/wp\/v2\/media\/104208"}],"wp:attachment":[{"href":"https:\/\/dianasilver.com\/en\/wp-json\/wp\/v2\/media?parent=113123"}],"wp:term":[{"taxonomy":"product_brand","embeddable":true,"href":"https:\/\/dianasilver.com\/en\/wp-json\/wp\/v2\/product_brand?post=113123"},{"taxonomy":"product_cat","embeddable":true,"href":"https:\/\/dianasilver.com\/en\/wp-json\/wp\/v2\/product_cat?post=113123"},{"taxonomy":"product_tag","embeddable":true,"href":"https:\/\/dianasilver.com\/en\/wp-json\/wp\/v2\/product_tag?post=113123"}],"curies":[{"name":"wp","href":"https:\/\/api.w.org\/{rel}","templated":true}]}}