{"id":112813,"date":"2022-08-31T13:21:49","date_gmt":"2022-08-31T11:21:49","guid":{"rendered":"https:\/\/dianasilver.hu\/termek\/silver-chain-with-white-stone-hoop-and-integrated-pendant\/"},"modified":"2026-01-16T17:50:45","modified_gmt":"2026-01-16T16:50:45","slug":"silver-chain-with-white-stone-hoop-and-integrated-pendant","status":"publish","type":"product","link":"https:\/\/dianasilver.com\/en\/termek\/silver-chain-with-white-stone-hoop-and-integrated-pendant\/","title":{"rendered":"Silver chain with white stone hoop and integrated pendant"},"content":{"rendered":"<h2 data-start=\"274\" data-end=\"389\">\ud83d\udc8e <strong data-start=\"310\" data-end=\"387\">Silver chain with white stone circle with built-in pendant &#8211; the eternal symbol of the circle<\/strong><\/h2>\n<p data-start=\"391\" data-end=\"812\">This <strong data-start=\"396\" data-end=\"433\">minimalist and elegant silver chain<\/strong> features a built-in <strong data-start=\"444\" data-end=\"469\">hoop-shaped pendant<\/strong> adorned with delicately sparkling <strong data-start=\"504\" data-end=\"528\">white cubic zirconia stones<\/strong>. The <strong data-start=\"543\" data-end=\"559\">hoop shape<\/strong> is a symbol of eternity and unity, the perfect expression of refined taste. The <strong data-start=\"649\" data-end=\"675\">AG 925 silver base material<\/strong> and <strong data-start=\"681\" data-end=\"699\">rhodium plating<\/strong> ensure the jewellery&#8217;s durability, protect against discolouration and maintain its shine over time.<\/p>\n<p data-start=\"814\" data-end=\"856\">\ud83d\udcab <strong data-start=\"817\" data-end=\"854\">What does the hoop motif symbolise?<\/strong><\/p>\n<ul data-start=\"857\" data-end=\"1044\">\n<li data-start=\"857\" data-end=\"905\">A symbol of <strong data-start=\"859\" data-end=\"894\">eternity and completeness<\/strong>.<\/li>\n<li data-start=\"906\" data-end=\"956\">The embodiment of <strong data-start=\"908\" data-end=\"938\">balance and harmony<\/strong>.<\/li>\n<li data-start=\"957\" data-end=\"1044\">It is <strong data-start=\"959\" data-end=\"994\">a symbol of the infinite cycle<\/strong> that is relevant in every situation in life.<\/li>\n<\/ul>\n<p data-start=\"1046\" data-end=\"1083\">\u2728 <strong data-start=\"1048\" data-end=\"1081\">Why choose this jewellery?<\/strong><\/p>\n<ul data-start=\"1084\" data-end=\"1372\">\n<li data-start=\"1084\" data-end=\"1169\"><strong data-start=\"1086\" data-end=\"1106\">Premium quality:<\/strong> <strong data-start=\"1107\" data-end=\"1142\">AG 925 silver with rhodium plating<\/strong> for long-lasting shine.<\/li>\n<li data-start=\"1170\" data-end=\"1228\"><strong data-start=\"1172\" data-end=\"1197\">Elegant hoop shape:<\/strong> clean and modern design.<\/li>\n<li data-start=\"1229\" data-end=\"1299\"><strong data-start=\"1231\" data-end=\"1265\">Sparkling white cubic zirconia stones:<\/strong> a subtle glow for everyday use.<\/li>\n<li data-start=\"1300\" data-end=\"1372\"><strong data-start=\"1302\" data-end=\"1322\">Built-in pendant:<\/strong> Comfortable to wear and always stays in place.<\/li>\n<\/ul>\n<p data-start=\"1374\" data-end=\"1548\">\ud83c\udf81 The <strong data-start=\"1377\" data-end=\"1430\">perfect gift for that special someone!<\/strong><br data-start=\"1430\" data-end=\"1433\">This silver necklace is the perfect combination of simplicity and modern elegance, perfect for any occasion.<\/p>\n<p data-start=\"1550\" data-end=\"1616\" data-is-last-node=\"\">\ud83d\udcab O <strong data-start=\"1553\" data-end=\"1614\">rder now and wear the symbol of eternity!<\/strong> \u2728<\/p>\n","protected":false},"excerpt":{"rendered":"<p>\ud83d\udc8e <strong data-start=\"35\" data-end=\"127\">Silver chain with white stone hoop pendant &#8211; modern elegance in a single piece of jewellery<\/strong><br data-start=\"127\" data-end=\"130\">The sophisticated <strong data-start=\"143\" data-end=\"161\">hoop motif<\/strong> adorned with brilliant white cubic zirconia stones is the perfect combination of simplicity and timeless style.<\/p>\n","protected":false},"featured_media":96427,"template":"","meta":{"_acf_changed":false},"product_brand":[],"product_cat":[680],"product_tag":[692],"class_list":{"0":"post-112813","1":"product","2":"type-product","3":"status-publish","4":"has-post-thumbnail","6":"product_cat-silver-necklace-with-pendant","7":"product_tag-silver-jewelry-for-women","8":"description-off","10":"first","11":"instock","12":"taxable","13":"shipping-taxable","14":"purchasable","15":"product-type-simple"},"acf":[],"yoast_head":"<!-- This site is optimized with the Yoast SEO plugin v27.4 - https:\/\/yoast.com\/product\/yoast-seo-wordpress\/ -->\n<title>Silver chain with white stone hoop and integrated pendant | Diana Silver<\/title>\n<meta name=\"description\" content=\"Fedezd fel a leny\u0171g\u00f6z\u0151 Silver chain with white stone hoop and integrated pendant \u00e9kszer\u00fcnket. T\u00f6k\u00e9letes kieg\u00e9sz\u00edt\u0151 mindennapi viselethez \u00e9s k\u00fcl\u00f6nleges alkalmakra egyar\u00e1nt. Rendeld meg most!\" \/>\n<meta name=\"robots\" content=\"index, follow, max-snippet:-1, max-image-preview:large, max-video-preview:-1\" \/>\n<link rel=\"canonical\" href=\"https:\/\/dianasilver.com\/en\/termek\/silver-chain-with-white-stone-hoop-and-integrated-pendant\/\" \/>\n<meta property=\"og:locale\" content=\"en_US\" \/>\n<meta property=\"og:type\" content=\"article\" \/>\n<meta property=\"og:title\" content=\"Silver chain with white stone hoop and integrated pendant | Diana Silver\" \/>\n<meta property=\"og:description\" content=\"Fedezd fel a leny\u0171g\u00f6z\u0151 Silver chain with white stone hoop and integrated pendant \u00e9kszer\u00fcnket. T\u00f6k\u00e9letes kieg\u00e9sz\u00edt\u0151 mindennapi viselethez \u00e9s k\u00fcl\u00f6nleges alkalmakra egyar\u00e1nt. Rendeld meg most!\" \/>\n<meta property=\"og:url\" content=\"https:\/\/dianasilver.com\/en\/termek\/silver-chain-with-white-stone-hoop-and-integrated-pendant\/\" \/>\n<meta property=\"og:site_name\" content=\"Diana Silver\" \/>\n<meta property=\"article:publisher\" content=\"https:\/\/www.facebook.com\/profile.php?id=100027231325117\" \/>\n<meta property=\"article:modified_time\" content=\"2026-01-16T16:50:45+00:00\" \/>\n<meta property=\"og:image\" content=\"https:\/\/dianasilver.com\/wp-content\/uploads\/2022\/08\/ezust-lanc-feher-koves-karikas-beepitett-medallal-1939.jpg\" \/>\n\t<meta property=\"og:image:width\" content=\"800\" \/>\n\t<meta property=\"og:image:height\" content=\"800\" \/>\n\t<meta property=\"og:image:type\" content=\"image\/jpeg\" \/>\n<meta name=\"twitter:card\" content=\"summary_large_image\" \/>\n<meta name=\"twitter:label1\" content=\"Est. reading time\" \/>\n\t<meta name=\"twitter:data1\" content=\"1 minute\" \/>\n<script type=\"application\/ld+json\" class=\"yoast-schema-graph\">{\"@context\":\"https:\\\/\\\/schema.org\",\"@graph\":[{\"@type\":\"WebPage\",\"@id\":\"https:\\\/\\\/dianasilver.com\\\/en\\\/termek\\\/silver-chain-with-white-stone-hoop-and-integrated-pendant\\\/\",\"url\":\"https:\\\/\\\/dianasilver.com\\\/en\\\/termek\\\/silver-chain-with-white-stone-hoop-and-integrated-pendant\\\/\",\"name\":\"Silver chain with white stone hoop and integrated pendant | Diana Silver\",\"isPartOf\":{\"@id\":\"https:\\\/\\\/dianasilver.com\\\/en\\\/#website\"},\"primaryImageOfPage\":{\"@id\":\"https:\\\/\\\/dianasilver.com\\\/en\\\/termek\\\/silver-chain-with-white-stone-hoop-and-integrated-pendant\\\/#primaryimage\"},\"image\":{\"@id\":\"https:\\\/\\\/dianasilver.com\\\/en\\\/termek\\\/silver-chain-with-white-stone-hoop-and-integrated-pendant\\\/#primaryimage\"},\"thumbnailUrl\":\"https:\\\/\\\/dianasilver.com\\\/wp-content\\\/uploads\\\/2022\\\/08\\\/ezust-lanc-feher-koves-karikas-beepitett-medallal-1939.jpg\",\"datePublished\":\"2022-08-31T11:21:49+00:00\",\"dateModified\":\"2026-01-16T16:50:45+00:00\",\"description\":\"Fedezd fel a leny\u0171g\u00f6z\u0151 Silver chain with white stone hoop and integrated pendant \u00e9kszer\u00fcnket. T\u00f6k\u00e9letes kieg\u00e9sz\u00edt\u0151 mindennapi viselethez \u00e9s k\u00fcl\u00f6nleges alkalmakra egyar\u00e1nt. Rendeld meg most!\",\"breadcrumb\":{\"@id\":\"https:\\\/\\\/dianasilver.com\\\/en\\\/termek\\\/silver-chain-with-white-stone-hoop-and-integrated-pendant\\\/#breadcrumb\"},\"inLanguage\":\"en-US\",\"potentialAction\":[{\"@type\":\"ReadAction\",\"target\":[\"https:\\\/\\\/dianasilver.com\\\/en\\\/termek\\\/silver-chain-with-white-stone-hoop-and-integrated-pendant\\\/\"]}]},{\"@type\":\"ImageObject\",\"inLanguage\":\"en-US\",\"@id\":\"https:\\\/\\\/dianasilver.com\\\/en\\\/termek\\\/silver-chain-with-white-stone-hoop-and-integrated-pendant\\\/#primaryimage\",\"url\":\"https:\\\/\\\/dianasilver.com\\\/wp-content\\\/uploads\\\/2022\\\/08\\\/ezust-lanc-feher-koves-karikas-beepitett-medallal-1939.jpg\",\"contentUrl\":\"https:\\\/\\\/dianasilver.com\\\/wp-content\\\/uploads\\\/2022\\\/08\\\/ezust-lanc-feher-koves-karikas-beepitett-medallal-1939.jpg\",\"width\":800,\"height\":800},{\"@type\":\"BreadcrumbList\",\"@id\":\"https:\\\/\\\/dianasilver.com\\\/en\\\/termek\\\/silver-chain-with-white-stone-hoop-and-integrated-pendant\\\/#breadcrumb\",\"itemListElement\":[{\"@type\":\"ListItem\",\"position\":1,\"name\":\"Kezd\u0151lap\",\"item\":\"https:\\\/\\\/dianasilver.com\\\/en\\\/diana-silver-silver-jewellery-webshop\\\/\"},{\"@type\":\"ListItem\",\"position\":2,\"name\":\"Shop\",\"item\":\"https:\\\/\\\/dianasilver.com\\\/en\\\/shop\\\/\"},{\"@type\":\"ListItem\",\"position\":3,\"name\":\"Silver chain with white stone hoop and integrated pendant\"}]},{\"@type\":\"WebSite\",\"@id\":\"https:\\\/\\\/dianasilver.com\\\/en\\\/#website\",\"url\":\"https:\\\/\\\/dianasilver.com\\\/en\\\/\",\"name\":\"Diana Silver\",\"description\":\"Tedd t\u00f6k\u00e9letesebb\u00e9 mindennapjaid a Diana Silver \u00e9kszereivel.\",\"publisher\":{\"@id\":\"https:\\\/\\\/dianasilver.com\\\/en\\\/#organization\"},\"alternateName\":\"Ez\u00fcst \u00c9kszer Web\u00e1ruh\u00e1z\",\"potentialAction\":[{\"@type\":\"SearchAction\",\"target\":{\"@type\":\"EntryPoint\",\"urlTemplate\":\"https:\\\/\\\/dianasilver.com\\\/en\\\/?s={search_term_string}\"},\"query-input\":{\"@type\":\"PropertyValueSpecification\",\"valueRequired\":true,\"valueName\":\"search_term_string\"}}],\"inLanguage\":\"en-US\"},{\"@type\":\"Organization\",\"@id\":\"https:\\\/\\\/dianasilver.com\\\/en\\\/#organization\",\"name\":\"Diana Silver\",\"url\":\"https:\\\/\\\/dianasilver.com\\\/en\\\/\",\"logo\":{\"@type\":\"ImageObject\",\"inLanguage\":\"en-US\",\"@id\":\"https:\\\/\\\/dianasilver.com\\\/en\\\/#\\\/schema\\\/logo\\\/image\\\/\",\"url\":\"https:\\\/\\\/dianasilver.com\\\/wp-content\\\/uploads\\\/2022\\\/08\\\/ezust-feher-1-koves-buttonos-stekkeres-fulbevalo-42.webp\",\"contentUrl\":\"https:\\\/\\\/dianasilver.com\\\/wp-content\\\/uploads\\\/2022\\\/08\\\/ezust-feher-1-koves-buttonos-stekkeres-fulbevalo-42.webp\",\"width\":300,\"height\":154,\"caption\":\"Diana Silver\"},\"image\":{\"@id\":\"https:\\\/\\\/dianasilver.com\\\/en\\\/#\\\/schema\\\/logo\\\/image\\\/\"},\"sameAs\":[\"https:\\\/\\\/www.facebook.com\\\/profile.php?id=100027231325117\"]}]}<\/script>\n<!-- \/ Yoast SEO plugin. -->","yoast_head_json":{"title":"Silver chain with white stone hoop and integrated pendant | Diana Silver","description":"Fedezd fel a leny\u0171g\u00f6z\u0151 Silver chain with white stone hoop and integrated pendant \u00e9kszer\u00fcnket. T\u00f6k\u00e9letes kieg\u00e9sz\u00edt\u0151 mindennapi viselethez \u00e9s k\u00fcl\u00f6nleges alkalmakra egyar\u00e1nt. Rendeld meg most!","robots":{"index":"index","follow":"follow","max-snippet":"max-snippet:-1","max-image-preview":"max-image-preview:large","max-video-preview":"max-video-preview:-1"},"canonical":"https:\/\/dianasilver.com\/en\/termek\/silver-chain-with-white-stone-hoop-and-integrated-pendant\/","og_locale":"en_US","og_type":"article","og_title":"Silver chain with white stone hoop and integrated pendant | Diana Silver","og_description":"Fedezd fel a leny\u0171g\u00f6z\u0151 Silver chain with white stone hoop and integrated pendant \u00e9kszer\u00fcnket. T\u00f6k\u00e9letes kieg\u00e9sz\u00edt\u0151 mindennapi viselethez \u00e9s k\u00fcl\u00f6nleges alkalmakra egyar\u00e1nt. Rendeld meg most!","og_url":"https:\/\/dianasilver.com\/en\/termek\/silver-chain-with-white-stone-hoop-and-integrated-pendant\/","og_site_name":"Diana Silver","article_publisher":"https:\/\/www.facebook.com\/profile.php?id=100027231325117","article_modified_time":"2026-01-16T16:50:45+00:00","og_image":[{"width":800,"height":800,"url":"https:\/\/dianasilver.com\/wp-content\/uploads\/2022\/08\/ezust-lanc-feher-koves-karikas-beepitett-medallal-1939.jpg","type":"image\/jpeg"}],"twitter_card":"summary_large_image","twitter_misc":{"Est. reading time":"1 minute"},"schema":{"@context":"https:\/\/schema.org","@graph":[{"@type":"WebPage","@id":"https:\/\/dianasilver.com\/en\/termek\/silver-chain-with-white-stone-hoop-and-integrated-pendant\/","url":"https:\/\/dianasilver.com\/en\/termek\/silver-chain-with-white-stone-hoop-and-integrated-pendant\/","name":"Silver chain with white stone hoop and integrated pendant | Diana Silver","isPartOf":{"@id":"https:\/\/dianasilver.com\/en\/#website"},"primaryImageOfPage":{"@id":"https:\/\/dianasilver.com\/en\/termek\/silver-chain-with-white-stone-hoop-and-integrated-pendant\/#primaryimage"},"image":{"@id":"https:\/\/dianasilver.com\/en\/termek\/silver-chain-with-white-stone-hoop-and-integrated-pendant\/#primaryimage"},"thumbnailUrl":"https:\/\/dianasilver.com\/wp-content\/uploads\/2022\/08\/ezust-lanc-feher-koves-karikas-beepitett-medallal-1939.jpg","datePublished":"2022-08-31T11:21:49+00:00","dateModified":"2026-01-16T16:50:45+00:00","description":"Fedezd fel a leny\u0171g\u00f6z\u0151 Silver chain with white stone hoop and integrated pendant \u00e9kszer\u00fcnket. T\u00f6k\u00e9letes kieg\u00e9sz\u00edt\u0151 mindennapi viselethez \u00e9s k\u00fcl\u00f6nleges alkalmakra egyar\u00e1nt. Rendeld meg most!","breadcrumb":{"@id":"https:\/\/dianasilver.com\/en\/termek\/silver-chain-with-white-stone-hoop-and-integrated-pendant\/#breadcrumb"},"inLanguage":"en-US","potentialAction":[{"@type":"ReadAction","target":["https:\/\/dianasilver.com\/en\/termek\/silver-chain-with-white-stone-hoop-and-integrated-pendant\/"]}]},{"@type":"ImageObject","inLanguage":"en-US","@id":"https:\/\/dianasilver.com\/en\/termek\/silver-chain-with-white-stone-hoop-and-integrated-pendant\/#primaryimage","url":"https:\/\/dianasilver.com\/wp-content\/uploads\/2022\/08\/ezust-lanc-feher-koves-karikas-beepitett-medallal-1939.jpg","contentUrl":"https:\/\/dianasilver.com\/wp-content\/uploads\/2022\/08\/ezust-lanc-feher-koves-karikas-beepitett-medallal-1939.jpg","width":800,"height":800},{"@type":"BreadcrumbList","@id":"https:\/\/dianasilver.com\/en\/termek\/silver-chain-with-white-stone-hoop-and-integrated-pendant\/#breadcrumb","itemListElement":[{"@type":"ListItem","position":1,"name":"Kezd\u0151lap","item":"https:\/\/dianasilver.com\/en\/diana-silver-silver-jewellery-webshop\/"},{"@type":"ListItem","position":2,"name":"Shop","item":"https:\/\/dianasilver.com\/en\/shop\/"},{"@type":"ListItem","position":3,"name":"Silver chain with white stone hoop and integrated pendant"}]},{"@type":"WebSite","@id":"https:\/\/dianasilver.com\/en\/#website","url":"https:\/\/dianasilver.com\/en\/","name":"Diana Silver","description":"Tedd t\u00f6k\u00e9letesebb\u00e9 mindennapjaid a Diana Silver \u00e9kszereivel.","publisher":{"@id":"https:\/\/dianasilver.com\/en\/#organization"},"alternateName":"Ez\u00fcst \u00c9kszer Web\u00e1ruh\u00e1z","potentialAction":[{"@type":"SearchAction","target":{"@type":"EntryPoint","urlTemplate":"https:\/\/dianasilver.com\/en\/?s={search_term_string}"},"query-input":{"@type":"PropertyValueSpecification","valueRequired":true,"valueName":"search_term_string"}}],"inLanguage":"en-US"},{"@type":"Organization","@id":"https:\/\/dianasilver.com\/en\/#organization","name":"Diana Silver","url":"https:\/\/dianasilver.com\/en\/","logo":{"@type":"ImageObject","inLanguage":"en-US","@id":"https:\/\/dianasilver.com\/en\/#\/schema\/logo\/image\/","url":"https:\/\/dianasilver.com\/wp-content\/uploads\/2022\/08\/ezust-feher-1-koves-buttonos-stekkeres-fulbevalo-42.webp","contentUrl":"https:\/\/dianasilver.com\/wp-content\/uploads\/2022\/08\/ezust-feher-1-koves-buttonos-stekkeres-fulbevalo-42.webp","width":300,"height":154,"caption":"Diana Silver"},"image":{"@id":"https:\/\/dianasilver.com\/en\/#\/schema\/logo\/image\/"},"sameAs":["https:\/\/www.facebook.com\/profile.php?id=100027231325117"]}]}},"_links":{"self":[{"href":"https:\/\/dianasilver.com\/en\/wp-json\/wp\/v2\/product\/112813","targetHints":{"allow":["GET"]}}],"collection":[{"href":"https:\/\/dianasilver.com\/en\/wp-json\/wp\/v2\/product"}],"about":[{"href":"https:\/\/dianasilver.com\/en\/wp-json\/wp\/v2\/types\/product"}],"version-history":[{"count":0,"href":"https:\/\/dianasilver.com\/en\/wp-json\/wp\/v2\/product\/112813\/revisions"}],"wp:featuredmedia":[{"embeddable":true,"href":"https:\/\/dianasilver.com\/en\/wp-json\/wp\/v2\/media\/96427"}],"wp:attachment":[{"href":"https:\/\/dianasilver.com\/en\/wp-json\/wp\/v2\/media?parent=112813"}],"wp:term":[{"taxonomy":"product_brand","embeddable":true,"href":"https:\/\/dianasilver.com\/en\/wp-json\/wp\/v2\/product_brand?post=112813"},{"taxonomy":"product_cat","embeddable":true,"href":"https:\/\/dianasilver.com\/en\/wp-json\/wp\/v2\/product_cat?post=112813"},{"taxonomy":"product_tag","embeddable":true,"href":"https:\/\/dianasilver.com\/en\/wp-json\/wp\/v2\/product_tag?post=112813"}],"curies":[{"name":"wp","href":"https:\/\/api.w.org\/{rel}","templated":true}]}}