{"id":112774,"date":"2022-10-17T13:08:07","date_gmt":"2022-10-17T11:08:07","guid":{"rendered":"https:\/\/dianasilver.hu\/termek\/silver-white-stone-earrings-with-patent-closure-3\/"},"modified":"2026-03-10T00:21:40","modified_gmt":"2026-03-09T23:21:40","slug":"silver-white-stone-earrings-with-patent-closure-3","status":"publish","type":"product","link":"https:\/\/dianasilver.com\/en\/termek\/silver-white-stone-earrings-with-patent-closure-3\/","title":{"rendered":"Silver white stone earrings with patent closure"},"content":{"rendered":"<p><strong>Silver white stones with patent closure earrings &#8211; a brilliant choice for the modern woman!<\/strong><br \/>\nThis sophisticated earring is the perfect addition to an eclectic wardrobe. The <strong>clean elegance of<\/strong> the <strong>shimmering white stone<\/strong> and the <strong>silver<\/strong> combine to create a unique look. The <strong>patent closure design<\/strong> ensures comfortable wear that stays securely in place all day.<\/p>\n<p>\u2728 <strong>Why choose this earring?<\/strong><\/p>\n<ul>\n<li><strong>Premium materials:<\/strong> the <strong>AG 925 silver<\/strong> provides a durable shine, while the <strong>rhodium plating<\/strong> protects the jewellery from wear and tear.<\/li>\n<li><strong>Sophisticated shine:<\/strong> the sparkle of white stone enhances your natural beauty.<\/li>\n<li><strong>Secure patent fastening:<\/strong> stable and comfortable to wear that stays in place all day.<\/li>\n<li><strong>Versatility:<\/strong> perfect for elegant events and everyday wear.<\/li>\n<\/ul>\n<p>\ud83c\udf81 <strong>A gift that will make you shine<\/strong><br \/>\nSurprise your loved ones with these sophisticated earrings, or choose them for yourself if you&#8217;re looking for a stylish and practical piece of jewellery.<\/p>\n<p><strong>Order now and discover the magic of glamour!<\/strong> \u2728<\/p>\n","protected":false},"excerpt":{"rendered":"<p><strong>Silver white stone stud earrings &#8211; sophisticated glamour for everyday wear!<\/strong><br \/>\nThe harmony of shimmering white stone and elegant silver is the perfect choice for any occasion. \u2728<\/p>\n","protected":false},"featured_media":97159,"template":"","meta":{"_acf_changed":false},"product_brand":[],"product_cat":[541],"product_tag":[692],"class_list":{"0":"post-112774","1":"product","2":"type-product","3":"status-publish","4":"has-post-thumbnail","6":"product_cat-silver-earrings","7":"product_tag-silver-jewelry-for-women","8":"description-off","10":"first","11":"instock","12":"sale","13":"taxable","14":"shipping-taxable","15":"purchasable","16":"product-type-simple"},"acf":[],"yoast_head":"<!-- This site is optimized with the Yoast SEO plugin v27.4 - https:\/\/yoast.com\/product\/yoast-seo-wordpress\/ -->\n<title>Silver white stone earrings with patent closure | Diana Silver<\/title>\n<meta name=\"description\" content=\"Fedezd fel a leny\u0171g\u00f6z\u0151 Silver white stone earrings with patent closure \u00e9kszer\u00fcnket. T\u00f6k\u00e9letes kieg\u00e9sz\u00edt\u0151 mindennapi viselethez \u00e9s k\u00fcl\u00f6nleges alkalmakra egyar\u00e1nt. Rendeld meg most!\" \/>\n<meta name=\"robots\" content=\"index, follow, max-snippet:-1, max-image-preview:large, max-video-preview:-1\" \/>\n<link rel=\"canonical\" href=\"https:\/\/dianasilver.com\/en\/termek\/silver-white-stone-earrings-with-patent-closure-3\/\" \/>\n<meta property=\"og:locale\" content=\"en_US\" \/>\n<meta property=\"og:type\" content=\"article\" \/>\n<meta property=\"og:title\" content=\"Silver white stone earrings with patent closure | Diana Silver\" \/>\n<meta property=\"og:description\" content=\"Fedezd fel a leny\u0171g\u00f6z\u0151 Silver white stone earrings with patent closure \u00e9kszer\u00fcnket. T\u00f6k\u00e9letes kieg\u00e9sz\u00edt\u0151 mindennapi viselethez \u00e9s k\u00fcl\u00f6nleges alkalmakra egyar\u00e1nt. Rendeld meg most!\" \/>\n<meta property=\"og:url\" content=\"https:\/\/dianasilver.com\/en\/termek\/silver-white-stone-earrings-with-patent-closure-3\/\" \/>\n<meta property=\"og:site_name\" content=\"Diana Silver\" \/>\n<meta property=\"article:publisher\" content=\"https:\/\/www.facebook.com\/profile.php?id=100027231325117\" \/>\n<meta property=\"article:modified_time\" content=\"2026-03-09T23:21:40+00:00\" \/>\n<meta property=\"og:image\" content=\"https:\/\/dianasilver.com\/wp-content\/uploads\/2022\/10\/ezust-feher-koves-patentzaras-fulbevalo-2753.jpg\" \/>\n\t<meta property=\"og:image:width\" content=\"800\" \/>\n\t<meta property=\"og:image:height\" content=\"800\" \/>\n\t<meta property=\"og:image:type\" content=\"image\/jpeg\" \/>\n<meta name=\"twitter:card\" content=\"summary_large_image\" \/>\n<meta name=\"twitter:label1\" content=\"Est. reading time\" \/>\n\t<meta name=\"twitter:data1\" content=\"1 minute\" \/>\n<script type=\"application\/ld+json\" class=\"yoast-schema-graph\">{\"@context\":\"https:\\\/\\\/schema.org\",\"@graph\":[{\"@type\":\"WebPage\",\"@id\":\"https:\\\/\\\/dianasilver.com\\\/en\\\/termek\\\/silver-white-stone-earrings-with-patent-closure-3\\\/\",\"url\":\"https:\\\/\\\/dianasilver.com\\\/en\\\/termek\\\/silver-white-stone-earrings-with-patent-closure-3\\\/\",\"name\":\"Silver white stone earrings with patent closure | Diana Silver\",\"isPartOf\":{\"@id\":\"https:\\\/\\\/dianasilver.com\\\/en\\\/#website\"},\"primaryImageOfPage\":{\"@id\":\"https:\\\/\\\/dianasilver.com\\\/en\\\/termek\\\/silver-white-stone-earrings-with-patent-closure-3\\\/#primaryimage\"},\"image\":{\"@id\":\"https:\\\/\\\/dianasilver.com\\\/en\\\/termek\\\/silver-white-stone-earrings-with-patent-closure-3\\\/#primaryimage\"},\"thumbnailUrl\":\"https:\\\/\\\/dianasilver.com\\\/wp-content\\\/uploads\\\/2022\\\/10\\\/ezust-feher-koves-patentzaras-fulbevalo-2753.jpg\",\"datePublished\":\"2022-10-17T11:08:07+00:00\",\"dateModified\":\"2026-03-09T23:21:40+00:00\",\"description\":\"Fedezd fel a leny\u0171g\u00f6z\u0151 Silver white stone earrings with patent closure \u00e9kszer\u00fcnket. T\u00f6k\u00e9letes kieg\u00e9sz\u00edt\u0151 mindennapi viselethez \u00e9s k\u00fcl\u00f6nleges alkalmakra egyar\u00e1nt. Rendeld meg most!\",\"breadcrumb\":{\"@id\":\"https:\\\/\\\/dianasilver.com\\\/en\\\/termek\\\/silver-white-stone-earrings-with-patent-closure-3\\\/#breadcrumb\"},\"inLanguage\":\"en-US\",\"potentialAction\":[{\"@type\":\"ReadAction\",\"target\":[\"https:\\\/\\\/dianasilver.com\\\/en\\\/termek\\\/silver-white-stone-earrings-with-patent-closure-3\\\/\"]}]},{\"@type\":\"ImageObject\",\"inLanguage\":\"en-US\",\"@id\":\"https:\\\/\\\/dianasilver.com\\\/en\\\/termek\\\/silver-white-stone-earrings-with-patent-closure-3\\\/#primaryimage\",\"url\":\"https:\\\/\\\/dianasilver.com\\\/wp-content\\\/uploads\\\/2022\\\/10\\\/ezust-feher-koves-patentzaras-fulbevalo-2753.jpg\",\"contentUrl\":\"https:\\\/\\\/dianasilver.com\\\/wp-content\\\/uploads\\\/2022\\\/10\\\/ezust-feher-koves-patentzaras-fulbevalo-2753.jpg\",\"width\":800,\"height\":800},{\"@type\":\"BreadcrumbList\",\"@id\":\"https:\\\/\\\/dianasilver.com\\\/en\\\/termek\\\/silver-white-stone-earrings-with-patent-closure-3\\\/#breadcrumb\",\"itemListElement\":[{\"@type\":\"ListItem\",\"position\":1,\"name\":\"Kezd\u0151lap\",\"item\":\"https:\\\/\\\/dianasilver.com\\\/en\\\/diana-silver-silver-jewellery-webshop\\\/\"},{\"@type\":\"ListItem\",\"position\":2,\"name\":\"Shop\",\"item\":\"https:\\\/\\\/dianasilver.com\\\/en\\\/shop\\\/\"},{\"@type\":\"ListItem\",\"position\":3,\"name\":\"Silver white stone earrings with patent closure\"}]},{\"@type\":\"WebSite\",\"@id\":\"https:\\\/\\\/dianasilver.com\\\/en\\\/#website\",\"url\":\"https:\\\/\\\/dianasilver.com\\\/en\\\/\",\"name\":\"Diana Silver\",\"description\":\"Tedd t\u00f6k\u00e9letesebb\u00e9 mindennapjaid a Diana Silver \u00e9kszereivel.\",\"publisher\":{\"@id\":\"https:\\\/\\\/dianasilver.com\\\/en\\\/#organization\"},\"alternateName\":\"Ez\u00fcst \u00c9kszer Web\u00e1ruh\u00e1z\",\"potentialAction\":[{\"@type\":\"SearchAction\",\"target\":{\"@type\":\"EntryPoint\",\"urlTemplate\":\"https:\\\/\\\/dianasilver.com\\\/en\\\/?s={search_term_string}\"},\"query-input\":{\"@type\":\"PropertyValueSpecification\",\"valueRequired\":true,\"valueName\":\"search_term_string\"}}],\"inLanguage\":\"en-US\"},{\"@type\":\"Organization\",\"@id\":\"https:\\\/\\\/dianasilver.com\\\/en\\\/#organization\",\"name\":\"Diana Silver\",\"url\":\"https:\\\/\\\/dianasilver.com\\\/en\\\/\",\"logo\":{\"@type\":\"ImageObject\",\"inLanguage\":\"en-US\",\"@id\":\"https:\\\/\\\/dianasilver.com\\\/en\\\/#\\\/schema\\\/logo\\\/image\\\/\",\"url\":\"https:\\\/\\\/dianasilver.com\\\/wp-content\\\/uploads\\\/2022\\\/08\\\/ezust-feher-1-koves-buttonos-stekkeres-fulbevalo-42.webp\",\"contentUrl\":\"https:\\\/\\\/dianasilver.com\\\/wp-content\\\/uploads\\\/2022\\\/08\\\/ezust-feher-1-koves-buttonos-stekkeres-fulbevalo-42.webp\",\"width\":300,\"height\":154,\"caption\":\"Diana Silver\"},\"image\":{\"@id\":\"https:\\\/\\\/dianasilver.com\\\/en\\\/#\\\/schema\\\/logo\\\/image\\\/\"},\"sameAs\":[\"https:\\\/\\\/www.facebook.com\\\/profile.php?id=100027231325117\"]}]}<\/script>\n<!-- \/ Yoast SEO plugin. -->","yoast_head_json":{"title":"Silver white stone earrings with patent closure | Diana Silver","description":"Fedezd fel a leny\u0171g\u00f6z\u0151 Silver white stone earrings with patent closure \u00e9kszer\u00fcnket. T\u00f6k\u00e9letes kieg\u00e9sz\u00edt\u0151 mindennapi viselethez \u00e9s k\u00fcl\u00f6nleges alkalmakra egyar\u00e1nt. Rendeld meg most!","robots":{"index":"index","follow":"follow","max-snippet":"max-snippet:-1","max-image-preview":"max-image-preview:large","max-video-preview":"max-video-preview:-1"},"canonical":"https:\/\/dianasilver.com\/en\/termek\/silver-white-stone-earrings-with-patent-closure-3\/","og_locale":"en_US","og_type":"article","og_title":"Silver white stone earrings with patent closure | Diana Silver","og_description":"Fedezd fel a leny\u0171g\u00f6z\u0151 Silver white stone earrings with patent closure \u00e9kszer\u00fcnket. T\u00f6k\u00e9letes kieg\u00e9sz\u00edt\u0151 mindennapi viselethez \u00e9s k\u00fcl\u00f6nleges alkalmakra egyar\u00e1nt. Rendeld meg most!","og_url":"https:\/\/dianasilver.com\/en\/termek\/silver-white-stone-earrings-with-patent-closure-3\/","og_site_name":"Diana Silver","article_publisher":"https:\/\/www.facebook.com\/profile.php?id=100027231325117","article_modified_time":"2026-03-09T23:21:40+00:00","og_image":[{"width":800,"height":800,"url":"https:\/\/dianasilver.com\/wp-content\/uploads\/2022\/10\/ezust-feher-koves-patentzaras-fulbevalo-2753.jpg","type":"image\/jpeg"}],"twitter_card":"summary_large_image","twitter_misc":{"Est. reading time":"1 minute"},"schema":{"@context":"https:\/\/schema.org","@graph":[{"@type":"WebPage","@id":"https:\/\/dianasilver.com\/en\/termek\/silver-white-stone-earrings-with-patent-closure-3\/","url":"https:\/\/dianasilver.com\/en\/termek\/silver-white-stone-earrings-with-patent-closure-3\/","name":"Silver white stone earrings with patent closure | Diana Silver","isPartOf":{"@id":"https:\/\/dianasilver.com\/en\/#website"},"primaryImageOfPage":{"@id":"https:\/\/dianasilver.com\/en\/termek\/silver-white-stone-earrings-with-patent-closure-3\/#primaryimage"},"image":{"@id":"https:\/\/dianasilver.com\/en\/termek\/silver-white-stone-earrings-with-patent-closure-3\/#primaryimage"},"thumbnailUrl":"https:\/\/dianasilver.com\/wp-content\/uploads\/2022\/10\/ezust-feher-koves-patentzaras-fulbevalo-2753.jpg","datePublished":"2022-10-17T11:08:07+00:00","dateModified":"2026-03-09T23:21:40+00:00","description":"Fedezd fel a leny\u0171g\u00f6z\u0151 Silver white stone earrings with patent closure \u00e9kszer\u00fcnket. T\u00f6k\u00e9letes kieg\u00e9sz\u00edt\u0151 mindennapi viselethez \u00e9s k\u00fcl\u00f6nleges alkalmakra egyar\u00e1nt. Rendeld meg most!","breadcrumb":{"@id":"https:\/\/dianasilver.com\/en\/termek\/silver-white-stone-earrings-with-patent-closure-3\/#breadcrumb"},"inLanguage":"en-US","potentialAction":[{"@type":"ReadAction","target":["https:\/\/dianasilver.com\/en\/termek\/silver-white-stone-earrings-with-patent-closure-3\/"]}]},{"@type":"ImageObject","inLanguage":"en-US","@id":"https:\/\/dianasilver.com\/en\/termek\/silver-white-stone-earrings-with-patent-closure-3\/#primaryimage","url":"https:\/\/dianasilver.com\/wp-content\/uploads\/2022\/10\/ezust-feher-koves-patentzaras-fulbevalo-2753.jpg","contentUrl":"https:\/\/dianasilver.com\/wp-content\/uploads\/2022\/10\/ezust-feher-koves-patentzaras-fulbevalo-2753.jpg","width":800,"height":800},{"@type":"BreadcrumbList","@id":"https:\/\/dianasilver.com\/en\/termek\/silver-white-stone-earrings-with-patent-closure-3\/#breadcrumb","itemListElement":[{"@type":"ListItem","position":1,"name":"Kezd\u0151lap","item":"https:\/\/dianasilver.com\/en\/diana-silver-silver-jewellery-webshop\/"},{"@type":"ListItem","position":2,"name":"Shop","item":"https:\/\/dianasilver.com\/en\/shop\/"},{"@type":"ListItem","position":3,"name":"Silver white stone earrings with patent closure"}]},{"@type":"WebSite","@id":"https:\/\/dianasilver.com\/en\/#website","url":"https:\/\/dianasilver.com\/en\/","name":"Diana Silver","description":"Tedd t\u00f6k\u00e9letesebb\u00e9 mindennapjaid a Diana Silver \u00e9kszereivel.","publisher":{"@id":"https:\/\/dianasilver.com\/en\/#organization"},"alternateName":"Ez\u00fcst \u00c9kszer Web\u00e1ruh\u00e1z","potentialAction":[{"@type":"SearchAction","target":{"@type":"EntryPoint","urlTemplate":"https:\/\/dianasilver.com\/en\/?s={search_term_string}"},"query-input":{"@type":"PropertyValueSpecification","valueRequired":true,"valueName":"search_term_string"}}],"inLanguage":"en-US"},{"@type":"Organization","@id":"https:\/\/dianasilver.com\/en\/#organization","name":"Diana Silver","url":"https:\/\/dianasilver.com\/en\/","logo":{"@type":"ImageObject","inLanguage":"en-US","@id":"https:\/\/dianasilver.com\/en\/#\/schema\/logo\/image\/","url":"https:\/\/dianasilver.com\/wp-content\/uploads\/2022\/08\/ezust-feher-1-koves-buttonos-stekkeres-fulbevalo-42.webp","contentUrl":"https:\/\/dianasilver.com\/wp-content\/uploads\/2022\/08\/ezust-feher-1-koves-buttonos-stekkeres-fulbevalo-42.webp","width":300,"height":154,"caption":"Diana Silver"},"image":{"@id":"https:\/\/dianasilver.com\/en\/#\/schema\/logo\/image\/"},"sameAs":["https:\/\/www.facebook.com\/profile.php?id=100027231325117"]}]}},"_links":{"self":[{"href":"https:\/\/dianasilver.com\/en\/wp-json\/wp\/v2\/product\/112774","targetHints":{"allow":["GET"]}}],"collection":[{"href":"https:\/\/dianasilver.com\/en\/wp-json\/wp\/v2\/product"}],"about":[{"href":"https:\/\/dianasilver.com\/en\/wp-json\/wp\/v2\/types\/product"}],"version-history":[{"count":0,"href":"https:\/\/dianasilver.com\/en\/wp-json\/wp\/v2\/product\/112774\/revisions"}],"wp:featuredmedia":[{"embeddable":true,"href":"https:\/\/dianasilver.com\/en\/wp-json\/wp\/v2\/media\/97159"}],"wp:attachment":[{"href":"https:\/\/dianasilver.com\/en\/wp-json\/wp\/v2\/media?parent=112774"}],"wp:term":[{"taxonomy":"product_brand","embeddable":true,"href":"https:\/\/dianasilver.com\/en\/wp-json\/wp\/v2\/product_brand?post=112774"},{"taxonomy":"product_cat","embeddable":true,"href":"https:\/\/dianasilver.com\/en\/wp-json\/wp\/v2\/product_cat?post=112774"},{"taxonomy":"product_tag","embeddable":true,"href":"https:\/\/dianasilver.com\/en\/wp-json\/wp\/v2\/product_tag?post=112774"}],"curies":[{"name":"wp","href":"https:\/\/api.w.org\/{rel}","templated":true}]}}