{"id":112521,"date":"2022-08-31T14:46:08","date_gmt":"2022-08-31T12:46:08","guid":{"rendered":"https:\/\/dianasilver.hu\/termek\/silver-white-stone-butterfly-bracelet-with-small-flower\/"},"modified":"2026-04-15T01:41:15","modified_gmt":"2026-04-14T23:41:15","slug":"silver-white-stone-butterfly-bracelet-with-small-flower","status":"publish","type":"product","link":"https:\/\/dianasilver.com\/en\/termek\/silver-white-stone-butterfly-bracelet-with-small-flower\/","title":{"rendered":"Silver white stone butterfly bracelet with small flower"},"content":{"rendered":"<h2><span>\ud83d\udc8e <\/span><strong><span>Silver white stone bracelet with a small flower motif &#8211; the meeting of natural beauty and elegance<\/span><\/strong><\/h2>\n<p><span>This is the <\/span><strong><span>AG 925 silver bracelet<\/span><\/strong><span> finely crafted <\/span><strong><span>small flower decoration<\/span><\/strong><span> and <\/span><strong><span>with sparkling white cubic zirconia stones<\/span><\/strong><span> strike the perfect balance between femininity and sophisticated elegance. A <\/span><strong><span>rhodium plating<\/span><\/strong><span> ensures lasting shine and protects the jewellery from discolouration.<\/span><\/p>\n<p><span>\ud83c\udf38 <\/span><strong><span>What does the flower motif symbolise?<\/span><\/strong><\/p>\n<ul>\n<li><strong><span>The beauty and freshness of nature.<\/span><\/strong><\/li>\n<li><strong><span>The epitome of femininity and refined elegance.<\/span><\/strong><\/li>\n<li><strong><span>A symbol of renewal and joy.<\/span><\/strong><\/li>\n<\/ul>\n<p><span>\u2728 <\/span><strong><span>Why choose this bracelet?<\/span><\/strong><\/p>\n<ul>\n<li><strong><span>Premium quality: <\/span><\/strong> <strong><span>AG 925 silver<\/span><\/strong><span> , <\/span><strong><span>rhodium plated<\/span><\/strong><span> for a long-lasting shine.<\/span><\/li>\n<li><strong><span>Nature-inspired design:<\/span><\/strong><span> Finely crafted small flower motif.<\/span><\/li>\n<li><strong><span>Brilliant white stones:<\/span><\/strong><span>Sophisticated yet striking sparkle.<\/span><\/li>\n<li><strong><span>Comfortable and safe to wear:<\/span><\/strong><span> Lightweight, all-day wear, elegant jewellery.<\/span><\/li>\n<\/ul>\n<p><span>\ud83c\udf81 <\/span><strong><span>Perfect as a gift!<\/span><\/strong><br \/>\n <span> If a <\/span><strong><span>fresh, airy and feminine jewellery<\/span><\/strong><span> , amel<\/span><strong><span>perfect gift for any occasion<\/span><\/strong><span> , this bracelet is a wonder<\/span><\/p>\n<p>\ud83d\udcab O <strong>rder now and wear this symbol of nature-inspired brilliance!<\/strong> \ud83c\udf38\u2728<\/p>\n","protected":false},"excerpt":{"rendered":"<p><strong><span>Silver white stone bracelet with small flower motif &#8211; delicate femininity and nature inspired elegance!<\/span><\/strong><span> \ud83c\udf38\u2728 <\/span><br \/>\n<span>The sophisticated floral motif and brilliant white stones create a unique harmony, highlighting the beauty of nature and feminine charm.<\/span><\/p>\n","protected":false},"featured_media":95617,"template":"","meta":{"_acf_changed":false},"product_brand":[],"product_cat":[549],"product_tag":[629,542,543,692],"class_list":{"0":"post-112521","1":"product","2":"type-product","3":"status-publish","4":"has-post-thumbnail","6":"product_cat-silver-bracelet","7":"product_tag-animal","8":"product_tag-childrens-silver-jewellery","9":"product_tag-floral","10":"product_tag-silver-jewelry-for-women","11":"description-off","13":"first","14":"instock","15":"taxable","16":"shipping-taxable","17":"purchasable","18":"product-type-simple"},"acf":[],"yoast_head":"<!-- This site is optimized with the Yoast SEO plugin v27.4 - https:\/\/yoast.com\/product\/yoast-seo-wordpress\/ -->\n<title>Silver white stone butterfly bracelet with small flower | Diana Silver<\/title>\n<meta name=\"description\" content=\"Fedezd fel a leny\u0171g\u00f6z\u0151 Silver white stone butterfly bracelet with small flower \u00e9kszer\u00fcnket. T\u00f6k\u00e9letes kieg\u00e9sz\u00edt\u0151 mindennapi viselethez \u00e9s k\u00fcl\u00f6nleges alkalmakra egyar\u00e1nt. Rendeld meg most!\" \/>\n<meta name=\"robots\" content=\"index, follow, max-snippet:-1, max-image-preview:large, max-video-preview:-1\" \/>\n<link rel=\"canonical\" href=\"https:\/\/dianasilver.com\/en\/termek\/silver-white-stone-butterfly-bracelet-with-small-flower\/\" \/>\n<meta property=\"og:locale\" content=\"en_US\" \/>\n<meta property=\"og:type\" content=\"article\" \/>\n<meta property=\"og:title\" content=\"Silver white stone butterfly bracelet with small flower | Diana Silver\" \/>\n<meta property=\"og:description\" content=\"Fedezd fel a leny\u0171g\u00f6z\u0151 Silver white stone butterfly bracelet with small flower \u00e9kszer\u00fcnket. T\u00f6k\u00e9letes kieg\u00e9sz\u00edt\u0151 mindennapi viselethez \u00e9s k\u00fcl\u00f6nleges alkalmakra egyar\u00e1nt. Rendeld meg most!\" \/>\n<meta property=\"og:url\" content=\"https:\/\/dianasilver.com\/en\/termek\/silver-white-stone-butterfly-bracelet-with-small-flower\/\" \/>\n<meta property=\"og:site_name\" content=\"Diana Silver\" \/>\n<meta property=\"article:publisher\" content=\"https:\/\/www.facebook.com\/profile.php?id=100027231325117\" \/>\n<meta property=\"article:modified_time\" content=\"2026-04-14T23:41:15+00:00\" \/>\n<meta property=\"og:image\" content=\"https:\/\/dianasilver.com\/wp-content\/uploads\/2022\/08\/1_5c8d014d-ee54-43bc-862e-23afee4db234_1024x1024-scaled.jpg\" \/>\n\t<meta property=\"og:image:width\" content=\"800\" \/>\n\t<meta property=\"og:image:height\" content=\"800\" \/>\n\t<meta property=\"og:image:type\" content=\"image\/jpeg\" \/>\n<meta name=\"twitter:card\" content=\"summary_large_image\" \/>\n<meta name=\"twitter:label1\" content=\"Est. reading time\" \/>\n\t<meta name=\"twitter:data1\" content=\"1 minute\" \/>\n<script type=\"application\/ld+json\" class=\"yoast-schema-graph\">{\"@context\":\"https:\\\/\\\/schema.org\",\"@graph\":[{\"@type\":\"WebPage\",\"@id\":\"https:\\\/\\\/dianasilver.com\\\/en\\\/termek\\\/silver-white-stone-butterfly-bracelet-with-small-flower\\\/\",\"url\":\"https:\\\/\\\/dianasilver.com\\\/en\\\/termek\\\/silver-white-stone-butterfly-bracelet-with-small-flower\\\/\",\"name\":\"Silver white stone butterfly bracelet with small flower | Diana Silver\",\"isPartOf\":{\"@id\":\"https:\\\/\\\/dianasilver.com\\\/en\\\/#website\"},\"primaryImageOfPage\":{\"@id\":\"https:\\\/\\\/dianasilver.com\\\/en\\\/termek\\\/silver-white-stone-butterfly-bracelet-with-small-flower\\\/#primaryimage\"},\"image\":{\"@id\":\"https:\\\/\\\/dianasilver.com\\\/en\\\/termek\\\/silver-white-stone-butterfly-bracelet-with-small-flower\\\/#primaryimage\"},\"thumbnailUrl\":\"https:\\\/\\\/dianasilver.com\\\/wp-content\\\/uploads\\\/2022\\\/08\\\/1_5c8d014d-ee54-43bc-862e-23afee4db234_1024x1024-scaled.jpg\",\"datePublished\":\"2022-08-31T12:46:08+00:00\",\"dateModified\":\"2026-04-14T23:41:15+00:00\",\"description\":\"Fedezd fel a leny\u0171g\u00f6z\u0151 Silver white stone butterfly bracelet with small flower \u00e9kszer\u00fcnket. T\u00f6k\u00e9letes kieg\u00e9sz\u00edt\u0151 mindennapi viselethez \u00e9s k\u00fcl\u00f6nleges alkalmakra egyar\u00e1nt. Rendeld meg most!\",\"breadcrumb\":{\"@id\":\"https:\\\/\\\/dianasilver.com\\\/en\\\/termek\\\/silver-white-stone-butterfly-bracelet-with-small-flower\\\/#breadcrumb\"},\"inLanguage\":\"en-US\",\"potentialAction\":[{\"@type\":\"ReadAction\",\"target\":[\"https:\\\/\\\/dianasilver.com\\\/en\\\/termek\\\/silver-white-stone-butterfly-bracelet-with-small-flower\\\/\"]}]},{\"@type\":\"ImageObject\",\"inLanguage\":\"en-US\",\"@id\":\"https:\\\/\\\/dianasilver.com\\\/en\\\/termek\\\/silver-white-stone-butterfly-bracelet-with-small-flower\\\/#primaryimage\",\"url\":\"https:\\\/\\\/dianasilver.com\\\/wp-content\\\/uploads\\\/2022\\\/08\\\/1_5c8d014d-ee54-43bc-862e-23afee4db234_1024x1024-scaled.jpg\",\"contentUrl\":\"https:\\\/\\\/dianasilver.com\\\/wp-content\\\/uploads\\\/2022\\\/08\\\/1_5c8d014d-ee54-43bc-862e-23afee4db234_1024x1024-scaled.jpg\",\"width\":800,\"height\":800},{\"@type\":\"BreadcrumbList\",\"@id\":\"https:\\\/\\\/dianasilver.com\\\/en\\\/termek\\\/silver-white-stone-butterfly-bracelet-with-small-flower\\\/#breadcrumb\",\"itemListElement\":[{\"@type\":\"ListItem\",\"position\":1,\"name\":\"Kezd\u0151lap\",\"item\":\"https:\\\/\\\/dianasilver.com\\\/en\\\/diana-silver-silver-jewellery-webshop\\\/\"},{\"@type\":\"ListItem\",\"position\":2,\"name\":\"Shop\",\"item\":\"https:\\\/\\\/dianasilver.com\\\/en\\\/shop\\\/\"},{\"@type\":\"ListItem\",\"position\":3,\"name\":\"Silver white stone butterfly bracelet with small flower\"}]},{\"@type\":\"WebSite\",\"@id\":\"https:\\\/\\\/dianasilver.com\\\/en\\\/#website\",\"url\":\"https:\\\/\\\/dianasilver.com\\\/en\\\/\",\"name\":\"Diana Silver\",\"description\":\"Tedd t\u00f6k\u00e9letesebb\u00e9 mindennapjaid a Diana Silver \u00e9kszereivel.\",\"publisher\":{\"@id\":\"https:\\\/\\\/dianasilver.com\\\/en\\\/#organization\"},\"alternateName\":\"Ez\u00fcst \u00c9kszer Web\u00e1ruh\u00e1z\",\"potentialAction\":[{\"@type\":\"SearchAction\",\"target\":{\"@type\":\"EntryPoint\",\"urlTemplate\":\"https:\\\/\\\/dianasilver.com\\\/en\\\/?s={search_term_string}\"},\"query-input\":{\"@type\":\"PropertyValueSpecification\",\"valueRequired\":true,\"valueName\":\"search_term_string\"}}],\"inLanguage\":\"en-US\"},{\"@type\":\"Organization\",\"@id\":\"https:\\\/\\\/dianasilver.com\\\/en\\\/#organization\",\"name\":\"Diana Silver\",\"url\":\"https:\\\/\\\/dianasilver.com\\\/en\\\/\",\"logo\":{\"@type\":\"ImageObject\",\"inLanguage\":\"en-US\",\"@id\":\"https:\\\/\\\/dianasilver.com\\\/en\\\/#\\\/schema\\\/logo\\\/image\\\/\",\"url\":\"https:\\\/\\\/dianasilver.com\\\/wp-content\\\/uploads\\\/2022\\\/08\\\/ezust-feher-1-koves-buttonos-stekkeres-fulbevalo-42.webp\",\"contentUrl\":\"https:\\\/\\\/dianasilver.com\\\/wp-content\\\/uploads\\\/2022\\\/08\\\/ezust-feher-1-koves-buttonos-stekkeres-fulbevalo-42.webp\",\"width\":300,\"height\":154,\"caption\":\"Diana Silver\"},\"image\":{\"@id\":\"https:\\\/\\\/dianasilver.com\\\/en\\\/#\\\/schema\\\/logo\\\/image\\\/\"},\"sameAs\":[\"https:\\\/\\\/www.facebook.com\\\/profile.php?id=100027231325117\"]}]}<\/script>\n<!-- \/ Yoast SEO plugin. -->","yoast_head_json":{"title":"Silver white stone butterfly bracelet with small flower | Diana Silver","description":"Fedezd fel a leny\u0171g\u00f6z\u0151 Silver white stone butterfly bracelet with small flower \u00e9kszer\u00fcnket. T\u00f6k\u00e9letes kieg\u00e9sz\u00edt\u0151 mindennapi viselethez \u00e9s k\u00fcl\u00f6nleges alkalmakra egyar\u00e1nt. Rendeld meg most!","robots":{"index":"index","follow":"follow","max-snippet":"max-snippet:-1","max-image-preview":"max-image-preview:large","max-video-preview":"max-video-preview:-1"},"canonical":"https:\/\/dianasilver.com\/en\/termek\/silver-white-stone-butterfly-bracelet-with-small-flower\/","og_locale":"en_US","og_type":"article","og_title":"Silver white stone butterfly bracelet with small flower | Diana Silver","og_description":"Fedezd fel a leny\u0171g\u00f6z\u0151 Silver white stone butterfly bracelet with small flower \u00e9kszer\u00fcnket. T\u00f6k\u00e9letes kieg\u00e9sz\u00edt\u0151 mindennapi viselethez \u00e9s k\u00fcl\u00f6nleges alkalmakra egyar\u00e1nt. Rendeld meg most!","og_url":"https:\/\/dianasilver.com\/en\/termek\/silver-white-stone-butterfly-bracelet-with-small-flower\/","og_site_name":"Diana Silver","article_publisher":"https:\/\/www.facebook.com\/profile.php?id=100027231325117","article_modified_time":"2026-04-14T23:41:15+00:00","og_image":[{"width":800,"height":800,"url":"https:\/\/dianasilver.com\/wp-content\/uploads\/2022\/08\/1_5c8d014d-ee54-43bc-862e-23afee4db234_1024x1024-scaled.jpg","type":"image\/jpeg"}],"twitter_card":"summary_large_image","twitter_misc":{"Est. reading time":"1 minute"},"schema":{"@context":"https:\/\/schema.org","@graph":[{"@type":"WebPage","@id":"https:\/\/dianasilver.com\/en\/termek\/silver-white-stone-butterfly-bracelet-with-small-flower\/","url":"https:\/\/dianasilver.com\/en\/termek\/silver-white-stone-butterfly-bracelet-with-small-flower\/","name":"Silver white stone butterfly bracelet with small flower | Diana Silver","isPartOf":{"@id":"https:\/\/dianasilver.com\/en\/#website"},"primaryImageOfPage":{"@id":"https:\/\/dianasilver.com\/en\/termek\/silver-white-stone-butterfly-bracelet-with-small-flower\/#primaryimage"},"image":{"@id":"https:\/\/dianasilver.com\/en\/termek\/silver-white-stone-butterfly-bracelet-with-small-flower\/#primaryimage"},"thumbnailUrl":"https:\/\/dianasilver.com\/wp-content\/uploads\/2022\/08\/1_5c8d014d-ee54-43bc-862e-23afee4db234_1024x1024-scaled.jpg","datePublished":"2022-08-31T12:46:08+00:00","dateModified":"2026-04-14T23:41:15+00:00","description":"Fedezd fel a leny\u0171g\u00f6z\u0151 Silver white stone butterfly bracelet with small flower \u00e9kszer\u00fcnket. T\u00f6k\u00e9letes kieg\u00e9sz\u00edt\u0151 mindennapi viselethez \u00e9s k\u00fcl\u00f6nleges alkalmakra egyar\u00e1nt. Rendeld meg most!","breadcrumb":{"@id":"https:\/\/dianasilver.com\/en\/termek\/silver-white-stone-butterfly-bracelet-with-small-flower\/#breadcrumb"},"inLanguage":"en-US","potentialAction":[{"@type":"ReadAction","target":["https:\/\/dianasilver.com\/en\/termek\/silver-white-stone-butterfly-bracelet-with-small-flower\/"]}]},{"@type":"ImageObject","inLanguage":"en-US","@id":"https:\/\/dianasilver.com\/en\/termek\/silver-white-stone-butterfly-bracelet-with-small-flower\/#primaryimage","url":"https:\/\/dianasilver.com\/wp-content\/uploads\/2022\/08\/1_5c8d014d-ee54-43bc-862e-23afee4db234_1024x1024-scaled.jpg","contentUrl":"https:\/\/dianasilver.com\/wp-content\/uploads\/2022\/08\/1_5c8d014d-ee54-43bc-862e-23afee4db234_1024x1024-scaled.jpg","width":800,"height":800},{"@type":"BreadcrumbList","@id":"https:\/\/dianasilver.com\/en\/termek\/silver-white-stone-butterfly-bracelet-with-small-flower\/#breadcrumb","itemListElement":[{"@type":"ListItem","position":1,"name":"Kezd\u0151lap","item":"https:\/\/dianasilver.com\/en\/diana-silver-silver-jewellery-webshop\/"},{"@type":"ListItem","position":2,"name":"Shop","item":"https:\/\/dianasilver.com\/en\/shop\/"},{"@type":"ListItem","position":3,"name":"Silver white stone butterfly bracelet with small flower"}]},{"@type":"WebSite","@id":"https:\/\/dianasilver.com\/en\/#website","url":"https:\/\/dianasilver.com\/en\/","name":"Diana Silver","description":"Tedd t\u00f6k\u00e9letesebb\u00e9 mindennapjaid a Diana Silver \u00e9kszereivel.","publisher":{"@id":"https:\/\/dianasilver.com\/en\/#organization"},"alternateName":"Ez\u00fcst \u00c9kszer Web\u00e1ruh\u00e1z","potentialAction":[{"@type":"SearchAction","target":{"@type":"EntryPoint","urlTemplate":"https:\/\/dianasilver.com\/en\/?s={search_term_string}"},"query-input":{"@type":"PropertyValueSpecification","valueRequired":true,"valueName":"search_term_string"}}],"inLanguage":"en-US"},{"@type":"Organization","@id":"https:\/\/dianasilver.com\/en\/#organization","name":"Diana Silver","url":"https:\/\/dianasilver.com\/en\/","logo":{"@type":"ImageObject","inLanguage":"en-US","@id":"https:\/\/dianasilver.com\/en\/#\/schema\/logo\/image\/","url":"https:\/\/dianasilver.com\/wp-content\/uploads\/2022\/08\/ezust-feher-1-koves-buttonos-stekkeres-fulbevalo-42.webp","contentUrl":"https:\/\/dianasilver.com\/wp-content\/uploads\/2022\/08\/ezust-feher-1-koves-buttonos-stekkeres-fulbevalo-42.webp","width":300,"height":154,"caption":"Diana Silver"},"image":{"@id":"https:\/\/dianasilver.com\/en\/#\/schema\/logo\/image\/"},"sameAs":["https:\/\/www.facebook.com\/profile.php?id=100027231325117"]}]}},"_links":{"self":[{"href":"https:\/\/dianasilver.com\/en\/wp-json\/wp\/v2\/product\/112521","targetHints":{"allow":["GET"]}}],"collection":[{"href":"https:\/\/dianasilver.com\/en\/wp-json\/wp\/v2\/product"}],"about":[{"href":"https:\/\/dianasilver.com\/en\/wp-json\/wp\/v2\/types\/product"}],"version-history":[{"count":0,"href":"https:\/\/dianasilver.com\/en\/wp-json\/wp\/v2\/product\/112521\/revisions"}],"wp:featuredmedia":[{"embeddable":true,"href":"https:\/\/dianasilver.com\/en\/wp-json\/wp\/v2\/media\/95617"}],"wp:attachment":[{"href":"https:\/\/dianasilver.com\/en\/wp-json\/wp\/v2\/media?parent=112521"}],"wp:term":[{"taxonomy":"product_brand","embeddable":true,"href":"https:\/\/dianasilver.com\/en\/wp-json\/wp\/v2\/product_brand?post=112521"},{"taxonomy":"product_cat","embeddable":true,"href":"https:\/\/dianasilver.com\/en\/wp-json\/wp\/v2\/product_cat?post=112521"},{"taxonomy":"product_tag","embeddable":true,"href":"https:\/\/dianasilver.com\/en\/wp-json\/wp\/v2\/product_tag?post=112521"}],"curies":[{"name":"wp","href":"https:\/\/api.w.org\/{rel}","templated":true}]}}