{"id":112520,"date":"2025-06-03T12:55:28","date_gmt":"2025-06-03T10:55:28","guid":{"rendered":"https:\/\/dianasilver.hu\/termek\/silver-engagement-ring-with-white-cubic-zirconia-stones-2\/"},"modified":"2026-02-12T00:52:57","modified_gmt":"2026-02-11T23:52:57","slug":"silver-engagement-ring-with-white-cubic-zirconia-stones-2","status":"publish","type":"product","link":"https:\/\/dianasilver.com\/en\/termek\/silver-engagement-ring-with-white-cubic-zirconia-stones-2\/","title":{"rendered":"Silver engagement ring with white cubic zirconia stones"},"content":{"rendered":"<h2 data-start=\"342\" data-end=\"611\"><strong data-start=\"342\" data-end=\"378\">Sophisticated glamour and elegance<\/strong><\/h2>\n<p data-start=\"342\" data-end=\"611\">This silver engagement ring is a stunning yet understated accessory that accentuates the delicacy and style of your finger. The ring features a central, brilliant white cubic zirconia stone, surrounded by delicately curved bands and tiny stones. \ud83d\udc8d\ud83d\udc8e<\/p>\n<p data-start=\"613\" data-end=\"635\"><strong data-start=\"613\" data-end=\"633\">What does it symbolise?<\/strong><\/p>\n<ul data-start=\"636\" data-end=\"847\">\n<li data-start=\"636\" data-end=\"698\">\n<p data-start=\"638\" data-end=\"698\">The everlasting elegance and the beauty of fine details. \u2728<\/p>\n<\/li>\n<li data-start=\"699\" data-end=\"767\">\n<p data-start=\"701\" data-end=\"767\">The epitome of sophisticated femininity and understated luxury. \ud83d\udc51<\/p>\n<\/li>\n<li data-start=\"768\" data-end=\"847\">\n<p data-start=\"770\" data-end=\"847\">A play of sparkle and light that makes every moment special. \ud83c\udf1f<\/p>\n<\/li>\n<\/ul>\n<p data-start=\"849\" data-end=\"869\"><strong data-start=\"849\" data-end=\"867\">Why choose it?<\/strong><\/p>\n<ul data-start=\"870\" data-end=\"1090\">\n<li data-start=\"870\" data-end=\"925\">\n<p data-start=\"872\" data-end=\"925\">High quality silver and brilliant zirconia stones. \ud83d\udcab<\/p>\n<\/li>\n<li data-start=\"926\" data-end=\"986\">\n<p data-start=\"928\" data-end=\"986\">Perfect for casual and everyday wear. \ud83c\udf39<\/p>\n<\/li>\n<li data-start=\"987\" data-end=\"1045\">\n<p data-start=\"989\" data-end=\"1045\">Adds a stylish look to any outfit. \ud83d\udc57<\/p>\n<\/li>\n<li data-start=\"1046\" data-end=\"1090\">\n<p data-start=\"1048\" data-end=\"1090\">A nice gift for any occasion. \ud83c\udf81<\/p>\n<\/li>\n<\/ul>\n<p data-start=\"1092\" data-end=\"1231\">This ring is not only an accessory, but a symbol of feminine elegance and glamour. Make your hands shine with this beautiful piece! \ud83d\udc8d\u2728<\/p>\n","protected":false},"excerpt":{"rendered":"<p class=\"ai-optimize-29\">Sophisticated silver engagement ring with sparkling white cubic zirconia decoration. The perfect choice for any occasion. \u2728\ud83d\udc8e<\/p>\n","protected":false},"featured_media":105522,"template":"","meta":{"_acf_changed":false},"product_brand":[],"product_cat":[545],"product_tag":[692],"class_list":{"0":"post-112520","1":"product","2":"type-product","3":"status-publish","4":"has-post-thumbnail","6":"product_cat-silver-ring","7":"product_tag-silver-jewelry-for-women","8":"description-off","10":"first","11":"instock","12":"taxable","13":"shipping-taxable","14":"purchasable","15":"product-type-variable"},"acf":[],"yoast_head":"<!-- This site is optimized with the Yoast SEO plugin v27.4 - https:\/\/yoast.com\/product\/yoast-seo-wordpress\/ -->\n<title>Silver engagement ring with white cubic zirconia stones | Diana Silver<\/title>\n<meta name=\"description\" content=\"Fedezd fel a leny\u0171g\u00f6z\u0151 Silver engagement ring with white cubic zirconia stones \u00e9kszer\u00fcnket. T\u00f6k\u00e9letes kieg\u00e9sz\u00edt\u0151 mindennapi viselethez \u00e9s k\u00fcl\u00f6nleges alkalmakra egyar\u00e1nt. Rendeld meg most!\" \/>\n<meta name=\"robots\" content=\"index, follow, max-snippet:-1, max-image-preview:large, max-video-preview:-1\" \/>\n<link rel=\"canonical\" href=\"https:\/\/dianasilver.com\/en\/termek\/silver-engagement-ring-with-white-cubic-zirconia-stones-2\/\" \/>\n<meta property=\"og:locale\" content=\"en_US\" \/>\n<meta property=\"og:type\" content=\"article\" \/>\n<meta property=\"og:title\" content=\"Silver engagement ring with white cubic zirconia stones | Diana Silver\" \/>\n<meta property=\"og:description\" content=\"Fedezd fel a leny\u0171g\u00f6z\u0151 Silver engagement ring with white cubic zirconia stones \u00e9kszer\u00fcnket. T\u00f6k\u00e9letes kieg\u00e9sz\u00edt\u0151 mindennapi viselethez \u00e9s k\u00fcl\u00f6nleges alkalmakra egyar\u00e1nt. Rendeld meg most!\" \/>\n<meta property=\"og:url\" content=\"https:\/\/dianasilver.com\/en\/termek\/silver-engagement-ring-with-white-cubic-zirconia-stones-2\/\" \/>\n<meta property=\"og:site_name\" content=\"Diana Silver\" \/>\n<meta property=\"article:publisher\" content=\"https:\/\/www.facebook.com\/profile.php?id=100027231325117\" \/>\n<meta property=\"article:modified_time\" content=\"2026-02-11T23:52:57+00:00\" \/>\n<meta property=\"og:image\" content=\"https:\/\/dianasilver.com\/wp-content\/uploads\/2025\/06\/Ezust-gyuru-feher-cirkonia-kovekkel_4.jpg\" \/>\n\t<meta property=\"og:image:width\" content=\"1350\" \/>\n\t<meta property=\"og:image:height\" content=\"1800\" \/>\n\t<meta property=\"og:image:type\" content=\"image\/jpeg\" \/>\n<meta name=\"twitter:card\" content=\"summary_large_image\" \/>\n<meta name=\"twitter:label1\" content=\"Est. reading time\" \/>\n\t<meta name=\"twitter:data1\" content=\"1 minute\" \/>\n<script type=\"application\/ld+json\" class=\"yoast-schema-graph\">{\"@context\":\"https:\\\/\\\/schema.org\",\"@graph\":[{\"@type\":\"WebPage\",\"@id\":\"https:\\\/\\\/dianasilver.com\\\/en\\\/termek\\\/silver-engagement-ring-with-white-cubic-zirconia-stones-2\\\/\",\"url\":\"https:\\\/\\\/dianasilver.com\\\/en\\\/termek\\\/silver-engagement-ring-with-white-cubic-zirconia-stones-2\\\/\",\"name\":\"Silver engagement ring with white cubic zirconia stones | Diana Silver\",\"isPartOf\":{\"@id\":\"https:\\\/\\\/dianasilver.com\\\/en\\\/#website\"},\"primaryImageOfPage\":{\"@id\":\"https:\\\/\\\/dianasilver.com\\\/en\\\/termek\\\/silver-engagement-ring-with-white-cubic-zirconia-stones-2\\\/#primaryimage\"},\"image\":{\"@id\":\"https:\\\/\\\/dianasilver.com\\\/en\\\/termek\\\/silver-engagement-ring-with-white-cubic-zirconia-stones-2\\\/#primaryimage\"},\"thumbnailUrl\":\"https:\\\/\\\/dianasilver.com\\\/wp-content\\\/uploads\\\/2025\\\/06\\\/Ezust-gyuru-feher-cirkonia-kovekkel_4.jpg\",\"datePublished\":\"2025-06-03T10:55:28+00:00\",\"dateModified\":\"2026-02-11T23:52:57+00:00\",\"description\":\"Fedezd fel a leny\u0171g\u00f6z\u0151 Silver engagement ring with white cubic zirconia stones \u00e9kszer\u00fcnket. T\u00f6k\u00e9letes kieg\u00e9sz\u00edt\u0151 mindennapi viselethez \u00e9s k\u00fcl\u00f6nleges alkalmakra egyar\u00e1nt. Rendeld meg most!\",\"breadcrumb\":{\"@id\":\"https:\\\/\\\/dianasilver.com\\\/en\\\/termek\\\/silver-engagement-ring-with-white-cubic-zirconia-stones-2\\\/#breadcrumb\"},\"inLanguage\":\"en-US\",\"potentialAction\":[{\"@type\":\"ReadAction\",\"target\":[\"https:\\\/\\\/dianasilver.com\\\/en\\\/termek\\\/silver-engagement-ring-with-white-cubic-zirconia-stones-2\\\/\"]}]},{\"@type\":\"ImageObject\",\"inLanguage\":\"en-US\",\"@id\":\"https:\\\/\\\/dianasilver.com\\\/en\\\/termek\\\/silver-engagement-ring-with-white-cubic-zirconia-stones-2\\\/#primaryimage\",\"url\":\"https:\\\/\\\/dianasilver.com\\\/wp-content\\\/uploads\\\/2025\\\/06\\\/Ezust-gyuru-feher-cirkonia-kovekkel_4.jpg\",\"contentUrl\":\"https:\\\/\\\/dianasilver.com\\\/wp-content\\\/uploads\\\/2025\\\/06\\\/Ezust-gyuru-feher-cirkonia-kovekkel_4.jpg\",\"width\":1350,\"height\":1800},{\"@type\":\"BreadcrumbList\",\"@id\":\"https:\\\/\\\/dianasilver.com\\\/en\\\/termek\\\/silver-engagement-ring-with-white-cubic-zirconia-stones-2\\\/#breadcrumb\",\"itemListElement\":[{\"@type\":\"ListItem\",\"position\":1,\"name\":\"Kezd\u0151lap\",\"item\":\"https:\\\/\\\/dianasilver.com\\\/en\\\/diana-silver-silver-jewellery-webshop\\\/\"},{\"@type\":\"ListItem\",\"position\":2,\"name\":\"Shop\",\"item\":\"https:\\\/\\\/dianasilver.com\\\/en\\\/shop\\\/\"},{\"@type\":\"ListItem\",\"position\":3,\"name\":\"Silver engagement ring with white cubic zirconia stones\"}]},{\"@type\":\"WebSite\",\"@id\":\"https:\\\/\\\/dianasilver.com\\\/en\\\/#website\",\"url\":\"https:\\\/\\\/dianasilver.com\\\/en\\\/\",\"name\":\"Diana Silver\",\"description\":\"Tedd t\u00f6k\u00e9letesebb\u00e9 mindennapjaid a Diana Silver \u00e9kszereivel.\",\"publisher\":{\"@id\":\"https:\\\/\\\/dianasilver.com\\\/en\\\/#organization\"},\"alternateName\":\"Ez\u00fcst \u00c9kszer Web\u00e1ruh\u00e1z\",\"potentialAction\":[{\"@type\":\"SearchAction\",\"target\":{\"@type\":\"EntryPoint\",\"urlTemplate\":\"https:\\\/\\\/dianasilver.com\\\/en\\\/?s={search_term_string}\"},\"query-input\":{\"@type\":\"PropertyValueSpecification\",\"valueRequired\":true,\"valueName\":\"search_term_string\"}}],\"inLanguage\":\"en-US\"},{\"@type\":\"Organization\",\"@id\":\"https:\\\/\\\/dianasilver.com\\\/en\\\/#organization\",\"name\":\"Diana Silver\",\"url\":\"https:\\\/\\\/dianasilver.com\\\/en\\\/\",\"logo\":{\"@type\":\"ImageObject\",\"inLanguage\":\"en-US\",\"@id\":\"https:\\\/\\\/dianasilver.com\\\/en\\\/#\\\/schema\\\/logo\\\/image\\\/\",\"url\":\"https:\\\/\\\/dianasilver.com\\\/wp-content\\\/uploads\\\/2022\\\/08\\\/ezust-feher-1-koves-buttonos-stekkeres-fulbevalo-42.webp\",\"contentUrl\":\"https:\\\/\\\/dianasilver.com\\\/wp-content\\\/uploads\\\/2022\\\/08\\\/ezust-feher-1-koves-buttonos-stekkeres-fulbevalo-42.webp\",\"width\":300,\"height\":154,\"caption\":\"Diana Silver\"},\"image\":{\"@id\":\"https:\\\/\\\/dianasilver.com\\\/en\\\/#\\\/schema\\\/logo\\\/image\\\/\"},\"sameAs\":[\"https:\\\/\\\/www.facebook.com\\\/profile.php?id=100027231325117\"]}]}<\/script>\n<!-- \/ Yoast SEO plugin. -->","yoast_head_json":{"title":"Silver engagement ring with white cubic zirconia stones | Diana Silver","description":"Fedezd fel a leny\u0171g\u00f6z\u0151 Silver engagement ring with white cubic zirconia stones \u00e9kszer\u00fcnket. T\u00f6k\u00e9letes kieg\u00e9sz\u00edt\u0151 mindennapi viselethez \u00e9s k\u00fcl\u00f6nleges alkalmakra egyar\u00e1nt. Rendeld meg most!","robots":{"index":"index","follow":"follow","max-snippet":"max-snippet:-1","max-image-preview":"max-image-preview:large","max-video-preview":"max-video-preview:-1"},"canonical":"https:\/\/dianasilver.com\/en\/termek\/silver-engagement-ring-with-white-cubic-zirconia-stones-2\/","og_locale":"en_US","og_type":"article","og_title":"Silver engagement ring with white cubic zirconia stones | Diana Silver","og_description":"Fedezd fel a leny\u0171g\u00f6z\u0151 Silver engagement ring with white cubic zirconia stones \u00e9kszer\u00fcnket. T\u00f6k\u00e9letes kieg\u00e9sz\u00edt\u0151 mindennapi viselethez \u00e9s k\u00fcl\u00f6nleges alkalmakra egyar\u00e1nt. Rendeld meg most!","og_url":"https:\/\/dianasilver.com\/en\/termek\/silver-engagement-ring-with-white-cubic-zirconia-stones-2\/","og_site_name":"Diana Silver","article_publisher":"https:\/\/www.facebook.com\/profile.php?id=100027231325117","article_modified_time":"2026-02-11T23:52:57+00:00","og_image":[{"width":1350,"height":1800,"url":"https:\/\/dianasilver.com\/wp-content\/uploads\/2025\/06\/Ezust-gyuru-feher-cirkonia-kovekkel_4.jpg","type":"image\/jpeg"}],"twitter_card":"summary_large_image","twitter_misc":{"Est. reading time":"1 minute"},"schema":{"@context":"https:\/\/schema.org","@graph":[{"@type":"WebPage","@id":"https:\/\/dianasilver.com\/en\/termek\/silver-engagement-ring-with-white-cubic-zirconia-stones-2\/","url":"https:\/\/dianasilver.com\/en\/termek\/silver-engagement-ring-with-white-cubic-zirconia-stones-2\/","name":"Silver engagement ring with white cubic zirconia stones | Diana Silver","isPartOf":{"@id":"https:\/\/dianasilver.com\/en\/#website"},"primaryImageOfPage":{"@id":"https:\/\/dianasilver.com\/en\/termek\/silver-engagement-ring-with-white-cubic-zirconia-stones-2\/#primaryimage"},"image":{"@id":"https:\/\/dianasilver.com\/en\/termek\/silver-engagement-ring-with-white-cubic-zirconia-stones-2\/#primaryimage"},"thumbnailUrl":"https:\/\/dianasilver.com\/wp-content\/uploads\/2025\/06\/Ezust-gyuru-feher-cirkonia-kovekkel_4.jpg","datePublished":"2025-06-03T10:55:28+00:00","dateModified":"2026-02-11T23:52:57+00:00","description":"Fedezd fel a leny\u0171g\u00f6z\u0151 Silver engagement ring with white cubic zirconia stones \u00e9kszer\u00fcnket. T\u00f6k\u00e9letes kieg\u00e9sz\u00edt\u0151 mindennapi viselethez \u00e9s k\u00fcl\u00f6nleges alkalmakra egyar\u00e1nt. Rendeld meg most!","breadcrumb":{"@id":"https:\/\/dianasilver.com\/en\/termek\/silver-engagement-ring-with-white-cubic-zirconia-stones-2\/#breadcrumb"},"inLanguage":"en-US","potentialAction":[{"@type":"ReadAction","target":["https:\/\/dianasilver.com\/en\/termek\/silver-engagement-ring-with-white-cubic-zirconia-stones-2\/"]}]},{"@type":"ImageObject","inLanguage":"en-US","@id":"https:\/\/dianasilver.com\/en\/termek\/silver-engagement-ring-with-white-cubic-zirconia-stones-2\/#primaryimage","url":"https:\/\/dianasilver.com\/wp-content\/uploads\/2025\/06\/Ezust-gyuru-feher-cirkonia-kovekkel_4.jpg","contentUrl":"https:\/\/dianasilver.com\/wp-content\/uploads\/2025\/06\/Ezust-gyuru-feher-cirkonia-kovekkel_4.jpg","width":1350,"height":1800},{"@type":"BreadcrumbList","@id":"https:\/\/dianasilver.com\/en\/termek\/silver-engagement-ring-with-white-cubic-zirconia-stones-2\/#breadcrumb","itemListElement":[{"@type":"ListItem","position":1,"name":"Kezd\u0151lap","item":"https:\/\/dianasilver.com\/en\/diana-silver-silver-jewellery-webshop\/"},{"@type":"ListItem","position":2,"name":"Shop","item":"https:\/\/dianasilver.com\/en\/shop\/"},{"@type":"ListItem","position":3,"name":"Silver engagement ring with white cubic zirconia stones"}]},{"@type":"WebSite","@id":"https:\/\/dianasilver.com\/en\/#website","url":"https:\/\/dianasilver.com\/en\/","name":"Diana Silver","description":"Tedd t\u00f6k\u00e9letesebb\u00e9 mindennapjaid a Diana Silver \u00e9kszereivel.","publisher":{"@id":"https:\/\/dianasilver.com\/en\/#organization"},"alternateName":"Ez\u00fcst \u00c9kszer Web\u00e1ruh\u00e1z","potentialAction":[{"@type":"SearchAction","target":{"@type":"EntryPoint","urlTemplate":"https:\/\/dianasilver.com\/en\/?s={search_term_string}"},"query-input":{"@type":"PropertyValueSpecification","valueRequired":true,"valueName":"search_term_string"}}],"inLanguage":"en-US"},{"@type":"Organization","@id":"https:\/\/dianasilver.com\/en\/#organization","name":"Diana Silver","url":"https:\/\/dianasilver.com\/en\/","logo":{"@type":"ImageObject","inLanguage":"en-US","@id":"https:\/\/dianasilver.com\/en\/#\/schema\/logo\/image\/","url":"https:\/\/dianasilver.com\/wp-content\/uploads\/2022\/08\/ezust-feher-1-koves-buttonos-stekkeres-fulbevalo-42.webp","contentUrl":"https:\/\/dianasilver.com\/wp-content\/uploads\/2022\/08\/ezust-feher-1-koves-buttonos-stekkeres-fulbevalo-42.webp","width":300,"height":154,"caption":"Diana Silver"},"image":{"@id":"https:\/\/dianasilver.com\/en\/#\/schema\/logo\/image\/"},"sameAs":["https:\/\/www.facebook.com\/profile.php?id=100027231325117"]}]}},"_links":{"self":[{"href":"https:\/\/dianasilver.com\/en\/wp-json\/wp\/v2\/product\/112520","targetHints":{"allow":["GET"]}}],"collection":[{"href":"https:\/\/dianasilver.com\/en\/wp-json\/wp\/v2\/product"}],"about":[{"href":"https:\/\/dianasilver.com\/en\/wp-json\/wp\/v2\/types\/product"}],"version-history":[{"count":0,"href":"https:\/\/dianasilver.com\/en\/wp-json\/wp\/v2\/product\/112520\/revisions"}],"wp:featuredmedia":[{"embeddable":true,"href":"https:\/\/dianasilver.com\/en\/wp-json\/wp\/v2\/media\/105522"}],"wp:attachment":[{"href":"https:\/\/dianasilver.com\/en\/wp-json\/wp\/v2\/media?parent=112520"}],"wp:term":[{"taxonomy":"product_brand","embeddable":true,"href":"https:\/\/dianasilver.com\/en\/wp-json\/wp\/v2\/product_brand?post=112520"},{"taxonomy":"product_cat","embeddable":true,"href":"https:\/\/dianasilver.com\/en\/wp-json\/wp\/v2\/product_cat?post=112520"},{"taxonomy":"product_tag","embeddable":true,"href":"https:\/\/dianasilver.com\/en\/wp-json\/wp\/v2\/product_tag?post=112520"}],"curies":[{"name":"wp","href":"https:\/\/api.w.org\/{rel}","templated":true}]}}