{"id":112484,"date":"2025-06-02T12:08:03","date_gmt":"2025-06-02T10:08:03","guid":{"rendered":"https:\/\/dianasilver.hu\/termek\/silver-bracelet-fine-chain-design-with-zirconia-inlay\/"},"modified":"2026-04-15T01:41:12","modified_gmt":"2026-04-14T23:41:12","slug":"silver-bracelet-fine-chain-design-with-zirconia-inlay","status":"publish","type":"product","link":"https:\/\/dianasilver.com\/en\/termek\/silver-bracelet-fine-chain-design-with-zirconia-inlay\/","title":{"rendered":"Silver bracelet fine chain design with zirconia inlay"},"content":{"rendered":"<h2 data-start=\"374\" data-end=\"733\"><strong data-start=\"374\" data-end=\"409\">A symbol of stylish elegance<\/strong><\/h2>\n<p data-start=\"374\" data-end=\"733\">This beautiful silver bracelet offers the perfect blend of modern elegance and fine detail. Each element of the slim, chain-eye design is set with brilliant cubic zirconia stones that gently sparkle in the light. Thanks to the meticulous craftsmanship, the bracelet has an airy and sophisticated look.<\/p>\n<p data-start=\"735\" data-end=\"777\"><strong data-start=\"735\" data-end=\"775\">What does the shape and design symbolise?<\/strong><\/p>\n<ul data-start=\"778\" data-end=\"925\">\n<li data-start=\"778\" data-end=\"846\">\n<p data-start=\"780\" data-end=\"846\">The links symbolise interconnection and harmony.<\/p>\n<\/li>\n<li data-start=\"847\" data-end=\"925\">\n<p data-start=\"849\" data-end=\"925\">The sparkle of shimmering cubic zirconia stones is the epitome of feminine elegance and charm.<\/p>\n<\/li>\n<\/ul>\n<p data-start=\"927\" data-end=\"962\"><strong data-start=\"927\" data-end=\"960\">Why choose this bracelet?<\/strong><\/p>\n<ul data-start=\"963\" data-end=\"1304\">\n<li data-start=\"963\" data-end=\"1022\">\n<p data-start=\"965\" data-end=\"1022\">High quality AG 925 silver that is skin-friendly and durable.<\/p>\n<\/li>\n<li data-start=\"1023\" data-end=\"1111\">\n<p data-start=\"1025\" data-end=\"1111\">Chiron-embellished links for extra sparkle and elegance.<\/p>\n<\/li>\n<li data-start=\"1112\" data-end=\"1197\">\n<p data-start=\"1114\" data-end=\"1197\">Adjustable length (17+4 cm) to fit all wrist sizes.<\/p>\n<\/li>\n<li data-start=\"1198\" data-end=\"1304\">\n<p data-start=\"1200\" data-end=\"1304\">A clean yet unique design, perfect for everyday wear or elegant events.<\/p>\n<\/li>\n<\/ul>\n<p data-start=\"1306\" data-end=\"1411\">\ud83c\udf81 Give yourself or a loved one the gift of this brilliant bracelet that will brighten up any set! \ud83c\udf1f\ud83d\udc96<\/p>\n","protected":false},"excerpt":{"rendered":"<p>Sophisticated silver bracelet with cubic zirconia stones and chain eye design. The perfect accessory for everyday wear or elegant occasions. \ud83d\udc8e\u2728<\/p>\n","protected":false},"featured_media":105259,"template":"","meta":{"_acf_changed":false},"product_brand":[],"product_cat":[549],"product_tag":[692],"class_list":{"0":"post-112484","1":"product","2":"type-product","3":"status-publish","4":"has-post-thumbnail","6":"product_cat-silver-bracelet","7":"product_tag-silver-jewelry-for-women","8":"description-off","10":"first","11":"instock","12":"taxable","13":"shipping-taxable","14":"purchasable","15":"product-type-simple"},"acf":[],"yoast_head":"<!-- This site is optimized with the Yoast SEO plugin v27.4 - https:\/\/yoast.com\/product\/yoast-seo-wordpress\/ -->\n<title>Silver bracelet fine chain design with zirconia inlay | Diana Silver<\/title>\n<meta name=\"description\" content=\"Fedezd fel a leny\u0171g\u00f6z\u0151 Silver bracelet fine chain design with zirconia inlay \u00e9kszer\u00fcnket. T\u00f6k\u00e9letes kieg\u00e9sz\u00edt\u0151 mindennapi viselethez \u00e9s k\u00fcl\u00f6nleges alkalmakra egyar\u00e1nt. Rendeld meg most!\" \/>\n<meta name=\"robots\" content=\"index, follow, max-snippet:-1, max-image-preview:large, max-video-preview:-1\" \/>\n<link rel=\"canonical\" href=\"https:\/\/dianasilver.com\/en\/termek\/silver-bracelet-fine-chain-design-with-zirconia-inlay\/\" \/>\n<meta property=\"og:locale\" content=\"en_US\" \/>\n<meta property=\"og:type\" content=\"article\" \/>\n<meta property=\"og:title\" content=\"Silver bracelet fine chain design with zirconia inlay | Diana Silver\" \/>\n<meta property=\"og:description\" content=\"Fedezd fel a leny\u0171g\u00f6z\u0151 Silver bracelet fine chain design with zirconia inlay \u00e9kszer\u00fcnket. T\u00f6k\u00e9letes kieg\u00e9sz\u00edt\u0151 mindennapi viselethez \u00e9s k\u00fcl\u00f6nleges alkalmakra egyar\u00e1nt. Rendeld meg most!\" \/>\n<meta property=\"og:url\" content=\"https:\/\/dianasilver.com\/en\/termek\/silver-bracelet-fine-chain-design-with-zirconia-inlay\/\" \/>\n<meta property=\"og:site_name\" content=\"Diana Silver\" \/>\n<meta property=\"article:publisher\" content=\"https:\/\/www.facebook.com\/profile.php?id=100027231325117\" \/>\n<meta property=\"article:modified_time\" content=\"2026-04-14T23:41:12+00:00\" \/>\n<meta property=\"og:image\" content=\"https:\/\/dianasilver.com\/wp-content\/uploads\/2025\/06\/Ezust-karkoto-finom-lancszemes-dizajn-cirkonia-berakassal.jpg\" \/>\n\t<meta property=\"og:image:width\" content=\"1350\" \/>\n\t<meta property=\"og:image:height\" content=\"1800\" \/>\n\t<meta property=\"og:image:type\" content=\"image\/jpeg\" \/>\n<meta name=\"twitter:card\" content=\"summary_large_image\" \/>\n<meta name=\"twitter:label1\" content=\"Est. reading time\" \/>\n\t<meta name=\"twitter:data1\" content=\"1 minute\" \/>\n<script type=\"application\/ld+json\" class=\"yoast-schema-graph\">{\"@context\":\"https:\\\/\\\/schema.org\",\"@graph\":[{\"@type\":\"WebPage\",\"@id\":\"https:\\\/\\\/dianasilver.com\\\/en\\\/termek\\\/silver-bracelet-fine-chain-design-with-zirconia-inlay\\\/\",\"url\":\"https:\\\/\\\/dianasilver.com\\\/en\\\/termek\\\/silver-bracelet-fine-chain-design-with-zirconia-inlay\\\/\",\"name\":\"Silver bracelet fine chain design with zirconia inlay | Diana Silver\",\"isPartOf\":{\"@id\":\"https:\\\/\\\/dianasilver.com\\\/en\\\/#website\"},\"primaryImageOfPage\":{\"@id\":\"https:\\\/\\\/dianasilver.com\\\/en\\\/termek\\\/silver-bracelet-fine-chain-design-with-zirconia-inlay\\\/#primaryimage\"},\"image\":{\"@id\":\"https:\\\/\\\/dianasilver.com\\\/en\\\/termek\\\/silver-bracelet-fine-chain-design-with-zirconia-inlay\\\/#primaryimage\"},\"thumbnailUrl\":\"https:\\\/\\\/dianasilver.com\\\/wp-content\\\/uploads\\\/2025\\\/06\\\/Ezust-karkoto-finom-lancszemes-dizajn-cirkonia-berakassal.jpg\",\"datePublished\":\"2025-06-02T10:08:03+00:00\",\"dateModified\":\"2026-04-14T23:41:12+00:00\",\"description\":\"Fedezd fel a leny\u0171g\u00f6z\u0151 Silver bracelet fine chain design with zirconia inlay \u00e9kszer\u00fcnket. T\u00f6k\u00e9letes kieg\u00e9sz\u00edt\u0151 mindennapi viselethez \u00e9s k\u00fcl\u00f6nleges alkalmakra egyar\u00e1nt. Rendeld meg most!\",\"breadcrumb\":{\"@id\":\"https:\\\/\\\/dianasilver.com\\\/en\\\/termek\\\/silver-bracelet-fine-chain-design-with-zirconia-inlay\\\/#breadcrumb\"},\"inLanguage\":\"en-US\",\"potentialAction\":[{\"@type\":\"ReadAction\",\"target\":[\"https:\\\/\\\/dianasilver.com\\\/en\\\/termek\\\/silver-bracelet-fine-chain-design-with-zirconia-inlay\\\/\"]}]},{\"@type\":\"ImageObject\",\"inLanguage\":\"en-US\",\"@id\":\"https:\\\/\\\/dianasilver.com\\\/en\\\/termek\\\/silver-bracelet-fine-chain-design-with-zirconia-inlay\\\/#primaryimage\",\"url\":\"https:\\\/\\\/dianasilver.com\\\/wp-content\\\/uploads\\\/2025\\\/06\\\/Ezust-karkoto-finom-lancszemes-dizajn-cirkonia-berakassal.jpg\",\"contentUrl\":\"https:\\\/\\\/dianasilver.com\\\/wp-content\\\/uploads\\\/2025\\\/06\\\/Ezust-karkoto-finom-lancszemes-dizajn-cirkonia-berakassal.jpg\",\"width\":1350,\"height\":1800},{\"@type\":\"BreadcrumbList\",\"@id\":\"https:\\\/\\\/dianasilver.com\\\/en\\\/termek\\\/silver-bracelet-fine-chain-design-with-zirconia-inlay\\\/#breadcrumb\",\"itemListElement\":[{\"@type\":\"ListItem\",\"position\":1,\"name\":\"Kezd\u0151lap\",\"item\":\"https:\\\/\\\/dianasilver.com\\\/en\\\/diana-silver-silver-jewellery-webshop\\\/\"},{\"@type\":\"ListItem\",\"position\":2,\"name\":\"Shop\",\"item\":\"https:\\\/\\\/dianasilver.com\\\/en\\\/shop\\\/\"},{\"@type\":\"ListItem\",\"position\":3,\"name\":\"Silver bracelet fine chain design with zirconia inlay\"}]},{\"@type\":\"WebSite\",\"@id\":\"https:\\\/\\\/dianasilver.com\\\/en\\\/#website\",\"url\":\"https:\\\/\\\/dianasilver.com\\\/en\\\/\",\"name\":\"Diana Silver\",\"description\":\"Tedd t\u00f6k\u00e9letesebb\u00e9 mindennapjaid a Diana Silver \u00e9kszereivel.\",\"publisher\":{\"@id\":\"https:\\\/\\\/dianasilver.com\\\/en\\\/#organization\"},\"alternateName\":\"Ez\u00fcst \u00c9kszer Web\u00e1ruh\u00e1z\",\"potentialAction\":[{\"@type\":\"SearchAction\",\"target\":{\"@type\":\"EntryPoint\",\"urlTemplate\":\"https:\\\/\\\/dianasilver.com\\\/en\\\/?s={search_term_string}\"},\"query-input\":{\"@type\":\"PropertyValueSpecification\",\"valueRequired\":true,\"valueName\":\"search_term_string\"}}],\"inLanguage\":\"en-US\"},{\"@type\":\"Organization\",\"@id\":\"https:\\\/\\\/dianasilver.com\\\/en\\\/#organization\",\"name\":\"Diana Silver\",\"url\":\"https:\\\/\\\/dianasilver.com\\\/en\\\/\",\"logo\":{\"@type\":\"ImageObject\",\"inLanguage\":\"en-US\",\"@id\":\"https:\\\/\\\/dianasilver.com\\\/en\\\/#\\\/schema\\\/logo\\\/image\\\/\",\"url\":\"https:\\\/\\\/dianasilver.com\\\/wp-content\\\/uploads\\\/2022\\\/08\\\/ezust-feher-1-koves-buttonos-stekkeres-fulbevalo-42.webp\",\"contentUrl\":\"https:\\\/\\\/dianasilver.com\\\/wp-content\\\/uploads\\\/2022\\\/08\\\/ezust-feher-1-koves-buttonos-stekkeres-fulbevalo-42.webp\",\"width\":300,\"height\":154,\"caption\":\"Diana Silver\"},\"image\":{\"@id\":\"https:\\\/\\\/dianasilver.com\\\/en\\\/#\\\/schema\\\/logo\\\/image\\\/\"},\"sameAs\":[\"https:\\\/\\\/www.facebook.com\\\/profile.php?id=100027231325117\"]}]}<\/script>\n<!-- \/ Yoast SEO plugin. -->","yoast_head_json":{"title":"Silver bracelet fine chain design with zirconia inlay | Diana Silver","description":"Fedezd fel a leny\u0171g\u00f6z\u0151 Silver bracelet fine chain design with zirconia inlay \u00e9kszer\u00fcnket. T\u00f6k\u00e9letes kieg\u00e9sz\u00edt\u0151 mindennapi viselethez \u00e9s k\u00fcl\u00f6nleges alkalmakra egyar\u00e1nt. Rendeld meg most!","robots":{"index":"index","follow":"follow","max-snippet":"max-snippet:-1","max-image-preview":"max-image-preview:large","max-video-preview":"max-video-preview:-1"},"canonical":"https:\/\/dianasilver.com\/en\/termek\/silver-bracelet-fine-chain-design-with-zirconia-inlay\/","og_locale":"en_US","og_type":"article","og_title":"Silver bracelet fine chain design with zirconia inlay | Diana Silver","og_description":"Fedezd fel a leny\u0171g\u00f6z\u0151 Silver bracelet fine chain design with zirconia inlay \u00e9kszer\u00fcnket. T\u00f6k\u00e9letes kieg\u00e9sz\u00edt\u0151 mindennapi viselethez \u00e9s k\u00fcl\u00f6nleges alkalmakra egyar\u00e1nt. Rendeld meg most!","og_url":"https:\/\/dianasilver.com\/en\/termek\/silver-bracelet-fine-chain-design-with-zirconia-inlay\/","og_site_name":"Diana Silver","article_publisher":"https:\/\/www.facebook.com\/profile.php?id=100027231325117","article_modified_time":"2026-04-14T23:41:12+00:00","og_image":[{"width":1350,"height":1800,"url":"https:\/\/dianasilver.com\/wp-content\/uploads\/2025\/06\/Ezust-karkoto-finom-lancszemes-dizajn-cirkonia-berakassal.jpg","type":"image\/jpeg"}],"twitter_card":"summary_large_image","twitter_misc":{"Est. reading time":"1 minute"},"schema":{"@context":"https:\/\/schema.org","@graph":[{"@type":"WebPage","@id":"https:\/\/dianasilver.com\/en\/termek\/silver-bracelet-fine-chain-design-with-zirconia-inlay\/","url":"https:\/\/dianasilver.com\/en\/termek\/silver-bracelet-fine-chain-design-with-zirconia-inlay\/","name":"Silver bracelet fine chain design with zirconia inlay | Diana Silver","isPartOf":{"@id":"https:\/\/dianasilver.com\/en\/#website"},"primaryImageOfPage":{"@id":"https:\/\/dianasilver.com\/en\/termek\/silver-bracelet-fine-chain-design-with-zirconia-inlay\/#primaryimage"},"image":{"@id":"https:\/\/dianasilver.com\/en\/termek\/silver-bracelet-fine-chain-design-with-zirconia-inlay\/#primaryimage"},"thumbnailUrl":"https:\/\/dianasilver.com\/wp-content\/uploads\/2025\/06\/Ezust-karkoto-finom-lancszemes-dizajn-cirkonia-berakassal.jpg","datePublished":"2025-06-02T10:08:03+00:00","dateModified":"2026-04-14T23:41:12+00:00","description":"Fedezd fel a leny\u0171g\u00f6z\u0151 Silver bracelet fine chain design with zirconia inlay \u00e9kszer\u00fcnket. T\u00f6k\u00e9letes kieg\u00e9sz\u00edt\u0151 mindennapi viselethez \u00e9s k\u00fcl\u00f6nleges alkalmakra egyar\u00e1nt. Rendeld meg most!","breadcrumb":{"@id":"https:\/\/dianasilver.com\/en\/termek\/silver-bracelet-fine-chain-design-with-zirconia-inlay\/#breadcrumb"},"inLanguage":"en-US","potentialAction":[{"@type":"ReadAction","target":["https:\/\/dianasilver.com\/en\/termek\/silver-bracelet-fine-chain-design-with-zirconia-inlay\/"]}]},{"@type":"ImageObject","inLanguage":"en-US","@id":"https:\/\/dianasilver.com\/en\/termek\/silver-bracelet-fine-chain-design-with-zirconia-inlay\/#primaryimage","url":"https:\/\/dianasilver.com\/wp-content\/uploads\/2025\/06\/Ezust-karkoto-finom-lancszemes-dizajn-cirkonia-berakassal.jpg","contentUrl":"https:\/\/dianasilver.com\/wp-content\/uploads\/2025\/06\/Ezust-karkoto-finom-lancszemes-dizajn-cirkonia-berakassal.jpg","width":1350,"height":1800},{"@type":"BreadcrumbList","@id":"https:\/\/dianasilver.com\/en\/termek\/silver-bracelet-fine-chain-design-with-zirconia-inlay\/#breadcrumb","itemListElement":[{"@type":"ListItem","position":1,"name":"Kezd\u0151lap","item":"https:\/\/dianasilver.com\/en\/diana-silver-silver-jewellery-webshop\/"},{"@type":"ListItem","position":2,"name":"Shop","item":"https:\/\/dianasilver.com\/en\/shop\/"},{"@type":"ListItem","position":3,"name":"Silver bracelet fine chain design with zirconia inlay"}]},{"@type":"WebSite","@id":"https:\/\/dianasilver.com\/en\/#website","url":"https:\/\/dianasilver.com\/en\/","name":"Diana Silver","description":"Tedd t\u00f6k\u00e9letesebb\u00e9 mindennapjaid a Diana Silver \u00e9kszereivel.","publisher":{"@id":"https:\/\/dianasilver.com\/en\/#organization"},"alternateName":"Ez\u00fcst \u00c9kszer Web\u00e1ruh\u00e1z","potentialAction":[{"@type":"SearchAction","target":{"@type":"EntryPoint","urlTemplate":"https:\/\/dianasilver.com\/en\/?s={search_term_string}"},"query-input":{"@type":"PropertyValueSpecification","valueRequired":true,"valueName":"search_term_string"}}],"inLanguage":"en-US"},{"@type":"Organization","@id":"https:\/\/dianasilver.com\/en\/#organization","name":"Diana Silver","url":"https:\/\/dianasilver.com\/en\/","logo":{"@type":"ImageObject","inLanguage":"en-US","@id":"https:\/\/dianasilver.com\/en\/#\/schema\/logo\/image\/","url":"https:\/\/dianasilver.com\/wp-content\/uploads\/2022\/08\/ezust-feher-1-koves-buttonos-stekkeres-fulbevalo-42.webp","contentUrl":"https:\/\/dianasilver.com\/wp-content\/uploads\/2022\/08\/ezust-feher-1-koves-buttonos-stekkeres-fulbevalo-42.webp","width":300,"height":154,"caption":"Diana Silver"},"image":{"@id":"https:\/\/dianasilver.com\/en\/#\/schema\/logo\/image\/"},"sameAs":["https:\/\/www.facebook.com\/profile.php?id=100027231325117"]}]}},"_links":{"self":[{"href":"https:\/\/dianasilver.com\/en\/wp-json\/wp\/v2\/product\/112484","targetHints":{"allow":["GET"]}}],"collection":[{"href":"https:\/\/dianasilver.com\/en\/wp-json\/wp\/v2\/product"}],"about":[{"href":"https:\/\/dianasilver.com\/en\/wp-json\/wp\/v2\/types\/product"}],"version-history":[{"count":0,"href":"https:\/\/dianasilver.com\/en\/wp-json\/wp\/v2\/product\/112484\/revisions"}],"wp:featuredmedia":[{"embeddable":true,"href":"https:\/\/dianasilver.com\/en\/wp-json\/wp\/v2\/media\/105259"}],"wp:attachment":[{"href":"https:\/\/dianasilver.com\/en\/wp-json\/wp\/v2\/media?parent=112484"}],"wp:term":[{"taxonomy":"product_brand","embeddable":true,"href":"https:\/\/dianasilver.com\/en\/wp-json\/wp\/v2\/product_brand?post=112484"},{"taxonomy":"product_cat","embeddable":true,"href":"https:\/\/dianasilver.com\/en\/wp-json\/wp\/v2\/product_cat?post=112484"},{"taxonomy":"product_tag","embeddable":true,"href":"https:\/\/dianasilver.com\/en\/wp-json\/wp\/v2\/product_tag?post=112484"}],"curies":[{"name":"wp","href":"https:\/\/api.w.org\/{rel}","templated":true}]}}