{"id":112435,"date":"2025-09-11T20:07:20","date_gmt":"2025-09-11T18:07:20","guid":{"rendered":"https:\/\/dianasilver.hu\/termek\/rhodium-plated-hanging-diamond-pattern-french-clasp-earrings\/"},"modified":"2026-03-10T00:21:36","modified_gmt":"2026-03-09T23:21:36","slug":"rhodium-plated-hanging-diamond-pattern-french-clasp-earrings","status":"publish","type":"product","link":"https:\/\/dianasilver.com\/en\/termek\/rhodium-plated-hanging-diamond-pattern-french-clasp-earrings\/","title":{"rendered":"Rhodium plated hanging diamond pattern French clasp earrings"},"content":{"rendered":"<h2 data-start=\"316\" data-end=\"388\">Rhodium plated hanging diamond pattern French clasp earrings<\/h2>\n<h4 data-start=\"390\" data-end=\"421\">What does the shape symbolise?<\/h4>\n<ul data-start=\"422\" data-end=\"616\">\n<li data-start=\"422\" data-end=\"474\">\n<p data-start=\"424\" data-end=\"474\">The <strong data-start=\"426\" data-end=\"437\">rhombus<\/strong> is a symbol of harmony and balance<\/p>\n<\/li>\n<li data-start=\"475\" data-end=\"552\">\n<p data-start=\"477\" data-end=\"552\">Long, graceful chains emphasise <strong data-start=\"503\" data-end=\"536\">femininity and sophistication<\/strong> <\/p>\n<\/li>\n<li data-start=\"553\" data-end=\"616\">\n<p data-start=\"555\" data-end=\"616\">A modern, geometric design that highlights its uniqueness<\/p>\n<\/li>\n<\/ul>\n<h4 data-start=\"618\" data-end=\"639\">Why choose it?<\/h4>\n<ul data-start=\"640\" data-end=\"989\">\n<li data-start=\"640\" data-end=\"700\">\n<p data-start=\"642\" data-end=\"700\">High quality AG 925 sterling silver with rhodium plating<\/p>\n<\/li>\n<li data-start=\"701\" data-end=\"765\">\n<p data-start=\"703\" data-end=\"765\">Elegant long design that optically stretches the neck<\/p>\n<\/li>\n<li data-start=\"766\" data-end=\"836\">\n<p data-start=\"768\" data-end=\"836\">French clasp closure: stable and comfortable to wear every time<\/p>\n<\/li>\n<li data-start=\"837\" data-end=\"925\">\n<p data-start=\"839\" data-end=\"925\">Modern, geometric style that is the perfect complement to elegant and casual attire<\/p>\n<\/li>\n<li data-start=\"926\" data-end=\"989\">\n<p data-start=\"928\" data-end=\"989\">Also a great choice as a gift &#8211; a really special piece<\/p>\n<\/li>\n<\/ul>\n<p data-start=\"991\" data-end=\"1125\">This earring combines modern design with classic elegance &#8211; <strong data-start=\"1065\" data-end=\"1120\">the perfect accessory if you want to stand out from the crowd<\/strong>. \u2728<\/p>\n","protected":false},"excerpt":{"rendered":"<p>A distinctive, modern style with long earrings, made unique by the clean diamond shapes and gracefully falling chains. The French clasp closure ensures comfortable and secure wear, so it can be worn all day \u2728\ud83d\udc8e<\/p>\n","protected":false},"featured_media":108803,"template":"","meta":{"_acf_changed":false},"product_brand":[],"product_cat":[541],"product_tag":[692],"class_list":{"0":"post-112435","1":"product","2":"type-product","3":"status-publish","4":"has-post-thumbnail","6":"product_cat-silver-earrings","7":"product_tag-silver-jewelry-for-women","8":"description-off","10":"first","11":"instock","12":"sale","13":"taxable","14":"shipping-taxable","15":"purchasable","16":"product-type-simple"},"acf":[],"yoast_head":"<!-- This site is optimized with the Yoast SEO plugin v27.4 - https:\/\/yoast.com\/product\/yoast-seo-wordpress\/ -->\n<title>Rhodium plated hanging diamond pattern French clasp earrings | Diana Silver<\/title>\n<meta name=\"description\" content=\"Fedezd fel a leny\u0171g\u00f6z\u0151 Rhodium plated hanging diamond pattern French clasp earrings \u00e9kszer\u00fcnket. T\u00f6k\u00e9letes kieg\u00e9sz\u00edt\u0151 mindennapi viselethez \u00e9s k\u00fcl\u00f6nleges alkalmakra egyar\u00e1nt. Rendeld meg most!\" \/>\n<meta name=\"robots\" content=\"index, follow, max-snippet:-1, max-image-preview:large, max-video-preview:-1\" \/>\n<link rel=\"canonical\" href=\"https:\/\/dianasilver.com\/en\/termek\/rhodium-plated-hanging-diamond-pattern-french-clasp-earrings\/\" \/>\n<meta property=\"og:locale\" content=\"en_US\" \/>\n<meta property=\"og:type\" content=\"article\" \/>\n<meta property=\"og:title\" content=\"Rhodium plated hanging diamond pattern French clasp earrings | Diana Silver\" \/>\n<meta property=\"og:description\" content=\"Fedezd fel a leny\u0171g\u00f6z\u0151 Rhodium plated hanging diamond pattern French clasp earrings \u00e9kszer\u00fcnket. T\u00f6k\u00e9letes kieg\u00e9sz\u00edt\u0151 mindennapi viselethez \u00e9s k\u00fcl\u00f6nleges alkalmakra egyar\u00e1nt. Rendeld meg most!\" \/>\n<meta property=\"og:url\" content=\"https:\/\/dianasilver.com\/en\/termek\/rhodium-plated-hanging-diamond-pattern-french-clasp-earrings\/\" \/>\n<meta property=\"og:site_name\" content=\"Diana Silver\" \/>\n<meta property=\"article:publisher\" content=\"https:\/\/www.facebook.com\/profile.php?id=100027231325117\" \/>\n<meta property=\"article:modified_time\" content=\"2026-03-09T23:21:36+00:00\" \/>\n<meta property=\"og:image\" content=\"https:\/\/dianasilver.com\/wp-content\/uploads\/2025\/09\/Rodiumozott-logos-rombusz-mintas-francia-kapcsos-fulbevalo_1.jpg\" \/>\n\t<meta property=\"og:image:width\" content=\"1340\" \/>\n\t<meta property=\"og:image:height\" content=\"1785\" \/>\n\t<meta property=\"og:image:type\" content=\"image\/jpeg\" \/>\n<meta name=\"twitter:card\" content=\"summary_large_image\" \/>\n<meta name=\"twitter:label1\" content=\"Est. reading time\" \/>\n\t<meta name=\"twitter:data1\" content=\"1 minute\" \/>\n<script type=\"application\/ld+json\" class=\"yoast-schema-graph\">{\"@context\":\"https:\\\/\\\/schema.org\",\"@graph\":[{\"@type\":\"WebPage\",\"@id\":\"https:\\\/\\\/dianasilver.com\\\/en\\\/termek\\\/rhodium-plated-hanging-diamond-pattern-french-clasp-earrings\\\/\",\"url\":\"https:\\\/\\\/dianasilver.com\\\/en\\\/termek\\\/rhodium-plated-hanging-diamond-pattern-french-clasp-earrings\\\/\",\"name\":\"Rhodium plated hanging diamond pattern French clasp earrings | Diana Silver\",\"isPartOf\":{\"@id\":\"https:\\\/\\\/dianasilver.com\\\/en\\\/#website\"},\"primaryImageOfPage\":{\"@id\":\"https:\\\/\\\/dianasilver.com\\\/en\\\/termek\\\/rhodium-plated-hanging-diamond-pattern-french-clasp-earrings\\\/#primaryimage\"},\"image\":{\"@id\":\"https:\\\/\\\/dianasilver.com\\\/en\\\/termek\\\/rhodium-plated-hanging-diamond-pattern-french-clasp-earrings\\\/#primaryimage\"},\"thumbnailUrl\":\"https:\\\/\\\/dianasilver.com\\\/wp-content\\\/uploads\\\/2025\\\/09\\\/Rodiumozott-logos-rombusz-mintas-francia-kapcsos-fulbevalo_1.jpg\",\"datePublished\":\"2025-09-11T18:07:20+00:00\",\"dateModified\":\"2026-03-09T23:21:36+00:00\",\"description\":\"Fedezd fel a leny\u0171g\u00f6z\u0151 Rhodium plated hanging diamond pattern French clasp earrings \u00e9kszer\u00fcnket. T\u00f6k\u00e9letes kieg\u00e9sz\u00edt\u0151 mindennapi viselethez \u00e9s k\u00fcl\u00f6nleges alkalmakra egyar\u00e1nt. Rendeld meg most!\",\"breadcrumb\":{\"@id\":\"https:\\\/\\\/dianasilver.com\\\/en\\\/termek\\\/rhodium-plated-hanging-diamond-pattern-french-clasp-earrings\\\/#breadcrumb\"},\"inLanguage\":\"en-US\",\"potentialAction\":[{\"@type\":\"ReadAction\",\"target\":[\"https:\\\/\\\/dianasilver.com\\\/en\\\/termek\\\/rhodium-plated-hanging-diamond-pattern-french-clasp-earrings\\\/\"]}]},{\"@type\":\"ImageObject\",\"inLanguage\":\"en-US\",\"@id\":\"https:\\\/\\\/dianasilver.com\\\/en\\\/termek\\\/rhodium-plated-hanging-diamond-pattern-french-clasp-earrings\\\/#primaryimage\",\"url\":\"https:\\\/\\\/dianasilver.com\\\/wp-content\\\/uploads\\\/2025\\\/09\\\/Rodiumozott-logos-rombusz-mintas-francia-kapcsos-fulbevalo_1.jpg\",\"contentUrl\":\"https:\\\/\\\/dianasilver.com\\\/wp-content\\\/uploads\\\/2025\\\/09\\\/Rodiumozott-logos-rombusz-mintas-francia-kapcsos-fulbevalo_1.jpg\",\"width\":1340,\"height\":1785},{\"@type\":\"BreadcrumbList\",\"@id\":\"https:\\\/\\\/dianasilver.com\\\/en\\\/termek\\\/rhodium-plated-hanging-diamond-pattern-french-clasp-earrings\\\/#breadcrumb\",\"itemListElement\":[{\"@type\":\"ListItem\",\"position\":1,\"name\":\"Kezd\u0151lap\",\"item\":\"https:\\\/\\\/dianasilver.com\\\/en\\\/diana-silver-silver-jewellery-webshop\\\/\"},{\"@type\":\"ListItem\",\"position\":2,\"name\":\"Shop\",\"item\":\"https:\\\/\\\/dianasilver.com\\\/en\\\/shop\\\/\"},{\"@type\":\"ListItem\",\"position\":3,\"name\":\"Rhodium plated hanging diamond pattern French clasp earrings\"}]},{\"@type\":\"WebSite\",\"@id\":\"https:\\\/\\\/dianasilver.com\\\/en\\\/#website\",\"url\":\"https:\\\/\\\/dianasilver.com\\\/en\\\/\",\"name\":\"Diana Silver\",\"description\":\"Tedd t\u00f6k\u00e9letesebb\u00e9 mindennapjaid a Diana Silver \u00e9kszereivel.\",\"publisher\":{\"@id\":\"https:\\\/\\\/dianasilver.com\\\/en\\\/#organization\"},\"alternateName\":\"Ez\u00fcst \u00c9kszer Web\u00e1ruh\u00e1z\",\"potentialAction\":[{\"@type\":\"SearchAction\",\"target\":{\"@type\":\"EntryPoint\",\"urlTemplate\":\"https:\\\/\\\/dianasilver.com\\\/en\\\/?s={search_term_string}\"},\"query-input\":{\"@type\":\"PropertyValueSpecification\",\"valueRequired\":true,\"valueName\":\"search_term_string\"}}],\"inLanguage\":\"en-US\"},{\"@type\":\"Organization\",\"@id\":\"https:\\\/\\\/dianasilver.com\\\/en\\\/#organization\",\"name\":\"Diana Silver\",\"url\":\"https:\\\/\\\/dianasilver.com\\\/en\\\/\",\"logo\":{\"@type\":\"ImageObject\",\"inLanguage\":\"en-US\",\"@id\":\"https:\\\/\\\/dianasilver.com\\\/en\\\/#\\\/schema\\\/logo\\\/image\\\/\",\"url\":\"https:\\\/\\\/dianasilver.com\\\/wp-content\\\/uploads\\\/2022\\\/08\\\/ezust-feher-1-koves-buttonos-stekkeres-fulbevalo-42.webp\",\"contentUrl\":\"https:\\\/\\\/dianasilver.com\\\/wp-content\\\/uploads\\\/2022\\\/08\\\/ezust-feher-1-koves-buttonos-stekkeres-fulbevalo-42.webp\",\"width\":300,\"height\":154,\"caption\":\"Diana Silver\"},\"image\":{\"@id\":\"https:\\\/\\\/dianasilver.com\\\/en\\\/#\\\/schema\\\/logo\\\/image\\\/\"},\"sameAs\":[\"https:\\\/\\\/www.facebook.com\\\/profile.php?id=100027231325117\"]}]}<\/script>\n<!-- \/ Yoast SEO plugin. -->","yoast_head_json":{"title":"Rhodium plated hanging diamond pattern French clasp earrings | Diana Silver","description":"Fedezd fel a leny\u0171g\u00f6z\u0151 Rhodium plated hanging diamond pattern French clasp earrings \u00e9kszer\u00fcnket. T\u00f6k\u00e9letes kieg\u00e9sz\u00edt\u0151 mindennapi viselethez \u00e9s k\u00fcl\u00f6nleges alkalmakra egyar\u00e1nt. Rendeld meg most!","robots":{"index":"index","follow":"follow","max-snippet":"max-snippet:-1","max-image-preview":"max-image-preview:large","max-video-preview":"max-video-preview:-1"},"canonical":"https:\/\/dianasilver.com\/en\/termek\/rhodium-plated-hanging-diamond-pattern-french-clasp-earrings\/","og_locale":"en_US","og_type":"article","og_title":"Rhodium plated hanging diamond pattern French clasp earrings | Diana Silver","og_description":"Fedezd fel a leny\u0171g\u00f6z\u0151 Rhodium plated hanging diamond pattern French clasp earrings \u00e9kszer\u00fcnket. T\u00f6k\u00e9letes kieg\u00e9sz\u00edt\u0151 mindennapi viselethez \u00e9s k\u00fcl\u00f6nleges alkalmakra egyar\u00e1nt. Rendeld meg most!","og_url":"https:\/\/dianasilver.com\/en\/termek\/rhodium-plated-hanging-diamond-pattern-french-clasp-earrings\/","og_site_name":"Diana Silver","article_publisher":"https:\/\/www.facebook.com\/profile.php?id=100027231325117","article_modified_time":"2026-03-09T23:21:36+00:00","og_image":[{"width":1340,"height":1785,"url":"https:\/\/dianasilver.com\/wp-content\/uploads\/2025\/09\/Rodiumozott-logos-rombusz-mintas-francia-kapcsos-fulbevalo_1.jpg","type":"image\/jpeg"}],"twitter_card":"summary_large_image","twitter_misc":{"Est. reading time":"1 minute"},"schema":{"@context":"https:\/\/schema.org","@graph":[{"@type":"WebPage","@id":"https:\/\/dianasilver.com\/en\/termek\/rhodium-plated-hanging-diamond-pattern-french-clasp-earrings\/","url":"https:\/\/dianasilver.com\/en\/termek\/rhodium-plated-hanging-diamond-pattern-french-clasp-earrings\/","name":"Rhodium plated hanging diamond pattern French clasp earrings | Diana Silver","isPartOf":{"@id":"https:\/\/dianasilver.com\/en\/#website"},"primaryImageOfPage":{"@id":"https:\/\/dianasilver.com\/en\/termek\/rhodium-plated-hanging-diamond-pattern-french-clasp-earrings\/#primaryimage"},"image":{"@id":"https:\/\/dianasilver.com\/en\/termek\/rhodium-plated-hanging-diamond-pattern-french-clasp-earrings\/#primaryimage"},"thumbnailUrl":"https:\/\/dianasilver.com\/wp-content\/uploads\/2025\/09\/Rodiumozott-logos-rombusz-mintas-francia-kapcsos-fulbevalo_1.jpg","datePublished":"2025-09-11T18:07:20+00:00","dateModified":"2026-03-09T23:21:36+00:00","description":"Fedezd fel a leny\u0171g\u00f6z\u0151 Rhodium plated hanging diamond pattern French clasp earrings \u00e9kszer\u00fcnket. T\u00f6k\u00e9letes kieg\u00e9sz\u00edt\u0151 mindennapi viselethez \u00e9s k\u00fcl\u00f6nleges alkalmakra egyar\u00e1nt. Rendeld meg most!","breadcrumb":{"@id":"https:\/\/dianasilver.com\/en\/termek\/rhodium-plated-hanging-diamond-pattern-french-clasp-earrings\/#breadcrumb"},"inLanguage":"en-US","potentialAction":[{"@type":"ReadAction","target":["https:\/\/dianasilver.com\/en\/termek\/rhodium-plated-hanging-diamond-pattern-french-clasp-earrings\/"]}]},{"@type":"ImageObject","inLanguage":"en-US","@id":"https:\/\/dianasilver.com\/en\/termek\/rhodium-plated-hanging-diamond-pattern-french-clasp-earrings\/#primaryimage","url":"https:\/\/dianasilver.com\/wp-content\/uploads\/2025\/09\/Rodiumozott-logos-rombusz-mintas-francia-kapcsos-fulbevalo_1.jpg","contentUrl":"https:\/\/dianasilver.com\/wp-content\/uploads\/2025\/09\/Rodiumozott-logos-rombusz-mintas-francia-kapcsos-fulbevalo_1.jpg","width":1340,"height":1785},{"@type":"BreadcrumbList","@id":"https:\/\/dianasilver.com\/en\/termek\/rhodium-plated-hanging-diamond-pattern-french-clasp-earrings\/#breadcrumb","itemListElement":[{"@type":"ListItem","position":1,"name":"Kezd\u0151lap","item":"https:\/\/dianasilver.com\/en\/diana-silver-silver-jewellery-webshop\/"},{"@type":"ListItem","position":2,"name":"Shop","item":"https:\/\/dianasilver.com\/en\/shop\/"},{"@type":"ListItem","position":3,"name":"Rhodium plated hanging diamond pattern French clasp earrings"}]},{"@type":"WebSite","@id":"https:\/\/dianasilver.com\/en\/#website","url":"https:\/\/dianasilver.com\/en\/","name":"Diana Silver","description":"Tedd t\u00f6k\u00e9letesebb\u00e9 mindennapjaid a Diana Silver \u00e9kszereivel.","publisher":{"@id":"https:\/\/dianasilver.com\/en\/#organization"},"alternateName":"Ez\u00fcst \u00c9kszer Web\u00e1ruh\u00e1z","potentialAction":[{"@type":"SearchAction","target":{"@type":"EntryPoint","urlTemplate":"https:\/\/dianasilver.com\/en\/?s={search_term_string}"},"query-input":{"@type":"PropertyValueSpecification","valueRequired":true,"valueName":"search_term_string"}}],"inLanguage":"en-US"},{"@type":"Organization","@id":"https:\/\/dianasilver.com\/en\/#organization","name":"Diana Silver","url":"https:\/\/dianasilver.com\/en\/","logo":{"@type":"ImageObject","inLanguage":"en-US","@id":"https:\/\/dianasilver.com\/en\/#\/schema\/logo\/image\/","url":"https:\/\/dianasilver.com\/wp-content\/uploads\/2022\/08\/ezust-feher-1-koves-buttonos-stekkeres-fulbevalo-42.webp","contentUrl":"https:\/\/dianasilver.com\/wp-content\/uploads\/2022\/08\/ezust-feher-1-koves-buttonos-stekkeres-fulbevalo-42.webp","width":300,"height":154,"caption":"Diana Silver"},"image":{"@id":"https:\/\/dianasilver.com\/en\/#\/schema\/logo\/image\/"},"sameAs":["https:\/\/www.facebook.com\/profile.php?id=100027231325117"]}]}},"_links":{"self":[{"href":"https:\/\/dianasilver.com\/en\/wp-json\/wp\/v2\/product\/112435","targetHints":{"allow":["GET"]}}],"collection":[{"href":"https:\/\/dianasilver.com\/en\/wp-json\/wp\/v2\/product"}],"about":[{"href":"https:\/\/dianasilver.com\/en\/wp-json\/wp\/v2\/types\/product"}],"version-history":[{"count":0,"href":"https:\/\/dianasilver.com\/en\/wp-json\/wp\/v2\/product\/112435\/revisions"}],"wp:featuredmedia":[{"embeddable":true,"href":"https:\/\/dianasilver.com\/en\/wp-json\/wp\/v2\/media\/108803"}],"wp:attachment":[{"href":"https:\/\/dianasilver.com\/en\/wp-json\/wp\/v2\/media?parent=112435"}],"wp:term":[{"taxonomy":"product_brand","embeddable":true,"href":"https:\/\/dianasilver.com\/en\/wp-json\/wp\/v2\/product_brand?post=112435"},{"taxonomy":"product_cat","embeddable":true,"href":"https:\/\/dianasilver.com\/en\/wp-json\/wp\/v2\/product_cat?post=112435"},{"taxonomy":"product_tag","embeddable":true,"href":"https:\/\/dianasilver.com\/en\/wp-json\/wp\/v2\/product_tag?post=112435"}],"curies":[{"name":"wp","href":"https:\/\/api.w.org\/{rel}","templated":true}]}}