{"id":112430,"date":"2025-09-05T21:50:11","date_gmt":"2025-09-05T19:50:11","guid":{"rendered":"https:\/\/dianasilver.hu\/termek\/silver-ankh-earrings-key-to-life-ancient-egyptian-cross-symbol\/"},"modified":"2026-03-10T00:21:37","modified_gmt":"2026-03-09T23:21:37","slug":"silver-ankh-earrings-key-to-life-ancient-egyptian-cross-symbol","status":"publish","type":"product","link":"https:\/\/dianasilver.com\/en\/termek\/silver-ankh-earrings-key-to-life-ancient-egyptian-cross-symbol\/","title":{"rendered":"Silver Ankh earrings &#8211; key to life, ancient Egyptian cross symbol"},"content":{"rendered":"<h2 data-start=\"335\" data-end=\"671\">This earring represents the <strong data-start=\"377\" data-end=\"393\">Ankh cross<\/strong>, also known as <strong data-start=\"405\" data-end=\"423\">the key to life<\/strong>, one of the most famous spiritual symbols of ancient Egypt.<\/h2>\n<p data-start=\"335\" data-end=\"671\">The <strong data-start=\"514\" data-end=\"522\">Ankh<\/strong> represents eternal life, fertility and spiritual balance, and has been worn for centuries as a talisman and protective symbol.<\/p>\n<p data-start=\"673\" data-end=\"886\">The meaning of the symbol:<br data-start=\"695\" data-end=\"698\">&#8211; <strong data-start=\"700\" data-end=\"713\">Eternal life<\/strong> &#8211; symbol of immortality and rebirth.<br data-start=\"760\" data-end=\"763\">&#8211; <strong data-start=\"765\" data-end=\"784\">Spiritual power<\/strong> &#8211; symbol of harmony and protection.<br data-start=\"819\" data-end=\"822\">&#8211; <strong data-start=\"824\" data-end=\"837\" data-is-only-node=\"\">Balance<\/strong> &#8211; linking the material and spiritual worlds.<\/p>\n<p data-start=\"888\" data-end=\"1120\">The earrings are <strong data-start=\"900\" data-end=\"927\">made of AG 925 sterling silver<\/strong> <strong data-start=\"929\" data-end=\"950\">with a rhodium plating<\/strong> that retains its shine and is comfortable to wear thanks to its hypoallergenic properties. The <strong data-start=\"1039\" data-end=\"1059\">steker closure<\/strong> ensures stable and practical use in everyday life.<\/p>\n<p data-start=\"1122\" data-end=\"1382\">\ud83d\udc96 <strong data-start=\"1125\" data-end=\"1143\">Why choose it?<\/strong><br data-start=\"1143\" data-end=\"1146\">&#8211; Spiritual meaning: key to life, eternal protection.<br data-start=\"1199\" data-end=\"1202\">&#8211; Classic and spiritual jewellery in one.<br data-start=\"1244\" data-end=\"1247\">&#8211; <strong data-start=\"1249\" data-end=\"1284\">AG 925 silver, rhodium plated<\/strong> &#8211; durable light and skin-friendly material.<br data-start=\"1317\" data-end=\"1320\">&#8211; Perfect for everyday wear and as a gift.<\/p>\n<p data-start=\"1384\" data-end=\"1522\">\u2728 Let the power of the <strong data-start=\"1402\" data-end=\"1420\">Ankh symbol<\/strong> accompany you in your everyday life and remind you of the beauty and harmony of life! \ud83d\udd11\ud83d\udc8e<\/p>\n","protected":false},"excerpt":{"rendered":"<p>Pure and spiritual <strong data-start=\"129\" data-end=\"159\">Ankh symbol earrings<\/strong>, known from ancient Egypt <strong data-start=\"195\" data-end=\"217\">as the key to life.<\/strong> A symbol of infinite life, strength and harmony that is both timelessly stylish and spiritually significant \ud83d\udd11<\/p>\n","protected":false},"featured_media":107881,"template":"","meta":{"_acf_changed":false},"product_brand":[],"product_cat":[589,541],"product_tag":[620,551,637,692],"class_list":{"0":"post-112430","1":"product","2":"type-product","3":"status-publish","4":"has-post-thumbnail","6":"product_cat-cross-earrings","7":"product_cat-silver-earrings","8":"product_tag-ankh-cross","9":"product_tag-male","10":"product_tag-spiritual","11":"product_tag-silver-jewelry-for-women","12":"description-off","14":"first","15":"outofstock","16":"taxable","17":"shipping-taxable","18":"purchasable","19":"product-type-simple"},"acf":[],"yoast_head":"<!-- This site is optimized with the Yoast SEO plugin v27.4 - https:\/\/yoast.com\/product\/yoast-seo-wordpress\/ -->\n<title>Silver Ankh earrings - key to life, ancient Egyptian cross symbol | Diana Silver<\/title>\n<meta name=\"description\" content=\"Fedezd fel a leny\u0171g\u00f6z\u0151 Silver Ankh earrings - key to life, ancient Egyptian cross symbol \u00e9kszer\u00fcnket. T\u00f6k\u00e9letes kieg\u00e9sz\u00edt\u0151 mindennapi viselethez \u00e9s k\u00fcl\u00f6nleges alkalmakra egyar\u00e1nt. Rendeld meg most!\" \/>\n<meta name=\"robots\" content=\"index, follow, max-snippet:-1, max-image-preview:large, max-video-preview:-1\" \/>\n<link rel=\"canonical\" href=\"https:\/\/dianasilver.com\/en\/termek\/silver-ankh-earrings-key-to-life-ancient-egyptian-cross-symbol\/\" \/>\n<meta property=\"og:locale\" content=\"en_US\" \/>\n<meta property=\"og:type\" content=\"article\" \/>\n<meta property=\"og:title\" content=\"Silver Ankh earrings - key to life, ancient Egyptian cross symbol | Diana Silver\" \/>\n<meta property=\"og:description\" content=\"Fedezd fel a leny\u0171g\u00f6z\u0151 Silver Ankh earrings - key to life, ancient Egyptian cross symbol \u00e9kszer\u00fcnket. T\u00f6k\u00e9letes kieg\u00e9sz\u00edt\u0151 mindennapi viselethez \u00e9s k\u00fcl\u00f6nleges alkalmakra egyar\u00e1nt. Rendeld meg most!\" \/>\n<meta property=\"og:url\" content=\"https:\/\/dianasilver.com\/en\/termek\/silver-ankh-earrings-key-to-life-ancient-egyptian-cross-symbol\/\" \/>\n<meta property=\"og:site_name\" content=\"Diana Silver\" \/>\n<meta property=\"article:publisher\" content=\"https:\/\/www.facebook.com\/profile.php?id=100027231325117\" \/>\n<meta property=\"article:modified_time\" content=\"2026-03-09T23:21:37+00:00\" \/>\n<meta property=\"og:image\" content=\"https:\/\/dianasilver.com\/wp-content\/uploads\/2025\/09\/Ezust-Ankh-fulbevalo-\u2013-az-elet-kulcsa-oegyiptomi-kereszt-szimbolum_2.jpg\" \/>\n\t<meta property=\"og:image:width\" content=\"1340\" \/>\n\t<meta property=\"og:image:height\" content=\"1785\" \/>\n\t<meta property=\"og:image:type\" content=\"image\/jpeg\" \/>\n<meta name=\"twitter:card\" content=\"summary_large_image\" \/>\n<meta name=\"twitter:label1\" content=\"Est. reading time\" \/>\n\t<meta name=\"twitter:data1\" content=\"1 minute\" \/>\n<script type=\"application\/ld+json\" class=\"yoast-schema-graph\">{\"@context\":\"https:\\\/\\\/schema.org\",\"@graph\":[{\"@type\":\"WebPage\",\"@id\":\"https:\\\/\\\/dianasilver.com\\\/en\\\/termek\\\/silver-ankh-earrings-key-to-life-ancient-egyptian-cross-symbol\\\/\",\"url\":\"https:\\\/\\\/dianasilver.com\\\/en\\\/termek\\\/silver-ankh-earrings-key-to-life-ancient-egyptian-cross-symbol\\\/\",\"name\":\"Silver Ankh earrings - key to life, ancient Egyptian cross symbol | Diana Silver\",\"isPartOf\":{\"@id\":\"https:\\\/\\\/dianasilver.com\\\/en\\\/#website\"},\"primaryImageOfPage\":{\"@id\":\"https:\\\/\\\/dianasilver.com\\\/en\\\/termek\\\/silver-ankh-earrings-key-to-life-ancient-egyptian-cross-symbol\\\/#primaryimage\"},\"image\":{\"@id\":\"https:\\\/\\\/dianasilver.com\\\/en\\\/termek\\\/silver-ankh-earrings-key-to-life-ancient-egyptian-cross-symbol\\\/#primaryimage\"},\"thumbnailUrl\":\"https:\\\/\\\/dianasilver.com\\\/wp-content\\\/uploads\\\/2025\\\/09\\\/Ezust-Ankh-fulbevalo-\u2013-az-elet-kulcsa-oegyiptomi-kereszt-szimbolum_2.jpg\",\"datePublished\":\"2025-09-05T19:50:11+00:00\",\"dateModified\":\"2026-03-09T23:21:37+00:00\",\"description\":\"Fedezd fel a leny\u0171g\u00f6z\u0151 Silver Ankh earrings - key to life, ancient Egyptian cross symbol \u00e9kszer\u00fcnket. T\u00f6k\u00e9letes kieg\u00e9sz\u00edt\u0151 mindennapi viselethez \u00e9s k\u00fcl\u00f6nleges alkalmakra egyar\u00e1nt. Rendeld meg most!\",\"breadcrumb\":{\"@id\":\"https:\\\/\\\/dianasilver.com\\\/en\\\/termek\\\/silver-ankh-earrings-key-to-life-ancient-egyptian-cross-symbol\\\/#breadcrumb\"},\"inLanguage\":\"en-US\",\"potentialAction\":[{\"@type\":\"ReadAction\",\"target\":[\"https:\\\/\\\/dianasilver.com\\\/en\\\/termek\\\/silver-ankh-earrings-key-to-life-ancient-egyptian-cross-symbol\\\/\"]}]},{\"@type\":\"ImageObject\",\"inLanguage\":\"en-US\",\"@id\":\"https:\\\/\\\/dianasilver.com\\\/en\\\/termek\\\/silver-ankh-earrings-key-to-life-ancient-egyptian-cross-symbol\\\/#primaryimage\",\"url\":\"https:\\\/\\\/dianasilver.com\\\/wp-content\\\/uploads\\\/2025\\\/09\\\/Ezust-Ankh-fulbevalo-\u2013-az-elet-kulcsa-oegyiptomi-kereszt-szimbolum_2.jpg\",\"contentUrl\":\"https:\\\/\\\/dianasilver.com\\\/wp-content\\\/uploads\\\/2025\\\/09\\\/Ezust-Ankh-fulbevalo-\u2013-az-elet-kulcsa-oegyiptomi-kereszt-szimbolum_2.jpg\",\"width\":1340,\"height\":1785},{\"@type\":\"BreadcrumbList\",\"@id\":\"https:\\\/\\\/dianasilver.com\\\/en\\\/termek\\\/silver-ankh-earrings-key-to-life-ancient-egyptian-cross-symbol\\\/#breadcrumb\",\"itemListElement\":[{\"@type\":\"ListItem\",\"position\":1,\"name\":\"Kezd\u0151lap\",\"item\":\"https:\\\/\\\/dianasilver.com\\\/en\\\/diana-silver-silver-jewellery-webshop\\\/\"},{\"@type\":\"ListItem\",\"position\":2,\"name\":\"Shop\",\"item\":\"https:\\\/\\\/dianasilver.com\\\/en\\\/shop\\\/\"},{\"@type\":\"ListItem\",\"position\":3,\"name\":\"Silver Ankh earrings &#8211; key to life, ancient Egyptian cross symbol\"}]},{\"@type\":\"WebSite\",\"@id\":\"https:\\\/\\\/dianasilver.com\\\/en\\\/#website\",\"url\":\"https:\\\/\\\/dianasilver.com\\\/en\\\/\",\"name\":\"Diana Silver\",\"description\":\"Tedd t\u00f6k\u00e9letesebb\u00e9 mindennapjaid a Diana Silver \u00e9kszereivel.\",\"publisher\":{\"@id\":\"https:\\\/\\\/dianasilver.com\\\/en\\\/#organization\"},\"alternateName\":\"Ez\u00fcst \u00c9kszer Web\u00e1ruh\u00e1z\",\"potentialAction\":[{\"@type\":\"SearchAction\",\"target\":{\"@type\":\"EntryPoint\",\"urlTemplate\":\"https:\\\/\\\/dianasilver.com\\\/en\\\/?s={search_term_string}\"},\"query-input\":{\"@type\":\"PropertyValueSpecification\",\"valueRequired\":true,\"valueName\":\"search_term_string\"}}],\"inLanguage\":\"en-US\"},{\"@type\":\"Organization\",\"@id\":\"https:\\\/\\\/dianasilver.com\\\/en\\\/#organization\",\"name\":\"Diana Silver\",\"url\":\"https:\\\/\\\/dianasilver.com\\\/en\\\/\",\"logo\":{\"@type\":\"ImageObject\",\"inLanguage\":\"en-US\",\"@id\":\"https:\\\/\\\/dianasilver.com\\\/en\\\/#\\\/schema\\\/logo\\\/image\\\/\",\"url\":\"https:\\\/\\\/dianasilver.com\\\/wp-content\\\/uploads\\\/2022\\\/08\\\/ezust-feher-1-koves-buttonos-stekkeres-fulbevalo-42.webp\",\"contentUrl\":\"https:\\\/\\\/dianasilver.com\\\/wp-content\\\/uploads\\\/2022\\\/08\\\/ezust-feher-1-koves-buttonos-stekkeres-fulbevalo-42.webp\",\"width\":300,\"height\":154,\"caption\":\"Diana Silver\"},\"image\":{\"@id\":\"https:\\\/\\\/dianasilver.com\\\/en\\\/#\\\/schema\\\/logo\\\/image\\\/\"},\"sameAs\":[\"https:\\\/\\\/www.facebook.com\\\/profile.php?id=100027231325117\"]}]}<\/script>\n<!-- \/ Yoast SEO plugin. -->","yoast_head_json":{"title":"Silver Ankh earrings - key to life, ancient Egyptian cross symbol | Diana Silver","description":"Fedezd fel a leny\u0171g\u00f6z\u0151 Silver Ankh earrings - key to life, ancient Egyptian cross symbol \u00e9kszer\u00fcnket. T\u00f6k\u00e9letes kieg\u00e9sz\u00edt\u0151 mindennapi viselethez \u00e9s k\u00fcl\u00f6nleges alkalmakra egyar\u00e1nt. Rendeld meg most!","robots":{"index":"index","follow":"follow","max-snippet":"max-snippet:-1","max-image-preview":"max-image-preview:large","max-video-preview":"max-video-preview:-1"},"canonical":"https:\/\/dianasilver.com\/en\/termek\/silver-ankh-earrings-key-to-life-ancient-egyptian-cross-symbol\/","og_locale":"en_US","og_type":"article","og_title":"Silver Ankh earrings - key to life, ancient Egyptian cross symbol | Diana Silver","og_description":"Fedezd fel a leny\u0171g\u00f6z\u0151 Silver Ankh earrings - key to life, ancient Egyptian cross symbol \u00e9kszer\u00fcnket. T\u00f6k\u00e9letes kieg\u00e9sz\u00edt\u0151 mindennapi viselethez \u00e9s k\u00fcl\u00f6nleges alkalmakra egyar\u00e1nt. Rendeld meg most!","og_url":"https:\/\/dianasilver.com\/en\/termek\/silver-ankh-earrings-key-to-life-ancient-egyptian-cross-symbol\/","og_site_name":"Diana Silver","article_publisher":"https:\/\/www.facebook.com\/profile.php?id=100027231325117","article_modified_time":"2026-03-09T23:21:37+00:00","og_image":[{"width":1340,"height":1785,"url":"https:\/\/dianasilver.com\/wp-content\/uploads\/2025\/09\/Ezust-Ankh-fulbevalo-\u2013-az-elet-kulcsa-oegyiptomi-kereszt-szimbolum_2.jpg","type":"image\/jpeg"}],"twitter_card":"summary_large_image","twitter_misc":{"Est. reading time":"1 minute"},"schema":{"@context":"https:\/\/schema.org","@graph":[{"@type":"WebPage","@id":"https:\/\/dianasilver.com\/en\/termek\/silver-ankh-earrings-key-to-life-ancient-egyptian-cross-symbol\/","url":"https:\/\/dianasilver.com\/en\/termek\/silver-ankh-earrings-key-to-life-ancient-egyptian-cross-symbol\/","name":"Silver Ankh earrings - key to life, ancient Egyptian cross symbol | Diana Silver","isPartOf":{"@id":"https:\/\/dianasilver.com\/en\/#website"},"primaryImageOfPage":{"@id":"https:\/\/dianasilver.com\/en\/termek\/silver-ankh-earrings-key-to-life-ancient-egyptian-cross-symbol\/#primaryimage"},"image":{"@id":"https:\/\/dianasilver.com\/en\/termek\/silver-ankh-earrings-key-to-life-ancient-egyptian-cross-symbol\/#primaryimage"},"thumbnailUrl":"https:\/\/dianasilver.com\/wp-content\/uploads\/2025\/09\/Ezust-Ankh-fulbevalo-\u2013-az-elet-kulcsa-oegyiptomi-kereszt-szimbolum_2.jpg","datePublished":"2025-09-05T19:50:11+00:00","dateModified":"2026-03-09T23:21:37+00:00","description":"Fedezd fel a leny\u0171g\u00f6z\u0151 Silver Ankh earrings - key to life, ancient Egyptian cross symbol \u00e9kszer\u00fcnket. T\u00f6k\u00e9letes kieg\u00e9sz\u00edt\u0151 mindennapi viselethez \u00e9s k\u00fcl\u00f6nleges alkalmakra egyar\u00e1nt. Rendeld meg most!","breadcrumb":{"@id":"https:\/\/dianasilver.com\/en\/termek\/silver-ankh-earrings-key-to-life-ancient-egyptian-cross-symbol\/#breadcrumb"},"inLanguage":"en-US","potentialAction":[{"@type":"ReadAction","target":["https:\/\/dianasilver.com\/en\/termek\/silver-ankh-earrings-key-to-life-ancient-egyptian-cross-symbol\/"]}]},{"@type":"ImageObject","inLanguage":"en-US","@id":"https:\/\/dianasilver.com\/en\/termek\/silver-ankh-earrings-key-to-life-ancient-egyptian-cross-symbol\/#primaryimage","url":"https:\/\/dianasilver.com\/wp-content\/uploads\/2025\/09\/Ezust-Ankh-fulbevalo-\u2013-az-elet-kulcsa-oegyiptomi-kereszt-szimbolum_2.jpg","contentUrl":"https:\/\/dianasilver.com\/wp-content\/uploads\/2025\/09\/Ezust-Ankh-fulbevalo-\u2013-az-elet-kulcsa-oegyiptomi-kereszt-szimbolum_2.jpg","width":1340,"height":1785},{"@type":"BreadcrumbList","@id":"https:\/\/dianasilver.com\/en\/termek\/silver-ankh-earrings-key-to-life-ancient-egyptian-cross-symbol\/#breadcrumb","itemListElement":[{"@type":"ListItem","position":1,"name":"Kezd\u0151lap","item":"https:\/\/dianasilver.com\/en\/diana-silver-silver-jewellery-webshop\/"},{"@type":"ListItem","position":2,"name":"Shop","item":"https:\/\/dianasilver.com\/en\/shop\/"},{"@type":"ListItem","position":3,"name":"Silver Ankh earrings &#8211; key to life, ancient Egyptian cross symbol"}]},{"@type":"WebSite","@id":"https:\/\/dianasilver.com\/en\/#website","url":"https:\/\/dianasilver.com\/en\/","name":"Diana Silver","description":"Tedd t\u00f6k\u00e9letesebb\u00e9 mindennapjaid a Diana Silver \u00e9kszereivel.","publisher":{"@id":"https:\/\/dianasilver.com\/en\/#organization"},"alternateName":"Ez\u00fcst \u00c9kszer Web\u00e1ruh\u00e1z","potentialAction":[{"@type":"SearchAction","target":{"@type":"EntryPoint","urlTemplate":"https:\/\/dianasilver.com\/en\/?s={search_term_string}"},"query-input":{"@type":"PropertyValueSpecification","valueRequired":true,"valueName":"search_term_string"}}],"inLanguage":"en-US"},{"@type":"Organization","@id":"https:\/\/dianasilver.com\/en\/#organization","name":"Diana Silver","url":"https:\/\/dianasilver.com\/en\/","logo":{"@type":"ImageObject","inLanguage":"en-US","@id":"https:\/\/dianasilver.com\/en\/#\/schema\/logo\/image\/","url":"https:\/\/dianasilver.com\/wp-content\/uploads\/2022\/08\/ezust-feher-1-koves-buttonos-stekkeres-fulbevalo-42.webp","contentUrl":"https:\/\/dianasilver.com\/wp-content\/uploads\/2022\/08\/ezust-feher-1-koves-buttonos-stekkeres-fulbevalo-42.webp","width":300,"height":154,"caption":"Diana Silver"},"image":{"@id":"https:\/\/dianasilver.com\/en\/#\/schema\/logo\/image\/"},"sameAs":["https:\/\/www.facebook.com\/profile.php?id=100027231325117"]}]}},"_links":{"self":[{"href":"https:\/\/dianasilver.com\/en\/wp-json\/wp\/v2\/product\/112430","targetHints":{"allow":["GET"]}}],"collection":[{"href":"https:\/\/dianasilver.com\/en\/wp-json\/wp\/v2\/product"}],"about":[{"href":"https:\/\/dianasilver.com\/en\/wp-json\/wp\/v2\/types\/product"}],"version-history":[{"count":0,"href":"https:\/\/dianasilver.com\/en\/wp-json\/wp\/v2\/product\/112430\/revisions"}],"wp:featuredmedia":[{"embeddable":true,"href":"https:\/\/dianasilver.com\/en\/wp-json\/wp\/v2\/media\/107881"}],"wp:attachment":[{"href":"https:\/\/dianasilver.com\/en\/wp-json\/wp\/v2\/media?parent=112430"}],"wp:term":[{"taxonomy":"product_brand","embeddable":true,"href":"https:\/\/dianasilver.com\/en\/wp-json\/wp\/v2\/product_brand?post=112430"},{"taxonomy":"product_cat","embeddable":true,"href":"https:\/\/dianasilver.com\/en\/wp-json\/wp\/v2\/product_cat?post=112430"},{"taxonomy":"product_tag","embeddable":true,"href":"https:\/\/dianasilver.com\/en\/wp-json\/wp\/v2\/product_tag?post=112430"}],"curies":[{"name":"wp","href":"https:\/\/api.w.org\/{rel}","templated":true}]}}