{"id":112355,"date":"2025-07-27T19:20:48","date_gmt":"2025-07-27T17:20:48","guid":{"rendered":"https:\/\/dianasilver.hu\/termek\/silver-cross-pendant-strength-faith-and-purity\/"},"modified":"2026-01-16T17:37:10","modified_gmt":"2026-01-16T16:37:10","slug":"silver-cross-pendant-strength-faith-and-purity","status":"publish","type":"product","link":"https:\/\/dianasilver.com\/en\/termek\/silver-cross-pendant-strength-faith-and-purity\/","title":{"rendered":"Silver cross pendant &#8211; strength, faith and purity"},"content":{"rendered":"<h2 data-start=\"376\" data-end=\"433\">Silver cross pendant &#8211; classic shape, deep message<\/h2>\n<p data-start=\"434\" data-end=\"473\"><strong data-start=\"434\" data-end=\"473\">Minimalism that speaks for you.<\/strong><\/p>\n<p data-start=\"475\" data-end=\"749\">This <strong>AG 925 sterling silver cross pendant<\/strong> is the ideal choice for those who want to express a spiritual message with a modern look. Its glossy polished surface has an understated shine and its shape is one of the strongest symbols of the Christian faith.<\/p>\n<ul data-start=\"751\" data-end=\"902\">\n<li data-start=\"751\" data-end=\"769\">\n<p data-start=\"753\" data-end=\"769\"><strong data-start=\"753\" data-end=\"769\">AG 925 silver<\/strong><\/p>\n<\/li>\n<li data-start=\"770\" data-end=\"796\">\n<p data-start=\"772\" data-end=\"796\"><strong data-start=\"772\" data-end=\"796\">Bright, smooth surface<\/strong><\/p>\n<\/li>\n<li data-start=\"797\" data-end=\"827\">\n<p data-start=\"799\" data-end=\"827\"><strong data-start=\"799\" data-end=\"827\">Elegant, angular shape<\/strong><\/p>\n<\/li>\n<li data-start=\"828\" data-end=\"902\">\n<p data-start=\"830\" data-end=\"902\">Supplied <strong data-start=\"830\" data-end=\"845\">without chain<\/strong>, so you can choose the necklace you want<\/p>\n<\/li>\n<\/ul>\n<p data-start=\"904\" data-end=\"1047\">Perfect gift for a christening, confirmation, first communion or any special occasion. A pendant that is with you every moment. \ud83d\ude4c\u2728<\/p>\n","protected":false},"excerpt":{"rendered":"<p>Elegant and pure silver cross pendant, symbolising inner strength and eternal values with its dignified simplicity. \ud83d\ude4f<\/p>\n","protected":false},"featured_media":106955,"template":"","meta":{"_acf_changed":false},"product_brand":[],"product_cat":[601,550],"product_tag":[551,637,692],"class_list":{"0":"post-112355","1":"product","2":"type-product","3":"status-publish","4":"has-post-thumbnail","6":"product_cat-silver-cross-pendants","7":"product_cat-silver-pendants","8":"product_tag-male","9":"product_tag-spiritual","10":"product_tag-silver-jewelry-for-women","11":"description-off","13":"first","14":"instock","15":"sale","16":"taxable","17":"shipping-taxable","18":"purchasable","19":"product-type-simple"},"acf":[],"yoast_head":"<!-- This site is optimized with the Yoast SEO plugin v27.4 - https:\/\/yoast.com\/product\/yoast-seo-wordpress\/ -->\n<title>Silver cross pendant - strength, faith and purity | Diana Silver<\/title>\n<meta name=\"description\" content=\"Fedezd fel a leny\u0171g\u00f6z\u0151 Silver cross pendant - strength, faith and purity \u00e9kszer\u00fcnket. T\u00f6k\u00e9letes kieg\u00e9sz\u00edt\u0151 mindennapi viselethez \u00e9s k\u00fcl\u00f6nleges alkalmakra egyar\u00e1nt. Rendeld meg most!\" \/>\n<meta name=\"robots\" content=\"index, follow, max-snippet:-1, max-image-preview:large, max-video-preview:-1\" \/>\n<link rel=\"canonical\" href=\"https:\/\/dianasilver.com\/en\/termek\/silver-cross-pendant-strength-faith-and-purity\/\" \/>\n<meta property=\"og:locale\" content=\"en_US\" \/>\n<meta property=\"og:type\" content=\"article\" \/>\n<meta property=\"og:title\" content=\"Silver cross pendant - strength, faith and purity | Diana Silver\" \/>\n<meta property=\"og:description\" content=\"Fedezd fel a leny\u0171g\u00f6z\u0151 Silver cross pendant - strength, faith and purity \u00e9kszer\u00fcnket. T\u00f6k\u00e9letes kieg\u00e9sz\u00edt\u0151 mindennapi viselethez \u00e9s k\u00fcl\u00f6nleges alkalmakra egyar\u00e1nt. Rendeld meg most!\" \/>\n<meta property=\"og:url\" content=\"https:\/\/dianasilver.com\/en\/termek\/silver-cross-pendant-strength-faith-and-purity\/\" \/>\n<meta property=\"og:site_name\" content=\"Diana Silver\" \/>\n<meta property=\"article:publisher\" content=\"https:\/\/www.facebook.com\/profile.php?id=100027231325117\" \/>\n<meta property=\"article:modified_time\" content=\"2026-01-16T16:37:10+00:00\" \/>\n<meta property=\"og:image\" content=\"https:\/\/dianasilver.com\/wp-content\/uploads\/2025\/07\/Ezust-kereszt-medal-\u2013-ero-hit-es-tisztasag_2.jpg\" \/>\n\t<meta property=\"og:image:width\" content=\"1340\" \/>\n\t<meta property=\"og:image:height\" content=\"1785\" \/>\n\t<meta property=\"og:image:type\" content=\"image\/jpeg\" \/>\n<meta name=\"twitter:card\" content=\"summary_large_image\" \/>\n<script type=\"application\/ld+json\" class=\"yoast-schema-graph\">{\"@context\":\"https:\\\/\\\/schema.org\",\"@graph\":[{\"@type\":\"WebPage\",\"@id\":\"https:\\\/\\\/dianasilver.com\\\/en\\\/termek\\\/silver-cross-pendant-strength-faith-and-purity\\\/\",\"url\":\"https:\\\/\\\/dianasilver.com\\\/en\\\/termek\\\/silver-cross-pendant-strength-faith-and-purity\\\/\",\"name\":\"Silver cross pendant - strength, faith and purity | Diana Silver\",\"isPartOf\":{\"@id\":\"https:\\\/\\\/dianasilver.com\\\/en\\\/#website\"},\"primaryImageOfPage\":{\"@id\":\"https:\\\/\\\/dianasilver.com\\\/en\\\/termek\\\/silver-cross-pendant-strength-faith-and-purity\\\/#primaryimage\"},\"image\":{\"@id\":\"https:\\\/\\\/dianasilver.com\\\/en\\\/termek\\\/silver-cross-pendant-strength-faith-and-purity\\\/#primaryimage\"},\"thumbnailUrl\":\"https:\\\/\\\/dianasilver.com\\\/wp-content\\\/uploads\\\/2025\\\/07\\\/Ezust-kereszt-medal-\u2013-ero-hit-es-tisztasag_2.jpg\",\"datePublished\":\"2025-07-27T17:20:48+00:00\",\"dateModified\":\"2026-01-16T16:37:10+00:00\",\"description\":\"Fedezd fel a leny\u0171g\u00f6z\u0151 Silver cross pendant - strength, faith and purity \u00e9kszer\u00fcnket. T\u00f6k\u00e9letes kieg\u00e9sz\u00edt\u0151 mindennapi viselethez \u00e9s k\u00fcl\u00f6nleges alkalmakra egyar\u00e1nt. Rendeld meg most!\",\"breadcrumb\":{\"@id\":\"https:\\\/\\\/dianasilver.com\\\/en\\\/termek\\\/silver-cross-pendant-strength-faith-and-purity\\\/#breadcrumb\"},\"inLanguage\":\"en-US\",\"potentialAction\":[{\"@type\":\"ReadAction\",\"target\":[\"https:\\\/\\\/dianasilver.com\\\/en\\\/termek\\\/silver-cross-pendant-strength-faith-and-purity\\\/\"]}]},{\"@type\":\"ImageObject\",\"inLanguage\":\"en-US\",\"@id\":\"https:\\\/\\\/dianasilver.com\\\/en\\\/termek\\\/silver-cross-pendant-strength-faith-and-purity\\\/#primaryimage\",\"url\":\"https:\\\/\\\/dianasilver.com\\\/wp-content\\\/uploads\\\/2025\\\/07\\\/Ezust-kereszt-medal-\u2013-ero-hit-es-tisztasag_2.jpg\",\"contentUrl\":\"https:\\\/\\\/dianasilver.com\\\/wp-content\\\/uploads\\\/2025\\\/07\\\/Ezust-kereszt-medal-\u2013-ero-hit-es-tisztasag_2.jpg\",\"width\":1340,\"height\":1785},{\"@type\":\"BreadcrumbList\",\"@id\":\"https:\\\/\\\/dianasilver.com\\\/en\\\/termek\\\/silver-cross-pendant-strength-faith-and-purity\\\/#breadcrumb\",\"itemListElement\":[{\"@type\":\"ListItem\",\"position\":1,\"name\":\"Kezd\u0151lap\",\"item\":\"https:\\\/\\\/dianasilver.com\\\/en\\\/diana-silver-silver-jewellery-webshop\\\/\"},{\"@type\":\"ListItem\",\"position\":2,\"name\":\"Shop\",\"item\":\"https:\\\/\\\/dianasilver.com\\\/en\\\/shop\\\/\"},{\"@type\":\"ListItem\",\"position\":3,\"name\":\"Silver cross pendant &#8211; strength, faith and purity\"}]},{\"@type\":\"WebSite\",\"@id\":\"https:\\\/\\\/dianasilver.com\\\/en\\\/#website\",\"url\":\"https:\\\/\\\/dianasilver.com\\\/en\\\/\",\"name\":\"Diana Silver\",\"description\":\"Tedd t\u00f6k\u00e9letesebb\u00e9 mindennapjaid a Diana Silver \u00e9kszereivel.\",\"publisher\":{\"@id\":\"https:\\\/\\\/dianasilver.com\\\/en\\\/#organization\"},\"alternateName\":\"Ez\u00fcst \u00c9kszer Web\u00e1ruh\u00e1z\",\"potentialAction\":[{\"@type\":\"SearchAction\",\"target\":{\"@type\":\"EntryPoint\",\"urlTemplate\":\"https:\\\/\\\/dianasilver.com\\\/en\\\/?s={search_term_string}\"},\"query-input\":{\"@type\":\"PropertyValueSpecification\",\"valueRequired\":true,\"valueName\":\"search_term_string\"}}],\"inLanguage\":\"en-US\"},{\"@type\":\"Organization\",\"@id\":\"https:\\\/\\\/dianasilver.com\\\/en\\\/#organization\",\"name\":\"Diana Silver\",\"url\":\"https:\\\/\\\/dianasilver.com\\\/en\\\/\",\"logo\":{\"@type\":\"ImageObject\",\"inLanguage\":\"en-US\",\"@id\":\"https:\\\/\\\/dianasilver.com\\\/en\\\/#\\\/schema\\\/logo\\\/image\\\/\",\"url\":\"https:\\\/\\\/dianasilver.com\\\/wp-content\\\/uploads\\\/2022\\\/08\\\/ezust-feher-1-koves-buttonos-stekkeres-fulbevalo-42.webp\",\"contentUrl\":\"https:\\\/\\\/dianasilver.com\\\/wp-content\\\/uploads\\\/2022\\\/08\\\/ezust-feher-1-koves-buttonos-stekkeres-fulbevalo-42.webp\",\"width\":300,\"height\":154,\"caption\":\"Diana Silver\"},\"image\":{\"@id\":\"https:\\\/\\\/dianasilver.com\\\/en\\\/#\\\/schema\\\/logo\\\/image\\\/\"},\"sameAs\":[\"https:\\\/\\\/www.facebook.com\\\/profile.php?id=100027231325117\"]}]}<\/script>\n<!-- \/ Yoast SEO plugin. -->","yoast_head_json":{"title":"Silver cross pendant - strength, faith and purity | Diana Silver","description":"Fedezd fel a leny\u0171g\u00f6z\u0151 Silver cross pendant - strength, faith and purity \u00e9kszer\u00fcnket. T\u00f6k\u00e9letes kieg\u00e9sz\u00edt\u0151 mindennapi viselethez \u00e9s k\u00fcl\u00f6nleges alkalmakra egyar\u00e1nt. Rendeld meg most!","robots":{"index":"index","follow":"follow","max-snippet":"max-snippet:-1","max-image-preview":"max-image-preview:large","max-video-preview":"max-video-preview:-1"},"canonical":"https:\/\/dianasilver.com\/en\/termek\/silver-cross-pendant-strength-faith-and-purity\/","og_locale":"en_US","og_type":"article","og_title":"Silver cross pendant - strength, faith and purity | Diana Silver","og_description":"Fedezd fel a leny\u0171g\u00f6z\u0151 Silver cross pendant - strength, faith and purity \u00e9kszer\u00fcnket. T\u00f6k\u00e9letes kieg\u00e9sz\u00edt\u0151 mindennapi viselethez \u00e9s k\u00fcl\u00f6nleges alkalmakra egyar\u00e1nt. Rendeld meg most!","og_url":"https:\/\/dianasilver.com\/en\/termek\/silver-cross-pendant-strength-faith-and-purity\/","og_site_name":"Diana Silver","article_publisher":"https:\/\/www.facebook.com\/profile.php?id=100027231325117","article_modified_time":"2026-01-16T16:37:10+00:00","og_image":[{"width":1340,"height":1785,"url":"https:\/\/dianasilver.com\/wp-content\/uploads\/2025\/07\/Ezust-kereszt-medal-\u2013-ero-hit-es-tisztasag_2.jpg","type":"image\/jpeg"}],"twitter_card":"summary_large_image","schema":{"@context":"https:\/\/schema.org","@graph":[{"@type":"WebPage","@id":"https:\/\/dianasilver.com\/en\/termek\/silver-cross-pendant-strength-faith-and-purity\/","url":"https:\/\/dianasilver.com\/en\/termek\/silver-cross-pendant-strength-faith-and-purity\/","name":"Silver cross pendant - strength, faith and purity | Diana Silver","isPartOf":{"@id":"https:\/\/dianasilver.com\/en\/#website"},"primaryImageOfPage":{"@id":"https:\/\/dianasilver.com\/en\/termek\/silver-cross-pendant-strength-faith-and-purity\/#primaryimage"},"image":{"@id":"https:\/\/dianasilver.com\/en\/termek\/silver-cross-pendant-strength-faith-and-purity\/#primaryimage"},"thumbnailUrl":"https:\/\/dianasilver.com\/wp-content\/uploads\/2025\/07\/Ezust-kereszt-medal-\u2013-ero-hit-es-tisztasag_2.jpg","datePublished":"2025-07-27T17:20:48+00:00","dateModified":"2026-01-16T16:37:10+00:00","description":"Fedezd fel a leny\u0171g\u00f6z\u0151 Silver cross pendant - strength, faith and purity \u00e9kszer\u00fcnket. T\u00f6k\u00e9letes kieg\u00e9sz\u00edt\u0151 mindennapi viselethez \u00e9s k\u00fcl\u00f6nleges alkalmakra egyar\u00e1nt. Rendeld meg most!","breadcrumb":{"@id":"https:\/\/dianasilver.com\/en\/termek\/silver-cross-pendant-strength-faith-and-purity\/#breadcrumb"},"inLanguage":"en-US","potentialAction":[{"@type":"ReadAction","target":["https:\/\/dianasilver.com\/en\/termek\/silver-cross-pendant-strength-faith-and-purity\/"]}]},{"@type":"ImageObject","inLanguage":"en-US","@id":"https:\/\/dianasilver.com\/en\/termek\/silver-cross-pendant-strength-faith-and-purity\/#primaryimage","url":"https:\/\/dianasilver.com\/wp-content\/uploads\/2025\/07\/Ezust-kereszt-medal-\u2013-ero-hit-es-tisztasag_2.jpg","contentUrl":"https:\/\/dianasilver.com\/wp-content\/uploads\/2025\/07\/Ezust-kereszt-medal-\u2013-ero-hit-es-tisztasag_2.jpg","width":1340,"height":1785},{"@type":"BreadcrumbList","@id":"https:\/\/dianasilver.com\/en\/termek\/silver-cross-pendant-strength-faith-and-purity\/#breadcrumb","itemListElement":[{"@type":"ListItem","position":1,"name":"Kezd\u0151lap","item":"https:\/\/dianasilver.com\/en\/diana-silver-silver-jewellery-webshop\/"},{"@type":"ListItem","position":2,"name":"Shop","item":"https:\/\/dianasilver.com\/en\/shop\/"},{"@type":"ListItem","position":3,"name":"Silver cross pendant &#8211; strength, faith and purity"}]},{"@type":"WebSite","@id":"https:\/\/dianasilver.com\/en\/#website","url":"https:\/\/dianasilver.com\/en\/","name":"Diana Silver","description":"Tedd t\u00f6k\u00e9letesebb\u00e9 mindennapjaid a Diana Silver \u00e9kszereivel.","publisher":{"@id":"https:\/\/dianasilver.com\/en\/#organization"},"alternateName":"Ez\u00fcst \u00c9kszer Web\u00e1ruh\u00e1z","potentialAction":[{"@type":"SearchAction","target":{"@type":"EntryPoint","urlTemplate":"https:\/\/dianasilver.com\/en\/?s={search_term_string}"},"query-input":{"@type":"PropertyValueSpecification","valueRequired":true,"valueName":"search_term_string"}}],"inLanguage":"en-US"},{"@type":"Organization","@id":"https:\/\/dianasilver.com\/en\/#organization","name":"Diana Silver","url":"https:\/\/dianasilver.com\/en\/","logo":{"@type":"ImageObject","inLanguage":"en-US","@id":"https:\/\/dianasilver.com\/en\/#\/schema\/logo\/image\/","url":"https:\/\/dianasilver.com\/wp-content\/uploads\/2022\/08\/ezust-feher-1-koves-buttonos-stekkeres-fulbevalo-42.webp","contentUrl":"https:\/\/dianasilver.com\/wp-content\/uploads\/2022\/08\/ezust-feher-1-koves-buttonos-stekkeres-fulbevalo-42.webp","width":300,"height":154,"caption":"Diana Silver"},"image":{"@id":"https:\/\/dianasilver.com\/en\/#\/schema\/logo\/image\/"},"sameAs":["https:\/\/www.facebook.com\/profile.php?id=100027231325117"]}]}},"_links":{"self":[{"href":"https:\/\/dianasilver.com\/en\/wp-json\/wp\/v2\/product\/112355","targetHints":{"allow":["GET"]}}],"collection":[{"href":"https:\/\/dianasilver.com\/en\/wp-json\/wp\/v2\/product"}],"about":[{"href":"https:\/\/dianasilver.com\/en\/wp-json\/wp\/v2\/types\/product"}],"version-history":[{"count":0,"href":"https:\/\/dianasilver.com\/en\/wp-json\/wp\/v2\/product\/112355\/revisions"}],"wp:featuredmedia":[{"embeddable":true,"href":"https:\/\/dianasilver.com\/en\/wp-json\/wp\/v2\/media\/106955"}],"wp:attachment":[{"href":"https:\/\/dianasilver.com\/en\/wp-json\/wp\/v2\/media?parent=112355"}],"wp:term":[{"taxonomy":"product_brand","embeddable":true,"href":"https:\/\/dianasilver.com\/en\/wp-json\/wp\/v2\/product_brand?post=112355"},{"taxonomy":"product_cat","embeddable":true,"href":"https:\/\/dianasilver.com\/en\/wp-json\/wp\/v2\/product_cat?post=112355"},{"taxonomy":"product_tag","embeddable":true,"href":"https:\/\/dianasilver.com\/en\/wp-json\/wp\/v2\/product_tag?post=112355"}],"curies":[{"name":"wp","href":"https:\/\/api.w.org\/{rel}","templated":true}]}}