{"id":112351,"date":"2025-07-27T18:56:08","date_gmt":"2025-07-27T16:56:08","guid":{"rendered":"https:\/\/dianasilver.hu\/termek\/silver-navy-opal-set-depth-and-elegance\/"},"modified":"2026-03-10T00:21:48","modified_gmt":"2026-03-09T23:21:48","slug":"silver-navy-opal-set-depth-and-elegance","status":"publish","type":"product","link":"https:\/\/dianasilver.com\/en\/termek\/silver-navy-opal-set-depth-and-elegance\/","title":{"rendered":"Silver navy opal set &#8211; depth and elegance"},"content":{"rendered":"<h2 data-start=\"340\" data-end=\"412\">Dark blue opal silver bezel set &#8211; minimalist shape, deep shine<\/h2>\n<p data-start=\"413\" data-end=\"438\"><strong data-start=\"413\" data-end=\"438\">Modern, yet sensual.<\/strong><\/p>\n<p data-start=\"440\" data-end=\"650\">This <strong>AG<\/strong> <strong data-start=\"445\" data-end=\"470\">925 sterling silver<\/strong> set consists of geometric shaped earrings and a pendant in dark <strong data-start=\"498\" data-end=\"521\">synthetic opal<\/strong> &#8211; the latter comes <strong data-start=\"591\" data-end=\"606\">without a chain<\/strong> so you can personalise it to your own style.<\/p>\n<ul data-start=\"652\" data-end=\"821\">\n<li data-start=\"652\" data-end=\"670\">\n<p data-start=\"654\" data-end=\"670\"><strong data-start=\"654\" data-end=\"670\">AG 925 silver<\/strong><\/p>\n<\/li>\n<li data-start=\"671\" data-end=\"730\">\n<p data-start=\"673\" data-end=\"730\"><strong data-start=\"673\" data-end=\"730\">Dark blue synthetic opal &#8211; deep, mystical sparkle<\/strong><\/p>\n<\/li>\n<li data-start=\"731\" data-end=\"779\">\n<p data-start=\"733\" data-end=\"779\"><strong data-start=\"733\" data-end=\"779\">Stud earrings for comfortable wear<\/strong><\/p>\n<\/li>\n<li data-start=\"780\" data-end=\"821\">\n<p data-start=\"782\" data-end=\"821\"><strong data-start=\"782\" data-end=\"821\">Without chain &#8211; freely combinable<\/strong><\/p>\n<\/li>\n<\/ul>\n<p data-start=\"823\" data-end=\"919\">A jewel that highlights your individuality &#8211; an elegant choice for everyday wear or special occasions. \ud83d\ude0a\ud83d\udcab<\/p>\n","protected":false},"excerpt":{"rendered":"<p>Modern shape, mysterious blue lights &#8211; this jewel is a meeting of understated elegance and uniqueness. \ud83c\udf0c\u2728<\/p>\n","protected":false},"featured_media":106930,"template":"","meta":{"_acf_changed":false},"product_brand":[],"product_cat":[524],"product_tag":[547,692],"class_list":{"0":"post-112351","1":"product","2":"type-product","3":"status-publish","4":"has-post-thumbnail","6":"product_cat-silver-jewellery-set","7":"product_tag-colourful","8":"product_tag-silver-jewelry-for-women","9":"description-off","11":"first","12":"instock","13":"sale","14":"taxable","15":"shipping-taxable","16":"purchasable","17":"product-type-simple"},"acf":[],"yoast_head":"<!-- This site is optimized with the Yoast SEO plugin v27.4 - https:\/\/yoast.com\/product\/yoast-seo-wordpress\/ -->\n<title>Silver navy opal set - depth and elegance | Diana Silver<\/title>\n<meta name=\"description\" content=\"Fedezd fel a leny\u0171g\u00f6z\u0151 Silver navy opal set - depth and elegance \u00e9kszer\u00fcnket. T\u00f6k\u00e9letes kieg\u00e9sz\u00edt\u0151 mindennapi viselethez \u00e9s k\u00fcl\u00f6nleges alkalmakra egyar\u00e1nt. Rendeld meg most!\" \/>\n<meta name=\"robots\" content=\"index, follow, max-snippet:-1, max-image-preview:large, max-video-preview:-1\" \/>\n<link rel=\"canonical\" href=\"https:\/\/dianasilver.com\/en\/termek\/silver-navy-opal-set-depth-and-elegance\/\" \/>\n<meta property=\"og:locale\" content=\"en_US\" \/>\n<meta property=\"og:type\" content=\"article\" \/>\n<meta property=\"og:title\" content=\"Silver navy opal set - depth and elegance | Diana Silver\" \/>\n<meta property=\"og:description\" content=\"Fedezd fel a leny\u0171g\u00f6z\u0151 Silver navy opal set - depth and elegance \u00e9kszer\u00fcnket. T\u00f6k\u00e9letes kieg\u00e9sz\u00edt\u0151 mindennapi viselethez \u00e9s k\u00fcl\u00f6nleges alkalmakra egyar\u00e1nt. Rendeld meg most!\" \/>\n<meta property=\"og:url\" content=\"https:\/\/dianasilver.com\/en\/termek\/silver-navy-opal-set-depth-and-elegance\/\" \/>\n<meta property=\"og:site_name\" content=\"Diana Silver\" \/>\n<meta property=\"article:publisher\" content=\"https:\/\/www.facebook.com\/profile.php?id=100027231325117\" \/>\n<meta property=\"article:modified_time\" content=\"2026-03-09T23:21:48+00:00\" \/>\n<meta property=\"og:image\" content=\"https:\/\/dianasilver.com\/wp-content\/uploads\/2025\/07\/Ezust-sotetkek-opal-ekszerszett-\u2013-melyseg-es-elegancia_2.jpg\" \/>\n\t<meta property=\"og:image:width\" content=\"1340\" \/>\n\t<meta property=\"og:image:height\" content=\"1785\" \/>\n\t<meta property=\"og:image:type\" content=\"image\/jpeg\" \/>\n<meta name=\"twitter:card\" content=\"summary_large_image\" \/>\n<script type=\"application\/ld+json\" class=\"yoast-schema-graph\">{\"@context\":\"https:\\\/\\\/schema.org\",\"@graph\":[{\"@type\":\"WebPage\",\"@id\":\"https:\\\/\\\/dianasilver.com\\\/en\\\/termek\\\/silver-navy-opal-set-depth-and-elegance\\\/\",\"url\":\"https:\\\/\\\/dianasilver.com\\\/en\\\/termek\\\/silver-navy-opal-set-depth-and-elegance\\\/\",\"name\":\"Silver navy opal set - depth and elegance | Diana Silver\",\"isPartOf\":{\"@id\":\"https:\\\/\\\/dianasilver.com\\\/en\\\/#website\"},\"primaryImageOfPage\":{\"@id\":\"https:\\\/\\\/dianasilver.com\\\/en\\\/termek\\\/silver-navy-opal-set-depth-and-elegance\\\/#primaryimage\"},\"image\":{\"@id\":\"https:\\\/\\\/dianasilver.com\\\/en\\\/termek\\\/silver-navy-opal-set-depth-and-elegance\\\/#primaryimage\"},\"thumbnailUrl\":\"https:\\\/\\\/dianasilver.com\\\/wp-content\\\/uploads\\\/2025\\\/07\\\/Ezust-sotetkek-opal-ekszerszett-\u2013-melyseg-es-elegancia_2.jpg\",\"datePublished\":\"2025-07-27T16:56:08+00:00\",\"dateModified\":\"2026-03-09T23:21:48+00:00\",\"description\":\"Fedezd fel a leny\u0171g\u00f6z\u0151 Silver navy opal set - depth and elegance \u00e9kszer\u00fcnket. T\u00f6k\u00e9letes kieg\u00e9sz\u00edt\u0151 mindennapi viselethez \u00e9s k\u00fcl\u00f6nleges alkalmakra egyar\u00e1nt. Rendeld meg most!\",\"breadcrumb\":{\"@id\":\"https:\\\/\\\/dianasilver.com\\\/en\\\/termek\\\/silver-navy-opal-set-depth-and-elegance\\\/#breadcrumb\"},\"inLanguage\":\"en-US\",\"potentialAction\":[{\"@type\":\"ReadAction\",\"target\":[\"https:\\\/\\\/dianasilver.com\\\/en\\\/termek\\\/silver-navy-opal-set-depth-and-elegance\\\/\"]}]},{\"@type\":\"ImageObject\",\"inLanguage\":\"en-US\",\"@id\":\"https:\\\/\\\/dianasilver.com\\\/en\\\/termek\\\/silver-navy-opal-set-depth-and-elegance\\\/#primaryimage\",\"url\":\"https:\\\/\\\/dianasilver.com\\\/wp-content\\\/uploads\\\/2025\\\/07\\\/Ezust-sotetkek-opal-ekszerszett-\u2013-melyseg-es-elegancia_2.jpg\",\"contentUrl\":\"https:\\\/\\\/dianasilver.com\\\/wp-content\\\/uploads\\\/2025\\\/07\\\/Ezust-sotetkek-opal-ekszerszett-\u2013-melyseg-es-elegancia_2.jpg\",\"width\":1340,\"height\":1785},{\"@type\":\"BreadcrumbList\",\"@id\":\"https:\\\/\\\/dianasilver.com\\\/en\\\/termek\\\/silver-navy-opal-set-depth-and-elegance\\\/#breadcrumb\",\"itemListElement\":[{\"@type\":\"ListItem\",\"position\":1,\"name\":\"Kezd\u0151lap\",\"item\":\"https:\\\/\\\/dianasilver.com\\\/en\\\/diana-silver-silver-jewellery-webshop\\\/\"},{\"@type\":\"ListItem\",\"position\":2,\"name\":\"Shop\",\"item\":\"https:\\\/\\\/dianasilver.com\\\/en\\\/shop\\\/\"},{\"@type\":\"ListItem\",\"position\":3,\"name\":\"Silver navy opal set &#8211; depth and elegance\"}]},{\"@type\":\"WebSite\",\"@id\":\"https:\\\/\\\/dianasilver.com\\\/en\\\/#website\",\"url\":\"https:\\\/\\\/dianasilver.com\\\/en\\\/\",\"name\":\"Diana Silver\",\"description\":\"Tedd t\u00f6k\u00e9letesebb\u00e9 mindennapjaid a Diana Silver \u00e9kszereivel.\",\"publisher\":{\"@id\":\"https:\\\/\\\/dianasilver.com\\\/en\\\/#organization\"},\"alternateName\":\"Ez\u00fcst \u00c9kszer Web\u00e1ruh\u00e1z\",\"potentialAction\":[{\"@type\":\"SearchAction\",\"target\":{\"@type\":\"EntryPoint\",\"urlTemplate\":\"https:\\\/\\\/dianasilver.com\\\/en\\\/?s={search_term_string}\"},\"query-input\":{\"@type\":\"PropertyValueSpecification\",\"valueRequired\":true,\"valueName\":\"search_term_string\"}}],\"inLanguage\":\"en-US\"},{\"@type\":\"Organization\",\"@id\":\"https:\\\/\\\/dianasilver.com\\\/en\\\/#organization\",\"name\":\"Diana Silver\",\"url\":\"https:\\\/\\\/dianasilver.com\\\/en\\\/\",\"logo\":{\"@type\":\"ImageObject\",\"inLanguage\":\"en-US\",\"@id\":\"https:\\\/\\\/dianasilver.com\\\/en\\\/#\\\/schema\\\/logo\\\/image\\\/\",\"url\":\"https:\\\/\\\/dianasilver.com\\\/wp-content\\\/uploads\\\/2022\\\/08\\\/ezust-feher-1-koves-buttonos-stekkeres-fulbevalo-42.webp\",\"contentUrl\":\"https:\\\/\\\/dianasilver.com\\\/wp-content\\\/uploads\\\/2022\\\/08\\\/ezust-feher-1-koves-buttonos-stekkeres-fulbevalo-42.webp\",\"width\":300,\"height\":154,\"caption\":\"Diana Silver\"},\"image\":{\"@id\":\"https:\\\/\\\/dianasilver.com\\\/en\\\/#\\\/schema\\\/logo\\\/image\\\/\"},\"sameAs\":[\"https:\\\/\\\/www.facebook.com\\\/profile.php?id=100027231325117\"]}]}<\/script>\n<!-- \/ Yoast SEO plugin. -->","yoast_head_json":{"title":"Silver navy opal set - depth and elegance | Diana Silver","description":"Fedezd fel a leny\u0171g\u00f6z\u0151 Silver navy opal set - depth and elegance \u00e9kszer\u00fcnket. T\u00f6k\u00e9letes kieg\u00e9sz\u00edt\u0151 mindennapi viselethez \u00e9s k\u00fcl\u00f6nleges alkalmakra egyar\u00e1nt. Rendeld meg most!","robots":{"index":"index","follow":"follow","max-snippet":"max-snippet:-1","max-image-preview":"max-image-preview:large","max-video-preview":"max-video-preview:-1"},"canonical":"https:\/\/dianasilver.com\/en\/termek\/silver-navy-opal-set-depth-and-elegance\/","og_locale":"en_US","og_type":"article","og_title":"Silver navy opal set - depth and elegance | Diana Silver","og_description":"Fedezd fel a leny\u0171g\u00f6z\u0151 Silver navy opal set - depth and elegance \u00e9kszer\u00fcnket. T\u00f6k\u00e9letes kieg\u00e9sz\u00edt\u0151 mindennapi viselethez \u00e9s k\u00fcl\u00f6nleges alkalmakra egyar\u00e1nt. Rendeld meg most!","og_url":"https:\/\/dianasilver.com\/en\/termek\/silver-navy-opal-set-depth-and-elegance\/","og_site_name":"Diana Silver","article_publisher":"https:\/\/www.facebook.com\/profile.php?id=100027231325117","article_modified_time":"2026-03-09T23:21:48+00:00","og_image":[{"width":1340,"height":1785,"url":"https:\/\/dianasilver.com\/wp-content\/uploads\/2025\/07\/Ezust-sotetkek-opal-ekszerszett-\u2013-melyseg-es-elegancia_2.jpg","type":"image\/jpeg"}],"twitter_card":"summary_large_image","schema":{"@context":"https:\/\/schema.org","@graph":[{"@type":"WebPage","@id":"https:\/\/dianasilver.com\/en\/termek\/silver-navy-opal-set-depth-and-elegance\/","url":"https:\/\/dianasilver.com\/en\/termek\/silver-navy-opal-set-depth-and-elegance\/","name":"Silver navy opal set - depth and elegance | Diana Silver","isPartOf":{"@id":"https:\/\/dianasilver.com\/en\/#website"},"primaryImageOfPage":{"@id":"https:\/\/dianasilver.com\/en\/termek\/silver-navy-opal-set-depth-and-elegance\/#primaryimage"},"image":{"@id":"https:\/\/dianasilver.com\/en\/termek\/silver-navy-opal-set-depth-and-elegance\/#primaryimage"},"thumbnailUrl":"https:\/\/dianasilver.com\/wp-content\/uploads\/2025\/07\/Ezust-sotetkek-opal-ekszerszett-\u2013-melyseg-es-elegancia_2.jpg","datePublished":"2025-07-27T16:56:08+00:00","dateModified":"2026-03-09T23:21:48+00:00","description":"Fedezd fel a leny\u0171g\u00f6z\u0151 Silver navy opal set - depth and elegance \u00e9kszer\u00fcnket. T\u00f6k\u00e9letes kieg\u00e9sz\u00edt\u0151 mindennapi viselethez \u00e9s k\u00fcl\u00f6nleges alkalmakra egyar\u00e1nt. Rendeld meg most!","breadcrumb":{"@id":"https:\/\/dianasilver.com\/en\/termek\/silver-navy-opal-set-depth-and-elegance\/#breadcrumb"},"inLanguage":"en-US","potentialAction":[{"@type":"ReadAction","target":["https:\/\/dianasilver.com\/en\/termek\/silver-navy-opal-set-depth-and-elegance\/"]}]},{"@type":"ImageObject","inLanguage":"en-US","@id":"https:\/\/dianasilver.com\/en\/termek\/silver-navy-opal-set-depth-and-elegance\/#primaryimage","url":"https:\/\/dianasilver.com\/wp-content\/uploads\/2025\/07\/Ezust-sotetkek-opal-ekszerszett-\u2013-melyseg-es-elegancia_2.jpg","contentUrl":"https:\/\/dianasilver.com\/wp-content\/uploads\/2025\/07\/Ezust-sotetkek-opal-ekszerszett-\u2013-melyseg-es-elegancia_2.jpg","width":1340,"height":1785},{"@type":"BreadcrumbList","@id":"https:\/\/dianasilver.com\/en\/termek\/silver-navy-opal-set-depth-and-elegance\/#breadcrumb","itemListElement":[{"@type":"ListItem","position":1,"name":"Kezd\u0151lap","item":"https:\/\/dianasilver.com\/en\/diana-silver-silver-jewellery-webshop\/"},{"@type":"ListItem","position":2,"name":"Shop","item":"https:\/\/dianasilver.com\/en\/shop\/"},{"@type":"ListItem","position":3,"name":"Silver navy opal set &#8211; depth and elegance"}]},{"@type":"WebSite","@id":"https:\/\/dianasilver.com\/en\/#website","url":"https:\/\/dianasilver.com\/en\/","name":"Diana Silver","description":"Tedd t\u00f6k\u00e9letesebb\u00e9 mindennapjaid a Diana Silver \u00e9kszereivel.","publisher":{"@id":"https:\/\/dianasilver.com\/en\/#organization"},"alternateName":"Ez\u00fcst \u00c9kszer Web\u00e1ruh\u00e1z","potentialAction":[{"@type":"SearchAction","target":{"@type":"EntryPoint","urlTemplate":"https:\/\/dianasilver.com\/en\/?s={search_term_string}"},"query-input":{"@type":"PropertyValueSpecification","valueRequired":true,"valueName":"search_term_string"}}],"inLanguage":"en-US"},{"@type":"Organization","@id":"https:\/\/dianasilver.com\/en\/#organization","name":"Diana Silver","url":"https:\/\/dianasilver.com\/en\/","logo":{"@type":"ImageObject","inLanguage":"en-US","@id":"https:\/\/dianasilver.com\/en\/#\/schema\/logo\/image\/","url":"https:\/\/dianasilver.com\/wp-content\/uploads\/2022\/08\/ezust-feher-1-koves-buttonos-stekkeres-fulbevalo-42.webp","contentUrl":"https:\/\/dianasilver.com\/wp-content\/uploads\/2022\/08\/ezust-feher-1-koves-buttonos-stekkeres-fulbevalo-42.webp","width":300,"height":154,"caption":"Diana Silver"},"image":{"@id":"https:\/\/dianasilver.com\/en\/#\/schema\/logo\/image\/"},"sameAs":["https:\/\/www.facebook.com\/profile.php?id=100027231325117"]}]}},"_links":{"self":[{"href":"https:\/\/dianasilver.com\/en\/wp-json\/wp\/v2\/product\/112351","targetHints":{"allow":["GET"]}}],"collection":[{"href":"https:\/\/dianasilver.com\/en\/wp-json\/wp\/v2\/product"}],"about":[{"href":"https:\/\/dianasilver.com\/en\/wp-json\/wp\/v2\/types\/product"}],"version-history":[{"count":0,"href":"https:\/\/dianasilver.com\/en\/wp-json\/wp\/v2\/product\/112351\/revisions"}],"wp:featuredmedia":[{"embeddable":true,"href":"https:\/\/dianasilver.com\/en\/wp-json\/wp\/v2\/media\/106930"}],"wp:attachment":[{"href":"https:\/\/dianasilver.com\/en\/wp-json\/wp\/v2\/media?parent=112351"}],"wp:term":[{"taxonomy":"product_brand","embeddable":true,"href":"https:\/\/dianasilver.com\/en\/wp-json\/wp\/v2\/product_brand?post=112351"},{"taxonomy":"product_cat","embeddable":true,"href":"https:\/\/dianasilver.com\/en\/wp-json\/wp\/v2\/product_cat?post=112351"},{"taxonomy":"product_tag","embeddable":true,"href":"https:\/\/dianasilver.com\/en\/wp-json\/wp\/v2\/product_tag?post=112351"}],"curies":[{"name":"wp","href":"https:\/\/api.w.org\/{rel}","templated":true}]}}