{"id":112263,"date":"2025-06-06T15:04:02","date_gmt":"2025-06-06T13:04:02","guid":{"rendered":"https:\/\/dianasilver.hu\/termek\/silver-minimalist-design-earrings-with-curved-shape\/"},"modified":"2026-03-10T00:21:38","modified_gmt":"2026-03-09T23:21:38","slug":"silver-minimalist-design-earrings-with-curved-shape","status":"publish","type":"product","link":"https:\/\/dianasilver.com\/en\/termek\/silver-minimalist-design-earrings-with-curved-shape\/","title":{"rendered":"Silver minimalist design earrings with curved shape"},"content":{"rendered":"<h2 data-start=\"454\" data-end=\"537\"><strong data-start=\"458\" data-end=\"537\">Silver minimalist design earrings &#8211; modern curved design with stud clasp<\/strong><\/h2>\n<p data-start=\"539\" data-end=\"840\">This earring is for those who seek the beauty of simplicity in style. The gracefully curved shape gently follows the contours of the face, while understating the femininity of the wearer. \ud83c\udf80 The earrings fit perfectly with a modern, clean look and discreetly highlight individuality.<\/p>\n<p data-start=\"842\" data-end=\"1118\">&#8211; 925 sterling silver with rhodium-plated finish \ud83c\udf1f<br data-start=\"889\" data-end=\"892\">&#8211; Lock with pin: secure, comfortable all-day wear<br data-start=\"951\" data-end=\"954\">&#8211; Sophisticated, curved shape &#8211; modern minimalism<br data-start=\"1005\" data-end=\"1008\">&#8211; Both elegant and understated<br data-start=\"1054\" data-end=\"1057\">&#8211; Ideal for everyday wear or for understated occasions<\/p>\n<p data-start=\"1120\" data-end=\"1315\" data-is-last-node=\"\" data-is-only-node=\"\"><strong data-start=\"1120\" data-end=\"1315\" data-is-last-node=\"\">If you&#8217;re looking for a piece of jewellery that&#8217;s with you at all times &#8211; in style and comfort &#8211; this is the perfect choice! \ud83d\udcab Buy it now and enhance your natural glow! \ud83d\udc8e<\/strong><\/p>\n","protected":false},"excerpt":{"rendered":"<p class=\"ai-optimize-29\">This minimalist earring is the epitome of clean elegance. Its slender curve follows the contours of the ear, making it the perfect accessory for everyday and casual looks. \ud83e\udd0d\u2728<\/p>\n","protected":false},"featured_media":105905,"template":"","meta":{"_acf_changed":false},"product_brand":[],"product_cat":[541],"product_tag":[],"class_list":{"0":"post-112263","1":"product","2":"type-product","3":"status-publish","4":"has-post-thumbnail","6":"product_cat-silver-earrings","7":"description-off","9":"first","10":"instock","11":"sale","12":"taxable","13":"shipping-taxable","14":"purchasable","15":"product-type-simple"},"acf":[],"yoast_head":"<!-- This site is optimized with the Yoast SEO plugin v27.4 - https:\/\/yoast.com\/product\/yoast-seo-wordpress\/ -->\n<title>Silver minimalist design earrings with curved shape | Diana Silver<\/title>\n<meta name=\"description\" content=\"Fedezd fel a leny\u0171g\u00f6z\u0151 Silver minimalist design earrings with curved shape \u00e9kszer\u00fcnket. T\u00f6k\u00e9letes kieg\u00e9sz\u00edt\u0151 mindennapi viselethez \u00e9s k\u00fcl\u00f6nleges alkalmakra egyar\u00e1nt. Rendeld meg most!\" \/>\n<meta name=\"robots\" content=\"index, follow, max-snippet:-1, max-image-preview:large, max-video-preview:-1\" \/>\n<link rel=\"canonical\" href=\"https:\/\/dianasilver.com\/en\/termek\/silver-minimalist-design-earrings-with-curved-shape\/\" \/>\n<meta property=\"og:locale\" content=\"en_US\" \/>\n<meta property=\"og:type\" content=\"article\" \/>\n<meta property=\"og:title\" content=\"Silver minimalist design earrings with curved shape | Diana Silver\" \/>\n<meta property=\"og:description\" content=\"Fedezd fel a leny\u0171g\u00f6z\u0151 Silver minimalist design earrings with curved shape \u00e9kszer\u00fcnket. T\u00f6k\u00e9letes kieg\u00e9sz\u00edt\u0151 mindennapi viselethez \u00e9s k\u00fcl\u00f6nleges alkalmakra egyar\u00e1nt. Rendeld meg most!\" \/>\n<meta property=\"og:url\" content=\"https:\/\/dianasilver.com\/en\/termek\/silver-minimalist-design-earrings-with-curved-shape\/\" \/>\n<meta property=\"og:site_name\" content=\"Diana Silver\" \/>\n<meta property=\"article:publisher\" content=\"https:\/\/www.facebook.com\/profile.php?id=100027231325117\" \/>\n<meta property=\"article:modified_time\" content=\"2026-03-09T23:21:38+00:00\" \/>\n<meta property=\"og:image\" content=\"https:\/\/dianasilver.com\/wp-content\/uploads\/2025\/06\/Ezust-minimalista-design-fulbevalo-ivelt-formaval_1.jpg\" \/>\n\t<meta property=\"og:image:width\" content=\"1350\" \/>\n\t<meta property=\"og:image:height\" content=\"1800\" \/>\n\t<meta property=\"og:image:type\" content=\"image\/jpeg\" \/>\n<meta name=\"twitter:card\" content=\"summary_large_image\" \/>\n<meta name=\"twitter:label1\" content=\"Est. reading time\" \/>\n\t<meta name=\"twitter:data1\" content=\"1 minute\" \/>\n<script type=\"application\/ld+json\" class=\"yoast-schema-graph\">{\"@context\":\"https:\\\/\\\/schema.org\",\"@graph\":[{\"@type\":\"WebPage\",\"@id\":\"https:\\\/\\\/dianasilver.com\\\/en\\\/termek\\\/silver-minimalist-design-earrings-with-curved-shape\\\/\",\"url\":\"https:\\\/\\\/dianasilver.com\\\/en\\\/termek\\\/silver-minimalist-design-earrings-with-curved-shape\\\/\",\"name\":\"Silver minimalist design earrings with curved shape | Diana Silver\",\"isPartOf\":{\"@id\":\"https:\\\/\\\/dianasilver.com\\\/en\\\/#website\"},\"primaryImageOfPage\":{\"@id\":\"https:\\\/\\\/dianasilver.com\\\/en\\\/termek\\\/silver-minimalist-design-earrings-with-curved-shape\\\/#primaryimage\"},\"image\":{\"@id\":\"https:\\\/\\\/dianasilver.com\\\/en\\\/termek\\\/silver-minimalist-design-earrings-with-curved-shape\\\/#primaryimage\"},\"thumbnailUrl\":\"https:\\\/\\\/dianasilver.com\\\/wp-content\\\/uploads\\\/2025\\\/06\\\/Ezust-minimalista-design-fulbevalo-ivelt-formaval_1.jpg\",\"datePublished\":\"2025-06-06T13:04:02+00:00\",\"dateModified\":\"2026-03-09T23:21:38+00:00\",\"description\":\"Fedezd fel a leny\u0171g\u00f6z\u0151 Silver minimalist design earrings with curved shape \u00e9kszer\u00fcnket. T\u00f6k\u00e9letes kieg\u00e9sz\u00edt\u0151 mindennapi viselethez \u00e9s k\u00fcl\u00f6nleges alkalmakra egyar\u00e1nt. Rendeld meg most!\",\"breadcrumb\":{\"@id\":\"https:\\\/\\\/dianasilver.com\\\/en\\\/termek\\\/silver-minimalist-design-earrings-with-curved-shape\\\/#breadcrumb\"},\"inLanguage\":\"en-US\",\"potentialAction\":[{\"@type\":\"ReadAction\",\"target\":[\"https:\\\/\\\/dianasilver.com\\\/en\\\/termek\\\/silver-minimalist-design-earrings-with-curved-shape\\\/\"]}]},{\"@type\":\"ImageObject\",\"inLanguage\":\"en-US\",\"@id\":\"https:\\\/\\\/dianasilver.com\\\/en\\\/termek\\\/silver-minimalist-design-earrings-with-curved-shape\\\/#primaryimage\",\"url\":\"https:\\\/\\\/dianasilver.com\\\/wp-content\\\/uploads\\\/2025\\\/06\\\/Ezust-minimalista-design-fulbevalo-ivelt-formaval_1.jpg\",\"contentUrl\":\"https:\\\/\\\/dianasilver.com\\\/wp-content\\\/uploads\\\/2025\\\/06\\\/Ezust-minimalista-design-fulbevalo-ivelt-formaval_1.jpg\",\"width\":1350,\"height\":1800},{\"@type\":\"BreadcrumbList\",\"@id\":\"https:\\\/\\\/dianasilver.com\\\/en\\\/termek\\\/silver-minimalist-design-earrings-with-curved-shape\\\/#breadcrumb\",\"itemListElement\":[{\"@type\":\"ListItem\",\"position\":1,\"name\":\"Kezd\u0151lap\",\"item\":\"https:\\\/\\\/dianasilver.com\\\/en\\\/diana-silver-silver-jewellery-webshop\\\/\"},{\"@type\":\"ListItem\",\"position\":2,\"name\":\"Shop\",\"item\":\"https:\\\/\\\/dianasilver.com\\\/en\\\/shop\\\/\"},{\"@type\":\"ListItem\",\"position\":3,\"name\":\"Silver minimalist design earrings with curved shape\"}]},{\"@type\":\"WebSite\",\"@id\":\"https:\\\/\\\/dianasilver.com\\\/en\\\/#website\",\"url\":\"https:\\\/\\\/dianasilver.com\\\/en\\\/\",\"name\":\"Diana Silver\",\"description\":\"Tedd t\u00f6k\u00e9letesebb\u00e9 mindennapjaid a Diana Silver \u00e9kszereivel.\",\"publisher\":{\"@id\":\"https:\\\/\\\/dianasilver.com\\\/en\\\/#organization\"},\"alternateName\":\"Ez\u00fcst \u00c9kszer Web\u00e1ruh\u00e1z\",\"potentialAction\":[{\"@type\":\"SearchAction\",\"target\":{\"@type\":\"EntryPoint\",\"urlTemplate\":\"https:\\\/\\\/dianasilver.com\\\/en\\\/?s={search_term_string}\"},\"query-input\":{\"@type\":\"PropertyValueSpecification\",\"valueRequired\":true,\"valueName\":\"search_term_string\"}}],\"inLanguage\":\"en-US\"},{\"@type\":\"Organization\",\"@id\":\"https:\\\/\\\/dianasilver.com\\\/en\\\/#organization\",\"name\":\"Diana Silver\",\"url\":\"https:\\\/\\\/dianasilver.com\\\/en\\\/\",\"logo\":{\"@type\":\"ImageObject\",\"inLanguage\":\"en-US\",\"@id\":\"https:\\\/\\\/dianasilver.com\\\/en\\\/#\\\/schema\\\/logo\\\/image\\\/\",\"url\":\"https:\\\/\\\/dianasilver.com\\\/wp-content\\\/uploads\\\/2022\\\/08\\\/ezust-feher-1-koves-buttonos-stekkeres-fulbevalo-42.webp\",\"contentUrl\":\"https:\\\/\\\/dianasilver.com\\\/wp-content\\\/uploads\\\/2022\\\/08\\\/ezust-feher-1-koves-buttonos-stekkeres-fulbevalo-42.webp\",\"width\":300,\"height\":154,\"caption\":\"Diana Silver\"},\"image\":{\"@id\":\"https:\\\/\\\/dianasilver.com\\\/en\\\/#\\\/schema\\\/logo\\\/image\\\/\"},\"sameAs\":[\"https:\\\/\\\/www.facebook.com\\\/profile.php?id=100027231325117\"]}]}<\/script>\n<!-- \/ Yoast SEO plugin. -->","yoast_head_json":{"title":"Silver minimalist design earrings with curved shape | Diana Silver","description":"Fedezd fel a leny\u0171g\u00f6z\u0151 Silver minimalist design earrings with curved shape \u00e9kszer\u00fcnket. T\u00f6k\u00e9letes kieg\u00e9sz\u00edt\u0151 mindennapi viselethez \u00e9s k\u00fcl\u00f6nleges alkalmakra egyar\u00e1nt. Rendeld meg most!","robots":{"index":"index","follow":"follow","max-snippet":"max-snippet:-1","max-image-preview":"max-image-preview:large","max-video-preview":"max-video-preview:-1"},"canonical":"https:\/\/dianasilver.com\/en\/termek\/silver-minimalist-design-earrings-with-curved-shape\/","og_locale":"en_US","og_type":"article","og_title":"Silver minimalist design earrings with curved shape | Diana Silver","og_description":"Fedezd fel a leny\u0171g\u00f6z\u0151 Silver minimalist design earrings with curved shape \u00e9kszer\u00fcnket. T\u00f6k\u00e9letes kieg\u00e9sz\u00edt\u0151 mindennapi viselethez \u00e9s k\u00fcl\u00f6nleges alkalmakra egyar\u00e1nt. Rendeld meg most!","og_url":"https:\/\/dianasilver.com\/en\/termek\/silver-minimalist-design-earrings-with-curved-shape\/","og_site_name":"Diana Silver","article_publisher":"https:\/\/www.facebook.com\/profile.php?id=100027231325117","article_modified_time":"2026-03-09T23:21:38+00:00","og_image":[{"width":1350,"height":1800,"url":"https:\/\/dianasilver.com\/wp-content\/uploads\/2025\/06\/Ezust-minimalista-design-fulbevalo-ivelt-formaval_1.jpg","type":"image\/jpeg"}],"twitter_card":"summary_large_image","twitter_misc":{"Est. reading time":"1 minute"},"schema":{"@context":"https:\/\/schema.org","@graph":[{"@type":"WebPage","@id":"https:\/\/dianasilver.com\/en\/termek\/silver-minimalist-design-earrings-with-curved-shape\/","url":"https:\/\/dianasilver.com\/en\/termek\/silver-minimalist-design-earrings-with-curved-shape\/","name":"Silver minimalist design earrings with curved shape | Diana Silver","isPartOf":{"@id":"https:\/\/dianasilver.com\/en\/#website"},"primaryImageOfPage":{"@id":"https:\/\/dianasilver.com\/en\/termek\/silver-minimalist-design-earrings-with-curved-shape\/#primaryimage"},"image":{"@id":"https:\/\/dianasilver.com\/en\/termek\/silver-minimalist-design-earrings-with-curved-shape\/#primaryimage"},"thumbnailUrl":"https:\/\/dianasilver.com\/wp-content\/uploads\/2025\/06\/Ezust-minimalista-design-fulbevalo-ivelt-formaval_1.jpg","datePublished":"2025-06-06T13:04:02+00:00","dateModified":"2026-03-09T23:21:38+00:00","description":"Fedezd fel a leny\u0171g\u00f6z\u0151 Silver minimalist design earrings with curved shape \u00e9kszer\u00fcnket. T\u00f6k\u00e9letes kieg\u00e9sz\u00edt\u0151 mindennapi viselethez \u00e9s k\u00fcl\u00f6nleges alkalmakra egyar\u00e1nt. Rendeld meg most!","breadcrumb":{"@id":"https:\/\/dianasilver.com\/en\/termek\/silver-minimalist-design-earrings-with-curved-shape\/#breadcrumb"},"inLanguage":"en-US","potentialAction":[{"@type":"ReadAction","target":["https:\/\/dianasilver.com\/en\/termek\/silver-minimalist-design-earrings-with-curved-shape\/"]}]},{"@type":"ImageObject","inLanguage":"en-US","@id":"https:\/\/dianasilver.com\/en\/termek\/silver-minimalist-design-earrings-with-curved-shape\/#primaryimage","url":"https:\/\/dianasilver.com\/wp-content\/uploads\/2025\/06\/Ezust-minimalista-design-fulbevalo-ivelt-formaval_1.jpg","contentUrl":"https:\/\/dianasilver.com\/wp-content\/uploads\/2025\/06\/Ezust-minimalista-design-fulbevalo-ivelt-formaval_1.jpg","width":1350,"height":1800},{"@type":"BreadcrumbList","@id":"https:\/\/dianasilver.com\/en\/termek\/silver-minimalist-design-earrings-with-curved-shape\/#breadcrumb","itemListElement":[{"@type":"ListItem","position":1,"name":"Kezd\u0151lap","item":"https:\/\/dianasilver.com\/en\/diana-silver-silver-jewellery-webshop\/"},{"@type":"ListItem","position":2,"name":"Shop","item":"https:\/\/dianasilver.com\/en\/shop\/"},{"@type":"ListItem","position":3,"name":"Silver minimalist design earrings with curved shape"}]},{"@type":"WebSite","@id":"https:\/\/dianasilver.com\/en\/#website","url":"https:\/\/dianasilver.com\/en\/","name":"Diana Silver","description":"Tedd t\u00f6k\u00e9letesebb\u00e9 mindennapjaid a Diana Silver \u00e9kszereivel.","publisher":{"@id":"https:\/\/dianasilver.com\/en\/#organization"},"alternateName":"Ez\u00fcst \u00c9kszer Web\u00e1ruh\u00e1z","potentialAction":[{"@type":"SearchAction","target":{"@type":"EntryPoint","urlTemplate":"https:\/\/dianasilver.com\/en\/?s={search_term_string}"},"query-input":{"@type":"PropertyValueSpecification","valueRequired":true,"valueName":"search_term_string"}}],"inLanguage":"en-US"},{"@type":"Organization","@id":"https:\/\/dianasilver.com\/en\/#organization","name":"Diana Silver","url":"https:\/\/dianasilver.com\/en\/","logo":{"@type":"ImageObject","inLanguage":"en-US","@id":"https:\/\/dianasilver.com\/en\/#\/schema\/logo\/image\/","url":"https:\/\/dianasilver.com\/wp-content\/uploads\/2022\/08\/ezust-feher-1-koves-buttonos-stekkeres-fulbevalo-42.webp","contentUrl":"https:\/\/dianasilver.com\/wp-content\/uploads\/2022\/08\/ezust-feher-1-koves-buttonos-stekkeres-fulbevalo-42.webp","width":300,"height":154,"caption":"Diana Silver"},"image":{"@id":"https:\/\/dianasilver.com\/en\/#\/schema\/logo\/image\/"},"sameAs":["https:\/\/www.facebook.com\/profile.php?id=100027231325117"]}]}},"_links":{"self":[{"href":"https:\/\/dianasilver.com\/en\/wp-json\/wp\/v2\/product\/112263","targetHints":{"allow":["GET"]}}],"collection":[{"href":"https:\/\/dianasilver.com\/en\/wp-json\/wp\/v2\/product"}],"about":[{"href":"https:\/\/dianasilver.com\/en\/wp-json\/wp\/v2\/types\/product"}],"version-history":[{"count":0,"href":"https:\/\/dianasilver.com\/en\/wp-json\/wp\/v2\/product\/112263\/revisions"}],"wp:featuredmedia":[{"embeddable":true,"href":"https:\/\/dianasilver.com\/en\/wp-json\/wp\/v2\/media\/105905"}],"wp:attachment":[{"href":"https:\/\/dianasilver.com\/en\/wp-json\/wp\/v2\/media?parent=112263"}],"wp:term":[{"taxonomy":"product_brand","embeddable":true,"href":"https:\/\/dianasilver.com\/en\/wp-json\/wp\/v2\/product_brand?post=112263"},{"taxonomy":"product_cat","embeddable":true,"href":"https:\/\/dianasilver.com\/en\/wp-json\/wp\/v2\/product_cat?post=112263"},{"taxonomy":"product_tag","embeddable":true,"href":"https:\/\/dianasilver.com\/en\/wp-json\/wp\/v2\/product_tag?post=112263"}],"curies":[{"name":"wp","href":"https:\/\/api.w.org\/{rel}","templated":true}]}}