{"id":112094,"date":"2025-09-15T19:04:43","date_gmt":"2025-09-15T17:04:43","guid":{"rendered":"https:\/\/dianasilver.hu\/termek\/heart-pattern-zirconia-stone-bracelet-1754-cm\/"},"modified":"2026-04-15T01:41:10","modified_gmt":"2026-04-14T23:41:10","slug":"heart-pattern-zirconia-stone-bracelet-1754-cm","status":"publish","type":"product","link":"https:\/\/dianasilver.com\/en\/termek\/heart-pattern-zirconia-stone-bracelet-1754-cm\/","title":{"rendered":"Heart pattern zirconia stone bracelet &#8211; 17,5+4 cm"},"content":{"rendered":"<h2 data-start=\"381\" data-end=\"446\"><strong data-start=\"381\" data-end=\"444\">Heart pattern zirconia stone bracelet &#8211; a symbol of romance<\/strong><\/h2>\n<p data-start=\"448\" data-end=\"704\">This 17.5+4 cm adjustable bracelet is made of AG 925 silver with rhodium plating for durability and a beautiful shiny look. The chain is made up of tiny interlocking heart shapes, several of which are set with brilliant cubic zirconia stones.<\/p>\n<ul data-start=\"706\" data-end=\"922\">\n<li data-start=\"706\" data-end=\"748\">\n<p data-start=\"708\" data-end=\"748\">Material: AG 925 silver, rhodium plated<\/p>\n<\/li>\n<li data-start=\"749\" data-end=\"787\">\n<p data-start=\"751\" data-end=\"787\">Length: 17,5+4 cm &#8211; adjustable size<\/p>\n<\/li>\n<li data-start=\"788\" data-end=\"836\">\n<p data-start=\"790\" data-end=\"836\">Motif: heart, love and romance<\/p>\n<\/li>\n<li data-start=\"837\" data-end=\"859\">\n<p data-start=\"839\" data-end=\"859\">Stone: white zirconia<\/p>\n<\/li>\n<li data-start=\"860\" data-end=\"922\">\n<p data-start=\"862\" data-end=\"922\">Elegant, feminine accessory for everyday and casual wear<\/p>\n<\/li>\n<\/ul>\n<p data-start=\"924\" data-end=\"1055\">This bracelet is the perfect harmony of love and glamour &#8211; an ideal choice for a gift to delight. \u2728\ud83c\udf81<\/p>\n","protected":false},"excerpt":{"rendered":"<p>A bracelet decorated with a sophisticated heart motif, enhanced with tiny cubic zirconia stones. A romantic and elegant choice that accentuates your femininity. \ud83d\udc8e\u2764\ufe0f<\/p>\n","protected":false},"featured_media":109110,"template":"","meta":{"_acf_changed":false},"product_brand":[],"product_cat":[549],"product_tag":[632,692],"class_list":{"0":"post-112094","1":"product","2":"type-product","3":"status-publish","4":"has-post-thumbnail","6":"product_cat-silver-bracelet","7":"product_tag-heart","8":"product_tag-silver-jewelry-for-women","9":"description-off","11":"first","12":"instock","13":"taxable","14":"shipping-taxable","15":"purchasable","16":"product-type-simple"},"acf":[],"yoast_head":"<!-- This site is optimized with the Yoast SEO plugin v27.4 - https:\/\/yoast.com\/product\/yoast-seo-wordpress\/ -->\n<title>Heart pattern zirconia stone bracelet - 17,5+4 cm | Diana Silver<\/title>\n<meta name=\"description\" content=\"Fedezd fel a leny\u0171g\u00f6z\u0151 Heart pattern zirconia stone bracelet - 17,5+4 cm \u00e9kszer\u00fcnket. T\u00f6k\u00e9letes kieg\u00e9sz\u00edt\u0151 mindennapi viselethez \u00e9s k\u00fcl\u00f6nleges alkalmakra egyar\u00e1nt. Rendeld meg most!\" \/>\n<meta name=\"robots\" content=\"index, follow, max-snippet:-1, max-image-preview:large, max-video-preview:-1\" \/>\n<link rel=\"canonical\" href=\"https:\/\/dianasilver.com\/en\/termek\/heart-pattern-zirconia-stone-bracelet-1754-cm\/\" \/>\n<meta property=\"og:locale\" content=\"en_US\" \/>\n<meta property=\"og:type\" content=\"article\" \/>\n<meta property=\"og:title\" content=\"Heart pattern zirconia stone bracelet - 17,5+4 cm | Diana Silver\" \/>\n<meta property=\"og:description\" content=\"Fedezd fel a leny\u0171g\u00f6z\u0151 Heart pattern zirconia stone bracelet - 17,5+4 cm \u00e9kszer\u00fcnket. T\u00f6k\u00e9letes kieg\u00e9sz\u00edt\u0151 mindennapi viselethez \u00e9s k\u00fcl\u00f6nleges alkalmakra egyar\u00e1nt. Rendeld meg most!\" \/>\n<meta property=\"og:url\" content=\"https:\/\/dianasilver.com\/en\/termek\/heart-pattern-zirconia-stone-bracelet-1754-cm\/\" \/>\n<meta property=\"og:site_name\" content=\"Diana Silver\" \/>\n<meta property=\"article:publisher\" content=\"https:\/\/www.facebook.com\/profile.php?id=100027231325117\" \/>\n<meta property=\"article:modified_time\" content=\"2026-04-14T23:41:10+00:00\" \/>\n<meta property=\"og:image\" content=\"https:\/\/dianasilver.com\/wp-content\/uploads\/2025\/09\/Sziv-mintas-cirkonia-koves-karkoto-\u2013-1754-cm_1.jpg\" \/>\n\t<meta property=\"og:image:width\" content=\"1340\" \/>\n\t<meta property=\"og:image:height\" content=\"1785\" \/>\n\t<meta property=\"og:image:type\" content=\"image\/jpeg\" \/>\n<meta name=\"twitter:card\" content=\"summary_large_image\" \/>\n<script type=\"application\/ld+json\" class=\"yoast-schema-graph\">{\"@context\":\"https:\\\/\\\/schema.org\",\"@graph\":[{\"@type\":\"WebPage\",\"@id\":\"https:\\\/\\\/dianasilver.com\\\/en\\\/termek\\\/heart-pattern-zirconia-stone-bracelet-1754-cm\\\/\",\"url\":\"https:\\\/\\\/dianasilver.com\\\/en\\\/termek\\\/heart-pattern-zirconia-stone-bracelet-1754-cm\\\/\",\"name\":\"Heart pattern zirconia stone bracelet - 17,5+4 cm | Diana Silver\",\"isPartOf\":{\"@id\":\"https:\\\/\\\/dianasilver.com\\\/en\\\/#website\"},\"primaryImageOfPage\":{\"@id\":\"https:\\\/\\\/dianasilver.com\\\/en\\\/termek\\\/heart-pattern-zirconia-stone-bracelet-1754-cm\\\/#primaryimage\"},\"image\":{\"@id\":\"https:\\\/\\\/dianasilver.com\\\/en\\\/termek\\\/heart-pattern-zirconia-stone-bracelet-1754-cm\\\/#primaryimage\"},\"thumbnailUrl\":\"https:\\\/\\\/dianasilver.com\\\/wp-content\\\/uploads\\\/2025\\\/09\\\/Sziv-mintas-cirkonia-koves-karkoto-\u2013-1754-cm_1.jpg\",\"datePublished\":\"2025-09-15T17:04:43+00:00\",\"dateModified\":\"2026-04-14T23:41:10+00:00\",\"description\":\"Fedezd fel a leny\u0171g\u00f6z\u0151 Heart pattern zirconia stone bracelet - 17,5+4 cm \u00e9kszer\u00fcnket. T\u00f6k\u00e9letes kieg\u00e9sz\u00edt\u0151 mindennapi viselethez \u00e9s k\u00fcl\u00f6nleges alkalmakra egyar\u00e1nt. Rendeld meg most!\",\"breadcrumb\":{\"@id\":\"https:\\\/\\\/dianasilver.com\\\/en\\\/termek\\\/heart-pattern-zirconia-stone-bracelet-1754-cm\\\/#breadcrumb\"},\"inLanguage\":\"en-US\",\"potentialAction\":[{\"@type\":\"ReadAction\",\"target\":[\"https:\\\/\\\/dianasilver.com\\\/en\\\/termek\\\/heart-pattern-zirconia-stone-bracelet-1754-cm\\\/\"]}]},{\"@type\":\"ImageObject\",\"inLanguage\":\"en-US\",\"@id\":\"https:\\\/\\\/dianasilver.com\\\/en\\\/termek\\\/heart-pattern-zirconia-stone-bracelet-1754-cm\\\/#primaryimage\",\"url\":\"https:\\\/\\\/dianasilver.com\\\/wp-content\\\/uploads\\\/2025\\\/09\\\/Sziv-mintas-cirkonia-koves-karkoto-\u2013-1754-cm_1.jpg\",\"contentUrl\":\"https:\\\/\\\/dianasilver.com\\\/wp-content\\\/uploads\\\/2025\\\/09\\\/Sziv-mintas-cirkonia-koves-karkoto-\u2013-1754-cm_1.jpg\",\"width\":1340,\"height\":1785},{\"@type\":\"BreadcrumbList\",\"@id\":\"https:\\\/\\\/dianasilver.com\\\/en\\\/termek\\\/heart-pattern-zirconia-stone-bracelet-1754-cm\\\/#breadcrumb\",\"itemListElement\":[{\"@type\":\"ListItem\",\"position\":1,\"name\":\"Kezd\u0151lap\",\"item\":\"https:\\\/\\\/dianasilver.com\\\/en\\\/diana-silver-silver-jewellery-webshop\\\/\"},{\"@type\":\"ListItem\",\"position\":2,\"name\":\"Shop\",\"item\":\"https:\\\/\\\/dianasilver.com\\\/en\\\/shop\\\/\"},{\"@type\":\"ListItem\",\"position\":3,\"name\":\"Heart pattern zirconia stone bracelet &#8211; 17,5+4 cm\"}]},{\"@type\":\"WebSite\",\"@id\":\"https:\\\/\\\/dianasilver.com\\\/en\\\/#website\",\"url\":\"https:\\\/\\\/dianasilver.com\\\/en\\\/\",\"name\":\"Diana Silver\",\"description\":\"Tedd t\u00f6k\u00e9letesebb\u00e9 mindennapjaid a Diana Silver \u00e9kszereivel.\",\"publisher\":{\"@id\":\"https:\\\/\\\/dianasilver.com\\\/en\\\/#organization\"},\"alternateName\":\"Ez\u00fcst \u00c9kszer Web\u00e1ruh\u00e1z\",\"potentialAction\":[{\"@type\":\"SearchAction\",\"target\":{\"@type\":\"EntryPoint\",\"urlTemplate\":\"https:\\\/\\\/dianasilver.com\\\/en\\\/?s={search_term_string}\"},\"query-input\":{\"@type\":\"PropertyValueSpecification\",\"valueRequired\":true,\"valueName\":\"search_term_string\"}}],\"inLanguage\":\"en-US\"},{\"@type\":\"Organization\",\"@id\":\"https:\\\/\\\/dianasilver.com\\\/en\\\/#organization\",\"name\":\"Diana Silver\",\"url\":\"https:\\\/\\\/dianasilver.com\\\/en\\\/\",\"logo\":{\"@type\":\"ImageObject\",\"inLanguage\":\"en-US\",\"@id\":\"https:\\\/\\\/dianasilver.com\\\/en\\\/#\\\/schema\\\/logo\\\/image\\\/\",\"url\":\"https:\\\/\\\/dianasilver.com\\\/wp-content\\\/uploads\\\/2022\\\/08\\\/ezust-feher-1-koves-buttonos-stekkeres-fulbevalo-42.webp\",\"contentUrl\":\"https:\\\/\\\/dianasilver.com\\\/wp-content\\\/uploads\\\/2022\\\/08\\\/ezust-feher-1-koves-buttonos-stekkeres-fulbevalo-42.webp\",\"width\":300,\"height\":154,\"caption\":\"Diana Silver\"},\"image\":{\"@id\":\"https:\\\/\\\/dianasilver.com\\\/en\\\/#\\\/schema\\\/logo\\\/image\\\/\"},\"sameAs\":[\"https:\\\/\\\/www.facebook.com\\\/profile.php?id=100027231325117\"]}]}<\/script>\n<!-- \/ Yoast SEO plugin. -->","yoast_head_json":{"title":"Heart pattern zirconia stone bracelet - 17,5+4 cm | Diana Silver","description":"Fedezd fel a leny\u0171g\u00f6z\u0151 Heart pattern zirconia stone bracelet - 17,5+4 cm \u00e9kszer\u00fcnket. T\u00f6k\u00e9letes kieg\u00e9sz\u00edt\u0151 mindennapi viselethez \u00e9s k\u00fcl\u00f6nleges alkalmakra egyar\u00e1nt. Rendeld meg most!","robots":{"index":"index","follow":"follow","max-snippet":"max-snippet:-1","max-image-preview":"max-image-preview:large","max-video-preview":"max-video-preview:-1"},"canonical":"https:\/\/dianasilver.com\/en\/termek\/heart-pattern-zirconia-stone-bracelet-1754-cm\/","og_locale":"en_US","og_type":"article","og_title":"Heart pattern zirconia stone bracelet - 17,5+4 cm | Diana Silver","og_description":"Fedezd fel a leny\u0171g\u00f6z\u0151 Heart pattern zirconia stone bracelet - 17,5+4 cm \u00e9kszer\u00fcnket. T\u00f6k\u00e9letes kieg\u00e9sz\u00edt\u0151 mindennapi viselethez \u00e9s k\u00fcl\u00f6nleges alkalmakra egyar\u00e1nt. Rendeld meg most!","og_url":"https:\/\/dianasilver.com\/en\/termek\/heart-pattern-zirconia-stone-bracelet-1754-cm\/","og_site_name":"Diana Silver","article_publisher":"https:\/\/www.facebook.com\/profile.php?id=100027231325117","article_modified_time":"2026-04-14T23:41:10+00:00","og_image":[{"width":1340,"height":1785,"url":"https:\/\/dianasilver.com\/wp-content\/uploads\/2025\/09\/Sziv-mintas-cirkonia-koves-karkoto-\u2013-1754-cm_1.jpg","type":"image\/jpeg"}],"twitter_card":"summary_large_image","schema":{"@context":"https:\/\/schema.org","@graph":[{"@type":"WebPage","@id":"https:\/\/dianasilver.com\/en\/termek\/heart-pattern-zirconia-stone-bracelet-1754-cm\/","url":"https:\/\/dianasilver.com\/en\/termek\/heart-pattern-zirconia-stone-bracelet-1754-cm\/","name":"Heart pattern zirconia stone bracelet - 17,5+4 cm | Diana Silver","isPartOf":{"@id":"https:\/\/dianasilver.com\/en\/#website"},"primaryImageOfPage":{"@id":"https:\/\/dianasilver.com\/en\/termek\/heart-pattern-zirconia-stone-bracelet-1754-cm\/#primaryimage"},"image":{"@id":"https:\/\/dianasilver.com\/en\/termek\/heart-pattern-zirconia-stone-bracelet-1754-cm\/#primaryimage"},"thumbnailUrl":"https:\/\/dianasilver.com\/wp-content\/uploads\/2025\/09\/Sziv-mintas-cirkonia-koves-karkoto-\u2013-1754-cm_1.jpg","datePublished":"2025-09-15T17:04:43+00:00","dateModified":"2026-04-14T23:41:10+00:00","description":"Fedezd fel a leny\u0171g\u00f6z\u0151 Heart pattern zirconia stone bracelet - 17,5+4 cm \u00e9kszer\u00fcnket. T\u00f6k\u00e9letes kieg\u00e9sz\u00edt\u0151 mindennapi viselethez \u00e9s k\u00fcl\u00f6nleges alkalmakra egyar\u00e1nt. Rendeld meg most!","breadcrumb":{"@id":"https:\/\/dianasilver.com\/en\/termek\/heart-pattern-zirconia-stone-bracelet-1754-cm\/#breadcrumb"},"inLanguage":"en-US","potentialAction":[{"@type":"ReadAction","target":["https:\/\/dianasilver.com\/en\/termek\/heart-pattern-zirconia-stone-bracelet-1754-cm\/"]}]},{"@type":"ImageObject","inLanguage":"en-US","@id":"https:\/\/dianasilver.com\/en\/termek\/heart-pattern-zirconia-stone-bracelet-1754-cm\/#primaryimage","url":"https:\/\/dianasilver.com\/wp-content\/uploads\/2025\/09\/Sziv-mintas-cirkonia-koves-karkoto-\u2013-1754-cm_1.jpg","contentUrl":"https:\/\/dianasilver.com\/wp-content\/uploads\/2025\/09\/Sziv-mintas-cirkonia-koves-karkoto-\u2013-1754-cm_1.jpg","width":1340,"height":1785},{"@type":"BreadcrumbList","@id":"https:\/\/dianasilver.com\/en\/termek\/heart-pattern-zirconia-stone-bracelet-1754-cm\/#breadcrumb","itemListElement":[{"@type":"ListItem","position":1,"name":"Kezd\u0151lap","item":"https:\/\/dianasilver.com\/en\/diana-silver-silver-jewellery-webshop\/"},{"@type":"ListItem","position":2,"name":"Shop","item":"https:\/\/dianasilver.com\/en\/shop\/"},{"@type":"ListItem","position":3,"name":"Heart pattern zirconia stone bracelet &#8211; 17,5+4 cm"}]},{"@type":"WebSite","@id":"https:\/\/dianasilver.com\/en\/#website","url":"https:\/\/dianasilver.com\/en\/","name":"Diana Silver","description":"Tedd t\u00f6k\u00e9letesebb\u00e9 mindennapjaid a Diana Silver \u00e9kszereivel.","publisher":{"@id":"https:\/\/dianasilver.com\/en\/#organization"},"alternateName":"Ez\u00fcst \u00c9kszer Web\u00e1ruh\u00e1z","potentialAction":[{"@type":"SearchAction","target":{"@type":"EntryPoint","urlTemplate":"https:\/\/dianasilver.com\/en\/?s={search_term_string}"},"query-input":{"@type":"PropertyValueSpecification","valueRequired":true,"valueName":"search_term_string"}}],"inLanguage":"en-US"},{"@type":"Organization","@id":"https:\/\/dianasilver.com\/en\/#organization","name":"Diana Silver","url":"https:\/\/dianasilver.com\/en\/","logo":{"@type":"ImageObject","inLanguage":"en-US","@id":"https:\/\/dianasilver.com\/en\/#\/schema\/logo\/image\/","url":"https:\/\/dianasilver.com\/wp-content\/uploads\/2022\/08\/ezust-feher-1-koves-buttonos-stekkeres-fulbevalo-42.webp","contentUrl":"https:\/\/dianasilver.com\/wp-content\/uploads\/2022\/08\/ezust-feher-1-koves-buttonos-stekkeres-fulbevalo-42.webp","width":300,"height":154,"caption":"Diana Silver"},"image":{"@id":"https:\/\/dianasilver.com\/en\/#\/schema\/logo\/image\/"},"sameAs":["https:\/\/www.facebook.com\/profile.php?id=100027231325117"]}]}},"_links":{"self":[{"href":"https:\/\/dianasilver.com\/en\/wp-json\/wp\/v2\/product\/112094","targetHints":{"allow":["GET"]}}],"collection":[{"href":"https:\/\/dianasilver.com\/en\/wp-json\/wp\/v2\/product"}],"about":[{"href":"https:\/\/dianasilver.com\/en\/wp-json\/wp\/v2\/types\/product"}],"version-history":[{"count":0,"href":"https:\/\/dianasilver.com\/en\/wp-json\/wp\/v2\/product\/112094\/revisions"}],"wp:featuredmedia":[{"embeddable":true,"href":"https:\/\/dianasilver.com\/en\/wp-json\/wp\/v2\/media\/109110"}],"wp:attachment":[{"href":"https:\/\/dianasilver.com\/en\/wp-json\/wp\/v2\/media?parent=112094"}],"wp:term":[{"taxonomy":"product_brand","embeddable":true,"href":"https:\/\/dianasilver.com\/en\/wp-json\/wp\/v2\/product_brand?post=112094"},{"taxonomy":"product_cat","embeddable":true,"href":"https:\/\/dianasilver.com\/en\/wp-json\/wp\/v2\/product_cat?post=112094"},{"taxonomy":"product_tag","embeddable":true,"href":"https:\/\/dianasilver.com\/en\/wp-json\/wp\/v2\/product_tag?post=112094"}],"curies":[{"name":"wp","href":"https:\/\/api.w.org\/{rel}","templated":true}]}}