{"id":112058,"date":"2025-09-06T22:43:48","date_gmt":"2025-09-06T20:43:48","guid":{"rendered":"https:\/\/dianasilver.hu\/termek\/double-heart-motif-bracelet-with-cubic-zirconia-stones\/"},"modified":"2026-04-15T01:41:11","modified_gmt":"2026-04-14T23:41:11","slug":"double-heart-motif-bracelet-with-cubic-zirconia-stones","status":"publish","type":"product","link":"https:\/\/dianasilver.com\/en\/termek\/double-heart-motif-bracelet-with-cubic-zirconia-stones\/","title":{"rendered":"Double heart motif bracelet with cubic zirconia stones"},"content":{"rendered":"<h2 data-start=\"285\" data-end=\"613\">This beautiful heart motif bracelet is a symbol of love and togetherness.<\/h2>\n<p data-start=\"285\" data-end=\"613\">The two interlocking heart shapes have a deep emotional meaning: they express connection, bonding and eternal interconnectedness. And the sparkle of the delicate cubic zirconia stones enhances femininity and sophisticated elegance.<\/p>\n<p data-start=\"615\" data-end=\"786\"><strong data-start=\"615\" data-end=\"650\">What does the heart motif symbolise?<\/strong><br data-start=\"650\" data-end=\"653\">&#8211; An expression of love and affection.<br data-start=\"689\" data-end=\"692\">&#8211; A symbol of togetherness and loyalty.<br data-start=\"731\" data-end=\"734\">&#8211; As a gift, it carries a particularly emotional meaning.<\/p>\n<p data-start=\"788\" data-end=\"1218\"><strong data-start=\"788\" data-end=\"806\">Why choose it?<\/strong><br data-start=\"806\" data-end=\"809\">&#8211; Made <strong data-start=\"827\" data-end=\"846\">of<\/strong> high quality <strong data-start=\"827\" data-end=\"846\">AG 925 silver<\/strong> with rhodium plating to keep its shine for a long time.<br data-start=\"910\" data-end=\"913\">&#8211; Decorated with cubic zirconia stones that give a diamond effect.<br data-start=\"984\" data-end=\"987\">&#8211; Practical size: 17 cm + 3.5 cm adjustable length for a perfect fit.<br data-start=\"1066\" data-end=\"1069\">&#8211; Delicate and romantic design that looks elegant on any woman&#8217;s wrist.<br data-start=\"1140\" data-end=\"1143\">&#8211; Perfect as a gift, it carries a deep emotional message.<\/p>\n<p data-start=\"1220\" data-end=\"1327\">\ud83c\udf81 Surprise yourself or a loved one with this lovely heart bracelet and pass on the message of togetherness! \u2764\ufe0f\u2728<\/p>\n","protected":false},"excerpt":{"rendered":"<p>A delicate, romantic bracelet with an interlocking heart motif, adorned with sparkling cubic zirconia stones. AG 925 sterling silver, rhodium plated for lasting shine. \ud83d\udc8e\u2764\ufe0f<\/p>\n","protected":false},"featured_media":108283,"template":"","meta":{"_acf_changed":false},"product_brand":[],"product_cat":[549],"product_tag":[542,632,692],"class_list":{"0":"post-112058","1":"product","2":"type-product","3":"status-publish","4":"has-post-thumbnail","6":"product_cat-silver-bracelet","7":"product_tag-childrens-silver-jewellery","8":"product_tag-heart","9":"product_tag-silver-jewelry-for-women","10":"description-off","12":"first","13":"instock","14":"taxable","15":"shipping-taxable","16":"purchasable","17":"product-type-simple"},"acf":[],"yoast_head":"<!-- This site is optimized with the Yoast SEO plugin v27.4 - https:\/\/yoast.com\/product\/yoast-seo-wordpress\/ -->\n<title>Double heart motif bracelet with cubic zirconia stones | Diana Silver<\/title>\n<meta name=\"description\" content=\"Fedezd fel a leny\u0171g\u00f6z\u0151 Double heart motif bracelet with cubic zirconia stones \u00e9kszer\u00fcnket. T\u00f6k\u00e9letes kieg\u00e9sz\u00edt\u0151 mindennapi viselethez \u00e9s k\u00fcl\u00f6nleges alkalmakra egyar\u00e1nt. Rendeld meg most!\" \/>\n<meta name=\"robots\" content=\"index, follow, max-snippet:-1, max-image-preview:large, max-video-preview:-1\" \/>\n<link rel=\"canonical\" href=\"https:\/\/dianasilver.com\/en\/termek\/double-heart-motif-bracelet-with-cubic-zirconia-stones\/\" \/>\n<meta property=\"og:locale\" content=\"en_US\" \/>\n<meta property=\"og:type\" content=\"article\" \/>\n<meta property=\"og:title\" content=\"Double heart motif bracelet with cubic zirconia stones | Diana Silver\" \/>\n<meta property=\"og:description\" content=\"Fedezd fel a leny\u0171g\u00f6z\u0151 Double heart motif bracelet with cubic zirconia stones \u00e9kszer\u00fcnket. T\u00f6k\u00e9letes kieg\u00e9sz\u00edt\u0151 mindennapi viselethez \u00e9s k\u00fcl\u00f6nleges alkalmakra egyar\u00e1nt. Rendeld meg most!\" \/>\n<meta property=\"og:url\" content=\"https:\/\/dianasilver.com\/en\/termek\/double-heart-motif-bracelet-with-cubic-zirconia-stones\/\" \/>\n<meta property=\"og:site_name\" content=\"Diana Silver\" \/>\n<meta property=\"article:publisher\" content=\"https:\/\/www.facebook.com\/profile.php?id=100027231325117\" \/>\n<meta property=\"article:modified_time\" content=\"2026-04-14T23:41:11+00:00\" \/>\n<meta property=\"og:image\" content=\"https:\/\/dianasilver.com\/wp-content\/uploads\/2025\/09\/Dupla-sziv-motivumos-karkoto-cirkonia-kovekkel_1.jpg\" \/>\n\t<meta property=\"og:image:width\" content=\"1340\" \/>\n\t<meta property=\"og:image:height\" content=\"1785\" \/>\n\t<meta property=\"og:image:type\" content=\"image\/jpeg\" \/>\n<meta name=\"twitter:card\" content=\"summary_large_image\" \/>\n<meta name=\"twitter:label1\" content=\"Est. reading time\" \/>\n\t<meta name=\"twitter:data1\" content=\"1 minute\" \/>\n<script type=\"application\/ld+json\" class=\"yoast-schema-graph\">{\"@context\":\"https:\\\/\\\/schema.org\",\"@graph\":[{\"@type\":\"WebPage\",\"@id\":\"https:\\\/\\\/dianasilver.com\\\/en\\\/termek\\\/double-heart-motif-bracelet-with-cubic-zirconia-stones\\\/\",\"url\":\"https:\\\/\\\/dianasilver.com\\\/en\\\/termek\\\/double-heart-motif-bracelet-with-cubic-zirconia-stones\\\/\",\"name\":\"Double heart motif bracelet with cubic zirconia stones | Diana Silver\",\"isPartOf\":{\"@id\":\"https:\\\/\\\/dianasilver.com\\\/en\\\/#website\"},\"primaryImageOfPage\":{\"@id\":\"https:\\\/\\\/dianasilver.com\\\/en\\\/termek\\\/double-heart-motif-bracelet-with-cubic-zirconia-stones\\\/#primaryimage\"},\"image\":{\"@id\":\"https:\\\/\\\/dianasilver.com\\\/en\\\/termek\\\/double-heart-motif-bracelet-with-cubic-zirconia-stones\\\/#primaryimage\"},\"thumbnailUrl\":\"https:\\\/\\\/dianasilver.com\\\/wp-content\\\/uploads\\\/2025\\\/09\\\/Dupla-sziv-motivumos-karkoto-cirkonia-kovekkel_1.jpg\",\"datePublished\":\"2025-09-06T20:43:48+00:00\",\"dateModified\":\"2026-04-14T23:41:11+00:00\",\"description\":\"Fedezd fel a leny\u0171g\u00f6z\u0151 Double heart motif bracelet with cubic zirconia stones \u00e9kszer\u00fcnket. T\u00f6k\u00e9letes kieg\u00e9sz\u00edt\u0151 mindennapi viselethez \u00e9s k\u00fcl\u00f6nleges alkalmakra egyar\u00e1nt. Rendeld meg most!\",\"breadcrumb\":{\"@id\":\"https:\\\/\\\/dianasilver.com\\\/en\\\/termek\\\/double-heart-motif-bracelet-with-cubic-zirconia-stones\\\/#breadcrumb\"},\"inLanguage\":\"en-US\",\"potentialAction\":[{\"@type\":\"ReadAction\",\"target\":[\"https:\\\/\\\/dianasilver.com\\\/en\\\/termek\\\/double-heart-motif-bracelet-with-cubic-zirconia-stones\\\/\"]}]},{\"@type\":\"ImageObject\",\"inLanguage\":\"en-US\",\"@id\":\"https:\\\/\\\/dianasilver.com\\\/en\\\/termek\\\/double-heart-motif-bracelet-with-cubic-zirconia-stones\\\/#primaryimage\",\"url\":\"https:\\\/\\\/dianasilver.com\\\/wp-content\\\/uploads\\\/2025\\\/09\\\/Dupla-sziv-motivumos-karkoto-cirkonia-kovekkel_1.jpg\",\"contentUrl\":\"https:\\\/\\\/dianasilver.com\\\/wp-content\\\/uploads\\\/2025\\\/09\\\/Dupla-sziv-motivumos-karkoto-cirkonia-kovekkel_1.jpg\",\"width\":1340,\"height\":1785},{\"@type\":\"BreadcrumbList\",\"@id\":\"https:\\\/\\\/dianasilver.com\\\/en\\\/termek\\\/double-heart-motif-bracelet-with-cubic-zirconia-stones\\\/#breadcrumb\",\"itemListElement\":[{\"@type\":\"ListItem\",\"position\":1,\"name\":\"Kezd\u0151lap\",\"item\":\"https:\\\/\\\/dianasilver.com\\\/en\\\/diana-silver-silver-jewellery-webshop\\\/\"},{\"@type\":\"ListItem\",\"position\":2,\"name\":\"Shop\",\"item\":\"https:\\\/\\\/dianasilver.com\\\/en\\\/shop\\\/\"},{\"@type\":\"ListItem\",\"position\":3,\"name\":\"Double heart motif bracelet with cubic zirconia stones\"}]},{\"@type\":\"WebSite\",\"@id\":\"https:\\\/\\\/dianasilver.com\\\/en\\\/#website\",\"url\":\"https:\\\/\\\/dianasilver.com\\\/en\\\/\",\"name\":\"Diana Silver\",\"description\":\"Tedd t\u00f6k\u00e9letesebb\u00e9 mindennapjaid a Diana Silver \u00e9kszereivel.\",\"publisher\":{\"@id\":\"https:\\\/\\\/dianasilver.com\\\/en\\\/#organization\"},\"alternateName\":\"Ez\u00fcst \u00c9kszer Web\u00e1ruh\u00e1z\",\"potentialAction\":[{\"@type\":\"SearchAction\",\"target\":{\"@type\":\"EntryPoint\",\"urlTemplate\":\"https:\\\/\\\/dianasilver.com\\\/en\\\/?s={search_term_string}\"},\"query-input\":{\"@type\":\"PropertyValueSpecification\",\"valueRequired\":true,\"valueName\":\"search_term_string\"}}],\"inLanguage\":\"en-US\"},{\"@type\":\"Organization\",\"@id\":\"https:\\\/\\\/dianasilver.com\\\/en\\\/#organization\",\"name\":\"Diana Silver\",\"url\":\"https:\\\/\\\/dianasilver.com\\\/en\\\/\",\"logo\":{\"@type\":\"ImageObject\",\"inLanguage\":\"en-US\",\"@id\":\"https:\\\/\\\/dianasilver.com\\\/en\\\/#\\\/schema\\\/logo\\\/image\\\/\",\"url\":\"https:\\\/\\\/dianasilver.com\\\/wp-content\\\/uploads\\\/2022\\\/08\\\/ezust-feher-1-koves-buttonos-stekkeres-fulbevalo-42.webp\",\"contentUrl\":\"https:\\\/\\\/dianasilver.com\\\/wp-content\\\/uploads\\\/2022\\\/08\\\/ezust-feher-1-koves-buttonos-stekkeres-fulbevalo-42.webp\",\"width\":300,\"height\":154,\"caption\":\"Diana Silver\"},\"image\":{\"@id\":\"https:\\\/\\\/dianasilver.com\\\/en\\\/#\\\/schema\\\/logo\\\/image\\\/\"},\"sameAs\":[\"https:\\\/\\\/www.facebook.com\\\/profile.php?id=100027231325117\"]}]}<\/script>\n<!-- \/ Yoast SEO plugin. -->","yoast_head_json":{"title":"Double heart motif bracelet with cubic zirconia stones | Diana Silver","description":"Fedezd fel a leny\u0171g\u00f6z\u0151 Double heart motif bracelet with cubic zirconia stones \u00e9kszer\u00fcnket. T\u00f6k\u00e9letes kieg\u00e9sz\u00edt\u0151 mindennapi viselethez \u00e9s k\u00fcl\u00f6nleges alkalmakra egyar\u00e1nt. Rendeld meg most!","robots":{"index":"index","follow":"follow","max-snippet":"max-snippet:-1","max-image-preview":"max-image-preview:large","max-video-preview":"max-video-preview:-1"},"canonical":"https:\/\/dianasilver.com\/en\/termek\/double-heart-motif-bracelet-with-cubic-zirconia-stones\/","og_locale":"en_US","og_type":"article","og_title":"Double heart motif bracelet with cubic zirconia stones | Diana Silver","og_description":"Fedezd fel a leny\u0171g\u00f6z\u0151 Double heart motif bracelet with cubic zirconia stones \u00e9kszer\u00fcnket. T\u00f6k\u00e9letes kieg\u00e9sz\u00edt\u0151 mindennapi viselethez \u00e9s k\u00fcl\u00f6nleges alkalmakra egyar\u00e1nt. Rendeld meg most!","og_url":"https:\/\/dianasilver.com\/en\/termek\/double-heart-motif-bracelet-with-cubic-zirconia-stones\/","og_site_name":"Diana Silver","article_publisher":"https:\/\/www.facebook.com\/profile.php?id=100027231325117","article_modified_time":"2026-04-14T23:41:11+00:00","og_image":[{"width":1340,"height":1785,"url":"https:\/\/dianasilver.com\/wp-content\/uploads\/2025\/09\/Dupla-sziv-motivumos-karkoto-cirkonia-kovekkel_1.jpg","type":"image\/jpeg"}],"twitter_card":"summary_large_image","twitter_misc":{"Est. reading time":"1 minute"},"schema":{"@context":"https:\/\/schema.org","@graph":[{"@type":"WebPage","@id":"https:\/\/dianasilver.com\/en\/termek\/double-heart-motif-bracelet-with-cubic-zirconia-stones\/","url":"https:\/\/dianasilver.com\/en\/termek\/double-heart-motif-bracelet-with-cubic-zirconia-stones\/","name":"Double heart motif bracelet with cubic zirconia stones | Diana Silver","isPartOf":{"@id":"https:\/\/dianasilver.com\/en\/#website"},"primaryImageOfPage":{"@id":"https:\/\/dianasilver.com\/en\/termek\/double-heart-motif-bracelet-with-cubic-zirconia-stones\/#primaryimage"},"image":{"@id":"https:\/\/dianasilver.com\/en\/termek\/double-heart-motif-bracelet-with-cubic-zirconia-stones\/#primaryimage"},"thumbnailUrl":"https:\/\/dianasilver.com\/wp-content\/uploads\/2025\/09\/Dupla-sziv-motivumos-karkoto-cirkonia-kovekkel_1.jpg","datePublished":"2025-09-06T20:43:48+00:00","dateModified":"2026-04-14T23:41:11+00:00","description":"Fedezd fel a leny\u0171g\u00f6z\u0151 Double heart motif bracelet with cubic zirconia stones \u00e9kszer\u00fcnket. T\u00f6k\u00e9letes kieg\u00e9sz\u00edt\u0151 mindennapi viselethez \u00e9s k\u00fcl\u00f6nleges alkalmakra egyar\u00e1nt. Rendeld meg most!","breadcrumb":{"@id":"https:\/\/dianasilver.com\/en\/termek\/double-heart-motif-bracelet-with-cubic-zirconia-stones\/#breadcrumb"},"inLanguage":"en-US","potentialAction":[{"@type":"ReadAction","target":["https:\/\/dianasilver.com\/en\/termek\/double-heart-motif-bracelet-with-cubic-zirconia-stones\/"]}]},{"@type":"ImageObject","inLanguage":"en-US","@id":"https:\/\/dianasilver.com\/en\/termek\/double-heart-motif-bracelet-with-cubic-zirconia-stones\/#primaryimage","url":"https:\/\/dianasilver.com\/wp-content\/uploads\/2025\/09\/Dupla-sziv-motivumos-karkoto-cirkonia-kovekkel_1.jpg","contentUrl":"https:\/\/dianasilver.com\/wp-content\/uploads\/2025\/09\/Dupla-sziv-motivumos-karkoto-cirkonia-kovekkel_1.jpg","width":1340,"height":1785},{"@type":"BreadcrumbList","@id":"https:\/\/dianasilver.com\/en\/termek\/double-heart-motif-bracelet-with-cubic-zirconia-stones\/#breadcrumb","itemListElement":[{"@type":"ListItem","position":1,"name":"Kezd\u0151lap","item":"https:\/\/dianasilver.com\/en\/diana-silver-silver-jewellery-webshop\/"},{"@type":"ListItem","position":2,"name":"Shop","item":"https:\/\/dianasilver.com\/en\/shop\/"},{"@type":"ListItem","position":3,"name":"Double heart motif bracelet with cubic zirconia stones"}]},{"@type":"WebSite","@id":"https:\/\/dianasilver.com\/en\/#website","url":"https:\/\/dianasilver.com\/en\/","name":"Diana Silver","description":"Tedd t\u00f6k\u00e9letesebb\u00e9 mindennapjaid a Diana Silver \u00e9kszereivel.","publisher":{"@id":"https:\/\/dianasilver.com\/en\/#organization"},"alternateName":"Ez\u00fcst \u00c9kszer Web\u00e1ruh\u00e1z","potentialAction":[{"@type":"SearchAction","target":{"@type":"EntryPoint","urlTemplate":"https:\/\/dianasilver.com\/en\/?s={search_term_string}"},"query-input":{"@type":"PropertyValueSpecification","valueRequired":true,"valueName":"search_term_string"}}],"inLanguage":"en-US"},{"@type":"Organization","@id":"https:\/\/dianasilver.com\/en\/#organization","name":"Diana Silver","url":"https:\/\/dianasilver.com\/en\/","logo":{"@type":"ImageObject","inLanguage":"en-US","@id":"https:\/\/dianasilver.com\/en\/#\/schema\/logo\/image\/","url":"https:\/\/dianasilver.com\/wp-content\/uploads\/2022\/08\/ezust-feher-1-koves-buttonos-stekkeres-fulbevalo-42.webp","contentUrl":"https:\/\/dianasilver.com\/wp-content\/uploads\/2022\/08\/ezust-feher-1-koves-buttonos-stekkeres-fulbevalo-42.webp","width":300,"height":154,"caption":"Diana Silver"},"image":{"@id":"https:\/\/dianasilver.com\/en\/#\/schema\/logo\/image\/"},"sameAs":["https:\/\/www.facebook.com\/profile.php?id=100027231325117"]}]}},"_links":{"self":[{"href":"https:\/\/dianasilver.com\/en\/wp-json\/wp\/v2\/product\/112058","targetHints":{"allow":["GET"]}}],"collection":[{"href":"https:\/\/dianasilver.com\/en\/wp-json\/wp\/v2\/product"}],"about":[{"href":"https:\/\/dianasilver.com\/en\/wp-json\/wp\/v2\/types\/product"}],"version-history":[{"count":0,"href":"https:\/\/dianasilver.com\/en\/wp-json\/wp\/v2\/product\/112058\/revisions"}],"wp:featuredmedia":[{"embeddable":true,"href":"https:\/\/dianasilver.com\/en\/wp-json\/wp\/v2\/media\/108283"}],"wp:attachment":[{"href":"https:\/\/dianasilver.com\/en\/wp-json\/wp\/v2\/media?parent=112058"}],"wp:term":[{"taxonomy":"product_brand","embeddable":true,"href":"https:\/\/dianasilver.com\/en\/wp-json\/wp\/v2\/product_brand?post=112058"},{"taxonomy":"product_cat","embeddable":true,"href":"https:\/\/dianasilver.com\/en\/wp-json\/wp\/v2\/product_cat?post=112058"},{"taxonomy":"product_tag","embeddable":true,"href":"https:\/\/dianasilver.com\/en\/wp-json\/wp\/v2\/product_tag?post=112058"}],"curies":[{"name":"wp","href":"https:\/\/api.w.org\/{rel}","templated":true}]}}