{"id":112046,"date":"2025-09-06T22:14:46","date_gmt":"2025-09-06T20:14:46","guid":{"rendered":"https:\/\/dianasilver.hu\/termek\/white-cubic-zirconia-stone-elegant-hoop-earrings\/"},"modified":"2026-03-10T00:21:37","modified_gmt":"2026-03-09T23:21:37","slug":"white-cubic-zirconia-stone-elegant-hoop-earrings","status":"publish","type":"product","link":"https:\/\/dianasilver.com\/en\/termek\/white-cubic-zirconia-stone-elegant-hoop-earrings\/","title":{"rendered":"White cubic zirconia stone elegant hoop earrings"},"content":{"rendered":"<h2 data-start=\"325\" data-end=\"541\">These hoop earrings with white cubic zirconia stones are a meeting of elegance and modern style.<\/h2>\n<p data-start=\"325\" data-end=\"541\">The combination of a clean shape and brilliant stones makes it wearable for any occasion.<\/p>\n<p data-start=\"543\" data-end=\"746\"><strong data-start=\"543\" data-end=\"571\">What does the shape symbolise?<\/strong><br data-start=\"571\" data-end=\"574\">&#8211; The hoop shape symbolises wholeness and harmony.<br data-start=\"628\" data-end=\"631\">&#8211; Zirconia stones are symbols of purity and light.<br data-start=\"682\" data-end=\"685\">&#8211; It strikes the perfect balance between classic and modern.<\/p>\n<p data-start=\"748\" data-end=\"1064\"><strong data-start=\"748\" data-end=\"766\">Why choose it?<\/strong><br data-start=\"766\" data-end=\"769\">&#8211; Made <strong data-start=\"779\" data-end=\"817\">from AG 925 silver with rhodium plating<\/strong> to keep it shining.<br data-start=\"848\" data-end=\"851\">&#8211; White cubic zirconia stones add a brilliant glow to your face.<br data-start=\"913\" data-end=\"916\">&#8211; Hoop design that is timeless and easy to combine with other jewellery.<br data-start=\"987\" data-end=\"990\">&#8211; Secure and comfortable closure for all-day wear.<\/p>\n<p data-start=\"1066\" data-end=\"1190\">\ud83c\udf81 Surprise yourself or a loved one with this elegant hoop earring &#8211; that will bring light and sparkle to any moment! \u2728<\/p>\n","protected":false},"excerpt":{"rendered":"<p>Modern and sophisticated hoop earrings adorned with brilliant white cubic zirconia stones. AG 925 sterling silver with rhodium plating for long-lasting shine. Perfect choice if you want to wear a classic yet elegant piece. \u2728<\/p>\n","protected":false},"featured_media":108235,"template":"","meta":{"_acf_changed":false},"product_brand":[],"product_cat":[541,588],"product_tag":[692],"class_list":{"0":"post-112046","1":"product","2":"type-product","3":"status-publish","4":"has-post-thumbnail","6":"product_cat-silver-earrings","7":"product_cat-silver-hoop-earrings","8":"product_tag-silver-jewelry-for-women","9":"description-off","11":"first","12":"instock","13":"sale","14":"taxable","15":"shipping-taxable","16":"purchasable","17":"product-type-simple"},"acf":[],"yoast_head":"<!-- This site is optimized with the Yoast SEO plugin v27.4 - https:\/\/yoast.com\/product\/yoast-seo-wordpress\/ -->\n<title>White cubic zirconia stone elegant hoop earrings | Diana Silver<\/title>\n<meta name=\"description\" content=\"Fedezd fel a leny\u0171g\u00f6z\u0151 White cubic zirconia stone elegant hoop earrings \u00e9kszer\u00fcnket. T\u00f6k\u00e9letes kieg\u00e9sz\u00edt\u0151 mindennapi viselethez \u00e9s k\u00fcl\u00f6nleges alkalmakra egyar\u00e1nt. Rendeld meg most!\" \/>\n<meta name=\"robots\" content=\"index, follow, max-snippet:-1, max-image-preview:large, max-video-preview:-1\" \/>\n<link rel=\"canonical\" href=\"https:\/\/dianasilver.com\/en\/termek\/white-cubic-zirconia-stone-elegant-hoop-earrings\/\" \/>\n<meta property=\"og:locale\" content=\"en_US\" \/>\n<meta property=\"og:type\" content=\"article\" \/>\n<meta property=\"og:title\" content=\"White cubic zirconia stone elegant hoop earrings | Diana Silver\" \/>\n<meta property=\"og:description\" content=\"Fedezd fel a leny\u0171g\u00f6z\u0151 White cubic zirconia stone elegant hoop earrings \u00e9kszer\u00fcnket. T\u00f6k\u00e9letes kieg\u00e9sz\u00edt\u0151 mindennapi viselethez \u00e9s k\u00fcl\u00f6nleges alkalmakra egyar\u00e1nt. Rendeld meg most!\" \/>\n<meta property=\"og:url\" content=\"https:\/\/dianasilver.com\/en\/termek\/white-cubic-zirconia-stone-elegant-hoop-earrings\/\" \/>\n<meta property=\"og:site_name\" content=\"Diana Silver\" \/>\n<meta property=\"article:publisher\" content=\"https:\/\/www.facebook.com\/profile.php?id=100027231325117\" \/>\n<meta property=\"article:modified_time\" content=\"2026-03-09T23:21:37+00:00\" \/>\n<meta property=\"og:image\" content=\"https:\/\/dianasilver.com\/wp-content\/uploads\/2025\/09\/Feher-cirkonia-koves-elegans-karika-fulbevalo_2.jpg\" \/>\n\t<meta property=\"og:image:width\" content=\"1350\" \/>\n\t<meta property=\"og:image:height\" content=\"1800\" \/>\n\t<meta property=\"og:image:type\" content=\"image\/jpeg\" \/>\n<meta name=\"twitter:card\" content=\"summary_large_image\" \/>\n<meta name=\"twitter:label1\" content=\"Est. reading time\" \/>\n\t<meta name=\"twitter:data1\" content=\"1 minute\" \/>\n<script type=\"application\/ld+json\" class=\"yoast-schema-graph\">{\"@context\":\"https:\\\/\\\/schema.org\",\"@graph\":[{\"@type\":\"WebPage\",\"@id\":\"https:\\\/\\\/dianasilver.com\\\/en\\\/termek\\\/white-cubic-zirconia-stone-elegant-hoop-earrings\\\/\",\"url\":\"https:\\\/\\\/dianasilver.com\\\/en\\\/termek\\\/white-cubic-zirconia-stone-elegant-hoop-earrings\\\/\",\"name\":\"White cubic zirconia stone elegant hoop earrings | Diana Silver\",\"isPartOf\":{\"@id\":\"https:\\\/\\\/dianasilver.com\\\/en\\\/#website\"},\"primaryImageOfPage\":{\"@id\":\"https:\\\/\\\/dianasilver.com\\\/en\\\/termek\\\/white-cubic-zirconia-stone-elegant-hoop-earrings\\\/#primaryimage\"},\"image\":{\"@id\":\"https:\\\/\\\/dianasilver.com\\\/en\\\/termek\\\/white-cubic-zirconia-stone-elegant-hoop-earrings\\\/#primaryimage\"},\"thumbnailUrl\":\"https:\\\/\\\/dianasilver.com\\\/wp-content\\\/uploads\\\/2025\\\/09\\\/Feher-cirkonia-koves-elegans-karika-fulbevalo_2.jpg\",\"datePublished\":\"2025-09-06T20:14:46+00:00\",\"dateModified\":\"2026-03-09T23:21:37+00:00\",\"description\":\"Fedezd fel a leny\u0171g\u00f6z\u0151 White cubic zirconia stone elegant hoop earrings \u00e9kszer\u00fcnket. T\u00f6k\u00e9letes kieg\u00e9sz\u00edt\u0151 mindennapi viselethez \u00e9s k\u00fcl\u00f6nleges alkalmakra egyar\u00e1nt. Rendeld meg most!\",\"breadcrumb\":{\"@id\":\"https:\\\/\\\/dianasilver.com\\\/en\\\/termek\\\/white-cubic-zirconia-stone-elegant-hoop-earrings\\\/#breadcrumb\"},\"inLanguage\":\"en-US\",\"potentialAction\":[{\"@type\":\"ReadAction\",\"target\":[\"https:\\\/\\\/dianasilver.com\\\/en\\\/termek\\\/white-cubic-zirconia-stone-elegant-hoop-earrings\\\/\"]}]},{\"@type\":\"ImageObject\",\"inLanguage\":\"en-US\",\"@id\":\"https:\\\/\\\/dianasilver.com\\\/en\\\/termek\\\/white-cubic-zirconia-stone-elegant-hoop-earrings\\\/#primaryimage\",\"url\":\"https:\\\/\\\/dianasilver.com\\\/wp-content\\\/uploads\\\/2025\\\/09\\\/Feher-cirkonia-koves-elegans-karika-fulbevalo_2.jpg\",\"contentUrl\":\"https:\\\/\\\/dianasilver.com\\\/wp-content\\\/uploads\\\/2025\\\/09\\\/Feher-cirkonia-koves-elegans-karika-fulbevalo_2.jpg\",\"width\":1350,\"height\":1800},{\"@type\":\"BreadcrumbList\",\"@id\":\"https:\\\/\\\/dianasilver.com\\\/en\\\/termek\\\/white-cubic-zirconia-stone-elegant-hoop-earrings\\\/#breadcrumb\",\"itemListElement\":[{\"@type\":\"ListItem\",\"position\":1,\"name\":\"Kezd\u0151lap\",\"item\":\"https:\\\/\\\/dianasilver.com\\\/en\\\/diana-silver-silver-jewellery-webshop\\\/\"},{\"@type\":\"ListItem\",\"position\":2,\"name\":\"Shop\",\"item\":\"https:\\\/\\\/dianasilver.com\\\/en\\\/shop\\\/\"},{\"@type\":\"ListItem\",\"position\":3,\"name\":\"White cubic zirconia stone elegant hoop earrings\"}]},{\"@type\":\"WebSite\",\"@id\":\"https:\\\/\\\/dianasilver.com\\\/en\\\/#website\",\"url\":\"https:\\\/\\\/dianasilver.com\\\/en\\\/\",\"name\":\"Diana Silver\",\"description\":\"Tedd t\u00f6k\u00e9letesebb\u00e9 mindennapjaid a Diana Silver \u00e9kszereivel.\",\"publisher\":{\"@id\":\"https:\\\/\\\/dianasilver.com\\\/en\\\/#organization\"},\"alternateName\":\"Ez\u00fcst \u00c9kszer Web\u00e1ruh\u00e1z\",\"potentialAction\":[{\"@type\":\"SearchAction\",\"target\":{\"@type\":\"EntryPoint\",\"urlTemplate\":\"https:\\\/\\\/dianasilver.com\\\/en\\\/?s={search_term_string}\"},\"query-input\":{\"@type\":\"PropertyValueSpecification\",\"valueRequired\":true,\"valueName\":\"search_term_string\"}}],\"inLanguage\":\"en-US\"},{\"@type\":\"Organization\",\"@id\":\"https:\\\/\\\/dianasilver.com\\\/en\\\/#organization\",\"name\":\"Diana Silver\",\"url\":\"https:\\\/\\\/dianasilver.com\\\/en\\\/\",\"logo\":{\"@type\":\"ImageObject\",\"inLanguage\":\"en-US\",\"@id\":\"https:\\\/\\\/dianasilver.com\\\/en\\\/#\\\/schema\\\/logo\\\/image\\\/\",\"url\":\"https:\\\/\\\/dianasilver.com\\\/wp-content\\\/uploads\\\/2022\\\/08\\\/ezust-feher-1-koves-buttonos-stekkeres-fulbevalo-42.webp\",\"contentUrl\":\"https:\\\/\\\/dianasilver.com\\\/wp-content\\\/uploads\\\/2022\\\/08\\\/ezust-feher-1-koves-buttonos-stekkeres-fulbevalo-42.webp\",\"width\":300,\"height\":154,\"caption\":\"Diana Silver\"},\"image\":{\"@id\":\"https:\\\/\\\/dianasilver.com\\\/en\\\/#\\\/schema\\\/logo\\\/image\\\/\"},\"sameAs\":[\"https:\\\/\\\/www.facebook.com\\\/profile.php?id=100027231325117\"]}]}<\/script>\n<!-- \/ Yoast SEO plugin. -->","yoast_head_json":{"title":"White cubic zirconia stone elegant hoop earrings | Diana Silver","description":"Fedezd fel a leny\u0171g\u00f6z\u0151 White cubic zirconia stone elegant hoop earrings \u00e9kszer\u00fcnket. T\u00f6k\u00e9letes kieg\u00e9sz\u00edt\u0151 mindennapi viselethez \u00e9s k\u00fcl\u00f6nleges alkalmakra egyar\u00e1nt. Rendeld meg most!","robots":{"index":"index","follow":"follow","max-snippet":"max-snippet:-1","max-image-preview":"max-image-preview:large","max-video-preview":"max-video-preview:-1"},"canonical":"https:\/\/dianasilver.com\/en\/termek\/white-cubic-zirconia-stone-elegant-hoop-earrings\/","og_locale":"en_US","og_type":"article","og_title":"White cubic zirconia stone elegant hoop earrings | Diana Silver","og_description":"Fedezd fel a leny\u0171g\u00f6z\u0151 White cubic zirconia stone elegant hoop earrings \u00e9kszer\u00fcnket. T\u00f6k\u00e9letes kieg\u00e9sz\u00edt\u0151 mindennapi viselethez \u00e9s k\u00fcl\u00f6nleges alkalmakra egyar\u00e1nt. Rendeld meg most!","og_url":"https:\/\/dianasilver.com\/en\/termek\/white-cubic-zirconia-stone-elegant-hoop-earrings\/","og_site_name":"Diana Silver","article_publisher":"https:\/\/www.facebook.com\/profile.php?id=100027231325117","article_modified_time":"2026-03-09T23:21:37+00:00","og_image":[{"width":1350,"height":1800,"url":"https:\/\/dianasilver.com\/wp-content\/uploads\/2025\/09\/Feher-cirkonia-koves-elegans-karika-fulbevalo_2.jpg","type":"image\/jpeg"}],"twitter_card":"summary_large_image","twitter_misc":{"Est. reading time":"1 minute"},"schema":{"@context":"https:\/\/schema.org","@graph":[{"@type":"WebPage","@id":"https:\/\/dianasilver.com\/en\/termek\/white-cubic-zirconia-stone-elegant-hoop-earrings\/","url":"https:\/\/dianasilver.com\/en\/termek\/white-cubic-zirconia-stone-elegant-hoop-earrings\/","name":"White cubic zirconia stone elegant hoop earrings | Diana Silver","isPartOf":{"@id":"https:\/\/dianasilver.com\/en\/#website"},"primaryImageOfPage":{"@id":"https:\/\/dianasilver.com\/en\/termek\/white-cubic-zirconia-stone-elegant-hoop-earrings\/#primaryimage"},"image":{"@id":"https:\/\/dianasilver.com\/en\/termek\/white-cubic-zirconia-stone-elegant-hoop-earrings\/#primaryimage"},"thumbnailUrl":"https:\/\/dianasilver.com\/wp-content\/uploads\/2025\/09\/Feher-cirkonia-koves-elegans-karika-fulbevalo_2.jpg","datePublished":"2025-09-06T20:14:46+00:00","dateModified":"2026-03-09T23:21:37+00:00","description":"Fedezd fel a leny\u0171g\u00f6z\u0151 White cubic zirconia stone elegant hoop earrings \u00e9kszer\u00fcnket. T\u00f6k\u00e9letes kieg\u00e9sz\u00edt\u0151 mindennapi viselethez \u00e9s k\u00fcl\u00f6nleges alkalmakra egyar\u00e1nt. Rendeld meg most!","breadcrumb":{"@id":"https:\/\/dianasilver.com\/en\/termek\/white-cubic-zirconia-stone-elegant-hoop-earrings\/#breadcrumb"},"inLanguage":"en-US","potentialAction":[{"@type":"ReadAction","target":["https:\/\/dianasilver.com\/en\/termek\/white-cubic-zirconia-stone-elegant-hoop-earrings\/"]}]},{"@type":"ImageObject","inLanguage":"en-US","@id":"https:\/\/dianasilver.com\/en\/termek\/white-cubic-zirconia-stone-elegant-hoop-earrings\/#primaryimage","url":"https:\/\/dianasilver.com\/wp-content\/uploads\/2025\/09\/Feher-cirkonia-koves-elegans-karika-fulbevalo_2.jpg","contentUrl":"https:\/\/dianasilver.com\/wp-content\/uploads\/2025\/09\/Feher-cirkonia-koves-elegans-karika-fulbevalo_2.jpg","width":1350,"height":1800},{"@type":"BreadcrumbList","@id":"https:\/\/dianasilver.com\/en\/termek\/white-cubic-zirconia-stone-elegant-hoop-earrings\/#breadcrumb","itemListElement":[{"@type":"ListItem","position":1,"name":"Kezd\u0151lap","item":"https:\/\/dianasilver.com\/en\/diana-silver-silver-jewellery-webshop\/"},{"@type":"ListItem","position":2,"name":"Shop","item":"https:\/\/dianasilver.com\/en\/shop\/"},{"@type":"ListItem","position":3,"name":"White cubic zirconia stone elegant hoop earrings"}]},{"@type":"WebSite","@id":"https:\/\/dianasilver.com\/en\/#website","url":"https:\/\/dianasilver.com\/en\/","name":"Diana Silver","description":"Tedd t\u00f6k\u00e9letesebb\u00e9 mindennapjaid a Diana Silver \u00e9kszereivel.","publisher":{"@id":"https:\/\/dianasilver.com\/en\/#organization"},"alternateName":"Ez\u00fcst \u00c9kszer Web\u00e1ruh\u00e1z","potentialAction":[{"@type":"SearchAction","target":{"@type":"EntryPoint","urlTemplate":"https:\/\/dianasilver.com\/en\/?s={search_term_string}"},"query-input":{"@type":"PropertyValueSpecification","valueRequired":true,"valueName":"search_term_string"}}],"inLanguage":"en-US"},{"@type":"Organization","@id":"https:\/\/dianasilver.com\/en\/#organization","name":"Diana Silver","url":"https:\/\/dianasilver.com\/en\/","logo":{"@type":"ImageObject","inLanguage":"en-US","@id":"https:\/\/dianasilver.com\/en\/#\/schema\/logo\/image\/","url":"https:\/\/dianasilver.com\/wp-content\/uploads\/2022\/08\/ezust-feher-1-koves-buttonos-stekkeres-fulbevalo-42.webp","contentUrl":"https:\/\/dianasilver.com\/wp-content\/uploads\/2022\/08\/ezust-feher-1-koves-buttonos-stekkeres-fulbevalo-42.webp","width":300,"height":154,"caption":"Diana Silver"},"image":{"@id":"https:\/\/dianasilver.com\/en\/#\/schema\/logo\/image\/"},"sameAs":["https:\/\/www.facebook.com\/profile.php?id=100027231325117"]}]}},"_links":{"self":[{"href":"https:\/\/dianasilver.com\/en\/wp-json\/wp\/v2\/product\/112046","targetHints":{"allow":["GET"]}}],"collection":[{"href":"https:\/\/dianasilver.com\/en\/wp-json\/wp\/v2\/product"}],"about":[{"href":"https:\/\/dianasilver.com\/en\/wp-json\/wp\/v2\/types\/product"}],"version-history":[{"count":0,"href":"https:\/\/dianasilver.com\/en\/wp-json\/wp\/v2\/product\/112046\/revisions"}],"wp:featuredmedia":[{"embeddable":true,"href":"https:\/\/dianasilver.com\/en\/wp-json\/wp\/v2\/media\/108235"}],"wp:attachment":[{"href":"https:\/\/dianasilver.com\/en\/wp-json\/wp\/v2\/media?parent=112046"}],"wp:term":[{"taxonomy":"product_brand","embeddable":true,"href":"https:\/\/dianasilver.com\/en\/wp-json\/wp\/v2\/product_brand?post=112046"},{"taxonomy":"product_cat","embeddable":true,"href":"https:\/\/dianasilver.com\/en\/wp-json\/wp\/v2\/product_cat?post=112046"},{"taxonomy":"product_tag","embeddable":true,"href":"https:\/\/dianasilver.com\/en\/wp-json\/wp\/v2\/product_tag?post=112046"}],"curies":[{"name":"wp","href":"https:\/\/api.w.org\/{rel}","templated":true}]}}