{"id":112035,"date":"2025-09-06T20:28:02","date_gmt":"2025-09-06T18:28:02","guid":{"rendered":"https:\/\/dianasilver.hu\/termek\/triangular-shaped-jewel-set-with-white-cubic-zirconia-stones\/"},"modified":"2026-01-16T17:37:36","modified_gmt":"2026-01-16T16:37:36","slug":"triangular-shaped-jewel-set-with-white-cubic-zirconia-stones","status":"publish","type":"product","link":"https:\/\/dianasilver.com\/en\/termek\/triangular-shaped-jewel-set-with-white-cubic-zirconia-stones\/","title":{"rendered":"Triangular shaped jewel set with white cubic zirconia stones"},"content":{"rendered":"<h2 data-start=\"290\" data-end=\"607\">This special jewel set with its modern triangle shape and white cubic zirconia stones is the perfect embodiment of femininity and sophistication.<\/h2>\n<p data-start=\"290\" data-end=\"607\">The geometric design and dazzling sparkle combine harmoniously to create a set that is at once youthful, trendy and chic.<\/p>\n<p data-start=\"609\" data-end=\"851\"><strong data-start=\"609\" data-end=\"645\">What do the shape and the stone symbolise?<\/strong><br data-start=\"645\" data-end=\"648\">&#8211; The triangle shape represents strength, stability and harmony.<br data-start=\"712\" data-end=\"715\">&#8211; White zirconia evokes purity, light and radiance.<br data-start=\"776\" data-end=\"779\">&#8211; A piece of jewellery that elevates any look and exudes confidence.<\/p>\n<p data-start=\"853\" data-end=\"1187\"><strong data-start=\"853\" data-end=\"892\">Why choose this jewellery set?<\/strong><br data-start=\"892\" data-end=\"895\">&#8211; Made <strong data-start=\"905\" data-end=\"943\">from AG 925 sterling silver with rhodium plating<\/strong> for long-lasting shine and durability.<br data-start=\"988\" data-end=\"991\">&#8211; Modern, geometric design that will enhance your sense of style.<br data-start=\"1051\" data-end=\"1054\">&#8211; Shimmering white cubic zirconia stones in a pav\u00e9 setting.<br data-start=\"1103\" data-end=\"1106\">&#8211; Lightweight wear that will brighten up both casual and casual outfits.<\/p>\n<p data-start=\"1189\" data-end=\"1308\">\ud83c\udf81 Surprise yourself or your loved ones with this elegant set and make the look special every time! \u2728<\/p>\n<p data-start=\"1189\" data-end=\"1308\">-The product comes without chain!<\/p>\n","protected":false},"excerpt":{"rendered":"<p>Modern triangular shaped chandelier set with brilliant white cubic zirconia stones. Made of AG 925 silver with rhodium plating, it is an elegant choice for special occasions and everyday wear. \u2728<\/p>\n<p>-It comes without chain!<\/p>\n","protected":false},"featured_media":108088,"template":"","meta":{"_acf_changed":false},"product_brand":[],"product_cat":[524],"product_tag":[692],"class_list":{"0":"post-112035","1":"product","2":"type-product","3":"status-publish","4":"has-post-thumbnail","6":"product_cat-silver-jewellery-set","7":"product_tag-silver-jewelry-for-women","8":"description-off","10":"first","11":"instock","12":"taxable","13":"shipping-taxable","14":"purchasable","15":"product-type-simple"},"acf":[],"yoast_head":"<!-- This site is optimized with the Yoast SEO plugin v27.4 - https:\/\/yoast.com\/product\/yoast-seo-wordpress\/ -->\n<title>Triangular shaped jewel set with white cubic zirconia stones | Diana Silver<\/title>\n<meta name=\"description\" content=\"Fedezd fel a leny\u0171g\u00f6z\u0151 Triangular shaped jewel set with white cubic zirconia stones \u00e9kszer\u00fcnket. T\u00f6k\u00e9letes kieg\u00e9sz\u00edt\u0151 mindennapi viselethez \u00e9s k\u00fcl\u00f6nleges alkalmakra egyar\u00e1nt. Rendeld meg most!\" \/>\n<meta name=\"robots\" content=\"index, follow, max-snippet:-1, max-image-preview:large, max-video-preview:-1\" \/>\n<link rel=\"canonical\" href=\"https:\/\/dianasilver.com\/en\/termek\/triangular-shaped-jewel-set-with-white-cubic-zirconia-stones\/\" \/>\n<meta property=\"og:locale\" content=\"en_US\" \/>\n<meta property=\"og:type\" content=\"article\" \/>\n<meta property=\"og:title\" content=\"Triangular shaped jewel set with white cubic zirconia stones | Diana Silver\" \/>\n<meta property=\"og:description\" content=\"Fedezd fel a leny\u0171g\u00f6z\u0151 Triangular shaped jewel set with white cubic zirconia stones \u00e9kszer\u00fcnket. T\u00f6k\u00e9letes kieg\u00e9sz\u00edt\u0151 mindennapi viselethez \u00e9s k\u00fcl\u00f6nleges alkalmakra egyar\u00e1nt. Rendeld meg most!\" \/>\n<meta property=\"og:url\" content=\"https:\/\/dianasilver.com\/en\/termek\/triangular-shaped-jewel-set-with-white-cubic-zirconia-stones\/\" \/>\n<meta property=\"og:site_name\" content=\"Diana Silver\" \/>\n<meta property=\"article:publisher\" content=\"https:\/\/www.facebook.com\/profile.php?id=100027231325117\" \/>\n<meta property=\"article:modified_time\" content=\"2026-01-16T16:37:36+00:00\" \/>\n<meta property=\"og:image\" content=\"https:\/\/dianasilver.com\/wp-content\/uploads\/2025\/09\/Haromszog-formaju-ekszerszett-feher-cirkonia-kovekkel_2.jpg\" \/>\n\t<meta property=\"og:image:width\" content=\"1340\" \/>\n\t<meta property=\"og:image:height\" content=\"1785\" \/>\n\t<meta property=\"og:image:type\" content=\"image\/jpeg\" \/>\n<meta name=\"twitter:card\" content=\"summary_large_image\" \/>\n<meta name=\"twitter:label1\" content=\"Est. reading time\" \/>\n\t<meta name=\"twitter:data1\" content=\"1 minute\" \/>\n<script type=\"application\/ld+json\" class=\"yoast-schema-graph\">{\"@context\":\"https:\\\/\\\/schema.org\",\"@graph\":[{\"@type\":\"WebPage\",\"@id\":\"https:\\\/\\\/dianasilver.com\\\/en\\\/termek\\\/triangular-shaped-jewel-set-with-white-cubic-zirconia-stones\\\/\",\"url\":\"https:\\\/\\\/dianasilver.com\\\/en\\\/termek\\\/triangular-shaped-jewel-set-with-white-cubic-zirconia-stones\\\/\",\"name\":\"Triangular shaped jewel set with white cubic zirconia stones | Diana Silver\",\"isPartOf\":{\"@id\":\"https:\\\/\\\/dianasilver.com\\\/en\\\/#website\"},\"primaryImageOfPage\":{\"@id\":\"https:\\\/\\\/dianasilver.com\\\/en\\\/termek\\\/triangular-shaped-jewel-set-with-white-cubic-zirconia-stones\\\/#primaryimage\"},\"image\":{\"@id\":\"https:\\\/\\\/dianasilver.com\\\/en\\\/termek\\\/triangular-shaped-jewel-set-with-white-cubic-zirconia-stones\\\/#primaryimage\"},\"thumbnailUrl\":\"https:\\\/\\\/dianasilver.com\\\/wp-content\\\/uploads\\\/2025\\\/09\\\/Haromszog-formaju-ekszerszett-feher-cirkonia-kovekkel_2.jpg\",\"datePublished\":\"2025-09-06T18:28:02+00:00\",\"dateModified\":\"2026-01-16T16:37:36+00:00\",\"description\":\"Fedezd fel a leny\u0171g\u00f6z\u0151 Triangular shaped jewel set with white cubic zirconia stones \u00e9kszer\u00fcnket. T\u00f6k\u00e9letes kieg\u00e9sz\u00edt\u0151 mindennapi viselethez \u00e9s k\u00fcl\u00f6nleges alkalmakra egyar\u00e1nt. Rendeld meg most!\",\"breadcrumb\":{\"@id\":\"https:\\\/\\\/dianasilver.com\\\/en\\\/termek\\\/triangular-shaped-jewel-set-with-white-cubic-zirconia-stones\\\/#breadcrumb\"},\"inLanguage\":\"en-US\",\"potentialAction\":[{\"@type\":\"ReadAction\",\"target\":[\"https:\\\/\\\/dianasilver.com\\\/en\\\/termek\\\/triangular-shaped-jewel-set-with-white-cubic-zirconia-stones\\\/\"]}]},{\"@type\":\"ImageObject\",\"inLanguage\":\"en-US\",\"@id\":\"https:\\\/\\\/dianasilver.com\\\/en\\\/termek\\\/triangular-shaped-jewel-set-with-white-cubic-zirconia-stones\\\/#primaryimage\",\"url\":\"https:\\\/\\\/dianasilver.com\\\/wp-content\\\/uploads\\\/2025\\\/09\\\/Haromszog-formaju-ekszerszett-feher-cirkonia-kovekkel_2.jpg\",\"contentUrl\":\"https:\\\/\\\/dianasilver.com\\\/wp-content\\\/uploads\\\/2025\\\/09\\\/Haromszog-formaju-ekszerszett-feher-cirkonia-kovekkel_2.jpg\",\"width\":1340,\"height\":1785},{\"@type\":\"BreadcrumbList\",\"@id\":\"https:\\\/\\\/dianasilver.com\\\/en\\\/termek\\\/triangular-shaped-jewel-set-with-white-cubic-zirconia-stones\\\/#breadcrumb\",\"itemListElement\":[{\"@type\":\"ListItem\",\"position\":1,\"name\":\"Kezd\u0151lap\",\"item\":\"https:\\\/\\\/dianasilver.com\\\/en\\\/diana-silver-silver-jewellery-webshop\\\/\"},{\"@type\":\"ListItem\",\"position\":2,\"name\":\"Shop\",\"item\":\"https:\\\/\\\/dianasilver.com\\\/en\\\/shop\\\/\"},{\"@type\":\"ListItem\",\"position\":3,\"name\":\"Triangular shaped jewel set with white cubic zirconia stones\"}]},{\"@type\":\"WebSite\",\"@id\":\"https:\\\/\\\/dianasilver.com\\\/en\\\/#website\",\"url\":\"https:\\\/\\\/dianasilver.com\\\/en\\\/\",\"name\":\"Diana Silver\",\"description\":\"Tedd t\u00f6k\u00e9letesebb\u00e9 mindennapjaid a Diana Silver \u00e9kszereivel.\",\"publisher\":{\"@id\":\"https:\\\/\\\/dianasilver.com\\\/en\\\/#organization\"},\"alternateName\":\"Ez\u00fcst \u00c9kszer Web\u00e1ruh\u00e1z\",\"potentialAction\":[{\"@type\":\"SearchAction\",\"target\":{\"@type\":\"EntryPoint\",\"urlTemplate\":\"https:\\\/\\\/dianasilver.com\\\/en\\\/?s={search_term_string}\"},\"query-input\":{\"@type\":\"PropertyValueSpecification\",\"valueRequired\":true,\"valueName\":\"search_term_string\"}}],\"inLanguage\":\"en-US\"},{\"@type\":\"Organization\",\"@id\":\"https:\\\/\\\/dianasilver.com\\\/en\\\/#organization\",\"name\":\"Diana Silver\",\"url\":\"https:\\\/\\\/dianasilver.com\\\/en\\\/\",\"logo\":{\"@type\":\"ImageObject\",\"inLanguage\":\"en-US\",\"@id\":\"https:\\\/\\\/dianasilver.com\\\/en\\\/#\\\/schema\\\/logo\\\/image\\\/\",\"url\":\"https:\\\/\\\/dianasilver.com\\\/wp-content\\\/uploads\\\/2022\\\/08\\\/ezust-feher-1-koves-buttonos-stekkeres-fulbevalo-42.webp\",\"contentUrl\":\"https:\\\/\\\/dianasilver.com\\\/wp-content\\\/uploads\\\/2022\\\/08\\\/ezust-feher-1-koves-buttonos-stekkeres-fulbevalo-42.webp\",\"width\":300,\"height\":154,\"caption\":\"Diana Silver\"},\"image\":{\"@id\":\"https:\\\/\\\/dianasilver.com\\\/en\\\/#\\\/schema\\\/logo\\\/image\\\/\"},\"sameAs\":[\"https:\\\/\\\/www.facebook.com\\\/profile.php?id=100027231325117\"]}]}<\/script>\n<!-- \/ Yoast SEO plugin. -->","yoast_head_json":{"title":"Triangular shaped jewel set with white cubic zirconia stones | Diana Silver","description":"Fedezd fel a leny\u0171g\u00f6z\u0151 Triangular shaped jewel set with white cubic zirconia stones \u00e9kszer\u00fcnket. T\u00f6k\u00e9letes kieg\u00e9sz\u00edt\u0151 mindennapi viselethez \u00e9s k\u00fcl\u00f6nleges alkalmakra egyar\u00e1nt. Rendeld meg most!","robots":{"index":"index","follow":"follow","max-snippet":"max-snippet:-1","max-image-preview":"max-image-preview:large","max-video-preview":"max-video-preview:-1"},"canonical":"https:\/\/dianasilver.com\/en\/termek\/triangular-shaped-jewel-set-with-white-cubic-zirconia-stones\/","og_locale":"en_US","og_type":"article","og_title":"Triangular shaped jewel set with white cubic zirconia stones | Diana Silver","og_description":"Fedezd fel a leny\u0171g\u00f6z\u0151 Triangular shaped jewel set with white cubic zirconia stones \u00e9kszer\u00fcnket. T\u00f6k\u00e9letes kieg\u00e9sz\u00edt\u0151 mindennapi viselethez \u00e9s k\u00fcl\u00f6nleges alkalmakra egyar\u00e1nt. Rendeld meg most!","og_url":"https:\/\/dianasilver.com\/en\/termek\/triangular-shaped-jewel-set-with-white-cubic-zirconia-stones\/","og_site_name":"Diana Silver","article_publisher":"https:\/\/www.facebook.com\/profile.php?id=100027231325117","article_modified_time":"2026-01-16T16:37:36+00:00","og_image":[{"width":1340,"height":1785,"url":"https:\/\/dianasilver.com\/wp-content\/uploads\/2025\/09\/Haromszog-formaju-ekszerszett-feher-cirkonia-kovekkel_2.jpg","type":"image\/jpeg"}],"twitter_card":"summary_large_image","twitter_misc":{"Est. reading time":"1 minute"},"schema":{"@context":"https:\/\/schema.org","@graph":[{"@type":"WebPage","@id":"https:\/\/dianasilver.com\/en\/termek\/triangular-shaped-jewel-set-with-white-cubic-zirconia-stones\/","url":"https:\/\/dianasilver.com\/en\/termek\/triangular-shaped-jewel-set-with-white-cubic-zirconia-stones\/","name":"Triangular shaped jewel set with white cubic zirconia stones | Diana Silver","isPartOf":{"@id":"https:\/\/dianasilver.com\/en\/#website"},"primaryImageOfPage":{"@id":"https:\/\/dianasilver.com\/en\/termek\/triangular-shaped-jewel-set-with-white-cubic-zirconia-stones\/#primaryimage"},"image":{"@id":"https:\/\/dianasilver.com\/en\/termek\/triangular-shaped-jewel-set-with-white-cubic-zirconia-stones\/#primaryimage"},"thumbnailUrl":"https:\/\/dianasilver.com\/wp-content\/uploads\/2025\/09\/Haromszog-formaju-ekszerszett-feher-cirkonia-kovekkel_2.jpg","datePublished":"2025-09-06T18:28:02+00:00","dateModified":"2026-01-16T16:37:36+00:00","description":"Fedezd fel a leny\u0171g\u00f6z\u0151 Triangular shaped jewel set with white cubic zirconia stones \u00e9kszer\u00fcnket. T\u00f6k\u00e9letes kieg\u00e9sz\u00edt\u0151 mindennapi viselethez \u00e9s k\u00fcl\u00f6nleges alkalmakra egyar\u00e1nt. Rendeld meg most!","breadcrumb":{"@id":"https:\/\/dianasilver.com\/en\/termek\/triangular-shaped-jewel-set-with-white-cubic-zirconia-stones\/#breadcrumb"},"inLanguage":"en-US","potentialAction":[{"@type":"ReadAction","target":["https:\/\/dianasilver.com\/en\/termek\/triangular-shaped-jewel-set-with-white-cubic-zirconia-stones\/"]}]},{"@type":"ImageObject","inLanguage":"en-US","@id":"https:\/\/dianasilver.com\/en\/termek\/triangular-shaped-jewel-set-with-white-cubic-zirconia-stones\/#primaryimage","url":"https:\/\/dianasilver.com\/wp-content\/uploads\/2025\/09\/Haromszog-formaju-ekszerszett-feher-cirkonia-kovekkel_2.jpg","contentUrl":"https:\/\/dianasilver.com\/wp-content\/uploads\/2025\/09\/Haromszog-formaju-ekszerszett-feher-cirkonia-kovekkel_2.jpg","width":1340,"height":1785},{"@type":"BreadcrumbList","@id":"https:\/\/dianasilver.com\/en\/termek\/triangular-shaped-jewel-set-with-white-cubic-zirconia-stones\/#breadcrumb","itemListElement":[{"@type":"ListItem","position":1,"name":"Kezd\u0151lap","item":"https:\/\/dianasilver.com\/en\/diana-silver-silver-jewellery-webshop\/"},{"@type":"ListItem","position":2,"name":"Shop","item":"https:\/\/dianasilver.com\/en\/shop\/"},{"@type":"ListItem","position":3,"name":"Triangular shaped jewel set with white cubic zirconia stones"}]},{"@type":"WebSite","@id":"https:\/\/dianasilver.com\/en\/#website","url":"https:\/\/dianasilver.com\/en\/","name":"Diana Silver","description":"Tedd t\u00f6k\u00e9letesebb\u00e9 mindennapjaid a Diana Silver \u00e9kszereivel.","publisher":{"@id":"https:\/\/dianasilver.com\/en\/#organization"},"alternateName":"Ez\u00fcst \u00c9kszer Web\u00e1ruh\u00e1z","potentialAction":[{"@type":"SearchAction","target":{"@type":"EntryPoint","urlTemplate":"https:\/\/dianasilver.com\/en\/?s={search_term_string}"},"query-input":{"@type":"PropertyValueSpecification","valueRequired":true,"valueName":"search_term_string"}}],"inLanguage":"en-US"},{"@type":"Organization","@id":"https:\/\/dianasilver.com\/en\/#organization","name":"Diana Silver","url":"https:\/\/dianasilver.com\/en\/","logo":{"@type":"ImageObject","inLanguage":"en-US","@id":"https:\/\/dianasilver.com\/en\/#\/schema\/logo\/image\/","url":"https:\/\/dianasilver.com\/wp-content\/uploads\/2022\/08\/ezust-feher-1-koves-buttonos-stekkeres-fulbevalo-42.webp","contentUrl":"https:\/\/dianasilver.com\/wp-content\/uploads\/2022\/08\/ezust-feher-1-koves-buttonos-stekkeres-fulbevalo-42.webp","width":300,"height":154,"caption":"Diana Silver"},"image":{"@id":"https:\/\/dianasilver.com\/en\/#\/schema\/logo\/image\/"},"sameAs":["https:\/\/www.facebook.com\/profile.php?id=100027231325117"]}]}},"_links":{"self":[{"href":"https:\/\/dianasilver.com\/en\/wp-json\/wp\/v2\/product\/112035","targetHints":{"allow":["GET"]}}],"collection":[{"href":"https:\/\/dianasilver.com\/en\/wp-json\/wp\/v2\/product"}],"about":[{"href":"https:\/\/dianasilver.com\/en\/wp-json\/wp\/v2\/types\/product"}],"version-history":[{"count":0,"href":"https:\/\/dianasilver.com\/en\/wp-json\/wp\/v2\/product\/112035\/revisions"}],"wp:featuredmedia":[{"embeddable":true,"href":"https:\/\/dianasilver.com\/en\/wp-json\/wp\/v2\/media\/108088"}],"wp:attachment":[{"href":"https:\/\/dianasilver.com\/en\/wp-json\/wp\/v2\/media?parent=112035"}],"wp:term":[{"taxonomy":"product_brand","embeddable":true,"href":"https:\/\/dianasilver.com\/en\/wp-json\/wp\/v2\/product_brand?post=112035"},{"taxonomy":"product_cat","embeddable":true,"href":"https:\/\/dianasilver.com\/en\/wp-json\/wp\/v2\/product_cat?post=112035"},{"taxonomy":"product_tag","embeddable":true,"href":"https:\/\/dianasilver.com\/en\/wp-json\/wp\/v2\/product_tag?post=112035"}],"curies":[{"name":"wp","href":"https:\/\/api.w.org\/{rel}","templated":true}]}}