{"id":112022,"date":"2025-09-05T22:44:14","date_gmt":"2025-09-05T20:44:14","guid":{"rendered":"https:\/\/dianasilver.hu\/termek\/circular-fuchsia-red-stone-bezel-set-strength-and-elegance\/"},"modified":"2026-03-10T00:21:48","modified_gmt":"2026-03-09T23:21:48","slug":"circular-fuchsia-red-stone-bezel-set-strength-and-elegance","status":"publish","type":"product","link":"https:\/\/dianasilver.com\/en\/termek\/circular-fuchsia-red-stone-bezel-set-strength-and-elegance\/","title":{"rendered":"Circular fuchsia red stone bezel set &#8211; strength and elegance"},"content":{"rendered":"<h2 data-start=\"482\" data-end=\"733\">This circular fuchsia red stone jewel set combines <strong data-start=\"555\" data-end=\"592\">the symbol of wholeness and harmony<\/strong> with the fiery power of the reddish hue.<\/h2>\n<p data-start=\"482\" data-end=\"733\">The set consists of a necklace and stud earrings that will make any occasion festive.<\/p>\n<p data-start=\"735\" data-end=\"997\"><strong data-start=\"735\" data-end=\"785\">What do the colours circle and fuchsia red symbolise?<\/strong><br data-start=\"785\" data-end=\"788\">&#8211; The circle is a symbol of <strong data-start=\"798\" data-end=\"838\">infinity, unity and togetherness<\/strong>.<br data-start=\"847\" data-end=\"850\">&#8211; Fuchsia red is a symbol of <strong data-start=\"870\" data-end=\"909\">passion, courage and vitality<\/strong>.<br data-start=\"920\" data-end=\"923\">&#8211; Together they express the harmony of confident feminine energy and harmony.<\/p>\n<p data-start=\"999\" data-end=\"1419\"><strong data-start=\"999\" data-end=\"1038\">Why choose this jewellery set?<\/strong><br data-start=\"1038\" data-end=\"1041\">&#8211; Made <strong data-start=\"1051\" data-end=\"1089\">of AG 925 silver with rhodium plating<\/strong> for extra protection and shine.<br data-start=\"1135\" data-end=\"1138\">&#8211; Decorated with special <strong data-start=\"1162\" data-end=\"1185\">fuchsia red stones<\/strong> for a strong, characterful effect.<br data-start=\"1232\" data-end=\"1235\">&#8211; Earrings are made <strong data-start=\"1250\" data-end=\"1273\">with a steker closure<\/strong> for comfortable and secure wear.<br data-start=\"1329\" data-end=\"1332\">&#8211; Round, modern design that combines classic elegance with vibrant colours.<\/p>\n<p data-start=\"1421\" data-end=\"1577\">\u2764\ufe0f Make your look unique with this special set that radiates energy and sophisticated style! Order now and shine in every moment! \u2728<\/p>\n","protected":false},"excerpt":{"rendered":"<p data-start=\"303\" data-end=\"475\">Stylish circular jewel set with brilliant fuchsia red stones. The perfect choice if you&#8217;re looking for a unique energy and passionate look. \ud83d\udc8e\ud83d\udd25<\/p>\n","protected":false},"featured_media":107966,"template":"","meta":{"_acf_changed":false},"product_brand":[],"product_cat":[524],"product_tag":[547,692],"class_list":{"0":"post-112022","1":"product","2":"type-product","3":"status-publish","4":"has-post-thumbnail","6":"product_cat-silver-jewellery-set","7":"product_tag-colourful","8":"product_tag-silver-jewelry-for-women","9":"description-off","11":"first","12":"instock","13":"sale","14":"taxable","15":"shipping-taxable","16":"purchasable","17":"product-type-simple"},"acf":[],"yoast_head":"<!-- This site is optimized with the Yoast SEO plugin v27.4 - https:\/\/yoast.com\/product\/yoast-seo-wordpress\/ -->\n<title>Circular fuchsia red stone bezel set - strength and elegance | Diana Silver<\/title>\n<meta name=\"description\" content=\"Fedezd fel a leny\u0171g\u00f6z\u0151 Circular fuchsia red stone bezel set - strength and elegance \u00e9kszer\u00fcnket. T\u00f6k\u00e9letes kieg\u00e9sz\u00edt\u0151 mindennapi viselethez \u00e9s k\u00fcl\u00f6nleges alkalmakra egyar\u00e1nt. Rendeld meg most!\" \/>\n<meta name=\"robots\" content=\"index, follow, max-snippet:-1, max-image-preview:large, max-video-preview:-1\" \/>\n<link rel=\"canonical\" href=\"https:\/\/dianasilver.com\/en\/termek\/circular-fuchsia-red-stone-bezel-set-strength-and-elegance\/\" \/>\n<meta property=\"og:locale\" content=\"en_US\" \/>\n<meta property=\"og:type\" content=\"article\" \/>\n<meta property=\"og:title\" content=\"Circular fuchsia red stone bezel set - strength and elegance | Diana Silver\" \/>\n<meta property=\"og:description\" content=\"Fedezd fel a leny\u0171g\u00f6z\u0151 Circular fuchsia red stone bezel set - strength and elegance \u00e9kszer\u00fcnket. T\u00f6k\u00e9letes kieg\u00e9sz\u00edt\u0151 mindennapi viselethez \u00e9s k\u00fcl\u00f6nleges alkalmakra egyar\u00e1nt. Rendeld meg most!\" \/>\n<meta property=\"og:url\" content=\"https:\/\/dianasilver.com\/en\/termek\/circular-fuchsia-red-stone-bezel-set-strength-and-elegance\/\" \/>\n<meta property=\"og:site_name\" content=\"Diana Silver\" \/>\n<meta property=\"article:publisher\" content=\"https:\/\/www.facebook.com\/profile.php?id=100027231325117\" \/>\n<meta property=\"article:modified_time\" content=\"2026-03-09T23:21:48+00:00\" \/>\n<meta property=\"og:image\" content=\"https:\/\/dianasilver.com\/wp-content\/uploads\/2025\/09\/Kor-alaku-fukszia-piros-koves-ekszerszett_2.jpg\" \/>\n\t<meta property=\"og:image:width\" content=\"1340\" \/>\n\t<meta property=\"og:image:height\" content=\"1785\" \/>\n\t<meta property=\"og:image:type\" content=\"image\/jpeg\" \/>\n<meta name=\"twitter:card\" content=\"summary_large_image\" \/>\n<meta name=\"twitter:label1\" content=\"Est. reading time\" \/>\n\t<meta name=\"twitter:data1\" content=\"1 minute\" \/>\n<script type=\"application\/ld+json\" class=\"yoast-schema-graph\">{\"@context\":\"https:\\\/\\\/schema.org\",\"@graph\":[{\"@type\":\"WebPage\",\"@id\":\"https:\\\/\\\/dianasilver.com\\\/en\\\/termek\\\/circular-fuchsia-red-stone-bezel-set-strength-and-elegance\\\/\",\"url\":\"https:\\\/\\\/dianasilver.com\\\/en\\\/termek\\\/circular-fuchsia-red-stone-bezel-set-strength-and-elegance\\\/\",\"name\":\"Circular fuchsia red stone bezel set - strength and elegance | Diana Silver\",\"isPartOf\":{\"@id\":\"https:\\\/\\\/dianasilver.com\\\/en\\\/#website\"},\"primaryImageOfPage\":{\"@id\":\"https:\\\/\\\/dianasilver.com\\\/en\\\/termek\\\/circular-fuchsia-red-stone-bezel-set-strength-and-elegance\\\/#primaryimage\"},\"image\":{\"@id\":\"https:\\\/\\\/dianasilver.com\\\/en\\\/termek\\\/circular-fuchsia-red-stone-bezel-set-strength-and-elegance\\\/#primaryimage\"},\"thumbnailUrl\":\"https:\\\/\\\/dianasilver.com\\\/wp-content\\\/uploads\\\/2025\\\/09\\\/Kor-alaku-fukszia-piros-koves-ekszerszett_2.jpg\",\"datePublished\":\"2025-09-05T20:44:14+00:00\",\"dateModified\":\"2026-03-09T23:21:48+00:00\",\"description\":\"Fedezd fel a leny\u0171g\u00f6z\u0151 Circular fuchsia red stone bezel set - strength and elegance \u00e9kszer\u00fcnket. T\u00f6k\u00e9letes kieg\u00e9sz\u00edt\u0151 mindennapi viselethez \u00e9s k\u00fcl\u00f6nleges alkalmakra egyar\u00e1nt. Rendeld meg most!\",\"breadcrumb\":{\"@id\":\"https:\\\/\\\/dianasilver.com\\\/en\\\/termek\\\/circular-fuchsia-red-stone-bezel-set-strength-and-elegance\\\/#breadcrumb\"},\"inLanguage\":\"en-US\",\"potentialAction\":[{\"@type\":\"ReadAction\",\"target\":[\"https:\\\/\\\/dianasilver.com\\\/en\\\/termek\\\/circular-fuchsia-red-stone-bezel-set-strength-and-elegance\\\/\"]}]},{\"@type\":\"ImageObject\",\"inLanguage\":\"en-US\",\"@id\":\"https:\\\/\\\/dianasilver.com\\\/en\\\/termek\\\/circular-fuchsia-red-stone-bezel-set-strength-and-elegance\\\/#primaryimage\",\"url\":\"https:\\\/\\\/dianasilver.com\\\/wp-content\\\/uploads\\\/2025\\\/09\\\/Kor-alaku-fukszia-piros-koves-ekszerszett_2.jpg\",\"contentUrl\":\"https:\\\/\\\/dianasilver.com\\\/wp-content\\\/uploads\\\/2025\\\/09\\\/Kor-alaku-fukszia-piros-koves-ekszerszett_2.jpg\",\"width\":1340,\"height\":1785},{\"@type\":\"BreadcrumbList\",\"@id\":\"https:\\\/\\\/dianasilver.com\\\/en\\\/termek\\\/circular-fuchsia-red-stone-bezel-set-strength-and-elegance\\\/#breadcrumb\",\"itemListElement\":[{\"@type\":\"ListItem\",\"position\":1,\"name\":\"Kezd\u0151lap\",\"item\":\"https:\\\/\\\/dianasilver.com\\\/en\\\/diana-silver-silver-jewellery-webshop\\\/\"},{\"@type\":\"ListItem\",\"position\":2,\"name\":\"Shop\",\"item\":\"https:\\\/\\\/dianasilver.com\\\/en\\\/shop\\\/\"},{\"@type\":\"ListItem\",\"position\":3,\"name\":\"Circular fuchsia red stone bezel set &#8211; strength and elegance\"}]},{\"@type\":\"WebSite\",\"@id\":\"https:\\\/\\\/dianasilver.com\\\/en\\\/#website\",\"url\":\"https:\\\/\\\/dianasilver.com\\\/en\\\/\",\"name\":\"Diana Silver\",\"description\":\"Tedd t\u00f6k\u00e9letesebb\u00e9 mindennapjaid a Diana Silver \u00e9kszereivel.\",\"publisher\":{\"@id\":\"https:\\\/\\\/dianasilver.com\\\/en\\\/#organization\"},\"alternateName\":\"Ez\u00fcst \u00c9kszer Web\u00e1ruh\u00e1z\",\"potentialAction\":[{\"@type\":\"SearchAction\",\"target\":{\"@type\":\"EntryPoint\",\"urlTemplate\":\"https:\\\/\\\/dianasilver.com\\\/en\\\/?s={search_term_string}\"},\"query-input\":{\"@type\":\"PropertyValueSpecification\",\"valueRequired\":true,\"valueName\":\"search_term_string\"}}],\"inLanguage\":\"en-US\"},{\"@type\":\"Organization\",\"@id\":\"https:\\\/\\\/dianasilver.com\\\/en\\\/#organization\",\"name\":\"Diana Silver\",\"url\":\"https:\\\/\\\/dianasilver.com\\\/en\\\/\",\"logo\":{\"@type\":\"ImageObject\",\"inLanguage\":\"en-US\",\"@id\":\"https:\\\/\\\/dianasilver.com\\\/en\\\/#\\\/schema\\\/logo\\\/image\\\/\",\"url\":\"https:\\\/\\\/dianasilver.com\\\/wp-content\\\/uploads\\\/2022\\\/08\\\/ezust-feher-1-koves-buttonos-stekkeres-fulbevalo-42.webp\",\"contentUrl\":\"https:\\\/\\\/dianasilver.com\\\/wp-content\\\/uploads\\\/2022\\\/08\\\/ezust-feher-1-koves-buttonos-stekkeres-fulbevalo-42.webp\",\"width\":300,\"height\":154,\"caption\":\"Diana Silver\"},\"image\":{\"@id\":\"https:\\\/\\\/dianasilver.com\\\/en\\\/#\\\/schema\\\/logo\\\/image\\\/\"},\"sameAs\":[\"https:\\\/\\\/www.facebook.com\\\/profile.php?id=100027231325117\"]}]}<\/script>\n<!-- \/ Yoast SEO plugin. -->","yoast_head_json":{"title":"Circular fuchsia red stone bezel set - strength and elegance | Diana Silver","description":"Fedezd fel a leny\u0171g\u00f6z\u0151 Circular fuchsia red stone bezel set - strength and elegance \u00e9kszer\u00fcnket. T\u00f6k\u00e9letes kieg\u00e9sz\u00edt\u0151 mindennapi viselethez \u00e9s k\u00fcl\u00f6nleges alkalmakra egyar\u00e1nt. Rendeld meg most!","robots":{"index":"index","follow":"follow","max-snippet":"max-snippet:-1","max-image-preview":"max-image-preview:large","max-video-preview":"max-video-preview:-1"},"canonical":"https:\/\/dianasilver.com\/en\/termek\/circular-fuchsia-red-stone-bezel-set-strength-and-elegance\/","og_locale":"en_US","og_type":"article","og_title":"Circular fuchsia red stone bezel set - strength and elegance | Diana Silver","og_description":"Fedezd fel a leny\u0171g\u00f6z\u0151 Circular fuchsia red stone bezel set - strength and elegance \u00e9kszer\u00fcnket. T\u00f6k\u00e9letes kieg\u00e9sz\u00edt\u0151 mindennapi viselethez \u00e9s k\u00fcl\u00f6nleges alkalmakra egyar\u00e1nt. Rendeld meg most!","og_url":"https:\/\/dianasilver.com\/en\/termek\/circular-fuchsia-red-stone-bezel-set-strength-and-elegance\/","og_site_name":"Diana Silver","article_publisher":"https:\/\/www.facebook.com\/profile.php?id=100027231325117","article_modified_time":"2026-03-09T23:21:48+00:00","og_image":[{"width":1340,"height":1785,"url":"https:\/\/dianasilver.com\/wp-content\/uploads\/2025\/09\/Kor-alaku-fukszia-piros-koves-ekszerszett_2.jpg","type":"image\/jpeg"}],"twitter_card":"summary_large_image","twitter_misc":{"Est. reading time":"1 minute"},"schema":{"@context":"https:\/\/schema.org","@graph":[{"@type":"WebPage","@id":"https:\/\/dianasilver.com\/en\/termek\/circular-fuchsia-red-stone-bezel-set-strength-and-elegance\/","url":"https:\/\/dianasilver.com\/en\/termek\/circular-fuchsia-red-stone-bezel-set-strength-and-elegance\/","name":"Circular fuchsia red stone bezel set - strength and elegance | Diana Silver","isPartOf":{"@id":"https:\/\/dianasilver.com\/en\/#website"},"primaryImageOfPage":{"@id":"https:\/\/dianasilver.com\/en\/termek\/circular-fuchsia-red-stone-bezel-set-strength-and-elegance\/#primaryimage"},"image":{"@id":"https:\/\/dianasilver.com\/en\/termek\/circular-fuchsia-red-stone-bezel-set-strength-and-elegance\/#primaryimage"},"thumbnailUrl":"https:\/\/dianasilver.com\/wp-content\/uploads\/2025\/09\/Kor-alaku-fukszia-piros-koves-ekszerszett_2.jpg","datePublished":"2025-09-05T20:44:14+00:00","dateModified":"2026-03-09T23:21:48+00:00","description":"Fedezd fel a leny\u0171g\u00f6z\u0151 Circular fuchsia red stone bezel set - strength and elegance \u00e9kszer\u00fcnket. T\u00f6k\u00e9letes kieg\u00e9sz\u00edt\u0151 mindennapi viselethez \u00e9s k\u00fcl\u00f6nleges alkalmakra egyar\u00e1nt. Rendeld meg most!","breadcrumb":{"@id":"https:\/\/dianasilver.com\/en\/termek\/circular-fuchsia-red-stone-bezel-set-strength-and-elegance\/#breadcrumb"},"inLanguage":"en-US","potentialAction":[{"@type":"ReadAction","target":["https:\/\/dianasilver.com\/en\/termek\/circular-fuchsia-red-stone-bezel-set-strength-and-elegance\/"]}]},{"@type":"ImageObject","inLanguage":"en-US","@id":"https:\/\/dianasilver.com\/en\/termek\/circular-fuchsia-red-stone-bezel-set-strength-and-elegance\/#primaryimage","url":"https:\/\/dianasilver.com\/wp-content\/uploads\/2025\/09\/Kor-alaku-fukszia-piros-koves-ekszerszett_2.jpg","contentUrl":"https:\/\/dianasilver.com\/wp-content\/uploads\/2025\/09\/Kor-alaku-fukszia-piros-koves-ekszerszett_2.jpg","width":1340,"height":1785},{"@type":"BreadcrumbList","@id":"https:\/\/dianasilver.com\/en\/termek\/circular-fuchsia-red-stone-bezel-set-strength-and-elegance\/#breadcrumb","itemListElement":[{"@type":"ListItem","position":1,"name":"Kezd\u0151lap","item":"https:\/\/dianasilver.com\/en\/diana-silver-silver-jewellery-webshop\/"},{"@type":"ListItem","position":2,"name":"Shop","item":"https:\/\/dianasilver.com\/en\/shop\/"},{"@type":"ListItem","position":3,"name":"Circular fuchsia red stone bezel set &#8211; strength and elegance"}]},{"@type":"WebSite","@id":"https:\/\/dianasilver.com\/en\/#website","url":"https:\/\/dianasilver.com\/en\/","name":"Diana Silver","description":"Tedd t\u00f6k\u00e9letesebb\u00e9 mindennapjaid a Diana Silver \u00e9kszereivel.","publisher":{"@id":"https:\/\/dianasilver.com\/en\/#organization"},"alternateName":"Ez\u00fcst \u00c9kszer Web\u00e1ruh\u00e1z","potentialAction":[{"@type":"SearchAction","target":{"@type":"EntryPoint","urlTemplate":"https:\/\/dianasilver.com\/en\/?s={search_term_string}"},"query-input":{"@type":"PropertyValueSpecification","valueRequired":true,"valueName":"search_term_string"}}],"inLanguage":"en-US"},{"@type":"Organization","@id":"https:\/\/dianasilver.com\/en\/#organization","name":"Diana Silver","url":"https:\/\/dianasilver.com\/en\/","logo":{"@type":"ImageObject","inLanguage":"en-US","@id":"https:\/\/dianasilver.com\/en\/#\/schema\/logo\/image\/","url":"https:\/\/dianasilver.com\/wp-content\/uploads\/2022\/08\/ezust-feher-1-koves-buttonos-stekkeres-fulbevalo-42.webp","contentUrl":"https:\/\/dianasilver.com\/wp-content\/uploads\/2022\/08\/ezust-feher-1-koves-buttonos-stekkeres-fulbevalo-42.webp","width":300,"height":154,"caption":"Diana Silver"},"image":{"@id":"https:\/\/dianasilver.com\/en\/#\/schema\/logo\/image\/"},"sameAs":["https:\/\/www.facebook.com\/profile.php?id=100027231325117"]}]}},"_links":{"self":[{"href":"https:\/\/dianasilver.com\/en\/wp-json\/wp\/v2\/product\/112022","targetHints":{"allow":["GET"]}}],"collection":[{"href":"https:\/\/dianasilver.com\/en\/wp-json\/wp\/v2\/product"}],"about":[{"href":"https:\/\/dianasilver.com\/en\/wp-json\/wp\/v2\/types\/product"}],"version-history":[{"count":0,"href":"https:\/\/dianasilver.com\/en\/wp-json\/wp\/v2\/product\/112022\/revisions"}],"wp:featuredmedia":[{"embeddable":true,"href":"https:\/\/dianasilver.com\/en\/wp-json\/wp\/v2\/media\/107966"}],"wp:attachment":[{"href":"https:\/\/dianasilver.com\/en\/wp-json\/wp\/v2\/media?parent=112022"}],"wp:term":[{"taxonomy":"product_brand","embeddable":true,"href":"https:\/\/dianasilver.com\/en\/wp-json\/wp\/v2\/product_brand?post=112022"},{"taxonomy":"product_cat","embeddable":true,"href":"https:\/\/dianasilver.com\/en\/wp-json\/wp\/v2\/product_cat?post=112022"},{"taxonomy":"product_tag","embeddable":true,"href":"https:\/\/dianasilver.com\/en\/wp-json\/wp\/v2\/product_tag?post=112022"}],"curies":[{"name":"wp","href":"https:\/\/api.w.org\/{rel}","templated":true}]}}