{"id":111766,"date":"2025-10-26T20:12:12","date_gmt":"2025-10-26T19:12:12","guid":{"rendered":"https:\/\/dianasilver.hu\/termek\/u-shaped-silver-earrings-with-rhodium-plating-modern-simplicity\/"},"modified":"2026-03-10T00:21:35","modified_gmt":"2026-03-09T23:21:35","slug":"u-shaped-silver-earrings-with-rhodium-plating-modern-simplicity","status":"publish","type":"product","link":"https:\/\/dianasilver.com\/en\/termek\/u-shaped-silver-earrings-with-rhodium-plating-modern-simplicity\/","title":{"rendered":"U-shaped silver earrings with rhodium plating &#8211; modern simplicity"},"content":{"rendered":"<h2 data-start=\"238\" data-end=\"295\"><strong data-start=\"238\" data-end=\"293\">U-shaped silver earrings &#8211; elegance in a modern form<\/strong><\/h2>\n<p data-start=\"297\" data-end=\"874\">&#8211; Made <strong data-start=\"315\" data-end=\"334\">from<\/strong> high quality <strong data-start=\"315\" data-end=\"334\">AG 925 sterling silver<\/strong>, <strong data-start=\"344\" data-end=\"365\">with a rhodium plating<\/strong> for extra shine and protection against scratches and oxidation.<br data-start=\"438\" data-end=\"441\">&#8211; The <strong data-start=\"445\" data-end=\"475\">clean, U-shaped design<\/strong> gives a contemporary yet timeless look &#8211; easy to match any style.<br data-start=\"566\" data-end=\"569\" data-is-only-node=\"\">&#8211; <strong data-start=\"571\" data-end=\"594\">Easy to wear<\/strong>, with a comfortable and sturdy closure &#8211; ideal for everyday wear.<br data-start=\"659\" data-end=\"662\">&#8211; Perfect for those who love simple yet characterful jewellery.<br data-start=\"745\" data-end=\"748\">&#8211; Gives a feminine, subtle yet bold look &#8211; looks beautiful on its own or combined with other silver jewellery.<\/p>\n<p data-start=\"876\" data-end=\"968\" data-is-last-node=\"\" data-is-only-node=\"\">The stylish choice for the modern woman &#8211; because elegance sometimes lies in the simplest of forms. \ud83d\udc8e<\/p>\n","protected":false},"excerpt":{"rendered":"<p>Minimalist yet characterful, these <strong data-start=\"129\" data-end=\"156\">U-shaped silver earrings<\/strong> are the perfect balance of modern style and elegance. \u2728<\/p>\n","protected":false},"featured_media":110625,"template":"","meta":{"_acf_changed":false},"product_brand":[],"product_cat":[541],"product_tag":[692],"class_list":{"0":"post-111766","1":"product","2":"type-product","3":"status-publish","4":"has-post-thumbnail","6":"product_cat-silver-earrings","7":"product_tag-silver-jewelry-for-women","8":"description-off","10":"first","11":"instock","12":"taxable","13":"shipping-taxable","14":"purchasable","15":"product-type-simple"},"acf":[],"yoast_head":"<!-- This site is optimized with the Yoast SEO plugin v27.4 - https:\/\/yoast.com\/product\/yoast-seo-wordpress\/ -->\n<title>U-shaped silver earrings with rhodium plating - modern simplicity | Diana Silver<\/title>\n<meta name=\"description\" content=\"Fedezd fel a leny\u0171g\u00f6z\u0151 U-shaped silver earrings with rhodium plating - modern simplicity \u00e9kszer\u00fcnket. T\u00f6k\u00e9letes kieg\u00e9sz\u00edt\u0151 mindennapi viselethez \u00e9s k\u00fcl\u00f6nleges alkalmakra egyar\u00e1nt. Rendeld meg most!\" \/>\n<meta name=\"robots\" content=\"index, follow, max-snippet:-1, max-image-preview:large, max-video-preview:-1\" \/>\n<link rel=\"canonical\" href=\"https:\/\/dianasilver.com\/en\/termek\/u-shaped-silver-earrings-with-rhodium-plating-modern-simplicity\/\" \/>\n<meta property=\"og:locale\" content=\"en_US\" \/>\n<meta property=\"og:type\" content=\"article\" \/>\n<meta property=\"og:title\" content=\"U-shaped silver earrings with rhodium plating - modern simplicity | Diana Silver\" \/>\n<meta property=\"og:description\" content=\"Fedezd fel a leny\u0171g\u00f6z\u0151 U-shaped silver earrings with rhodium plating - modern simplicity \u00e9kszer\u00fcnket. T\u00f6k\u00e9letes kieg\u00e9sz\u00edt\u0151 mindennapi viselethez \u00e9s k\u00fcl\u00f6nleges alkalmakra egyar\u00e1nt. Rendeld meg most!\" \/>\n<meta property=\"og:url\" content=\"https:\/\/dianasilver.com\/en\/termek\/u-shaped-silver-earrings-with-rhodium-plating-modern-simplicity\/\" \/>\n<meta property=\"og:site_name\" content=\"Diana Silver\" \/>\n<meta property=\"article:publisher\" content=\"https:\/\/www.facebook.com\/profile.php?id=100027231325117\" \/>\n<meta property=\"article:modified_time\" content=\"2026-03-09T23:21:35+00:00\" \/>\n<meta property=\"og:image\" content=\"https:\/\/dianasilver.com\/wp-content\/uploads\/2025\/10\/U-alaku-ezust-fulbevalo-\u2013-elegancia-modern-formaban_2.jpg\" \/>\n\t<meta property=\"og:image:width\" content=\"1350\" \/>\n\t<meta property=\"og:image:height\" content=\"1800\" \/>\n\t<meta property=\"og:image:type\" content=\"image\/jpeg\" \/>\n<meta name=\"twitter:card\" content=\"summary_large_image\" \/>\n<meta name=\"twitter:label1\" content=\"Est. reading time\" \/>\n\t<meta name=\"twitter:data1\" content=\"1 minute\" \/>\n<script type=\"application\/ld+json\" class=\"yoast-schema-graph\">{\"@context\":\"https:\\\/\\\/schema.org\",\"@graph\":[{\"@type\":\"WebPage\",\"@id\":\"https:\\\/\\\/dianasilver.com\\\/en\\\/termek\\\/u-shaped-silver-earrings-with-rhodium-plating-modern-simplicity\\\/\",\"url\":\"https:\\\/\\\/dianasilver.com\\\/en\\\/termek\\\/u-shaped-silver-earrings-with-rhodium-plating-modern-simplicity\\\/\",\"name\":\"U-shaped silver earrings with rhodium plating - modern simplicity | Diana Silver\",\"isPartOf\":{\"@id\":\"https:\\\/\\\/dianasilver.com\\\/en\\\/#website\"},\"primaryImageOfPage\":{\"@id\":\"https:\\\/\\\/dianasilver.com\\\/en\\\/termek\\\/u-shaped-silver-earrings-with-rhodium-plating-modern-simplicity\\\/#primaryimage\"},\"image\":{\"@id\":\"https:\\\/\\\/dianasilver.com\\\/en\\\/termek\\\/u-shaped-silver-earrings-with-rhodium-plating-modern-simplicity\\\/#primaryimage\"},\"thumbnailUrl\":\"https:\\\/\\\/dianasilver.com\\\/wp-content\\\/uploads\\\/2025\\\/10\\\/U-alaku-ezust-fulbevalo-\u2013-elegancia-modern-formaban_2.jpg\",\"datePublished\":\"2025-10-26T19:12:12+00:00\",\"dateModified\":\"2026-03-09T23:21:35+00:00\",\"description\":\"Fedezd fel a leny\u0171g\u00f6z\u0151 U-shaped silver earrings with rhodium plating - modern simplicity \u00e9kszer\u00fcnket. T\u00f6k\u00e9letes kieg\u00e9sz\u00edt\u0151 mindennapi viselethez \u00e9s k\u00fcl\u00f6nleges alkalmakra egyar\u00e1nt. Rendeld meg most!\",\"breadcrumb\":{\"@id\":\"https:\\\/\\\/dianasilver.com\\\/en\\\/termek\\\/u-shaped-silver-earrings-with-rhodium-plating-modern-simplicity\\\/#breadcrumb\"},\"inLanguage\":\"en-US\",\"potentialAction\":[{\"@type\":\"ReadAction\",\"target\":[\"https:\\\/\\\/dianasilver.com\\\/en\\\/termek\\\/u-shaped-silver-earrings-with-rhodium-plating-modern-simplicity\\\/\"]}]},{\"@type\":\"ImageObject\",\"inLanguage\":\"en-US\",\"@id\":\"https:\\\/\\\/dianasilver.com\\\/en\\\/termek\\\/u-shaped-silver-earrings-with-rhodium-plating-modern-simplicity\\\/#primaryimage\",\"url\":\"https:\\\/\\\/dianasilver.com\\\/wp-content\\\/uploads\\\/2025\\\/10\\\/U-alaku-ezust-fulbevalo-\u2013-elegancia-modern-formaban_2.jpg\",\"contentUrl\":\"https:\\\/\\\/dianasilver.com\\\/wp-content\\\/uploads\\\/2025\\\/10\\\/U-alaku-ezust-fulbevalo-\u2013-elegancia-modern-formaban_2.jpg\",\"width\":1350,\"height\":1800},{\"@type\":\"BreadcrumbList\",\"@id\":\"https:\\\/\\\/dianasilver.com\\\/en\\\/termek\\\/u-shaped-silver-earrings-with-rhodium-plating-modern-simplicity\\\/#breadcrumb\",\"itemListElement\":[{\"@type\":\"ListItem\",\"position\":1,\"name\":\"Kezd\u0151lap\",\"item\":\"https:\\\/\\\/dianasilver.com\\\/en\\\/diana-silver-silver-jewellery-webshop\\\/\"},{\"@type\":\"ListItem\",\"position\":2,\"name\":\"Shop\",\"item\":\"https:\\\/\\\/dianasilver.com\\\/en\\\/shop\\\/\"},{\"@type\":\"ListItem\",\"position\":3,\"name\":\"U-shaped silver earrings with rhodium plating &#8211; modern simplicity\"}]},{\"@type\":\"WebSite\",\"@id\":\"https:\\\/\\\/dianasilver.com\\\/en\\\/#website\",\"url\":\"https:\\\/\\\/dianasilver.com\\\/en\\\/\",\"name\":\"Diana Silver\",\"description\":\"Tedd t\u00f6k\u00e9letesebb\u00e9 mindennapjaid a Diana Silver \u00e9kszereivel.\",\"publisher\":{\"@id\":\"https:\\\/\\\/dianasilver.com\\\/en\\\/#organization\"},\"alternateName\":\"Ez\u00fcst \u00c9kszer Web\u00e1ruh\u00e1z\",\"potentialAction\":[{\"@type\":\"SearchAction\",\"target\":{\"@type\":\"EntryPoint\",\"urlTemplate\":\"https:\\\/\\\/dianasilver.com\\\/en\\\/?s={search_term_string}\"},\"query-input\":{\"@type\":\"PropertyValueSpecification\",\"valueRequired\":true,\"valueName\":\"search_term_string\"}}],\"inLanguage\":\"en-US\"},{\"@type\":\"Organization\",\"@id\":\"https:\\\/\\\/dianasilver.com\\\/en\\\/#organization\",\"name\":\"Diana Silver\",\"url\":\"https:\\\/\\\/dianasilver.com\\\/en\\\/\",\"logo\":{\"@type\":\"ImageObject\",\"inLanguage\":\"en-US\",\"@id\":\"https:\\\/\\\/dianasilver.com\\\/en\\\/#\\\/schema\\\/logo\\\/image\\\/\",\"url\":\"https:\\\/\\\/dianasilver.com\\\/wp-content\\\/uploads\\\/2022\\\/08\\\/ezust-feher-1-koves-buttonos-stekkeres-fulbevalo-42.webp\",\"contentUrl\":\"https:\\\/\\\/dianasilver.com\\\/wp-content\\\/uploads\\\/2022\\\/08\\\/ezust-feher-1-koves-buttonos-stekkeres-fulbevalo-42.webp\",\"width\":300,\"height\":154,\"caption\":\"Diana Silver\"},\"image\":{\"@id\":\"https:\\\/\\\/dianasilver.com\\\/en\\\/#\\\/schema\\\/logo\\\/image\\\/\"},\"sameAs\":[\"https:\\\/\\\/www.facebook.com\\\/profile.php?id=100027231325117\"]}]}<\/script>\n<!-- \/ Yoast SEO plugin. -->","yoast_head_json":{"title":"U-shaped silver earrings with rhodium plating - modern simplicity | Diana Silver","description":"Fedezd fel a leny\u0171g\u00f6z\u0151 U-shaped silver earrings with rhodium plating - modern simplicity \u00e9kszer\u00fcnket. T\u00f6k\u00e9letes kieg\u00e9sz\u00edt\u0151 mindennapi viselethez \u00e9s k\u00fcl\u00f6nleges alkalmakra egyar\u00e1nt. Rendeld meg most!","robots":{"index":"index","follow":"follow","max-snippet":"max-snippet:-1","max-image-preview":"max-image-preview:large","max-video-preview":"max-video-preview:-1"},"canonical":"https:\/\/dianasilver.com\/en\/termek\/u-shaped-silver-earrings-with-rhodium-plating-modern-simplicity\/","og_locale":"en_US","og_type":"article","og_title":"U-shaped silver earrings with rhodium plating - modern simplicity | Diana Silver","og_description":"Fedezd fel a leny\u0171g\u00f6z\u0151 U-shaped silver earrings with rhodium plating - modern simplicity \u00e9kszer\u00fcnket. T\u00f6k\u00e9letes kieg\u00e9sz\u00edt\u0151 mindennapi viselethez \u00e9s k\u00fcl\u00f6nleges alkalmakra egyar\u00e1nt. Rendeld meg most!","og_url":"https:\/\/dianasilver.com\/en\/termek\/u-shaped-silver-earrings-with-rhodium-plating-modern-simplicity\/","og_site_name":"Diana Silver","article_publisher":"https:\/\/www.facebook.com\/profile.php?id=100027231325117","article_modified_time":"2026-03-09T23:21:35+00:00","og_image":[{"width":1350,"height":1800,"url":"https:\/\/dianasilver.com\/wp-content\/uploads\/2025\/10\/U-alaku-ezust-fulbevalo-\u2013-elegancia-modern-formaban_2.jpg","type":"image\/jpeg"}],"twitter_card":"summary_large_image","twitter_misc":{"Est. reading time":"1 minute"},"schema":{"@context":"https:\/\/schema.org","@graph":[{"@type":"WebPage","@id":"https:\/\/dianasilver.com\/en\/termek\/u-shaped-silver-earrings-with-rhodium-plating-modern-simplicity\/","url":"https:\/\/dianasilver.com\/en\/termek\/u-shaped-silver-earrings-with-rhodium-plating-modern-simplicity\/","name":"U-shaped silver earrings with rhodium plating - modern simplicity | Diana Silver","isPartOf":{"@id":"https:\/\/dianasilver.com\/en\/#website"},"primaryImageOfPage":{"@id":"https:\/\/dianasilver.com\/en\/termek\/u-shaped-silver-earrings-with-rhodium-plating-modern-simplicity\/#primaryimage"},"image":{"@id":"https:\/\/dianasilver.com\/en\/termek\/u-shaped-silver-earrings-with-rhodium-plating-modern-simplicity\/#primaryimage"},"thumbnailUrl":"https:\/\/dianasilver.com\/wp-content\/uploads\/2025\/10\/U-alaku-ezust-fulbevalo-\u2013-elegancia-modern-formaban_2.jpg","datePublished":"2025-10-26T19:12:12+00:00","dateModified":"2026-03-09T23:21:35+00:00","description":"Fedezd fel a leny\u0171g\u00f6z\u0151 U-shaped silver earrings with rhodium plating - modern simplicity \u00e9kszer\u00fcnket. T\u00f6k\u00e9letes kieg\u00e9sz\u00edt\u0151 mindennapi viselethez \u00e9s k\u00fcl\u00f6nleges alkalmakra egyar\u00e1nt. Rendeld meg most!","breadcrumb":{"@id":"https:\/\/dianasilver.com\/en\/termek\/u-shaped-silver-earrings-with-rhodium-plating-modern-simplicity\/#breadcrumb"},"inLanguage":"en-US","potentialAction":[{"@type":"ReadAction","target":["https:\/\/dianasilver.com\/en\/termek\/u-shaped-silver-earrings-with-rhodium-plating-modern-simplicity\/"]}]},{"@type":"ImageObject","inLanguage":"en-US","@id":"https:\/\/dianasilver.com\/en\/termek\/u-shaped-silver-earrings-with-rhodium-plating-modern-simplicity\/#primaryimage","url":"https:\/\/dianasilver.com\/wp-content\/uploads\/2025\/10\/U-alaku-ezust-fulbevalo-\u2013-elegancia-modern-formaban_2.jpg","contentUrl":"https:\/\/dianasilver.com\/wp-content\/uploads\/2025\/10\/U-alaku-ezust-fulbevalo-\u2013-elegancia-modern-formaban_2.jpg","width":1350,"height":1800},{"@type":"BreadcrumbList","@id":"https:\/\/dianasilver.com\/en\/termek\/u-shaped-silver-earrings-with-rhodium-plating-modern-simplicity\/#breadcrumb","itemListElement":[{"@type":"ListItem","position":1,"name":"Kezd\u0151lap","item":"https:\/\/dianasilver.com\/en\/diana-silver-silver-jewellery-webshop\/"},{"@type":"ListItem","position":2,"name":"Shop","item":"https:\/\/dianasilver.com\/en\/shop\/"},{"@type":"ListItem","position":3,"name":"U-shaped silver earrings with rhodium plating &#8211; modern simplicity"}]},{"@type":"WebSite","@id":"https:\/\/dianasilver.com\/en\/#website","url":"https:\/\/dianasilver.com\/en\/","name":"Diana Silver","description":"Tedd t\u00f6k\u00e9letesebb\u00e9 mindennapjaid a Diana Silver \u00e9kszereivel.","publisher":{"@id":"https:\/\/dianasilver.com\/en\/#organization"},"alternateName":"Ez\u00fcst \u00c9kszer Web\u00e1ruh\u00e1z","potentialAction":[{"@type":"SearchAction","target":{"@type":"EntryPoint","urlTemplate":"https:\/\/dianasilver.com\/en\/?s={search_term_string}"},"query-input":{"@type":"PropertyValueSpecification","valueRequired":true,"valueName":"search_term_string"}}],"inLanguage":"en-US"},{"@type":"Organization","@id":"https:\/\/dianasilver.com\/en\/#organization","name":"Diana Silver","url":"https:\/\/dianasilver.com\/en\/","logo":{"@type":"ImageObject","inLanguage":"en-US","@id":"https:\/\/dianasilver.com\/en\/#\/schema\/logo\/image\/","url":"https:\/\/dianasilver.com\/wp-content\/uploads\/2022\/08\/ezust-feher-1-koves-buttonos-stekkeres-fulbevalo-42.webp","contentUrl":"https:\/\/dianasilver.com\/wp-content\/uploads\/2022\/08\/ezust-feher-1-koves-buttonos-stekkeres-fulbevalo-42.webp","width":300,"height":154,"caption":"Diana Silver"},"image":{"@id":"https:\/\/dianasilver.com\/en\/#\/schema\/logo\/image\/"},"sameAs":["https:\/\/www.facebook.com\/profile.php?id=100027231325117"]}]}},"_links":{"self":[{"href":"https:\/\/dianasilver.com\/en\/wp-json\/wp\/v2\/product\/111766","targetHints":{"allow":["GET"]}}],"collection":[{"href":"https:\/\/dianasilver.com\/en\/wp-json\/wp\/v2\/product"}],"about":[{"href":"https:\/\/dianasilver.com\/en\/wp-json\/wp\/v2\/types\/product"}],"version-history":[{"count":0,"href":"https:\/\/dianasilver.com\/en\/wp-json\/wp\/v2\/product\/111766\/revisions"}],"wp:featuredmedia":[{"embeddable":true,"href":"https:\/\/dianasilver.com\/en\/wp-json\/wp\/v2\/media\/110625"}],"wp:attachment":[{"href":"https:\/\/dianasilver.com\/en\/wp-json\/wp\/v2\/media?parent=111766"}],"wp:term":[{"taxonomy":"product_brand","embeddable":true,"href":"https:\/\/dianasilver.com\/en\/wp-json\/wp\/v2\/product_brand?post=111766"},{"taxonomy":"product_cat","embeddable":true,"href":"https:\/\/dianasilver.com\/en\/wp-json\/wp\/v2\/product_cat?post=111766"},{"taxonomy":"product_tag","embeddable":true,"href":"https:\/\/dianasilver.com\/en\/wp-json\/wp\/v2\/product_tag?post=111766"}],"curies":[{"name":"wp","href":"https:\/\/api.w.org\/{rel}","templated":true}]}}