{"id":102963,"date":"2025-02-26T11:56:39","date_gmt":"2025-02-26T10:56:39","guid":{"rendered":"https:\/\/dianasilver.hu\/cart\/"},"modified":"2025-03-27T10:21:04","modified_gmt":"2025-03-27T09:21:04","slug":"cart","status":"publish","type":"page","link":"https:\/\/dianasilver.com\/en\/cart\/","title":{"rendered":"Cart"},"content":{"rendered":"\n<div data-block-name=\"woocommerce\/cart\" class=\"wp-block-woocommerce-cart alignwide is-loading\">\n<div data-block-name=\"woocommerce\/filled-cart-block\" class=\"wp-block-woocommerce-filled-cart-block\">\n<div data-block-name=\"woocommerce\/cart-items-block\" class=\"wp-block-woocommerce-cart-items-block\">\n<div data-block-name=\"woocommerce\/cart-line-items-block\" class=\"wp-block-woocommerce-cart-line-items-block\"><\/div>\n\n\n\n<div data-block-name=\"woocommerce\/cart-cross-sells-block\" class=\"wp-block-woocommerce-cart-cross-sells-block\">\n<h2 class=\"wp-block-heading has-large-font-size\">Tal\u00e1n \u00e9rdekelhetnek ezek&#8230;<\/h2>\n\n\n\n<div data-block-name=\"woocommerce\/cart-cross-sells-products-block\" class=\"wp-block-woocommerce-cart-cross-sells-products-block\"><\/div>\n<\/div>\n<\/div>\n\n\n\n<div data-block-name=\"woocommerce\/cart-totals-block\" class=\"wp-block-woocommerce-cart-totals-block\">\n<div data-block-name=\"woocommerce\/cart-order-summary-block\" class=\"wp-block-woocommerce-cart-order-summary-block\">\n<div data-block-name=\"woocommerce\/cart-order-summary-heading-block\" class=\"wp-block-woocommerce-cart-order-summary-heading-block\"><\/div><div data-block-name=\"woocommerce\/cart-order-summary-coupon-form-block\" class=\"wp-block-woocommerce-cart-order-summary-coupon-form-block\"><\/div><div data-block-name=\"woocommerce\/cart-order-summary-totals-block\" class=\"wp-block-woocommerce-cart-order-summary-totals-block\">\n<div data-block-name=\"woocommerce\/cart-order-summary-subtotal-block\" class=\"wp-block-woocommerce-cart-order-summary-subtotal-block\"><\/div>\n<div data-block-name=\"woocommerce\/cart-order-summary-discount-block\" class=\"wp-block-woocommerce-cart-order-summary-discount-block\"><\/div>\n<div data-block-name=\"woocommerce\/cart-order-summary-fee-block\" class=\"wp-block-woocommerce-cart-order-summary-fee-block\"><\/div>\n<div data-block-name=\"woocommerce\/cart-order-summary-shipping-block\" class=\"wp-block-woocommerce-cart-order-summary-shipping-block\"><\/div>\n<div data-block-name=\"woocommerce\/cart-order-summary-taxes-block\" class=\"wp-block-woocommerce-cart-order-summary-taxes-block\"><\/div><\/div>\n<\/div>\n\n\n\n<div data-block-name=\"woocommerce\/cart-express-payment-block\" class=\"wp-block-woocommerce-cart-express-payment-block\"><\/div>\n\n\n\n<div data-block-name=\"woocommerce\/proceed-to-checkout-block\" class=\"wp-block-woocommerce-proceed-to-checkout-block\"><\/div>\n\n\n\n<div data-block-name=\"woocommerce\/cart-accepted-payment-methods-block\" class=\"wp-block-woocommerce-cart-accepted-payment-methods-block\"><\/div>\n<\/div>\n<\/div>\n\n\n\n<div data-block-name=\"woocommerce\/empty-cart-block\" class=\"wp-block-woocommerce-empty-cart-block\">\n<h2 class=\"wp-block-heading has-text-align-center with-empty-cart-icon wc-block-cart__empty-cart__title\">Jelenleg \u00fcres a kosarad.<\/h2>\n\n\n\n<hr class=\"wp-block-separator has-alpha-channel-opacity is-style-dots\"\/>\n\n\n\n<h2 class=\"wp-block-heading has-text-align-center\">\u00dajdons\u00e1gok<\/h2>\n\n\n<div data-block-name=\"woocommerce\/product-new\" data-columns=\"4\" data-rows=\"1\" class=\"wc-block-grid wp-block-product-new wp-block-woocommerce-product-new wc-block-product-new has-4-columns\"><ul class=\"wc-block-grid__products\"><li class=\"wc-block-grid__product\">\n\t\t\t\t<a href=\"https:\/\/dianasilver.com\/en\/termek\/nemzeti-feny-trikolor-geometrikus-fulbevalo-ag-925-rodium-bevonattal\/\" class=\"wc-block-grid__product-link\">\n\t\t\t\t\t\n\t\t\t\t\t<div class=\"wc-block-grid__product-image\"><img loading=\"lazy\" decoding=\"async\" width=\"300\" height=\"300\" src=\"https:\/\/dianasilver.com\/wp-content\/uploads\/2026\/03\/Nemzeti-Feny-Trikolor-geometrikus-fulbevalo-300x300.jpg\" class=\"attachment-woocommerce_thumbnail size-woocommerce_thumbnail\" alt=\"Nemzeti F\u00e9ny Trikolor geometrikus f\u00fclbeval\u00f3, AG 925, r\u00f3dium bevonattal\" srcset=\"https:\/\/dianasilver.com\/wp-content\/uploads\/2026\/03\/Nemzeti-Feny-Trikolor-geometrikus-fulbevalo-300x300.jpg 300w, https:\/\/dianasilver.com\/wp-content\/uploads\/2026\/03\/Nemzeti-Feny-Trikolor-geometrikus-fulbevalo-150x150.jpg 150w, https:\/\/dianasilver.com\/wp-content\/uploads\/2026\/03\/Nemzeti-Feny-Trikolor-geometrikus-fulbevalo-200x200.jpg 200w\" sizes=\"auto, (max-width: 300px) 100vw, 300px\" \/><\/div>\n\t\t\t\t\t<div class=\"wc-block-grid__product-title\">Nemzeti F\u00e9ny Trikolor geometrikus f\u00fclbeval\u00f3, AG 925, r\u00f3dium bevonattal<\/div>\n\t\t\t\t<\/a>\n\t\t\t\t<div class=\"wc-block-grid__product-price price\"><span class=\"woocommerce-Price-amount amount\">43.500&nbsp;<span class=\"woocommerce-Price-currencySymbol\">&#070;&#116;<\/span><\/span><\/div>\n\t\t\t\t\n\t\t\t\t<div class=\"wp-block-button wc-block-grid__product-add-to-cart\"><a href=\"\/en\/wp-json\/wp\/v2\/pages\/102963?add-to-cart=121236\" aria-label=\"Add to cart: &ldquo;Nemzeti F\u00e9ny Trikolor geometrikus f\u00fclbeval\u00f3, AG 925, r\u00f3dium bevonattal&rdquo;\" data-quantity=\"1\" data-product_id=\"121236\" data-product_sku=\"NemzetiFeny1\" data-price=\"43500\" rel=\"nofollow\" class=\"wp-block-button__link  add_to_cart_button ajax_add_to_cart\">Add to cart<\/a><\/div>\n\t\t\t<\/li><li class=\"wc-block-grid__product\">\n\t\t\t\t<a href=\"https:\/\/dianasilver.com\/en\/termek\/nemzeti-feny-trikolor-lo-medal-nyaklanccal-ag-925-rodium-bevonattal\/\" class=\"wc-block-grid__product-link\">\n\t\t\t\t\t\n\t\t\t\t\t<div class=\"wc-block-grid__product-image\"><img loading=\"lazy\" decoding=\"async\" width=\"300\" height=\"300\" src=\"https:\/\/dianasilver.com\/wp-content\/uploads\/2026\/03\/tegyl_erre_is_lncot_mint_a_msi_Nano_Banana_2_72352-300x300.jpg\" class=\"attachment-woocommerce_thumbnail size-woocommerce_thumbnail\" alt=\"Nemzeti F\u00e9ny \u2013 Trikolor l\u00f3 med\u00e1l nyakl\u00e1nccal, AG 925, r\u00f3dium bevonattal\" srcset=\"https:\/\/dianasilver.com\/wp-content\/uploads\/2026\/03\/tegyl_erre_is_lncot_mint_a_msi_Nano_Banana_2_72352-300x300.jpg 300w, https:\/\/dianasilver.com\/wp-content\/uploads\/2026\/03\/tegyl_erre_is_lncot_mint_a_msi_Nano_Banana_2_72352-700x700.jpg 700w, https:\/\/dianasilver.com\/wp-content\/uploads\/2026\/03\/tegyl_erre_is_lncot_mint_a_msi_Nano_Banana_2_72352-1024x1024.jpg 1024w, https:\/\/dianasilver.com\/wp-content\/uploads\/2026\/03\/tegyl_erre_is_lncot_mint_a_msi_Nano_Banana_2_72352-768x768.jpg 768w, https:\/\/dianasilver.com\/wp-content\/uploads\/2026\/03\/tegyl_erre_is_lncot_mint_a_msi_Nano_Banana_2_72352-1536x1536.jpg 1536w, https:\/\/dianasilver.com\/wp-content\/uploads\/2026\/03\/tegyl_erre_is_lncot_mint_a_msi_Nano_Banana_2_72352-150x150.jpg 150w, https:\/\/dianasilver.com\/wp-content\/uploads\/2026\/03\/tegyl_erre_is_lncot_mint_a_msi_Nano_Banana_2_72352-1500x1500.jpg 1500w, https:\/\/dianasilver.com\/wp-content\/uploads\/2026\/03\/tegyl_erre_is_lncot_mint_a_msi_Nano_Banana_2_72352-200x200.jpg 200w, https:\/\/dianasilver.com\/wp-content\/uploads\/2026\/03\/tegyl_erre_is_lncot_mint_a_msi_Nano_Banana_2_72352.jpg 2048w\" sizes=\"auto, (max-width: 300px) 100vw, 300px\" \/><\/div>\n\t\t\t\t\t<div class=\"wc-block-grid__product-title\">Nemzeti F\u00e9ny \u2013 Trikolor l\u00f3 med\u00e1l nyakl\u00e1nccal, AG 925, r\u00f3dium bevonattal<\/div>\n\t\t\t\t<\/a>\n\t\t\t\t<div class=\"wc-block-grid__product-price price\"><span class=\"woocommerce-Price-amount amount\">63.000&nbsp;<span class=\"woocommerce-Price-currencySymbol\">&#070;&#116;<\/span><\/span><\/div>\n\t\t\t\t\n\t\t\t\t<div class=\"wp-block-button wc-block-grid__product-add-to-cart\"><a href=\"\/en\/wp-json\/wp\/v2\/pages\/102963?add-to-cart=121188\" aria-label=\"Add to cart: &ldquo;Nemzeti F\u00e9ny \u2013 Trikolor l\u00f3 med\u00e1l nyakl\u00e1nccal, AG 925, r\u00f3dium bevonattal&rdquo;\" data-quantity=\"1\" data-product_id=\"121188\" data-product_sku=\"NemzetiFeny2\" data-price=\"63000\" rel=\"nofollow\" class=\"wp-block-button__link  add_to_cart_button ajax_add_to_cart\">Add to cart<\/a><\/div>\n\t\t\t<\/li><li class=\"wc-block-grid__product\">\n\t\t\t\t<a href=\"https:\/\/dianasilver.com\/en\/termek\/nemzeti-feny-trikolor-kereszt-medal-nyaklanccal-ag-925-rodium-bevonattal\/\" class=\"wc-block-grid__product-link\">\n\t\t\t\t\t\n\t\t\t\t\t<div class=\"wc-block-grid__product-image\"><img loading=\"lazy\" decoding=\"async\" width=\"300\" height=\"300\" src=\"https:\/\/dianasilver.com\/wp-content\/uploads\/2026\/03\/tegyl_erre_is_lncot_mint_a_msi_Nano_Banana_2_37972-300x300.jpg\" class=\"attachment-woocommerce_thumbnail size-woocommerce_thumbnail\" alt=\"Nemzeti F\u00e9ny \u2013 Trikolor kereszt med\u00e1l nyakl\u00e1nccal, AG 925, r\u00f3dium bevonattal\" srcset=\"https:\/\/dianasilver.com\/wp-content\/uploads\/2026\/03\/tegyl_erre_is_lncot_mint_a_msi_Nano_Banana_2_37972-300x300.jpg 300w, https:\/\/dianasilver.com\/wp-content\/uploads\/2026\/03\/tegyl_erre_is_lncot_mint_a_msi_Nano_Banana_2_37972-700x700.jpg 700w, https:\/\/dianasilver.com\/wp-content\/uploads\/2026\/03\/tegyl_erre_is_lncot_mint_a_msi_Nano_Banana_2_37972-1024x1024.jpg 1024w, https:\/\/dianasilver.com\/wp-content\/uploads\/2026\/03\/tegyl_erre_is_lncot_mint_a_msi_Nano_Banana_2_37972-768x768.jpg 768w, https:\/\/dianasilver.com\/wp-content\/uploads\/2026\/03\/tegyl_erre_is_lncot_mint_a_msi_Nano_Banana_2_37972-1536x1536.jpg 1536w, https:\/\/dianasilver.com\/wp-content\/uploads\/2026\/03\/tegyl_erre_is_lncot_mint_a_msi_Nano_Banana_2_37972-2048x2048.jpg 2048w, https:\/\/dianasilver.com\/wp-content\/uploads\/2026\/03\/tegyl_erre_is_lncot_mint_a_msi_Nano_Banana_2_37972-150x150.jpg 150w, https:\/\/dianasilver.com\/wp-content\/uploads\/2026\/03\/tegyl_erre_is_lncot_mint_a_msi_Nano_Banana_2_37972-1500x1500.jpg 1500w, https:\/\/dianasilver.com\/wp-content\/uploads\/2026\/03\/tegyl_erre_is_lncot_mint_a_msi_Nano_Banana_2_37972-200x200.jpg 200w\" sizes=\"auto, (max-width: 300px) 100vw, 300px\" \/><\/div>\n\t\t\t\t\t<div class=\"wc-block-grid__product-title\">Nemzeti F\u00e9ny \u2013 Trikolor kereszt med\u00e1l nyakl\u00e1nccal, AG 925, r\u00f3dium bevonattal<\/div>\n\t\t\t\t<\/a>\n\t\t\t\t<div class=\"wc-block-grid__product-price price\"><span class=\"woocommerce-Price-amount amount\">48.000&nbsp;<span class=\"woocommerce-Price-currencySymbol\">&#070;&#116;<\/span><\/span><\/div>\n\t\t\t\t\n\t\t\t\t<div class=\"wp-block-button wc-block-grid__product-add-to-cart\"><a href=\"\/en\/wp-json\/wp\/v2\/pages\/102963?add-to-cart=121170\" aria-label=\"Add to cart: &ldquo;Nemzeti F\u00e9ny \u2013 Trikolor kereszt med\u00e1l nyakl\u00e1nccal, AG 925, r\u00f3dium bevonattal&rdquo;\" data-quantity=\"1\" data-product_id=\"121170\" data-product_sku=\"NemzetiFeny3\" data-price=\"48000\" rel=\"nofollow\" class=\"wp-block-button__link  add_to_cart_button ajax_add_to_cart\">Add to cart<\/a><\/div>\n\t\t\t<\/li><li class=\"wc-block-grid__product\">\n\t\t\t\t<a href=\"https:\/\/dianasilver.com\/en\/termek\/nemzeti-feny-trikolor-eletfa-medal-nyaklanccal-ag-925-rodium-bevonattal\/\" class=\"wc-block-grid__product-link\">\n\t\t\t\t\t\n\t\t\t\t\t<div class=\"wc-block-grid__product-image\"><img loading=\"lazy\" decoding=\"async\" width=\"300\" height=\"300\" src=\"https:\/\/dianasilver.com\/wp-content\/uploads\/2026\/03\/tegyl_r_a_sima_fehrhtteres_med_Nano_Banana_2_73686-300x300.jpg\" class=\"attachment-woocommerce_thumbnail size-woocommerce_thumbnail\" alt=\"Nemzeti F\u00e9ny \u2013 Trikolor \u00c9letfa med\u00e1l nyakl\u00e1nccal, AG 925, r\u00f3dium bevonattal\" srcset=\"https:\/\/dianasilver.com\/wp-content\/uploads\/2026\/03\/tegyl_r_a_sima_fehrhtteres_med_Nano_Banana_2_73686-300x300.jpg 300w, https:\/\/dianasilver.com\/wp-content\/uploads\/2026\/03\/tegyl_r_a_sima_fehrhtteres_med_Nano_Banana_2_73686-700x700.jpg 700w, https:\/\/dianasilver.com\/wp-content\/uploads\/2026\/03\/tegyl_r_a_sima_fehrhtteres_med_Nano_Banana_2_73686-1024x1024.jpg 1024w, https:\/\/dianasilver.com\/wp-content\/uploads\/2026\/03\/tegyl_r_a_sima_fehrhtteres_med_Nano_Banana_2_73686-768x768.jpg 768w, https:\/\/dianasilver.com\/wp-content\/uploads\/2026\/03\/tegyl_r_a_sima_fehrhtteres_med_Nano_Banana_2_73686-1536x1536.jpg 1536w, https:\/\/dianasilver.com\/wp-content\/uploads\/2026\/03\/tegyl_r_a_sima_fehrhtteres_med_Nano_Banana_2_73686-150x150.jpg 150w, https:\/\/dianasilver.com\/wp-content\/uploads\/2026\/03\/tegyl_r_a_sima_fehrhtteres_med_Nano_Banana_2_73686-1500x1500.jpg 1500w, https:\/\/dianasilver.com\/wp-content\/uploads\/2026\/03\/tegyl_r_a_sima_fehrhtteres_med_Nano_Banana_2_73686-200x200.jpg 200w, https:\/\/dianasilver.com\/wp-content\/uploads\/2026\/03\/tegyl_r_a_sima_fehrhtteres_med_Nano_Banana_2_73686.jpg 2048w\" sizes=\"auto, (max-width: 300px) 100vw, 300px\" \/><\/div>\n\t\t\t\t\t<div class=\"wc-block-grid__product-title\">Nemzeti F\u00e9ny \u2013 Trikolor \u00c9letfa med\u00e1l nyakl\u00e1nccal, AG 925, r\u00f3dium bevonattal<\/div>\n\t\t\t\t<\/a>\n\t\t\t\t<div class=\"wc-block-grid__product-price price\"><span class=\"woocommerce-Price-amount amount\">82.500&nbsp;<span class=\"woocommerce-Price-currencySymbol\">&#070;&#116;<\/span><\/span><\/div>\n\t\t\t\t\n\t\t\t\t<div class=\"wp-block-button wc-block-grid__product-add-to-cart\"><a href=\"\/en\/wp-json\/wp\/v2\/pages\/102963?add-to-cart=121134\" aria-label=\"Add to cart: &ldquo;Nemzeti F\u00e9ny \u2013 Trikolor \u00c9letfa med\u00e1l nyakl\u00e1nccal, AG 925, r\u00f3dium bevonattal&rdquo;\" data-quantity=\"1\" data-product_id=\"121134\" data-product_sku=\"NemzetiFeny4\" data-price=\"82500\" rel=\"nofollow\" class=\"wp-block-button__link  add_to_cart_button ajax_add_to_cart\">Add to cart<\/a><\/div>\n\t\t\t<\/li><\/ul><\/div><\/div>\n<\/div>\n","protected":false},"excerpt":{"rendered":"","protected":false},"author":2,"featured_media":0,"parent":0,"menu_order":0,"comment_status":"closed","ping_status":"closed","template":"","meta":{"_acf_changed":false,"footnotes":""},"class_list":["post-102963","page","type-page","status-publish","hentry"],"acf":[],"yoast_head":"<!-- This site is optimized with the Yoast SEO plugin v27.4 - https:\/\/yoast.com\/product\/yoast-seo-wordpress\/ -->\n<title>Cart | Diana Silver<\/title>\n<meta name=\"robots\" content=\"index, follow, max-snippet:-1, max-image-preview:large, max-video-preview:-1\" \/>\n<link rel=\"canonical\" href=\"https:\/\/dianasilver.com\/en\/cart\/\" \/>\n<meta property=\"og:locale\" content=\"en_US\" \/>\n<meta property=\"og:type\" content=\"article\" \/>\n<meta property=\"og:title\" content=\"Cart | Diana Silver\" \/>\n<meta property=\"og:url\" content=\"https:\/\/dianasilver.com\/en\/cart\/\" \/>\n<meta property=\"og:site_name\" content=\"Diana Silver\" \/>\n<meta property=\"article:publisher\" content=\"https:\/\/www.facebook.com\/profile.php?id=100027231325117\" \/>\n<meta property=\"article:modified_time\" content=\"2025-03-27T09:21:04+00:00\" \/>\n<meta name=\"twitter:card\" content=\"summary_large_image\" \/>\n<script type=\"application\/ld+json\" class=\"yoast-schema-graph\">{\"@context\":\"https:\\\/\\\/schema.org\",\"@graph\":[{\"@type\":\"WebPage\",\"@id\":\"https:\\\/\\\/dianasilver.com\\\/en\\\/cart\\\/\",\"url\":\"https:\\\/\\\/dianasilver.com\\\/en\\\/cart\\\/\",\"name\":\"Cart | Diana Silver\",\"isPartOf\":{\"@id\":\"https:\\\/\\\/dianasilver.com\\\/en\\\/#website\"},\"datePublished\":\"2025-02-26T10:56:39+00:00\",\"dateModified\":\"2025-03-27T09:21:04+00:00\",\"breadcrumb\":{\"@id\":\"https:\\\/\\\/dianasilver.com\\\/en\\\/cart\\\/#breadcrumb\"},\"inLanguage\":\"en-US\",\"potentialAction\":[{\"@type\":\"ReadAction\",\"target\":[\"https:\\\/\\\/dianasilver.com\\\/en\\\/cart\\\/\"]}]},{\"@type\":\"BreadcrumbList\",\"@id\":\"https:\\\/\\\/dianasilver.com\\\/en\\\/cart\\\/#breadcrumb\",\"itemListElement\":[{\"@type\":\"ListItem\",\"position\":1,\"name\":\"Kezd\u0151lap\",\"item\":\"https:\\\/\\\/dianasilver.com\\\/en\\\/diana-silver-silver-jewellery-webshop\\\/\"},{\"@type\":\"ListItem\",\"position\":2,\"name\":\"Cart\"}]},{\"@type\":\"WebSite\",\"@id\":\"https:\\\/\\\/dianasilver.com\\\/en\\\/#website\",\"url\":\"https:\\\/\\\/dianasilver.com\\\/en\\\/\",\"name\":\"Diana Silver\",\"description\":\"Tedd t\u00f6k\u00e9letesebb\u00e9 mindennapjaid a Diana Silver \u00e9kszereivel.\",\"publisher\":{\"@id\":\"https:\\\/\\\/dianasilver.com\\\/en\\\/#organization\"},\"alternateName\":\"Ez\u00fcst \u00c9kszer Web\u00e1ruh\u00e1z\",\"potentialAction\":[{\"@type\":\"SearchAction\",\"target\":{\"@type\":\"EntryPoint\",\"urlTemplate\":\"https:\\\/\\\/dianasilver.com\\\/en\\\/?s={search_term_string}\"},\"query-input\":{\"@type\":\"PropertyValueSpecification\",\"valueRequired\":true,\"valueName\":\"search_term_string\"}}],\"inLanguage\":\"en-US\"},{\"@type\":\"Organization\",\"@id\":\"https:\\\/\\\/dianasilver.com\\\/en\\\/#organization\",\"name\":\"Diana Silver\",\"url\":\"https:\\\/\\\/dianasilver.com\\\/en\\\/\",\"logo\":{\"@type\":\"ImageObject\",\"inLanguage\":\"en-US\",\"@id\":\"https:\\\/\\\/dianasilver.com\\\/en\\\/#\\\/schema\\\/logo\\\/image\\\/\",\"url\":\"https:\\\/\\\/dianasilver.com\\\/wp-content\\\/uploads\\\/2022\\\/08\\\/ezust-feher-1-koves-buttonos-stekkeres-fulbevalo-42.webp\",\"contentUrl\":\"https:\\\/\\\/dianasilver.com\\\/wp-content\\\/uploads\\\/2022\\\/08\\\/ezust-feher-1-koves-buttonos-stekkeres-fulbevalo-42.webp\",\"width\":300,\"height\":154,\"caption\":\"Diana Silver\"},\"image\":{\"@id\":\"https:\\\/\\\/dianasilver.com\\\/en\\\/#\\\/schema\\\/logo\\\/image\\\/\"},\"sameAs\":[\"https:\\\/\\\/www.facebook.com\\\/profile.php?id=100027231325117\"]}]}<\/script>\n<!-- \/ Yoast SEO plugin. -->","yoast_head_json":{"title":"Cart | Diana Silver","robots":{"index":"index","follow":"follow","max-snippet":"max-snippet:-1","max-image-preview":"max-image-preview:large","max-video-preview":"max-video-preview:-1"},"canonical":"https:\/\/dianasilver.com\/en\/cart\/","og_locale":"en_US","og_type":"article","og_title":"Cart | Diana Silver","og_url":"https:\/\/dianasilver.com\/en\/cart\/","og_site_name":"Diana Silver","article_publisher":"https:\/\/www.facebook.com\/profile.php?id=100027231325117","article_modified_time":"2025-03-27T09:21:04+00:00","twitter_card":"summary_large_image","schema":{"@context":"https:\/\/schema.org","@graph":[{"@type":"WebPage","@id":"https:\/\/dianasilver.com\/en\/cart\/","url":"https:\/\/dianasilver.com\/en\/cart\/","name":"Cart | Diana Silver","isPartOf":{"@id":"https:\/\/dianasilver.com\/en\/#website"},"datePublished":"2025-02-26T10:56:39+00:00","dateModified":"2025-03-27T09:21:04+00:00","breadcrumb":{"@id":"https:\/\/dianasilver.com\/en\/cart\/#breadcrumb"},"inLanguage":"en-US","potentialAction":[{"@type":"ReadAction","target":["https:\/\/dianasilver.com\/en\/cart\/"]}]},{"@type":"BreadcrumbList","@id":"https:\/\/dianasilver.com\/en\/cart\/#breadcrumb","itemListElement":[{"@type":"ListItem","position":1,"name":"Kezd\u0151lap","item":"https:\/\/dianasilver.com\/en\/diana-silver-silver-jewellery-webshop\/"},{"@type":"ListItem","position":2,"name":"Cart"}]},{"@type":"WebSite","@id":"https:\/\/dianasilver.com\/en\/#website","url":"https:\/\/dianasilver.com\/en\/","name":"Diana Silver","description":"Tedd t\u00f6k\u00e9letesebb\u00e9 mindennapjaid a Diana Silver \u00e9kszereivel.","publisher":{"@id":"https:\/\/dianasilver.com\/en\/#organization"},"alternateName":"Ez\u00fcst \u00c9kszer Web\u00e1ruh\u00e1z","potentialAction":[{"@type":"SearchAction","target":{"@type":"EntryPoint","urlTemplate":"https:\/\/dianasilver.com\/en\/?s={search_term_string}"},"query-input":{"@type":"PropertyValueSpecification","valueRequired":true,"valueName":"search_term_string"}}],"inLanguage":"en-US"},{"@type":"Organization","@id":"https:\/\/dianasilver.com\/en\/#organization","name":"Diana Silver","url":"https:\/\/dianasilver.com\/en\/","logo":{"@type":"ImageObject","inLanguage":"en-US","@id":"https:\/\/dianasilver.com\/en\/#\/schema\/logo\/image\/","url":"https:\/\/dianasilver.com\/wp-content\/uploads\/2022\/08\/ezust-feher-1-koves-buttonos-stekkeres-fulbevalo-42.webp","contentUrl":"https:\/\/dianasilver.com\/wp-content\/uploads\/2022\/08\/ezust-feher-1-koves-buttonos-stekkeres-fulbevalo-42.webp","width":300,"height":154,"caption":"Diana Silver"},"image":{"@id":"https:\/\/dianasilver.com\/en\/#\/schema\/logo\/image\/"},"sameAs":["https:\/\/www.facebook.com\/profile.php?id=100027231325117"]}]}},"_links":{"self":[{"href":"https:\/\/dianasilver.com\/en\/wp-json\/wp\/v2\/pages\/102963","targetHints":{"allow":["GET"]}}],"collection":[{"href":"https:\/\/dianasilver.com\/en\/wp-json\/wp\/v2\/pages"}],"about":[{"href":"https:\/\/dianasilver.com\/en\/wp-json\/wp\/v2\/types\/page"}],"author":[{"embeddable":true,"href":"https:\/\/dianasilver.com\/en\/wp-json\/wp\/v2\/users\/2"}],"replies":[{"embeddable":true,"href":"https:\/\/dianasilver.com\/en\/wp-json\/wp\/v2\/comments?post=102963"}],"version-history":[{"count":0,"href":"https:\/\/dianasilver.com\/en\/wp-json\/wp\/v2\/pages\/102963\/revisions"}],"wp:attachment":[{"href":"https:\/\/dianasilver.com\/en\/wp-json\/wp\/v2\/media?parent=102963"}],"curies":[{"name":"wp","href":"https:\/\/api.w.org\/{rel}","templated":true}]}}