{"id":118222,"date":"2026-01-11T22:20:57","date_gmt":"2026-01-11T21:20:57","guid":{"rendered":"https:\/\/dianasilver.com\/termek\/herzfoermige-ohrringe-ag-925-sterling-silber-rhodiniert\/"},"modified":"2026-03-10T00:21:35","modified_gmt":"2026-03-09T23:21:35","slug":"herzfoermige-ohrringe-ag-925-sterling-silber-rhodiniert","status":"publish","type":"product","link":"https:\/\/dianasilver.com\/de\/termek\/herzfoermige-ohrringe-ag-925-sterling-silber-rhodiniert\/","title":{"rendered":"Herzf\u00f6rmige Ohrringe &#8211; AG 925 Sterling Silber, rhodiniert"},"content":{"rendered":"<h2 data-start=\"243\" data-end=\"311\"><strong data-start=\"246\" data-end=\"311\">Herzf\u00f6rmige Ohrringe &#8211; ein elegantes Symbol der Liebe<\/strong><\/h2>\n<h3 data-start=\"313\" data-end=\"346\">Was symbolisiert die Herzform?<\/h3>\n<ul data-start=\"347\" data-end=\"517\">\n<li data-start=\"347\" data-end=\"407\">\n<p data-start=\"349\" data-end=\"407\"><strong data-start=\"351\" data-end=\"365\">Liebe<\/strong>, emotionale Bindung und Z\u00e4rtlichkeit.<\/p>\n<\/li>\n<li data-start=\"408\" data-end=\"466\">\n<p data-start=\"410\" data-end=\"466\">Der Bogen des Herzens dr\u00fcckt <strong data-start=\"423\" data-end=\"453\">weibliche Sanftheit und Harmonie<\/strong> aus.<\/p>\n<\/li>\n<li data-start=\"467\" data-end=\"517\">\n<p data-start=\"469\" data-end=\"517\">Sein klares Design vermittelt eine zeitlose Bedeutung.<\/p>\n<\/li>\n<\/ul>\n<h3 data-start=\"519\" data-end=\"537\">Warum w\u00e4hlen Sie es?<\/h3>\n<ul data-start=\"538\" data-end=\"914\">\n<li data-start=\"538\" data-end=\"618\">\n<p data-start=\"540\" data-end=\"618\"><strong data-start=\"540\" data-end=\"556\">AG 925 Silber<\/strong> mit Rhodium-Beschichtung f\u00fcr dauerhaften Glanz und Verschlei\u00dffestigkeit.<\/p>\n<\/li>\n<li data-start=\"619\" data-end=\"682\">\n<p data-start=\"621\" data-end=\"682\">Leicht, angenehm zu tragen und den ganzen Tag \u00fcber bequem.<\/p>\n<\/li>\n<li data-start=\"683\" data-end=\"764\">\n<p data-start=\"685\" data-end=\"764\"><strong data-start=\"685\" data-end=\"706\">Ein B\u00fcgeldesign<\/strong>, das fest verschlossen ist und gut um das Ohr passt.<\/p>\n<\/li>\n<li data-start=\"765\" data-end=\"850\">\n<p data-start=\"767\" data-end=\"850\">Minimalistisches Design &#8211; perfekt f\u00fcr den Alltag und romantische Anl\u00e4sse.<\/p>\n<\/li>\n<li data-start=\"851\" data-end=\"914\">\n<p data-start=\"853\" data-end=\"914\">Ein gro\u00dfartiges Geschenk, wenn Sie eine aufrichtige Botschaft \u00fcbermitteln m\u00f6chten.<\/p>\n<\/li>\n<\/ul>\n<p data-start=\"916\" data-end=\"1034\" data-is-last-node=\"\" data-is-only-node=\"\">Dieser herzf\u00f6rmige Ohrring ist ein subtiler Ausdruck von Emotionen &#8211; ein schlichtes, aber stimmungsvolles St\u00fcck f\u00fcr jeden Tag. \ud83e\udd0d\u2728<\/p>\n","protected":false},"excerpt":{"rendered":"<p>\ud83e\udd0d Schlichte, herzf\u00f6rmige Creolen, die auf subtile Weise Weiblichkeit und Emotionen betonen. Seine leichte Form verleiht ihm einen modernen und doch romantischen Look \u2728.<\/p>\n","protected":false},"featured_media":117390,"template":"","meta":{"_acf_changed":false},"product_brand":[],"product_cat":[602,573],"product_tag":[527,633],"class_list":{"0":"post-118222","1":"product","2":"type-product","3":"status-publish","4":"has-post-thumbnail","6":"product_cat-silberne-creolen","7":"product_cat-silberne-ohrringe","8":"product_tag-silberschmuck-fur-damen","9":"product_tag-herz","10":"description-off","12":"first","13":"instock","14":"sale","15":"taxable","16":"shipping-taxable","17":"purchasable","18":"product-type-simple"},"acf":[],"yoast_head":"<!-- This site is optimized with the Yoast SEO plugin v27.5 - https:\/\/yoast.com\/product\/yoast-seo-wordpress\/ -->\n<title>Herzf\u00f6rmige Ohrringe - AG 925 Sterling Silber, rhodiniert | Diana Silver<\/title>\n<meta name=\"description\" content=\"Fedezd fel a leny\u0171g\u00f6z\u0151 Herzf\u00f6rmige Ohrringe - AG 925 Sterling Silber, rhodiniert \u00e9kszer\u00fcnket. T\u00f6k\u00e9letes kieg\u00e9sz\u00edt\u0151 mindennapi viselethez \u00e9s k\u00fcl\u00f6nleges alkalmakra egyar\u00e1nt. Rendeld meg most!\" \/>\n<meta name=\"robots\" content=\"index, follow, max-snippet:-1, max-image-preview:large, max-video-preview:-1\" \/>\n<link rel=\"canonical\" href=\"https:\/\/dianasilver.com\/de\/termek\/herzfoermige-ohrringe-ag-925-sterling-silber-rhodiniert\/\" \/>\n<meta property=\"og:locale\" content=\"de_DE\" \/>\n<meta property=\"og:type\" content=\"article\" \/>\n<meta property=\"og:title\" content=\"Herzf\u00f6rmige Ohrringe - AG 925 Sterling Silber, rhodiniert | Diana Silver\" \/>\n<meta property=\"og:description\" content=\"Fedezd fel a leny\u0171g\u00f6z\u0151 Herzf\u00f6rmige Ohrringe - AG 925 Sterling Silber, rhodiniert \u00e9kszer\u00fcnket. T\u00f6k\u00e9letes kieg\u00e9sz\u00edt\u0151 mindennapi viselethez \u00e9s k\u00fcl\u00f6nleges alkalmakra egyar\u00e1nt. Rendeld meg most!\" \/>\n<meta property=\"og:url\" content=\"https:\/\/dianasilver.com\/de\/termek\/herzfoermige-ohrringe-ag-925-sterling-silber-rhodiniert\/\" \/>\n<meta property=\"og:site_name\" content=\"Diana Silver\" \/>\n<meta property=\"article:publisher\" content=\"https:\/\/www.facebook.com\/profile.php?id=100027231325117\" \/>\n<meta property=\"article:modified_time\" content=\"2026-03-09T23:21:35+00:00\" \/>\n<meta property=\"og:image\" content=\"https:\/\/dianasilver.com\/wp-content\/uploads\/2026\/01\/Sziv-formaju-karika-fulbevalo_2.jpg\" \/>\n\t<meta property=\"og:image:width\" content=\"1340\" \/>\n\t<meta property=\"og:image:height\" content=\"1785\" \/>\n\t<meta property=\"og:image:type\" content=\"image\/jpeg\" \/>\n<meta name=\"twitter:card\" content=\"summary_large_image\" \/>\n<meta name=\"twitter:label1\" content=\"Gesch\u00e4tzte Lesezeit\" \/>\n\t<meta name=\"twitter:data1\" content=\"1\u00a0Minute\" \/>\n<script type=\"application\/ld+json\" class=\"yoast-schema-graph\">{\"@context\":\"https:\\\/\\\/schema.org\",\"@graph\":[{\"@type\":\"WebPage\",\"@id\":\"https:\\\/\\\/dianasilver.com\\\/de\\\/termek\\\/herzfoermige-ohrringe-ag-925-sterling-silber-rhodiniert\\\/\",\"url\":\"https:\\\/\\\/dianasilver.com\\\/de\\\/termek\\\/herzfoermige-ohrringe-ag-925-sterling-silber-rhodiniert\\\/\",\"name\":\"Herzf\u00f6rmige Ohrringe - AG 925 Sterling Silber, rhodiniert | Diana Silver\",\"isPartOf\":{\"@id\":\"https:\\\/\\\/dianasilver.com\\\/de\\\/#website\"},\"primaryImageOfPage\":{\"@id\":\"https:\\\/\\\/dianasilver.com\\\/de\\\/termek\\\/herzfoermige-ohrringe-ag-925-sterling-silber-rhodiniert\\\/#primaryimage\"},\"image\":{\"@id\":\"https:\\\/\\\/dianasilver.com\\\/de\\\/termek\\\/herzfoermige-ohrringe-ag-925-sterling-silber-rhodiniert\\\/#primaryimage\"},\"thumbnailUrl\":\"https:\\\/\\\/dianasilver.com\\\/wp-content\\\/uploads\\\/2026\\\/01\\\/Sziv-formaju-karika-fulbevalo_2.jpg\",\"datePublished\":\"2026-01-11T21:20:57+00:00\",\"dateModified\":\"2026-03-09T23:21:35+00:00\",\"description\":\"Fedezd fel a leny\u0171g\u00f6z\u0151 Herzf\u00f6rmige Ohrringe - AG 925 Sterling Silber, rhodiniert \u00e9kszer\u00fcnket. T\u00f6k\u00e9letes kieg\u00e9sz\u00edt\u0151 mindennapi viselethez \u00e9s k\u00fcl\u00f6nleges alkalmakra egyar\u00e1nt. Rendeld meg most!\",\"breadcrumb\":{\"@id\":\"https:\\\/\\\/dianasilver.com\\\/de\\\/termek\\\/herzfoermige-ohrringe-ag-925-sterling-silber-rhodiniert\\\/#breadcrumb\"},\"inLanguage\":\"de\",\"potentialAction\":[{\"@type\":\"ReadAction\",\"target\":[\"https:\\\/\\\/dianasilver.com\\\/de\\\/termek\\\/herzfoermige-ohrringe-ag-925-sterling-silber-rhodiniert\\\/\"]}]},{\"@type\":\"ImageObject\",\"inLanguage\":\"de\",\"@id\":\"https:\\\/\\\/dianasilver.com\\\/de\\\/termek\\\/herzfoermige-ohrringe-ag-925-sterling-silber-rhodiniert\\\/#primaryimage\",\"url\":\"https:\\\/\\\/dianasilver.com\\\/wp-content\\\/uploads\\\/2026\\\/01\\\/Sziv-formaju-karika-fulbevalo_2.jpg\",\"contentUrl\":\"https:\\\/\\\/dianasilver.com\\\/wp-content\\\/uploads\\\/2026\\\/01\\\/Sziv-formaju-karika-fulbevalo_2.jpg\",\"width\":1340,\"height\":1785},{\"@type\":\"BreadcrumbList\",\"@id\":\"https:\\\/\\\/dianasilver.com\\\/de\\\/termek\\\/herzfoermige-ohrringe-ag-925-sterling-silber-rhodiniert\\\/#breadcrumb\",\"itemListElement\":[{\"@type\":\"ListItem\",\"position\":1,\"name\":\"Kezd\u0151lap\",\"item\":\"https:\\\/\\\/dianasilver.com\\\/de\\\/diana-silver-silberschmuck-webshop\\\/\"},{\"@type\":\"ListItem\",\"position\":2,\"name\":\"Shop\",\"item\":\"https:\\\/\\\/dianasilver.com\\\/de\\\/shop\\\/\"},{\"@type\":\"ListItem\",\"position\":3,\"name\":\"Herzf\u00f6rmige Ohrringe &#8211; AG 925 Sterling Silber, rhodiniert\"}]},{\"@type\":\"WebSite\",\"@id\":\"https:\\\/\\\/dianasilver.com\\\/de\\\/#website\",\"url\":\"https:\\\/\\\/dianasilver.com\\\/de\\\/\",\"name\":\"Diana Silver\",\"description\":\"Tedd t\u00f6k\u00e9letesebb\u00e9 mindennapjaid a Diana Silver \u00e9kszereivel.\",\"publisher\":{\"@id\":\"https:\\\/\\\/dianasilver.com\\\/de\\\/#organization\"},\"alternateName\":\"Ez\u00fcst \u00c9kszer Web\u00e1ruh\u00e1z\",\"potentialAction\":[{\"@type\":\"SearchAction\",\"target\":{\"@type\":\"EntryPoint\",\"urlTemplate\":\"https:\\\/\\\/dianasilver.com\\\/de\\\/?s={search_term_string}\"},\"query-input\":{\"@type\":\"PropertyValueSpecification\",\"valueRequired\":true,\"valueName\":\"search_term_string\"}}],\"inLanguage\":\"de\"},{\"@type\":\"Organization\",\"@id\":\"https:\\\/\\\/dianasilver.com\\\/de\\\/#organization\",\"name\":\"Diana Silver\",\"url\":\"https:\\\/\\\/dianasilver.com\\\/de\\\/\",\"logo\":{\"@type\":\"ImageObject\",\"inLanguage\":\"de\",\"@id\":\"https:\\\/\\\/dianasilver.com\\\/de\\\/#\\\/schema\\\/logo\\\/image\\\/\",\"url\":\"https:\\\/\\\/dianasilver.com\\\/wp-content\\\/uploads\\\/2022\\\/08\\\/ezust-feher-1-koves-buttonos-stekkeres-fulbevalo-42.webp\",\"contentUrl\":\"https:\\\/\\\/dianasilver.com\\\/wp-content\\\/uploads\\\/2022\\\/08\\\/ezust-feher-1-koves-buttonos-stekkeres-fulbevalo-42.webp\",\"width\":300,\"height\":154,\"caption\":\"Diana Silver\"},\"image\":{\"@id\":\"https:\\\/\\\/dianasilver.com\\\/de\\\/#\\\/schema\\\/logo\\\/image\\\/\"},\"sameAs\":[\"https:\\\/\\\/www.facebook.com\\\/profile.php?id=100027231325117\"]}]}<\/script>\n<!-- \/ Yoast SEO plugin. -->","yoast_head_json":{"title":"Herzf\u00f6rmige Ohrringe - AG 925 Sterling Silber, rhodiniert | Diana Silver","description":"Fedezd fel a leny\u0171g\u00f6z\u0151 Herzf\u00f6rmige Ohrringe - AG 925 Sterling Silber, rhodiniert \u00e9kszer\u00fcnket. T\u00f6k\u00e9letes kieg\u00e9sz\u00edt\u0151 mindennapi viselethez \u00e9s k\u00fcl\u00f6nleges alkalmakra egyar\u00e1nt. Rendeld meg most!","robots":{"index":"index","follow":"follow","max-snippet":"max-snippet:-1","max-image-preview":"max-image-preview:large","max-video-preview":"max-video-preview:-1"},"canonical":"https:\/\/dianasilver.com\/de\/termek\/herzfoermige-ohrringe-ag-925-sterling-silber-rhodiniert\/","og_locale":"de_DE","og_type":"article","og_title":"Herzf\u00f6rmige Ohrringe - AG 925 Sterling Silber, rhodiniert | Diana Silver","og_description":"Fedezd fel a leny\u0171g\u00f6z\u0151 Herzf\u00f6rmige Ohrringe - AG 925 Sterling Silber, rhodiniert \u00e9kszer\u00fcnket. T\u00f6k\u00e9letes kieg\u00e9sz\u00edt\u0151 mindennapi viselethez \u00e9s k\u00fcl\u00f6nleges alkalmakra egyar\u00e1nt. Rendeld meg most!","og_url":"https:\/\/dianasilver.com\/de\/termek\/herzfoermige-ohrringe-ag-925-sterling-silber-rhodiniert\/","og_site_name":"Diana Silver","article_publisher":"https:\/\/www.facebook.com\/profile.php?id=100027231325117","article_modified_time":"2026-03-09T23:21:35+00:00","og_image":[{"width":1340,"height":1785,"url":"https:\/\/dianasilver.com\/wp-content\/uploads\/2026\/01\/Sziv-formaju-karika-fulbevalo_2.jpg","type":"image\/jpeg"}],"twitter_card":"summary_large_image","twitter_misc":{"Gesch\u00e4tzte Lesezeit":"1\u00a0Minute"},"schema":{"@context":"https:\/\/schema.org","@graph":[{"@type":"WebPage","@id":"https:\/\/dianasilver.com\/de\/termek\/herzfoermige-ohrringe-ag-925-sterling-silber-rhodiniert\/","url":"https:\/\/dianasilver.com\/de\/termek\/herzfoermige-ohrringe-ag-925-sterling-silber-rhodiniert\/","name":"Herzf\u00f6rmige Ohrringe - AG 925 Sterling Silber, rhodiniert | Diana Silver","isPartOf":{"@id":"https:\/\/dianasilver.com\/de\/#website"},"primaryImageOfPage":{"@id":"https:\/\/dianasilver.com\/de\/termek\/herzfoermige-ohrringe-ag-925-sterling-silber-rhodiniert\/#primaryimage"},"image":{"@id":"https:\/\/dianasilver.com\/de\/termek\/herzfoermige-ohrringe-ag-925-sterling-silber-rhodiniert\/#primaryimage"},"thumbnailUrl":"https:\/\/dianasilver.com\/wp-content\/uploads\/2026\/01\/Sziv-formaju-karika-fulbevalo_2.jpg","datePublished":"2026-01-11T21:20:57+00:00","dateModified":"2026-03-09T23:21:35+00:00","description":"Fedezd fel a leny\u0171g\u00f6z\u0151 Herzf\u00f6rmige Ohrringe - AG 925 Sterling Silber, rhodiniert \u00e9kszer\u00fcnket. T\u00f6k\u00e9letes kieg\u00e9sz\u00edt\u0151 mindennapi viselethez \u00e9s k\u00fcl\u00f6nleges alkalmakra egyar\u00e1nt. Rendeld meg most!","breadcrumb":{"@id":"https:\/\/dianasilver.com\/de\/termek\/herzfoermige-ohrringe-ag-925-sterling-silber-rhodiniert\/#breadcrumb"},"inLanguage":"de","potentialAction":[{"@type":"ReadAction","target":["https:\/\/dianasilver.com\/de\/termek\/herzfoermige-ohrringe-ag-925-sterling-silber-rhodiniert\/"]}]},{"@type":"ImageObject","inLanguage":"de","@id":"https:\/\/dianasilver.com\/de\/termek\/herzfoermige-ohrringe-ag-925-sterling-silber-rhodiniert\/#primaryimage","url":"https:\/\/dianasilver.com\/wp-content\/uploads\/2026\/01\/Sziv-formaju-karika-fulbevalo_2.jpg","contentUrl":"https:\/\/dianasilver.com\/wp-content\/uploads\/2026\/01\/Sziv-formaju-karika-fulbevalo_2.jpg","width":1340,"height":1785},{"@type":"BreadcrumbList","@id":"https:\/\/dianasilver.com\/de\/termek\/herzfoermige-ohrringe-ag-925-sterling-silber-rhodiniert\/#breadcrumb","itemListElement":[{"@type":"ListItem","position":1,"name":"Kezd\u0151lap","item":"https:\/\/dianasilver.com\/de\/diana-silver-silberschmuck-webshop\/"},{"@type":"ListItem","position":2,"name":"Shop","item":"https:\/\/dianasilver.com\/de\/shop\/"},{"@type":"ListItem","position":3,"name":"Herzf\u00f6rmige Ohrringe &#8211; AG 925 Sterling Silber, rhodiniert"}]},{"@type":"WebSite","@id":"https:\/\/dianasilver.com\/de\/#website","url":"https:\/\/dianasilver.com\/de\/","name":"Diana Silver","description":"Tedd t\u00f6k\u00e9letesebb\u00e9 mindennapjaid a Diana Silver \u00e9kszereivel.","publisher":{"@id":"https:\/\/dianasilver.com\/de\/#organization"},"alternateName":"Ez\u00fcst \u00c9kszer Web\u00e1ruh\u00e1z","potentialAction":[{"@type":"SearchAction","target":{"@type":"EntryPoint","urlTemplate":"https:\/\/dianasilver.com\/de\/?s={search_term_string}"},"query-input":{"@type":"PropertyValueSpecification","valueRequired":true,"valueName":"search_term_string"}}],"inLanguage":"de"},{"@type":"Organization","@id":"https:\/\/dianasilver.com\/de\/#organization","name":"Diana Silver","url":"https:\/\/dianasilver.com\/de\/","logo":{"@type":"ImageObject","inLanguage":"de","@id":"https:\/\/dianasilver.com\/de\/#\/schema\/logo\/image\/","url":"https:\/\/dianasilver.com\/wp-content\/uploads\/2022\/08\/ezust-feher-1-koves-buttonos-stekkeres-fulbevalo-42.webp","contentUrl":"https:\/\/dianasilver.com\/wp-content\/uploads\/2022\/08\/ezust-feher-1-koves-buttonos-stekkeres-fulbevalo-42.webp","width":300,"height":154,"caption":"Diana Silver"},"image":{"@id":"https:\/\/dianasilver.com\/de\/#\/schema\/logo\/image\/"},"sameAs":["https:\/\/www.facebook.com\/profile.php?id=100027231325117"]}]}},"_links":{"self":[{"href":"https:\/\/dianasilver.com\/de\/wp-json\/wp\/v2\/product\/118222","targetHints":{"allow":["GET"]}}],"collection":[{"href":"https:\/\/dianasilver.com\/de\/wp-json\/wp\/v2\/product"}],"about":[{"href":"https:\/\/dianasilver.com\/de\/wp-json\/wp\/v2\/types\/product"}],"version-history":[{"count":0,"href":"https:\/\/dianasilver.com\/de\/wp-json\/wp\/v2\/product\/118222\/revisions"}],"wp:featuredmedia":[{"embeddable":true,"href":"https:\/\/dianasilver.com\/de\/wp-json\/wp\/v2\/media\/117390"}],"wp:attachment":[{"href":"https:\/\/dianasilver.com\/de\/wp-json\/wp\/v2\/media?parent=118222"}],"wp:term":[{"taxonomy":"product_brand","embeddable":true,"href":"https:\/\/dianasilver.com\/de\/wp-json\/wp\/v2\/product_brand?post=118222"},{"taxonomy":"product_cat","embeddable":true,"href":"https:\/\/dianasilver.com\/de\/wp-json\/wp\/v2\/product_cat?post=118222"},{"taxonomy":"product_tag","embeddable":true,"href":"https:\/\/dianasilver.com\/de\/wp-json\/wp\/v2\/product_tag?post=118222"}],"curies":[{"name":"wp","href":"https:\/\/api.w.org\/{rel}","templated":true}]}}