{"id":118216,"date":"2026-01-11T23:24:14","date_gmt":"2026-01-11T22:24:14","guid":{"rendered":"https:\/\/dianasilver.com\/termek\/rosenquarz-herz-anhaenger-ag-925-sterling-silber-rhodiniert-zirkonia-ohne-kette\/"},"modified":"2026-03-10T00:21:46","modified_gmt":"2026-03-09T23:21:46","slug":"rosenquarz-herz-anhaenger-ag-925-sterling-silber-rhodiniert-zirkonia-ohne-kette","status":"publish","type":"product","link":"https:\/\/dianasilver.com\/de\/termek\/rosenquarz-herz-anhaenger-ag-925-sterling-silber-rhodiniert-zirkonia-ohne-kette\/","title":{"rendered":"Rosenquarz Herz Anh\u00e4nger &#8211; AG 925 Sterling Silber, rhodiniert, Zirkonia (ohne Kette)"},"content":{"rendered":"<h2 data-start=\"293\" data-end=\"368\"><strong data-start=\"296\" data-end=\"368\">Rosenquarz Herzanh\u00e4nger &#8211; Symbol der Liebe und Harmonie (ohne Kette)<\/strong><\/h2>\n<h3 data-start=\"370\" data-end=\"403\">Was symbolisiert der Rosenquarz?<\/h3>\n<ul data-start=\"404\" data-end=\"604\">\n<li data-start=\"404\" data-end=\"467\">\n<p data-start=\"406\" data-end=\"467\"><strong data-start=\"408\" data-end=\"422\">Liebe<\/strong>, emotionale Heilung und Selbstakzeptanz.<\/p>\n<\/li>\n<li data-start=\"468\" data-end=\"538\">\n<p data-start=\"470\" data-end=\"538\">Sein sanfter rosa Farbton f\u00f6rdert <strong data-start=\"497\" data-end=\"527\">Ruhe und inneren Frieden.<\/strong> <\/p>\n<\/li>\n<li data-start=\"539\" data-end=\"604\">\n<p data-start=\"541\" data-end=\"604\">Die Herzform dr\u00fcckt <strong data-start=\"557\" data-end=\"593\">emotionale Verbundenheit und Z\u00e4rtlichkeit<\/strong> aus.<\/p>\n<\/li>\n<\/ul>\n<h3 data-start=\"606\" data-end=\"624\">Warum w\u00e4hlen Sie es?<\/h3>\n<ul data-start=\"625\" data-end=\"1040\">\n<li data-start=\"625\" data-end=\"714\">\n<p data-start=\"627\" data-end=\"714\"><strong data-start=\"627\" data-end=\"643\">AG 925 Silberfassung<\/strong>, rhodiniert f\u00fcr lang anhaltenden Glanz und Verschlei\u00dffestigkeit.<\/p>\n<\/li>\n<li data-start=\"715\" data-end=\"807\">\n<p data-start=\"717\" data-end=\"807\">Ein nat\u00fcrlich aussehender <strong data-start=\"751\" data-end=\"768\">Rosenquarzstein<\/strong> mit einer glatten Oberfl\u00e4che, die einen subtilen, pastellfarbenen Glanz verleiht.<\/p>\n<\/li>\n<li data-start=\"808\" data-end=\"913\">\n<p data-start=\"810\" data-end=\"913\">Die Aufh\u00e4ngung <strong data-start=\"832\" data-end=\"871\">ist mit wei\u00dfen Zirkoniasteinen besetzt<\/strong>, die ihr ein besonderes, elegantes Detail verleihen.<\/p>\n<\/li>\n<li data-start=\"914\" data-end=\"985\">\n<p data-start=\"916\" data-end=\"985\">Leichtes Design, angenehm zu tragen mit jeder Kette.<\/p>\n<\/li>\n<li data-start=\"986\" data-end=\"1040\">\n<p data-start=\"988\" data-end=\"1040\">Ein Geschenk, das von Herzen kommt und eine emotionale Botschaft enth\u00e4lt.<\/p>\n<\/li>\n<\/ul>\n<p data-start=\"1042\" data-end=\"1179\" data-is-last-node=\"\" data-is-only-node=\"\">Dieser Rosenquarz-Herzanh\u00e4nger ist eine subtile Erinnerung an die Kraft der Liebe &#8211; tragen Sie ihn f\u00fcr sich selbst oder schenken Sie ihn jemandem, der Ihnen am Herzen liegt. \ud83e\udd0d\u2728<\/p>\n","protected":false},"excerpt":{"rendered":"<p>\ud83e\udd0d Ein zarter herzf\u00f6rmiger Rosenquarz-Anh\u00e4nger, der eine sanfte, feminine Energie ausstrahlt. Der obere Teil <strong data-start=\"183\" data-end=\"220\">ist mit wei\u00dfen Zirkoniasteinen verziert<\/strong>, die dem sanften Glanz des Natursteins ein elegantes Funkeln hinzuf\u00fcgen. \u2728<\/p>\n","protected":false},"featured_media":117418,"template":"","meta":{"_acf_changed":false},"product_brand":[],"product_cat":[616],"product_tag":[527,634,633,650],"class_list":{"0":"post-118216","1":"product","2":"type-product","3":"status-publish","4":"has-post-thumbnail","6":"product_cat-silberne-anhanger","7":"product_tag-silberschmuck-fur-damen","8":"product_tag-farbenfroh","9":"product_tag-herz","10":"product_tag-kinder-silberschmuck","11":"description-off","13":"first","14":"instock","15":"sale","16":"taxable","17":"shipping-taxable","18":"purchasable","19":"product-type-simple"},"acf":[],"yoast_head":"<!-- This site is optimized with the Yoast SEO plugin v27.4 - https:\/\/yoast.com\/product\/yoast-seo-wordpress\/ -->\n<title>Rosenquarz Herz Anh\u00e4nger - AG 925 Sterling Silber, rhodiniert, Zirkonia (ohne Kette) | Diana Silver<\/title>\n<meta name=\"description\" content=\"Fedezd fel a leny\u0171g\u00f6z\u0151 Rosenquarz Herz Anh\u00e4nger - AG 925 Sterling Silber, rhodiniert, Zirkonia (ohne Kette) \u00e9kszer\u00fcnket. T\u00f6k\u00e9letes kieg\u00e9sz\u00edt\u0151 mindennapi viselethez \u00e9s k\u00fcl\u00f6nleges alkalmakra egyar\u00e1nt. Rendeld meg most!\" \/>\n<meta name=\"robots\" content=\"index, follow, max-snippet:-1, max-image-preview:large, max-video-preview:-1\" \/>\n<link rel=\"canonical\" href=\"https:\/\/dianasilver.com\/de\/termek\/rosenquarz-herz-anhaenger-ag-925-sterling-silber-rhodiniert-zirkonia-ohne-kette\/\" \/>\n<meta property=\"og:locale\" content=\"de_DE\" \/>\n<meta property=\"og:type\" content=\"article\" \/>\n<meta property=\"og:title\" content=\"Rosenquarz Herz Anh\u00e4nger - AG 925 Sterling Silber, rhodiniert, Zirkonia (ohne Kette) | Diana Silver\" \/>\n<meta property=\"og:description\" content=\"Fedezd fel a leny\u0171g\u00f6z\u0151 Rosenquarz Herz Anh\u00e4nger - AG 925 Sterling Silber, rhodiniert, Zirkonia (ohne Kette) \u00e9kszer\u00fcnket. T\u00f6k\u00e9letes kieg\u00e9sz\u00edt\u0151 mindennapi viselethez \u00e9s k\u00fcl\u00f6nleges alkalmakra egyar\u00e1nt. Rendeld meg most!\" \/>\n<meta property=\"og:url\" content=\"https:\/\/dianasilver.com\/de\/termek\/rosenquarz-herz-anhaenger-ag-925-sterling-silber-rhodiniert-zirkonia-ohne-kette\/\" \/>\n<meta property=\"og:site_name\" content=\"Diana Silver\" \/>\n<meta property=\"article:publisher\" content=\"https:\/\/www.facebook.com\/profile.php?id=100027231325117\" \/>\n<meta property=\"article:modified_time\" content=\"2026-03-09T23:21:46+00:00\" \/>\n<meta property=\"og:image\" content=\"https:\/\/dianasilver.com\/wp-content\/uploads\/2026\/01\/Rozsakvarc-sziv-medal_2.jpg\" \/>\n\t<meta property=\"og:image:width\" content=\"1340\" \/>\n\t<meta property=\"og:image:height\" content=\"1785\" \/>\n\t<meta property=\"og:image:type\" content=\"image\/jpeg\" \/>\n<meta name=\"twitter:card\" content=\"summary_large_image\" \/>\n<meta name=\"twitter:label1\" content=\"Gesch\u00e4tzte Lesezeit\" \/>\n\t<meta name=\"twitter:data1\" content=\"1\u00a0Minute\" \/>\n<script type=\"application\/ld+json\" class=\"yoast-schema-graph\">{\"@context\":\"https:\\\/\\\/schema.org\",\"@graph\":[{\"@type\":\"WebPage\",\"@id\":\"https:\\\/\\\/dianasilver.com\\\/de\\\/termek\\\/rosenquarz-herz-anhaenger-ag-925-sterling-silber-rhodiniert-zirkonia-ohne-kette\\\/\",\"url\":\"https:\\\/\\\/dianasilver.com\\\/de\\\/termek\\\/rosenquarz-herz-anhaenger-ag-925-sterling-silber-rhodiniert-zirkonia-ohne-kette\\\/\",\"name\":\"Rosenquarz Herz Anh\u00e4nger - AG 925 Sterling Silber, rhodiniert, Zirkonia (ohne Kette) | Diana Silver\",\"isPartOf\":{\"@id\":\"https:\\\/\\\/dianasilver.com\\\/de\\\/#website\"},\"primaryImageOfPage\":{\"@id\":\"https:\\\/\\\/dianasilver.com\\\/de\\\/termek\\\/rosenquarz-herz-anhaenger-ag-925-sterling-silber-rhodiniert-zirkonia-ohne-kette\\\/#primaryimage\"},\"image\":{\"@id\":\"https:\\\/\\\/dianasilver.com\\\/de\\\/termek\\\/rosenquarz-herz-anhaenger-ag-925-sterling-silber-rhodiniert-zirkonia-ohne-kette\\\/#primaryimage\"},\"thumbnailUrl\":\"https:\\\/\\\/dianasilver.com\\\/wp-content\\\/uploads\\\/2026\\\/01\\\/Rozsakvarc-sziv-medal_2.jpg\",\"datePublished\":\"2026-01-11T22:24:14+00:00\",\"dateModified\":\"2026-03-09T23:21:46+00:00\",\"description\":\"Fedezd fel a leny\u0171g\u00f6z\u0151 Rosenquarz Herz Anh\u00e4nger - AG 925 Sterling Silber, rhodiniert, Zirkonia (ohne Kette) \u00e9kszer\u00fcnket. T\u00f6k\u00e9letes kieg\u00e9sz\u00edt\u0151 mindennapi viselethez \u00e9s k\u00fcl\u00f6nleges alkalmakra egyar\u00e1nt. Rendeld meg most!\",\"breadcrumb\":{\"@id\":\"https:\\\/\\\/dianasilver.com\\\/de\\\/termek\\\/rosenquarz-herz-anhaenger-ag-925-sterling-silber-rhodiniert-zirkonia-ohne-kette\\\/#breadcrumb\"},\"inLanguage\":\"de\",\"potentialAction\":[{\"@type\":\"ReadAction\",\"target\":[\"https:\\\/\\\/dianasilver.com\\\/de\\\/termek\\\/rosenquarz-herz-anhaenger-ag-925-sterling-silber-rhodiniert-zirkonia-ohne-kette\\\/\"]}]},{\"@type\":\"ImageObject\",\"inLanguage\":\"de\",\"@id\":\"https:\\\/\\\/dianasilver.com\\\/de\\\/termek\\\/rosenquarz-herz-anhaenger-ag-925-sterling-silber-rhodiniert-zirkonia-ohne-kette\\\/#primaryimage\",\"url\":\"https:\\\/\\\/dianasilver.com\\\/wp-content\\\/uploads\\\/2026\\\/01\\\/Rozsakvarc-sziv-medal_2.jpg\",\"contentUrl\":\"https:\\\/\\\/dianasilver.com\\\/wp-content\\\/uploads\\\/2026\\\/01\\\/Rozsakvarc-sziv-medal_2.jpg\",\"width\":1340,\"height\":1785},{\"@type\":\"BreadcrumbList\",\"@id\":\"https:\\\/\\\/dianasilver.com\\\/de\\\/termek\\\/rosenquarz-herz-anhaenger-ag-925-sterling-silber-rhodiniert-zirkonia-ohne-kette\\\/#breadcrumb\",\"itemListElement\":[{\"@type\":\"ListItem\",\"position\":1,\"name\":\"Kezd\u0151lap\",\"item\":\"https:\\\/\\\/dianasilver.com\\\/de\\\/diana-silver-silberschmuck-webshop\\\/\"},{\"@type\":\"ListItem\",\"position\":2,\"name\":\"Shop\",\"item\":\"https:\\\/\\\/dianasilver.com\\\/de\\\/shop\\\/\"},{\"@type\":\"ListItem\",\"position\":3,\"name\":\"Rosenquarz Herz Anh\u00e4nger &#8211; AG 925 Sterling Silber, rhodiniert, Zirkonia (ohne Kette)\"}]},{\"@type\":\"WebSite\",\"@id\":\"https:\\\/\\\/dianasilver.com\\\/de\\\/#website\",\"url\":\"https:\\\/\\\/dianasilver.com\\\/de\\\/\",\"name\":\"Diana Silver\",\"description\":\"Tedd t\u00f6k\u00e9letesebb\u00e9 mindennapjaid a Diana Silver \u00e9kszereivel.\",\"publisher\":{\"@id\":\"https:\\\/\\\/dianasilver.com\\\/de\\\/#organization\"},\"alternateName\":\"Ez\u00fcst \u00c9kszer Web\u00e1ruh\u00e1z\",\"potentialAction\":[{\"@type\":\"SearchAction\",\"target\":{\"@type\":\"EntryPoint\",\"urlTemplate\":\"https:\\\/\\\/dianasilver.com\\\/de\\\/?s={search_term_string}\"},\"query-input\":{\"@type\":\"PropertyValueSpecification\",\"valueRequired\":true,\"valueName\":\"search_term_string\"}}],\"inLanguage\":\"de\"},{\"@type\":\"Organization\",\"@id\":\"https:\\\/\\\/dianasilver.com\\\/de\\\/#organization\",\"name\":\"Diana Silver\",\"url\":\"https:\\\/\\\/dianasilver.com\\\/de\\\/\",\"logo\":{\"@type\":\"ImageObject\",\"inLanguage\":\"de\",\"@id\":\"https:\\\/\\\/dianasilver.com\\\/de\\\/#\\\/schema\\\/logo\\\/image\\\/\",\"url\":\"https:\\\/\\\/dianasilver.com\\\/wp-content\\\/uploads\\\/2022\\\/08\\\/ezust-feher-1-koves-buttonos-stekkeres-fulbevalo-42.webp\",\"contentUrl\":\"https:\\\/\\\/dianasilver.com\\\/wp-content\\\/uploads\\\/2022\\\/08\\\/ezust-feher-1-koves-buttonos-stekkeres-fulbevalo-42.webp\",\"width\":300,\"height\":154,\"caption\":\"Diana Silver\"},\"image\":{\"@id\":\"https:\\\/\\\/dianasilver.com\\\/de\\\/#\\\/schema\\\/logo\\\/image\\\/\"},\"sameAs\":[\"https:\\\/\\\/www.facebook.com\\\/profile.php?id=100027231325117\"]}]}<\/script>\n<!-- \/ Yoast SEO plugin. -->","yoast_head_json":{"title":"Rosenquarz Herz Anh\u00e4nger - AG 925 Sterling Silber, rhodiniert, Zirkonia (ohne Kette) | Diana Silver","description":"Fedezd fel a leny\u0171g\u00f6z\u0151 Rosenquarz Herz Anh\u00e4nger - AG 925 Sterling Silber, rhodiniert, Zirkonia (ohne Kette) \u00e9kszer\u00fcnket. T\u00f6k\u00e9letes kieg\u00e9sz\u00edt\u0151 mindennapi viselethez \u00e9s k\u00fcl\u00f6nleges alkalmakra egyar\u00e1nt. Rendeld meg most!","robots":{"index":"index","follow":"follow","max-snippet":"max-snippet:-1","max-image-preview":"max-image-preview:large","max-video-preview":"max-video-preview:-1"},"canonical":"https:\/\/dianasilver.com\/de\/termek\/rosenquarz-herz-anhaenger-ag-925-sterling-silber-rhodiniert-zirkonia-ohne-kette\/","og_locale":"de_DE","og_type":"article","og_title":"Rosenquarz Herz Anh\u00e4nger - AG 925 Sterling Silber, rhodiniert, Zirkonia (ohne Kette) | Diana Silver","og_description":"Fedezd fel a leny\u0171g\u00f6z\u0151 Rosenquarz Herz Anh\u00e4nger - AG 925 Sterling Silber, rhodiniert, Zirkonia (ohne Kette) \u00e9kszer\u00fcnket. T\u00f6k\u00e9letes kieg\u00e9sz\u00edt\u0151 mindennapi viselethez \u00e9s k\u00fcl\u00f6nleges alkalmakra egyar\u00e1nt. Rendeld meg most!","og_url":"https:\/\/dianasilver.com\/de\/termek\/rosenquarz-herz-anhaenger-ag-925-sterling-silber-rhodiniert-zirkonia-ohne-kette\/","og_site_name":"Diana Silver","article_publisher":"https:\/\/www.facebook.com\/profile.php?id=100027231325117","article_modified_time":"2026-03-09T23:21:46+00:00","og_image":[{"width":1340,"height":1785,"url":"https:\/\/dianasilver.com\/wp-content\/uploads\/2026\/01\/Rozsakvarc-sziv-medal_2.jpg","type":"image\/jpeg"}],"twitter_card":"summary_large_image","twitter_misc":{"Gesch\u00e4tzte Lesezeit":"1\u00a0Minute"},"schema":{"@context":"https:\/\/schema.org","@graph":[{"@type":"WebPage","@id":"https:\/\/dianasilver.com\/de\/termek\/rosenquarz-herz-anhaenger-ag-925-sterling-silber-rhodiniert-zirkonia-ohne-kette\/","url":"https:\/\/dianasilver.com\/de\/termek\/rosenquarz-herz-anhaenger-ag-925-sterling-silber-rhodiniert-zirkonia-ohne-kette\/","name":"Rosenquarz Herz Anh\u00e4nger - AG 925 Sterling Silber, rhodiniert, Zirkonia (ohne Kette) | Diana Silver","isPartOf":{"@id":"https:\/\/dianasilver.com\/de\/#website"},"primaryImageOfPage":{"@id":"https:\/\/dianasilver.com\/de\/termek\/rosenquarz-herz-anhaenger-ag-925-sterling-silber-rhodiniert-zirkonia-ohne-kette\/#primaryimage"},"image":{"@id":"https:\/\/dianasilver.com\/de\/termek\/rosenquarz-herz-anhaenger-ag-925-sterling-silber-rhodiniert-zirkonia-ohne-kette\/#primaryimage"},"thumbnailUrl":"https:\/\/dianasilver.com\/wp-content\/uploads\/2026\/01\/Rozsakvarc-sziv-medal_2.jpg","datePublished":"2026-01-11T22:24:14+00:00","dateModified":"2026-03-09T23:21:46+00:00","description":"Fedezd fel a leny\u0171g\u00f6z\u0151 Rosenquarz Herz Anh\u00e4nger - AG 925 Sterling Silber, rhodiniert, Zirkonia (ohne Kette) \u00e9kszer\u00fcnket. T\u00f6k\u00e9letes kieg\u00e9sz\u00edt\u0151 mindennapi viselethez \u00e9s k\u00fcl\u00f6nleges alkalmakra egyar\u00e1nt. Rendeld meg most!","breadcrumb":{"@id":"https:\/\/dianasilver.com\/de\/termek\/rosenquarz-herz-anhaenger-ag-925-sterling-silber-rhodiniert-zirkonia-ohne-kette\/#breadcrumb"},"inLanguage":"de","potentialAction":[{"@type":"ReadAction","target":["https:\/\/dianasilver.com\/de\/termek\/rosenquarz-herz-anhaenger-ag-925-sterling-silber-rhodiniert-zirkonia-ohne-kette\/"]}]},{"@type":"ImageObject","inLanguage":"de","@id":"https:\/\/dianasilver.com\/de\/termek\/rosenquarz-herz-anhaenger-ag-925-sterling-silber-rhodiniert-zirkonia-ohne-kette\/#primaryimage","url":"https:\/\/dianasilver.com\/wp-content\/uploads\/2026\/01\/Rozsakvarc-sziv-medal_2.jpg","contentUrl":"https:\/\/dianasilver.com\/wp-content\/uploads\/2026\/01\/Rozsakvarc-sziv-medal_2.jpg","width":1340,"height":1785},{"@type":"BreadcrumbList","@id":"https:\/\/dianasilver.com\/de\/termek\/rosenquarz-herz-anhaenger-ag-925-sterling-silber-rhodiniert-zirkonia-ohne-kette\/#breadcrumb","itemListElement":[{"@type":"ListItem","position":1,"name":"Kezd\u0151lap","item":"https:\/\/dianasilver.com\/de\/diana-silver-silberschmuck-webshop\/"},{"@type":"ListItem","position":2,"name":"Shop","item":"https:\/\/dianasilver.com\/de\/shop\/"},{"@type":"ListItem","position":3,"name":"Rosenquarz Herz Anh\u00e4nger &#8211; AG 925 Sterling Silber, rhodiniert, Zirkonia (ohne Kette)"}]},{"@type":"WebSite","@id":"https:\/\/dianasilver.com\/de\/#website","url":"https:\/\/dianasilver.com\/de\/","name":"Diana Silver","description":"Tedd t\u00f6k\u00e9letesebb\u00e9 mindennapjaid a Diana Silver \u00e9kszereivel.","publisher":{"@id":"https:\/\/dianasilver.com\/de\/#organization"},"alternateName":"Ez\u00fcst \u00c9kszer Web\u00e1ruh\u00e1z","potentialAction":[{"@type":"SearchAction","target":{"@type":"EntryPoint","urlTemplate":"https:\/\/dianasilver.com\/de\/?s={search_term_string}"},"query-input":{"@type":"PropertyValueSpecification","valueRequired":true,"valueName":"search_term_string"}}],"inLanguage":"de"},{"@type":"Organization","@id":"https:\/\/dianasilver.com\/de\/#organization","name":"Diana Silver","url":"https:\/\/dianasilver.com\/de\/","logo":{"@type":"ImageObject","inLanguage":"de","@id":"https:\/\/dianasilver.com\/de\/#\/schema\/logo\/image\/","url":"https:\/\/dianasilver.com\/wp-content\/uploads\/2022\/08\/ezust-feher-1-koves-buttonos-stekkeres-fulbevalo-42.webp","contentUrl":"https:\/\/dianasilver.com\/wp-content\/uploads\/2022\/08\/ezust-feher-1-koves-buttonos-stekkeres-fulbevalo-42.webp","width":300,"height":154,"caption":"Diana Silver"},"image":{"@id":"https:\/\/dianasilver.com\/de\/#\/schema\/logo\/image\/"},"sameAs":["https:\/\/www.facebook.com\/profile.php?id=100027231325117"]}]}},"_links":{"self":[{"href":"https:\/\/dianasilver.com\/de\/wp-json\/wp\/v2\/product\/118216","targetHints":{"allow":["GET"]}}],"collection":[{"href":"https:\/\/dianasilver.com\/de\/wp-json\/wp\/v2\/product"}],"about":[{"href":"https:\/\/dianasilver.com\/de\/wp-json\/wp\/v2\/types\/product"}],"version-history":[{"count":0,"href":"https:\/\/dianasilver.com\/de\/wp-json\/wp\/v2\/product\/118216\/revisions"}],"wp:featuredmedia":[{"embeddable":true,"href":"https:\/\/dianasilver.com\/de\/wp-json\/wp\/v2\/media\/117418"}],"wp:attachment":[{"href":"https:\/\/dianasilver.com\/de\/wp-json\/wp\/v2\/media?parent=118216"}],"wp:term":[{"taxonomy":"product_brand","embeddable":true,"href":"https:\/\/dianasilver.com\/de\/wp-json\/wp\/v2\/product_brand?post=118216"},{"taxonomy":"product_cat","embeddable":true,"href":"https:\/\/dianasilver.com\/de\/wp-json\/wp\/v2\/product_cat?post=118216"},{"taxonomy":"product_tag","embeddable":true,"href":"https:\/\/dianasilver.com\/de\/wp-json\/wp\/v2\/product_tag?post=118216"}],"curies":[{"name":"wp","href":"https:\/\/api.w.org\/{rel}","templated":true}]}}