{"id":118210,"date":"2026-01-11T23:45:33","date_gmt":"2026-01-11T22:45:33","guid":{"rendered":"https:\/\/dianasilver.com\/termek\/doppelherz-anhaenger-mit-zirkonia-ag-925-sterling-silber-rhodiniert-ohne-kette\/"},"modified":"2026-02-20T13:51:26","modified_gmt":"2026-02-20T12:51:26","slug":"doppelherz-anhaenger-mit-zirkonia-ag-925-sterling-silber-rhodiniert-ohne-kette","status":"publish","type":"product","link":"https:\/\/dianasilver.com\/de\/termek\/doppelherz-anhaenger-mit-zirkonia-ag-925-sterling-silber-rhodiniert-ohne-kette\/","title":{"rendered":"Doppelherz-Anh\u00e4nger mit Zirkonia &#8211; AG 925 Sterling Silber, rhodiniert (ohne Kette)"},"content":{"rendered":"<h2 data-start=\"259\" data-end=\"325\"><strong data-start=\"262\" data-end=\"325\">Doppelherz-Anh\u00e4nger &#8211; eine leuchtende Botschaft der Liebe (ohne Kette)<\/strong><\/h2>\n<h3 data-start=\"327\" data-end=\"360\">Was symbolisiert die Herzform?<\/h3>\n<ul data-start=\"361\" data-end=\"564\">\n<li data-start=\"361\" data-end=\"424\">\n<p data-start=\"363\" data-end=\"424\"><strong data-start=\"365\" data-end=\"379\">Liebe<\/strong>, Zugeh\u00f6rigkeit und emotionale Bindung.<\/p>\n<\/li>\n<li data-start=\"425\" data-end=\"486\">\n<p data-start=\"427\" data-end=\"486\">Das offene Herz auf der Au\u00dfenseite ist ein Symbol f\u00fcr <strong data-start=\"450\" data-end=\"475\">Schutz und Offenheit<\/strong>.<\/p>\n<\/li>\n<li data-start=\"487\" data-end=\"564\">\n<p data-start=\"489\" data-end=\"564\">Das innere Herz, verziert mit Zirkonia, dr\u00fcckt die <strong data-start=\"527\" data-end=\"553\">Gef\u00fchle<\/strong> aus <strong data-start=\"527\" data-end=\"553\">, die vom Herzen kommen<\/strong>.<\/p>\n<\/li>\n<\/ul>\n<h3 data-start=\"566\" data-end=\"584\">Warum w\u00e4hlen Sie es?<\/h3>\n<ul data-start=\"585\" data-end=\"970\">\n<li data-start=\"585\" data-end=\"665\">\n<p data-start=\"587\" data-end=\"665\"><strong data-start=\"587\" data-end=\"603\">AG 925 Silber<\/strong> mit Rhodium-Beschichtung f\u00fcr dauerhaften Glanz und Verschlei\u00dffestigkeit.<\/p>\n<\/li>\n<li data-start=\"666\" data-end=\"763\">\n<p data-start=\"668\" data-end=\"763\">Das innere Herz <strong data-start=\"681\" data-end=\"720\">ist mit wei\u00dfen Zirkonia-Steinen besetzt<\/strong>, die ihm ein subtiles und doch spektakul\u00e4res Funkeln verleihen.<\/p>\n<\/li>\n<li data-start=\"764\" data-end=\"840\">\n<p data-start=\"766\" data-end=\"840\">Eine saubere, harmonische Form, die sich gut in jeden Stil einf\u00fcgt.<\/p>\n<\/li>\n<li data-start=\"841\" data-end=\"912\">\n<p data-start=\"843\" data-end=\"912\">Leichtes Design, bequem zu tragen mit Ihrer Lieblingskette.<\/p>\n<\/li>\n<li data-start=\"913\" data-end=\"970\">\n<p data-start=\"915\" data-end=\"970\">Ein Geschenk, das von Herzen kommt und eine besondere Bedeutung hat.<\/p>\n<\/li>\n<\/ul>\n<p data-start=\"972\" data-end=\"1094\" data-is-last-node=\"\" data-is-only-node=\"\">Dieser Doppelherz-Anh\u00e4nger ist ein sanfter Ausdruck von Emotionen &#8211; perfekt, wenn Sie auf der Suche nach einem echten Statement-Schmuckst\u00fcck sind. \ud83e\udd0d\u2728<\/p>\n","protected":false},"excerpt":{"rendered":"<p>\ud83e\udd0d Ein schlichtes und doch gef\u00fchlvolles Herzmotiv, bei dem das innere Herz <strong data-start=\"154\" data-end=\"193\">mit wei\u00dfen Zirkoniasteinen besetzt ist<\/strong>. Sein dezentes Funkeln verleiht ihm einen romantischen, femininen Look \u2728.<\/p>\n","protected":false},"featured_media":117445,"template":"","meta":{"_acf_changed":false},"product_brand":[],"product_cat":[616],"product_tag":[527,633],"class_list":{"0":"post-118210","1":"product","2":"type-product","3":"status-publish","4":"has-post-thumbnail","6":"product_cat-silberne-anhanger","7":"product_tag-silberschmuck-fur-damen","8":"product_tag-herz","9":"description-off","11":"first","12":"instock","13":"taxable","14":"shipping-taxable","15":"purchasable","16":"product-type-simple"},"acf":[],"yoast_head":"<!-- This site is optimized with the Yoast SEO plugin v27.4 - https:\/\/yoast.com\/product\/yoast-seo-wordpress\/ -->\n<title>Doppelherz-Anh\u00e4nger mit Zirkonia - AG 925 Sterling Silber, rhodiniert (ohne Kette) | Diana Silver<\/title>\n<meta name=\"description\" content=\"Fedezd fel a leny\u0171g\u00f6z\u0151 Doppelherz-Anh\u00e4nger mit Zirkonia - AG 925 Sterling Silber, rhodiniert (ohne Kette) \u00e9kszer\u00fcnket. T\u00f6k\u00e9letes kieg\u00e9sz\u00edt\u0151 mindennapi viselethez \u00e9s k\u00fcl\u00f6nleges alkalmakra egyar\u00e1nt. Rendeld meg most!\" \/>\n<meta name=\"robots\" content=\"index, follow, max-snippet:-1, max-image-preview:large, max-video-preview:-1\" \/>\n<link rel=\"canonical\" href=\"https:\/\/dianasilver.com\/de\/termek\/doppelherz-anhaenger-mit-zirkonia-ag-925-sterling-silber-rhodiniert-ohne-kette\/\" \/>\n<meta property=\"og:locale\" content=\"de_DE\" \/>\n<meta property=\"og:type\" content=\"article\" \/>\n<meta property=\"og:title\" content=\"Doppelherz-Anh\u00e4nger mit Zirkonia - AG 925 Sterling Silber, rhodiniert (ohne Kette) | Diana Silver\" \/>\n<meta property=\"og:description\" content=\"Fedezd fel a leny\u0171g\u00f6z\u0151 Doppelherz-Anh\u00e4nger mit Zirkonia - AG 925 Sterling Silber, rhodiniert (ohne Kette) \u00e9kszer\u00fcnket. T\u00f6k\u00e9letes kieg\u00e9sz\u00edt\u0151 mindennapi viselethez \u00e9s k\u00fcl\u00f6nleges alkalmakra egyar\u00e1nt. Rendeld meg most!\" \/>\n<meta property=\"og:url\" content=\"https:\/\/dianasilver.com\/de\/termek\/doppelherz-anhaenger-mit-zirkonia-ag-925-sterling-silber-rhodiniert-ohne-kette\/\" \/>\n<meta property=\"og:site_name\" content=\"Diana Silver\" \/>\n<meta property=\"article:publisher\" content=\"https:\/\/www.facebook.com\/profile.php?id=100027231325117\" \/>\n<meta property=\"article:modified_time\" content=\"2026-02-20T12:51:26+00:00\" \/>\n<meta property=\"og:image\" content=\"https:\/\/dianasilver.com\/wp-content\/uploads\/2026\/01\/Dupla-sziv-medal-cirkoniaval_2.jpg\" \/>\n\t<meta property=\"og:image:width\" content=\"1340\" \/>\n\t<meta property=\"og:image:height\" content=\"1785\" \/>\n\t<meta property=\"og:image:type\" content=\"image\/jpeg\" \/>\n<meta name=\"twitter:card\" content=\"summary_large_image\" \/>\n<meta name=\"twitter:label1\" content=\"Gesch\u00e4tzte Lesezeit\" \/>\n\t<meta name=\"twitter:data1\" content=\"1\u00a0Minute\" \/>\n<script type=\"application\/ld+json\" class=\"yoast-schema-graph\">{\"@context\":\"https:\\\/\\\/schema.org\",\"@graph\":[{\"@type\":\"WebPage\",\"@id\":\"https:\\\/\\\/dianasilver.com\\\/de\\\/termek\\\/doppelherz-anhaenger-mit-zirkonia-ag-925-sterling-silber-rhodiniert-ohne-kette\\\/\",\"url\":\"https:\\\/\\\/dianasilver.com\\\/de\\\/termek\\\/doppelherz-anhaenger-mit-zirkonia-ag-925-sterling-silber-rhodiniert-ohne-kette\\\/\",\"name\":\"Doppelherz-Anh\u00e4nger mit Zirkonia - AG 925 Sterling Silber, rhodiniert (ohne Kette) | Diana Silver\",\"isPartOf\":{\"@id\":\"https:\\\/\\\/dianasilver.com\\\/de\\\/#website\"},\"primaryImageOfPage\":{\"@id\":\"https:\\\/\\\/dianasilver.com\\\/de\\\/termek\\\/doppelherz-anhaenger-mit-zirkonia-ag-925-sterling-silber-rhodiniert-ohne-kette\\\/#primaryimage\"},\"image\":{\"@id\":\"https:\\\/\\\/dianasilver.com\\\/de\\\/termek\\\/doppelherz-anhaenger-mit-zirkonia-ag-925-sterling-silber-rhodiniert-ohne-kette\\\/#primaryimage\"},\"thumbnailUrl\":\"https:\\\/\\\/dianasilver.com\\\/wp-content\\\/uploads\\\/2026\\\/01\\\/Dupla-sziv-medal-cirkoniaval_2.jpg\",\"datePublished\":\"2026-01-11T22:45:33+00:00\",\"dateModified\":\"2026-02-20T12:51:26+00:00\",\"description\":\"Fedezd fel a leny\u0171g\u00f6z\u0151 Doppelherz-Anh\u00e4nger mit Zirkonia - AG 925 Sterling Silber, rhodiniert (ohne Kette) \u00e9kszer\u00fcnket. T\u00f6k\u00e9letes kieg\u00e9sz\u00edt\u0151 mindennapi viselethez \u00e9s k\u00fcl\u00f6nleges alkalmakra egyar\u00e1nt. Rendeld meg most!\",\"breadcrumb\":{\"@id\":\"https:\\\/\\\/dianasilver.com\\\/de\\\/termek\\\/doppelherz-anhaenger-mit-zirkonia-ag-925-sterling-silber-rhodiniert-ohne-kette\\\/#breadcrumb\"},\"inLanguage\":\"de\",\"potentialAction\":[{\"@type\":\"ReadAction\",\"target\":[\"https:\\\/\\\/dianasilver.com\\\/de\\\/termek\\\/doppelherz-anhaenger-mit-zirkonia-ag-925-sterling-silber-rhodiniert-ohne-kette\\\/\"]}]},{\"@type\":\"ImageObject\",\"inLanguage\":\"de\",\"@id\":\"https:\\\/\\\/dianasilver.com\\\/de\\\/termek\\\/doppelherz-anhaenger-mit-zirkonia-ag-925-sterling-silber-rhodiniert-ohne-kette\\\/#primaryimage\",\"url\":\"https:\\\/\\\/dianasilver.com\\\/wp-content\\\/uploads\\\/2026\\\/01\\\/Dupla-sziv-medal-cirkoniaval_2.jpg\",\"contentUrl\":\"https:\\\/\\\/dianasilver.com\\\/wp-content\\\/uploads\\\/2026\\\/01\\\/Dupla-sziv-medal-cirkoniaval_2.jpg\",\"width\":1340,\"height\":1785},{\"@type\":\"BreadcrumbList\",\"@id\":\"https:\\\/\\\/dianasilver.com\\\/de\\\/termek\\\/doppelherz-anhaenger-mit-zirkonia-ag-925-sterling-silber-rhodiniert-ohne-kette\\\/#breadcrumb\",\"itemListElement\":[{\"@type\":\"ListItem\",\"position\":1,\"name\":\"Kezd\u0151lap\",\"item\":\"https:\\\/\\\/dianasilver.com\\\/de\\\/diana-silver-silberschmuck-webshop\\\/\"},{\"@type\":\"ListItem\",\"position\":2,\"name\":\"Shop\",\"item\":\"https:\\\/\\\/dianasilver.com\\\/de\\\/shop\\\/\"},{\"@type\":\"ListItem\",\"position\":3,\"name\":\"Doppelherz-Anh\u00e4nger mit Zirkonia &#8211; AG 925 Sterling Silber, rhodiniert (ohne Kette)\"}]},{\"@type\":\"WebSite\",\"@id\":\"https:\\\/\\\/dianasilver.com\\\/de\\\/#website\",\"url\":\"https:\\\/\\\/dianasilver.com\\\/de\\\/\",\"name\":\"Diana Silver\",\"description\":\"Tedd t\u00f6k\u00e9letesebb\u00e9 mindennapjaid a Diana Silver \u00e9kszereivel.\",\"publisher\":{\"@id\":\"https:\\\/\\\/dianasilver.com\\\/de\\\/#organization\"},\"alternateName\":\"Ez\u00fcst \u00c9kszer Web\u00e1ruh\u00e1z\",\"potentialAction\":[{\"@type\":\"SearchAction\",\"target\":{\"@type\":\"EntryPoint\",\"urlTemplate\":\"https:\\\/\\\/dianasilver.com\\\/de\\\/?s={search_term_string}\"},\"query-input\":{\"@type\":\"PropertyValueSpecification\",\"valueRequired\":true,\"valueName\":\"search_term_string\"}}],\"inLanguage\":\"de\"},{\"@type\":\"Organization\",\"@id\":\"https:\\\/\\\/dianasilver.com\\\/de\\\/#organization\",\"name\":\"Diana Silver\",\"url\":\"https:\\\/\\\/dianasilver.com\\\/de\\\/\",\"logo\":{\"@type\":\"ImageObject\",\"inLanguage\":\"de\",\"@id\":\"https:\\\/\\\/dianasilver.com\\\/de\\\/#\\\/schema\\\/logo\\\/image\\\/\",\"url\":\"https:\\\/\\\/dianasilver.com\\\/wp-content\\\/uploads\\\/2022\\\/08\\\/ezust-feher-1-koves-buttonos-stekkeres-fulbevalo-42.webp\",\"contentUrl\":\"https:\\\/\\\/dianasilver.com\\\/wp-content\\\/uploads\\\/2022\\\/08\\\/ezust-feher-1-koves-buttonos-stekkeres-fulbevalo-42.webp\",\"width\":300,\"height\":154,\"caption\":\"Diana Silver\"},\"image\":{\"@id\":\"https:\\\/\\\/dianasilver.com\\\/de\\\/#\\\/schema\\\/logo\\\/image\\\/\"},\"sameAs\":[\"https:\\\/\\\/www.facebook.com\\\/profile.php?id=100027231325117\"]}]}<\/script>\n<!-- \/ Yoast SEO plugin. -->","yoast_head_json":{"title":"Doppelherz-Anh\u00e4nger mit Zirkonia - AG 925 Sterling Silber, rhodiniert (ohne Kette) | Diana Silver","description":"Fedezd fel a leny\u0171g\u00f6z\u0151 Doppelherz-Anh\u00e4nger mit Zirkonia - AG 925 Sterling Silber, rhodiniert (ohne Kette) \u00e9kszer\u00fcnket. T\u00f6k\u00e9letes kieg\u00e9sz\u00edt\u0151 mindennapi viselethez \u00e9s k\u00fcl\u00f6nleges alkalmakra egyar\u00e1nt. Rendeld meg most!","robots":{"index":"index","follow":"follow","max-snippet":"max-snippet:-1","max-image-preview":"max-image-preview:large","max-video-preview":"max-video-preview:-1"},"canonical":"https:\/\/dianasilver.com\/de\/termek\/doppelherz-anhaenger-mit-zirkonia-ag-925-sterling-silber-rhodiniert-ohne-kette\/","og_locale":"de_DE","og_type":"article","og_title":"Doppelherz-Anh\u00e4nger mit Zirkonia - AG 925 Sterling Silber, rhodiniert (ohne Kette) | Diana Silver","og_description":"Fedezd fel a leny\u0171g\u00f6z\u0151 Doppelherz-Anh\u00e4nger mit Zirkonia - AG 925 Sterling Silber, rhodiniert (ohne Kette) \u00e9kszer\u00fcnket. T\u00f6k\u00e9letes kieg\u00e9sz\u00edt\u0151 mindennapi viselethez \u00e9s k\u00fcl\u00f6nleges alkalmakra egyar\u00e1nt. Rendeld meg most!","og_url":"https:\/\/dianasilver.com\/de\/termek\/doppelherz-anhaenger-mit-zirkonia-ag-925-sterling-silber-rhodiniert-ohne-kette\/","og_site_name":"Diana Silver","article_publisher":"https:\/\/www.facebook.com\/profile.php?id=100027231325117","article_modified_time":"2026-02-20T12:51:26+00:00","og_image":[{"width":1340,"height":1785,"url":"https:\/\/dianasilver.com\/wp-content\/uploads\/2026\/01\/Dupla-sziv-medal-cirkoniaval_2.jpg","type":"image\/jpeg"}],"twitter_card":"summary_large_image","twitter_misc":{"Gesch\u00e4tzte Lesezeit":"1\u00a0Minute"},"schema":{"@context":"https:\/\/schema.org","@graph":[{"@type":"WebPage","@id":"https:\/\/dianasilver.com\/de\/termek\/doppelherz-anhaenger-mit-zirkonia-ag-925-sterling-silber-rhodiniert-ohne-kette\/","url":"https:\/\/dianasilver.com\/de\/termek\/doppelherz-anhaenger-mit-zirkonia-ag-925-sterling-silber-rhodiniert-ohne-kette\/","name":"Doppelherz-Anh\u00e4nger mit Zirkonia - AG 925 Sterling Silber, rhodiniert (ohne Kette) | Diana Silver","isPartOf":{"@id":"https:\/\/dianasilver.com\/de\/#website"},"primaryImageOfPage":{"@id":"https:\/\/dianasilver.com\/de\/termek\/doppelherz-anhaenger-mit-zirkonia-ag-925-sterling-silber-rhodiniert-ohne-kette\/#primaryimage"},"image":{"@id":"https:\/\/dianasilver.com\/de\/termek\/doppelherz-anhaenger-mit-zirkonia-ag-925-sterling-silber-rhodiniert-ohne-kette\/#primaryimage"},"thumbnailUrl":"https:\/\/dianasilver.com\/wp-content\/uploads\/2026\/01\/Dupla-sziv-medal-cirkoniaval_2.jpg","datePublished":"2026-01-11T22:45:33+00:00","dateModified":"2026-02-20T12:51:26+00:00","description":"Fedezd fel a leny\u0171g\u00f6z\u0151 Doppelherz-Anh\u00e4nger mit Zirkonia - AG 925 Sterling Silber, rhodiniert (ohne Kette) \u00e9kszer\u00fcnket. T\u00f6k\u00e9letes kieg\u00e9sz\u00edt\u0151 mindennapi viselethez \u00e9s k\u00fcl\u00f6nleges alkalmakra egyar\u00e1nt. Rendeld meg most!","breadcrumb":{"@id":"https:\/\/dianasilver.com\/de\/termek\/doppelherz-anhaenger-mit-zirkonia-ag-925-sterling-silber-rhodiniert-ohne-kette\/#breadcrumb"},"inLanguage":"de","potentialAction":[{"@type":"ReadAction","target":["https:\/\/dianasilver.com\/de\/termek\/doppelherz-anhaenger-mit-zirkonia-ag-925-sterling-silber-rhodiniert-ohne-kette\/"]}]},{"@type":"ImageObject","inLanguage":"de","@id":"https:\/\/dianasilver.com\/de\/termek\/doppelherz-anhaenger-mit-zirkonia-ag-925-sterling-silber-rhodiniert-ohne-kette\/#primaryimage","url":"https:\/\/dianasilver.com\/wp-content\/uploads\/2026\/01\/Dupla-sziv-medal-cirkoniaval_2.jpg","contentUrl":"https:\/\/dianasilver.com\/wp-content\/uploads\/2026\/01\/Dupla-sziv-medal-cirkoniaval_2.jpg","width":1340,"height":1785},{"@type":"BreadcrumbList","@id":"https:\/\/dianasilver.com\/de\/termek\/doppelherz-anhaenger-mit-zirkonia-ag-925-sterling-silber-rhodiniert-ohne-kette\/#breadcrumb","itemListElement":[{"@type":"ListItem","position":1,"name":"Kezd\u0151lap","item":"https:\/\/dianasilver.com\/de\/diana-silver-silberschmuck-webshop\/"},{"@type":"ListItem","position":2,"name":"Shop","item":"https:\/\/dianasilver.com\/de\/shop\/"},{"@type":"ListItem","position":3,"name":"Doppelherz-Anh\u00e4nger mit Zirkonia &#8211; AG 925 Sterling Silber, rhodiniert (ohne Kette)"}]},{"@type":"WebSite","@id":"https:\/\/dianasilver.com\/de\/#website","url":"https:\/\/dianasilver.com\/de\/","name":"Diana Silver","description":"Tedd t\u00f6k\u00e9letesebb\u00e9 mindennapjaid a Diana Silver \u00e9kszereivel.","publisher":{"@id":"https:\/\/dianasilver.com\/de\/#organization"},"alternateName":"Ez\u00fcst \u00c9kszer Web\u00e1ruh\u00e1z","potentialAction":[{"@type":"SearchAction","target":{"@type":"EntryPoint","urlTemplate":"https:\/\/dianasilver.com\/de\/?s={search_term_string}"},"query-input":{"@type":"PropertyValueSpecification","valueRequired":true,"valueName":"search_term_string"}}],"inLanguage":"de"},{"@type":"Organization","@id":"https:\/\/dianasilver.com\/de\/#organization","name":"Diana Silver","url":"https:\/\/dianasilver.com\/de\/","logo":{"@type":"ImageObject","inLanguage":"de","@id":"https:\/\/dianasilver.com\/de\/#\/schema\/logo\/image\/","url":"https:\/\/dianasilver.com\/wp-content\/uploads\/2022\/08\/ezust-feher-1-koves-buttonos-stekkeres-fulbevalo-42.webp","contentUrl":"https:\/\/dianasilver.com\/wp-content\/uploads\/2022\/08\/ezust-feher-1-koves-buttonos-stekkeres-fulbevalo-42.webp","width":300,"height":154,"caption":"Diana Silver"},"image":{"@id":"https:\/\/dianasilver.com\/de\/#\/schema\/logo\/image\/"},"sameAs":["https:\/\/www.facebook.com\/profile.php?id=100027231325117"]}]}},"_links":{"self":[{"href":"https:\/\/dianasilver.com\/de\/wp-json\/wp\/v2\/product\/118210","targetHints":{"allow":["GET"]}}],"collection":[{"href":"https:\/\/dianasilver.com\/de\/wp-json\/wp\/v2\/product"}],"about":[{"href":"https:\/\/dianasilver.com\/de\/wp-json\/wp\/v2\/types\/product"}],"version-history":[{"count":0,"href":"https:\/\/dianasilver.com\/de\/wp-json\/wp\/v2\/product\/118210\/revisions"}],"wp:featuredmedia":[{"embeddable":true,"href":"https:\/\/dianasilver.com\/de\/wp-json\/wp\/v2\/media\/117445"}],"wp:attachment":[{"href":"https:\/\/dianasilver.com\/de\/wp-json\/wp\/v2\/media?parent=118210"}],"wp:term":[{"taxonomy":"product_brand","embeddable":true,"href":"https:\/\/dianasilver.com\/de\/wp-json\/wp\/v2\/product_brand?post=118210"},{"taxonomy":"product_cat","embeddable":true,"href":"https:\/\/dianasilver.com\/de\/wp-json\/wp\/v2\/product_cat?post=118210"},{"taxonomy":"product_tag","embeddable":true,"href":"https:\/\/dianasilver.com\/de\/wp-json\/wp\/v2\/product_tag?post=118210"}],"curies":[{"name":"wp","href":"https:\/\/api.w.org\/{rel}","templated":true}]}}