{"id":116972,"date":"2025-12-05T13:34:38","date_gmt":"2025-12-05T12:34:38","guid":{"rendered":"https:\/\/dianasilver.com\/termek\/schneeflocken-schmuckset-ag-925-sterling-silber-rhodiniert-ohne-kette\/"},"modified":"2026-01-16T16:56:47","modified_gmt":"2026-01-16T15:56:47","slug":"schneeflocken-schmuckset-ag-925-sterling-silber-rhodiniert-ohne-kette","status":"publish","type":"product","link":"https:\/\/dianasilver.com\/de\/termek\/schneeflocken-schmuckset-ag-925-sterling-silber-rhodiniert-ohne-kette\/","title":{"rendered":"Schneeflocken-Schmuckset &#8211; AG 925 Sterling Silber, rhodiniert (ohne Kette)"},"content":{"rendered":"<h2 data-start=\"287\" data-end=\"368\"><strong data-start=\"290\" data-end=\"368\">Schneeflocken-Schmuckset &#8211; der leichte Glamour des Winters im Set (ohne Kette)<\/strong><\/h2>\n<h3 data-start=\"370\" data-end=\"407\">Was symbolisiert die Form einer Schneeflocke?<\/h3>\n<ul data-start=\"408\" data-end=\"621\">\n<li data-start=\"408\" data-end=\"468\">\n<p data-start=\"410\" data-end=\"468\"><strong data-start=\"412\" data-end=\"427\">Klarheit<\/strong>, neue Anf\u00e4nge und frische Energie.<\/p>\n<\/li>\n<li data-start=\"469\" data-end=\"544\">\n<p data-start=\"471\" data-end=\"544\">Weiblichkeit und <strong data-start=\"490\" data-end=\"505\">Einzigartigkeit<\/strong>, denn keine Schneeflocke ist wie die andere.<\/p>\n<\/li>\n<li data-start=\"545\" data-end=\"621\">\n<p data-start=\"547\" data-end=\"621\">Der schimmernde Zirkonia in der Mitte beschw\u00f6rt <strong data-start=\"577\" data-end=\"610\">Ihr inneres Licht und Ihre Harmonie<\/strong>.<\/p>\n<\/li>\n<\/ul>\n<h3 data-start=\"623\" data-end=\"641\">Warum w\u00e4hlen Sie es?<\/h3>\n<ul data-start=\"642\" data-end=\"1056\">\n<li data-start=\"642\" data-end=\"722\">\n<p data-start=\"644\" data-end=\"722\"><strong data-start=\"644\" data-end=\"660\">AG 925 Silber<\/strong> mit Rhodiumbeschichtung f\u00fcr Haltbarkeit und ein gl\u00e4nzendes Finish.<\/p>\n<\/li>\n<li data-start=\"723\" data-end=\"812\">\n<p data-start=\"725\" data-end=\"812\">Zentrale, brillante <strong data-start=\"743\" data-end=\"761\">Zirkoniasteine<\/strong>, die das Gesamtbild zum Funkeln bringen.<\/p>\n<\/li>\n<li data-start=\"813\" data-end=\"901\">\n<p data-start=\"815\" data-end=\"901\">Die Ohrringe <strong data-start=\"827\" data-end=\"848\">haben einen Steker-Verschluss<\/strong>, sind einfach zu tragen und bieten den ganzen Tag lang sicheren Halt.<\/p>\n<\/li>\n<li data-start=\"902\" data-end=\"1003\">\n<p data-start=\"904\" data-end=\"1003\">Ein zartes, luftiges Design &#8211; ein gemischtes Set, das die Garderobe der modernen Frau perfekt erg\u00e4nzt.<\/p>\n<\/li>\n<li data-start=\"1004\" data-end=\"1056\">\n<p data-start=\"1006\" data-end=\"1056\">Auch ein tolles Geschenk, besonders f\u00fcr festliche Anl\u00e4sse.<\/p>\n<\/li>\n<\/ul>\n<p data-start=\"1058\" data-end=\"1153\" data-is-last-node=\"\" data-is-only-node=\"\">Tragen Sie dieses h\u00fcbsche Schneeflocken-Set und bringen Sie ein wenig Winterzauber in Ihren Alltag! \u2744\ufe0f\u2728<\/p>\n","protected":false},"excerpt":{"rendered":"<p>\u2744\ufe0f Ein zartes, schimmerndes Schneeflocken-Set, das das reine Gl\u00fchen des Winters heraufbeschw\u00f6rt. Ein schillernder Zirkonia in der Mitte des Anh\u00e4ngers und der Ohrstecker zieht die Blicke auf sich und verleiht Ihrem Gesicht und Ihrer Erscheinung ein sanftes Strahlen. \u2728<\/p>\n","protected":false},"featured_media":117278,"template":"","meta":{"_acf_changed":false},"product_brand":[],"product_cat":[526],"product_tag":[527,650,639],"class_list":{"0":"post-116972","1":"product","2":"type-product","3":"status-publish","4":"has-post-thumbnail","6":"product_cat-silberschmuck-set","7":"product_tag-silberschmuck-fur-damen","8":"product_tag-kinder-silberschmuck","9":"product_tag-weihnachten","10":"description-off","12":"first","13":"instock","14":"taxable","15":"shipping-taxable","16":"purchasable","17":"product-type-simple"},"acf":[],"yoast_head":"<!-- This site is optimized with the Yoast SEO plugin v27.4 - https:\/\/yoast.com\/product\/yoast-seo-wordpress\/ -->\n<title>Schneeflocken-Schmuckset - AG 925 Sterling Silber, rhodiniert (ohne Kette) | Diana Silver<\/title>\n<meta name=\"description\" content=\"Fedezd fel a leny\u0171g\u00f6z\u0151 Schneeflocken-Schmuckset - AG 925 Sterling Silber, rhodiniert (ohne Kette) \u00e9kszer\u00fcnket. T\u00f6k\u00e9letes kieg\u00e9sz\u00edt\u0151 mindennapi viselethez \u00e9s k\u00fcl\u00f6nleges alkalmakra egyar\u00e1nt. Rendeld meg most!\" \/>\n<meta name=\"robots\" content=\"index, follow, max-snippet:-1, max-image-preview:large, max-video-preview:-1\" \/>\n<link rel=\"canonical\" href=\"https:\/\/dianasilver.com\/de\/termek\/schneeflocken-schmuckset-ag-925-sterling-silber-rhodiniert-ohne-kette\/\" \/>\n<meta property=\"og:locale\" content=\"de_DE\" \/>\n<meta property=\"og:type\" content=\"article\" \/>\n<meta property=\"og:title\" content=\"Schneeflocken-Schmuckset - AG 925 Sterling Silber, rhodiniert (ohne Kette) | Diana Silver\" \/>\n<meta property=\"og:description\" content=\"Fedezd fel a leny\u0171g\u00f6z\u0151 Schneeflocken-Schmuckset - AG 925 Sterling Silber, rhodiniert (ohne Kette) \u00e9kszer\u00fcnket. T\u00f6k\u00e9letes kieg\u00e9sz\u00edt\u0151 mindennapi viselethez \u00e9s k\u00fcl\u00f6nleges alkalmakra egyar\u00e1nt. Rendeld meg most!\" \/>\n<meta property=\"og:url\" content=\"https:\/\/dianasilver.com\/de\/termek\/schneeflocken-schmuckset-ag-925-sterling-silber-rhodiniert-ohne-kette\/\" \/>\n<meta property=\"og:site_name\" content=\"Diana Silver\" \/>\n<meta property=\"article:publisher\" content=\"https:\/\/www.facebook.com\/profile.php?id=100027231325117\" \/>\n<meta property=\"article:modified_time\" content=\"2026-01-16T15:56:47+00:00\" \/>\n<meta property=\"og:image\" content=\"https:\/\/dianasilver.com\/wp-content\/uploads\/2025\/12\/Hopehely-ekszerszett-AG925-ezust-rodium-bevonattal_2.jpg\" \/>\n\t<meta property=\"og:image:width\" content=\"1340\" \/>\n\t<meta property=\"og:image:height\" content=\"1785\" \/>\n\t<meta property=\"og:image:type\" content=\"image\/jpeg\" \/>\n<meta name=\"twitter:card\" content=\"summary_large_image\" \/>\n<meta name=\"twitter:label1\" content=\"Gesch\u00e4tzte Lesezeit\" \/>\n\t<meta name=\"twitter:data1\" content=\"1\u00a0Minute\" \/>\n<script type=\"application\/ld+json\" class=\"yoast-schema-graph\">{\"@context\":\"https:\\\/\\\/schema.org\",\"@graph\":[{\"@type\":\"WebPage\",\"@id\":\"https:\\\/\\\/dianasilver.com\\\/de\\\/termek\\\/schneeflocken-schmuckset-ag-925-sterling-silber-rhodiniert-ohne-kette\\\/\",\"url\":\"https:\\\/\\\/dianasilver.com\\\/de\\\/termek\\\/schneeflocken-schmuckset-ag-925-sterling-silber-rhodiniert-ohne-kette\\\/\",\"name\":\"Schneeflocken-Schmuckset - AG 925 Sterling Silber, rhodiniert (ohne Kette) | Diana Silver\",\"isPartOf\":{\"@id\":\"https:\\\/\\\/dianasilver.com\\\/de\\\/#website\"},\"primaryImageOfPage\":{\"@id\":\"https:\\\/\\\/dianasilver.com\\\/de\\\/termek\\\/schneeflocken-schmuckset-ag-925-sterling-silber-rhodiniert-ohne-kette\\\/#primaryimage\"},\"image\":{\"@id\":\"https:\\\/\\\/dianasilver.com\\\/de\\\/termek\\\/schneeflocken-schmuckset-ag-925-sterling-silber-rhodiniert-ohne-kette\\\/#primaryimage\"},\"thumbnailUrl\":\"https:\\\/\\\/dianasilver.com\\\/wp-content\\\/uploads\\\/2025\\\/12\\\/Hopehely-ekszerszett-AG925-ezust-rodium-bevonattal_2.jpg\",\"datePublished\":\"2025-12-05T12:34:38+00:00\",\"dateModified\":\"2026-01-16T15:56:47+00:00\",\"description\":\"Fedezd fel a leny\u0171g\u00f6z\u0151 Schneeflocken-Schmuckset - AG 925 Sterling Silber, rhodiniert (ohne Kette) \u00e9kszer\u00fcnket. T\u00f6k\u00e9letes kieg\u00e9sz\u00edt\u0151 mindennapi viselethez \u00e9s k\u00fcl\u00f6nleges alkalmakra egyar\u00e1nt. Rendeld meg most!\",\"breadcrumb\":{\"@id\":\"https:\\\/\\\/dianasilver.com\\\/de\\\/termek\\\/schneeflocken-schmuckset-ag-925-sterling-silber-rhodiniert-ohne-kette\\\/#breadcrumb\"},\"inLanguage\":\"de\",\"potentialAction\":[{\"@type\":\"ReadAction\",\"target\":[\"https:\\\/\\\/dianasilver.com\\\/de\\\/termek\\\/schneeflocken-schmuckset-ag-925-sterling-silber-rhodiniert-ohne-kette\\\/\"]}]},{\"@type\":\"ImageObject\",\"inLanguage\":\"de\",\"@id\":\"https:\\\/\\\/dianasilver.com\\\/de\\\/termek\\\/schneeflocken-schmuckset-ag-925-sterling-silber-rhodiniert-ohne-kette\\\/#primaryimage\",\"url\":\"https:\\\/\\\/dianasilver.com\\\/wp-content\\\/uploads\\\/2025\\\/12\\\/Hopehely-ekszerszett-AG925-ezust-rodium-bevonattal_2.jpg\",\"contentUrl\":\"https:\\\/\\\/dianasilver.com\\\/wp-content\\\/uploads\\\/2025\\\/12\\\/Hopehely-ekszerszett-AG925-ezust-rodium-bevonattal_2.jpg\",\"width\":1340,\"height\":1785},{\"@type\":\"BreadcrumbList\",\"@id\":\"https:\\\/\\\/dianasilver.com\\\/de\\\/termek\\\/schneeflocken-schmuckset-ag-925-sterling-silber-rhodiniert-ohne-kette\\\/#breadcrumb\",\"itemListElement\":[{\"@type\":\"ListItem\",\"position\":1,\"name\":\"Kezd\u0151lap\",\"item\":\"https:\\\/\\\/dianasilver.com\\\/de\\\/diana-silver-silberschmuck-webshop\\\/\"},{\"@type\":\"ListItem\",\"position\":2,\"name\":\"Shop\",\"item\":\"https:\\\/\\\/dianasilver.com\\\/de\\\/shop\\\/\"},{\"@type\":\"ListItem\",\"position\":3,\"name\":\"Schneeflocken-Schmuckset &#8211; AG 925 Sterling Silber, rhodiniert (ohne Kette)\"}]},{\"@type\":\"WebSite\",\"@id\":\"https:\\\/\\\/dianasilver.com\\\/de\\\/#website\",\"url\":\"https:\\\/\\\/dianasilver.com\\\/de\\\/\",\"name\":\"Diana Silver\",\"description\":\"Tedd t\u00f6k\u00e9letesebb\u00e9 mindennapjaid a Diana Silver \u00e9kszereivel.\",\"publisher\":{\"@id\":\"https:\\\/\\\/dianasilver.com\\\/de\\\/#organization\"},\"alternateName\":\"Ez\u00fcst \u00c9kszer Web\u00e1ruh\u00e1z\",\"potentialAction\":[{\"@type\":\"SearchAction\",\"target\":{\"@type\":\"EntryPoint\",\"urlTemplate\":\"https:\\\/\\\/dianasilver.com\\\/de\\\/?s={search_term_string}\"},\"query-input\":{\"@type\":\"PropertyValueSpecification\",\"valueRequired\":true,\"valueName\":\"search_term_string\"}}],\"inLanguage\":\"de\"},{\"@type\":\"Organization\",\"@id\":\"https:\\\/\\\/dianasilver.com\\\/de\\\/#organization\",\"name\":\"Diana Silver\",\"url\":\"https:\\\/\\\/dianasilver.com\\\/de\\\/\",\"logo\":{\"@type\":\"ImageObject\",\"inLanguage\":\"de\",\"@id\":\"https:\\\/\\\/dianasilver.com\\\/de\\\/#\\\/schema\\\/logo\\\/image\\\/\",\"url\":\"https:\\\/\\\/dianasilver.com\\\/wp-content\\\/uploads\\\/2022\\\/08\\\/ezust-feher-1-koves-buttonos-stekkeres-fulbevalo-42.webp\",\"contentUrl\":\"https:\\\/\\\/dianasilver.com\\\/wp-content\\\/uploads\\\/2022\\\/08\\\/ezust-feher-1-koves-buttonos-stekkeres-fulbevalo-42.webp\",\"width\":300,\"height\":154,\"caption\":\"Diana Silver\"},\"image\":{\"@id\":\"https:\\\/\\\/dianasilver.com\\\/de\\\/#\\\/schema\\\/logo\\\/image\\\/\"},\"sameAs\":[\"https:\\\/\\\/www.facebook.com\\\/profile.php?id=100027231325117\"]}]}<\/script>\n<!-- \/ Yoast SEO plugin. -->","yoast_head_json":{"title":"Schneeflocken-Schmuckset - AG 925 Sterling Silber, rhodiniert (ohne Kette) | Diana Silver","description":"Fedezd fel a leny\u0171g\u00f6z\u0151 Schneeflocken-Schmuckset - AG 925 Sterling Silber, rhodiniert (ohne Kette) \u00e9kszer\u00fcnket. T\u00f6k\u00e9letes kieg\u00e9sz\u00edt\u0151 mindennapi viselethez \u00e9s k\u00fcl\u00f6nleges alkalmakra egyar\u00e1nt. Rendeld meg most!","robots":{"index":"index","follow":"follow","max-snippet":"max-snippet:-1","max-image-preview":"max-image-preview:large","max-video-preview":"max-video-preview:-1"},"canonical":"https:\/\/dianasilver.com\/de\/termek\/schneeflocken-schmuckset-ag-925-sterling-silber-rhodiniert-ohne-kette\/","og_locale":"de_DE","og_type":"article","og_title":"Schneeflocken-Schmuckset - AG 925 Sterling Silber, rhodiniert (ohne Kette) | Diana Silver","og_description":"Fedezd fel a leny\u0171g\u00f6z\u0151 Schneeflocken-Schmuckset - AG 925 Sterling Silber, rhodiniert (ohne Kette) \u00e9kszer\u00fcnket. T\u00f6k\u00e9letes kieg\u00e9sz\u00edt\u0151 mindennapi viselethez \u00e9s k\u00fcl\u00f6nleges alkalmakra egyar\u00e1nt. Rendeld meg most!","og_url":"https:\/\/dianasilver.com\/de\/termek\/schneeflocken-schmuckset-ag-925-sterling-silber-rhodiniert-ohne-kette\/","og_site_name":"Diana Silver","article_publisher":"https:\/\/www.facebook.com\/profile.php?id=100027231325117","article_modified_time":"2026-01-16T15:56:47+00:00","og_image":[{"width":1340,"height":1785,"url":"https:\/\/dianasilver.com\/wp-content\/uploads\/2025\/12\/Hopehely-ekszerszett-AG925-ezust-rodium-bevonattal_2.jpg","type":"image\/jpeg"}],"twitter_card":"summary_large_image","twitter_misc":{"Gesch\u00e4tzte Lesezeit":"1\u00a0Minute"},"schema":{"@context":"https:\/\/schema.org","@graph":[{"@type":"WebPage","@id":"https:\/\/dianasilver.com\/de\/termek\/schneeflocken-schmuckset-ag-925-sterling-silber-rhodiniert-ohne-kette\/","url":"https:\/\/dianasilver.com\/de\/termek\/schneeflocken-schmuckset-ag-925-sterling-silber-rhodiniert-ohne-kette\/","name":"Schneeflocken-Schmuckset - AG 925 Sterling Silber, rhodiniert (ohne Kette) | Diana Silver","isPartOf":{"@id":"https:\/\/dianasilver.com\/de\/#website"},"primaryImageOfPage":{"@id":"https:\/\/dianasilver.com\/de\/termek\/schneeflocken-schmuckset-ag-925-sterling-silber-rhodiniert-ohne-kette\/#primaryimage"},"image":{"@id":"https:\/\/dianasilver.com\/de\/termek\/schneeflocken-schmuckset-ag-925-sterling-silber-rhodiniert-ohne-kette\/#primaryimage"},"thumbnailUrl":"https:\/\/dianasilver.com\/wp-content\/uploads\/2025\/12\/Hopehely-ekszerszett-AG925-ezust-rodium-bevonattal_2.jpg","datePublished":"2025-12-05T12:34:38+00:00","dateModified":"2026-01-16T15:56:47+00:00","description":"Fedezd fel a leny\u0171g\u00f6z\u0151 Schneeflocken-Schmuckset - AG 925 Sterling Silber, rhodiniert (ohne Kette) \u00e9kszer\u00fcnket. T\u00f6k\u00e9letes kieg\u00e9sz\u00edt\u0151 mindennapi viselethez \u00e9s k\u00fcl\u00f6nleges alkalmakra egyar\u00e1nt. Rendeld meg most!","breadcrumb":{"@id":"https:\/\/dianasilver.com\/de\/termek\/schneeflocken-schmuckset-ag-925-sterling-silber-rhodiniert-ohne-kette\/#breadcrumb"},"inLanguage":"de","potentialAction":[{"@type":"ReadAction","target":["https:\/\/dianasilver.com\/de\/termek\/schneeflocken-schmuckset-ag-925-sterling-silber-rhodiniert-ohne-kette\/"]}]},{"@type":"ImageObject","inLanguage":"de","@id":"https:\/\/dianasilver.com\/de\/termek\/schneeflocken-schmuckset-ag-925-sterling-silber-rhodiniert-ohne-kette\/#primaryimage","url":"https:\/\/dianasilver.com\/wp-content\/uploads\/2025\/12\/Hopehely-ekszerszett-AG925-ezust-rodium-bevonattal_2.jpg","contentUrl":"https:\/\/dianasilver.com\/wp-content\/uploads\/2025\/12\/Hopehely-ekszerszett-AG925-ezust-rodium-bevonattal_2.jpg","width":1340,"height":1785},{"@type":"BreadcrumbList","@id":"https:\/\/dianasilver.com\/de\/termek\/schneeflocken-schmuckset-ag-925-sterling-silber-rhodiniert-ohne-kette\/#breadcrumb","itemListElement":[{"@type":"ListItem","position":1,"name":"Kezd\u0151lap","item":"https:\/\/dianasilver.com\/de\/diana-silver-silberschmuck-webshop\/"},{"@type":"ListItem","position":2,"name":"Shop","item":"https:\/\/dianasilver.com\/de\/shop\/"},{"@type":"ListItem","position":3,"name":"Schneeflocken-Schmuckset &#8211; AG 925 Sterling Silber, rhodiniert (ohne Kette)"}]},{"@type":"WebSite","@id":"https:\/\/dianasilver.com\/de\/#website","url":"https:\/\/dianasilver.com\/de\/","name":"Diana Silver","description":"Tedd t\u00f6k\u00e9letesebb\u00e9 mindennapjaid a Diana Silver \u00e9kszereivel.","publisher":{"@id":"https:\/\/dianasilver.com\/de\/#organization"},"alternateName":"Ez\u00fcst \u00c9kszer Web\u00e1ruh\u00e1z","potentialAction":[{"@type":"SearchAction","target":{"@type":"EntryPoint","urlTemplate":"https:\/\/dianasilver.com\/de\/?s={search_term_string}"},"query-input":{"@type":"PropertyValueSpecification","valueRequired":true,"valueName":"search_term_string"}}],"inLanguage":"de"},{"@type":"Organization","@id":"https:\/\/dianasilver.com\/de\/#organization","name":"Diana Silver","url":"https:\/\/dianasilver.com\/de\/","logo":{"@type":"ImageObject","inLanguage":"de","@id":"https:\/\/dianasilver.com\/de\/#\/schema\/logo\/image\/","url":"https:\/\/dianasilver.com\/wp-content\/uploads\/2022\/08\/ezust-feher-1-koves-buttonos-stekkeres-fulbevalo-42.webp","contentUrl":"https:\/\/dianasilver.com\/wp-content\/uploads\/2022\/08\/ezust-feher-1-koves-buttonos-stekkeres-fulbevalo-42.webp","width":300,"height":154,"caption":"Diana Silver"},"image":{"@id":"https:\/\/dianasilver.com\/de\/#\/schema\/logo\/image\/"},"sameAs":["https:\/\/www.facebook.com\/profile.php?id=100027231325117"]}]}},"_links":{"self":[{"href":"https:\/\/dianasilver.com\/de\/wp-json\/wp\/v2\/product\/116972","targetHints":{"allow":["GET"]}}],"collection":[{"href":"https:\/\/dianasilver.com\/de\/wp-json\/wp\/v2\/product"}],"about":[{"href":"https:\/\/dianasilver.com\/de\/wp-json\/wp\/v2\/types\/product"}],"version-history":[{"count":0,"href":"https:\/\/dianasilver.com\/de\/wp-json\/wp\/v2\/product\/116972\/revisions"}],"wp:featuredmedia":[{"embeddable":true,"href":"https:\/\/dianasilver.com\/de\/wp-json\/wp\/v2\/media\/117278"}],"wp:attachment":[{"href":"https:\/\/dianasilver.com\/de\/wp-json\/wp\/v2\/media?parent=116972"}],"wp:term":[{"taxonomy":"product_brand","embeddable":true,"href":"https:\/\/dianasilver.com\/de\/wp-json\/wp\/v2\/product_brand?post=116972"},{"taxonomy":"product_cat","embeddable":true,"href":"https:\/\/dianasilver.com\/de\/wp-json\/wp\/v2\/product_cat?post=116972"},{"taxonomy":"product_tag","embeddable":true,"href":"https:\/\/dianasilver.com\/de\/wp-json\/wp\/v2\/product_tag?post=116972"}],"curies":[{"name":"wp","href":"https:\/\/api.w.org\/{rel}","templated":true}]}}