{"id":116964,"date":"2025-12-07T12:38:44","date_gmt":"2025-12-07T11:38:44","guid":{"rendered":"https:\/\/dianasilver.com\/termek\/zirkonia-armband-im-tennisstil-mit-schwarzer-kordel-verstellbare-groesse-17-4-cm\/"},"modified":"2026-04-15T01:41:10","modified_gmt":"2026-04-14T23:41:10","slug":"zirkonia-armband-im-tennisstil-mit-schwarzer-kordel-verstellbare-groesse-17-4-cm","status":"publish","type":"product","link":"https:\/\/dianasilver.com\/de\/termek\/zirkonia-armband-im-tennisstil-mit-schwarzer-kordel-verstellbare-groesse-17-4-cm\/","title":{"rendered":"Zirkonia-Armband im Tennisstil mit schwarzer Kordel &#8211; verstellbare Gr\u00f6\u00dfe (17 + 4 cm)"},"content":{"rendered":"<h2 data-start=\"337\" data-end=\"417\"><strong data-start=\"340\" data-end=\"417\">Zirkonia-Armband im Tennisstil &#8211; schlichter Glamour im leichten Design<\/strong><\/h2>\n<h3 data-start=\"419\" data-end=\"440\">Warum ist sie besonders?<\/h3>\n<ul data-start=\"441\" data-end=\"829\">\n<li data-start=\"441\" data-end=\"555\">\n<p data-start=\"443\" data-end=\"555\">Der mittlere Teil <strong data-start=\"458\" data-end=\"497\">ist mit wei\u00dfen Zirkoniasteinen besetzt<\/strong>, die ein durchgehendes Funkeln erzeugen, wie es f\u00fcr ein Tennisarmband typisch ist.<\/p>\n<\/li>\n<li data-start=\"556\" data-end=\"638\">\n<p data-start=\"558\" data-end=\"638\">Leicht, angenehm zu tragen &#8211; die weiche schwarze Kordel ist am Handgelenk kaum wahrnehmbar.<\/p>\n<\/li>\n<li data-start=\"639\" data-end=\"740\">\n<p data-start=\"641\" data-end=\"740\"><strong data-start=\"641\" data-end=\"687\">Verstellbare Gr\u00f6\u00dfe (17 + 4 cm mit Verl\u00e4ngerung)<\/strong> f\u00fcr alle Handgelenkgr\u00f6\u00dfen.<\/p>\n<\/li>\n<li data-start=\"741\" data-end=\"829\">\n<p data-start=\"743\" data-end=\"829\">Ein modernes, minimalistisches Design, das allein oder in Kombination mit anderen Armb\u00e4ndern wundersch\u00f6n ist.<\/p>\n<\/li>\n<\/ul>\n<p data-start=\"831\" data-end=\"968\" data-is-last-node=\"\" data-is-only-node=\"\">Dieses Armband im Tennisstil ist elegant und perfekt f\u00fcr den Alltag &#8211; sein dezenter Schimmer macht jeden Moment sch\u00f6ner. \u2728<\/p>\n","protected":false},"excerpt":{"rendered":"<p>\u2728 Leichtes, modernes Armband mit schwarzer Kordel und Zirkonia-Verzierungen, die an ein klassisches Tennisarmband erinnern. Zart funkelnde Steine verleihen einen eleganten Glanz, w\u00e4hrend das Armband eine bequeme, entspannte Passform bietet \ud83e\udd0d.<\/p>\n","protected":false},"featured_media":116819,"template":"","meta":{"_acf_changed":false},"product_brand":[],"product_cat":[614],"product_tag":[527,634,650],"class_list":{"0":"post-116964","1":"product","2":"type-product","3":"status-publish","4":"has-post-thumbnail","6":"product_cat-silberne-armbander","7":"product_tag-silberschmuck-fur-damen","8":"product_tag-farbenfroh","9":"product_tag-kinder-silberschmuck","10":"description-off","12":"first","13":"instock","14":"taxable","15":"shipping-taxable","16":"purchasable","17":"product-type-simple"},"acf":[],"yoast_head":"<!-- This site is optimized with the Yoast SEO plugin v27.4 - https:\/\/yoast.com\/product\/yoast-seo-wordpress\/ -->\n<title>Zirkonia-Armband im Tennisstil mit schwarzer Kordel - verstellbare Gr\u00f6\u00dfe (17 + 4 cm) | Diana Silver<\/title>\n<meta name=\"description\" content=\"Fedezd fel a leny\u0171g\u00f6z\u0151 Zirkonia-Armband im Tennisstil mit schwarzer Kordel - verstellbare Gr\u00f6\u00dfe (17 + 4 cm) \u00e9kszer\u00fcnket. T\u00f6k\u00e9letes kieg\u00e9sz\u00edt\u0151 mindennapi viselethez \u00e9s k\u00fcl\u00f6nleges alkalmakra egyar\u00e1nt. Rendeld meg most!\" \/>\n<meta name=\"robots\" content=\"index, follow, max-snippet:-1, max-image-preview:large, max-video-preview:-1\" \/>\n<link rel=\"canonical\" href=\"https:\/\/dianasilver.com\/de\/termek\/zirkonia-armband-im-tennisstil-mit-schwarzer-kordel-verstellbare-groesse-17-4-cm\/\" \/>\n<meta property=\"og:locale\" content=\"de_DE\" \/>\n<meta property=\"og:type\" content=\"article\" \/>\n<meta property=\"og:title\" content=\"Zirkonia-Armband im Tennisstil mit schwarzer Kordel - verstellbare Gr\u00f6\u00dfe (17 + 4 cm) | Diana Silver\" \/>\n<meta property=\"og:description\" content=\"Fedezd fel a leny\u0171g\u00f6z\u0151 Zirkonia-Armband im Tennisstil mit schwarzer Kordel - verstellbare Gr\u00f6\u00dfe (17 + 4 cm) \u00e9kszer\u00fcnket. T\u00f6k\u00e9letes kieg\u00e9sz\u00edt\u0151 mindennapi viselethez \u00e9s k\u00fcl\u00f6nleges alkalmakra egyar\u00e1nt. Rendeld meg most!\" \/>\n<meta property=\"og:url\" content=\"https:\/\/dianasilver.com\/de\/termek\/zirkonia-armband-im-tennisstil-mit-schwarzer-kordel-verstellbare-groesse-17-4-cm\/\" \/>\n<meta property=\"og:site_name\" content=\"Diana Silver\" \/>\n<meta property=\"article:publisher\" content=\"https:\/\/www.facebook.com\/profile.php?id=100027231325117\" \/>\n<meta property=\"article:modified_time\" content=\"2026-04-14T23:41:10+00:00\" \/>\n<meta property=\"og:image\" content=\"https:\/\/dianasilver.com\/wp-content\/uploads\/2025\/12\/Tenisz-stilusu-cirkonias-karkoto_2.jpg\" \/>\n\t<meta property=\"og:image:width\" content=\"1340\" \/>\n\t<meta property=\"og:image:height\" content=\"1785\" \/>\n\t<meta property=\"og:image:type\" content=\"image\/jpeg\" \/>\n<meta name=\"twitter:card\" content=\"summary_large_image\" \/>\n<script type=\"application\/ld+json\" class=\"yoast-schema-graph\">{\"@context\":\"https:\\\/\\\/schema.org\",\"@graph\":[{\"@type\":\"WebPage\",\"@id\":\"https:\\\/\\\/dianasilver.com\\\/de\\\/termek\\\/zirkonia-armband-im-tennisstil-mit-schwarzer-kordel-verstellbare-groesse-17-4-cm\\\/\",\"url\":\"https:\\\/\\\/dianasilver.com\\\/de\\\/termek\\\/zirkonia-armband-im-tennisstil-mit-schwarzer-kordel-verstellbare-groesse-17-4-cm\\\/\",\"name\":\"Zirkonia-Armband im Tennisstil mit schwarzer Kordel - verstellbare Gr\u00f6\u00dfe (17 + 4 cm) | Diana Silver\",\"isPartOf\":{\"@id\":\"https:\\\/\\\/dianasilver.com\\\/de\\\/#website\"},\"primaryImageOfPage\":{\"@id\":\"https:\\\/\\\/dianasilver.com\\\/de\\\/termek\\\/zirkonia-armband-im-tennisstil-mit-schwarzer-kordel-verstellbare-groesse-17-4-cm\\\/#primaryimage\"},\"image\":{\"@id\":\"https:\\\/\\\/dianasilver.com\\\/de\\\/termek\\\/zirkonia-armband-im-tennisstil-mit-schwarzer-kordel-verstellbare-groesse-17-4-cm\\\/#primaryimage\"},\"thumbnailUrl\":\"https:\\\/\\\/dianasilver.com\\\/wp-content\\\/uploads\\\/2025\\\/12\\\/Tenisz-stilusu-cirkonias-karkoto_2.jpg\",\"datePublished\":\"2025-12-07T11:38:44+00:00\",\"dateModified\":\"2026-04-14T23:41:10+00:00\",\"description\":\"Fedezd fel a leny\u0171g\u00f6z\u0151 Zirkonia-Armband im Tennisstil mit schwarzer Kordel - verstellbare Gr\u00f6\u00dfe (17 + 4 cm) \u00e9kszer\u00fcnket. T\u00f6k\u00e9letes kieg\u00e9sz\u00edt\u0151 mindennapi viselethez \u00e9s k\u00fcl\u00f6nleges alkalmakra egyar\u00e1nt. Rendeld meg most!\",\"breadcrumb\":{\"@id\":\"https:\\\/\\\/dianasilver.com\\\/de\\\/termek\\\/zirkonia-armband-im-tennisstil-mit-schwarzer-kordel-verstellbare-groesse-17-4-cm\\\/#breadcrumb\"},\"inLanguage\":\"de\",\"potentialAction\":[{\"@type\":\"ReadAction\",\"target\":[\"https:\\\/\\\/dianasilver.com\\\/de\\\/termek\\\/zirkonia-armband-im-tennisstil-mit-schwarzer-kordel-verstellbare-groesse-17-4-cm\\\/\"]}]},{\"@type\":\"ImageObject\",\"inLanguage\":\"de\",\"@id\":\"https:\\\/\\\/dianasilver.com\\\/de\\\/termek\\\/zirkonia-armband-im-tennisstil-mit-schwarzer-kordel-verstellbare-groesse-17-4-cm\\\/#primaryimage\",\"url\":\"https:\\\/\\\/dianasilver.com\\\/wp-content\\\/uploads\\\/2025\\\/12\\\/Tenisz-stilusu-cirkonias-karkoto_2.jpg\",\"contentUrl\":\"https:\\\/\\\/dianasilver.com\\\/wp-content\\\/uploads\\\/2025\\\/12\\\/Tenisz-stilusu-cirkonias-karkoto_2.jpg\",\"width\":1340,\"height\":1785},{\"@type\":\"BreadcrumbList\",\"@id\":\"https:\\\/\\\/dianasilver.com\\\/de\\\/termek\\\/zirkonia-armband-im-tennisstil-mit-schwarzer-kordel-verstellbare-groesse-17-4-cm\\\/#breadcrumb\",\"itemListElement\":[{\"@type\":\"ListItem\",\"position\":1,\"name\":\"Kezd\u0151lap\",\"item\":\"https:\\\/\\\/dianasilver.com\\\/de\\\/diana-silver-silberschmuck-webshop\\\/\"},{\"@type\":\"ListItem\",\"position\":2,\"name\":\"Shop\",\"item\":\"https:\\\/\\\/dianasilver.com\\\/de\\\/shop\\\/\"},{\"@type\":\"ListItem\",\"position\":3,\"name\":\"Zirkonia-Armband im Tennisstil mit schwarzer Kordel &#8211; verstellbare Gr\u00f6\u00dfe (17 + 4 cm)\"}]},{\"@type\":\"WebSite\",\"@id\":\"https:\\\/\\\/dianasilver.com\\\/de\\\/#website\",\"url\":\"https:\\\/\\\/dianasilver.com\\\/de\\\/\",\"name\":\"Diana Silver\",\"description\":\"Tedd t\u00f6k\u00e9letesebb\u00e9 mindennapjaid a Diana Silver \u00e9kszereivel.\",\"publisher\":{\"@id\":\"https:\\\/\\\/dianasilver.com\\\/de\\\/#organization\"},\"alternateName\":\"Ez\u00fcst \u00c9kszer Web\u00e1ruh\u00e1z\",\"potentialAction\":[{\"@type\":\"SearchAction\",\"target\":{\"@type\":\"EntryPoint\",\"urlTemplate\":\"https:\\\/\\\/dianasilver.com\\\/de\\\/?s={search_term_string}\"},\"query-input\":{\"@type\":\"PropertyValueSpecification\",\"valueRequired\":true,\"valueName\":\"search_term_string\"}}],\"inLanguage\":\"de\"},{\"@type\":\"Organization\",\"@id\":\"https:\\\/\\\/dianasilver.com\\\/de\\\/#organization\",\"name\":\"Diana Silver\",\"url\":\"https:\\\/\\\/dianasilver.com\\\/de\\\/\",\"logo\":{\"@type\":\"ImageObject\",\"inLanguage\":\"de\",\"@id\":\"https:\\\/\\\/dianasilver.com\\\/de\\\/#\\\/schema\\\/logo\\\/image\\\/\",\"url\":\"https:\\\/\\\/dianasilver.com\\\/wp-content\\\/uploads\\\/2022\\\/08\\\/ezust-feher-1-koves-buttonos-stekkeres-fulbevalo-42.webp\",\"contentUrl\":\"https:\\\/\\\/dianasilver.com\\\/wp-content\\\/uploads\\\/2022\\\/08\\\/ezust-feher-1-koves-buttonos-stekkeres-fulbevalo-42.webp\",\"width\":300,\"height\":154,\"caption\":\"Diana Silver\"},\"image\":{\"@id\":\"https:\\\/\\\/dianasilver.com\\\/de\\\/#\\\/schema\\\/logo\\\/image\\\/\"},\"sameAs\":[\"https:\\\/\\\/www.facebook.com\\\/profile.php?id=100027231325117\"]}]}<\/script>\n<!-- \/ Yoast SEO plugin. -->","yoast_head_json":{"title":"Zirkonia-Armband im Tennisstil mit schwarzer Kordel - verstellbare Gr\u00f6\u00dfe (17 + 4 cm) | Diana Silver","description":"Fedezd fel a leny\u0171g\u00f6z\u0151 Zirkonia-Armband im Tennisstil mit schwarzer Kordel - verstellbare Gr\u00f6\u00dfe (17 + 4 cm) \u00e9kszer\u00fcnket. T\u00f6k\u00e9letes kieg\u00e9sz\u00edt\u0151 mindennapi viselethez \u00e9s k\u00fcl\u00f6nleges alkalmakra egyar\u00e1nt. Rendeld meg most!","robots":{"index":"index","follow":"follow","max-snippet":"max-snippet:-1","max-image-preview":"max-image-preview:large","max-video-preview":"max-video-preview:-1"},"canonical":"https:\/\/dianasilver.com\/de\/termek\/zirkonia-armband-im-tennisstil-mit-schwarzer-kordel-verstellbare-groesse-17-4-cm\/","og_locale":"de_DE","og_type":"article","og_title":"Zirkonia-Armband im Tennisstil mit schwarzer Kordel - verstellbare Gr\u00f6\u00dfe (17 + 4 cm) | Diana Silver","og_description":"Fedezd fel a leny\u0171g\u00f6z\u0151 Zirkonia-Armband im Tennisstil mit schwarzer Kordel - verstellbare Gr\u00f6\u00dfe (17 + 4 cm) \u00e9kszer\u00fcnket. T\u00f6k\u00e9letes kieg\u00e9sz\u00edt\u0151 mindennapi viselethez \u00e9s k\u00fcl\u00f6nleges alkalmakra egyar\u00e1nt. Rendeld meg most!","og_url":"https:\/\/dianasilver.com\/de\/termek\/zirkonia-armband-im-tennisstil-mit-schwarzer-kordel-verstellbare-groesse-17-4-cm\/","og_site_name":"Diana Silver","article_publisher":"https:\/\/www.facebook.com\/profile.php?id=100027231325117","article_modified_time":"2026-04-14T23:41:10+00:00","og_image":[{"width":1340,"height":1785,"url":"https:\/\/dianasilver.com\/wp-content\/uploads\/2025\/12\/Tenisz-stilusu-cirkonias-karkoto_2.jpg","type":"image\/jpeg"}],"twitter_card":"summary_large_image","schema":{"@context":"https:\/\/schema.org","@graph":[{"@type":"WebPage","@id":"https:\/\/dianasilver.com\/de\/termek\/zirkonia-armband-im-tennisstil-mit-schwarzer-kordel-verstellbare-groesse-17-4-cm\/","url":"https:\/\/dianasilver.com\/de\/termek\/zirkonia-armband-im-tennisstil-mit-schwarzer-kordel-verstellbare-groesse-17-4-cm\/","name":"Zirkonia-Armband im Tennisstil mit schwarzer Kordel - verstellbare Gr\u00f6\u00dfe (17 + 4 cm) | Diana Silver","isPartOf":{"@id":"https:\/\/dianasilver.com\/de\/#website"},"primaryImageOfPage":{"@id":"https:\/\/dianasilver.com\/de\/termek\/zirkonia-armband-im-tennisstil-mit-schwarzer-kordel-verstellbare-groesse-17-4-cm\/#primaryimage"},"image":{"@id":"https:\/\/dianasilver.com\/de\/termek\/zirkonia-armband-im-tennisstil-mit-schwarzer-kordel-verstellbare-groesse-17-4-cm\/#primaryimage"},"thumbnailUrl":"https:\/\/dianasilver.com\/wp-content\/uploads\/2025\/12\/Tenisz-stilusu-cirkonias-karkoto_2.jpg","datePublished":"2025-12-07T11:38:44+00:00","dateModified":"2026-04-14T23:41:10+00:00","description":"Fedezd fel a leny\u0171g\u00f6z\u0151 Zirkonia-Armband im Tennisstil mit schwarzer Kordel - verstellbare Gr\u00f6\u00dfe (17 + 4 cm) \u00e9kszer\u00fcnket. T\u00f6k\u00e9letes kieg\u00e9sz\u00edt\u0151 mindennapi viselethez \u00e9s k\u00fcl\u00f6nleges alkalmakra egyar\u00e1nt. Rendeld meg most!","breadcrumb":{"@id":"https:\/\/dianasilver.com\/de\/termek\/zirkonia-armband-im-tennisstil-mit-schwarzer-kordel-verstellbare-groesse-17-4-cm\/#breadcrumb"},"inLanguage":"de","potentialAction":[{"@type":"ReadAction","target":["https:\/\/dianasilver.com\/de\/termek\/zirkonia-armband-im-tennisstil-mit-schwarzer-kordel-verstellbare-groesse-17-4-cm\/"]}]},{"@type":"ImageObject","inLanguage":"de","@id":"https:\/\/dianasilver.com\/de\/termek\/zirkonia-armband-im-tennisstil-mit-schwarzer-kordel-verstellbare-groesse-17-4-cm\/#primaryimage","url":"https:\/\/dianasilver.com\/wp-content\/uploads\/2025\/12\/Tenisz-stilusu-cirkonias-karkoto_2.jpg","contentUrl":"https:\/\/dianasilver.com\/wp-content\/uploads\/2025\/12\/Tenisz-stilusu-cirkonias-karkoto_2.jpg","width":1340,"height":1785},{"@type":"BreadcrumbList","@id":"https:\/\/dianasilver.com\/de\/termek\/zirkonia-armband-im-tennisstil-mit-schwarzer-kordel-verstellbare-groesse-17-4-cm\/#breadcrumb","itemListElement":[{"@type":"ListItem","position":1,"name":"Kezd\u0151lap","item":"https:\/\/dianasilver.com\/de\/diana-silver-silberschmuck-webshop\/"},{"@type":"ListItem","position":2,"name":"Shop","item":"https:\/\/dianasilver.com\/de\/shop\/"},{"@type":"ListItem","position":3,"name":"Zirkonia-Armband im Tennisstil mit schwarzer Kordel &#8211; verstellbare Gr\u00f6\u00dfe (17 + 4 cm)"}]},{"@type":"WebSite","@id":"https:\/\/dianasilver.com\/de\/#website","url":"https:\/\/dianasilver.com\/de\/","name":"Diana Silver","description":"Tedd t\u00f6k\u00e9letesebb\u00e9 mindennapjaid a Diana Silver \u00e9kszereivel.","publisher":{"@id":"https:\/\/dianasilver.com\/de\/#organization"},"alternateName":"Ez\u00fcst \u00c9kszer Web\u00e1ruh\u00e1z","potentialAction":[{"@type":"SearchAction","target":{"@type":"EntryPoint","urlTemplate":"https:\/\/dianasilver.com\/de\/?s={search_term_string}"},"query-input":{"@type":"PropertyValueSpecification","valueRequired":true,"valueName":"search_term_string"}}],"inLanguage":"de"},{"@type":"Organization","@id":"https:\/\/dianasilver.com\/de\/#organization","name":"Diana Silver","url":"https:\/\/dianasilver.com\/de\/","logo":{"@type":"ImageObject","inLanguage":"de","@id":"https:\/\/dianasilver.com\/de\/#\/schema\/logo\/image\/","url":"https:\/\/dianasilver.com\/wp-content\/uploads\/2022\/08\/ezust-feher-1-koves-buttonos-stekkeres-fulbevalo-42.webp","contentUrl":"https:\/\/dianasilver.com\/wp-content\/uploads\/2022\/08\/ezust-feher-1-koves-buttonos-stekkeres-fulbevalo-42.webp","width":300,"height":154,"caption":"Diana Silver"},"image":{"@id":"https:\/\/dianasilver.com\/de\/#\/schema\/logo\/image\/"},"sameAs":["https:\/\/www.facebook.com\/profile.php?id=100027231325117"]}]}},"_links":{"self":[{"href":"https:\/\/dianasilver.com\/de\/wp-json\/wp\/v2\/product\/116964","targetHints":{"allow":["GET"]}}],"collection":[{"href":"https:\/\/dianasilver.com\/de\/wp-json\/wp\/v2\/product"}],"about":[{"href":"https:\/\/dianasilver.com\/de\/wp-json\/wp\/v2\/types\/product"}],"version-history":[{"count":0,"href":"https:\/\/dianasilver.com\/de\/wp-json\/wp\/v2\/product\/116964\/revisions"}],"wp:featuredmedia":[{"embeddable":true,"href":"https:\/\/dianasilver.com\/de\/wp-json\/wp\/v2\/media\/116819"}],"wp:attachment":[{"href":"https:\/\/dianasilver.com\/de\/wp-json\/wp\/v2\/media?parent=116964"}],"wp:term":[{"taxonomy":"product_brand","embeddable":true,"href":"https:\/\/dianasilver.com\/de\/wp-json\/wp\/v2\/product_brand?post=116964"},{"taxonomy":"product_cat","embeddable":true,"href":"https:\/\/dianasilver.com\/de\/wp-json\/wp\/v2\/product_cat?post=116964"},{"taxonomy":"product_tag","embeddable":true,"href":"https:\/\/dianasilver.com\/de\/wp-json\/wp\/v2\/product_tag?post=116964"}],"curies":[{"name":"wp","href":"https:\/\/api.w.org\/{rel}","templated":true}]}}