{"id":116953,"date":"2025-12-05T14:36:56","date_gmt":"2025-12-05T13:36:56","guid":{"rendered":"https:\/\/dianasilver.com\/termek\/engelohrringe-mit-herz-ag-925-silber-rhodiniert\/"},"modified":"2026-03-10T00:21:35","modified_gmt":"2026-03-09T23:21:35","slug":"engelohrringe-mit-herz-ag-925-silber-rhodiniert","status":"publish","type":"product","link":"https:\/\/dianasilver.com\/de\/termek\/engelohrringe-mit-herz-ag-925-silber-rhodiniert\/","title":{"rendered":"Engelohrringe mit Herz &#8211; AG 925 Sterlingsilber, rhodiniert"},"content":{"rendered":"<h2 data-start=\"260\" data-end=\"318\"><strong data-start=\"263\" data-end=\"318\">Engel-Ohrringe mit Herz &#8211; eine subtile Botschaft der Liebe<\/strong><\/h2>\n<h3 data-start=\"320\" data-end=\"351\">Was symbolisiert diese Form?<\/h3>\n<ul data-start=\"352\" data-end=\"572\">\n<li data-start=\"352\" data-end=\"417\">\n<p data-start=\"354\" data-end=\"417\">Der Engel ist ein Symbol f\u00fcr <strong data-start=\"366\" data-end=\"377\">Schutz<\/strong>, F\u00fcrsorge und Liebe.<\/p>\n<\/li>\n<li data-start=\"418\" data-end=\"506\">\n<p data-start=\"420\" data-end=\"506\">Ein Herz in der Hand dr\u00fcckt <strong data-start=\"444\" data-end=\"456\">F\u00fcrsorge<\/strong>, Verbundenheit und emotionale N\u00e4he aus.<\/p>\n<\/li>\n<li data-start=\"507\" data-end=\"572\">\n<p data-start=\"509\" data-end=\"572\">Die schimmernden Zirkone evozieren <strong data-start=\"532\" data-end=\"560\">Hoffnung und inneres Licht<\/strong>.<\/p>\n<\/li>\n<\/ul>\n<h3 data-start=\"574\" data-end=\"592\">Warum w\u00e4hlen Sie es?<\/h3>\n<ul data-start=\"593\" data-end=\"987\">\n<li data-start=\"593\" data-end=\"675\">\n<p data-start=\"595\" data-end=\"675\"><strong data-start=\"595\" data-end=\"611\">AG 925 Silber<\/strong> mit Rhodium-Beschichtung f\u00fcr lang anhaltenden Glanz und Haltbarkeit.<\/p>\n<\/li>\n<li data-start=\"676\" data-end=\"771\">\n<p data-start=\"678\" data-end=\"771\">Feine, detaillierte Verarbeitung &#8211; ein Feenmotiv, das sofort ins Auge sticht.<\/p>\n<\/li>\n<li data-start=\"772\" data-end=\"850\">\n<p data-start=\"774\" data-end=\"850\"><strong data-start=\"774\" data-end=\"794\">Stekeres-Verschluss<\/strong> f\u00fcr leichtes, sicheres Tragen den ganzen Tag lang.<\/p>\n<\/li>\n<li data-start=\"851\" data-end=\"936\">\n<p data-start=\"853\" data-end=\"936\">Das perfekte Geschenk f\u00fcr Ihre Liebsten &#8211; mit besonderer Bedeutung und sch\u00f6ner Symbolik.<\/p>\n<\/li>\n<li data-start=\"937\" data-end=\"987\">\n<p data-start=\"939\" data-end=\"987\">Es kann auch elegant mit anderem Silberschmuck kombiniert werden.<\/p>\n<\/li>\n<\/ul>\n<p data-start=\"989\" data-end=\"1082\" data-is-last-node=\"\" data-is-only-node=\"\">Dieser charmante Engelsohrring erinnert Sie t\u00e4glich an Liebe und positive Energie. \ud83e\udd0d\u2728<\/p>\n","protected":false},"excerpt":{"rendered":"<p>\ud83e\udd0d Ein zartes, liebevolles Schmuckst\u00fcck, bei dem der Engel ein kleines Herz in der Hand h\u00e4lt. Das mit Zirkonia verzierte Kleid und die verspiegelte Oberfl\u00e4che verleihen Ihrem Gesicht einen zarten und doch strahlenden Ausdruck. \u2728<\/p>\n","protected":false},"featured_media":117320,"template":"","meta":{"_acf_changed":false},"product_brand":[],"product_cat":[573],"product_tag":[527,650,576,639],"class_list":{"0":"post-116953","1":"product","2":"type-product","3":"status-publish","4":"has-post-thumbnail","6":"product_cat-silberne-ohrringe","7":"product_tag-silberschmuck-fur-damen","8":"product_tag-kinder-silberschmuck","9":"product_tag-spirituell","10":"product_tag-weihnachten","11":"description-off","13":"first","14":"instock","15":"sale","16":"taxable","17":"shipping-taxable","18":"purchasable","19":"product-type-simple"},"acf":[],"yoast_head":"<!-- This site is optimized with the Yoast SEO plugin v27.4 - https:\/\/yoast.com\/product\/yoast-seo-wordpress\/ -->\n<title>Engelohrringe mit Herz - AG 925 Sterlingsilber, rhodiniert | Diana Silver<\/title>\n<meta name=\"description\" content=\"Fedezd fel a leny\u0171g\u00f6z\u0151 Engelohrringe mit Herz - AG 925 Sterlingsilber, rhodiniert \u00e9kszer\u00fcnket. T\u00f6k\u00e9letes kieg\u00e9sz\u00edt\u0151 mindennapi viselethez \u00e9s k\u00fcl\u00f6nleges alkalmakra egyar\u00e1nt. Rendeld meg most!\" \/>\n<meta name=\"robots\" content=\"index, follow, max-snippet:-1, max-image-preview:large, max-video-preview:-1\" \/>\n<link rel=\"canonical\" href=\"https:\/\/dianasilver.com\/de\/termek\/engelohrringe-mit-herz-ag-925-silber-rhodiniert\/\" \/>\n<meta property=\"og:locale\" content=\"de_DE\" \/>\n<meta property=\"og:type\" content=\"article\" \/>\n<meta property=\"og:title\" content=\"Engelohrringe mit Herz - AG 925 Sterlingsilber, rhodiniert | Diana Silver\" \/>\n<meta property=\"og:description\" content=\"Fedezd fel a leny\u0171g\u00f6z\u0151 Engelohrringe mit Herz - AG 925 Sterlingsilber, rhodiniert \u00e9kszer\u00fcnket. T\u00f6k\u00e9letes kieg\u00e9sz\u00edt\u0151 mindennapi viselethez \u00e9s k\u00fcl\u00f6nleges alkalmakra egyar\u00e1nt. Rendeld meg most!\" \/>\n<meta property=\"og:url\" content=\"https:\/\/dianasilver.com\/de\/termek\/engelohrringe-mit-herz-ag-925-silber-rhodiniert\/\" \/>\n<meta property=\"og:site_name\" content=\"Diana Silver\" \/>\n<meta property=\"article:publisher\" content=\"https:\/\/www.facebook.com\/profile.php?id=100027231325117\" \/>\n<meta property=\"article:modified_time\" content=\"2026-03-09T23:21:35+00:00\" \/>\n<meta property=\"og:image\" content=\"https:\/\/dianasilver.com\/wp-content\/uploads\/2025\/12\/Angyal-fulbevalo-szivvel_2-1.jpg\" \/>\n\t<meta property=\"og:image:width\" content=\"1340\" \/>\n\t<meta property=\"og:image:height\" content=\"1785\" \/>\n\t<meta property=\"og:image:type\" content=\"image\/jpeg\" \/>\n<meta name=\"twitter:card\" content=\"summary_large_image\" \/>\n<meta name=\"twitter:label1\" content=\"Gesch\u00e4tzte Lesezeit\" \/>\n\t<meta name=\"twitter:data1\" content=\"1\u00a0Minute\" \/>\n<script type=\"application\/ld+json\" class=\"yoast-schema-graph\">{\"@context\":\"https:\\\/\\\/schema.org\",\"@graph\":[{\"@type\":\"WebPage\",\"@id\":\"https:\\\/\\\/dianasilver.com\\\/de\\\/termek\\\/engelohrringe-mit-herz-ag-925-silber-rhodiniert\\\/\",\"url\":\"https:\\\/\\\/dianasilver.com\\\/de\\\/termek\\\/engelohrringe-mit-herz-ag-925-silber-rhodiniert\\\/\",\"name\":\"Engelohrringe mit Herz - AG 925 Sterlingsilber, rhodiniert | Diana Silver\",\"isPartOf\":{\"@id\":\"https:\\\/\\\/dianasilver.com\\\/de\\\/#website\"},\"primaryImageOfPage\":{\"@id\":\"https:\\\/\\\/dianasilver.com\\\/de\\\/termek\\\/engelohrringe-mit-herz-ag-925-silber-rhodiniert\\\/#primaryimage\"},\"image\":{\"@id\":\"https:\\\/\\\/dianasilver.com\\\/de\\\/termek\\\/engelohrringe-mit-herz-ag-925-silber-rhodiniert\\\/#primaryimage\"},\"thumbnailUrl\":\"https:\\\/\\\/dianasilver.com\\\/wp-content\\\/uploads\\\/2025\\\/12\\\/Angyal-fulbevalo-szivvel_2-1.jpg\",\"datePublished\":\"2025-12-05T13:36:56+00:00\",\"dateModified\":\"2026-03-09T23:21:35+00:00\",\"description\":\"Fedezd fel a leny\u0171g\u00f6z\u0151 Engelohrringe mit Herz - AG 925 Sterlingsilber, rhodiniert \u00e9kszer\u00fcnket. T\u00f6k\u00e9letes kieg\u00e9sz\u00edt\u0151 mindennapi viselethez \u00e9s k\u00fcl\u00f6nleges alkalmakra egyar\u00e1nt. Rendeld meg most!\",\"breadcrumb\":{\"@id\":\"https:\\\/\\\/dianasilver.com\\\/de\\\/termek\\\/engelohrringe-mit-herz-ag-925-silber-rhodiniert\\\/#breadcrumb\"},\"inLanguage\":\"de\",\"potentialAction\":[{\"@type\":\"ReadAction\",\"target\":[\"https:\\\/\\\/dianasilver.com\\\/de\\\/termek\\\/engelohrringe-mit-herz-ag-925-silber-rhodiniert\\\/\"]}]},{\"@type\":\"ImageObject\",\"inLanguage\":\"de\",\"@id\":\"https:\\\/\\\/dianasilver.com\\\/de\\\/termek\\\/engelohrringe-mit-herz-ag-925-silber-rhodiniert\\\/#primaryimage\",\"url\":\"https:\\\/\\\/dianasilver.com\\\/wp-content\\\/uploads\\\/2025\\\/12\\\/Angyal-fulbevalo-szivvel_2-1.jpg\",\"contentUrl\":\"https:\\\/\\\/dianasilver.com\\\/wp-content\\\/uploads\\\/2025\\\/12\\\/Angyal-fulbevalo-szivvel_2-1.jpg\",\"width\":1340,\"height\":1785},{\"@type\":\"BreadcrumbList\",\"@id\":\"https:\\\/\\\/dianasilver.com\\\/de\\\/termek\\\/engelohrringe-mit-herz-ag-925-silber-rhodiniert\\\/#breadcrumb\",\"itemListElement\":[{\"@type\":\"ListItem\",\"position\":1,\"name\":\"Kezd\u0151lap\",\"item\":\"https:\\\/\\\/dianasilver.com\\\/de\\\/diana-silver-silberschmuck-webshop\\\/\"},{\"@type\":\"ListItem\",\"position\":2,\"name\":\"Shop\",\"item\":\"https:\\\/\\\/dianasilver.com\\\/de\\\/shop\\\/\"},{\"@type\":\"ListItem\",\"position\":3,\"name\":\"Engelohrringe mit Herz &#8211; AG 925 Sterlingsilber, rhodiniert\"}]},{\"@type\":\"WebSite\",\"@id\":\"https:\\\/\\\/dianasilver.com\\\/de\\\/#website\",\"url\":\"https:\\\/\\\/dianasilver.com\\\/de\\\/\",\"name\":\"Diana Silver\",\"description\":\"Tedd t\u00f6k\u00e9letesebb\u00e9 mindennapjaid a Diana Silver \u00e9kszereivel.\",\"publisher\":{\"@id\":\"https:\\\/\\\/dianasilver.com\\\/de\\\/#organization\"},\"alternateName\":\"Ez\u00fcst \u00c9kszer Web\u00e1ruh\u00e1z\",\"potentialAction\":[{\"@type\":\"SearchAction\",\"target\":{\"@type\":\"EntryPoint\",\"urlTemplate\":\"https:\\\/\\\/dianasilver.com\\\/de\\\/?s={search_term_string}\"},\"query-input\":{\"@type\":\"PropertyValueSpecification\",\"valueRequired\":true,\"valueName\":\"search_term_string\"}}],\"inLanguage\":\"de\"},{\"@type\":\"Organization\",\"@id\":\"https:\\\/\\\/dianasilver.com\\\/de\\\/#organization\",\"name\":\"Diana Silver\",\"url\":\"https:\\\/\\\/dianasilver.com\\\/de\\\/\",\"logo\":{\"@type\":\"ImageObject\",\"inLanguage\":\"de\",\"@id\":\"https:\\\/\\\/dianasilver.com\\\/de\\\/#\\\/schema\\\/logo\\\/image\\\/\",\"url\":\"https:\\\/\\\/dianasilver.com\\\/wp-content\\\/uploads\\\/2022\\\/08\\\/ezust-feher-1-koves-buttonos-stekkeres-fulbevalo-42.webp\",\"contentUrl\":\"https:\\\/\\\/dianasilver.com\\\/wp-content\\\/uploads\\\/2022\\\/08\\\/ezust-feher-1-koves-buttonos-stekkeres-fulbevalo-42.webp\",\"width\":300,\"height\":154,\"caption\":\"Diana Silver\"},\"image\":{\"@id\":\"https:\\\/\\\/dianasilver.com\\\/de\\\/#\\\/schema\\\/logo\\\/image\\\/\"},\"sameAs\":[\"https:\\\/\\\/www.facebook.com\\\/profile.php?id=100027231325117\"]}]}<\/script>\n<!-- \/ Yoast SEO plugin. -->","yoast_head_json":{"title":"Engelohrringe mit Herz - AG 925 Sterlingsilber, rhodiniert | Diana Silver","description":"Fedezd fel a leny\u0171g\u00f6z\u0151 Engelohrringe mit Herz - AG 925 Sterlingsilber, rhodiniert \u00e9kszer\u00fcnket. T\u00f6k\u00e9letes kieg\u00e9sz\u00edt\u0151 mindennapi viselethez \u00e9s k\u00fcl\u00f6nleges alkalmakra egyar\u00e1nt. Rendeld meg most!","robots":{"index":"index","follow":"follow","max-snippet":"max-snippet:-1","max-image-preview":"max-image-preview:large","max-video-preview":"max-video-preview:-1"},"canonical":"https:\/\/dianasilver.com\/de\/termek\/engelohrringe-mit-herz-ag-925-silber-rhodiniert\/","og_locale":"de_DE","og_type":"article","og_title":"Engelohrringe mit Herz - AG 925 Sterlingsilber, rhodiniert | Diana Silver","og_description":"Fedezd fel a leny\u0171g\u00f6z\u0151 Engelohrringe mit Herz - AG 925 Sterlingsilber, rhodiniert \u00e9kszer\u00fcnket. T\u00f6k\u00e9letes kieg\u00e9sz\u00edt\u0151 mindennapi viselethez \u00e9s k\u00fcl\u00f6nleges alkalmakra egyar\u00e1nt. Rendeld meg most!","og_url":"https:\/\/dianasilver.com\/de\/termek\/engelohrringe-mit-herz-ag-925-silber-rhodiniert\/","og_site_name":"Diana Silver","article_publisher":"https:\/\/www.facebook.com\/profile.php?id=100027231325117","article_modified_time":"2026-03-09T23:21:35+00:00","og_image":[{"width":1340,"height":1785,"url":"https:\/\/dianasilver.com\/wp-content\/uploads\/2025\/12\/Angyal-fulbevalo-szivvel_2-1.jpg","type":"image\/jpeg"}],"twitter_card":"summary_large_image","twitter_misc":{"Gesch\u00e4tzte Lesezeit":"1\u00a0Minute"},"schema":{"@context":"https:\/\/schema.org","@graph":[{"@type":"WebPage","@id":"https:\/\/dianasilver.com\/de\/termek\/engelohrringe-mit-herz-ag-925-silber-rhodiniert\/","url":"https:\/\/dianasilver.com\/de\/termek\/engelohrringe-mit-herz-ag-925-silber-rhodiniert\/","name":"Engelohrringe mit Herz - AG 925 Sterlingsilber, rhodiniert | Diana Silver","isPartOf":{"@id":"https:\/\/dianasilver.com\/de\/#website"},"primaryImageOfPage":{"@id":"https:\/\/dianasilver.com\/de\/termek\/engelohrringe-mit-herz-ag-925-silber-rhodiniert\/#primaryimage"},"image":{"@id":"https:\/\/dianasilver.com\/de\/termek\/engelohrringe-mit-herz-ag-925-silber-rhodiniert\/#primaryimage"},"thumbnailUrl":"https:\/\/dianasilver.com\/wp-content\/uploads\/2025\/12\/Angyal-fulbevalo-szivvel_2-1.jpg","datePublished":"2025-12-05T13:36:56+00:00","dateModified":"2026-03-09T23:21:35+00:00","description":"Fedezd fel a leny\u0171g\u00f6z\u0151 Engelohrringe mit Herz - AG 925 Sterlingsilber, rhodiniert \u00e9kszer\u00fcnket. T\u00f6k\u00e9letes kieg\u00e9sz\u00edt\u0151 mindennapi viselethez \u00e9s k\u00fcl\u00f6nleges alkalmakra egyar\u00e1nt. Rendeld meg most!","breadcrumb":{"@id":"https:\/\/dianasilver.com\/de\/termek\/engelohrringe-mit-herz-ag-925-silber-rhodiniert\/#breadcrumb"},"inLanguage":"de","potentialAction":[{"@type":"ReadAction","target":["https:\/\/dianasilver.com\/de\/termek\/engelohrringe-mit-herz-ag-925-silber-rhodiniert\/"]}]},{"@type":"ImageObject","inLanguage":"de","@id":"https:\/\/dianasilver.com\/de\/termek\/engelohrringe-mit-herz-ag-925-silber-rhodiniert\/#primaryimage","url":"https:\/\/dianasilver.com\/wp-content\/uploads\/2025\/12\/Angyal-fulbevalo-szivvel_2-1.jpg","contentUrl":"https:\/\/dianasilver.com\/wp-content\/uploads\/2025\/12\/Angyal-fulbevalo-szivvel_2-1.jpg","width":1340,"height":1785},{"@type":"BreadcrumbList","@id":"https:\/\/dianasilver.com\/de\/termek\/engelohrringe-mit-herz-ag-925-silber-rhodiniert\/#breadcrumb","itemListElement":[{"@type":"ListItem","position":1,"name":"Kezd\u0151lap","item":"https:\/\/dianasilver.com\/de\/diana-silver-silberschmuck-webshop\/"},{"@type":"ListItem","position":2,"name":"Shop","item":"https:\/\/dianasilver.com\/de\/shop\/"},{"@type":"ListItem","position":3,"name":"Engelohrringe mit Herz &#8211; AG 925 Sterlingsilber, rhodiniert"}]},{"@type":"WebSite","@id":"https:\/\/dianasilver.com\/de\/#website","url":"https:\/\/dianasilver.com\/de\/","name":"Diana Silver","description":"Tedd t\u00f6k\u00e9letesebb\u00e9 mindennapjaid a Diana Silver \u00e9kszereivel.","publisher":{"@id":"https:\/\/dianasilver.com\/de\/#organization"},"alternateName":"Ez\u00fcst \u00c9kszer Web\u00e1ruh\u00e1z","potentialAction":[{"@type":"SearchAction","target":{"@type":"EntryPoint","urlTemplate":"https:\/\/dianasilver.com\/de\/?s={search_term_string}"},"query-input":{"@type":"PropertyValueSpecification","valueRequired":true,"valueName":"search_term_string"}}],"inLanguage":"de"},{"@type":"Organization","@id":"https:\/\/dianasilver.com\/de\/#organization","name":"Diana Silver","url":"https:\/\/dianasilver.com\/de\/","logo":{"@type":"ImageObject","inLanguage":"de","@id":"https:\/\/dianasilver.com\/de\/#\/schema\/logo\/image\/","url":"https:\/\/dianasilver.com\/wp-content\/uploads\/2022\/08\/ezust-feher-1-koves-buttonos-stekkeres-fulbevalo-42.webp","contentUrl":"https:\/\/dianasilver.com\/wp-content\/uploads\/2022\/08\/ezust-feher-1-koves-buttonos-stekkeres-fulbevalo-42.webp","width":300,"height":154,"caption":"Diana Silver"},"image":{"@id":"https:\/\/dianasilver.com\/de\/#\/schema\/logo\/image\/"},"sameAs":["https:\/\/www.facebook.com\/profile.php?id=100027231325117"]}]}},"_links":{"self":[{"href":"https:\/\/dianasilver.com\/de\/wp-json\/wp\/v2\/product\/116953","targetHints":{"allow":["GET"]}}],"collection":[{"href":"https:\/\/dianasilver.com\/de\/wp-json\/wp\/v2\/product"}],"about":[{"href":"https:\/\/dianasilver.com\/de\/wp-json\/wp\/v2\/types\/product"}],"version-history":[{"count":0,"href":"https:\/\/dianasilver.com\/de\/wp-json\/wp\/v2\/product\/116953\/revisions"}],"wp:featuredmedia":[{"embeddable":true,"href":"https:\/\/dianasilver.com\/de\/wp-json\/wp\/v2\/media\/117320"}],"wp:attachment":[{"href":"https:\/\/dianasilver.com\/de\/wp-json\/wp\/v2\/media?parent=116953"}],"wp:term":[{"taxonomy":"product_brand","embeddable":true,"href":"https:\/\/dianasilver.com\/de\/wp-json\/wp\/v2\/product_brand?post=116953"},{"taxonomy":"product_cat","embeddable":true,"href":"https:\/\/dianasilver.com\/de\/wp-json\/wp\/v2\/product_cat?post=116953"},{"taxonomy":"product_tag","embeddable":true,"href":"https:\/\/dianasilver.com\/de\/wp-json\/wp\/v2\/product_tag?post=116953"}],"curies":[{"name":"wp","href":"https:\/\/api.w.org\/{rel}","templated":true}]}}