{"id":116936,"date":"2025-12-07T11:56:45","date_gmt":"2025-12-07T10:56:45","guid":{"rendered":"https:\/\/dianasilver.com\/termek\/quadratisches-schmuckset-mit-dunkelblauem-opal-ag-925-sterlingsilber-rhodiniert-ohne-kette\/"},"modified":"2026-03-10T00:21:46","modified_gmt":"2026-03-09T23:21:46","slug":"quadratisches-schmuckset-mit-dunkelblauem-opal-ag-925-sterlingsilber-rhodiniert-ohne-kette","status":"publish","type":"product","link":"https:\/\/dianasilver.com\/de\/termek\/quadratisches-schmuckset-mit-dunkelblauem-opal-ag-925-sterlingsilber-rhodiniert-ohne-kette\/","title":{"rendered":"Quadratisches Schmuckset mit dunkelblauem Opal &#8211; AG 925 Sterlingsilber, rhodiniert (ohne Kette)"},"content":{"rendered":"<h2 data-start=\"350\" data-end=\"441\"><strong data-start=\"353\" data-end=\"441\">Square Opal Jeweled &#8211; Modernes Funkeln mit den Tiefen des Meeres (ohne Kette)<\/strong><\/h2>\n<h3 data-start=\"443\" data-end=\"471\">Was symbolisiert der Opal?<\/h3>\n<ul data-start=\"472\" data-end=\"684\">\n<li data-start=\"472\" data-end=\"542\">\n<p data-start=\"474\" data-end=\"542\"><strong data-start=\"476\" data-end=\"492\">Kreativit\u00e4t<\/strong>, eine F\u00fclle von Emotionen und die Kraft der Intuition.<\/p>\n<\/li>\n<li data-start=\"543\" data-end=\"613\">\n<p data-start=\"545\" data-end=\"613\">Die Farbe Blau erinnert an <strong data-start=\"558\" data-end=\"600\">Ruhe, Frische und Reinheit<\/strong>.<\/p>\n<\/li>\n<li data-start=\"614\" data-end=\"684\">\n<p data-start=\"616\" data-end=\"684\">Das Spiel des Lichts unterstreicht <strong data-start=\"631\" data-end=\"670\">Ihre Einzigartigkeit und Ihre innere Ausstrahlung<\/strong>.<\/p>\n<\/li>\n<\/ul>\n<h3 data-start=\"686\" data-end=\"704\">Warum w\u00e4hlen Sie es?<\/h3>\n<ul data-start=\"705\" data-end=\"1131\">\n<li data-start=\"705\" data-end=\"795\">\n<p data-start=\"707\" data-end=\"795\"><strong data-start=\"707\" data-end=\"723\">AG 925 Silber<\/strong>, rhodiniert f\u00fcr einen modernen, dauerhaften Glanz und Verschlei\u00dffestigkeit.<\/p>\n<\/li>\n<li data-start=\"796\" data-end=\"883\">\n<p data-start=\"798\" data-end=\"883\">Ein zentraler, schillernder <strong data-start=\"816\" data-end=\"836\">synthetischer Opal<\/strong>, der ein tiefes und intensives Blau ausstrahlt.<\/p>\n<\/li>\n<li data-start=\"884\" data-end=\"962\">\n<p data-start=\"886\" data-end=\"962\">Ein zart gemusterter Silberrahmen verleiht dem Schmuckst\u00fcck einen besonderen Charakter.<\/p>\n<\/li>\n<li data-start=\"963\" data-end=\"1037\">\n<p data-start=\"965\" data-end=\"1037\"><strong data-start=\"965\" data-end=\"987\">Stekeres Ohrringe<\/strong>, leicht und bequem zu tragen f\u00fcr alle Gelegenheiten.<\/p>\n<\/li>\n<li data-start=\"1038\" data-end=\"1131\">\n<p data-start=\"1040\" data-end=\"1131\">Ein klares und doch markantes Design &#8211; perfekt, wenn Sie sich von der Masse abheben wollen.<\/p>\n<\/li>\n<\/ul>\n<p data-start=\"1133\" data-end=\"1261\" data-is-last-node=\"\" data-is-only-node=\"\">Dieses quadratische Opal-Set bringt ein frisches, modernes Funkeln in den Alltag &#8211; ein einzigartiges Schmuckst\u00fcck, mit dem Sie auffallen werden. \ud83d\udc99\u2728<\/p>\n","protected":false},"excerpt":{"rendered":"<p>\ud83d\udc99 Ein moderner quadratischer Opal mit einem intensiven Blauton, der sofort ins Auge f\u00e4llt. Der Anh\u00e4nger und die Stekeres-Ohrringe sind zart mit wundersch\u00f6n schillerndem Opal umrahmt, was einen besonders eleganten und auff\u00e4lligen Look ergibt. \u2728<\/p>\n","protected":false},"featured_media":116735,"template":"","meta":{"_acf_changed":false},"product_brand":[],"product_cat":[526],"product_tag":[527,634],"class_list":{"0":"post-116936","1":"product","2":"type-product","3":"status-publish","4":"has-post-thumbnail","6":"product_cat-silberschmuck-set","7":"product_tag-silberschmuck-fur-damen","8":"product_tag-farbenfroh","9":"description-off","11":"first","12":"instock","13":"taxable","14":"shipping-taxable","15":"purchasable","16":"product-type-simple"},"acf":[],"yoast_head":"<!-- This site is optimized with the Yoast SEO plugin v27.4 - https:\/\/yoast.com\/product\/yoast-seo-wordpress\/ -->\n<title>Quadratisches Schmuckset mit dunkelblauem Opal - AG 925 Sterlingsilber, rhodiniert (ohne Kette) | Diana Silver<\/title>\n<meta name=\"description\" content=\"Fedezd fel a leny\u0171g\u00f6z\u0151 Quadratisches Schmuckset mit dunkelblauem Opal - AG 925 Sterlingsilber, rhodiniert (ohne Kette) \u00e9kszer\u00fcnket. T\u00f6k\u00e9letes kieg\u00e9sz\u00edt\u0151 mindennapi viselethez \u00e9s k\u00fcl\u00f6nleges alkalmakra egyar\u00e1nt. Rendeld meg most!\" \/>\n<meta name=\"robots\" content=\"index, follow, max-snippet:-1, max-image-preview:large, max-video-preview:-1\" \/>\n<link rel=\"canonical\" href=\"https:\/\/dianasilver.com\/de\/termek\/quadratisches-schmuckset-mit-dunkelblauem-opal-ag-925-sterlingsilber-rhodiniert-ohne-kette\/\" \/>\n<meta property=\"og:locale\" content=\"de_DE\" \/>\n<meta property=\"og:type\" content=\"article\" \/>\n<meta property=\"og:title\" content=\"Quadratisches Schmuckset mit dunkelblauem Opal - AG 925 Sterlingsilber, rhodiniert (ohne Kette) | Diana Silver\" \/>\n<meta property=\"og:description\" content=\"Fedezd fel a leny\u0171g\u00f6z\u0151 Quadratisches Schmuckset mit dunkelblauem Opal - AG 925 Sterlingsilber, rhodiniert (ohne Kette) \u00e9kszer\u00fcnket. T\u00f6k\u00e9letes kieg\u00e9sz\u00edt\u0151 mindennapi viselethez \u00e9s k\u00fcl\u00f6nleges alkalmakra egyar\u00e1nt. Rendeld meg most!\" \/>\n<meta property=\"og:url\" content=\"https:\/\/dianasilver.com\/de\/termek\/quadratisches-schmuckset-mit-dunkelblauem-opal-ag-925-sterlingsilber-rhodiniert-ohne-kette\/\" \/>\n<meta property=\"og:site_name\" content=\"Diana Silver\" \/>\n<meta property=\"article:publisher\" content=\"https:\/\/www.facebook.com\/profile.php?id=100027231325117\" \/>\n<meta property=\"article:modified_time\" content=\"2026-03-09T23:21:46+00:00\" \/>\n<meta property=\"og:image\" content=\"https:\/\/dianasilver.com\/wp-content\/uploads\/2025\/12\/Negyzet-alaku-opal-ekszerszett_4.jpg\" \/>\n\t<meta property=\"og:image:width\" content=\"1340\" \/>\n\t<meta property=\"og:image:height\" content=\"1785\" \/>\n\t<meta property=\"og:image:type\" content=\"image\/jpeg\" \/>\n<meta name=\"twitter:card\" content=\"summary_large_image\" \/>\n<meta name=\"twitter:label1\" content=\"Gesch\u00e4tzte Lesezeit\" \/>\n\t<meta name=\"twitter:data1\" content=\"1\u00a0Minute\" \/>\n<script type=\"application\/ld+json\" class=\"yoast-schema-graph\">{\"@context\":\"https:\\\/\\\/schema.org\",\"@graph\":[{\"@type\":\"WebPage\",\"@id\":\"https:\\\/\\\/dianasilver.com\\\/de\\\/termek\\\/quadratisches-schmuckset-mit-dunkelblauem-opal-ag-925-sterlingsilber-rhodiniert-ohne-kette\\\/\",\"url\":\"https:\\\/\\\/dianasilver.com\\\/de\\\/termek\\\/quadratisches-schmuckset-mit-dunkelblauem-opal-ag-925-sterlingsilber-rhodiniert-ohne-kette\\\/\",\"name\":\"Quadratisches Schmuckset mit dunkelblauem Opal - AG 925 Sterlingsilber, rhodiniert (ohne Kette) | Diana Silver\",\"isPartOf\":{\"@id\":\"https:\\\/\\\/dianasilver.com\\\/de\\\/#website\"},\"primaryImageOfPage\":{\"@id\":\"https:\\\/\\\/dianasilver.com\\\/de\\\/termek\\\/quadratisches-schmuckset-mit-dunkelblauem-opal-ag-925-sterlingsilber-rhodiniert-ohne-kette\\\/#primaryimage\"},\"image\":{\"@id\":\"https:\\\/\\\/dianasilver.com\\\/de\\\/termek\\\/quadratisches-schmuckset-mit-dunkelblauem-opal-ag-925-sterlingsilber-rhodiniert-ohne-kette\\\/#primaryimage\"},\"thumbnailUrl\":\"https:\\\/\\\/dianasilver.com\\\/wp-content\\\/uploads\\\/2025\\\/12\\\/Negyzet-alaku-opal-ekszerszett_4.jpg\",\"datePublished\":\"2025-12-07T10:56:45+00:00\",\"dateModified\":\"2026-03-09T23:21:46+00:00\",\"description\":\"Fedezd fel a leny\u0171g\u00f6z\u0151 Quadratisches Schmuckset mit dunkelblauem Opal - AG 925 Sterlingsilber, rhodiniert (ohne Kette) \u00e9kszer\u00fcnket. T\u00f6k\u00e9letes kieg\u00e9sz\u00edt\u0151 mindennapi viselethez \u00e9s k\u00fcl\u00f6nleges alkalmakra egyar\u00e1nt. Rendeld meg most!\",\"breadcrumb\":{\"@id\":\"https:\\\/\\\/dianasilver.com\\\/de\\\/termek\\\/quadratisches-schmuckset-mit-dunkelblauem-opal-ag-925-sterlingsilber-rhodiniert-ohne-kette\\\/#breadcrumb\"},\"inLanguage\":\"de\",\"potentialAction\":[{\"@type\":\"ReadAction\",\"target\":[\"https:\\\/\\\/dianasilver.com\\\/de\\\/termek\\\/quadratisches-schmuckset-mit-dunkelblauem-opal-ag-925-sterlingsilber-rhodiniert-ohne-kette\\\/\"]}]},{\"@type\":\"ImageObject\",\"inLanguage\":\"de\",\"@id\":\"https:\\\/\\\/dianasilver.com\\\/de\\\/termek\\\/quadratisches-schmuckset-mit-dunkelblauem-opal-ag-925-sterlingsilber-rhodiniert-ohne-kette\\\/#primaryimage\",\"url\":\"https:\\\/\\\/dianasilver.com\\\/wp-content\\\/uploads\\\/2025\\\/12\\\/Negyzet-alaku-opal-ekszerszett_4.jpg\",\"contentUrl\":\"https:\\\/\\\/dianasilver.com\\\/wp-content\\\/uploads\\\/2025\\\/12\\\/Negyzet-alaku-opal-ekszerszett_4.jpg\",\"width\":1340,\"height\":1785},{\"@type\":\"BreadcrumbList\",\"@id\":\"https:\\\/\\\/dianasilver.com\\\/de\\\/termek\\\/quadratisches-schmuckset-mit-dunkelblauem-opal-ag-925-sterlingsilber-rhodiniert-ohne-kette\\\/#breadcrumb\",\"itemListElement\":[{\"@type\":\"ListItem\",\"position\":1,\"name\":\"Kezd\u0151lap\",\"item\":\"https:\\\/\\\/dianasilver.com\\\/de\\\/diana-silver-silberschmuck-webshop\\\/\"},{\"@type\":\"ListItem\",\"position\":2,\"name\":\"Shop\",\"item\":\"https:\\\/\\\/dianasilver.com\\\/de\\\/shop\\\/\"},{\"@type\":\"ListItem\",\"position\":3,\"name\":\"Quadratisches Schmuckset mit dunkelblauem Opal &#8211; AG 925 Sterlingsilber, rhodiniert (ohne Kette)\"}]},{\"@type\":\"WebSite\",\"@id\":\"https:\\\/\\\/dianasilver.com\\\/de\\\/#website\",\"url\":\"https:\\\/\\\/dianasilver.com\\\/de\\\/\",\"name\":\"Diana Silver\",\"description\":\"Tedd t\u00f6k\u00e9letesebb\u00e9 mindennapjaid a Diana Silver \u00e9kszereivel.\",\"publisher\":{\"@id\":\"https:\\\/\\\/dianasilver.com\\\/de\\\/#organization\"},\"alternateName\":\"Ez\u00fcst \u00c9kszer Web\u00e1ruh\u00e1z\",\"potentialAction\":[{\"@type\":\"SearchAction\",\"target\":{\"@type\":\"EntryPoint\",\"urlTemplate\":\"https:\\\/\\\/dianasilver.com\\\/de\\\/?s={search_term_string}\"},\"query-input\":{\"@type\":\"PropertyValueSpecification\",\"valueRequired\":true,\"valueName\":\"search_term_string\"}}],\"inLanguage\":\"de\"},{\"@type\":\"Organization\",\"@id\":\"https:\\\/\\\/dianasilver.com\\\/de\\\/#organization\",\"name\":\"Diana Silver\",\"url\":\"https:\\\/\\\/dianasilver.com\\\/de\\\/\",\"logo\":{\"@type\":\"ImageObject\",\"inLanguage\":\"de\",\"@id\":\"https:\\\/\\\/dianasilver.com\\\/de\\\/#\\\/schema\\\/logo\\\/image\\\/\",\"url\":\"https:\\\/\\\/dianasilver.com\\\/wp-content\\\/uploads\\\/2022\\\/08\\\/ezust-feher-1-koves-buttonos-stekkeres-fulbevalo-42.webp\",\"contentUrl\":\"https:\\\/\\\/dianasilver.com\\\/wp-content\\\/uploads\\\/2022\\\/08\\\/ezust-feher-1-koves-buttonos-stekkeres-fulbevalo-42.webp\",\"width\":300,\"height\":154,\"caption\":\"Diana Silver\"},\"image\":{\"@id\":\"https:\\\/\\\/dianasilver.com\\\/de\\\/#\\\/schema\\\/logo\\\/image\\\/\"},\"sameAs\":[\"https:\\\/\\\/www.facebook.com\\\/profile.php?id=100027231325117\"]}]}<\/script>\n<!-- \/ Yoast SEO plugin. -->","yoast_head_json":{"title":"Quadratisches Schmuckset mit dunkelblauem Opal - AG 925 Sterlingsilber, rhodiniert (ohne Kette) | Diana Silver","description":"Fedezd fel a leny\u0171g\u00f6z\u0151 Quadratisches Schmuckset mit dunkelblauem Opal - AG 925 Sterlingsilber, rhodiniert (ohne Kette) \u00e9kszer\u00fcnket. T\u00f6k\u00e9letes kieg\u00e9sz\u00edt\u0151 mindennapi viselethez \u00e9s k\u00fcl\u00f6nleges alkalmakra egyar\u00e1nt. Rendeld meg most!","robots":{"index":"index","follow":"follow","max-snippet":"max-snippet:-1","max-image-preview":"max-image-preview:large","max-video-preview":"max-video-preview:-1"},"canonical":"https:\/\/dianasilver.com\/de\/termek\/quadratisches-schmuckset-mit-dunkelblauem-opal-ag-925-sterlingsilber-rhodiniert-ohne-kette\/","og_locale":"de_DE","og_type":"article","og_title":"Quadratisches Schmuckset mit dunkelblauem Opal - AG 925 Sterlingsilber, rhodiniert (ohne Kette) | Diana Silver","og_description":"Fedezd fel a leny\u0171g\u00f6z\u0151 Quadratisches Schmuckset mit dunkelblauem Opal - AG 925 Sterlingsilber, rhodiniert (ohne Kette) \u00e9kszer\u00fcnket. T\u00f6k\u00e9letes kieg\u00e9sz\u00edt\u0151 mindennapi viselethez \u00e9s k\u00fcl\u00f6nleges alkalmakra egyar\u00e1nt. Rendeld meg most!","og_url":"https:\/\/dianasilver.com\/de\/termek\/quadratisches-schmuckset-mit-dunkelblauem-opal-ag-925-sterlingsilber-rhodiniert-ohne-kette\/","og_site_name":"Diana Silver","article_publisher":"https:\/\/www.facebook.com\/profile.php?id=100027231325117","article_modified_time":"2026-03-09T23:21:46+00:00","og_image":[{"width":1340,"height":1785,"url":"https:\/\/dianasilver.com\/wp-content\/uploads\/2025\/12\/Negyzet-alaku-opal-ekszerszett_4.jpg","type":"image\/jpeg"}],"twitter_card":"summary_large_image","twitter_misc":{"Gesch\u00e4tzte Lesezeit":"1\u00a0Minute"},"schema":{"@context":"https:\/\/schema.org","@graph":[{"@type":"WebPage","@id":"https:\/\/dianasilver.com\/de\/termek\/quadratisches-schmuckset-mit-dunkelblauem-opal-ag-925-sterlingsilber-rhodiniert-ohne-kette\/","url":"https:\/\/dianasilver.com\/de\/termek\/quadratisches-schmuckset-mit-dunkelblauem-opal-ag-925-sterlingsilber-rhodiniert-ohne-kette\/","name":"Quadratisches Schmuckset mit dunkelblauem Opal - AG 925 Sterlingsilber, rhodiniert (ohne Kette) | Diana Silver","isPartOf":{"@id":"https:\/\/dianasilver.com\/de\/#website"},"primaryImageOfPage":{"@id":"https:\/\/dianasilver.com\/de\/termek\/quadratisches-schmuckset-mit-dunkelblauem-opal-ag-925-sterlingsilber-rhodiniert-ohne-kette\/#primaryimage"},"image":{"@id":"https:\/\/dianasilver.com\/de\/termek\/quadratisches-schmuckset-mit-dunkelblauem-opal-ag-925-sterlingsilber-rhodiniert-ohne-kette\/#primaryimage"},"thumbnailUrl":"https:\/\/dianasilver.com\/wp-content\/uploads\/2025\/12\/Negyzet-alaku-opal-ekszerszett_4.jpg","datePublished":"2025-12-07T10:56:45+00:00","dateModified":"2026-03-09T23:21:46+00:00","description":"Fedezd fel a leny\u0171g\u00f6z\u0151 Quadratisches Schmuckset mit dunkelblauem Opal - AG 925 Sterlingsilber, rhodiniert (ohne Kette) \u00e9kszer\u00fcnket. T\u00f6k\u00e9letes kieg\u00e9sz\u00edt\u0151 mindennapi viselethez \u00e9s k\u00fcl\u00f6nleges alkalmakra egyar\u00e1nt. Rendeld meg most!","breadcrumb":{"@id":"https:\/\/dianasilver.com\/de\/termek\/quadratisches-schmuckset-mit-dunkelblauem-opal-ag-925-sterlingsilber-rhodiniert-ohne-kette\/#breadcrumb"},"inLanguage":"de","potentialAction":[{"@type":"ReadAction","target":["https:\/\/dianasilver.com\/de\/termek\/quadratisches-schmuckset-mit-dunkelblauem-opal-ag-925-sterlingsilber-rhodiniert-ohne-kette\/"]}]},{"@type":"ImageObject","inLanguage":"de","@id":"https:\/\/dianasilver.com\/de\/termek\/quadratisches-schmuckset-mit-dunkelblauem-opal-ag-925-sterlingsilber-rhodiniert-ohne-kette\/#primaryimage","url":"https:\/\/dianasilver.com\/wp-content\/uploads\/2025\/12\/Negyzet-alaku-opal-ekszerszett_4.jpg","contentUrl":"https:\/\/dianasilver.com\/wp-content\/uploads\/2025\/12\/Negyzet-alaku-opal-ekszerszett_4.jpg","width":1340,"height":1785},{"@type":"BreadcrumbList","@id":"https:\/\/dianasilver.com\/de\/termek\/quadratisches-schmuckset-mit-dunkelblauem-opal-ag-925-sterlingsilber-rhodiniert-ohne-kette\/#breadcrumb","itemListElement":[{"@type":"ListItem","position":1,"name":"Kezd\u0151lap","item":"https:\/\/dianasilver.com\/de\/diana-silver-silberschmuck-webshop\/"},{"@type":"ListItem","position":2,"name":"Shop","item":"https:\/\/dianasilver.com\/de\/shop\/"},{"@type":"ListItem","position":3,"name":"Quadratisches Schmuckset mit dunkelblauem Opal &#8211; AG 925 Sterlingsilber, rhodiniert (ohne Kette)"}]},{"@type":"WebSite","@id":"https:\/\/dianasilver.com\/de\/#website","url":"https:\/\/dianasilver.com\/de\/","name":"Diana Silver","description":"Tedd t\u00f6k\u00e9letesebb\u00e9 mindennapjaid a Diana Silver \u00e9kszereivel.","publisher":{"@id":"https:\/\/dianasilver.com\/de\/#organization"},"alternateName":"Ez\u00fcst \u00c9kszer Web\u00e1ruh\u00e1z","potentialAction":[{"@type":"SearchAction","target":{"@type":"EntryPoint","urlTemplate":"https:\/\/dianasilver.com\/de\/?s={search_term_string}"},"query-input":{"@type":"PropertyValueSpecification","valueRequired":true,"valueName":"search_term_string"}}],"inLanguage":"de"},{"@type":"Organization","@id":"https:\/\/dianasilver.com\/de\/#organization","name":"Diana Silver","url":"https:\/\/dianasilver.com\/de\/","logo":{"@type":"ImageObject","inLanguage":"de","@id":"https:\/\/dianasilver.com\/de\/#\/schema\/logo\/image\/","url":"https:\/\/dianasilver.com\/wp-content\/uploads\/2022\/08\/ezust-feher-1-koves-buttonos-stekkeres-fulbevalo-42.webp","contentUrl":"https:\/\/dianasilver.com\/wp-content\/uploads\/2022\/08\/ezust-feher-1-koves-buttonos-stekkeres-fulbevalo-42.webp","width":300,"height":154,"caption":"Diana Silver"},"image":{"@id":"https:\/\/dianasilver.com\/de\/#\/schema\/logo\/image\/"},"sameAs":["https:\/\/www.facebook.com\/profile.php?id=100027231325117"]}]}},"_links":{"self":[{"href":"https:\/\/dianasilver.com\/de\/wp-json\/wp\/v2\/product\/116936","targetHints":{"allow":["GET"]}}],"collection":[{"href":"https:\/\/dianasilver.com\/de\/wp-json\/wp\/v2\/product"}],"about":[{"href":"https:\/\/dianasilver.com\/de\/wp-json\/wp\/v2\/types\/product"}],"version-history":[{"count":0,"href":"https:\/\/dianasilver.com\/de\/wp-json\/wp\/v2\/product\/116936\/revisions"}],"wp:featuredmedia":[{"embeddable":true,"href":"https:\/\/dianasilver.com\/de\/wp-json\/wp\/v2\/media\/116735"}],"wp:attachment":[{"href":"https:\/\/dianasilver.com\/de\/wp-json\/wp\/v2\/media?parent=116936"}],"wp:term":[{"taxonomy":"product_brand","embeddable":true,"href":"https:\/\/dianasilver.com\/de\/wp-json\/wp\/v2\/product_brand?post=116936"},{"taxonomy":"product_cat","embeddable":true,"href":"https:\/\/dianasilver.com\/de\/wp-json\/wp\/v2\/product_cat?post=116936"},{"taxonomy":"product_tag","embeddable":true,"href":"https:\/\/dianasilver.com\/de\/wp-json\/wp\/v2\/product_tag?post=116936"}],"curies":[{"name":"wp","href":"https:\/\/api.w.org\/{rel}","templated":true}]}}