{"id":116923,"date":"2025-12-07T12:13:16","date_gmt":"2025-12-07T11:13:16","guid":{"rendered":"https:\/\/dianasilver.com\/termek\/perlenset-ag-925-sterlingsilber-rhodiniert-weisse-zirkoniasteine-ohne-kette\/"},"modified":"2026-01-16T16:56:26","modified_gmt":"2026-01-16T15:56:26","slug":"perlenset-ag-925-sterlingsilber-rhodiniert-weisse-zirkoniasteine-ohne-kette","status":"publish","type":"product","link":"https:\/\/dianasilver.com\/de\/termek\/perlenset-ag-925-sterlingsilber-rhodiniert-weisse-zirkoniasteine-ohne-kette\/","title":{"rendered":"Perlenset &#8211; AG 925 Sterlingsilber, rhodiniert, wei\u00dfe Zirkoniasteine (ohne Kette)"},"content":{"rendered":"<h2 data-start=\"346\" data-end=\"423\"><strong data-start=\"349\" data-end=\"423\">Perlenperlen &#8211; raffinierter Glamour in moderner Form (ohne Kette)<\/strong><\/h2>\n<h3 data-start=\"425\" data-end=\"454\">Was symbolisiert die Perle?<\/h3>\n<ul data-start=\"455\" data-end=\"646\">\n<li data-start=\"455\" data-end=\"512\">\n<p data-start=\"457\" data-end=\"512\"><strong data-start=\"460\" data-end=\"479\">Ewige Weiblichkeit<\/strong>, Reinheit und Harmonie.<\/p>\n<\/li>\n<li data-start=\"513\" data-end=\"586\">\n<p data-start=\"515\" data-end=\"586\">Der Glanz der Perle steht f\u00fcr <strong data-start=\"537\" data-end=\"573\">Weisheit und innere Eleganz<\/strong>.<\/p>\n<\/li>\n<li data-start=\"587\" data-end=\"646\">\n<p data-start=\"589\" data-end=\"646\">Die kreisf\u00f6rmige Form dr\u00fcckt <strong data-start=\"603\" data-end=\"635\">Ganzheitlichkeit und Ausgeglichenheit<\/strong> aus <strong data-start=\"603\" data-end=\"635\">.<\/strong> <\/p>\n<\/li>\n<\/ul>\n<h3 data-start=\"648\" data-end=\"666\">Warum w\u00e4hlen Sie es?<\/h3>\n<ul data-start=\"667\" data-end=\"1102\">\n<li data-start=\"667\" data-end=\"755\">\n<p data-start=\"669\" data-end=\"755\"><strong data-start=\"669\" data-end=\"685\">AG 925 Silber<\/strong>, rhodiniert f\u00fcr lang anhaltenden Glanz und Verschlei\u00dffestigkeit.<\/p>\n<\/li>\n<li data-start=\"756\" data-end=\"833\">\n<p data-start=\"758\" data-end=\"833\">Eine schneewei\u00dfe Perle, die dem Schmuck einen sanften, nat\u00fcrlichen Schimmer verleiht.<\/p>\n<\/li>\n<li data-start=\"834\" data-end=\"931\">\n<p data-start=\"836\" data-end=\"931\">Der kreisf\u00f6rmige Bogen <strong data-start=\"844\" data-end=\"883\">ist mit wei\u00dfen Zirkoniasteinen besetzt<\/strong>, die bei jeder Bewegung einen funkelnden Effekt erzeugen.<\/p>\n<\/li>\n<li data-start=\"932\" data-end=\"1012\">\n<p data-start=\"934\" data-end=\"1012\"><strong data-start=\"934\" data-end=\"956\">Stekeres-Ohrringe<\/strong>, die bequem und sicher tags\u00fcber zu tragen sind.<\/p>\n<\/li>\n<li data-start=\"1013\" data-end=\"1102\">\n<p data-start=\"1015\" data-end=\"1102\">Modernes, klares Design &#8211; die perfekte Erg\u00e4nzung f\u00fcr einen einzigartigen, anspruchsvollen Look.<\/p>\n<\/li>\n<\/ul>\n<p data-start=\"1104\" data-end=\"1237\" data-is-last-node=\"\" data-is-only-node=\"\">Dieses Perlenschmuck-Set verleiht jeder Gelegenheit eine zarte, strahlende Sch\u00f6nheit &#8211; tragen Sie es, wenn Sie Ihre Weiblichkeit subtil betonen m\u00f6chten. \ud83e\udd0d\u2728<\/p>\n","protected":false},"excerpt":{"rendered":"<p>\ud83e\udd0d Elegantes, rundes Perlenset, bei dem das gl\u00e4nzend polierte Silber und die strahlend wei\u00dfen Zirkoniasteine eine perfekte Harmonie bilden. Die schneewei\u00dfe Perle strahlt sanfte Weiblichkeit aus und verleiht Ihrem Look ein subtiles Funkeln. \u2728<\/p>\n","protected":false},"featured_media":116775,"template":"","meta":{"_acf_changed":false},"product_brand":[],"product_cat":[610],"product_tag":[527],"class_list":{"0":"post-116923","1":"product","2":"type-product","3":"status-publish","4":"has-post-thumbnail","6":"product_cat-silberne-perlenschmuck-sets","7":"product_tag-silberschmuck-fur-damen","8":"description-off","10":"first","11":"instock","12":"taxable","13":"shipping-taxable","14":"purchasable","15":"product-type-simple"},"acf":[],"yoast_head":"<!-- This site is optimized with the Yoast SEO plugin v27.4 - https:\/\/yoast.com\/product\/yoast-seo-wordpress\/ -->\n<title>Perlenset - AG 925 Sterlingsilber, rhodiniert, wei\u00dfe Zirkoniasteine (ohne Kette) | Diana Silver<\/title>\n<meta name=\"description\" content=\"Fedezd fel a leny\u0171g\u00f6z\u0151 Perlenset - AG 925 Sterlingsilber, rhodiniert, wei\u00dfe Zirkoniasteine (ohne Kette) \u00e9kszer\u00fcnket. T\u00f6k\u00e9letes kieg\u00e9sz\u00edt\u0151 mindennapi viselethez \u00e9s k\u00fcl\u00f6nleges alkalmakra egyar\u00e1nt. Rendeld meg most!\" \/>\n<meta name=\"robots\" content=\"index, follow, max-snippet:-1, max-image-preview:large, max-video-preview:-1\" \/>\n<link rel=\"canonical\" href=\"https:\/\/dianasilver.com\/de\/termek\/perlenset-ag-925-sterlingsilber-rhodiniert-weisse-zirkoniasteine-ohne-kette\/\" \/>\n<meta property=\"og:locale\" content=\"de_DE\" \/>\n<meta property=\"og:type\" content=\"article\" \/>\n<meta property=\"og:title\" content=\"Perlenset - AG 925 Sterlingsilber, rhodiniert, wei\u00dfe Zirkoniasteine (ohne Kette) | Diana Silver\" \/>\n<meta property=\"og:description\" content=\"Fedezd fel a leny\u0171g\u00f6z\u0151 Perlenset - AG 925 Sterlingsilber, rhodiniert, wei\u00dfe Zirkoniasteine (ohne Kette) \u00e9kszer\u00fcnket. T\u00f6k\u00e9letes kieg\u00e9sz\u00edt\u0151 mindennapi viselethez \u00e9s k\u00fcl\u00f6nleges alkalmakra egyar\u00e1nt. Rendeld meg most!\" \/>\n<meta property=\"og:url\" content=\"https:\/\/dianasilver.com\/de\/termek\/perlenset-ag-925-sterlingsilber-rhodiniert-weisse-zirkoniasteine-ohne-kette\/\" \/>\n<meta property=\"og:site_name\" content=\"Diana Silver\" \/>\n<meta property=\"article:publisher\" content=\"https:\/\/www.facebook.com\/profile.php?id=100027231325117\" \/>\n<meta property=\"article:modified_time\" content=\"2026-01-16T15:56:26+00:00\" \/>\n<meta property=\"og:image\" content=\"https:\/\/dianasilver.com\/wp-content\/uploads\/2025\/12\/Gyongy-ekszerszett-_2.jpg\" \/>\n\t<meta property=\"og:image:width\" content=\"1340\" \/>\n\t<meta property=\"og:image:height\" content=\"1785\" \/>\n\t<meta property=\"og:image:type\" content=\"image\/jpeg\" \/>\n<meta name=\"twitter:card\" content=\"summary_large_image\" \/>\n<meta name=\"twitter:label1\" content=\"Gesch\u00e4tzte Lesezeit\" \/>\n\t<meta name=\"twitter:data1\" content=\"1\u00a0Minute\" \/>\n<script type=\"application\/ld+json\" class=\"yoast-schema-graph\">{\"@context\":\"https:\\\/\\\/schema.org\",\"@graph\":[{\"@type\":\"WebPage\",\"@id\":\"https:\\\/\\\/dianasilver.com\\\/de\\\/termek\\\/perlenset-ag-925-sterlingsilber-rhodiniert-weisse-zirkoniasteine-ohne-kette\\\/\",\"url\":\"https:\\\/\\\/dianasilver.com\\\/de\\\/termek\\\/perlenset-ag-925-sterlingsilber-rhodiniert-weisse-zirkoniasteine-ohne-kette\\\/\",\"name\":\"Perlenset - AG 925 Sterlingsilber, rhodiniert, wei\u00dfe Zirkoniasteine (ohne Kette) | Diana Silver\",\"isPartOf\":{\"@id\":\"https:\\\/\\\/dianasilver.com\\\/de\\\/#website\"},\"primaryImageOfPage\":{\"@id\":\"https:\\\/\\\/dianasilver.com\\\/de\\\/termek\\\/perlenset-ag-925-sterlingsilber-rhodiniert-weisse-zirkoniasteine-ohne-kette\\\/#primaryimage\"},\"image\":{\"@id\":\"https:\\\/\\\/dianasilver.com\\\/de\\\/termek\\\/perlenset-ag-925-sterlingsilber-rhodiniert-weisse-zirkoniasteine-ohne-kette\\\/#primaryimage\"},\"thumbnailUrl\":\"https:\\\/\\\/dianasilver.com\\\/wp-content\\\/uploads\\\/2025\\\/12\\\/Gyongy-ekszerszett-_2.jpg\",\"datePublished\":\"2025-12-07T11:13:16+00:00\",\"dateModified\":\"2026-01-16T15:56:26+00:00\",\"description\":\"Fedezd fel a leny\u0171g\u00f6z\u0151 Perlenset - AG 925 Sterlingsilber, rhodiniert, wei\u00dfe Zirkoniasteine (ohne Kette) \u00e9kszer\u00fcnket. T\u00f6k\u00e9letes kieg\u00e9sz\u00edt\u0151 mindennapi viselethez \u00e9s k\u00fcl\u00f6nleges alkalmakra egyar\u00e1nt. Rendeld meg most!\",\"breadcrumb\":{\"@id\":\"https:\\\/\\\/dianasilver.com\\\/de\\\/termek\\\/perlenset-ag-925-sterlingsilber-rhodiniert-weisse-zirkoniasteine-ohne-kette\\\/#breadcrumb\"},\"inLanguage\":\"de\",\"potentialAction\":[{\"@type\":\"ReadAction\",\"target\":[\"https:\\\/\\\/dianasilver.com\\\/de\\\/termek\\\/perlenset-ag-925-sterlingsilber-rhodiniert-weisse-zirkoniasteine-ohne-kette\\\/\"]}]},{\"@type\":\"ImageObject\",\"inLanguage\":\"de\",\"@id\":\"https:\\\/\\\/dianasilver.com\\\/de\\\/termek\\\/perlenset-ag-925-sterlingsilber-rhodiniert-weisse-zirkoniasteine-ohne-kette\\\/#primaryimage\",\"url\":\"https:\\\/\\\/dianasilver.com\\\/wp-content\\\/uploads\\\/2025\\\/12\\\/Gyongy-ekszerszett-_2.jpg\",\"contentUrl\":\"https:\\\/\\\/dianasilver.com\\\/wp-content\\\/uploads\\\/2025\\\/12\\\/Gyongy-ekszerszett-_2.jpg\",\"width\":1340,\"height\":1785},{\"@type\":\"BreadcrumbList\",\"@id\":\"https:\\\/\\\/dianasilver.com\\\/de\\\/termek\\\/perlenset-ag-925-sterlingsilber-rhodiniert-weisse-zirkoniasteine-ohne-kette\\\/#breadcrumb\",\"itemListElement\":[{\"@type\":\"ListItem\",\"position\":1,\"name\":\"Kezd\u0151lap\",\"item\":\"https:\\\/\\\/dianasilver.com\\\/de\\\/diana-silver-silberschmuck-webshop\\\/\"},{\"@type\":\"ListItem\",\"position\":2,\"name\":\"Shop\",\"item\":\"https:\\\/\\\/dianasilver.com\\\/de\\\/shop\\\/\"},{\"@type\":\"ListItem\",\"position\":3,\"name\":\"Perlenset &#8211; AG 925 Sterlingsilber, rhodiniert, wei\u00dfe Zirkoniasteine (ohne Kette)\"}]},{\"@type\":\"WebSite\",\"@id\":\"https:\\\/\\\/dianasilver.com\\\/de\\\/#website\",\"url\":\"https:\\\/\\\/dianasilver.com\\\/de\\\/\",\"name\":\"Diana Silver\",\"description\":\"Tedd t\u00f6k\u00e9letesebb\u00e9 mindennapjaid a Diana Silver \u00e9kszereivel.\",\"publisher\":{\"@id\":\"https:\\\/\\\/dianasilver.com\\\/de\\\/#organization\"},\"alternateName\":\"Ez\u00fcst \u00c9kszer Web\u00e1ruh\u00e1z\",\"potentialAction\":[{\"@type\":\"SearchAction\",\"target\":{\"@type\":\"EntryPoint\",\"urlTemplate\":\"https:\\\/\\\/dianasilver.com\\\/de\\\/?s={search_term_string}\"},\"query-input\":{\"@type\":\"PropertyValueSpecification\",\"valueRequired\":true,\"valueName\":\"search_term_string\"}}],\"inLanguage\":\"de\"},{\"@type\":\"Organization\",\"@id\":\"https:\\\/\\\/dianasilver.com\\\/de\\\/#organization\",\"name\":\"Diana Silver\",\"url\":\"https:\\\/\\\/dianasilver.com\\\/de\\\/\",\"logo\":{\"@type\":\"ImageObject\",\"inLanguage\":\"de\",\"@id\":\"https:\\\/\\\/dianasilver.com\\\/de\\\/#\\\/schema\\\/logo\\\/image\\\/\",\"url\":\"https:\\\/\\\/dianasilver.com\\\/wp-content\\\/uploads\\\/2022\\\/08\\\/ezust-feher-1-koves-buttonos-stekkeres-fulbevalo-42.webp\",\"contentUrl\":\"https:\\\/\\\/dianasilver.com\\\/wp-content\\\/uploads\\\/2022\\\/08\\\/ezust-feher-1-koves-buttonos-stekkeres-fulbevalo-42.webp\",\"width\":300,\"height\":154,\"caption\":\"Diana Silver\"},\"image\":{\"@id\":\"https:\\\/\\\/dianasilver.com\\\/de\\\/#\\\/schema\\\/logo\\\/image\\\/\"},\"sameAs\":[\"https:\\\/\\\/www.facebook.com\\\/profile.php?id=100027231325117\"]}]}<\/script>\n<!-- \/ Yoast SEO plugin. -->","yoast_head_json":{"title":"Perlenset - AG 925 Sterlingsilber, rhodiniert, wei\u00dfe Zirkoniasteine (ohne Kette) | Diana Silver","description":"Fedezd fel a leny\u0171g\u00f6z\u0151 Perlenset - AG 925 Sterlingsilber, rhodiniert, wei\u00dfe Zirkoniasteine (ohne Kette) \u00e9kszer\u00fcnket. T\u00f6k\u00e9letes kieg\u00e9sz\u00edt\u0151 mindennapi viselethez \u00e9s k\u00fcl\u00f6nleges alkalmakra egyar\u00e1nt. Rendeld meg most!","robots":{"index":"index","follow":"follow","max-snippet":"max-snippet:-1","max-image-preview":"max-image-preview:large","max-video-preview":"max-video-preview:-1"},"canonical":"https:\/\/dianasilver.com\/de\/termek\/perlenset-ag-925-sterlingsilber-rhodiniert-weisse-zirkoniasteine-ohne-kette\/","og_locale":"de_DE","og_type":"article","og_title":"Perlenset - AG 925 Sterlingsilber, rhodiniert, wei\u00dfe Zirkoniasteine (ohne Kette) | Diana Silver","og_description":"Fedezd fel a leny\u0171g\u00f6z\u0151 Perlenset - AG 925 Sterlingsilber, rhodiniert, wei\u00dfe Zirkoniasteine (ohne Kette) \u00e9kszer\u00fcnket. T\u00f6k\u00e9letes kieg\u00e9sz\u00edt\u0151 mindennapi viselethez \u00e9s k\u00fcl\u00f6nleges alkalmakra egyar\u00e1nt. Rendeld meg most!","og_url":"https:\/\/dianasilver.com\/de\/termek\/perlenset-ag-925-sterlingsilber-rhodiniert-weisse-zirkoniasteine-ohne-kette\/","og_site_name":"Diana Silver","article_publisher":"https:\/\/www.facebook.com\/profile.php?id=100027231325117","article_modified_time":"2026-01-16T15:56:26+00:00","og_image":[{"width":1340,"height":1785,"url":"https:\/\/dianasilver.com\/wp-content\/uploads\/2025\/12\/Gyongy-ekszerszett-_2.jpg","type":"image\/jpeg"}],"twitter_card":"summary_large_image","twitter_misc":{"Gesch\u00e4tzte Lesezeit":"1\u00a0Minute"},"schema":{"@context":"https:\/\/schema.org","@graph":[{"@type":"WebPage","@id":"https:\/\/dianasilver.com\/de\/termek\/perlenset-ag-925-sterlingsilber-rhodiniert-weisse-zirkoniasteine-ohne-kette\/","url":"https:\/\/dianasilver.com\/de\/termek\/perlenset-ag-925-sterlingsilber-rhodiniert-weisse-zirkoniasteine-ohne-kette\/","name":"Perlenset - AG 925 Sterlingsilber, rhodiniert, wei\u00dfe Zirkoniasteine (ohne Kette) | Diana Silver","isPartOf":{"@id":"https:\/\/dianasilver.com\/de\/#website"},"primaryImageOfPage":{"@id":"https:\/\/dianasilver.com\/de\/termek\/perlenset-ag-925-sterlingsilber-rhodiniert-weisse-zirkoniasteine-ohne-kette\/#primaryimage"},"image":{"@id":"https:\/\/dianasilver.com\/de\/termek\/perlenset-ag-925-sterlingsilber-rhodiniert-weisse-zirkoniasteine-ohne-kette\/#primaryimage"},"thumbnailUrl":"https:\/\/dianasilver.com\/wp-content\/uploads\/2025\/12\/Gyongy-ekszerszett-_2.jpg","datePublished":"2025-12-07T11:13:16+00:00","dateModified":"2026-01-16T15:56:26+00:00","description":"Fedezd fel a leny\u0171g\u00f6z\u0151 Perlenset - AG 925 Sterlingsilber, rhodiniert, wei\u00dfe Zirkoniasteine (ohne Kette) \u00e9kszer\u00fcnket. T\u00f6k\u00e9letes kieg\u00e9sz\u00edt\u0151 mindennapi viselethez \u00e9s k\u00fcl\u00f6nleges alkalmakra egyar\u00e1nt. Rendeld meg most!","breadcrumb":{"@id":"https:\/\/dianasilver.com\/de\/termek\/perlenset-ag-925-sterlingsilber-rhodiniert-weisse-zirkoniasteine-ohne-kette\/#breadcrumb"},"inLanguage":"de","potentialAction":[{"@type":"ReadAction","target":["https:\/\/dianasilver.com\/de\/termek\/perlenset-ag-925-sterlingsilber-rhodiniert-weisse-zirkoniasteine-ohne-kette\/"]}]},{"@type":"ImageObject","inLanguage":"de","@id":"https:\/\/dianasilver.com\/de\/termek\/perlenset-ag-925-sterlingsilber-rhodiniert-weisse-zirkoniasteine-ohne-kette\/#primaryimage","url":"https:\/\/dianasilver.com\/wp-content\/uploads\/2025\/12\/Gyongy-ekszerszett-_2.jpg","contentUrl":"https:\/\/dianasilver.com\/wp-content\/uploads\/2025\/12\/Gyongy-ekszerszett-_2.jpg","width":1340,"height":1785},{"@type":"BreadcrumbList","@id":"https:\/\/dianasilver.com\/de\/termek\/perlenset-ag-925-sterlingsilber-rhodiniert-weisse-zirkoniasteine-ohne-kette\/#breadcrumb","itemListElement":[{"@type":"ListItem","position":1,"name":"Kezd\u0151lap","item":"https:\/\/dianasilver.com\/de\/diana-silver-silberschmuck-webshop\/"},{"@type":"ListItem","position":2,"name":"Shop","item":"https:\/\/dianasilver.com\/de\/shop\/"},{"@type":"ListItem","position":3,"name":"Perlenset &#8211; AG 925 Sterlingsilber, rhodiniert, wei\u00dfe Zirkoniasteine (ohne Kette)"}]},{"@type":"WebSite","@id":"https:\/\/dianasilver.com\/de\/#website","url":"https:\/\/dianasilver.com\/de\/","name":"Diana Silver","description":"Tedd t\u00f6k\u00e9letesebb\u00e9 mindennapjaid a Diana Silver \u00e9kszereivel.","publisher":{"@id":"https:\/\/dianasilver.com\/de\/#organization"},"alternateName":"Ez\u00fcst \u00c9kszer Web\u00e1ruh\u00e1z","potentialAction":[{"@type":"SearchAction","target":{"@type":"EntryPoint","urlTemplate":"https:\/\/dianasilver.com\/de\/?s={search_term_string}"},"query-input":{"@type":"PropertyValueSpecification","valueRequired":true,"valueName":"search_term_string"}}],"inLanguage":"de"},{"@type":"Organization","@id":"https:\/\/dianasilver.com\/de\/#organization","name":"Diana Silver","url":"https:\/\/dianasilver.com\/de\/","logo":{"@type":"ImageObject","inLanguage":"de","@id":"https:\/\/dianasilver.com\/de\/#\/schema\/logo\/image\/","url":"https:\/\/dianasilver.com\/wp-content\/uploads\/2022\/08\/ezust-feher-1-koves-buttonos-stekkeres-fulbevalo-42.webp","contentUrl":"https:\/\/dianasilver.com\/wp-content\/uploads\/2022\/08\/ezust-feher-1-koves-buttonos-stekkeres-fulbevalo-42.webp","width":300,"height":154,"caption":"Diana Silver"},"image":{"@id":"https:\/\/dianasilver.com\/de\/#\/schema\/logo\/image\/"},"sameAs":["https:\/\/www.facebook.com\/profile.php?id=100027231325117"]}]}},"_links":{"self":[{"href":"https:\/\/dianasilver.com\/de\/wp-json\/wp\/v2\/product\/116923","targetHints":{"allow":["GET"]}}],"collection":[{"href":"https:\/\/dianasilver.com\/de\/wp-json\/wp\/v2\/product"}],"about":[{"href":"https:\/\/dianasilver.com\/de\/wp-json\/wp\/v2\/types\/product"}],"version-history":[{"count":0,"href":"https:\/\/dianasilver.com\/de\/wp-json\/wp\/v2\/product\/116923\/revisions"}],"wp:featuredmedia":[{"embeddable":true,"href":"https:\/\/dianasilver.com\/de\/wp-json\/wp\/v2\/media\/116775"}],"wp:attachment":[{"href":"https:\/\/dianasilver.com\/de\/wp-json\/wp\/v2\/media?parent=116923"}],"wp:term":[{"taxonomy":"product_brand","embeddable":true,"href":"https:\/\/dianasilver.com\/de\/wp-json\/wp\/v2\/product_brand?post=116923"},{"taxonomy":"product_cat","embeddable":true,"href":"https:\/\/dianasilver.com\/de\/wp-json\/wp\/v2\/product_cat?post=116923"},{"taxonomy":"product_tag","embeddable":true,"href":"https:\/\/dianasilver.com\/de\/wp-json\/wp\/v2\/product_tag?post=116923"}],"curies":[{"name":"wp","href":"https:\/\/api.w.org\/{rel}","templated":true}]}}