{"id":116913,"date":"2025-12-07T12:19:00","date_gmt":"2025-12-07T11:19:00","guid":{"rendered":"https:\/\/dianasilver.com\/termek\/perlenbesatz-mit-zirkonia-ag-925-silber-rhodiniert-ohne-kette\/"},"modified":"2026-01-16T16:56:26","modified_gmt":"2026-01-16T15:56:26","slug":"perlenbesatz-mit-zirkonia-ag-925-silber-rhodiniert-ohne-kette","status":"publish","type":"product","link":"https:\/\/dianasilver.com\/de\/termek\/perlenbesatz-mit-zirkonia-ag-925-silber-rhodiniert-ohne-kette\/","title":{"rendered":"Perlenbesatz mit Zirkonia &#8211; AG 925 Silber, rhodiniert (ohne Kette)"},"content":{"rendered":"<h2 data-start=\"325\" data-end=\"405\"><strong data-start=\"328\" data-end=\"405\">Perlenset mit Zirkonia &#8211; klassisches feminines Funkeln (ohne Kette)<\/strong><\/h2>\n<h3 data-start=\"407\" data-end=\"436\">Was symbolisiert die Perle?<\/h3>\n<ul data-start=\"437\" data-end=\"647\">\n<li data-start=\"437\" data-end=\"490\">\n<p data-start=\"439\" data-end=\"490\">Der Inbegriff von <strong data-start=\"441\" data-end=\"472\">Weiblichkeit und Raffinesse<\/strong>.<\/p>\n<\/li>\n<li data-start=\"491\" data-end=\"571\">\n<p data-start=\"493\" data-end=\"571\">Das reine Licht der Perle ist ein Symbol f\u00fcr <strong data-start=\"517\" data-end=\"558\">Harmonie und nat\u00fcrliche Eleganz<\/strong>.<\/p>\n<\/li>\n<li data-start=\"572\" data-end=\"647\">\n<p data-start=\"574\" data-end=\"647\">Der Schimmer der Zirkonia sorgt f\u00fcr ein <strong data-start=\"597\" data-end=\"636\">subtiles Funkeln und einen festlichen Glanz<\/strong>.<\/p>\n<\/li>\n<\/ul>\n<h3 data-start=\"649\" data-end=\"667\">Warum w\u00e4hlen Sie es?<\/h3>\n<ul data-start=\"668\" data-end=\"1090\">\n<li data-start=\"668\" data-end=\"748\">\n<p data-start=\"670\" data-end=\"748\"><strong data-start=\"670\" data-end=\"686\">AG 925 Silber<\/strong> mit Rhodium-Beschichtung f\u00fcr dauerhaften Glanz und Verschlei\u00dffestigkeit.<\/p>\n<\/li>\n<li data-start=\"749\" data-end=\"817\">\n<p data-start=\"751\" data-end=\"817\">Schneewei\u00dfe Perle mit einer glatten Oberfl\u00e4che &#8211; ein sauberer, femininer Look.<\/p>\n<\/li>\n<li data-start=\"818\" data-end=\"914\">\n<p data-start=\"820\" data-end=\"914\">Ein <strong data-start=\"848\" data-end=\"869\">wei\u00dfer Zirkoniastein<\/strong> oberhalb der Perle bringt das Funkeln des Schmuckst\u00fccks perfekt zur Geltung.<\/p>\n<\/li>\n<li data-start=\"915\" data-end=\"993\">\n<p data-start=\"917\" data-end=\"993\"><strong data-start=\"917\" data-end=\"939\">Robuste Ohrringe<\/strong>, die sicher und bequem jeden Tag getragen werden k\u00f6nnen.<\/p>\n<\/li>\n<li data-start=\"994\" data-end=\"1090\">\n<p data-start=\"996\" data-end=\"1090\">Ein klassisches, zeitloses Design mit einem modernen Glanz &#8211; perfekt f\u00fcr jeden Anlass.<\/p>\n<\/li>\n<\/ul>\n<p data-start=\"1092\" data-end=\"1194\" data-is-last-node=\"\" data-is-only-node=\"\">Dieses Perlenset verleiht eine subtile Eleganz und macht jeden femininen Look wunderbar glamour\u00f6s. \ud83e\udd0d\u2728<\/p>\n","protected":false},"excerpt":{"rendered":"<p>\ud83e\udd0d Ein zartes, elegantes Perlenset, das durch den sanften Schimmer der schneewei\u00dfen Perle und des schimmernden Zirkonias dar\u00fcber hervorgehoben wird. Die klassische Form strahlt moderne Reinheit aus und eignet sich wunderbar f\u00fcr jeden Anlass. \u2728<\/p>\n","protected":false},"featured_media":116798,"template":"","meta":{"_acf_changed":false},"product_brand":[],"product_cat":[610],"product_tag":[527],"class_list":{"0":"post-116913","1":"product","2":"type-product","3":"status-publish","4":"has-post-thumbnail","6":"product_cat-silberne-perlenschmuck-sets","7":"product_tag-silberschmuck-fur-damen","8":"description-off","10":"first","11":"instock","12":"taxable","13":"shipping-taxable","14":"purchasable","15":"product-type-simple"},"acf":[],"yoast_head":"<!-- This site is optimized with the Yoast SEO plugin v27.4 - https:\/\/yoast.com\/product\/yoast-seo-wordpress\/ -->\n<title>Perlenbesatz mit Zirkonia - AG 925 Silber, rhodiniert (ohne Kette) | Diana Silver<\/title>\n<meta name=\"description\" content=\"Fedezd fel a leny\u0171g\u00f6z\u0151 Perlenbesatz mit Zirkonia - AG 925 Silber, rhodiniert (ohne Kette) \u00e9kszer\u00fcnket. T\u00f6k\u00e9letes kieg\u00e9sz\u00edt\u0151 mindennapi viselethez \u00e9s k\u00fcl\u00f6nleges alkalmakra egyar\u00e1nt. Rendeld meg most!\" \/>\n<meta name=\"robots\" content=\"index, follow, max-snippet:-1, max-image-preview:large, max-video-preview:-1\" \/>\n<link rel=\"canonical\" href=\"https:\/\/dianasilver.com\/de\/termek\/perlenbesatz-mit-zirkonia-ag-925-silber-rhodiniert-ohne-kette\/\" \/>\n<meta property=\"og:locale\" content=\"de_DE\" \/>\n<meta property=\"og:type\" content=\"article\" \/>\n<meta property=\"og:title\" content=\"Perlenbesatz mit Zirkonia - AG 925 Silber, rhodiniert (ohne Kette) | Diana Silver\" \/>\n<meta property=\"og:description\" content=\"Fedezd fel a leny\u0171g\u00f6z\u0151 Perlenbesatz mit Zirkonia - AG 925 Silber, rhodiniert (ohne Kette) \u00e9kszer\u00fcnket. T\u00f6k\u00e9letes kieg\u00e9sz\u00edt\u0151 mindennapi viselethez \u00e9s k\u00fcl\u00f6nleges alkalmakra egyar\u00e1nt. Rendeld meg most!\" \/>\n<meta property=\"og:url\" content=\"https:\/\/dianasilver.com\/de\/termek\/perlenbesatz-mit-zirkonia-ag-925-silber-rhodiniert-ohne-kette\/\" \/>\n<meta property=\"og:site_name\" content=\"Diana Silver\" \/>\n<meta property=\"article:publisher\" content=\"https:\/\/www.facebook.com\/profile.php?id=100027231325117\" \/>\n<meta property=\"article:modified_time\" content=\"2026-01-16T15:56:26+00:00\" \/>\n<meta property=\"og:image\" content=\"https:\/\/dianasilver.com\/wp-content\/uploads\/2025\/12\/Gyongy-ekszerszett-cirkoniaval_1.jpg\" \/>\n\t<meta property=\"og:image:width\" content=\"1340\" \/>\n\t<meta property=\"og:image:height\" content=\"1785\" \/>\n\t<meta property=\"og:image:type\" content=\"image\/jpeg\" \/>\n<meta name=\"twitter:card\" content=\"summary_large_image\" \/>\n<meta name=\"twitter:label1\" content=\"Gesch\u00e4tzte Lesezeit\" \/>\n\t<meta name=\"twitter:data1\" content=\"1\u00a0Minute\" \/>\n<script type=\"application\/ld+json\" class=\"yoast-schema-graph\">{\"@context\":\"https:\\\/\\\/schema.org\",\"@graph\":[{\"@type\":\"WebPage\",\"@id\":\"https:\\\/\\\/dianasilver.com\\\/de\\\/termek\\\/perlenbesatz-mit-zirkonia-ag-925-silber-rhodiniert-ohne-kette\\\/\",\"url\":\"https:\\\/\\\/dianasilver.com\\\/de\\\/termek\\\/perlenbesatz-mit-zirkonia-ag-925-silber-rhodiniert-ohne-kette\\\/\",\"name\":\"Perlenbesatz mit Zirkonia - AG 925 Silber, rhodiniert (ohne Kette) | Diana Silver\",\"isPartOf\":{\"@id\":\"https:\\\/\\\/dianasilver.com\\\/de\\\/#website\"},\"primaryImageOfPage\":{\"@id\":\"https:\\\/\\\/dianasilver.com\\\/de\\\/termek\\\/perlenbesatz-mit-zirkonia-ag-925-silber-rhodiniert-ohne-kette\\\/#primaryimage\"},\"image\":{\"@id\":\"https:\\\/\\\/dianasilver.com\\\/de\\\/termek\\\/perlenbesatz-mit-zirkonia-ag-925-silber-rhodiniert-ohne-kette\\\/#primaryimage\"},\"thumbnailUrl\":\"https:\\\/\\\/dianasilver.com\\\/wp-content\\\/uploads\\\/2025\\\/12\\\/Gyongy-ekszerszett-cirkoniaval_1.jpg\",\"datePublished\":\"2025-12-07T11:19:00+00:00\",\"dateModified\":\"2026-01-16T15:56:26+00:00\",\"description\":\"Fedezd fel a leny\u0171g\u00f6z\u0151 Perlenbesatz mit Zirkonia - AG 925 Silber, rhodiniert (ohne Kette) \u00e9kszer\u00fcnket. T\u00f6k\u00e9letes kieg\u00e9sz\u00edt\u0151 mindennapi viselethez \u00e9s k\u00fcl\u00f6nleges alkalmakra egyar\u00e1nt. Rendeld meg most!\",\"breadcrumb\":{\"@id\":\"https:\\\/\\\/dianasilver.com\\\/de\\\/termek\\\/perlenbesatz-mit-zirkonia-ag-925-silber-rhodiniert-ohne-kette\\\/#breadcrumb\"},\"inLanguage\":\"de\",\"potentialAction\":[{\"@type\":\"ReadAction\",\"target\":[\"https:\\\/\\\/dianasilver.com\\\/de\\\/termek\\\/perlenbesatz-mit-zirkonia-ag-925-silber-rhodiniert-ohne-kette\\\/\"]}]},{\"@type\":\"ImageObject\",\"inLanguage\":\"de\",\"@id\":\"https:\\\/\\\/dianasilver.com\\\/de\\\/termek\\\/perlenbesatz-mit-zirkonia-ag-925-silber-rhodiniert-ohne-kette\\\/#primaryimage\",\"url\":\"https:\\\/\\\/dianasilver.com\\\/wp-content\\\/uploads\\\/2025\\\/12\\\/Gyongy-ekszerszett-cirkoniaval_1.jpg\",\"contentUrl\":\"https:\\\/\\\/dianasilver.com\\\/wp-content\\\/uploads\\\/2025\\\/12\\\/Gyongy-ekszerszett-cirkoniaval_1.jpg\",\"width\":1340,\"height\":1785},{\"@type\":\"BreadcrumbList\",\"@id\":\"https:\\\/\\\/dianasilver.com\\\/de\\\/termek\\\/perlenbesatz-mit-zirkonia-ag-925-silber-rhodiniert-ohne-kette\\\/#breadcrumb\",\"itemListElement\":[{\"@type\":\"ListItem\",\"position\":1,\"name\":\"Kezd\u0151lap\",\"item\":\"https:\\\/\\\/dianasilver.com\\\/de\\\/diana-silver-silberschmuck-webshop\\\/\"},{\"@type\":\"ListItem\",\"position\":2,\"name\":\"Shop\",\"item\":\"https:\\\/\\\/dianasilver.com\\\/de\\\/shop\\\/\"},{\"@type\":\"ListItem\",\"position\":3,\"name\":\"Perlenbesatz mit Zirkonia &#8211; AG 925 Silber, rhodiniert (ohne Kette)\"}]},{\"@type\":\"WebSite\",\"@id\":\"https:\\\/\\\/dianasilver.com\\\/de\\\/#website\",\"url\":\"https:\\\/\\\/dianasilver.com\\\/de\\\/\",\"name\":\"Diana Silver\",\"description\":\"Tedd t\u00f6k\u00e9letesebb\u00e9 mindennapjaid a Diana Silver \u00e9kszereivel.\",\"publisher\":{\"@id\":\"https:\\\/\\\/dianasilver.com\\\/de\\\/#organization\"},\"alternateName\":\"Ez\u00fcst \u00c9kszer Web\u00e1ruh\u00e1z\",\"potentialAction\":[{\"@type\":\"SearchAction\",\"target\":{\"@type\":\"EntryPoint\",\"urlTemplate\":\"https:\\\/\\\/dianasilver.com\\\/de\\\/?s={search_term_string}\"},\"query-input\":{\"@type\":\"PropertyValueSpecification\",\"valueRequired\":true,\"valueName\":\"search_term_string\"}}],\"inLanguage\":\"de\"},{\"@type\":\"Organization\",\"@id\":\"https:\\\/\\\/dianasilver.com\\\/de\\\/#organization\",\"name\":\"Diana Silver\",\"url\":\"https:\\\/\\\/dianasilver.com\\\/de\\\/\",\"logo\":{\"@type\":\"ImageObject\",\"inLanguage\":\"de\",\"@id\":\"https:\\\/\\\/dianasilver.com\\\/de\\\/#\\\/schema\\\/logo\\\/image\\\/\",\"url\":\"https:\\\/\\\/dianasilver.com\\\/wp-content\\\/uploads\\\/2022\\\/08\\\/ezust-feher-1-koves-buttonos-stekkeres-fulbevalo-42.webp\",\"contentUrl\":\"https:\\\/\\\/dianasilver.com\\\/wp-content\\\/uploads\\\/2022\\\/08\\\/ezust-feher-1-koves-buttonos-stekkeres-fulbevalo-42.webp\",\"width\":300,\"height\":154,\"caption\":\"Diana Silver\"},\"image\":{\"@id\":\"https:\\\/\\\/dianasilver.com\\\/de\\\/#\\\/schema\\\/logo\\\/image\\\/\"},\"sameAs\":[\"https:\\\/\\\/www.facebook.com\\\/profile.php?id=100027231325117\"]}]}<\/script>\n<!-- \/ Yoast SEO plugin. -->","yoast_head_json":{"title":"Perlenbesatz mit Zirkonia - AG 925 Silber, rhodiniert (ohne Kette) | Diana Silver","description":"Fedezd fel a leny\u0171g\u00f6z\u0151 Perlenbesatz mit Zirkonia - AG 925 Silber, rhodiniert (ohne Kette) \u00e9kszer\u00fcnket. T\u00f6k\u00e9letes kieg\u00e9sz\u00edt\u0151 mindennapi viselethez \u00e9s k\u00fcl\u00f6nleges alkalmakra egyar\u00e1nt. Rendeld meg most!","robots":{"index":"index","follow":"follow","max-snippet":"max-snippet:-1","max-image-preview":"max-image-preview:large","max-video-preview":"max-video-preview:-1"},"canonical":"https:\/\/dianasilver.com\/de\/termek\/perlenbesatz-mit-zirkonia-ag-925-silber-rhodiniert-ohne-kette\/","og_locale":"de_DE","og_type":"article","og_title":"Perlenbesatz mit Zirkonia - AG 925 Silber, rhodiniert (ohne Kette) | Diana Silver","og_description":"Fedezd fel a leny\u0171g\u00f6z\u0151 Perlenbesatz mit Zirkonia - AG 925 Silber, rhodiniert (ohne Kette) \u00e9kszer\u00fcnket. T\u00f6k\u00e9letes kieg\u00e9sz\u00edt\u0151 mindennapi viselethez \u00e9s k\u00fcl\u00f6nleges alkalmakra egyar\u00e1nt. Rendeld meg most!","og_url":"https:\/\/dianasilver.com\/de\/termek\/perlenbesatz-mit-zirkonia-ag-925-silber-rhodiniert-ohne-kette\/","og_site_name":"Diana Silver","article_publisher":"https:\/\/www.facebook.com\/profile.php?id=100027231325117","article_modified_time":"2026-01-16T15:56:26+00:00","og_image":[{"width":1340,"height":1785,"url":"https:\/\/dianasilver.com\/wp-content\/uploads\/2025\/12\/Gyongy-ekszerszett-cirkoniaval_1.jpg","type":"image\/jpeg"}],"twitter_card":"summary_large_image","twitter_misc":{"Gesch\u00e4tzte Lesezeit":"1\u00a0Minute"},"schema":{"@context":"https:\/\/schema.org","@graph":[{"@type":"WebPage","@id":"https:\/\/dianasilver.com\/de\/termek\/perlenbesatz-mit-zirkonia-ag-925-silber-rhodiniert-ohne-kette\/","url":"https:\/\/dianasilver.com\/de\/termek\/perlenbesatz-mit-zirkonia-ag-925-silber-rhodiniert-ohne-kette\/","name":"Perlenbesatz mit Zirkonia - AG 925 Silber, rhodiniert (ohne Kette) | Diana Silver","isPartOf":{"@id":"https:\/\/dianasilver.com\/de\/#website"},"primaryImageOfPage":{"@id":"https:\/\/dianasilver.com\/de\/termek\/perlenbesatz-mit-zirkonia-ag-925-silber-rhodiniert-ohne-kette\/#primaryimage"},"image":{"@id":"https:\/\/dianasilver.com\/de\/termek\/perlenbesatz-mit-zirkonia-ag-925-silber-rhodiniert-ohne-kette\/#primaryimage"},"thumbnailUrl":"https:\/\/dianasilver.com\/wp-content\/uploads\/2025\/12\/Gyongy-ekszerszett-cirkoniaval_1.jpg","datePublished":"2025-12-07T11:19:00+00:00","dateModified":"2026-01-16T15:56:26+00:00","description":"Fedezd fel a leny\u0171g\u00f6z\u0151 Perlenbesatz mit Zirkonia - AG 925 Silber, rhodiniert (ohne Kette) \u00e9kszer\u00fcnket. T\u00f6k\u00e9letes kieg\u00e9sz\u00edt\u0151 mindennapi viselethez \u00e9s k\u00fcl\u00f6nleges alkalmakra egyar\u00e1nt. Rendeld meg most!","breadcrumb":{"@id":"https:\/\/dianasilver.com\/de\/termek\/perlenbesatz-mit-zirkonia-ag-925-silber-rhodiniert-ohne-kette\/#breadcrumb"},"inLanguage":"de","potentialAction":[{"@type":"ReadAction","target":["https:\/\/dianasilver.com\/de\/termek\/perlenbesatz-mit-zirkonia-ag-925-silber-rhodiniert-ohne-kette\/"]}]},{"@type":"ImageObject","inLanguage":"de","@id":"https:\/\/dianasilver.com\/de\/termek\/perlenbesatz-mit-zirkonia-ag-925-silber-rhodiniert-ohne-kette\/#primaryimage","url":"https:\/\/dianasilver.com\/wp-content\/uploads\/2025\/12\/Gyongy-ekszerszett-cirkoniaval_1.jpg","contentUrl":"https:\/\/dianasilver.com\/wp-content\/uploads\/2025\/12\/Gyongy-ekszerszett-cirkoniaval_1.jpg","width":1340,"height":1785},{"@type":"BreadcrumbList","@id":"https:\/\/dianasilver.com\/de\/termek\/perlenbesatz-mit-zirkonia-ag-925-silber-rhodiniert-ohne-kette\/#breadcrumb","itemListElement":[{"@type":"ListItem","position":1,"name":"Kezd\u0151lap","item":"https:\/\/dianasilver.com\/de\/diana-silver-silberschmuck-webshop\/"},{"@type":"ListItem","position":2,"name":"Shop","item":"https:\/\/dianasilver.com\/de\/shop\/"},{"@type":"ListItem","position":3,"name":"Perlenbesatz mit Zirkonia &#8211; AG 925 Silber, rhodiniert (ohne Kette)"}]},{"@type":"WebSite","@id":"https:\/\/dianasilver.com\/de\/#website","url":"https:\/\/dianasilver.com\/de\/","name":"Diana Silver","description":"Tedd t\u00f6k\u00e9letesebb\u00e9 mindennapjaid a Diana Silver \u00e9kszereivel.","publisher":{"@id":"https:\/\/dianasilver.com\/de\/#organization"},"alternateName":"Ez\u00fcst \u00c9kszer Web\u00e1ruh\u00e1z","potentialAction":[{"@type":"SearchAction","target":{"@type":"EntryPoint","urlTemplate":"https:\/\/dianasilver.com\/de\/?s={search_term_string}"},"query-input":{"@type":"PropertyValueSpecification","valueRequired":true,"valueName":"search_term_string"}}],"inLanguage":"de"},{"@type":"Organization","@id":"https:\/\/dianasilver.com\/de\/#organization","name":"Diana Silver","url":"https:\/\/dianasilver.com\/de\/","logo":{"@type":"ImageObject","inLanguage":"de","@id":"https:\/\/dianasilver.com\/de\/#\/schema\/logo\/image\/","url":"https:\/\/dianasilver.com\/wp-content\/uploads\/2022\/08\/ezust-feher-1-koves-buttonos-stekkeres-fulbevalo-42.webp","contentUrl":"https:\/\/dianasilver.com\/wp-content\/uploads\/2022\/08\/ezust-feher-1-koves-buttonos-stekkeres-fulbevalo-42.webp","width":300,"height":154,"caption":"Diana Silver"},"image":{"@id":"https:\/\/dianasilver.com\/de\/#\/schema\/logo\/image\/"},"sameAs":["https:\/\/www.facebook.com\/profile.php?id=100027231325117"]}]}},"_links":{"self":[{"href":"https:\/\/dianasilver.com\/de\/wp-json\/wp\/v2\/product\/116913","targetHints":{"allow":["GET"]}}],"collection":[{"href":"https:\/\/dianasilver.com\/de\/wp-json\/wp\/v2\/product"}],"about":[{"href":"https:\/\/dianasilver.com\/de\/wp-json\/wp\/v2\/types\/product"}],"version-history":[{"count":0,"href":"https:\/\/dianasilver.com\/de\/wp-json\/wp\/v2\/product\/116913\/revisions"}],"wp:featuredmedia":[{"embeddable":true,"href":"https:\/\/dianasilver.com\/de\/wp-json\/wp\/v2\/media\/116798"}],"wp:attachment":[{"href":"https:\/\/dianasilver.com\/de\/wp-json\/wp\/v2\/media?parent=116913"}],"wp:term":[{"taxonomy":"product_brand","embeddable":true,"href":"https:\/\/dianasilver.com\/de\/wp-json\/wp\/v2\/product_brand?post=116913"},{"taxonomy":"product_cat","embeddable":true,"href":"https:\/\/dianasilver.com\/de\/wp-json\/wp\/v2\/product_cat?post=116913"},{"taxonomy":"product_tag","embeddable":true,"href":"https:\/\/dianasilver.com\/de\/wp-json\/wp\/v2\/product_tag?post=116913"}],"curies":[{"name":"wp","href":"https:\/\/api.w.org\/{rel}","templated":true}]}}