{"id":113399,"date":"2022-08-31T13:38:20","date_gmt":"2022-08-31T11:38:20","guid":{"rendered":"https:\/\/dianasilver.hu\/termek\/silberne-herz-ohrringe-mit-weissem-stein-2\/"},"modified":"2026-03-10T00:21:45","modified_gmt":"2026-03-09T23:21:45","slug":"silberne-herz-ohrringe-mit-weissem-stein-2","status":"publish","type":"product","link":"https:\/\/dianasilver.com\/de\/termek\/silberne-herz-ohrringe-mit-weissem-stein-2\/","title":{"rendered":"Silberne Herz-Ohrringe mit wei\u00dfem Stein"},"content":{"rendered":"<h2 data-start=\"292\" data-end=\"371\">\ud83d\udc8e <strong data-start=\"295\" data-end=\"369\">Silberne Herz-Ohrringe mit wei\u00dfem Stein &#8211; ein raffinierter Ausdruck von Gef\u00fchl<\/strong><\/h2>\n<p data-start=\"373\" data-end=\"675\">Dieser wundersch\u00f6ne <strong data-start=\"389\" data-end=\"413\">herzf\u00f6rmige Ohrring<\/strong> besteht <strong data-start=\"414\" data-end=\"452\">aus 925er Sterlingsilber, das mit einer Rhodiumbeschichtung versehen ist<\/strong>, die vor Verf\u00e4rbungen sch\u00fctzt und den Glanz \u00fcber lange Zeit bewahrt. Das Herzmotiv symbolisiert ewige Liebe, tiefe Gef\u00fchle und Romantik und ist somit das perfekte Geschenk f\u00fcr Ihre Liebsten.<\/p>\n<p data-start=\"677\" data-end=\"717\">\ud83d\udc96 <strong data-start=\"680\" data-end=\"715\">Was symbolisiert das Herzmotiv?<\/strong><\/p>\n<ul data-start=\"719\" data-end=\"968\">\n<li data-start=\"719\" data-end=\"799\">Sie ist <strong data-start=\"721\" data-end=\"760\">ein Symbol f\u00fcr Liebe und Zusammengeh\u00f6rigkeit<\/strong> &#8211; eines der emotionalsten Symbole.<\/li>\n<li data-start=\"800\" data-end=\"888\"><strong data-start=\"802\" data-end=\"845\">Der Inbegriff von Romantik und S\u00fc\u00dfe<\/strong> &#8211; das perfekte Accessoire f\u00fcr jeden Anlass.<\/li>\n<li data-start=\"889\" data-end=\"968\"><strong data-start=\"891\" data-end=\"928\">Ein Ausdruck von Weiblichkeit und Raffinesse<\/strong> &#8211; elegantes und doch zur\u00fcckhaltendes Design.<\/li>\n<\/ul>\n<p data-start=\"970\" data-end=\"1009\">\u2728 <strong data-start=\"972\" data-end=\"1007\">Warum sollten Sie diesen Ohrring w\u00e4hlen?<\/strong><\/p>\n<ul data-start=\"1011\" data-end=\"1331\">\n<li data-start=\"1011\" data-end=\"1103\"><strong data-start=\"1013\" data-end=\"1033\">Hochwertige Qualit\u00e4t:<\/strong> <strong data-start=\"1034\" data-end=\"1069\">AG 925 Silber mit Rhodiumbeschichtung<\/strong> f\u00fcr Haltbarkeit und Glanz.<\/li>\n<li data-start=\"1104\" data-end=\"1171\"><strong data-start=\"1106\" data-end=\"1125\">Zeitloses Design:<\/strong> eine Herzform, die nie aus der Mode kommt.<\/li>\n<li data-start=\"1172\" data-end=\"1251\"><strong data-start=\"1174\" data-end=\"1208\">Funkelnde wei\u00dfe Zirkoniasteine:<\/strong> f\u00fcr einen subtilen, eleganten Look.<\/li>\n<li data-start=\"1252\" data-end=\"1331\"><strong data-start=\"1254\" data-end=\"1291\">Bequem und sicher zu tragen:<\/strong> komfortabler Schmuck, der den ganzen Tag getragen werden kann.<\/li>\n<\/ul>\n<p data-start=\"1333\" data-end=\"1440\" data-is-last-node=\"\">\ud83c\udf81 <strong data-start=\"1336\" data-end=\"1436\">Das perfekte Geschenk f\u00fcr Ihre Lieben, Familienmitglieder oder sich selbst, um ein wenig Luxus auszudr\u00fccken!<\/strong> \ud83d\udc96\u2728<\/p>\n","protected":false},"excerpt":{"rendered":"<p><strong data-start=\"36\" data-end=\"74\">Silberne Herz-Ohrringe mit wei\u00dfen Steinen<\/strong> &#8211; die perfekte Verk\u00f6rperung von Liebe und Eleganz! \ud83d\udc96\u2728 Die dezent schimmernden Zirkoniasteine und die Herzform verspr\u00fchen zeitlosen Charme, perfekt f\u00fcr jeden Anlass.<\/p>\n","protected":false},"featured_media":97490,"template":"","meta":{"_acf_changed":false},"product_brand":[],"product_cat":[573],"product_tag":[527,633,650],"class_list":{"0":"post-113399","1":"product","2":"type-product","3":"status-publish","4":"has-post-thumbnail","6":"product_cat-silberne-ohrringe","7":"product_tag-silberschmuck-fur-damen","8":"product_tag-herz","9":"product_tag-kinder-silberschmuck","10":"description-off","12":"first","13":"instock","14":"sale","15":"taxable","16":"shipping-taxable","17":"purchasable","18":"product-type-simple"},"acf":[],"yoast_head":"<!-- This site is optimized with the Yoast SEO plugin v27.4 - https:\/\/yoast.com\/product\/yoast-seo-wordpress\/ -->\n<title>Silberne Herz-Ohrringe mit wei\u00dfem Stein | Diana Silver<\/title>\n<meta name=\"description\" content=\"Fedezd fel a leny\u0171g\u00f6z\u0151 Silberne Herz-Ohrringe mit wei\u00dfem Stein \u00e9kszer\u00fcnket. T\u00f6k\u00e9letes kieg\u00e9sz\u00edt\u0151 mindennapi viselethez \u00e9s k\u00fcl\u00f6nleges alkalmakra egyar\u00e1nt. Rendeld meg most!\" \/>\n<meta name=\"robots\" content=\"index, follow, max-snippet:-1, max-image-preview:large, max-video-preview:-1\" \/>\n<link rel=\"canonical\" href=\"https:\/\/dianasilver.com\/de\/termek\/silberne-herz-ohrringe-mit-weissem-stein-2\/\" \/>\n<meta property=\"og:locale\" content=\"de_DE\" \/>\n<meta property=\"og:type\" content=\"article\" \/>\n<meta property=\"og:title\" content=\"Silberne Herz-Ohrringe mit wei\u00dfem Stein | Diana Silver\" \/>\n<meta property=\"og:description\" content=\"Fedezd fel a leny\u0171g\u00f6z\u0151 Silberne Herz-Ohrringe mit wei\u00dfem Stein \u00e9kszer\u00fcnket. T\u00f6k\u00e9letes kieg\u00e9sz\u00edt\u0151 mindennapi viselethez \u00e9s k\u00fcl\u00f6nleges alkalmakra egyar\u00e1nt. Rendeld meg most!\" \/>\n<meta property=\"og:url\" content=\"https:\/\/dianasilver.com\/de\/termek\/silberne-herz-ohrringe-mit-weissem-stein-2\/\" \/>\n<meta property=\"og:site_name\" content=\"Diana Silver\" \/>\n<meta property=\"article:publisher\" content=\"https:\/\/www.facebook.com\/profile.php?id=100027231325117\" \/>\n<meta property=\"article:modified_time\" content=\"2026-03-09T23:21:45+00:00\" \/>\n<meta property=\"og:image\" content=\"https:\/\/dianasilver.com\/wp-content\/uploads\/2022\/08\/ezust-feher-koves-szives-fulbevalo-2958.jpg\" \/>\n\t<meta property=\"og:image:width\" content=\"800\" \/>\n\t<meta property=\"og:image:height\" content=\"800\" \/>\n\t<meta property=\"og:image:type\" content=\"image\/jpeg\" \/>\n<meta name=\"twitter:card\" content=\"summary_large_image\" \/>\n<meta name=\"twitter:label1\" content=\"Gesch\u00e4tzte Lesezeit\" \/>\n\t<meta name=\"twitter:data1\" content=\"1\u00a0Minute\" \/>\n<script type=\"application\/ld+json\" class=\"yoast-schema-graph\">{\"@context\":\"https:\\\/\\\/schema.org\",\"@graph\":[{\"@type\":\"WebPage\",\"@id\":\"https:\\\/\\\/dianasilver.com\\\/de\\\/termek\\\/silberne-herz-ohrringe-mit-weissem-stein-2\\\/\",\"url\":\"https:\\\/\\\/dianasilver.com\\\/de\\\/termek\\\/silberne-herz-ohrringe-mit-weissem-stein-2\\\/\",\"name\":\"Silberne Herz-Ohrringe mit wei\u00dfem Stein | Diana Silver\",\"isPartOf\":{\"@id\":\"https:\\\/\\\/dianasilver.com\\\/de\\\/#website\"},\"primaryImageOfPage\":{\"@id\":\"https:\\\/\\\/dianasilver.com\\\/de\\\/termek\\\/silberne-herz-ohrringe-mit-weissem-stein-2\\\/#primaryimage\"},\"image\":{\"@id\":\"https:\\\/\\\/dianasilver.com\\\/de\\\/termek\\\/silberne-herz-ohrringe-mit-weissem-stein-2\\\/#primaryimage\"},\"thumbnailUrl\":\"https:\\\/\\\/dianasilver.com\\\/wp-content\\\/uploads\\\/2022\\\/08\\\/ezust-feher-koves-szives-fulbevalo-2958.jpg\",\"datePublished\":\"2022-08-31T11:38:20+00:00\",\"dateModified\":\"2026-03-09T23:21:45+00:00\",\"description\":\"Fedezd fel a leny\u0171g\u00f6z\u0151 Silberne Herz-Ohrringe mit wei\u00dfem Stein \u00e9kszer\u00fcnket. T\u00f6k\u00e9letes kieg\u00e9sz\u00edt\u0151 mindennapi viselethez \u00e9s k\u00fcl\u00f6nleges alkalmakra egyar\u00e1nt. Rendeld meg most!\",\"breadcrumb\":{\"@id\":\"https:\\\/\\\/dianasilver.com\\\/de\\\/termek\\\/silberne-herz-ohrringe-mit-weissem-stein-2\\\/#breadcrumb\"},\"inLanguage\":\"de\",\"potentialAction\":[{\"@type\":\"ReadAction\",\"target\":[\"https:\\\/\\\/dianasilver.com\\\/de\\\/termek\\\/silberne-herz-ohrringe-mit-weissem-stein-2\\\/\"]}]},{\"@type\":\"ImageObject\",\"inLanguage\":\"de\",\"@id\":\"https:\\\/\\\/dianasilver.com\\\/de\\\/termek\\\/silberne-herz-ohrringe-mit-weissem-stein-2\\\/#primaryimage\",\"url\":\"https:\\\/\\\/dianasilver.com\\\/wp-content\\\/uploads\\\/2022\\\/08\\\/ezust-feher-koves-szives-fulbevalo-2958.jpg\",\"contentUrl\":\"https:\\\/\\\/dianasilver.com\\\/wp-content\\\/uploads\\\/2022\\\/08\\\/ezust-feher-koves-szives-fulbevalo-2958.jpg\",\"width\":800,\"height\":800},{\"@type\":\"BreadcrumbList\",\"@id\":\"https:\\\/\\\/dianasilver.com\\\/de\\\/termek\\\/silberne-herz-ohrringe-mit-weissem-stein-2\\\/#breadcrumb\",\"itemListElement\":[{\"@type\":\"ListItem\",\"position\":1,\"name\":\"Kezd\u0151lap\",\"item\":\"https:\\\/\\\/dianasilver.com\\\/de\\\/diana-silver-silberschmuck-webshop\\\/\"},{\"@type\":\"ListItem\",\"position\":2,\"name\":\"Shop\",\"item\":\"https:\\\/\\\/dianasilver.com\\\/de\\\/shop\\\/\"},{\"@type\":\"ListItem\",\"position\":3,\"name\":\"Silberne Herz-Ohrringe mit wei\u00dfem Stein\"}]},{\"@type\":\"WebSite\",\"@id\":\"https:\\\/\\\/dianasilver.com\\\/de\\\/#website\",\"url\":\"https:\\\/\\\/dianasilver.com\\\/de\\\/\",\"name\":\"Diana Silver\",\"description\":\"Tedd t\u00f6k\u00e9letesebb\u00e9 mindennapjaid a Diana Silver \u00e9kszereivel.\",\"publisher\":{\"@id\":\"https:\\\/\\\/dianasilver.com\\\/de\\\/#organization\"},\"alternateName\":\"Ez\u00fcst \u00c9kszer Web\u00e1ruh\u00e1z\",\"potentialAction\":[{\"@type\":\"SearchAction\",\"target\":{\"@type\":\"EntryPoint\",\"urlTemplate\":\"https:\\\/\\\/dianasilver.com\\\/de\\\/?s={search_term_string}\"},\"query-input\":{\"@type\":\"PropertyValueSpecification\",\"valueRequired\":true,\"valueName\":\"search_term_string\"}}],\"inLanguage\":\"de\"},{\"@type\":\"Organization\",\"@id\":\"https:\\\/\\\/dianasilver.com\\\/de\\\/#organization\",\"name\":\"Diana Silver\",\"url\":\"https:\\\/\\\/dianasilver.com\\\/de\\\/\",\"logo\":{\"@type\":\"ImageObject\",\"inLanguage\":\"de\",\"@id\":\"https:\\\/\\\/dianasilver.com\\\/de\\\/#\\\/schema\\\/logo\\\/image\\\/\",\"url\":\"https:\\\/\\\/dianasilver.com\\\/wp-content\\\/uploads\\\/2022\\\/08\\\/ezust-feher-1-koves-buttonos-stekkeres-fulbevalo-42.webp\",\"contentUrl\":\"https:\\\/\\\/dianasilver.com\\\/wp-content\\\/uploads\\\/2022\\\/08\\\/ezust-feher-1-koves-buttonos-stekkeres-fulbevalo-42.webp\",\"width\":300,\"height\":154,\"caption\":\"Diana Silver\"},\"image\":{\"@id\":\"https:\\\/\\\/dianasilver.com\\\/de\\\/#\\\/schema\\\/logo\\\/image\\\/\"},\"sameAs\":[\"https:\\\/\\\/www.facebook.com\\\/profile.php?id=100027231325117\"]}]}<\/script>\n<!-- \/ Yoast SEO plugin. -->","yoast_head_json":{"title":"Silberne Herz-Ohrringe mit wei\u00dfem Stein | Diana Silver","description":"Fedezd fel a leny\u0171g\u00f6z\u0151 Silberne Herz-Ohrringe mit wei\u00dfem Stein \u00e9kszer\u00fcnket. T\u00f6k\u00e9letes kieg\u00e9sz\u00edt\u0151 mindennapi viselethez \u00e9s k\u00fcl\u00f6nleges alkalmakra egyar\u00e1nt. Rendeld meg most!","robots":{"index":"index","follow":"follow","max-snippet":"max-snippet:-1","max-image-preview":"max-image-preview:large","max-video-preview":"max-video-preview:-1"},"canonical":"https:\/\/dianasilver.com\/de\/termek\/silberne-herz-ohrringe-mit-weissem-stein-2\/","og_locale":"de_DE","og_type":"article","og_title":"Silberne Herz-Ohrringe mit wei\u00dfem Stein | Diana Silver","og_description":"Fedezd fel a leny\u0171g\u00f6z\u0151 Silberne Herz-Ohrringe mit wei\u00dfem Stein \u00e9kszer\u00fcnket. T\u00f6k\u00e9letes kieg\u00e9sz\u00edt\u0151 mindennapi viselethez \u00e9s k\u00fcl\u00f6nleges alkalmakra egyar\u00e1nt. Rendeld meg most!","og_url":"https:\/\/dianasilver.com\/de\/termek\/silberne-herz-ohrringe-mit-weissem-stein-2\/","og_site_name":"Diana Silver","article_publisher":"https:\/\/www.facebook.com\/profile.php?id=100027231325117","article_modified_time":"2026-03-09T23:21:45+00:00","og_image":[{"width":800,"height":800,"url":"https:\/\/dianasilver.com\/wp-content\/uploads\/2022\/08\/ezust-feher-koves-szives-fulbevalo-2958.jpg","type":"image\/jpeg"}],"twitter_card":"summary_large_image","twitter_misc":{"Gesch\u00e4tzte Lesezeit":"1\u00a0Minute"},"schema":{"@context":"https:\/\/schema.org","@graph":[{"@type":"WebPage","@id":"https:\/\/dianasilver.com\/de\/termek\/silberne-herz-ohrringe-mit-weissem-stein-2\/","url":"https:\/\/dianasilver.com\/de\/termek\/silberne-herz-ohrringe-mit-weissem-stein-2\/","name":"Silberne Herz-Ohrringe mit wei\u00dfem Stein | Diana Silver","isPartOf":{"@id":"https:\/\/dianasilver.com\/de\/#website"},"primaryImageOfPage":{"@id":"https:\/\/dianasilver.com\/de\/termek\/silberne-herz-ohrringe-mit-weissem-stein-2\/#primaryimage"},"image":{"@id":"https:\/\/dianasilver.com\/de\/termek\/silberne-herz-ohrringe-mit-weissem-stein-2\/#primaryimage"},"thumbnailUrl":"https:\/\/dianasilver.com\/wp-content\/uploads\/2022\/08\/ezust-feher-koves-szives-fulbevalo-2958.jpg","datePublished":"2022-08-31T11:38:20+00:00","dateModified":"2026-03-09T23:21:45+00:00","description":"Fedezd fel a leny\u0171g\u00f6z\u0151 Silberne Herz-Ohrringe mit wei\u00dfem Stein \u00e9kszer\u00fcnket. T\u00f6k\u00e9letes kieg\u00e9sz\u00edt\u0151 mindennapi viselethez \u00e9s k\u00fcl\u00f6nleges alkalmakra egyar\u00e1nt. Rendeld meg most!","breadcrumb":{"@id":"https:\/\/dianasilver.com\/de\/termek\/silberne-herz-ohrringe-mit-weissem-stein-2\/#breadcrumb"},"inLanguage":"de","potentialAction":[{"@type":"ReadAction","target":["https:\/\/dianasilver.com\/de\/termek\/silberne-herz-ohrringe-mit-weissem-stein-2\/"]}]},{"@type":"ImageObject","inLanguage":"de","@id":"https:\/\/dianasilver.com\/de\/termek\/silberne-herz-ohrringe-mit-weissem-stein-2\/#primaryimage","url":"https:\/\/dianasilver.com\/wp-content\/uploads\/2022\/08\/ezust-feher-koves-szives-fulbevalo-2958.jpg","contentUrl":"https:\/\/dianasilver.com\/wp-content\/uploads\/2022\/08\/ezust-feher-koves-szives-fulbevalo-2958.jpg","width":800,"height":800},{"@type":"BreadcrumbList","@id":"https:\/\/dianasilver.com\/de\/termek\/silberne-herz-ohrringe-mit-weissem-stein-2\/#breadcrumb","itemListElement":[{"@type":"ListItem","position":1,"name":"Kezd\u0151lap","item":"https:\/\/dianasilver.com\/de\/diana-silver-silberschmuck-webshop\/"},{"@type":"ListItem","position":2,"name":"Shop","item":"https:\/\/dianasilver.com\/de\/shop\/"},{"@type":"ListItem","position":3,"name":"Silberne Herz-Ohrringe mit wei\u00dfem Stein"}]},{"@type":"WebSite","@id":"https:\/\/dianasilver.com\/de\/#website","url":"https:\/\/dianasilver.com\/de\/","name":"Diana Silver","description":"Tedd t\u00f6k\u00e9letesebb\u00e9 mindennapjaid a Diana Silver \u00e9kszereivel.","publisher":{"@id":"https:\/\/dianasilver.com\/de\/#organization"},"alternateName":"Ez\u00fcst \u00c9kszer Web\u00e1ruh\u00e1z","potentialAction":[{"@type":"SearchAction","target":{"@type":"EntryPoint","urlTemplate":"https:\/\/dianasilver.com\/de\/?s={search_term_string}"},"query-input":{"@type":"PropertyValueSpecification","valueRequired":true,"valueName":"search_term_string"}}],"inLanguage":"de"},{"@type":"Organization","@id":"https:\/\/dianasilver.com\/de\/#organization","name":"Diana Silver","url":"https:\/\/dianasilver.com\/de\/","logo":{"@type":"ImageObject","inLanguage":"de","@id":"https:\/\/dianasilver.com\/de\/#\/schema\/logo\/image\/","url":"https:\/\/dianasilver.com\/wp-content\/uploads\/2022\/08\/ezust-feher-1-koves-buttonos-stekkeres-fulbevalo-42.webp","contentUrl":"https:\/\/dianasilver.com\/wp-content\/uploads\/2022\/08\/ezust-feher-1-koves-buttonos-stekkeres-fulbevalo-42.webp","width":300,"height":154,"caption":"Diana Silver"},"image":{"@id":"https:\/\/dianasilver.com\/de\/#\/schema\/logo\/image\/"},"sameAs":["https:\/\/www.facebook.com\/profile.php?id=100027231325117"]}]}},"_links":{"self":[{"href":"https:\/\/dianasilver.com\/de\/wp-json\/wp\/v2\/product\/113399","targetHints":{"allow":["GET"]}}],"collection":[{"href":"https:\/\/dianasilver.com\/de\/wp-json\/wp\/v2\/product"}],"about":[{"href":"https:\/\/dianasilver.com\/de\/wp-json\/wp\/v2\/types\/product"}],"version-history":[{"count":0,"href":"https:\/\/dianasilver.com\/de\/wp-json\/wp\/v2\/product\/113399\/revisions"}],"wp:featuredmedia":[{"embeddable":true,"href":"https:\/\/dianasilver.com\/de\/wp-json\/wp\/v2\/media\/97490"}],"wp:attachment":[{"href":"https:\/\/dianasilver.com\/de\/wp-json\/wp\/v2\/media?parent=113399"}],"wp:term":[{"taxonomy":"product_brand","embeddable":true,"href":"https:\/\/dianasilver.com\/de\/wp-json\/wp\/v2\/product_brand?post=113399"},{"taxonomy":"product_cat","embeddable":true,"href":"https:\/\/dianasilver.com\/de\/wp-json\/wp\/v2\/product_cat?post=113399"},{"taxonomy":"product_tag","embeddable":true,"href":"https:\/\/dianasilver.com\/de\/wp-json\/wp\/v2\/product_tag?post=113399"}],"curies":[{"name":"wp","href":"https:\/\/api.w.org\/{rel}","templated":true}]}}