{"id":113386,"date":"2022-08-31T13:38:18","date_gmt":"2022-08-31T11:38:18","guid":{"rendered":"https:\/\/dianasilver.hu\/termek\/silberne-schneeflocken-ohrringe-mit-weissem-stein-6\/"},"modified":"2026-03-10T00:21:46","modified_gmt":"2026-03-09T23:21:46","slug":"silberne-schneeflocken-ohrringe-mit-weissem-stein-6","status":"publish","type":"product","link":"https:\/\/dianasilver.com\/de\/termek\/silberne-schneeflocken-ohrringe-mit-weissem-stein-6\/","title":{"rendered":"Silberne Schneeflocken-Ohrringe mit wei\u00dfem Stein"},"content":{"rendered":"<h2 data-start=\"288\" data-end=\"362\">\ud83d\udc8e <strong data-start=\"291\" data-end=\"360\">Silberne Schneeflocken-Ohrringe mit wei\u00dfem Stein &#8211; ein Symbol f\u00fcr winterlichen Glamour<\/strong><\/h2>\n<p data-start=\"364\" data-end=\"653\">Diese wundersch\u00f6nen <strong data-start=\"378\" data-end=\"399\">Schneeflocken-Ohrringe<\/strong> sind <strong data-start=\"400\" data-end=\"438\">aus AG 925 Sterlingsilber mit einer Rhodiumbeschichtung<\/strong> gefertigt, die dem Schmuck einen dauerhaften Glanz verleiht und ihn vor Verf\u00e4rbungen sch\u00fctzt. Die detailreiche Handwerkskunst und die strahlend wei\u00dfen Zirkoniasteine schaffen ein harmonisches Gleichgewicht zwischen Eleganz und Winterzauber.<\/p>\n<p data-start=\"655\" data-end=\"689\">\u2744\ufe0f <strong data-start=\"658\" data-end=\"687\">Was symbolisiert die Schneeflocke?<\/strong><\/p>\n<ul data-start=\"690\" data-end=\"919\">\n<li data-start=\"690\" data-end=\"751\"><strong data-start=\"692\" data-end=\"708\">Einzigartigkeit:<\/strong> Jede Schneeflocke ist etwas Besonderes, genau wie Sie!<\/li>\n<li data-start=\"752\" data-end=\"847\"><strong data-start=\"754\" data-end=\"787\">Reinheit und Wiedergeburt:<\/strong> Das Wei\u00dfe des Schnees steht f\u00fcr Frische und Reinheit.<\/li>\n<li data-start=\"848\" data-end=\"919\"><strong data-start=\"850\" data-end=\"870\">Die Sch\u00f6nheit des Winters:<\/strong> ein zarter, weicher Schimmer, der an eine verschneite Landschaft erinnert.<\/li>\n<\/ul>\n<p data-start=\"921\" data-end=\"960\">\u2728 <strong data-start=\"923\" data-end=\"958\">Warum sollten Sie diesen Ohrring w\u00e4hlen?<\/strong><\/p>\n<ul data-start=\"961\" data-end=\"1283\">\n<li data-start=\"961\" data-end=\"1050\"><strong data-start=\"963\" data-end=\"983\">Premiumqualit\u00e4t:<\/strong> <strong data-start=\"984\" data-end=\"1019\">AG 925 Silber mit Rhodiumbeschichtung<\/strong> f\u00fcr lang anhaltenden Glanz.<\/li>\n<li data-start=\"1051\" data-end=\"1116\"><strong data-start=\"1053\" data-end=\"1080\">Elegantes Schneeflockenmotiv:<\/strong> erinnert an die wunderbare Sch\u00f6nheit des Winters.<\/li>\n<li data-start=\"1117\" data-end=\"1186\"><strong data-start=\"1119\" data-end=\"1153\">Funkelnde wei\u00dfe Zirkoniasteine:<\/strong> raffiniertes und festliches Funkeln.<\/li>\n<li data-start=\"1187\" data-end=\"1283\"><strong data-start=\"1189\" data-end=\"1211\">Bequem zu tragen:<\/strong> ein leichtes und stilvolles Accessoire, das den ganzen Tag \u00fcber bequem getragen werden kann.<\/li>\n<\/ul>\n<p data-start=\"1285\" data-end=\"1382\" data-is-last-node=\"\">\ud83c\udf81 <strong data-start=\"1288\" data-end=\"1378\">Das perfekte Geschenk f\u00fcr Winterliebhaber! Lassen Sie die Magie des Schneefalls in Ihren Alltag einflie\u00dfen!<\/strong> \u2744\ufe0f\u2728<\/p>\n","protected":false},"excerpt":{"rendered":"<p data-start=\"36\" data-end=\"241\">\u2744\ufe0f <strong data-start=\"39\" data-end=\"78\">Silberne Schneeflocken-Ohrringe mit wei\u00dfen Steinen<\/strong> &#8211; das Gl\u00fchen des Winters in jedem Moment! Das fein gearbeitete Schneeflockenmotiv und die funkelnden wei\u00dfen Zirkoniasteine verleihen diesem Schmuckst\u00fcck eine einzigartige Eleganz.<\/p>\n","protected":false},"featured_media":97370,"template":"","meta":{"_acf_changed":false},"product_brand":[],"product_cat":[573],"product_tag":[527,650],"class_list":{"0":"post-113386","1":"product","2":"type-product","3":"status-publish","4":"has-post-thumbnail","6":"product_cat-silberne-ohrringe","7":"product_tag-silberschmuck-fur-damen","8":"product_tag-kinder-silberschmuck","9":"description-off","11":"first","12":"instock","13":"sale","14":"taxable","15":"shipping-taxable","16":"purchasable","17":"product-type-simple"},"acf":[],"yoast_head":"<!-- This site is optimized with the Yoast SEO plugin v27.4 - https:\/\/yoast.com\/product\/yoast-seo-wordpress\/ -->\n<title>Silberne Schneeflocken-Ohrringe mit wei\u00dfem Stein | Diana Silver<\/title>\n<meta name=\"description\" content=\"Fedezd fel a leny\u0171g\u00f6z\u0151 Silberne Schneeflocken-Ohrringe mit wei\u00dfem Stein \u00e9kszer\u00fcnket. T\u00f6k\u00e9letes kieg\u00e9sz\u00edt\u0151 mindennapi viselethez \u00e9s k\u00fcl\u00f6nleges alkalmakra egyar\u00e1nt. Rendeld meg most!\" \/>\n<meta name=\"robots\" content=\"index, follow, max-snippet:-1, max-image-preview:large, max-video-preview:-1\" \/>\n<link rel=\"canonical\" href=\"https:\/\/dianasilver.com\/de\/termek\/silberne-schneeflocken-ohrringe-mit-weissem-stein-6\/\" \/>\n<meta property=\"og:locale\" content=\"de_DE\" \/>\n<meta property=\"og:type\" content=\"article\" \/>\n<meta property=\"og:title\" content=\"Silberne Schneeflocken-Ohrringe mit wei\u00dfem Stein | Diana Silver\" \/>\n<meta property=\"og:description\" content=\"Fedezd fel a leny\u0171g\u00f6z\u0151 Silberne Schneeflocken-Ohrringe mit wei\u00dfem Stein \u00e9kszer\u00fcnket. T\u00f6k\u00e9letes kieg\u00e9sz\u00edt\u0151 mindennapi viselethez \u00e9s k\u00fcl\u00f6nleges alkalmakra egyar\u00e1nt. Rendeld meg most!\" \/>\n<meta property=\"og:url\" content=\"https:\/\/dianasilver.com\/de\/termek\/silberne-schneeflocken-ohrringe-mit-weissem-stein-6\/\" \/>\n<meta property=\"og:site_name\" content=\"Diana Silver\" \/>\n<meta property=\"article:publisher\" content=\"https:\/\/www.facebook.com\/profile.php?id=100027231325117\" \/>\n<meta property=\"article:modified_time\" content=\"2026-03-09T23:21:46+00:00\" \/>\n<meta property=\"og:image\" content=\"https:\/\/dianasilver.com\/wp-content\/uploads\/2022\/08\/ezust-hopihes-feher-koves-fulbevalo-2898.jpg\" \/>\n\t<meta property=\"og:image:width\" content=\"800\" \/>\n\t<meta property=\"og:image:height\" content=\"800\" \/>\n\t<meta property=\"og:image:type\" content=\"image\/jpeg\" \/>\n<meta name=\"twitter:card\" content=\"summary_large_image\" \/>\n<meta name=\"twitter:label1\" content=\"Gesch\u00e4tzte Lesezeit\" \/>\n\t<meta name=\"twitter:data1\" content=\"1\u00a0Minute\" \/>\n<script type=\"application\/ld+json\" class=\"yoast-schema-graph\">{\"@context\":\"https:\\\/\\\/schema.org\",\"@graph\":[{\"@type\":\"WebPage\",\"@id\":\"https:\\\/\\\/dianasilver.com\\\/de\\\/termek\\\/silberne-schneeflocken-ohrringe-mit-weissem-stein-6\\\/\",\"url\":\"https:\\\/\\\/dianasilver.com\\\/de\\\/termek\\\/silberne-schneeflocken-ohrringe-mit-weissem-stein-6\\\/\",\"name\":\"Silberne Schneeflocken-Ohrringe mit wei\u00dfem Stein | Diana Silver\",\"isPartOf\":{\"@id\":\"https:\\\/\\\/dianasilver.com\\\/de\\\/#website\"},\"primaryImageOfPage\":{\"@id\":\"https:\\\/\\\/dianasilver.com\\\/de\\\/termek\\\/silberne-schneeflocken-ohrringe-mit-weissem-stein-6\\\/#primaryimage\"},\"image\":{\"@id\":\"https:\\\/\\\/dianasilver.com\\\/de\\\/termek\\\/silberne-schneeflocken-ohrringe-mit-weissem-stein-6\\\/#primaryimage\"},\"thumbnailUrl\":\"https:\\\/\\\/dianasilver.com\\\/wp-content\\\/uploads\\\/2022\\\/08\\\/ezust-hopihes-feher-koves-fulbevalo-2898.jpg\",\"datePublished\":\"2022-08-31T11:38:18+00:00\",\"dateModified\":\"2026-03-09T23:21:46+00:00\",\"description\":\"Fedezd fel a leny\u0171g\u00f6z\u0151 Silberne Schneeflocken-Ohrringe mit wei\u00dfem Stein \u00e9kszer\u00fcnket. T\u00f6k\u00e9letes kieg\u00e9sz\u00edt\u0151 mindennapi viselethez \u00e9s k\u00fcl\u00f6nleges alkalmakra egyar\u00e1nt. Rendeld meg most!\",\"breadcrumb\":{\"@id\":\"https:\\\/\\\/dianasilver.com\\\/de\\\/termek\\\/silberne-schneeflocken-ohrringe-mit-weissem-stein-6\\\/#breadcrumb\"},\"inLanguage\":\"de\",\"potentialAction\":[{\"@type\":\"ReadAction\",\"target\":[\"https:\\\/\\\/dianasilver.com\\\/de\\\/termek\\\/silberne-schneeflocken-ohrringe-mit-weissem-stein-6\\\/\"]}]},{\"@type\":\"ImageObject\",\"inLanguage\":\"de\",\"@id\":\"https:\\\/\\\/dianasilver.com\\\/de\\\/termek\\\/silberne-schneeflocken-ohrringe-mit-weissem-stein-6\\\/#primaryimage\",\"url\":\"https:\\\/\\\/dianasilver.com\\\/wp-content\\\/uploads\\\/2022\\\/08\\\/ezust-hopihes-feher-koves-fulbevalo-2898.jpg\",\"contentUrl\":\"https:\\\/\\\/dianasilver.com\\\/wp-content\\\/uploads\\\/2022\\\/08\\\/ezust-hopihes-feher-koves-fulbevalo-2898.jpg\",\"width\":800,\"height\":800},{\"@type\":\"BreadcrumbList\",\"@id\":\"https:\\\/\\\/dianasilver.com\\\/de\\\/termek\\\/silberne-schneeflocken-ohrringe-mit-weissem-stein-6\\\/#breadcrumb\",\"itemListElement\":[{\"@type\":\"ListItem\",\"position\":1,\"name\":\"Kezd\u0151lap\",\"item\":\"https:\\\/\\\/dianasilver.com\\\/de\\\/diana-silver-silberschmuck-webshop\\\/\"},{\"@type\":\"ListItem\",\"position\":2,\"name\":\"Shop\",\"item\":\"https:\\\/\\\/dianasilver.com\\\/de\\\/shop\\\/\"},{\"@type\":\"ListItem\",\"position\":3,\"name\":\"Silberne Schneeflocken-Ohrringe mit wei\u00dfem Stein\"}]},{\"@type\":\"WebSite\",\"@id\":\"https:\\\/\\\/dianasilver.com\\\/de\\\/#website\",\"url\":\"https:\\\/\\\/dianasilver.com\\\/de\\\/\",\"name\":\"Diana Silver\",\"description\":\"Tedd t\u00f6k\u00e9letesebb\u00e9 mindennapjaid a Diana Silver \u00e9kszereivel.\",\"publisher\":{\"@id\":\"https:\\\/\\\/dianasilver.com\\\/de\\\/#organization\"},\"alternateName\":\"Ez\u00fcst \u00c9kszer Web\u00e1ruh\u00e1z\",\"potentialAction\":[{\"@type\":\"SearchAction\",\"target\":{\"@type\":\"EntryPoint\",\"urlTemplate\":\"https:\\\/\\\/dianasilver.com\\\/de\\\/?s={search_term_string}\"},\"query-input\":{\"@type\":\"PropertyValueSpecification\",\"valueRequired\":true,\"valueName\":\"search_term_string\"}}],\"inLanguage\":\"de\"},{\"@type\":\"Organization\",\"@id\":\"https:\\\/\\\/dianasilver.com\\\/de\\\/#organization\",\"name\":\"Diana Silver\",\"url\":\"https:\\\/\\\/dianasilver.com\\\/de\\\/\",\"logo\":{\"@type\":\"ImageObject\",\"inLanguage\":\"de\",\"@id\":\"https:\\\/\\\/dianasilver.com\\\/de\\\/#\\\/schema\\\/logo\\\/image\\\/\",\"url\":\"https:\\\/\\\/dianasilver.com\\\/wp-content\\\/uploads\\\/2022\\\/08\\\/ezust-feher-1-koves-buttonos-stekkeres-fulbevalo-42.webp\",\"contentUrl\":\"https:\\\/\\\/dianasilver.com\\\/wp-content\\\/uploads\\\/2022\\\/08\\\/ezust-feher-1-koves-buttonos-stekkeres-fulbevalo-42.webp\",\"width\":300,\"height\":154,\"caption\":\"Diana Silver\"},\"image\":{\"@id\":\"https:\\\/\\\/dianasilver.com\\\/de\\\/#\\\/schema\\\/logo\\\/image\\\/\"},\"sameAs\":[\"https:\\\/\\\/www.facebook.com\\\/profile.php?id=100027231325117\"]}]}<\/script>\n<!-- \/ Yoast SEO plugin. -->","yoast_head_json":{"title":"Silberne Schneeflocken-Ohrringe mit wei\u00dfem Stein | Diana Silver","description":"Fedezd fel a leny\u0171g\u00f6z\u0151 Silberne Schneeflocken-Ohrringe mit wei\u00dfem Stein \u00e9kszer\u00fcnket. T\u00f6k\u00e9letes kieg\u00e9sz\u00edt\u0151 mindennapi viselethez \u00e9s k\u00fcl\u00f6nleges alkalmakra egyar\u00e1nt. Rendeld meg most!","robots":{"index":"index","follow":"follow","max-snippet":"max-snippet:-1","max-image-preview":"max-image-preview:large","max-video-preview":"max-video-preview:-1"},"canonical":"https:\/\/dianasilver.com\/de\/termek\/silberne-schneeflocken-ohrringe-mit-weissem-stein-6\/","og_locale":"de_DE","og_type":"article","og_title":"Silberne Schneeflocken-Ohrringe mit wei\u00dfem Stein | Diana Silver","og_description":"Fedezd fel a leny\u0171g\u00f6z\u0151 Silberne Schneeflocken-Ohrringe mit wei\u00dfem Stein \u00e9kszer\u00fcnket. T\u00f6k\u00e9letes kieg\u00e9sz\u00edt\u0151 mindennapi viselethez \u00e9s k\u00fcl\u00f6nleges alkalmakra egyar\u00e1nt. Rendeld meg most!","og_url":"https:\/\/dianasilver.com\/de\/termek\/silberne-schneeflocken-ohrringe-mit-weissem-stein-6\/","og_site_name":"Diana Silver","article_publisher":"https:\/\/www.facebook.com\/profile.php?id=100027231325117","article_modified_time":"2026-03-09T23:21:46+00:00","og_image":[{"width":800,"height":800,"url":"https:\/\/dianasilver.com\/wp-content\/uploads\/2022\/08\/ezust-hopihes-feher-koves-fulbevalo-2898.jpg","type":"image\/jpeg"}],"twitter_card":"summary_large_image","twitter_misc":{"Gesch\u00e4tzte Lesezeit":"1\u00a0Minute"},"schema":{"@context":"https:\/\/schema.org","@graph":[{"@type":"WebPage","@id":"https:\/\/dianasilver.com\/de\/termek\/silberne-schneeflocken-ohrringe-mit-weissem-stein-6\/","url":"https:\/\/dianasilver.com\/de\/termek\/silberne-schneeflocken-ohrringe-mit-weissem-stein-6\/","name":"Silberne Schneeflocken-Ohrringe mit wei\u00dfem Stein | Diana Silver","isPartOf":{"@id":"https:\/\/dianasilver.com\/de\/#website"},"primaryImageOfPage":{"@id":"https:\/\/dianasilver.com\/de\/termek\/silberne-schneeflocken-ohrringe-mit-weissem-stein-6\/#primaryimage"},"image":{"@id":"https:\/\/dianasilver.com\/de\/termek\/silberne-schneeflocken-ohrringe-mit-weissem-stein-6\/#primaryimage"},"thumbnailUrl":"https:\/\/dianasilver.com\/wp-content\/uploads\/2022\/08\/ezust-hopihes-feher-koves-fulbevalo-2898.jpg","datePublished":"2022-08-31T11:38:18+00:00","dateModified":"2026-03-09T23:21:46+00:00","description":"Fedezd fel a leny\u0171g\u00f6z\u0151 Silberne Schneeflocken-Ohrringe mit wei\u00dfem Stein \u00e9kszer\u00fcnket. T\u00f6k\u00e9letes kieg\u00e9sz\u00edt\u0151 mindennapi viselethez \u00e9s k\u00fcl\u00f6nleges alkalmakra egyar\u00e1nt. Rendeld meg most!","breadcrumb":{"@id":"https:\/\/dianasilver.com\/de\/termek\/silberne-schneeflocken-ohrringe-mit-weissem-stein-6\/#breadcrumb"},"inLanguage":"de","potentialAction":[{"@type":"ReadAction","target":["https:\/\/dianasilver.com\/de\/termek\/silberne-schneeflocken-ohrringe-mit-weissem-stein-6\/"]}]},{"@type":"ImageObject","inLanguage":"de","@id":"https:\/\/dianasilver.com\/de\/termek\/silberne-schneeflocken-ohrringe-mit-weissem-stein-6\/#primaryimage","url":"https:\/\/dianasilver.com\/wp-content\/uploads\/2022\/08\/ezust-hopihes-feher-koves-fulbevalo-2898.jpg","contentUrl":"https:\/\/dianasilver.com\/wp-content\/uploads\/2022\/08\/ezust-hopihes-feher-koves-fulbevalo-2898.jpg","width":800,"height":800},{"@type":"BreadcrumbList","@id":"https:\/\/dianasilver.com\/de\/termek\/silberne-schneeflocken-ohrringe-mit-weissem-stein-6\/#breadcrumb","itemListElement":[{"@type":"ListItem","position":1,"name":"Kezd\u0151lap","item":"https:\/\/dianasilver.com\/de\/diana-silver-silberschmuck-webshop\/"},{"@type":"ListItem","position":2,"name":"Shop","item":"https:\/\/dianasilver.com\/de\/shop\/"},{"@type":"ListItem","position":3,"name":"Silberne Schneeflocken-Ohrringe mit wei\u00dfem Stein"}]},{"@type":"WebSite","@id":"https:\/\/dianasilver.com\/de\/#website","url":"https:\/\/dianasilver.com\/de\/","name":"Diana Silver","description":"Tedd t\u00f6k\u00e9letesebb\u00e9 mindennapjaid a Diana Silver \u00e9kszereivel.","publisher":{"@id":"https:\/\/dianasilver.com\/de\/#organization"},"alternateName":"Ez\u00fcst \u00c9kszer Web\u00e1ruh\u00e1z","potentialAction":[{"@type":"SearchAction","target":{"@type":"EntryPoint","urlTemplate":"https:\/\/dianasilver.com\/de\/?s={search_term_string}"},"query-input":{"@type":"PropertyValueSpecification","valueRequired":true,"valueName":"search_term_string"}}],"inLanguage":"de"},{"@type":"Organization","@id":"https:\/\/dianasilver.com\/de\/#organization","name":"Diana Silver","url":"https:\/\/dianasilver.com\/de\/","logo":{"@type":"ImageObject","inLanguage":"de","@id":"https:\/\/dianasilver.com\/de\/#\/schema\/logo\/image\/","url":"https:\/\/dianasilver.com\/wp-content\/uploads\/2022\/08\/ezust-feher-1-koves-buttonos-stekkeres-fulbevalo-42.webp","contentUrl":"https:\/\/dianasilver.com\/wp-content\/uploads\/2022\/08\/ezust-feher-1-koves-buttonos-stekkeres-fulbevalo-42.webp","width":300,"height":154,"caption":"Diana Silver"},"image":{"@id":"https:\/\/dianasilver.com\/de\/#\/schema\/logo\/image\/"},"sameAs":["https:\/\/www.facebook.com\/profile.php?id=100027231325117"]}]}},"_links":{"self":[{"href":"https:\/\/dianasilver.com\/de\/wp-json\/wp\/v2\/product\/113386","targetHints":{"allow":["GET"]}}],"collection":[{"href":"https:\/\/dianasilver.com\/de\/wp-json\/wp\/v2\/product"}],"about":[{"href":"https:\/\/dianasilver.com\/de\/wp-json\/wp\/v2\/types\/product"}],"version-history":[{"count":0,"href":"https:\/\/dianasilver.com\/de\/wp-json\/wp\/v2\/product\/113386\/revisions"}],"wp:featuredmedia":[{"embeddable":true,"href":"https:\/\/dianasilver.com\/de\/wp-json\/wp\/v2\/media\/97370"}],"wp:attachment":[{"href":"https:\/\/dianasilver.com\/de\/wp-json\/wp\/v2\/media?parent=113386"}],"wp:term":[{"taxonomy":"product_brand","embeddable":true,"href":"https:\/\/dianasilver.com\/de\/wp-json\/wp\/v2\/product_brand?post=113386"},{"taxonomy":"product_cat","embeddable":true,"href":"https:\/\/dianasilver.com\/de\/wp-json\/wp\/v2\/product_cat?post=113386"},{"taxonomy":"product_tag","embeddable":true,"href":"https:\/\/dianasilver.com\/de\/wp-json\/wp\/v2\/product_tag?post=113386"}],"curies":[{"name":"wp","href":"https:\/\/api.w.org\/{rel}","templated":true}]}}