{"id":113363,"date":"2022-09-30T11:22:54","date_gmt":"2022-09-30T09:22:54","guid":{"rendered":"https:\/\/dianasilver.hu\/termek\/weisse-steinherz-ohrringe-mit-silbernen-ohrstecker-anhaengern-2\/"},"modified":"2026-02-20T13:51:27","modified_gmt":"2026-02-20T12:51:27","slug":"weisse-steinherz-ohrringe-mit-silbernen-ohrstecker-anhaengern-2","status":"publish","type":"product","link":"https:\/\/dianasilver.com\/de\/termek\/weisse-steinherz-ohrringe-mit-silbernen-ohrstecker-anhaengern-2\/","title":{"rendered":"Wei\u00dfe Steinherz-Ohrringe mit silbernen Ohrstecker-Anh\u00e4ngern"},"content":{"rendered":"<h2><strong>\ud83d\udc8e Herzohrringe mit wei\u00dfem Stein und silbernen Ohrsteckern &#8211; der Inbegriff von Romantik und Eleganz<\/strong><\/h2>\n<p>Dieses <strong>Set aus Ohrringen und Anh\u00e4ngern aus 925er Sterlingsilber<\/strong> zeigt <strong>die zeitlose Sch\u00f6nheit des Herzsymbols<\/strong>, das <strong>f\u00fcr ewige Liebe und reine Gef\u00fchle<\/strong> steht. Das <strong>pr\u00e4zise gearbeitete Herzmotiv<\/strong>, das mit funkelnden wei\u00dfen Steinen besetzt ist, schafft ein romantisches und anspruchsvolles Schmuckst\u00fcck. Die <strong>Rhodiumbeschichtung<\/strong> sorgt f\u00fcr einen lang anhaltenden Glanz und sch\u00fctzt den Schmuck vor Abnutzung.<\/p>\n<p>\ud83d\udc96 <strong>Die Bedeutung des Herzens<\/strong><br \/>\nDas Herz ist <strong>ein Symbol f\u00fcr Gef\u00fchle, Zusammengeh\u00f6rigkeit und wahre Liebe<\/strong>. Dieses elegante Schmuckset ist das perfekte Geschenk, um Ihre Liebe auszudr\u00fccken oder um einen besonderen Moment festzuhalten.<\/p>\n<p>\u2728 <strong>Warum sollten Sie dieses Schmuckset w\u00e4hlen?<\/strong><\/p>\n<ul>\n<li><strong>Hochwertige Qualit\u00e4t:<\/strong> <strong>AG 925 Silber<\/strong> mit <strong>Rhodiumbeschichtung<\/strong> f\u00fcr einen lang anhaltenden Glanz.<\/li>\n<li><strong>Romantisches und raffiniertes Design:<\/strong> Herzmotiv mit wei\u00dfen Steinen verziert.<\/li>\n<li><strong>Perfekte Harmonie in einem Set:<\/strong> die Ohrringe und der Anh\u00e4nger bilden zusammen ein elegantes Ensemble.<\/li>\n<li><strong>Vielseitiges und elegantes Accessoire: die<\/strong> perfekte Wahl f\u00fcr den Alltag und besondere Anl\u00e4sse.<\/li>\n<\/ul>\n<p>\ud83c\udf81 <strong>Auch eine tolle Wahl f\u00fcr ein Geschenk!<\/strong><br \/>\nWenn Sie auf der Suche nach einem <strong>Schmuckset sind, das von Liebe und Eleganz inspiriert ist<\/strong>, ideal <strong>f\u00fcr einen Geburtstag, ein Jubil\u00e4um oder den Valentinstag<\/strong>, werden Sie garantiert begeistert sein.<\/p>\n<p>\ud83d\udcab <strong>Bestellen Sie jetzt und tragen Sie das perfekte Symbol f\u00fcr Liebe und Glamour!<\/strong> \ud83d\udc96\u2728<\/p>\n","protected":false},"excerpt":{"rendered":"<p><strong>Herzohrringe aus wei\u00dfen Steinen mit silbernen Ohrsteckern und Anh\u00e4nger &#8211; die perfekte Kombination aus Liebe und Glamour!<\/strong> \ud83d\udc96\u2728<br \/>\nDieses elegante Schmuckset besticht durch sein fein gearbeitetes Herzmotiv und brillante wei\u00dfe Steine &#8211; die perfekte Wahl, wenn Sie Emotionen und Raffinesse ausdr\u00fccken m\u00f6chten.<\/p>\n","protected":false},"featured_media":96128,"template":"","meta":{"_acf_changed":false},"product_brand":[],"product_cat":[526],"product_tag":[527,633,650],"class_list":{"0":"post-113363","1":"product","2":"type-product","3":"status-publish","4":"has-post-thumbnail","6":"product_cat-silberschmuck-set","7":"product_tag-silberschmuck-fur-damen","8":"product_tag-herz","9":"product_tag-kinder-silberschmuck","10":"description-off","12":"first","13":"instock","14":"taxable","15":"shipping-taxable","16":"purchasable","17":"product-type-simple"},"acf":[],"yoast_head":"<!-- This site is optimized with the Yoast SEO plugin v27.4 - https:\/\/yoast.com\/product\/yoast-seo-wordpress\/ -->\n<title>Wei\u00dfe Steinherz-Ohrringe mit silbernen Ohrstecker-Anh\u00e4ngern | Diana Silver<\/title>\n<meta name=\"description\" content=\"Fedezd fel a leny\u0171g\u00f6z\u0151 Wei\u00dfe Steinherz-Ohrringe mit silbernen Ohrstecker-Anh\u00e4ngern \u00e9kszer\u00fcnket. T\u00f6k\u00e9letes kieg\u00e9sz\u00edt\u0151 mindennapi viselethez \u00e9s k\u00fcl\u00f6nleges alkalmakra egyar\u00e1nt. Rendeld meg most!\" \/>\n<meta name=\"robots\" content=\"index, follow, max-snippet:-1, max-image-preview:large, max-video-preview:-1\" \/>\n<link rel=\"canonical\" href=\"https:\/\/dianasilver.com\/de\/termek\/weisse-steinherz-ohrringe-mit-silbernen-ohrstecker-anhaengern-2\/\" \/>\n<meta property=\"og:locale\" content=\"de_DE\" \/>\n<meta property=\"og:type\" content=\"article\" \/>\n<meta property=\"og:title\" content=\"Wei\u00dfe Steinherz-Ohrringe mit silbernen Ohrstecker-Anh\u00e4ngern | Diana Silver\" \/>\n<meta property=\"og:description\" content=\"Fedezd fel a leny\u0171g\u00f6z\u0151 Wei\u00dfe Steinherz-Ohrringe mit silbernen Ohrstecker-Anh\u00e4ngern \u00e9kszer\u00fcnket. T\u00f6k\u00e9letes kieg\u00e9sz\u00edt\u0151 mindennapi viselethez \u00e9s k\u00fcl\u00f6nleges alkalmakra egyar\u00e1nt. Rendeld meg most!\" \/>\n<meta property=\"og:url\" content=\"https:\/\/dianasilver.com\/de\/termek\/weisse-steinherz-ohrringe-mit-silbernen-ohrstecker-anhaengern-2\/\" \/>\n<meta property=\"og:site_name\" content=\"Diana Silver\" \/>\n<meta property=\"article:publisher\" content=\"https:\/\/www.facebook.com\/profile.php?id=100027231325117\" \/>\n<meta property=\"article:modified_time\" content=\"2026-02-20T12:51:27+00:00\" \/>\n<meta property=\"og:image\" content=\"https:\/\/dianasilver.com\/wp-content\/uploads\/2022\/09\/1-6-compress-scaled.jpg\" \/>\n\t<meta property=\"og:image:width\" content=\"800\" \/>\n\t<meta property=\"og:image:height\" content=\"800\" \/>\n\t<meta property=\"og:image:type\" content=\"image\/jpeg\" \/>\n<meta name=\"twitter:card\" content=\"summary_large_image\" \/>\n<meta name=\"twitter:label1\" content=\"Gesch\u00e4tzte Lesezeit\" \/>\n\t<meta name=\"twitter:data1\" content=\"1\u00a0Minute\" \/>\n<script type=\"application\/ld+json\" class=\"yoast-schema-graph\">{\"@context\":\"https:\\\/\\\/schema.org\",\"@graph\":[{\"@type\":\"WebPage\",\"@id\":\"https:\\\/\\\/dianasilver.com\\\/de\\\/termek\\\/weisse-steinherz-ohrringe-mit-silbernen-ohrstecker-anhaengern-2\\\/\",\"url\":\"https:\\\/\\\/dianasilver.com\\\/de\\\/termek\\\/weisse-steinherz-ohrringe-mit-silbernen-ohrstecker-anhaengern-2\\\/\",\"name\":\"Wei\u00dfe Steinherz-Ohrringe mit silbernen Ohrstecker-Anh\u00e4ngern | Diana Silver\",\"isPartOf\":{\"@id\":\"https:\\\/\\\/dianasilver.com\\\/de\\\/#website\"},\"primaryImageOfPage\":{\"@id\":\"https:\\\/\\\/dianasilver.com\\\/de\\\/termek\\\/weisse-steinherz-ohrringe-mit-silbernen-ohrstecker-anhaengern-2\\\/#primaryimage\"},\"image\":{\"@id\":\"https:\\\/\\\/dianasilver.com\\\/de\\\/termek\\\/weisse-steinherz-ohrringe-mit-silbernen-ohrstecker-anhaengern-2\\\/#primaryimage\"},\"thumbnailUrl\":\"https:\\\/\\\/dianasilver.com\\\/wp-content\\\/uploads\\\/2022\\\/09\\\/1-6-compress-scaled.jpg\",\"datePublished\":\"2022-09-30T09:22:54+00:00\",\"dateModified\":\"2026-02-20T12:51:27+00:00\",\"description\":\"Fedezd fel a leny\u0171g\u00f6z\u0151 Wei\u00dfe Steinherz-Ohrringe mit silbernen Ohrstecker-Anh\u00e4ngern \u00e9kszer\u00fcnket. T\u00f6k\u00e9letes kieg\u00e9sz\u00edt\u0151 mindennapi viselethez \u00e9s k\u00fcl\u00f6nleges alkalmakra egyar\u00e1nt. Rendeld meg most!\",\"breadcrumb\":{\"@id\":\"https:\\\/\\\/dianasilver.com\\\/de\\\/termek\\\/weisse-steinherz-ohrringe-mit-silbernen-ohrstecker-anhaengern-2\\\/#breadcrumb\"},\"inLanguage\":\"de\",\"potentialAction\":[{\"@type\":\"ReadAction\",\"target\":[\"https:\\\/\\\/dianasilver.com\\\/de\\\/termek\\\/weisse-steinherz-ohrringe-mit-silbernen-ohrstecker-anhaengern-2\\\/\"]}]},{\"@type\":\"ImageObject\",\"inLanguage\":\"de\",\"@id\":\"https:\\\/\\\/dianasilver.com\\\/de\\\/termek\\\/weisse-steinherz-ohrringe-mit-silbernen-ohrstecker-anhaengern-2\\\/#primaryimage\",\"url\":\"https:\\\/\\\/dianasilver.com\\\/wp-content\\\/uploads\\\/2022\\\/09\\\/1-6-compress-scaled.jpg\",\"contentUrl\":\"https:\\\/\\\/dianasilver.com\\\/wp-content\\\/uploads\\\/2022\\\/09\\\/1-6-compress-scaled.jpg\",\"width\":800,\"height\":800},{\"@type\":\"BreadcrumbList\",\"@id\":\"https:\\\/\\\/dianasilver.com\\\/de\\\/termek\\\/weisse-steinherz-ohrringe-mit-silbernen-ohrstecker-anhaengern-2\\\/#breadcrumb\",\"itemListElement\":[{\"@type\":\"ListItem\",\"position\":1,\"name\":\"Kezd\u0151lap\",\"item\":\"https:\\\/\\\/dianasilver.com\\\/de\\\/diana-silver-silberschmuck-webshop\\\/\"},{\"@type\":\"ListItem\",\"position\":2,\"name\":\"Shop\",\"item\":\"https:\\\/\\\/dianasilver.com\\\/de\\\/shop\\\/\"},{\"@type\":\"ListItem\",\"position\":3,\"name\":\"Wei\u00dfe Steinherz-Ohrringe mit silbernen Ohrstecker-Anh\u00e4ngern\"}]},{\"@type\":\"WebSite\",\"@id\":\"https:\\\/\\\/dianasilver.com\\\/de\\\/#website\",\"url\":\"https:\\\/\\\/dianasilver.com\\\/de\\\/\",\"name\":\"Diana Silver\",\"description\":\"Tedd t\u00f6k\u00e9letesebb\u00e9 mindennapjaid a Diana Silver \u00e9kszereivel.\",\"publisher\":{\"@id\":\"https:\\\/\\\/dianasilver.com\\\/de\\\/#organization\"},\"alternateName\":\"Ez\u00fcst \u00c9kszer Web\u00e1ruh\u00e1z\",\"potentialAction\":[{\"@type\":\"SearchAction\",\"target\":{\"@type\":\"EntryPoint\",\"urlTemplate\":\"https:\\\/\\\/dianasilver.com\\\/de\\\/?s={search_term_string}\"},\"query-input\":{\"@type\":\"PropertyValueSpecification\",\"valueRequired\":true,\"valueName\":\"search_term_string\"}}],\"inLanguage\":\"de\"},{\"@type\":\"Organization\",\"@id\":\"https:\\\/\\\/dianasilver.com\\\/de\\\/#organization\",\"name\":\"Diana Silver\",\"url\":\"https:\\\/\\\/dianasilver.com\\\/de\\\/\",\"logo\":{\"@type\":\"ImageObject\",\"inLanguage\":\"de\",\"@id\":\"https:\\\/\\\/dianasilver.com\\\/de\\\/#\\\/schema\\\/logo\\\/image\\\/\",\"url\":\"https:\\\/\\\/dianasilver.com\\\/wp-content\\\/uploads\\\/2022\\\/08\\\/ezust-feher-1-koves-buttonos-stekkeres-fulbevalo-42.webp\",\"contentUrl\":\"https:\\\/\\\/dianasilver.com\\\/wp-content\\\/uploads\\\/2022\\\/08\\\/ezust-feher-1-koves-buttonos-stekkeres-fulbevalo-42.webp\",\"width\":300,\"height\":154,\"caption\":\"Diana Silver\"},\"image\":{\"@id\":\"https:\\\/\\\/dianasilver.com\\\/de\\\/#\\\/schema\\\/logo\\\/image\\\/\"},\"sameAs\":[\"https:\\\/\\\/www.facebook.com\\\/profile.php?id=100027231325117\"]}]}<\/script>\n<!-- \/ Yoast SEO plugin. -->","yoast_head_json":{"title":"Wei\u00dfe Steinherz-Ohrringe mit silbernen Ohrstecker-Anh\u00e4ngern | Diana Silver","description":"Fedezd fel a leny\u0171g\u00f6z\u0151 Wei\u00dfe Steinherz-Ohrringe mit silbernen Ohrstecker-Anh\u00e4ngern \u00e9kszer\u00fcnket. T\u00f6k\u00e9letes kieg\u00e9sz\u00edt\u0151 mindennapi viselethez \u00e9s k\u00fcl\u00f6nleges alkalmakra egyar\u00e1nt. Rendeld meg most!","robots":{"index":"index","follow":"follow","max-snippet":"max-snippet:-1","max-image-preview":"max-image-preview:large","max-video-preview":"max-video-preview:-1"},"canonical":"https:\/\/dianasilver.com\/de\/termek\/weisse-steinherz-ohrringe-mit-silbernen-ohrstecker-anhaengern-2\/","og_locale":"de_DE","og_type":"article","og_title":"Wei\u00dfe Steinherz-Ohrringe mit silbernen Ohrstecker-Anh\u00e4ngern | Diana Silver","og_description":"Fedezd fel a leny\u0171g\u00f6z\u0151 Wei\u00dfe Steinherz-Ohrringe mit silbernen Ohrstecker-Anh\u00e4ngern \u00e9kszer\u00fcnket. T\u00f6k\u00e9letes kieg\u00e9sz\u00edt\u0151 mindennapi viselethez \u00e9s k\u00fcl\u00f6nleges alkalmakra egyar\u00e1nt. Rendeld meg most!","og_url":"https:\/\/dianasilver.com\/de\/termek\/weisse-steinherz-ohrringe-mit-silbernen-ohrstecker-anhaengern-2\/","og_site_name":"Diana Silver","article_publisher":"https:\/\/www.facebook.com\/profile.php?id=100027231325117","article_modified_time":"2026-02-20T12:51:27+00:00","og_image":[{"width":800,"height":800,"url":"https:\/\/dianasilver.com\/wp-content\/uploads\/2022\/09\/1-6-compress-scaled.jpg","type":"image\/jpeg"}],"twitter_card":"summary_large_image","twitter_misc":{"Gesch\u00e4tzte Lesezeit":"1\u00a0Minute"},"schema":{"@context":"https:\/\/schema.org","@graph":[{"@type":"WebPage","@id":"https:\/\/dianasilver.com\/de\/termek\/weisse-steinherz-ohrringe-mit-silbernen-ohrstecker-anhaengern-2\/","url":"https:\/\/dianasilver.com\/de\/termek\/weisse-steinherz-ohrringe-mit-silbernen-ohrstecker-anhaengern-2\/","name":"Wei\u00dfe Steinherz-Ohrringe mit silbernen Ohrstecker-Anh\u00e4ngern | Diana Silver","isPartOf":{"@id":"https:\/\/dianasilver.com\/de\/#website"},"primaryImageOfPage":{"@id":"https:\/\/dianasilver.com\/de\/termek\/weisse-steinherz-ohrringe-mit-silbernen-ohrstecker-anhaengern-2\/#primaryimage"},"image":{"@id":"https:\/\/dianasilver.com\/de\/termek\/weisse-steinherz-ohrringe-mit-silbernen-ohrstecker-anhaengern-2\/#primaryimage"},"thumbnailUrl":"https:\/\/dianasilver.com\/wp-content\/uploads\/2022\/09\/1-6-compress-scaled.jpg","datePublished":"2022-09-30T09:22:54+00:00","dateModified":"2026-02-20T12:51:27+00:00","description":"Fedezd fel a leny\u0171g\u00f6z\u0151 Wei\u00dfe Steinherz-Ohrringe mit silbernen Ohrstecker-Anh\u00e4ngern \u00e9kszer\u00fcnket. T\u00f6k\u00e9letes kieg\u00e9sz\u00edt\u0151 mindennapi viselethez \u00e9s k\u00fcl\u00f6nleges alkalmakra egyar\u00e1nt. Rendeld meg most!","breadcrumb":{"@id":"https:\/\/dianasilver.com\/de\/termek\/weisse-steinherz-ohrringe-mit-silbernen-ohrstecker-anhaengern-2\/#breadcrumb"},"inLanguage":"de","potentialAction":[{"@type":"ReadAction","target":["https:\/\/dianasilver.com\/de\/termek\/weisse-steinherz-ohrringe-mit-silbernen-ohrstecker-anhaengern-2\/"]}]},{"@type":"ImageObject","inLanguage":"de","@id":"https:\/\/dianasilver.com\/de\/termek\/weisse-steinherz-ohrringe-mit-silbernen-ohrstecker-anhaengern-2\/#primaryimage","url":"https:\/\/dianasilver.com\/wp-content\/uploads\/2022\/09\/1-6-compress-scaled.jpg","contentUrl":"https:\/\/dianasilver.com\/wp-content\/uploads\/2022\/09\/1-6-compress-scaled.jpg","width":800,"height":800},{"@type":"BreadcrumbList","@id":"https:\/\/dianasilver.com\/de\/termek\/weisse-steinherz-ohrringe-mit-silbernen-ohrstecker-anhaengern-2\/#breadcrumb","itemListElement":[{"@type":"ListItem","position":1,"name":"Kezd\u0151lap","item":"https:\/\/dianasilver.com\/de\/diana-silver-silberschmuck-webshop\/"},{"@type":"ListItem","position":2,"name":"Shop","item":"https:\/\/dianasilver.com\/de\/shop\/"},{"@type":"ListItem","position":3,"name":"Wei\u00dfe Steinherz-Ohrringe mit silbernen Ohrstecker-Anh\u00e4ngern"}]},{"@type":"WebSite","@id":"https:\/\/dianasilver.com\/de\/#website","url":"https:\/\/dianasilver.com\/de\/","name":"Diana Silver","description":"Tedd t\u00f6k\u00e9letesebb\u00e9 mindennapjaid a Diana Silver \u00e9kszereivel.","publisher":{"@id":"https:\/\/dianasilver.com\/de\/#organization"},"alternateName":"Ez\u00fcst \u00c9kszer Web\u00e1ruh\u00e1z","potentialAction":[{"@type":"SearchAction","target":{"@type":"EntryPoint","urlTemplate":"https:\/\/dianasilver.com\/de\/?s={search_term_string}"},"query-input":{"@type":"PropertyValueSpecification","valueRequired":true,"valueName":"search_term_string"}}],"inLanguage":"de"},{"@type":"Organization","@id":"https:\/\/dianasilver.com\/de\/#organization","name":"Diana Silver","url":"https:\/\/dianasilver.com\/de\/","logo":{"@type":"ImageObject","inLanguage":"de","@id":"https:\/\/dianasilver.com\/de\/#\/schema\/logo\/image\/","url":"https:\/\/dianasilver.com\/wp-content\/uploads\/2022\/08\/ezust-feher-1-koves-buttonos-stekkeres-fulbevalo-42.webp","contentUrl":"https:\/\/dianasilver.com\/wp-content\/uploads\/2022\/08\/ezust-feher-1-koves-buttonos-stekkeres-fulbevalo-42.webp","width":300,"height":154,"caption":"Diana Silver"},"image":{"@id":"https:\/\/dianasilver.com\/de\/#\/schema\/logo\/image\/"},"sameAs":["https:\/\/www.facebook.com\/profile.php?id=100027231325117"]}]}},"_links":{"self":[{"href":"https:\/\/dianasilver.com\/de\/wp-json\/wp\/v2\/product\/113363","targetHints":{"allow":["GET"]}}],"collection":[{"href":"https:\/\/dianasilver.com\/de\/wp-json\/wp\/v2\/product"}],"about":[{"href":"https:\/\/dianasilver.com\/de\/wp-json\/wp\/v2\/types\/product"}],"version-history":[{"count":0,"href":"https:\/\/dianasilver.com\/de\/wp-json\/wp\/v2\/product\/113363\/revisions"}],"wp:featuredmedia":[{"embeddable":true,"href":"https:\/\/dianasilver.com\/de\/wp-json\/wp\/v2\/media\/96128"}],"wp:attachment":[{"href":"https:\/\/dianasilver.com\/de\/wp-json\/wp\/v2\/media?parent=113363"}],"wp:term":[{"taxonomy":"product_brand","embeddable":true,"href":"https:\/\/dianasilver.com\/de\/wp-json\/wp\/v2\/product_brand?post=113363"},{"taxonomy":"product_cat","embeddable":true,"href":"https:\/\/dianasilver.com\/de\/wp-json\/wp\/v2\/product_cat?post=113363"},{"taxonomy":"product_tag","embeddable":true,"href":"https:\/\/dianasilver.com\/de\/wp-json\/wp\/v2\/product_tag?post=113363"}],"curies":[{"name":"wp","href":"https:\/\/api.w.org\/{rel}","templated":true}]}}