{"id":113337,"date":"2022-08-31T13:21:55","date_gmt":"2022-08-31T11:21:55","guid":{"rendered":"https:\/\/dianasilver.hu\/termek\/silberne-dicke-wuerfelkette-male-60cm\/"},"modified":"2026-04-15T01:41:09","modified_gmt":"2026-04-14T23:41:09","slug":"silberne-dicke-wuerfelkette-male-60cm","status":"publish","type":"product","link":"https:\/\/dianasilver.com\/de\/termek\/silberne-dicke-wuerfelkette-male-60cm\/","title":{"rendered":"Silberne dicke W\u00fcrfelkette \/male\/ 60cm"},"content":{"rendered":"<h2 data-start=\"293\" data-end=\"361\"><strong data-start=\"296\" data-end=\"359\">\ud83d\udc8e Dicke silberne W\u00fcrfelkette &#8211; ein Accessoire, das Kraft und Stil ausstrahlt<\/strong><\/h2>\n<p data-start=\"363\" data-end=\"539\">Die klobige kubische Kette <strong data-start=\"366\" data-end=\"393\">aus 925er Sterlingsilber von AG<\/strong> ist ein <strong data-start=\"415\" data-end=\"454\">schlichtes und doch charaktervolles Schmuckst\u00fcck<\/strong>, perfekt f\u00fcr den Alltag und besondere Anl\u00e4sse.<\/p>\n<p data-start=\"541\" data-end=\"586\">\ud83d\udd17 <strong data-start=\"544\" data-end=\"584\">Was macht eine W\u00fcrfelkette besonders?<\/strong><\/p>\n<ul data-start=\"588\" data-end=\"866\">\n<li data-start=\"588\" data-end=\"693\"><strong data-start=\"590\" data-end=\"623\">Massives und strapazierf\u00e4higes Design:<\/strong> sorgt f\u00fcr einen kraftvollen Look und bietet gleichzeitig hohen Tragekomfort.<\/li>\n<li data-start=\"694\" data-end=\"791\"><strong data-start=\"696\" data-end=\"728\">Modernes und klares Design:<\/strong> perfekt f\u00fcr sich allein oder in Kombination mit einer Pendelleuchte, die Akzente setzt.<\/li>\n<li data-start=\"792\" data-end=\"866\"><strong data-start=\"794\" data-end=\"813\">Unisex-Stil:<\/strong> ideal f\u00fcr M\u00e4nner und Frauen.<\/li>\n<\/ul>\n<p data-start=\"868\" data-end=\"903\">\u2728 <strong data-start=\"870\" data-end=\"901\">Warum diese Kette w\u00e4hlen?<\/strong><\/p>\n<ul data-start=\"905\" data-end=\"1163\">\n<li data-start=\"905\" data-end=\"993\"><strong data-start=\"907\" data-end=\"927\">Premiumqualit\u00e4t:<\/strong> <strong data-start=\"928\" data-end=\"944\">AG 925 Silber<\/strong> mit Rhodiumbeschichtung f\u00fcr lang anhaltenden Glanz.<\/li>\n<li data-start=\"994\" data-end=\"1070\"><strong data-start=\"996\" data-end=\"1018\">Zeitlose Eleganz:<\/strong> ein klassisches St\u00fcck, das immer in Mode sein wird.<\/li>\n<li data-start=\"1071\" data-end=\"1163\"><strong data-start=\"1073\" data-end=\"1095\">Bequem zu tragen:<\/strong> Stark und doch einfach zu tragen, ist es das perfekte Accessoire f\u00fcr jeden Tag.<\/li>\n<\/ul>\n<p data-start=\"1165\" data-end=\"1226\">\ud83c\udf81 <strong data-start=\"1168\" data-end=\"1224\">Das perfekte Geschenk f\u00fcr Ihre Lieben oder sich selbst!<\/strong><\/p>\n<p data-start=\"1228\" data-end=\"1336\" data-is-last-node=\"\">Entdecken Sie eine Kombination aus Stil und Kraft mit dieser raffinierten und doch charaktervollen silbernen, dick karierten Kette! \u2728<\/p>\n","protected":false},"excerpt":{"rendered":"<p><strong data-start=\"39\" data-end=\"103\">\ud83d\udc8e Dicke W\u00fcrfelkette aus Sterlingsilber &#8211; ein starker und charaktervoller Look!<\/strong><br data-start=\"103\" data-end=\"106\">Massive und elegante dicke W\u00fcrfelkette <strong data-start=\"125\" data-end=\"144\">aus AG 925 Sterlingsilber<\/strong>, die allein schon auff\u00e4llt, aber noch stilvoller wird, wenn Sie sie mit einem Anh\u00e4nger schm\u00fccken.<\/p>\n","protected":false},"featured_media":96452,"template":"","meta":{"_acf_changed":false},"product_brand":[],"product_cat":[675],"product_tag":[575],"class_list":{"0":"post-113337","1":"product","2":"type-product","3":"status-publish","4":"has-post-thumbnail","6":"product_cat-silberne-halskette","7":"product_tag-mannlich","8":"description-off","10":"first","11":"instock","12":"taxable","13":"shipping-taxable","14":"purchasable","15":"product-type-simple"},"acf":[],"yoast_head":"<!-- This site is optimized with the Yoast SEO plugin v27.4 - https:\/\/yoast.com\/product\/yoast-seo-wordpress\/ -->\n<title>Silberne dicke W\u00fcrfelkette \/male\/ 60cm | Diana Silver<\/title>\n<meta name=\"description\" content=\"Fedezd fel a leny\u0171g\u00f6z\u0151 Silberne dicke W\u00fcrfelkette \/male\/ 60cm \u00e9kszer\u00fcnket. T\u00f6k\u00e9letes kieg\u00e9sz\u00edt\u0151 mindennapi viselethez \u00e9s k\u00fcl\u00f6nleges alkalmakra egyar\u00e1nt. Rendeld meg most!\" \/>\n<meta name=\"robots\" content=\"index, follow, max-snippet:-1, max-image-preview:large, max-video-preview:-1\" \/>\n<link rel=\"canonical\" href=\"https:\/\/dianasilver.com\/de\/termek\/silberne-dicke-wuerfelkette-male-60cm\/\" \/>\n<meta property=\"og:locale\" content=\"de_DE\" \/>\n<meta property=\"og:type\" content=\"article\" \/>\n<meta property=\"og:title\" content=\"Silberne dicke W\u00fcrfelkette \/male\/ 60cm | Diana Silver\" \/>\n<meta property=\"og:description\" content=\"Fedezd fel a leny\u0171g\u00f6z\u0151 Silberne dicke W\u00fcrfelkette \/male\/ 60cm \u00e9kszer\u00fcnket. T\u00f6k\u00e9letes kieg\u00e9sz\u00edt\u0151 mindennapi viselethez \u00e9s k\u00fcl\u00f6nleges alkalmakra egyar\u00e1nt. Rendeld meg most!\" \/>\n<meta property=\"og:url\" content=\"https:\/\/dianasilver.com\/de\/termek\/silberne-dicke-wuerfelkette-male-60cm\/\" \/>\n<meta property=\"og:site_name\" content=\"Diana Silver\" \/>\n<meta property=\"article:publisher\" content=\"https:\/\/www.facebook.com\/profile.php?id=100027231325117\" \/>\n<meta property=\"article:modified_time\" content=\"2026-04-14T23:41:09+00:00\" \/>\n<meta property=\"og:image\" content=\"https:\/\/dianasilver.com\/wp-content\/uploads\/2022\/08\/ezust-vastag-kockalanc-ferfi-60cm-1951.jpg\" \/>\n\t<meta property=\"og:image:width\" content=\"800\" \/>\n\t<meta property=\"og:image:height\" content=\"800\" \/>\n\t<meta property=\"og:image:type\" content=\"image\/jpeg\" \/>\n<meta name=\"twitter:card\" content=\"summary_large_image\" \/>\n<meta name=\"twitter:label1\" content=\"Gesch\u00e4tzte Lesezeit\" \/>\n\t<meta name=\"twitter:data1\" content=\"1\u00a0Minute\" \/>\n<script type=\"application\/ld+json\" class=\"yoast-schema-graph\">{\"@context\":\"https:\\\/\\\/schema.org\",\"@graph\":[{\"@type\":\"WebPage\",\"@id\":\"https:\\\/\\\/dianasilver.com\\\/de\\\/termek\\\/silberne-dicke-wuerfelkette-male-60cm\\\/\",\"url\":\"https:\\\/\\\/dianasilver.com\\\/de\\\/termek\\\/silberne-dicke-wuerfelkette-male-60cm\\\/\",\"name\":\"Silberne dicke W\u00fcrfelkette \\\/male\\\/ 60cm | Diana Silver\",\"isPartOf\":{\"@id\":\"https:\\\/\\\/dianasilver.com\\\/de\\\/#website\"},\"primaryImageOfPage\":{\"@id\":\"https:\\\/\\\/dianasilver.com\\\/de\\\/termek\\\/silberne-dicke-wuerfelkette-male-60cm\\\/#primaryimage\"},\"image\":{\"@id\":\"https:\\\/\\\/dianasilver.com\\\/de\\\/termek\\\/silberne-dicke-wuerfelkette-male-60cm\\\/#primaryimage\"},\"thumbnailUrl\":\"https:\\\/\\\/dianasilver.com\\\/wp-content\\\/uploads\\\/2022\\\/08\\\/ezust-vastag-kockalanc-ferfi-60cm-1951.jpg\",\"datePublished\":\"2022-08-31T11:21:55+00:00\",\"dateModified\":\"2026-04-14T23:41:09+00:00\",\"description\":\"Fedezd fel a leny\u0171g\u00f6z\u0151 Silberne dicke W\u00fcrfelkette \\\/male\\\/ 60cm \u00e9kszer\u00fcnket. T\u00f6k\u00e9letes kieg\u00e9sz\u00edt\u0151 mindennapi viselethez \u00e9s k\u00fcl\u00f6nleges alkalmakra egyar\u00e1nt. Rendeld meg most!\",\"breadcrumb\":{\"@id\":\"https:\\\/\\\/dianasilver.com\\\/de\\\/termek\\\/silberne-dicke-wuerfelkette-male-60cm\\\/#breadcrumb\"},\"inLanguage\":\"de\",\"potentialAction\":[{\"@type\":\"ReadAction\",\"target\":[\"https:\\\/\\\/dianasilver.com\\\/de\\\/termek\\\/silberne-dicke-wuerfelkette-male-60cm\\\/\"]}]},{\"@type\":\"ImageObject\",\"inLanguage\":\"de\",\"@id\":\"https:\\\/\\\/dianasilver.com\\\/de\\\/termek\\\/silberne-dicke-wuerfelkette-male-60cm\\\/#primaryimage\",\"url\":\"https:\\\/\\\/dianasilver.com\\\/wp-content\\\/uploads\\\/2022\\\/08\\\/ezust-vastag-kockalanc-ferfi-60cm-1951.jpg\",\"contentUrl\":\"https:\\\/\\\/dianasilver.com\\\/wp-content\\\/uploads\\\/2022\\\/08\\\/ezust-vastag-kockalanc-ferfi-60cm-1951.jpg\",\"width\":800,\"height\":800},{\"@type\":\"BreadcrumbList\",\"@id\":\"https:\\\/\\\/dianasilver.com\\\/de\\\/termek\\\/silberne-dicke-wuerfelkette-male-60cm\\\/#breadcrumb\",\"itemListElement\":[{\"@type\":\"ListItem\",\"position\":1,\"name\":\"Kezd\u0151lap\",\"item\":\"https:\\\/\\\/dianasilver.com\\\/de\\\/diana-silver-silberschmuck-webshop\\\/\"},{\"@type\":\"ListItem\",\"position\":2,\"name\":\"Shop\",\"item\":\"https:\\\/\\\/dianasilver.com\\\/de\\\/shop\\\/\"},{\"@type\":\"ListItem\",\"position\":3,\"name\":\"Silberne dicke W\u00fcrfelkette \\\/male\\\/ 60cm\"}]},{\"@type\":\"WebSite\",\"@id\":\"https:\\\/\\\/dianasilver.com\\\/de\\\/#website\",\"url\":\"https:\\\/\\\/dianasilver.com\\\/de\\\/\",\"name\":\"Diana Silver\",\"description\":\"Tedd t\u00f6k\u00e9letesebb\u00e9 mindennapjaid a Diana Silver \u00e9kszereivel.\",\"publisher\":{\"@id\":\"https:\\\/\\\/dianasilver.com\\\/de\\\/#organization\"},\"alternateName\":\"Ez\u00fcst \u00c9kszer Web\u00e1ruh\u00e1z\",\"potentialAction\":[{\"@type\":\"SearchAction\",\"target\":{\"@type\":\"EntryPoint\",\"urlTemplate\":\"https:\\\/\\\/dianasilver.com\\\/de\\\/?s={search_term_string}\"},\"query-input\":{\"@type\":\"PropertyValueSpecification\",\"valueRequired\":true,\"valueName\":\"search_term_string\"}}],\"inLanguage\":\"de\"},{\"@type\":\"Organization\",\"@id\":\"https:\\\/\\\/dianasilver.com\\\/de\\\/#organization\",\"name\":\"Diana Silver\",\"url\":\"https:\\\/\\\/dianasilver.com\\\/de\\\/\",\"logo\":{\"@type\":\"ImageObject\",\"inLanguage\":\"de\",\"@id\":\"https:\\\/\\\/dianasilver.com\\\/de\\\/#\\\/schema\\\/logo\\\/image\\\/\",\"url\":\"https:\\\/\\\/dianasilver.com\\\/wp-content\\\/uploads\\\/2022\\\/08\\\/ezust-feher-1-koves-buttonos-stekkeres-fulbevalo-42.webp\",\"contentUrl\":\"https:\\\/\\\/dianasilver.com\\\/wp-content\\\/uploads\\\/2022\\\/08\\\/ezust-feher-1-koves-buttonos-stekkeres-fulbevalo-42.webp\",\"width\":300,\"height\":154,\"caption\":\"Diana Silver\"},\"image\":{\"@id\":\"https:\\\/\\\/dianasilver.com\\\/de\\\/#\\\/schema\\\/logo\\\/image\\\/\"},\"sameAs\":[\"https:\\\/\\\/www.facebook.com\\\/profile.php?id=100027231325117\"]}]}<\/script>\n<!-- \/ Yoast SEO plugin. -->","yoast_head_json":{"title":"Silberne dicke W\u00fcrfelkette \/male\/ 60cm | Diana Silver","description":"Fedezd fel a leny\u0171g\u00f6z\u0151 Silberne dicke W\u00fcrfelkette \/male\/ 60cm \u00e9kszer\u00fcnket. T\u00f6k\u00e9letes kieg\u00e9sz\u00edt\u0151 mindennapi viselethez \u00e9s k\u00fcl\u00f6nleges alkalmakra egyar\u00e1nt. Rendeld meg most!","robots":{"index":"index","follow":"follow","max-snippet":"max-snippet:-1","max-image-preview":"max-image-preview:large","max-video-preview":"max-video-preview:-1"},"canonical":"https:\/\/dianasilver.com\/de\/termek\/silberne-dicke-wuerfelkette-male-60cm\/","og_locale":"de_DE","og_type":"article","og_title":"Silberne dicke W\u00fcrfelkette \/male\/ 60cm | Diana Silver","og_description":"Fedezd fel a leny\u0171g\u00f6z\u0151 Silberne dicke W\u00fcrfelkette \/male\/ 60cm \u00e9kszer\u00fcnket. T\u00f6k\u00e9letes kieg\u00e9sz\u00edt\u0151 mindennapi viselethez \u00e9s k\u00fcl\u00f6nleges alkalmakra egyar\u00e1nt. Rendeld meg most!","og_url":"https:\/\/dianasilver.com\/de\/termek\/silberne-dicke-wuerfelkette-male-60cm\/","og_site_name":"Diana Silver","article_publisher":"https:\/\/www.facebook.com\/profile.php?id=100027231325117","article_modified_time":"2026-04-14T23:41:09+00:00","og_image":[{"width":800,"height":800,"url":"https:\/\/dianasilver.com\/wp-content\/uploads\/2022\/08\/ezust-vastag-kockalanc-ferfi-60cm-1951.jpg","type":"image\/jpeg"}],"twitter_card":"summary_large_image","twitter_misc":{"Gesch\u00e4tzte Lesezeit":"1\u00a0Minute"},"schema":{"@context":"https:\/\/schema.org","@graph":[{"@type":"WebPage","@id":"https:\/\/dianasilver.com\/de\/termek\/silberne-dicke-wuerfelkette-male-60cm\/","url":"https:\/\/dianasilver.com\/de\/termek\/silberne-dicke-wuerfelkette-male-60cm\/","name":"Silberne dicke W\u00fcrfelkette \/male\/ 60cm | Diana Silver","isPartOf":{"@id":"https:\/\/dianasilver.com\/de\/#website"},"primaryImageOfPage":{"@id":"https:\/\/dianasilver.com\/de\/termek\/silberne-dicke-wuerfelkette-male-60cm\/#primaryimage"},"image":{"@id":"https:\/\/dianasilver.com\/de\/termek\/silberne-dicke-wuerfelkette-male-60cm\/#primaryimage"},"thumbnailUrl":"https:\/\/dianasilver.com\/wp-content\/uploads\/2022\/08\/ezust-vastag-kockalanc-ferfi-60cm-1951.jpg","datePublished":"2022-08-31T11:21:55+00:00","dateModified":"2026-04-14T23:41:09+00:00","description":"Fedezd fel a leny\u0171g\u00f6z\u0151 Silberne dicke W\u00fcrfelkette \/male\/ 60cm \u00e9kszer\u00fcnket. T\u00f6k\u00e9letes kieg\u00e9sz\u00edt\u0151 mindennapi viselethez \u00e9s k\u00fcl\u00f6nleges alkalmakra egyar\u00e1nt. Rendeld meg most!","breadcrumb":{"@id":"https:\/\/dianasilver.com\/de\/termek\/silberne-dicke-wuerfelkette-male-60cm\/#breadcrumb"},"inLanguage":"de","potentialAction":[{"@type":"ReadAction","target":["https:\/\/dianasilver.com\/de\/termek\/silberne-dicke-wuerfelkette-male-60cm\/"]}]},{"@type":"ImageObject","inLanguage":"de","@id":"https:\/\/dianasilver.com\/de\/termek\/silberne-dicke-wuerfelkette-male-60cm\/#primaryimage","url":"https:\/\/dianasilver.com\/wp-content\/uploads\/2022\/08\/ezust-vastag-kockalanc-ferfi-60cm-1951.jpg","contentUrl":"https:\/\/dianasilver.com\/wp-content\/uploads\/2022\/08\/ezust-vastag-kockalanc-ferfi-60cm-1951.jpg","width":800,"height":800},{"@type":"BreadcrumbList","@id":"https:\/\/dianasilver.com\/de\/termek\/silberne-dicke-wuerfelkette-male-60cm\/#breadcrumb","itemListElement":[{"@type":"ListItem","position":1,"name":"Kezd\u0151lap","item":"https:\/\/dianasilver.com\/de\/diana-silver-silberschmuck-webshop\/"},{"@type":"ListItem","position":2,"name":"Shop","item":"https:\/\/dianasilver.com\/de\/shop\/"},{"@type":"ListItem","position":3,"name":"Silberne dicke W\u00fcrfelkette \/male\/ 60cm"}]},{"@type":"WebSite","@id":"https:\/\/dianasilver.com\/de\/#website","url":"https:\/\/dianasilver.com\/de\/","name":"Diana Silver","description":"Tedd t\u00f6k\u00e9letesebb\u00e9 mindennapjaid a Diana Silver \u00e9kszereivel.","publisher":{"@id":"https:\/\/dianasilver.com\/de\/#organization"},"alternateName":"Ez\u00fcst \u00c9kszer Web\u00e1ruh\u00e1z","potentialAction":[{"@type":"SearchAction","target":{"@type":"EntryPoint","urlTemplate":"https:\/\/dianasilver.com\/de\/?s={search_term_string}"},"query-input":{"@type":"PropertyValueSpecification","valueRequired":true,"valueName":"search_term_string"}}],"inLanguage":"de"},{"@type":"Organization","@id":"https:\/\/dianasilver.com\/de\/#organization","name":"Diana Silver","url":"https:\/\/dianasilver.com\/de\/","logo":{"@type":"ImageObject","inLanguage":"de","@id":"https:\/\/dianasilver.com\/de\/#\/schema\/logo\/image\/","url":"https:\/\/dianasilver.com\/wp-content\/uploads\/2022\/08\/ezust-feher-1-koves-buttonos-stekkeres-fulbevalo-42.webp","contentUrl":"https:\/\/dianasilver.com\/wp-content\/uploads\/2022\/08\/ezust-feher-1-koves-buttonos-stekkeres-fulbevalo-42.webp","width":300,"height":154,"caption":"Diana Silver"},"image":{"@id":"https:\/\/dianasilver.com\/de\/#\/schema\/logo\/image\/"},"sameAs":["https:\/\/www.facebook.com\/profile.php?id=100027231325117"]}]}},"_links":{"self":[{"href":"https:\/\/dianasilver.com\/de\/wp-json\/wp\/v2\/product\/113337","targetHints":{"allow":["GET"]}}],"collection":[{"href":"https:\/\/dianasilver.com\/de\/wp-json\/wp\/v2\/product"}],"about":[{"href":"https:\/\/dianasilver.com\/de\/wp-json\/wp\/v2\/types\/product"}],"version-history":[{"count":0,"href":"https:\/\/dianasilver.com\/de\/wp-json\/wp\/v2\/product\/113337\/revisions"}],"wp:featuredmedia":[{"embeddable":true,"href":"https:\/\/dianasilver.com\/de\/wp-json\/wp\/v2\/media\/96452"}],"wp:attachment":[{"href":"https:\/\/dianasilver.com\/de\/wp-json\/wp\/v2\/media?parent=113337"}],"wp:term":[{"taxonomy":"product_brand","embeddable":true,"href":"https:\/\/dianasilver.com\/de\/wp-json\/wp\/v2\/product_brand?post=113337"},{"taxonomy":"product_cat","embeddable":true,"href":"https:\/\/dianasilver.com\/de\/wp-json\/wp\/v2\/product_cat?post=113337"},{"taxonomy":"product_tag","embeddable":true,"href":"https:\/\/dianasilver.com\/de\/wp-json\/wp\/v2\/product_tag?post=113337"}],"curies":[{"name":"wp","href":"https:\/\/api.w.org\/{rel}","templated":true}]}}