{"id":113333,"date":"2022-08-31T13:21:55","date_gmt":"2022-08-31T11:21:55","guid":{"rendered":"https:\/\/dianasilver.hu\/termek\/figaro-kette-silber-60cm\/"},"modified":"2026-04-15T01:41:09","modified_gmt":"2026-04-14T23:41:09","slug":"figaro-kette-silber-60cm","status":"publish","type":"product","link":"https:\/\/dianasilver.com\/de\/termek\/figaro-kette-silber-60cm\/","title":{"rendered":"Figaro Kette Silber 60cm"},"content":{"rendered":"<h2 data-start=\"288\" data-end=\"374\">\ud83d\udc8e <strong data-start=\"291\" data-end=\"372\">Silberne Figaro-Kette &#8211; die Begegnung von purer Eleganz und klassischem Stil<\/strong><\/h2>\n<p data-start=\"376\" data-end=\"557\">Diese <strong data-start=\"381\" data-end=\"420\">raffinierte Figaro-Halskette aus 925er Sterlingsilber von AG<\/strong> ist ein zeitloses St\u00fcck klassisches italienisches Schmuckdesign mit einem einzigartigen, auff\u00e4lligen Design, das Ihrem Look Stil und Eleganz verleihen wird.<\/p>\n<p data-start=\"559\" data-end=\"599\">\ud83d\udd17 <strong data-start=\"562\" data-end=\"597\">Was macht die Figaro-Kette so besonders?<\/strong><\/p>\n<ul data-start=\"601\" data-end=\"905\">\n<li data-start=\"601\" data-end=\"710\">\n<p data-start=\"603\" data-end=\"710\"><strong data-start=\"603\" data-end=\"627\">Einzigartiges Stichmuster:<\/strong> der Wechsel von drei kleineren und einem l\u00e4ngeren Stich verleiht ein einzigartiges Aussehen.<\/p>\n<\/li>\n<li data-start=\"712\" data-end=\"787\">\n<p data-start=\"714\" data-end=\"787\"><strong data-start=\"714\" data-end=\"743\">Langlebige und robuste Konstruktion:<\/strong> eine ausgezeichnete Wahl f\u00fcr das t\u00e4gliche Tragen.<\/p>\n<\/li>\n<li data-start=\"789\" data-end=\"905\">\n<p data-start=\"791\" data-end=\"905\"><strong data-start=\"791\" data-end=\"820\">Vielseitige Kombinationsm\u00f6glichkeiten:<\/strong> Er ist schon f\u00fcr sich allein auff\u00e4llig, aber mit einem Anh\u00e4nger erh\u00e4lt er einen noch markanteren Look.<\/p>\n<\/li>\n<\/ul>\n<p data-start=\"907\" data-end=\"942\">\u2728 <strong data-start=\"909\" data-end=\"940\">Warum diese Kette w\u00e4hlen?<\/strong><\/p>\n<ul data-start=\"944\" data-end=\"1198\">\n<li data-start=\"944\" data-end=\"1029\">\n<p data-start=\"946\" data-end=\"1029\"><strong data-start=\"946\" data-end=\"966\">Premiumqualit\u00e4t:<\/strong> <strong data-start=\"967\" data-end=\"983\">AG 925 Silber<\/strong> mit Rhodiumbeschichtung f\u00fcr lang anhaltenden Glanz.<\/p>\n<\/li>\n<li data-start=\"1031\" data-end=\"1119\">\n<p data-start=\"1033\" data-end=\"1119\"><strong data-start=\"1033\" data-end=\"1064\">Elegantes und zeitloses Design:<\/strong> ein stilvolles Accessoire, das nie aus der Mode kommt.<\/p>\n<\/li>\n<li data-start=\"1121\" data-end=\"1198\">\n<p data-start=\"1123\" data-end=\"1198\"><strong data-start=\"1123\" data-end=\"1143\">Unisex-Kleidung:<\/strong> perfekt f\u00fcr Frauen und M\u00e4nner gleicherma\u00dfen.<\/p>\n<\/li>\n<\/ul>\n<p data-start=\"1200\" data-end=\"1230\">\ud83c\udf81 <strong data-start=\"1203\" data-end=\"1228\">Ideal als Geschenk!<\/strong><\/p>\n<p data-start=\"1232\" data-end=\"1318\" data-is-last-node=\"\">\u00dcberraschen Sie sich selbst oder einen geliebten Menschen mit dieser klassischen und eleganten silbernen Figaro Kette! \u2728<\/p>\n","protected":false},"excerpt":{"rendered":"<p><strong data-start=\"38\" data-end=\"98\">\u2728 Figaro Kette aus Silber &#8211; klassischer Stil mit einem modernen Twist<\/strong><br data-start=\"98\" data-end=\"101\">Die elegante Figaro Kette <strong data-start=\"104\" data-end=\"123\">aus 925er Silber<\/strong> bietet einen zeitlosen Look, der sich perfekt allein oder mit einem Anh\u00e4nger tragen l\u00e4sst.<\/p>\n","protected":false},"featured_media":96458,"template":"","meta":{"_acf_changed":false},"product_brand":[],"product_cat":[675],"product_tag":[527,575],"class_list":{"0":"post-113333","1":"product","2":"type-product","3":"status-publish","4":"has-post-thumbnail","6":"product_cat-silberne-halskette","7":"product_tag-silberschmuck-fur-damen","8":"product_tag-mannlich","9":"description-off","11":"first","12":"instock","13":"taxable","14":"shipping-taxable","15":"purchasable","16":"product-type-simple"},"acf":[],"yoast_head":"<!-- This site is optimized with the Yoast SEO plugin v27.4 - https:\/\/yoast.com\/product\/yoast-seo-wordpress\/ -->\n<title>Figaro Kette Silber 60cm | Diana Silver<\/title>\n<meta name=\"description\" content=\"Fedezd fel a leny\u0171g\u00f6z\u0151 Figaro Kette Silber 60cm \u00e9kszer\u00fcnket. T\u00f6k\u00e9letes kieg\u00e9sz\u00edt\u0151 mindennapi viselethez \u00e9s k\u00fcl\u00f6nleges alkalmakra egyar\u00e1nt. Rendeld meg most!\" \/>\n<meta name=\"robots\" content=\"index, follow, max-snippet:-1, max-image-preview:large, max-video-preview:-1\" \/>\n<link rel=\"canonical\" href=\"https:\/\/dianasilver.com\/de\/termek\/figaro-kette-silber-60cm\/\" \/>\n<meta property=\"og:locale\" content=\"de_DE\" \/>\n<meta property=\"og:type\" content=\"article\" \/>\n<meta property=\"og:title\" content=\"Figaro Kette Silber 60cm | Diana Silver\" \/>\n<meta property=\"og:description\" content=\"Fedezd fel a leny\u0171g\u00f6z\u0151 Figaro Kette Silber 60cm \u00e9kszer\u00fcnket. T\u00f6k\u00e9letes kieg\u00e9sz\u00edt\u0151 mindennapi viselethez \u00e9s k\u00fcl\u00f6nleges alkalmakra egyar\u00e1nt. Rendeld meg most!\" \/>\n<meta property=\"og:url\" content=\"https:\/\/dianasilver.com\/de\/termek\/figaro-kette-silber-60cm\/\" \/>\n<meta property=\"og:site_name\" content=\"Diana Silver\" \/>\n<meta property=\"article:publisher\" content=\"https:\/\/www.facebook.com\/profile.php?id=100027231325117\" \/>\n<meta property=\"article:modified_time\" content=\"2026-04-14T23:41:09+00:00\" \/>\n<meta property=\"og:image\" content=\"https:\/\/dianasilver.com\/wp-content\/uploads\/2022\/08\/ezust-figaro-lanc-60cm-1954.jpg\" \/>\n\t<meta property=\"og:image:width\" content=\"800\" \/>\n\t<meta property=\"og:image:height\" content=\"800\" \/>\n\t<meta property=\"og:image:type\" content=\"image\/jpeg\" \/>\n<meta name=\"twitter:card\" content=\"summary_large_image\" \/>\n<meta name=\"twitter:label1\" content=\"Gesch\u00e4tzte Lesezeit\" \/>\n\t<meta name=\"twitter:data1\" content=\"1\u00a0Minute\" \/>\n<script type=\"application\/ld+json\" class=\"yoast-schema-graph\">{\"@context\":\"https:\\\/\\\/schema.org\",\"@graph\":[{\"@type\":\"WebPage\",\"@id\":\"https:\\\/\\\/dianasilver.com\\\/de\\\/termek\\\/figaro-kette-silber-60cm\\\/\",\"url\":\"https:\\\/\\\/dianasilver.com\\\/de\\\/termek\\\/figaro-kette-silber-60cm\\\/\",\"name\":\"Figaro Kette Silber 60cm | Diana Silver\",\"isPartOf\":{\"@id\":\"https:\\\/\\\/dianasilver.com\\\/de\\\/#website\"},\"primaryImageOfPage\":{\"@id\":\"https:\\\/\\\/dianasilver.com\\\/de\\\/termek\\\/figaro-kette-silber-60cm\\\/#primaryimage\"},\"image\":{\"@id\":\"https:\\\/\\\/dianasilver.com\\\/de\\\/termek\\\/figaro-kette-silber-60cm\\\/#primaryimage\"},\"thumbnailUrl\":\"https:\\\/\\\/dianasilver.com\\\/wp-content\\\/uploads\\\/2022\\\/08\\\/ezust-figaro-lanc-60cm-1954.jpg\",\"datePublished\":\"2022-08-31T11:21:55+00:00\",\"dateModified\":\"2026-04-14T23:41:09+00:00\",\"description\":\"Fedezd fel a leny\u0171g\u00f6z\u0151 Figaro Kette Silber 60cm \u00e9kszer\u00fcnket. T\u00f6k\u00e9letes kieg\u00e9sz\u00edt\u0151 mindennapi viselethez \u00e9s k\u00fcl\u00f6nleges alkalmakra egyar\u00e1nt. Rendeld meg most!\",\"breadcrumb\":{\"@id\":\"https:\\\/\\\/dianasilver.com\\\/de\\\/termek\\\/figaro-kette-silber-60cm\\\/#breadcrumb\"},\"inLanguage\":\"de\",\"potentialAction\":[{\"@type\":\"ReadAction\",\"target\":[\"https:\\\/\\\/dianasilver.com\\\/de\\\/termek\\\/figaro-kette-silber-60cm\\\/\"]}]},{\"@type\":\"ImageObject\",\"inLanguage\":\"de\",\"@id\":\"https:\\\/\\\/dianasilver.com\\\/de\\\/termek\\\/figaro-kette-silber-60cm\\\/#primaryimage\",\"url\":\"https:\\\/\\\/dianasilver.com\\\/wp-content\\\/uploads\\\/2022\\\/08\\\/ezust-figaro-lanc-60cm-1954.jpg\",\"contentUrl\":\"https:\\\/\\\/dianasilver.com\\\/wp-content\\\/uploads\\\/2022\\\/08\\\/ezust-figaro-lanc-60cm-1954.jpg\",\"width\":800,\"height\":800},{\"@type\":\"BreadcrumbList\",\"@id\":\"https:\\\/\\\/dianasilver.com\\\/de\\\/termek\\\/figaro-kette-silber-60cm\\\/#breadcrumb\",\"itemListElement\":[{\"@type\":\"ListItem\",\"position\":1,\"name\":\"Kezd\u0151lap\",\"item\":\"https:\\\/\\\/dianasilver.com\\\/de\\\/diana-silver-silberschmuck-webshop\\\/\"},{\"@type\":\"ListItem\",\"position\":2,\"name\":\"Shop\",\"item\":\"https:\\\/\\\/dianasilver.com\\\/de\\\/shop\\\/\"},{\"@type\":\"ListItem\",\"position\":3,\"name\":\"Figaro Kette Silber 60cm\"}]},{\"@type\":\"WebSite\",\"@id\":\"https:\\\/\\\/dianasilver.com\\\/de\\\/#website\",\"url\":\"https:\\\/\\\/dianasilver.com\\\/de\\\/\",\"name\":\"Diana Silver\",\"description\":\"Tedd t\u00f6k\u00e9letesebb\u00e9 mindennapjaid a Diana Silver \u00e9kszereivel.\",\"publisher\":{\"@id\":\"https:\\\/\\\/dianasilver.com\\\/de\\\/#organization\"},\"alternateName\":\"Ez\u00fcst \u00c9kszer Web\u00e1ruh\u00e1z\",\"potentialAction\":[{\"@type\":\"SearchAction\",\"target\":{\"@type\":\"EntryPoint\",\"urlTemplate\":\"https:\\\/\\\/dianasilver.com\\\/de\\\/?s={search_term_string}\"},\"query-input\":{\"@type\":\"PropertyValueSpecification\",\"valueRequired\":true,\"valueName\":\"search_term_string\"}}],\"inLanguage\":\"de\"},{\"@type\":\"Organization\",\"@id\":\"https:\\\/\\\/dianasilver.com\\\/de\\\/#organization\",\"name\":\"Diana Silver\",\"url\":\"https:\\\/\\\/dianasilver.com\\\/de\\\/\",\"logo\":{\"@type\":\"ImageObject\",\"inLanguage\":\"de\",\"@id\":\"https:\\\/\\\/dianasilver.com\\\/de\\\/#\\\/schema\\\/logo\\\/image\\\/\",\"url\":\"https:\\\/\\\/dianasilver.com\\\/wp-content\\\/uploads\\\/2022\\\/08\\\/ezust-feher-1-koves-buttonos-stekkeres-fulbevalo-42.webp\",\"contentUrl\":\"https:\\\/\\\/dianasilver.com\\\/wp-content\\\/uploads\\\/2022\\\/08\\\/ezust-feher-1-koves-buttonos-stekkeres-fulbevalo-42.webp\",\"width\":300,\"height\":154,\"caption\":\"Diana Silver\"},\"image\":{\"@id\":\"https:\\\/\\\/dianasilver.com\\\/de\\\/#\\\/schema\\\/logo\\\/image\\\/\"},\"sameAs\":[\"https:\\\/\\\/www.facebook.com\\\/profile.php?id=100027231325117\"]}]}<\/script>\n<!-- \/ Yoast SEO plugin. -->","yoast_head_json":{"title":"Figaro Kette Silber 60cm | Diana Silver","description":"Fedezd fel a leny\u0171g\u00f6z\u0151 Figaro Kette Silber 60cm \u00e9kszer\u00fcnket. T\u00f6k\u00e9letes kieg\u00e9sz\u00edt\u0151 mindennapi viselethez \u00e9s k\u00fcl\u00f6nleges alkalmakra egyar\u00e1nt. Rendeld meg most!","robots":{"index":"index","follow":"follow","max-snippet":"max-snippet:-1","max-image-preview":"max-image-preview:large","max-video-preview":"max-video-preview:-1"},"canonical":"https:\/\/dianasilver.com\/de\/termek\/figaro-kette-silber-60cm\/","og_locale":"de_DE","og_type":"article","og_title":"Figaro Kette Silber 60cm | Diana Silver","og_description":"Fedezd fel a leny\u0171g\u00f6z\u0151 Figaro Kette Silber 60cm \u00e9kszer\u00fcnket. T\u00f6k\u00e9letes kieg\u00e9sz\u00edt\u0151 mindennapi viselethez \u00e9s k\u00fcl\u00f6nleges alkalmakra egyar\u00e1nt. Rendeld meg most!","og_url":"https:\/\/dianasilver.com\/de\/termek\/figaro-kette-silber-60cm\/","og_site_name":"Diana Silver","article_publisher":"https:\/\/www.facebook.com\/profile.php?id=100027231325117","article_modified_time":"2026-04-14T23:41:09+00:00","og_image":[{"width":800,"height":800,"url":"https:\/\/dianasilver.com\/wp-content\/uploads\/2022\/08\/ezust-figaro-lanc-60cm-1954.jpg","type":"image\/jpeg"}],"twitter_card":"summary_large_image","twitter_misc":{"Gesch\u00e4tzte Lesezeit":"1\u00a0Minute"},"schema":{"@context":"https:\/\/schema.org","@graph":[{"@type":"WebPage","@id":"https:\/\/dianasilver.com\/de\/termek\/figaro-kette-silber-60cm\/","url":"https:\/\/dianasilver.com\/de\/termek\/figaro-kette-silber-60cm\/","name":"Figaro Kette Silber 60cm | Diana Silver","isPartOf":{"@id":"https:\/\/dianasilver.com\/de\/#website"},"primaryImageOfPage":{"@id":"https:\/\/dianasilver.com\/de\/termek\/figaro-kette-silber-60cm\/#primaryimage"},"image":{"@id":"https:\/\/dianasilver.com\/de\/termek\/figaro-kette-silber-60cm\/#primaryimage"},"thumbnailUrl":"https:\/\/dianasilver.com\/wp-content\/uploads\/2022\/08\/ezust-figaro-lanc-60cm-1954.jpg","datePublished":"2022-08-31T11:21:55+00:00","dateModified":"2026-04-14T23:41:09+00:00","description":"Fedezd fel a leny\u0171g\u00f6z\u0151 Figaro Kette Silber 60cm \u00e9kszer\u00fcnket. T\u00f6k\u00e9letes kieg\u00e9sz\u00edt\u0151 mindennapi viselethez \u00e9s k\u00fcl\u00f6nleges alkalmakra egyar\u00e1nt. Rendeld meg most!","breadcrumb":{"@id":"https:\/\/dianasilver.com\/de\/termek\/figaro-kette-silber-60cm\/#breadcrumb"},"inLanguage":"de","potentialAction":[{"@type":"ReadAction","target":["https:\/\/dianasilver.com\/de\/termek\/figaro-kette-silber-60cm\/"]}]},{"@type":"ImageObject","inLanguage":"de","@id":"https:\/\/dianasilver.com\/de\/termek\/figaro-kette-silber-60cm\/#primaryimage","url":"https:\/\/dianasilver.com\/wp-content\/uploads\/2022\/08\/ezust-figaro-lanc-60cm-1954.jpg","contentUrl":"https:\/\/dianasilver.com\/wp-content\/uploads\/2022\/08\/ezust-figaro-lanc-60cm-1954.jpg","width":800,"height":800},{"@type":"BreadcrumbList","@id":"https:\/\/dianasilver.com\/de\/termek\/figaro-kette-silber-60cm\/#breadcrumb","itemListElement":[{"@type":"ListItem","position":1,"name":"Kezd\u0151lap","item":"https:\/\/dianasilver.com\/de\/diana-silver-silberschmuck-webshop\/"},{"@type":"ListItem","position":2,"name":"Shop","item":"https:\/\/dianasilver.com\/de\/shop\/"},{"@type":"ListItem","position":3,"name":"Figaro Kette Silber 60cm"}]},{"@type":"WebSite","@id":"https:\/\/dianasilver.com\/de\/#website","url":"https:\/\/dianasilver.com\/de\/","name":"Diana Silver","description":"Tedd t\u00f6k\u00e9letesebb\u00e9 mindennapjaid a Diana Silver \u00e9kszereivel.","publisher":{"@id":"https:\/\/dianasilver.com\/de\/#organization"},"alternateName":"Ez\u00fcst \u00c9kszer Web\u00e1ruh\u00e1z","potentialAction":[{"@type":"SearchAction","target":{"@type":"EntryPoint","urlTemplate":"https:\/\/dianasilver.com\/de\/?s={search_term_string}"},"query-input":{"@type":"PropertyValueSpecification","valueRequired":true,"valueName":"search_term_string"}}],"inLanguage":"de"},{"@type":"Organization","@id":"https:\/\/dianasilver.com\/de\/#organization","name":"Diana Silver","url":"https:\/\/dianasilver.com\/de\/","logo":{"@type":"ImageObject","inLanguage":"de","@id":"https:\/\/dianasilver.com\/de\/#\/schema\/logo\/image\/","url":"https:\/\/dianasilver.com\/wp-content\/uploads\/2022\/08\/ezust-feher-1-koves-buttonos-stekkeres-fulbevalo-42.webp","contentUrl":"https:\/\/dianasilver.com\/wp-content\/uploads\/2022\/08\/ezust-feher-1-koves-buttonos-stekkeres-fulbevalo-42.webp","width":300,"height":154,"caption":"Diana Silver"},"image":{"@id":"https:\/\/dianasilver.com\/de\/#\/schema\/logo\/image\/"},"sameAs":["https:\/\/www.facebook.com\/profile.php?id=100027231325117"]}]}},"_links":{"self":[{"href":"https:\/\/dianasilver.com\/de\/wp-json\/wp\/v2\/product\/113333","targetHints":{"allow":["GET"]}}],"collection":[{"href":"https:\/\/dianasilver.com\/de\/wp-json\/wp\/v2\/product"}],"about":[{"href":"https:\/\/dianasilver.com\/de\/wp-json\/wp\/v2\/types\/product"}],"version-history":[{"count":0,"href":"https:\/\/dianasilver.com\/de\/wp-json\/wp\/v2\/product\/113333\/revisions"}],"wp:featuredmedia":[{"embeddable":true,"href":"https:\/\/dianasilver.com\/de\/wp-json\/wp\/v2\/media\/96458"}],"wp:attachment":[{"href":"https:\/\/dianasilver.com\/de\/wp-json\/wp\/v2\/media?parent=113333"}],"wp:term":[{"taxonomy":"product_brand","embeddable":true,"href":"https:\/\/dianasilver.com\/de\/wp-json\/wp\/v2\/product_brand?post=113333"},{"taxonomy":"product_cat","embeddable":true,"href":"https:\/\/dianasilver.com\/de\/wp-json\/wp\/v2\/product_cat?post=113333"},{"taxonomy":"product_tag","embeddable":true,"href":"https:\/\/dianasilver.com\/de\/wp-json\/wp\/v2\/product_tag?post=113333"}],"curies":[{"name":"wp","href":"https:\/\/api.w.org\/{rel}","templated":true}]}}