{"id":113327,"date":"2022-08-31T13:21:52","date_gmt":"2022-08-31T11:21:52","guid":{"rendered":"https:\/\/dianasilver.hu\/termek\/silbernes-engelsfluegel-fusskettchen\/"},"modified":"2026-01-16T17:50:58","modified_gmt":"2026-01-16T16:50:58","slug":"silbernes-engelsfluegel-fusskettchen","status":"publish","type":"product","link":"https:\/\/dianasilver.com\/de\/termek\/silbernes-engelsfluegel-fusskettchen\/","title":{"rendered":"Silbernes Engelsfl\u00fcgel-Fu\u00dfkettchen"},"content":{"rendered":"<h2 data-start=\"286\" data-end=\"360\">\ud83d\udc8e <strong data-start=\"289\" data-end=\"358\">Silbernes Engelsfl\u00fcgel-Fu\u00dfkettchen &#8211; ein Symbol f\u00fcr Schutz und Freiheit<\/strong><\/h2>\n<p data-start=\"362\" data-end=\"675\">Dieses <strong data-start=\"367\" data-end=\"399\">zart gearbeitete Fu\u00dfkettchen<\/strong> ist die perfekte Wahl f\u00fcr alle, die ihren femininen Charme bewahren und ihrem Look einen Hauch von Spiritualit\u00e4t verleihen m\u00f6chten. Der Engelsfl\u00fcgel <strong data-start=\"531\" data-end=\"558\">aus 925er Sterlingsilber<\/strong> mit einem schimmernden Finish strahlt nicht nur Eleganz aus, sondern <strong data-start=\"627\" data-end=\"672\">ist auch ein Symbol f\u00fcr Schutz und Freiheit.<\/strong><\/p>\n<p data-start=\"677\" data-end=\"718\">\ud83d\udc96 <strong data-start=\"680\" data-end=\"716\">Was symbolisiert der Engelsfl\u00fcgel?<\/strong><\/p>\n<ul data-start=\"720\" data-end=\"1072\">\n<li data-start=\"720\" data-end=\"841\"><strong data-start=\"722\" data-end=\"755\">Ein Symbol des Schutzes und der Geborgenheit:<\/strong> Menschen, die Engelsfl\u00fcgel tragen, empfinden oft ein Gef\u00fchl der inneren St\u00e4rke und Unterst\u00fctzung.<\/li>\n<li data-start=\"842\" data-end=\"960\"><strong data-start=\"844\" data-end=\"871\">Ein Ausdruck von Freiheit:<\/strong> Sein subtiles, leichtes Design symbolisiert grenzenlose M\u00f6glichkeiten und Autonomie.<\/li>\n<li data-start=\"961\" data-end=\"1072\"><strong data-start=\"963\" data-end=\"989\">Spirituelle Verbindung:<\/strong> Viele Menschen glauben, dass der Engelsfl\u00fcgel sie n\u00e4her zu ihren inneren F\u00fchrern bringt.<\/li>\n<\/ul>\n<p data-start=\"1074\" data-end=\"1113\">\u2728 <strong data-start=\"1076\" data-end=\"1111\">Warum dieses Fu\u00dfkettchen w\u00e4hlen?<\/strong><\/p>\n<ul data-start=\"1115\" data-end=\"1459\">\n<li data-start=\"1115\" data-end=\"1198\"><strong data-start=\"1117\" data-end=\"1137\">Premiumqualit\u00e4t:<\/strong> <strong data-start=\"1138\" data-end=\"1154\">AG 925 Silber<\/strong> mit Rhodiumbeschichtung f\u00fcr zus\u00e4tzliche Haltbarkeit.<\/li>\n<li data-start=\"1199\" data-end=\"1271\"><strong data-start=\"1201\" data-end=\"1232\">Fein ausgearbeitetes Design:<\/strong> ein eleganter Look f\u00fcr jede Gelegenheit.<\/li>\n<li data-start=\"1272\" data-end=\"1353\"><strong data-start=\"1274\" data-end=\"1296\">Bequem zu tragen:<\/strong> eine leichte, luftige Kette, die den ganzen Tag \u00fcber bequem bleibt.<\/li>\n<li data-start=\"1354\" data-end=\"1459\"><strong data-start=\"1356\" data-end=\"1382\">Ein herzerw\u00e4rmendes Geschenk:<\/strong> Perfekt f\u00fcr Ihre Lieben, die Sie besch\u00fctzen und lieben m\u00f6chten.<\/li>\n<\/ul>\n<p data-start=\"1461\" data-end=\"1549\" data-is-last-node=\"\">\ud83c\udf81 <strong data-start=\"1464\" data-end=\"1549\" data-is-last-node=\"\">Bringen Sie mit diesem besonderen Fu\u00dfkettchen ein wenig engelhaftes Funkeln in den Alltag! \u2728<\/strong><\/p>\n","protected":false},"excerpt":{"rendered":"<p data-start=\"36\" data-end=\"241\">\ud83d\udc8e <strong data-start=\"39\" data-end=\"113\">Silbernes Engelsfl\u00fcgel-Fu\u00dfkettchen &#8211; zarte Details, magische Bedeutung<\/strong><br data-start=\"113\" data-end=\"116\">Das <strong data-start=\"118\" data-end=\"149\">anmutige Engelsfl\u00fcgelmotiv<\/strong> und das <strong data-start=\"156\" data-end=\"183\">Funkeln von AG 925 Silber<\/strong> bilden eine perfekte Harmonie in diesem eleganten Fu\u00dfkettchen.<\/p>\n","protected":false},"featured_media":98032,"template":"","meta":{"_acf_changed":false},"product_brand":[],"product_cat":[569],"product_tag":[527,576],"class_list":{"0":"post-113327","1":"product","2":"type-product","3":"status-publish","4":"has-post-thumbnail","6":"product_cat-silbernes-fusskettchen","7":"product_tag-silberschmuck-fur-damen","8":"product_tag-spirituell","9":"description-off","11":"first","12":"instock","13":"sale","14":"taxable","15":"shipping-taxable","16":"purchasable","17":"product-type-simple"},"acf":[],"yoast_head":"<!-- This site is optimized with the Yoast SEO plugin v27.4 - https:\/\/yoast.com\/product\/yoast-seo-wordpress\/ -->\n<title>Silbernes Engelsfl\u00fcgel-Fu\u00dfkettchen | Diana Silver<\/title>\n<meta name=\"description\" content=\"Fedezd fel a leny\u0171g\u00f6z\u0151 Silbernes Engelsfl\u00fcgel-Fu\u00dfkettchen \u00e9kszer\u00fcnket. T\u00f6k\u00e9letes kieg\u00e9sz\u00edt\u0151 mindennapi viselethez \u00e9s k\u00fcl\u00f6nleges alkalmakra egyar\u00e1nt. Rendeld meg most!\" \/>\n<meta name=\"robots\" content=\"index, follow, max-snippet:-1, max-image-preview:large, max-video-preview:-1\" \/>\n<link rel=\"canonical\" href=\"https:\/\/dianasilver.com\/de\/termek\/silbernes-engelsfluegel-fusskettchen\/\" \/>\n<meta property=\"og:locale\" content=\"de_DE\" \/>\n<meta property=\"og:type\" content=\"article\" \/>\n<meta property=\"og:title\" content=\"Silbernes Engelsfl\u00fcgel-Fu\u00dfkettchen | Diana Silver\" \/>\n<meta property=\"og:description\" content=\"Fedezd fel a leny\u0171g\u00f6z\u0151 Silbernes Engelsfl\u00fcgel-Fu\u00dfkettchen \u00e9kszer\u00fcnket. T\u00f6k\u00e9letes kieg\u00e9sz\u00edt\u0151 mindennapi viselethez \u00e9s k\u00fcl\u00f6nleges alkalmakra egyar\u00e1nt. Rendeld meg most!\" \/>\n<meta property=\"og:url\" content=\"https:\/\/dianasilver.com\/de\/termek\/silbernes-engelsfluegel-fusskettchen\/\" \/>\n<meta property=\"og:site_name\" content=\"Diana Silver\" \/>\n<meta property=\"article:publisher\" content=\"https:\/\/www.facebook.com\/profile.php?id=100027231325117\" \/>\n<meta property=\"article:modified_time\" content=\"2026-01-16T16:50:58+00:00\" \/>\n<meta property=\"og:image\" content=\"https:\/\/dianasilver.com\/wp-content\/uploads\/2022\/08\/ezust-angyalszarnyas-bokalanc-3405.jpg\" \/>\n\t<meta property=\"og:image:width\" content=\"800\" \/>\n\t<meta property=\"og:image:height\" content=\"800\" \/>\n\t<meta property=\"og:image:type\" content=\"image\/jpeg\" \/>\n<meta name=\"twitter:card\" content=\"summary_large_image\" \/>\n<meta name=\"twitter:label1\" content=\"Gesch\u00e4tzte Lesezeit\" \/>\n\t<meta name=\"twitter:data1\" content=\"1\u00a0Minute\" \/>\n<script type=\"application\/ld+json\" class=\"yoast-schema-graph\">{\"@context\":\"https:\\\/\\\/schema.org\",\"@graph\":[{\"@type\":\"WebPage\",\"@id\":\"https:\\\/\\\/dianasilver.com\\\/de\\\/termek\\\/silbernes-engelsfluegel-fusskettchen\\\/\",\"url\":\"https:\\\/\\\/dianasilver.com\\\/de\\\/termek\\\/silbernes-engelsfluegel-fusskettchen\\\/\",\"name\":\"Silbernes Engelsfl\u00fcgel-Fu\u00dfkettchen | Diana Silver\",\"isPartOf\":{\"@id\":\"https:\\\/\\\/dianasilver.com\\\/de\\\/#website\"},\"primaryImageOfPage\":{\"@id\":\"https:\\\/\\\/dianasilver.com\\\/de\\\/termek\\\/silbernes-engelsfluegel-fusskettchen\\\/#primaryimage\"},\"image\":{\"@id\":\"https:\\\/\\\/dianasilver.com\\\/de\\\/termek\\\/silbernes-engelsfluegel-fusskettchen\\\/#primaryimage\"},\"thumbnailUrl\":\"https:\\\/\\\/dianasilver.com\\\/wp-content\\\/uploads\\\/2022\\\/08\\\/ezust-angyalszarnyas-bokalanc-3405.jpg\",\"datePublished\":\"2022-08-31T11:21:52+00:00\",\"dateModified\":\"2026-01-16T16:50:58+00:00\",\"description\":\"Fedezd fel a leny\u0171g\u00f6z\u0151 Silbernes Engelsfl\u00fcgel-Fu\u00dfkettchen \u00e9kszer\u00fcnket. T\u00f6k\u00e9letes kieg\u00e9sz\u00edt\u0151 mindennapi viselethez \u00e9s k\u00fcl\u00f6nleges alkalmakra egyar\u00e1nt. Rendeld meg most!\",\"breadcrumb\":{\"@id\":\"https:\\\/\\\/dianasilver.com\\\/de\\\/termek\\\/silbernes-engelsfluegel-fusskettchen\\\/#breadcrumb\"},\"inLanguage\":\"de\",\"potentialAction\":[{\"@type\":\"ReadAction\",\"target\":[\"https:\\\/\\\/dianasilver.com\\\/de\\\/termek\\\/silbernes-engelsfluegel-fusskettchen\\\/\"]}]},{\"@type\":\"ImageObject\",\"inLanguage\":\"de\",\"@id\":\"https:\\\/\\\/dianasilver.com\\\/de\\\/termek\\\/silbernes-engelsfluegel-fusskettchen\\\/#primaryimage\",\"url\":\"https:\\\/\\\/dianasilver.com\\\/wp-content\\\/uploads\\\/2022\\\/08\\\/ezust-angyalszarnyas-bokalanc-3405.jpg\",\"contentUrl\":\"https:\\\/\\\/dianasilver.com\\\/wp-content\\\/uploads\\\/2022\\\/08\\\/ezust-angyalszarnyas-bokalanc-3405.jpg\",\"width\":800,\"height\":800},{\"@type\":\"BreadcrumbList\",\"@id\":\"https:\\\/\\\/dianasilver.com\\\/de\\\/termek\\\/silbernes-engelsfluegel-fusskettchen\\\/#breadcrumb\",\"itemListElement\":[{\"@type\":\"ListItem\",\"position\":1,\"name\":\"Kezd\u0151lap\",\"item\":\"https:\\\/\\\/dianasilver.com\\\/de\\\/diana-silver-silberschmuck-webshop\\\/\"},{\"@type\":\"ListItem\",\"position\":2,\"name\":\"Shop\",\"item\":\"https:\\\/\\\/dianasilver.com\\\/de\\\/shop\\\/\"},{\"@type\":\"ListItem\",\"position\":3,\"name\":\"Silbernes Engelsfl\u00fcgel-Fu\u00dfkettchen\"}]},{\"@type\":\"WebSite\",\"@id\":\"https:\\\/\\\/dianasilver.com\\\/de\\\/#website\",\"url\":\"https:\\\/\\\/dianasilver.com\\\/de\\\/\",\"name\":\"Diana Silver\",\"description\":\"Tedd t\u00f6k\u00e9letesebb\u00e9 mindennapjaid a Diana Silver \u00e9kszereivel.\",\"publisher\":{\"@id\":\"https:\\\/\\\/dianasilver.com\\\/de\\\/#organization\"},\"alternateName\":\"Ez\u00fcst \u00c9kszer Web\u00e1ruh\u00e1z\",\"potentialAction\":[{\"@type\":\"SearchAction\",\"target\":{\"@type\":\"EntryPoint\",\"urlTemplate\":\"https:\\\/\\\/dianasilver.com\\\/de\\\/?s={search_term_string}\"},\"query-input\":{\"@type\":\"PropertyValueSpecification\",\"valueRequired\":true,\"valueName\":\"search_term_string\"}}],\"inLanguage\":\"de\"},{\"@type\":\"Organization\",\"@id\":\"https:\\\/\\\/dianasilver.com\\\/de\\\/#organization\",\"name\":\"Diana Silver\",\"url\":\"https:\\\/\\\/dianasilver.com\\\/de\\\/\",\"logo\":{\"@type\":\"ImageObject\",\"inLanguage\":\"de\",\"@id\":\"https:\\\/\\\/dianasilver.com\\\/de\\\/#\\\/schema\\\/logo\\\/image\\\/\",\"url\":\"https:\\\/\\\/dianasilver.com\\\/wp-content\\\/uploads\\\/2022\\\/08\\\/ezust-feher-1-koves-buttonos-stekkeres-fulbevalo-42.webp\",\"contentUrl\":\"https:\\\/\\\/dianasilver.com\\\/wp-content\\\/uploads\\\/2022\\\/08\\\/ezust-feher-1-koves-buttonos-stekkeres-fulbevalo-42.webp\",\"width\":300,\"height\":154,\"caption\":\"Diana Silver\"},\"image\":{\"@id\":\"https:\\\/\\\/dianasilver.com\\\/de\\\/#\\\/schema\\\/logo\\\/image\\\/\"},\"sameAs\":[\"https:\\\/\\\/www.facebook.com\\\/profile.php?id=100027231325117\"]}]}<\/script>\n<!-- \/ Yoast SEO plugin. -->","yoast_head_json":{"title":"Silbernes Engelsfl\u00fcgel-Fu\u00dfkettchen | Diana Silver","description":"Fedezd fel a leny\u0171g\u00f6z\u0151 Silbernes Engelsfl\u00fcgel-Fu\u00dfkettchen \u00e9kszer\u00fcnket. T\u00f6k\u00e9letes kieg\u00e9sz\u00edt\u0151 mindennapi viselethez \u00e9s k\u00fcl\u00f6nleges alkalmakra egyar\u00e1nt. Rendeld meg most!","robots":{"index":"index","follow":"follow","max-snippet":"max-snippet:-1","max-image-preview":"max-image-preview:large","max-video-preview":"max-video-preview:-1"},"canonical":"https:\/\/dianasilver.com\/de\/termek\/silbernes-engelsfluegel-fusskettchen\/","og_locale":"de_DE","og_type":"article","og_title":"Silbernes Engelsfl\u00fcgel-Fu\u00dfkettchen | Diana Silver","og_description":"Fedezd fel a leny\u0171g\u00f6z\u0151 Silbernes Engelsfl\u00fcgel-Fu\u00dfkettchen \u00e9kszer\u00fcnket. T\u00f6k\u00e9letes kieg\u00e9sz\u00edt\u0151 mindennapi viselethez \u00e9s k\u00fcl\u00f6nleges alkalmakra egyar\u00e1nt. Rendeld meg most!","og_url":"https:\/\/dianasilver.com\/de\/termek\/silbernes-engelsfluegel-fusskettchen\/","og_site_name":"Diana Silver","article_publisher":"https:\/\/www.facebook.com\/profile.php?id=100027231325117","article_modified_time":"2026-01-16T16:50:58+00:00","og_image":[{"width":800,"height":800,"url":"https:\/\/dianasilver.com\/wp-content\/uploads\/2022\/08\/ezust-angyalszarnyas-bokalanc-3405.jpg","type":"image\/jpeg"}],"twitter_card":"summary_large_image","twitter_misc":{"Gesch\u00e4tzte Lesezeit":"1\u00a0Minute"},"schema":{"@context":"https:\/\/schema.org","@graph":[{"@type":"WebPage","@id":"https:\/\/dianasilver.com\/de\/termek\/silbernes-engelsfluegel-fusskettchen\/","url":"https:\/\/dianasilver.com\/de\/termek\/silbernes-engelsfluegel-fusskettchen\/","name":"Silbernes Engelsfl\u00fcgel-Fu\u00dfkettchen | Diana Silver","isPartOf":{"@id":"https:\/\/dianasilver.com\/de\/#website"},"primaryImageOfPage":{"@id":"https:\/\/dianasilver.com\/de\/termek\/silbernes-engelsfluegel-fusskettchen\/#primaryimage"},"image":{"@id":"https:\/\/dianasilver.com\/de\/termek\/silbernes-engelsfluegel-fusskettchen\/#primaryimage"},"thumbnailUrl":"https:\/\/dianasilver.com\/wp-content\/uploads\/2022\/08\/ezust-angyalszarnyas-bokalanc-3405.jpg","datePublished":"2022-08-31T11:21:52+00:00","dateModified":"2026-01-16T16:50:58+00:00","description":"Fedezd fel a leny\u0171g\u00f6z\u0151 Silbernes Engelsfl\u00fcgel-Fu\u00dfkettchen \u00e9kszer\u00fcnket. T\u00f6k\u00e9letes kieg\u00e9sz\u00edt\u0151 mindennapi viselethez \u00e9s k\u00fcl\u00f6nleges alkalmakra egyar\u00e1nt. Rendeld meg most!","breadcrumb":{"@id":"https:\/\/dianasilver.com\/de\/termek\/silbernes-engelsfluegel-fusskettchen\/#breadcrumb"},"inLanguage":"de","potentialAction":[{"@type":"ReadAction","target":["https:\/\/dianasilver.com\/de\/termek\/silbernes-engelsfluegel-fusskettchen\/"]}]},{"@type":"ImageObject","inLanguage":"de","@id":"https:\/\/dianasilver.com\/de\/termek\/silbernes-engelsfluegel-fusskettchen\/#primaryimage","url":"https:\/\/dianasilver.com\/wp-content\/uploads\/2022\/08\/ezust-angyalszarnyas-bokalanc-3405.jpg","contentUrl":"https:\/\/dianasilver.com\/wp-content\/uploads\/2022\/08\/ezust-angyalszarnyas-bokalanc-3405.jpg","width":800,"height":800},{"@type":"BreadcrumbList","@id":"https:\/\/dianasilver.com\/de\/termek\/silbernes-engelsfluegel-fusskettchen\/#breadcrumb","itemListElement":[{"@type":"ListItem","position":1,"name":"Kezd\u0151lap","item":"https:\/\/dianasilver.com\/de\/diana-silver-silberschmuck-webshop\/"},{"@type":"ListItem","position":2,"name":"Shop","item":"https:\/\/dianasilver.com\/de\/shop\/"},{"@type":"ListItem","position":3,"name":"Silbernes Engelsfl\u00fcgel-Fu\u00dfkettchen"}]},{"@type":"WebSite","@id":"https:\/\/dianasilver.com\/de\/#website","url":"https:\/\/dianasilver.com\/de\/","name":"Diana Silver","description":"Tedd t\u00f6k\u00e9letesebb\u00e9 mindennapjaid a Diana Silver \u00e9kszereivel.","publisher":{"@id":"https:\/\/dianasilver.com\/de\/#organization"},"alternateName":"Ez\u00fcst \u00c9kszer Web\u00e1ruh\u00e1z","potentialAction":[{"@type":"SearchAction","target":{"@type":"EntryPoint","urlTemplate":"https:\/\/dianasilver.com\/de\/?s={search_term_string}"},"query-input":{"@type":"PropertyValueSpecification","valueRequired":true,"valueName":"search_term_string"}}],"inLanguage":"de"},{"@type":"Organization","@id":"https:\/\/dianasilver.com\/de\/#organization","name":"Diana Silver","url":"https:\/\/dianasilver.com\/de\/","logo":{"@type":"ImageObject","inLanguage":"de","@id":"https:\/\/dianasilver.com\/de\/#\/schema\/logo\/image\/","url":"https:\/\/dianasilver.com\/wp-content\/uploads\/2022\/08\/ezust-feher-1-koves-buttonos-stekkeres-fulbevalo-42.webp","contentUrl":"https:\/\/dianasilver.com\/wp-content\/uploads\/2022\/08\/ezust-feher-1-koves-buttonos-stekkeres-fulbevalo-42.webp","width":300,"height":154,"caption":"Diana Silver"},"image":{"@id":"https:\/\/dianasilver.com\/de\/#\/schema\/logo\/image\/"},"sameAs":["https:\/\/www.facebook.com\/profile.php?id=100027231325117"]}]}},"_links":{"self":[{"href":"https:\/\/dianasilver.com\/de\/wp-json\/wp\/v2\/product\/113327","targetHints":{"allow":["GET"]}}],"collection":[{"href":"https:\/\/dianasilver.com\/de\/wp-json\/wp\/v2\/product"}],"about":[{"href":"https:\/\/dianasilver.com\/de\/wp-json\/wp\/v2\/types\/product"}],"version-history":[{"count":0,"href":"https:\/\/dianasilver.com\/de\/wp-json\/wp\/v2\/product\/113327\/revisions"}],"wp:featuredmedia":[{"embeddable":true,"href":"https:\/\/dianasilver.com\/de\/wp-json\/wp\/v2\/media\/98032"}],"wp:attachment":[{"href":"https:\/\/dianasilver.com\/de\/wp-json\/wp\/v2\/media?parent=113327"}],"wp:term":[{"taxonomy":"product_brand","embeddable":true,"href":"https:\/\/dianasilver.com\/de\/wp-json\/wp\/v2\/product_brand?post=113327"},{"taxonomy":"product_cat","embeddable":true,"href":"https:\/\/dianasilver.com\/de\/wp-json\/wp\/v2\/product_cat?post=113327"},{"taxonomy":"product_tag","embeddable":true,"href":"https:\/\/dianasilver.com\/de\/wp-json\/wp\/v2\/product_tag?post=113327"}],"curies":[{"name":"wp","href":"https:\/\/api.w.org\/{rel}","templated":true}]}}