{"id":113317,"date":"2022-08-31T13:21:51","date_gmt":"2022-08-31T11:21:51","guid":{"rendered":"https:\/\/dianasilver.hu\/termek\/silberne-kette-mit-wellenfoermigem-weissem-stein-als-integriertem-anhaenger\/"},"modified":"2026-01-16T17:50:53","modified_gmt":"2026-01-16T16:50:53","slug":"silberne-kette-mit-wellenfoermigem-weissem-stein-als-integriertem-anhaenger","status":"publish","type":"product","link":"https:\/\/dianasilver.com\/de\/termek\/silberne-kette-mit-wellenfoermigem-weissem-stein-als-integriertem-anhaenger\/","title":{"rendered":"Silberne Kette mit wellenf\u00f6rmigem, wei\u00dfem Stein als integriertem Anh\u00e4nger"},"content":{"rendered":"<h2 data-start=\"278\" data-end=\"402\">\ud83d\udc8e <strong data-start=\"314\" data-end=\"400\">Silberne Kette mit gewelltem Anh\u00e4nger mit wei\u00dfem Stein &#8211; elegante Wellen und Funkeln<\/strong><\/h2>\n<p data-start=\"404\" data-end=\"751\">Diese Kette <strong data-start=\"410\" data-end=\"437\">aus 925er Sterlingsilber von AG<\/strong> mit integriertem Wellenanh\u00e4nger verleiht einen modernen und raffinierten Look. Die sanft geschwungene Form suggeriert <strong data-start=\"537\" data-end=\"562\">harmonische Eleganz<\/strong>, w\u00e4hrend <strong data-start=\"577\" data-end=\"612\">das Funkeln der wei\u00dfen Zirkoniasteine<\/strong> das Dekollet\u00e9 akzentuiert. Die <strong data-start=\"639\" data-end=\"657\">Rhodiumbeschichtung<\/strong> sorgt daf\u00fcr, dass der Schmuck seine Haltbarkeit und seinen Glanz beh\u00e4lt und sch\u00fctzt ihn vor Verf\u00e4rbungen.<\/p>\n<p data-start=\"753\" data-end=\"795\">\ud83d\udcab <strong data-start=\"756\" data-end=\"793\">Was symbolisiert das Wellenmotiv?<\/strong><\/p>\n<ul data-start=\"796\" data-end=\"1025\">\n<li data-start=\"796\" data-end=\"870\"><strong data-start=\"798\" data-end=\"868\">Wellen stehen f\u00fcr den Fluss des Lebens und den st\u00e4ndigen Wandel.<\/strong><\/li>\n<li data-start=\"871\" data-end=\"955\"><strong data-start=\"873\" data-end=\"953\">Es ist ein Symbol f\u00fcr Harmonie und Gleichgewicht, das Ruhe und Eleganz suggeriert.<\/strong><\/li>\n<li data-start=\"956\" data-end=\"1025\"><strong data-start=\"958\" data-end=\"1023\">Die sanft geschwungenen Formen sind der Inbegriff von Weiblichkeit und Weichheit.<\/strong><\/li>\n<\/ul>\n<p data-start=\"1027\" data-end=\"1064\">\u2728 <strong data-start=\"1029\" data-end=\"1062\">Warum diesen Schmuck w\u00e4hlen?<\/strong><\/p>\n<ul data-start=\"1065\" data-end=\"1392\">\n<li data-start=\"1065\" data-end=\"1143\"><strong data-start=\"1067\" data-end=\"1087\">Hochwertige Qualit\u00e4t:<\/strong> <strong data-start=\"1088\" data-end=\"1123\">AG 925 Silber mit Rhodiumbeschichtung<\/strong> f\u00fcr einen lang anhaltenden Glanz.<\/li>\n<li data-start=\"1144\" data-end=\"1224\"><strong data-start=\"1146\" data-end=\"1174\">Elegantes Wellendesign:<\/strong> weiche, geschwungene Linien f\u00fcr einen raffinierten Look.<\/li>\n<li data-start=\"1225\" data-end=\"1309\"><strong data-start=\"1227\" data-end=\"1247\">Eingebetteter Anh\u00e4nger:<\/strong> ein klarer Stil, der perfekt zur Kette passt.<\/li>\n<li data-start=\"1310\" data-end=\"1392\"><strong data-start=\"1312\" data-end=\"1346\">Schimmernde wei\u00dfe Zirkoniasteine:<\/strong> subtil gl\u00e4nzende Details f\u00fcr jede Gelegenheit.<\/li>\n<\/ul>\n<p data-start=\"1394\" data-end=\"1575\">\ud83c\udf81 <strong data-start=\"1397\" data-end=\"1425\">Perfekt auch als Geschenk!<\/strong><br data-start=\"1425\" data-end=\"1428\">Der raffinierte, moderne Look dieses Schmucks macht ihn zu einer gro\u00dfartigen Wahl <strong data-start=\"1495\" data-end=\"1524\">als Geschenk f\u00fcr Ihre Lieben<\/strong> oder als besonderes St\u00fcck f\u00fcr Ihre eigene Sammlung.<\/p>\n<p data-start=\"1577\" data-end=\"1639\" data-is-last-node=\"\">\ud83d\udcab <strong data-start=\"1580\" data-end=\"1637\">Lassen Sie dieses atemberaubende Schmuckst\u00fcck Ihren Stil unterstreichen!<\/strong> \u2728<\/p>\n","protected":false},"excerpt":{"rendered":"<p data-start=\"0\" data-end=\"269\">\u2728 <strong data-start=\"34\" data-end=\"129\">Silberkette mit gewelltem Anh\u00e4nger mit wei\u00dfem Stein &#8211; pure Eleganz und modernes Design<\/strong><br data-start=\"129\" data-end=\"132\">Die sanft geschwungene Form und die funkelnden wei\u00dfen Zirkoniasteine schaffen die perfekte Balance zwischen Raffinesse und modernem Look.<\/p>\n","protected":false},"featured_media":96470,"template":"","meta":{"_acf_changed":false},"product_brand":[],"product_cat":[679],"product_tag":[527],"class_list":{"0":"post-113317","1":"product","2":"type-product","3":"status-publish","4":"has-post-thumbnail","6":"product_cat-silberne-halskette-mit-anhanger","7":"product_tag-silberschmuck-fur-damen","8":"description-off","10":"first","11":"instock","12":"taxable","13":"shipping-taxable","14":"purchasable","15":"product-type-simple"},"acf":[],"yoast_head":"<!-- This site is optimized with the Yoast SEO plugin v27.4 - https:\/\/yoast.com\/product\/yoast-seo-wordpress\/ -->\n<title>Silberne Kette mit wellenf\u00f6rmigem, wei\u00dfem Stein als integriertem Anh\u00e4nger | Diana Silver<\/title>\n<meta name=\"description\" content=\"Fedezd fel a leny\u0171g\u00f6z\u0151 Silberne Kette mit wellenf\u00f6rmigem, wei\u00dfem Stein als integriertem Anh\u00e4nger \u00e9kszer\u00fcnket. T\u00f6k\u00e9letes kieg\u00e9sz\u00edt\u0151 mindennapi viselethez \u00e9s k\u00fcl\u00f6nleges alkalmakra egyar\u00e1nt. Rendeld meg most!\" \/>\n<meta name=\"robots\" content=\"index, follow, max-snippet:-1, max-image-preview:large, max-video-preview:-1\" \/>\n<link rel=\"canonical\" href=\"https:\/\/dianasilver.com\/de\/termek\/silberne-kette-mit-wellenfoermigem-weissem-stein-als-integriertem-anhaenger\/\" \/>\n<meta property=\"og:locale\" content=\"de_DE\" \/>\n<meta property=\"og:type\" content=\"article\" \/>\n<meta property=\"og:title\" content=\"Silberne Kette mit wellenf\u00f6rmigem, wei\u00dfem Stein als integriertem Anh\u00e4nger | Diana Silver\" \/>\n<meta property=\"og:description\" content=\"Fedezd fel a leny\u0171g\u00f6z\u0151 Silberne Kette mit wellenf\u00f6rmigem, wei\u00dfem Stein als integriertem Anh\u00e4nger \u00e9kszer\u00fcnket. T\u00f6k\u00e9letes kieg\u00e9sz\u00edt\u0151 mindennapi viselethez \u00e9s k\u00fcl\u00f6nleges alkalmakra egyar\u00e1nt. Rendeld meg most!\" \/>\n<meta property=\"og:url\" content=\"https:\/\/dianasilver.com\/de\/termek\/silberne-kette-mit-wellenfoermigem-weissem-stein-als-integriertem-anhaenger\/\" \/>\n<meta property=\"og:site_name\" content=\"Diana Silver\" \/>\n<meta property=\"article:publisher\" content=\"https:\/\/www.facebook.com\/profile.php?id=100027231325117\" \/>\n<meta property=\"article:modified_time\" content=\"2026-01-16T16:50:53+00:00\" \/>\n<meta property=\"og:image\" content=\"https:\/\/dianasilver.com\/wp-content\/uploads\/2022\/08\/ezust-lanc-hullamos-feher-koves-beepitett-medallal-1960.jpg\" \/>\n\t<meta property=\"og:image:width\" content=\"800\" \/>\n\t<meta property=\"og:image:height\" content=\"800\" \/>\n\t<meta property=\"og:image:type\" content=\"image\/jpeg\" \/>\n<meta name=\"twitter:card\" content=\"summary_large_image\" \/>\n<meta name=\"twitter:label1\" content=\"Gesch\u00e4tzte Lesezeit\" \/>\n\t<meta name=\"twitter:data1\" content=\"1\u00a0Minute\" \/>\n<script type=\"application\/ld+json\" class=\"yoast-schema-graph\">{\"@context\":\"https:\\\/\\\/schema.org\",\"@graph\":[{\"@type\":\"WebPage\",\"@id\":\"https:\\\/\\\/dianasilver.com\\\/de\\\/termek\\\/silberne-kette-mit-wellenfoermigem-weissem-stein-als-integriertem-anhaenger\\\/\",\"url\":\"https:\\\/\\\/dianasilver.com\\\/de\\\/termek\\\/silberne-kette-mit-wellenfoermigem-weissem-stein-als-integriertem-anhaenger\\\/\",\"name\":\"Silberne Kette mit wellenf\u00f6rmigem, wei\u00dfem Stein als integriertem Anh\u00e4nger | Diana Silver\",\"isPartOf\":{\"@id\":\"https:\\\/\\\/dianasilver.com\\\/de\\\/#website\"},\"primaryImageOfPage\":{\"@id\":\"https:\\\/\\\/dianasilver.com\\\/de\\\/termek\\\/silberne-kette-mit-wellenfoermigem-weissem-stein-als-integriertem-anhaenger\\\/#primaryimage\"},\"image\":{\"@id\":\"https:\\\/\\\/dianasilver.com\\\/de\\\/termek\\\/silberne-kette-mit-wellenfoermigem-weissem-stein-als-integriertem-anhaenger\\\/#primaryimage\"},\"thumbnailUrl\":\"https:\\\/\\\/dianasilver.com\\\/wp-content\\\/uploads\\\/2022\\\/08\\\/ezust-lanc-hullamos-feher-koves-beepitett-medallal-1960.jpg\",\"datePublished\":\"2022-08-31T11:21:51+00:00\",\"dateModified\":\"2026-01-16T16:50:53+00:00\",\"description\":\"Fedezd fel a leny\u0171g\u00f6z\u0151 Silberne Kette mit wellenf\u00f6rmigem, wei\u00dfem Stein als integriertem Anh\u00e4nger \u00e9kszer\u00fcnket. T\u00f6k\u00e9letes kieg\u00e9sz\u00edt\u0151 mindennapi viselethez \u00e9s k\u00fcl\u00f6nleges alkalmakra egyar\u00e1nt. Rendeld meg most!\",\"breadcrumb\":{\"@id\":\"https:\\\/\\\/dianasilver.com\\\/de\\\/termek\\\/silberne-kette-mit-wellenfoermigem-weissem-stein-als-integriertem-anhaenger\\\/#breadcrumb\"},\"inLanguage\":\"de\",\"potentialAction\":[{\"@type\":\"ReadAction\",\"target\":[\"https:\\\/\\\/dianasilver.com\\\/de\\\/termek\\\/silberne-kette-mit-wellenfoermigem-weissem-stein-als-integriertem-anhaenger\\\/\"]}]},{\"@type\":\"ImageObject\",\"inLanguage\":\"de\",\"@id\":\"https:\\\/\\\/dianasilver.com\\\/de\\\/termek\\\/silberne-kette-mit-wellenfoermigem-weissem-stein-als-integriertem-anhaenger\\\/#primaryimage\",\"url\":\"https:\\\/\\\/dianasilver.com\\\/wp-content\\\/uploads\\\/2022\\\/08\\\/ezust-lanc-hullamos-feher-koves-beepitett-medallal-1960.jpg\",\"contentUrl\":\"https:\\\/\\\/dianasilver.com\\\/wp-content\\\/uploads\\\/2022\\\/08\\\/ezust-lanc-hullamos-feher-koves-beepitett-medallal-1960.jpg\",\"width\":800,\"height\":800},{\"@type\":\"BreadcrumbList\",\"@id\":\"https:\\\/\\\/dianasilver.com\\\/de\\\/termek\\\/silberne-kette-mit-wellenfoermigem-weissem-stein-als-integriertem-anhaenger\\\/#breadcrumb\",\"itemListElement\":[{\"@type\":\"ListItem\",\"position\":1,\"name\":\"Kezd\u0151lap\",\"item\":\"https:\\\/\\\/dianasilver.com\\\/de\\\/diana-silver-silberschmuck-webshop\\\/\"},{\"@type\":\"ListItem\",\"position\":2,\"name\":\"Shop\",\"item\":\"https:\\\/\\\/dianasilver.com\\\/de\\\/shop\\\/\"},{\"@type\":\"ListItem\",\"position\":3,\"name\":\"Silberne Kette mit wellenf\u00f6rmigem, wei\u00dfem Stein als integriertem Anh\u00e4nger\"}]},{\"@type\":\"WebSite\",\"@id\":\"https:\\\/\\\/dianasilver.com\\\/de\\\/#website\",\"url\":\"https:\\\/\\\/dianasilver.com\\\/de\\\/\",\"name\":\"Diana Silver\",\"description\":\"Tedd t\u00f6k\u00e9letesebb\u00e9 mindennapjaid a Diana Silver \u00e9kszereivel.\",\"publisher\":{\"@id\":\"https:\\\/\\\/dianasilver.com\\\/de\\\/#organization\"},\"alternateName\":\"Ez\u00fcst \u00c9kszer Web\u00e1ruh\u00e1z\",\"potentialAction\":[{\"@type\":\"SearchAction\",\"target\":{\"@type\":\"EntryPoint\",\"urlTemplate\":\"https:\\\/\\\/dianasilver.com\\\/de\\\/?s={search_term_string}\"},\"query-input\":{\"@type\":\"PropertyValueSpecification\",\"valueRequired\":true,\"valueName\":\"search_term_string\"}}],\"inLanguage\":\"de\"},{\"@type\":\"Organization\",\"@id\":\"https:\\\/\\\/dianasilver.com\\\/de\\\/#organization\",\"name\":\"Diana Silver\",\"url\":\"https:\\\/\\\/dianasilver.com\\\/de\\\/\",\"logo\":{\"@type\":\"ImageObject\",\"inLanguage\":\"de\",\"@id\":\"https:\\\/\\\/dianasilver.com\\\/de\\\/#\\\/schema\\\/logo\\\/image\\\/\",\"url\":\"https:\\\/\\\/dianasilver.com\\\/wp-content\\\/uploads\\\/2022\\\/08\\\/ezust-feher-1-koves-buttonos-stekkeres-fulbevalo-42.webp\",\"contentUrl\":\"https:\\\/\\\/dianasilver.com\\\/wp-content\\\/uploads\\\/2022\\\/08\\\/ezust-feher-1-koves-buttonos-stekkeres-fulbevalo-42.webp\",\"width\":300,\"height\":154,\"caption\":\"Diana Silver\"},\"image\":{\"@id\":\"https:\\\/\\\/dianasilver.com\\\/de\\\/#\\\/schema\\\/logo\\\/image\\\/\"},\"sameAs\":[\"https:\\\/\\\/www.facebook.com\\\/profile.php?id=100027231325117\"]}]}<\/script>\n<!-- \/ Yoast SEO plugin. -->","yoast_head_json":{"title":"Silberne Kette mit wellenf\u00f6rmigem, wei\u00dfem Stein als integriertem Anh\u00e4nger | Diana Silver","description":"Fedezd fel a leny\u0171g\u00f6z\u0151 Silberne Kette mit wellenf\u00f6rmigem, wei\u00dfem Stein als integriertem Anh\u00e4nger \u00e9kszer\u00fcnket. T\u00f6k\u00e9letes kieg\u00e9sz\u00edt\u0151 mindennapi viselethez \u00e9s k\u00fcl\u00f6nleges alkalmakra egyar\u00e1nt. Rendeld meg most!","robots":{"index":"index","follow":"follow","max-snippet":"max-snippet:-1","max-image-preview":"max-image-preview:large","max-video-preview":"max-video-preview:-1"},"canonical":"https:\/\/dianasilver.com\/de\/termek\/silberne-kette-mit-wellenfoermigem-weissem-stein-als-integriertem-anhaenger\/","og_locale":"de_DE","og_type":"article","og_title":"Silberne Kette mit wellenf\u00f6rmigem, wei\u00dfem Stein als integriertem Anh\u00e4nger | Diana Silver","og_description":"Fedezd fel a leny\u0171g\u00f6z\u0151 Silberne Kette mit wellenf\u00f6rmigem, wei\u00dfem Stein als integriertem Anh\u00e4nger \u00e9kszer\u00fcnket. T\u00f6k\u00e9letes kieg\u00e9sz\u00edt\u0151 mindennapi viselethez \u00e9s k\u00fcl\u00f6nleges alkalmakra egyar\u00e1nt. Rendeld meg most!","og_url":"https:\/\/dianasilver.com\/de\/termek\/silberne-kette-mit-wellenfoermigem-weissem-stein-als-integriertem-anhaenger\/","og_site_name":"Diana Silver","article_publisher":"https:\/\/www.facebook.com\/profile.php?id=100027231325117","article_modified_time":"2026-01-16T16:50:53+00:00","og_image":[{"width":800,"height":800,"url":"https:\/\/dianasilver.com\/wp-content\/uploads\/2022\/08\/ezust-lanc-hullamos-feher-koves-beepitett-medallal-1960.jpg","type":"image\/jpeg"}],"twitter_card":"summary_large_image","twitter_misc":{"Gesch\u00e4tzte Lesezeit":"1\u00a0Minute"},"schema":{"@context":"https:\/\/schema.org","@graph":[{"@type":"WebPage","@id":"https:\/\/dianasilver.com\/de\/termek\/silberne-kette-mit-wellenfoermigem-weissem-stein-als-integriertem-anhaenger\/","url":"https:\/\/dianasilver.com\/de\/termek\/silberne-kette-mit-wellenfoermigem-weissem-stein-als-integriertem-anhaenger\/","name":"Silberne Kette mit wellenf\u00f6rmigem, wei\u00dfem Stein als integriertem Anh\u00e4nger | Diana Silver","isPartOf":{"@id":"https:\/\/dianasilver.com\/de\/#website"},"primaryImageOfPage":{"@id":"https:\/\/dianasilver.com\/de\/termek\/silberne-kette-mit-wellenfoermigem-weissem-stein-als-integriertem-anhaenger\/#primaryimage"},"image":{"@id":"https:\/\/dianasilver.com\/de\/termek\/silberne-kette-mit-wellenfoermigem-weissem-stein-als-integriertem-anhaenger\/#primaryimage"},"thumbnailUrl":"https:\/\/dianasilver.com\/wp-content\/uploads\/2022\/08\/ezust-lanc-hullamos-feher-koves-beepitett-medallal-1960.jpg","datePublished":"2022-08-31T11:21:51+00:00","dateModified":"2026-01-16T16:50:53+00:00","description":"Fedezd fel a leny\u0171g\u00f6z\u0151 Silberne Kette mit wellenf\u00f6rmigem, wei\u00dfem Stein als integriertem Anh\u00e4nger \u00e9kszer\u00fcnket. T\u00f6k\u00e9letes kieg\u00e9sz\u00edt\u0151 mindennapi viselethez \u00e9s k\u00fcl\u00f6nleges alkalmakra egyar\u00e1nt. Rendeld meg most!","breadcrumb":{"@id":"https:\/\/dianasilver.com\/de\/termek\/silberne-kette-mit-wellenfoermigem-weissem-stein-als-integriertem-anhaenger\/#breadcrumb"},"inLanguage":"de","potentialAction":[{"@type":"ReadAction","target":["https:\/\/dianasilver.com\/de\/termek\/silberne-kette-mit-wellenfoermigem-weissem-stein-als-integriertem-anhaenger\/"]}]},{"@type":"ImageObject","inLanguage":"de","@id":"https:\/\/dianasilver.com\/de\/termek\/silberne-kette-mit-wellenfoermigem-weissem-stein-als-integriertem-anhaenger\/#primaryimage","url":"https:\/\/dianasilver.com\/wp-content\/uploads\/2022\/08\/ezust-lanc-hullamos-feher-koves-beepitett-medallal-1960.jpg","contentUrl":"https:\/\/dianasilver.com\/wp-content\/uploads\/2022\/08\/ezust-lanc-hullamos-feher-koves-beepitett-medallal-1960.jpg","width":800,"height":800},{"@type":"BreadcrumbList","@id":"https:\/\/dianasilver.com\/de\/termek\/silberne-kette-mit-wellenfoermigem-weissem-stein-als-integriertem-anhaenger\/#breadcrumb","itemListElement":[{"@type":"ListItem","position":1,"name":"Kezd\u0151lap","item":"https:\/\/dianasilver.com\/de\/diana-silver-silberschmuck-webshop\/"},{"@type":"ListItem","position":2,"name":"Shop","item":"https:\/\/dianasilver.com\/de\/shop\/"},{"@type":"ListItem","position":3,"name":"Silberne Kette mit wellenf\u00f6rmigem, wei\u00dfem Stein als integriertem Anh\u00e4nger"}]},{"@type":"WebSite","@id":"https:\/\/dianasilver.com\/de\/#website","url":"https:\/\/dianasilver.com\/de\/","name":"Diana Silver","description":"Tedd t\u00f6k\u00e9letesebb\u00e9 mindennapjaid a Diana Silver \u00e9kszereivel.","publisher":{"@id":"https:\/\/dianasilver.com\/de\/#organization"},"alternateName":"Ez\u00fcst \u00c9kszer Web\u00e1ruh\u00e1z","potentialAction":[{"@type":"SearchAction","target":{"@type":"EntryPoint","urlTemplate":"https:\/\/dianasilver.com\/de\/?s={search_term_string}"},"query-input":{"@type":"PropertyValueSpecification","valueRequired":true,"valueName":"search_term_string"}}],"inLanguage":"de"},{"@type":"Organization","@id":"https:\/\/dianasilver.com\/de\/#organization","name":"Diana Silver","url":"https:\/\/dianasilver.com\/de\/","logo":{"@type":"ImageObject","inLanguage":"de","@id":"https:\/\/dianasilver.com\/de\/#\/schema\/logo\/image\/","url":"https:\/\/dianasilver.com\/wp-content\/uploads\/2022\/08\/ezust-feher-1-koves-buttonos-stekkeres-fulbevalo-42.webp","contentUrl":"https:\/\/dianasilver.com\/wp-content\/uploads\/2022\/08\/ezust-feher-1-koves-buttonos-stekkeres-fulbevalo-42.webp","width":300,"height":154,"caption":"Diana Silver"},"image":{"@id":"https:\/\/dianasilver.com\/de\/#\/schema\/logo\/image\/"},"sameAs":["https:\/\/www.facebook.com\/profile.php?id=100027231325117"]}]}},"_links":{"self":[{"href":"https:\/\/dianasilver.com\/de\/wp-json\/wp\/v2\/product\/113317","targetHints":{"allow":["GET"]}}],"collection":[{"href":"https:\/\/dianasilver.com\/de\/wp-json\/wp\/v2\/product"}],"about":[{"href":"https:\/\/dianasilver.com\/de\/wp-json\/wp\/v2\/types\/product"}],"version-history":[{"count":0,"href":"https:\/\/dianasilver.com\/de\/wp-json\/wp\/v2\/product\/113317\/revisions"}],"wp:featuredmedia":[{"embeddable":true,"href":"https:\/\/dianasilver.com\/de\/wp-json\/wp\/v2\/media\/96470"}],"wp:attachment":[{"href":"https:\/\/dianasilver.com\/de\/wp-json\/wp\/v2\/media?parent=113317"}],"wp:term":[{"taxonomy":"product_brand","embeddable":true,"href":"https:\/\/dianasilver.com\/de\/wp-json\/wp\/v2\/product_brand?post=113317"},{"taxonomy":"product_cat","embeddable":true,"href":"https:\/\/dianasilver.com\/de\/wp-json\/wp\/v2\/product_cat?post=113317"},{"taxonomy":"product_tag","embeddable":true,"href":"https:\/\/dianasilver.com\/de\/wp-json\/wp\/v2\/product_tag?post=113317"}],"curies":[{"name":"wp","href":"https:\/\/api.w.org\/{rel}","templated":true}]}}