{"id":113293,"date":"2022-08-31T12:39:13","date_gmt":"2022-08-31T10:39:13","guid":{"rendered":"https:\/\/dianasilver.hu\/termek\/ania-haie-crush-verstellbarer-ring\/"},"modified":"2026-01-16T17:50:12","modified_gmt":"2026-01-16T16:50:12","slug":"ania-haie-crush-verstellbarer-ring","status":"publish","type":"product","link":"https:\/\/dianasilver.com\/de\/termek\/ania-haie-crush-verstellbarer-ring\/","title":{"rendered":"Ania Haie Crush verstellbarer Ring"},"content":{"rendered":"<h2 data-start=\"259\" data-end=\"336\"><span>\ud83d\udc8e <\/span><strong data-start=\"262\" data-end=\"334\"><span>Ania Haie Crush verstellbarer Ring &#8211; moderne Eleganz mit einem Twist<\/span><\/strong><\/h2>\n<p data-start=\"338\" data-end=\"657\"><span>Von <\/span><strong data-start=\"341\" data-end=\"370\"><span>Ania Haie Crush Kollektion<\/span><\/strong><span> einzigartiges St\u00fcck der <\/span><strong data-start=\"391\" data-end=\"424\"><span>aus 925er Sterlingsilber<\/span><\/strong><span> Ring, der f\u00fcr Haltbarkeit und Glanz rhodiniert wurde. Die besondere, <\/span><strong data-start=\"519\" data-end=\"540\"><span>strukturierte Oberfl\u00e4che<\/span><\/strong><span> sorgt f\u00fcr einen modernen und raffinierten Look, perfekt f\u00fcr das t\u00e4gliche Tragen oder elegante Anl\u00e4sse.<\/span><\/p>\n<p data-start=\"659\" data-end=\"694\"><span>\u2728 <\/span><strong data-start=\"661\" data-end=\"692\"><span>Warum diesen Ring w\u00e4hlen?<\/span><\/strong><\/p>\n<ul data-start=\"696\" data-end=\"1106\">\n<li data-start=\"696\" data-end=\"785\"><strong data-start=\"698\" data-end=\"718\"><span>Hochwertige Qualit\u00e4t: <\/span><\/strong> <strong data-start=\"719\" data-end=\"741\"><span>925er Sterlingsilber<\/span><\/strong><span> Sterlingsilber Sterlingsilber, mit Rhodiumbeschichtung f\u00fcr einen dauerhaften Glanz.<\/span><\/li>\n<li data-start=\"786\" data-end=\"912\"><strong data-start=\"788\" data-end=\"818\"><span>Einzigartiges strukturiertes Design:<\/span><\/strong><span> Ein moderner und eleganter Look, der eine stilvolle Erg\u00e4nzung f\u00fcr jede Schmucksammlung sein kann<\/span><\/li>\n<li data-start=\"913\" data-end=\"1007\"><strong data-start=\"915\" data-end=\"935\"><span>Einstellbare Gr\u00f6\u00dfe:<\/span><\/strong><span> Bequem zu tragen, mit einer flexiblen Passform, die sich an die Gr\u00f6\u00dfe Ihres Fingers anpasst.<\/span><\/li>\n<li data-start=\"1008\" data-end=\"1106\"><strong data-start=\"1010\" data-end=\"1032\"><span>Minimalistischer Luxus:<\/span><\/strong><span> Ein schlichtes und doch charaktervolles Accessoire, das Ihren einzigartigen Stil unterstreicht.<\/span><\/li>\n<\/ul>\n<p data-start=\"1108\" data-end=\"1269\" data-is-last-node=\"\"><span>\ud83c\udf81 <\/span><strong data-start=\"1111\" data-end=\"1265\"><span>Wenn Sie auf der Suche nach einem einzigartigen und dennoch unaufdringlichen Schmuckst\u00fcck sind, das perfekt f\u00fcr jeden Tag ist, dann ist der Ring Ania Haie Crush das perfekte St\u00fcck f\u00fcr Sie!<\/span><\/strong><span> \u2728\ud83d\udc96<\/span><\/p>\n","protected":false},"excerpt":{"rendered":"<p><strong data-start=\"24\" data-end=\"59\"><span>Ania Haie Crush verstellbarer Ring<\/span><\/strong><span> &#8211; Modernes und klares Design, perfekt f\u00fcr das t\u00e4gliche Tragen und besondere Anl\u00e4sse. Die elegante, strukturierte Oberfl\u00e4che verleiht ihm einen einzigartigen Look \ud83d\udc8d\u2728.<\/span><\/p>\n","protected":false},"featured_media":95002,"template":"","meta":{"_acf_changed":false},"product_brand":[],"product_cat":[611],"product_tag":[],"class_list":{"0":"post-113293","1":"product","2":"type-product","3":"status-publish","4":"has-post-thumbnail","6":"product_cat-silberne-ringe","7":"description-off","9":"first","10":"outofstock","11":"sale","12":"taxable","13":"shipping-taxable","14":"purchasable","15":"product-type-simple"},"acf":[],"yoast_head":"<!-- This site is optimized with the Yoast SEO plugin v27.4 - https:\/\/yoast.com\/product\/yoast-seo-wordpress\/ -->\n<title>Ania Haie Crush verstellbarer Ring | Diana Silver<\/title>\n<meta name=\"description\" content=\"Fedezd fel a leny\u0171g\u00f6z\u0151 Ania Haie Crush verstellbarer Ring \u00e9kszer\u00fcnket. T\u00f6k\u00e9letes kieg\u00e9sz\u00edt\u0151 mindennapi viselethez \u00e9s k\u00fcl\u00f6nleges alkalmakra egyar\u00e1nt. Rendeld meg most!\" \/>\n<meta name=\"robots\" content=\"index, follow, max-snippet:-1, max-image-preview:large, max-video-preview:-1\" \/>\n<link rel=\"canonical\" href=\"https:\/\/dianasilver.com\/de\/termek\/ania-haie-crush-verstellbarer-ring\/\" \/>\n<meta property=\"og:locale\" content=\"de_DE\" \/>\n<meta property=\"og:type\" content=\"article\" \/>\n<meta property=\"og:title\" content=\"Ania Haie Crush verstellbarer Ring | Diana Silver\" \/>\n<meta property=\"og:description\" content=\"Fedezd fel a leny\u0171g\u00f6z\u0151 Ania Haie Crush verstellbarer Ring \u00e9kszer\u00fcnket. T\u00f6k\u00e9letes kieg\u00e9sz\u00edt\u0151 mindennapi viselethez \u00e9s k\u00fcl\u00f6nleges alkalmakra egyar\u00e1nt. Rendeld meg most!\" \/>\n<meta property=\"og:url\" content=\"https:\/\/dianasilver.com\/de\/termek\/ania-haie-crush-verstellbarer-ring\/\" \/>\n<meta property=\"og:site_name\" content=\"Diana Silver\" \/>\n<meta property=\"article:publisher\" content=\"https:\/\/www.facebook.com\/profile.php?id=100027231325117\" \/>\n<meta property=\"article:modified_time\" content=\"2026-01-16T16:50:12+00:00\" \/>\n<meta property=\"og:image\" content=\"https:\/\/dianasilver.com\/wp-content\/uploads\/2022\/08\/ania-haie-crush-allithato-gyuru-1-scaled.jpg\" \/>\n\t<meta property=\"og:image:width\" content=\"800\" \/>\n\t<meta property=\"og:image:height\" content=\"800\" \/>\n\t<meta property=\"og:image:type\" content=\"image\/jpeg\" \/>\n<meta name=\"twitter:card\" content=\"summary_large_image\" \/>\n<meta name=\"twitter:label1\" content=\"Gesch\u00e4tzte Lesezeit\" \/>\n\t<meta name=\"twitter:data1\" content=\"1\u00a0Minute\" \/>\n<script type=\"application\/ld+json\" class=\"yoast-schema-graph\">{\"@context\":\"https:\\\/\\\/schema.org\",\"@graph\":[{\"@type\":\"WebPage\",\"@id\":\"https:\\\/\\\/dianasilver.com\\\/de\\\/termek\\\/ania-haie-crush-verstellbarer-ring\\\/\",\"url\":\"https:\\\/\\\/dianasilver.com\\\/de\\\/termek\\\/ania-haie-crush-verstellbarer-ring\\\/\",\"name\":\"Ania Haie Crush verstellbarer Ring | Diana Silver\",\"isPartOf\":{\"@id\":\"https:\\\/\\\/dianasilver.com\\\/de\\\/#website\"},\"primaryImageOfPage\":{\"@id\":\"https:\\\/\\\/dianasilver.com\\\/de\\\/termek\\\/ania-haie-crush-verstellbarer-ring\\\/#primaryimage\"},\"image\":{\"@id\":\"https:\\\/\\\/dianasilver.com\\\/de\\\/termek\\\/ania-haie-crush-verstellbarer-ring\\\/#primaryimage\"},\"thumbnailUrl\":\"https:\\\/\\\/dianasilver.com\\\/wp-content\\\/uploads\\\/2022\\\/08\\\/ania-haie-crush-allithato-gyuru-1-scaled.jpg\",\"datePublished\":\"2022-08-31T10:39:13+00:00\",\"dateModified\":\"2026-01-16T16:50:12+00:00\",\"description\":\"Fedezd fel a leny\u0171g\u00f6z\u0151 Ania Haie Crush verstellbarer Ring \u00e9kszer\u00fcnket. T\u00f6k\u00e9letes kieg\u00e9sz\u00edt\u0151 mindennapi viselethez \u00e9s k\u00fcl\u00f6nleges alkalmakra egyar\u00e1nt. Rendeld meg most!\",\"breadcrumb\":{\"@id\":\"https:\\\/\\\/dianasilver.com\\\/de\\\/termek\\\/ania-haie-crush-verstellbarer-ring\\\/#breadcrumb\"},\"inLanguage\":\"de\",\"potentialAction\":[{\"@type\":\"ReadAction\",\"target\":[\"https:\\\/\\\/dianasilver.com\\\/de\\\/termek\\\/ania-haie-crush-verstellbarer-ring\\\/\"]}]},{\"@type\":\"ImageObject\",\"inLanguage\":\"de\",\"@id\":\"https:\\\/\\\/dianasilver.com\\\/de\\\/termek\\\/ania-haie-crush-verstellbarer-ring\\\/#primaryimage\",\"url\":\"https:\\\/\\\/dianasilver.com\\\/wp-content\\\/uploads\\\/2022\\\/08\\\/ania-haie-crush-allithato-gyuru-1-scaled.jpg\",\"contentUrl\":\"https:\\\/\\\/dianasilver.com\\\/wp-content\\\/uploads\\\/2022\\\/08\\\/ania-haie-crush-allithato-gyuru-1-scaled.jpg\",\"width\":800,\"height\":800},{\"@type\":\"BreadcrumbList\",\"@id\":\"https:\\\/\\\/dianasilver.com\\\/de\\\/termek\\\/ania-haie-crush-verstellbarer-ring\\\/#breadcrumb\",\"itemListElement\":[{\"@type\":\"ListItem\",\"position\":1,\"name\":\"Kezd\u0151lap\",\"item\":\"https:\\\/\\\/dianasilver.com\\\/de\\\/diana-silver-silberschmuck-webshop\\\/\"},{\"@type\":\"ListItem\",\"position\":2,\"name\":\"Shop\",\"item\":\"https:\\\/\\\/dianasilver.com\\\/de\\\/shop\\\/\"},{\"@type\":\"ListItem\",\"position\":3,\"name\":\"Ania Haie Crush verstellbarer Ring\"}]},{\"@type\":\"WebSite\",\"@id\":\"https:\\\/\\\/dianasilver.com\\\/de\\\/#website\",\"url\":\"https:\\\/\\\/dianasilver.com\\\/de\\\/\",\"name\":\"Diana Silver\",\"description\":\"Tedd t\u00f6k\u00e9letesebb\u00e9 mindennapjaid a Diana Silver \u00e9kszereivel.\",\"publisher\":{\"@id\":\"https:\\\/\\\/dianasilver.com\\\/de\\\/#organization\"},\"alternateName\":\"Ez\u00fcst \u00c9kszer Web\u00e1ruh\u00e1z\",\"potentialAction\":[{\"@type\":\"SearchAction\",\"target\":{\"@type\":\"EntryPoint\",\"urlTemplate\":\"https:\\\/\\\/dianasilver.com\\\/de\\\/?s={search_term_string}\"},\"query-input\":{\"@type\":\"PropertyValueSpecification\",\"valueRequired\":true,\"valueName\":\"search_term_string\"}}],\"inLanguage\":\"de\"},{\"@type\":\"Organization\",\"@id\":\"https:\\\/\\\/dianasilver.com\\\/de\\\/#organization\",\"name\":\"Diana Silver\",\"url\":\"https:\\\/\\\/dianasilver.com\\\/de\\\/\",\"logo\":{\"@type\":\"ImageObject\",\"inLanguage\":\"de\",\"@id\":\"https:\\\/\\\/dianasilver.com\\\/de\\\/#\\\/schema\\\/logo\\\/image\\\/\",\"url\":\"https:\\\/\\\/dianasilver.com\\\/wp-content\\\/uploads\\\/2022\\\/08\\\/ezust-feher-1-koves-buttonos-stekkeres-fulbevalo-42.webp\",\"contentUrl\":\"https:\\\/\\\/dianasilver.com\\\/wp-content\\\/uploads\\\/2022\\\/08\\\/ezust-feher-1-koves-buttonos-stekkeres-fulbevalo-42.webp\",\"width\":300,\"height\":154,\"caption\":\"Diana Silver\"},\"image\":{\"@id\":\"https:\\\/\\\/dianasilver.com\\\/de\\\/#\\\/schema\\\/logo\\\/image\\\/\"},\"sameAs\":[\"https:\\\/\\\/www.facebook.com\\\/profile.php?id=100027231325117\"]}]}<\/script>\n<!-- \/ Yoast SEO plugin. -->","yoast_head_json":{"title":"Ania Haie Crush verstellbarer Ring | Diana Silver","description":"Fedezd fel a leny\u0171g\u00f6z\u0151 Ania Haie Crush verstellbarer Ring \u00e9kszer\u00fcnket. T\u00f6k\u00e9letes kieg\u00e9sz\u00edt\u0151 mindennapi viselethez \u00e9s k\u00fcl\u00f6nleges alkalmakra egyar\u00e1nt. Rendeld meg most!","robots":{"index":"index","follow":"follow","max-snippet":"max-snippet:-1","max-image-preview":"max-image-preview:large","max-video-preview":"max-video-preview:-1"},"canonical":"https:\/\/dianasilver.com\/de\/termek\/ania-haie-crush-verstellbarer-ring\/","og_locale":"de_DE","og_type":"article","og_title":"Ania Haie Crush verstellbarer Ring | Diana Silver","og_description":"Fedezd fel a leny\u0171g\u00f6z\u0151 Ania Haie Crush verstellbarer Ring \u00e9kszer\u00fcnket. T\u00f6k\u00e9letes kieg\u00e9sz\u00edt\u0151 mindennapi viselethez \u00e9s k\u00fcl\u00f6nleges alkalmakra egyar\u00e1nt. Rendeld meg most!","og_url":"https:\/\/dianasilver.com\/de\/termek\/ania-haie-crush-verstellbarer-ring\/","og_site_name":"Diana Silver","article_publisher":"https:\/\/www.facebook.com\/profile.php?id=100027231325117","article_modified_time":"2026-01-16T16:50:12+00:00","og_image":[{"width":800,"height":800,"url":"https:\/\/dianasilver.com\/wp-content\/uploads\/2022\/08\/ania-haie-crush-allithato-gyuru-1-scaled.jpg","type":"image\/jpeg"}],"twitter_card":"summary_large_image","twitter_misc":{"Gesch\u00e4tzte Lesezeit":"1\u00a0Minute"},"schema":{"@context":"https:\/\/schema.org","@graph":[{"@type":"WebPage","@id":"https:\/\/dianasilver.com\/de\/termek\/ania-haie-crush-verstellbarer-ring\/","url":"https:\/\/dianasilver.com\/de\/termek\/ania-haie-crush-verstellbarer-ring\/","name":"Ania Haie Crush verstellbarer Ring | Diana Silver","isPartOf":{"@id":"https:\/\/dianasilver.com\/de\/#website"},"primaryImageOfPage":{"@id":"https:\/\/dianasilver.com\/de\/termek\/ania-haie-crush-verstellbarer-ring\/#primaryimage"},"image":{"@id":"https:\/\/dianasilver.com\/de\/termek\/ania-haie-crush-verstellbarer-ring\/#primaryimage"},"thumbnailUrl":"https:\/\/dianasilver.com\/wp-content\/uploads\/2022\/08\/ania-haie-crush-allithato-gyuru-1-scaled.jpg","datePublished":"2022-08-31T10:39:13+00:00","dateModified":"2026-01-16T16:50:12+00:00","description":"Fedezd fel a leny\u0171g\u00f6z\u0151 Ania Haie Crush verstellbarer Ring \u00e9kszer\u00fcnket. T\u00f6k\u00e9letes kieg\u00e9sz\u00edt\u0151 mindennapi viselethez \u00e9s k\u00fcl\u00f6nleges alkalmakra egyar\u00e1nt. Rendeld meg most!","breadcrumb":{"@id":"https:\/\/dianasilver.com\/de\/termek\/ania-haie-crush-verstellbarer-ring\/#breadcrumb"},"inLanguage":"de","potentialAction":[{"@type":"ReadAction","target":["https:\/\/dianasilver.com\/de\/termek\/ania-haie-crush-verstellbarer-ring\/"]}]},{"@type":"ImageObject","inLanguage":"de","@id":"https:\/\/dianasilver.com\/de\/termek\/ania-haie-crush-verstellbarer-ring\/#primaryimage","url":"https:\/\/dianasilver.com\/wp-content\/uploads\/2022\/08\/ania-haie-crush-allithato-gyuru-1-scaled.jpg","contentUrl":"https:\/\/dianasilver.com\/wp-content\/uploads\/2022\/08\/ania-haie-crush-allithato-gyuru-1-scaled.jpg","width":800,"height":800},{"@type":"BreadcrumbList","@id":"https:\/\/dianasilver.com\/de\/termek\/ania-haie-crush-verstellbarer-ring\/#breadcrumb","itemListElement":[{"@type":"ListItem","position":1,"name":"Kezd\u0151lap","item":"https:\/\/dianasilver.com\/de\/diana-silver-silberschmuck-webshop\/"},{"@type":"ListItem","position":2,"name":"Shop","item":"https:\/\/dianasilver.com\/de\/shop\/"},{"@type":"ListItem","position":3,"name":"Ania Haie Crush verstellbarer Ring"}]},{"@type":"WebSite","@id":"https:\/\/dianasilver.com\/de\/#website","url":"https:\/\/dianasilver.com\/de\/","name":"Diana Silver","description":"Tedd t\u00f6k\u00e9letesebb\u00e9 mindennapjaid a Diana Silver \u00e9kszereivel.","publisher":{"@id":"https:\/\/dianasilver.com\/de\/#organization"},"alternateName":"Ez\u00fcst \u00c9kszer Web\u00e1ruh\u00e1z","potentialAction":[{"@type":"SearchAction","target":{"@type":"EntryPoint","urlTemplate":"https:\/\/dianasilver.com\/de\/?s={search_term_string}"},"query-input":{"@type":"PropertyValueSpecification","valueRequired":true,"valueName":"search_term_string"}}],"inLanguage":"de"},{"@type":"Organization","@id":"https:\/\/dianasilver.com\/de\/#organization","name":"Diana Silver","url":"https:\/\/dianasilver.com\/de\/","logo":{"@type":"ImageObject","inLanguage":"de","@id":"https:\/\/dianasilver.com\/de\/#\/schema\/logo\/image\/","url":"https:\/\/dianasilver.com\/wp-content\/uploads\/2022\/08\/ezust-feher-1-koves-buttonos-stekkeres-fulbevalo-42.webp","contentUrl":"https:\/\/dianasilver.com\/wp-content\/uploads\/2022\/08\/ezust-feher-1-koves-buttonos-stekkeres-fulbevalo-42.webp","width":300,"height":154,"caption":"Diana Silver"},"image":{"@id":"https:\/\/dianasilver.com\/de\/#\/schema\/logo\/image\/"},"sameAs":["https:\/\/www.facebook.com\/profile.php?id=100027231325117"]}]}},"_links":{"self":[{"href":"https:\/\/dianasilver.com\/de\/wp-json\/wp\/v2\/product\/113293","targetHints":{"allow":["GET"]}}],"collection":[{"href":"https:\/\/dianasilver.com\/de\/wp-json\/wp\/v2\/product"}],"about":[{"href":"https:\/\/dianasilver.com\/de\/wp-json\/wp\/v2\/types\/product"}],"version-history":[{"count":0,"href":"https:\/\/dianasilver.com\/de\/wp-json\/wp\/v2\/product\/113293\/revisions"}],"wp:featuredmedia":[{"embeddable":true,"href":"https:\/\/dianasilver.com\/de\/wp-json\/wp\/v2\/media\/95002"}],"wp:attachment":[{"href":"https:\/\/dianasilver.com\/de\/wp-json\/wp\/v2\/media?parent=113293"}],"wp:term":[{"taxonomy":"product_brand","embeddable":true,"href":"https:\/\/dianasilver.com\/de\/wp-json\/wp\/v2\/product_brand?post=113293"},{"taxonomy":"product_cat","embeddable":true,"href":"https:\/\/dianasilver.com\/de\/wp-json\/wp\/v2\/product_cat?post=113293"},{"taxonomy":"product_tag","embeddable":true,"href":"https:\/\/dianasilver.com\/de\/wp-json\/wp\/v2\/product_tag?post=113293"}],"curies":[{"name":"wp","href":"https:\/\/api.w.org\/{rel}","templated":true}]}}