{"id":113281,"date":"2022-08-31T12:39:12","date_gmt":"2022-08-31T10:39:12","guid":{"rendered":"https:\/\/dianasilver.hu\/termek\/ania-haie-silber-moderne-perlenkette\/"},"modified":"2026-01-16T17:50:06","modified_gmt":"2026-01-16T16:50:06","slug":"ania-haie-silber-moderne-perlenkette","status":"publish","type":"product","link":"https:\/\/dianasilver.com\/de\/termek\/ania-haie-silber-moderne-perlenkette\/","title":{"rendered":"Ania Haie Silber moderne Perlenkette"},"content":{"rendered":"<h2 data-start=\"210\" data-end=\"293\"><strong data-start=\"213\" data-end=\"291\">Ania Haie silberne moderne Perlenkette &#8211; pure Eleganz und Raffinesse<\/strong><\/h2>\n<p data-start=\"295\" data-end=\"577\">Diese rhodinierte Halskette aus <strong data-start=\"300\" data-end=\"325\">925er Sterlingsilber<\/strong> schafft die perfekte Balance zwischen Minimalismus und moderner Eleganz. Die <strong data-start=\"446\" data-end=\"478\">zart platzierten Perlen<\/strong> sorgen f\u00fcr einen sanften Schimmer und einen einzigartigen Look, der die Sch\u00f6nheit der Tr\u00e4gerin auf elegante Weise unterstreicht.<\/p>\n<p data-start=\"579\" data-end=\"618\">\u2728 <strong data-start=\"581\" data-end=\"616\">Warum sollten Sie diese Halskette w\u00e4hlen?<\/strong><\/p>\n<ul data-start=\"620\" data-end=\"1022\">\n<li data-start=\"620\" data-end=\"708\"><strong data-start=\"622\" data-end=\"642\">Hochwertige Qualit\u00e4t: <\/strong> <strong data-start=\"643\" data-end=\"665\">925er Sterlingsilber<\/strong>, mit Rhodiumbeschichtung f\u00fcr dauerhaften Glanz.<\/li>\n<li data-start=\"709\" data-end=\"836\"><strong data-start=\"711\" data-end=\"738\">Modernes Perlendesign:<\/strong> ein schlichter und doch raffinierter Look, der die perfekte Erg\u00e4nzung f\u00fcr jede Garderobe ist.<\/li>\n<li data-start=\"837\" data-end=\"918\"><strong data-start=\"839\" data-end=\"865\">Vielseitig:<\/strong> Ideal f\u00fcr Alltag und Freizeit.<\/li>\n<li data-start=\"919\" data-end=\"1022\"><strong data-start=\"921\" data-end=\"946\">Bequem und leicht:<\/strong> Das zarte Design sorgt f\u00fcr ganzt\u00e4gigen Tragekomfort.<\/li>\n<\/ul>\n<p data-start=\"1024\" data-end=\"1192\" data-is-last-node=\"\">\ud83c\udf81 <strong data-start=\"1027\" data-end=\"1188\">Ein elegantes und zeitloses Geschenk f\u00fcr jedes Alter. Entdecken Sie die Modern Kollektion von Ania Haie und werten Sie Ihren Stil mit dieser raffinierten Halskette auf!<\/strong> \u2728\ud83d\udc96<\/p>\n","protected":false},"excerpt":{"rendered":"<p data-start=\"24\" data-end=\"178\"><strong data-start=\"24\" data-end=\"62\">Ania Haie moderne Perlenkette aus Silber<\/strong> &#8211; ein raffiniertes und klares Design, das die perfekte Erg\u00e4nzung f\u00fcr allt\u00e4gliche und legere Looks ist. \u2728<\/p>\n","protected":false},"featured_media":95020,"template":"","meta":{"_acf_changed":false},"product_brand":[],"product_cat":[679],"product_tag":[],"class_list":{"0":"post-113281","1":"product","2":"type-product","3":"status-publish","4":"has-post-thumbnail","6":"product_cat-silberne-halskette-mit-anhanger","7":"description-off","9":"first","10":"outofstock","11":"sale","12":"taxable","13":"shipping-taxable","14":"purchasable","15":"product-type-simple"},"acf":[],"yoast_head":"<!-- This site is optimized with the Yoast SEO plugin v27.4 - https:\/\/yoast.com\/product\/yoast-seo-wordpress\/ -->\n<title>Ania Haie Silber moderne Perlenkette | Diana Silver<\/title>\n<meta name=\"description\" content=\"Fedezd fel a leny\u0171g\u00f6z\u0151 Ania Haie Silber moderne Perlenkette \u00e9kszer\u00fcnket. T\u00f6k\u00e9letes kieg\u00e9sz\u00edt\u0151 mindennapi viselethez \u00e9s k\u00fcl\u00f6nleges alkalmakra egyar\u00e1nt. Rendeld meg most!\" \/>\n<meta name=\"robots\" content=\"index, follow, max-snippet:-1, max-image-preview:large, max-video-preview:-1\" \/>\n<link rel=\"canonical\" href=\"https:\/\/dianasilver.com\/de\/termek\/ania-haie-silber-moderne-perlenkette\/\" \/>\n<meta property=\"og:locale\" content=\"de_DE\" \/>\n<meta property=\"og:type\" content=\"article\" \/>\n<meta property=\"og:title\" content=\"Ania Haie Silber moderne Perlenkette | Diana Silver\" \/>\n<meta property=\"og:description\" content=\"Fedezd fel a leny\u0171g\u00f6z\u0151 Ania Haie Silber moderne Perlenkette \u00e9kszer\u00fcnket. T\u00f6k\u00e9letes kieg\u00e9sz\u00edt\u0151 mindennapi viselethez \u00e9s k\u00fcl\u00f6nleges alkalmakra egyar\u00e1nt. Rendeld meg most!\" \/>\n<meta property=\"og:url\" content=\"https:\/\/dianasilver.com\/de\/termek\/ania-haie-silber-moderne-perlenkette\/\" \/>\n<meta property=\"og:site_name\" content=\"Diana Silver\" \/>\n<meta property=\"article:publisher\" content=\"https:\/\/www.facebook.com\/profile.php?id=100027231325117\" \/>\n<meta property=\"article:modified_time\" content=\"2026-01-16T16:50:06+00:00\" \/>\n<meta property=\"og:image\" content=\"https:\/\/dianasilver.com\/wp-content\/uploads\/2022\/08\/ania-haie-ezust-modern-gyongyos-nyaklanc-1-scaled.jpg\" \/>\n\t<meta property=\"og:image:width\" content=\"800\" \/>\n\t<meta property=\"og:image:height\" content=\"800\" \/>\n\t<meta property=\"og:image:type\" content=\"image\/jpeg\" \/>\n<meta name=\"twitter:card\" content=\"summary_large_image\" \/>\n<meta name=\"twitter:label1\" content=\"Gesch\u00e4tzte Lesezeit\" \/>\n\t<meta name=\"twitter:data1\" content=\"1\u00a0Minute\" \/>\n<script type=\"application\/ld+json\" class=\"yoast-schema-graph\">{\"@context\":\"https:\\\/\\\/schema.org\",\"@graph\":[{\"@type\":\"WebPage\",\"@id\":\"https:\\\/\\\/dianasilver.com\\\/de\\\/termek\\\/ania-haie-silber-moderne-perlenkette\\\/\",\"url\":\"https:\\\/\\\/dianasilver.com\\\/de\\\/termek\\\/ania-haie-silber-moderne-perlenkette\\\/\",\"name\":\"Ania Haie Silber moderne Perlenkette | Diana Silver\",\"isPartOf\":{\"@id\":\"https:\\\/\\\/dianasilver.com\\\/de\\\/#website\"},\"primaryImageOfPage\":{\"@id\":\"https:\\\/\\\/dianasilver.com\\\/de\\\/termek\\\/ania-haie-silber-moderne-perlenkette\\\/#primaryimage\"},\"image\":{\"@id\":\"https:\\\/\\\/dianasilver.com\\\/de\\\/termek\\\/ania-haie-silber-moderne-perlenkette\\\/#primaryimage\"},\"thumbnailUrl\":\"https:\\\/\\\/dianasilver.com\\\/wp-content\\\/uploads\\\/2022\\\/08\\\/ania-haie-ezust-modern-gyongyos-nyaklanc-1-scaled.jpg\",\"datePublished\":\"2022-08-31T10:39:12+00:00\",\"dateModified\":\"2026-01-16T16:50:06+00:00\",\"description\":\"Fedezd fel a leny\u0171g\u00f6z\u0151 Ania Haie Silber moderne Perlenkette \u00e9kszer\u00fcnket. T\u00f6k\u00e9letes kieg\u00e9sz\u00edt\u0151 mindennapi viselethez \u00e9s k\u00fcl\u00f6nleges alkalmakra egyar\u00e1nt. Rendeld meg most!\",\"breadcrumb\":{\"@id\":\"https:\\\/\\\/dianasilver.com\\\/de\\\/termek\\\/ania-haie-silber-moderne-perlenkette\\\/#breadcrumb\"},\"inLanguage\":\"de\",\"potentialAction\":[{\"@type\":\"ReadAction\",\"target\":[\"https:\\\/\\\/dianasilver.com\\\/de\\\/termek\\\/ania-haie-silber-moderne-perlenkette\\\/\"]}]},{\"@type\":\"ImageObject\",\"inLanguage\":\"de\",\"@id\":\"https:\\\/\\\/dianasilver.com\\\/de\\\/termek\\\/ania-haie-silber-moderne-perlenkette\\\/#primaryimage\",\"url\":\"https:\\\/\\\/dianasilver.com\\\/wp-content\\\/uploads\\\/2022\\\/08\\\/ania-haie-ezust-modern-gyongyos-nyaklanc-1-scaled.jpg\",\"contentUrl\":\"https:\\\/\\\/dianasilver.com\\\/wp-content\\\/uploads\\\/2022\\\/08\\\/ania-haie-ezust-modern-gyongyos-nyaklanc-1-scaled.jpg\",\"width\":800,\"height\":800},{\"@type\":\"BreadcrumbList\",\"@id\":\"https:\\\/\\\/dianasilver.com\\\/de\\\/termek\\\/ania-haie-silber-moderne-perlenkette\\\/#breadcrumb\",\"itemListElement\":[{\"@type\":\"ListItem\",\"position\":1,\"name\":\"Kezd\u0151lap\",\"item\":\"https:\\\/\\\/dianasilver.com\\\/de\\\/diana-silver-silberschmuck-webshop\\\/\"},{\"@type\":\"ListItem\",\"position\":2,\"name\":\"Shop\",\"item\":\"https:\\\/\\\/dianasilver.com\\\/de\\\/shop\\\/\"},{\"@type\":\"ListItem\",\"position\":3,\"name\":\"Ania Haie Silber moderne Perlenkette\"}]},{\"@type\":\"WebSite\",\"@id\":\"https:\\\/\\\/dianasilver.com\\\/de\\\/#website\",\"url\":\"https:\\\/\\\/dianasilver.com\\\/de\\\/\",\"name\":\"Diana Silver\",\"description\":\"Tedd t\u00f6k\u00e9letesebb\u00e9 mindennapjaid a Diana Silver \u00e9kszereivel.\",\"publisher\":{\"@id\":\"https:\\\/\\\/dianasilver.com\\\/de\\\/#organization\"},\"alternateName\":\"Ez\u00fcst \u00c9kszer Web\u00e1ruh\u00e1z\",\"potentialAction\":[{\"@type\":\"SearchAction\",\"target\":{\"@type\":\"EntryPoint\",\"urlTemplate\":\"https:\\\/\\\/dianasilver.com\\\/de\\\/?s={search_term_string}\"},\"query-input\":{\"@type\":\"PropertyValueSpecification\",\"valueRequired\":true,\"valueName\":\"search_term_string\"}}],\"inLanguage\":\"de\"},{\"@type\":\"Organization\",\"@id\":\"https:\\\/\\\/dianasilver.com\\\/de\\\/#organization\",\"name\":\"Diana Silver\",\"url\":\"https:\\\/\\\/dianasilver.com\\\/de\\\/\",\"logo\":{\"@type\":\"ImageObject\",\"inLanguage\":\"de\",\"@id\":\"https:\\\/\\\/dianasilver.com\\\/de\\\/#\\\/schema\\\/logo\\\/image\\\/\",\"url\":\"https:\\\/\\\/dianasilver.com\\\/wp-content\\\/uploads\\\/2022\\\/08\\\/ezust-feher-1-koves-buttonos-stekkeres-fulbevalo-42.webp\",\"contentUrl\":\"https:\\\/\\\/dianasilver.com\\\/wp-content\\\/uploads\\\/2022\\\/08\\\/ezust-feher-1-koves-buttonos-stekkeres-fulbevalo-42.webp\",\"width\":300,\"height\":154,\"caption\":\"Diana Silver\"},\"image\":{\"@id\":\"https:\\\/\\\/dianasilver.com\\\/de\\\/#\\\/schema\\\/logo\\\/image\\\/\"},\"sameAs\":[\"https:\\\/\\\/www.facebook.com\\\/profile.php?id=100027231325117\"]}]}<\/script>\n<!-- \/ Yoast SEO plugin. -->","yoast_head_json":{"title":"Ania Haie Silber moderne Perlenkette | Diana Silver","description":"Fedezd fel a leny\u0171g\u00f6z\u0151 Ania Haie Silber moderne Perlenkette \u00e9kszer\u00fcnket. T\u00f6k\u00e9letes kieg\u00e9sz\u00edt\u0151 mindennapi viselethez \u00e9s k\u00fcl\u00f6nleges alkalmakra egyar\u00e1nt. Rendeld meg most!","robots":{"index":"index","follow":"follow","max-snippet":"max-snippet:-1","max-image-preview":"max-image-preview:large","max-video-preview":"max-video-preview:-1"},"canonical":"https:\/\/dianasilver.com\/de\/termek\/ania-haie-silber-moderne-perlenkette\/","og_locale":"de_DE","og_type":"article","og_title":"Ania Haie Silber moderne Perlenkette | Diana Silver","og_description":"Fedezd fel a leny\u0171g\u00f6z\u0151 Ania Haie Silber moderne Perlenkette \u00e9kszer\u00fcnket. T\u00f6k\u00e9letes kieg\u00e9sz\u00edt\u0151 mindennapi viselethez \u00e9s k\u00fcl\u00f6nleges alkalmakra egyar\u00e1nt. Rendeld meg most!","og_url":"https:\/\/dianasilver.com\/de\/termek\/ania-haie-silber-moderne-perlenkette\/","og_site_name":"Diana Silver","article_publisher":"https:\/\/www.facebook.com\/profile.php?id=100027231325117","article_modified_time":"2026-01-16T16:50:06+00:00","og_image":[{"width":800,"height":800,"url":"https:\/\/dianasilver.com\/wp-content\/uploads\/2022\/08\/ania-haie-ezust-modern-gyongyos-nyaklanc-1-scaled.jpg","type":"image\/jpeg"}],"twitter_card":"summary_large_image","twitter_misc":{"Gesch\u00e4tzte Lesezeit":"1\u00a0Minute"},"schema":{"@context":"https:\/\/schema.org","@graph":[{"@type":"WebPage","@id":"https:\/\/dianasilver.com\/de\/termek\/ania-haie-silber-moderne-perlenkette\/","url":"https:\/\/dianasilver.com\/de\/termek\/ania-haie-silber-moderne-perlenkette\/","name":"Ania Haie Silber moderne Perlenkette | Diana Silver","isPartOf":{"@id":"https:\/\/dianasilver.com\/de\/#website"},"primaryImageOfPage":{"@id":"https:\/\/dianasilver.com\/de\/termek\/ania-haie-silber-moderne-perlenkette\/#primaryimage"},"image":{"@id":"https:\/\/dianasilver.com\/de\/termek\/ania-haie-silber-moderne-perlenkette\/#primaryimage"},"thumbnailUrl":"https:\/\/dianasilver.com\/wp-content\/uploads\/2022\/08\/ania-haie-ezust-modern-gyongyos-nyaklanc-1-scaled.jpg","datePublished":"2022-08-31T10:39:12+00:00","dateModified":"2026-01-16T16:50:06+00:00","description":"Fedezd fel a leny\u0171g\u00f6z\u0151 Ania Haie Silber moderne Perlenkette \u00e9kszer\u00fcnket. T\u00f6k\u00e9letes kieg\u00e9sz\u00edt\u0151 mindennapi viselethez \u00e9s k\u00fcl\u00f6nleges alkalmakra egyar\u00e1nt. Rendeld meg most!","breadcrumb":{"@id":"https:\/\/dianasilver.com\/de\/termek\/ania-haie-silber-moderne-perlenkette\/#breadcrumb"},"inLanguage":"de","potentialAction":[{"@type":"ReadAction","target":["https:\/\/dianasilver.com\/de\/termek\/ania-haie-silber-moderne-perlenkette\/"]}]},{"@type":"ImageObject","inLanguage":"de","@id":"https:\/\/dianasilver.com\/de\/termek\/ania-haie-silber-moderne-perlenkette\/#primaryimage","url":"https:\/\/dianasilver.com\/wp-content\/uploads\/2022\/08\/ania-haie-ezust-modern-gyongyos-nyaklanc-1-scaled.jpg","contentUrl":"https:\/\/dianasilver.com\/wp-content\/uploads\/2022\/08\/ania-haie-ezust-modern-gyongyos-nyaklanc-1-scaled.jpg","width":800,"height":800},{"@type":"BreadcrumbList","@id":"https:\/\/dianasilver.com\/de\/termek\/ania-haie-silber-moderne-perlenkette\/#breadcrumb","itemListElement":[{"@type":"ListItem","position":1,"name":"Kezd\u0151lap","item":"https:\/\/dianasilver.com\/de\/diana-silver-silberschmuck-webshop\/"},{"@type":"ListItem","position":2,"name":"Shop","item":"https:\/\/dianasilver.com\/de\/shop\/"},{"@type":"ListItem","position":3,"name":"Ania Haie Silber moderne Perlenkette"}]},{"@type":"WebSite","@id":"https:\/\/dianasilver.com\/de\/#website","url":"https:\/\/dianasilver.com\/de\/","name":"Diana Silver","description":"Tedd t\u00f6k\u00e9letesebb\u00e9 mindennapjaid a Diana Silver \u00e9kszereivel.","publisher":{"@id":"https:\/\/dianasilver.com\/de\/#organization"},"alternateName":"Ez\u00fcst \u00c9kszer Web\u00e1ruh\u00e1z","potentialAction":[{"@type":"SearchAction","target":{"@type":"EntryPoint","urlTemplate":"https:\/\/dianasilver.com\/de\/?s={search_term_string}"},"query-input":{"@type":"PropertyValueSpecification","valueRequired":true,"valueName":"search_term_string"}}],"inLanguage":"de"},{"@type":"Organization","@id":"https:\/\/dianasilver.com\/de\/#organization","name":"Diana Silver","url":"https:\/\/dianasilver.com\/de\/","logo":{"@type":"ImageObject","inLanguage":"de","@id":"https:\/\/dianasilver.com\/de\/#\/schema\/logo\/image\/","url":"https:\/\/dianasilver.com\/wp-content\/uploads\/2022\/08\/ezust-feher-1-koves-buttonos-stekkeres-fulbevalo-42.webp","contentUrl":"https:\/\/dianasilver.com\/wp-content\/uploads\/2022\/08\/ezust-feher-1-koves-buttonos-stekkeres-fulbevalo-42.webp","width":300,"height":154,"caption":"Diana Silver"},"image":{"@id":"https:\/\/dianasilver.com\/de\/#\/schema\/logo\/image\/"},"sameAs":["https:\/\/www.facebook.com\/profile.php?id=100027231325117"]}]}},"_links":{"self":[{"href":"https:\/\/dianasilver.com\/de\/wp-json\/wp\/v2\/product\/113281","targetHints":{"allow":["GET"]}}],"collection":[{"href":"https:\/\/dianasilver.com\/de\/wp-json\/wp\/v2\/product"}],"about":[{"href":"https:\/\/dianasilver.com\/de\/wp-json\/wp\/v2\/types\/product"}],"version-history":[{"count":0,"href":"https:\/\/dianasilver.com\/de\/wp-json\/wp\/v2\/product\/113281\/revisions"}],"wp:featuredmedia":[{"embeddable":true,"href":"https:\/\/dianasilver.com\/de\/wp-json\/wp\/v2\/media\/95020"}],"wp:attachment":[{"href":"https:\/\/dianasilver.com\/de\/wp-json\/wp\/v2\/media?parent=113281"}],"wp:term":[{"taxonomy":"product_brand","embeddable":true,"href":"https:\/\/dianasilver.com\/de\/wp-json\/wp\/v2\/product_brand?post=113281"},{"taxonomy":"product_cat","embeddable":true,"href":"https:\/\/dianasilver.com\/de\/wp-json\/wp\/v2\/product_cat?post=113281"},{"taxonomy":"product_tag","embeddable":true,"href":"https:\/\/dianasilver.com\/de\/wp-json\/wp\/v2\/product_tag?post=113281"}],"curies":[{"name":"wp","href":"https:\/\/api.w.org\/{rel}","templated":true}]}}