{"id":113280,"date":"2022-08-31T12:39:12","date_gmt":"2022-08-31T10:39:12","guid":{"rendered":"https:\/\/dianasilver.hu\/termek\/ania-haie-crush-halskette-mit-quadratischem-anhaenger\/"},"modified":"2026-01-16T17:50:05","modified_gmt":"2026-01-16T16:50:05","slug":"ania-haie-crush-halskette-mit-quadratischem-anhaenger","status":"publish","type":"product","link":"https:\/\/dianasilver.com\/de\/termek\/ania-haie-crush-halskette-mit-quadratischem-anhaenger\/","title":{"rendered":"Ania Haie Crush Halskette mit quadratischem Anh\u00e4nger"},"content":{"rendered":"<h2 data-start=\"161\" data-end=\"247\"><strong data-start=\"164\" data-end=\"245\">Ania Haie Crush Halskette mit quadratischem Anh\u00e4nger &#8211; klares Design und moderner Stil<\/strong><\/h2>\n<p data-start=\"249\" data-end=\"494\">Diese Halskette <strong data-start=\"254\" data-end=\"279\">aus 925er Sterlingsilber<\/strong> ist mit einem eleganten <strong data-start=\"306\" data-end=\"332\">quadratischen Anh\u00e4nger<\/strong> geschm\u00fcckt, der die perfekte Mischung aus minimalistischem Stil und moderner Eleganz darstellt. Die Rhodinierung gew\u00e4hrleistet die Haltbarkeit und Langlebigkeit des Schmucks<\/p>\n<p data-start=\"496\" data-end=\"537\">\ud83d\udd32 <strong data-start=\"499\" data-end=\"535\">Was symbolisiert die quadratische Form?<\/strong><\/p>\n<ul data-start=\"538\" data-end=\"681\">\n<li data-start=\"538\" data-end=\"592\">Ein Symbol f\u00fcr Stabilit\u00e4t, Gleichgewicht und Sicherheit.<\/li>\n<li data-start=\"593\" data-end=\"639\">Ein Symbol f\u00fcr Pr\u00e4zision und Ordnung.<\/li>\n<li data-start=\"640\" data-end=\"681\">Ein Ausdruck von St\u00e4rke und Zuverl\u00e4ssigkeit.<\/li>\n<\/ul>\n<p data-start=\"683\" data-end=\"722\">\u2728 <strong data-start=\"685\" data-end=\"720\">Warum sollten Sie diese Halskette w\u00e4hlen?<\/strong><\/p>\n<ul data-start=\"723\" data-end=\"1021\">\n<li data-start=\"723\" data-end=\"819\"><strong data-start=\"725\" data-end=\"745\">Hochwertige Qualit\u00e4t: <\/strong> <strong data-start=\"746\" data-end=\"768\">925er Sterlingsilber<\/strong>, rhodiniert f\u00fcr lang anhaltenden Glanz.<\/li>\n<li data-start=\"820\" data-end=\"890\"><strong data-start=\"822\" data-end=\"845\">Geometrisches Design:<\/strong> klare Eleganz und ein moderner Look.<\/li>\n<li data-start=\"891\" data-end=\"955\"><strong data-start=\"893\" data-end=\"913\">Perfekte L\u00e4nge:<\/strong> leicht zu kombinieren<\/li>\n<li data-start=\"956\" data-end=\"1021\"><strong data-start=\"958\" data-end=\"1019\">Ideal f\u00fcr das t\u00e4gliche Tragen und besondere Anl\u00e4sse.<\/strong><\/li>\n<\/ul>\n<p data-start=\"1023\" data-end=\"1110\" data-is-last-node=\"\">\ud83c\udf81 <strong data-start=\"1026\" data-end=\"1106\">Das perfekte Geschenk f\u00fcr alle, die modernen und minimalistischen Schmuck lieben!<\/strong> \ud83d\udc96\u2728<\/p>\n","protected":false},"excerpt":{"rendered":"<p><strong data-start=\"24\" data-end=\"68\">Ania Haie Crush Halskette mit quadratischem Anh\u00e4nger<\/strong> &#8211; moderne Geometrie und zeitlose Eleganz in einem St\u00fcck. \u2728\ud83d\udd32<\/p>\n","protected":false},"featured_media":95014,"template":"","meta":{"_acf_changed":false},"product_brand":[],"product_cat":[679],"product_tag":[],"class_list":{"0":"post-113280","1":"product","2":"type-product","3":"status-publish","4":"has-post-thumbnail","6":"product_cat-silberne-halskette-mit-anhanger","7":"description-off","9":"first","10":"outofstock","11":"sale","12":"taxable","13":"shipping-taxable","14":"purchasable","15":"product-type-simple"},"acf":[],"yoast_head":"<!-- This site is optimized with the Yoast SEO plugin v27.4 - https:\/\/yoast.com\/product\/yoast-seo-wordpress\/ -->\n<title>Ania Haie Crush Halskette mit quadratischem Anh\u00e4nger | Diana Silver<\/title>\n<meta name=\"description\" content=\"Fedezd fel a leny\u0171g\u00f6z\u0151 Ania Haie Crush Halskette mit quadratischem Anh\u00e4nger \u00e9kszer\u00fcnket. T\u00f6k\u00e9letes kieg\u00e9sz\u00edt\u0151 mindennapi viselethez \u00e9s k\u00fcl\u00f6nleges alkalmakra egyar\u00e1nt. Rendeld meg most!\" \/>\n<meta name=\"robots\" content=\"index, follow, max-snippet:-1, max-image-preview:large, max-video-preview:-1\" \/>\n<link rel=\"canonical\" href=\"https:\/\/dianasilver.com\/de\/termek\/ania-haie-crush-halskette-mit-quadratischem-anhaenger\/\" \/>\n<meta property=\"og:locale\" content=\"de_DE\" \/>\n<meta property=\"og:type\" content=\"article\" \/>\n<meta property=\"og:title\" content=\"Ania Haie Crush Halskette mit quadratischem Anh\u00e4nger | Diana Silver\" \/>\n<meta property=\"og:description\" content=\"Fedezd fel a leny\u0171g\u00f6z\u0151 Ania Haie Crush Halskette mit quadratischem Anh\u00e4nger \u00e9kszer\u00fcnket. T\u00f6k\u00e9letes kieg\u00e9sz\u00edt\u0151 mindennapi viselethez \u00e9s k\u00fcl\u00f6nleges alkalmakra egyar\u00e1nt. Rendeld meg most!\" \/>\n<meta property=\"og:url\" content=\"https:\/\/dianasilver.com\/de\/termek\/ania-haie-crush-halskette-mit-quadratischem-anhaenger\/\" \/>\n<meta property=\"og:site_name\" content=\"Diana Silver\" \/>\n<meta property=\"article:publisher\" content=\"https:\/\/www.facebook.com\/profile.php?id=100027231325117\" \/>\n<meta property=\"article:modified_time\" content=\"2026-01-16T16:50:05+00:00\" \/>\n<meta property=\"og:image\" content=\"https:\/\/dianasilver.com\/wp-content\/uploads\/2022\/08\/N017-03H_1024x1024-compress-scaled.jpg\" \/>\n\t<meta property=\"og:image:width\" content=\"800\" \/>\n\t<meta property=\"og:image:height\" content=\"800\" \/>\n\t<meta property=\"og:image:type\" content=\"image\/jpeg\" \/>\n<meta name=\"twitter:card\" content=\"summary_large_image\" \/>\n<meta name=\"twitter:label1\" content=\"Gesch\u00e4tzte Lesezeit\" \/>\n\t<meta name=\"twitter:data1\" content=\"1\u00a0Minute\" \/>\n<script type=\"application\/ld+json\" class=\"yoast-schema-graph\">{\"@context\":\"https:\\\/\\\/schema.org\",\"@graph\":[{\"@type\":\"WebPage\",\"@id\":\"https:\\\/\\\/dianasilver.com\\\/de\\\/termek\\\/ania-haie-crush-halskette-mit-quadratischem-anhaenger\\\/\",\"url\":\"https:\\\/\\\/dianasilver.com\\\/de\\\/termek\\\/ania-haie-crush-halskette-mit-quadratischem-anhaenger\\\/\",\"name\":\"Ania Haie Crush Halskette mit quadratischem Anh\u00e4nger | Diana Silver\",\"isPartOf\":{\"@id\":\"https:\\\/\\\/dianasilver.com\\\/de\\\/#website\"},\"primaryImageOfPage\":{\"@id\":\"https:\\\/\\\/dianasilver.com\\\/de\\\/termek\\\/ania-haie-crush-halskette-mit-quadratischem-anhaenger\\\/#primaryimage\"},\"image\":{\"@id\":\"https:\\\/\\\/dianasilver.com\\\/de\\\/termek\\\/ania-haie-crush-halskette-mit-quadratischem-anhaenger\\\/#primaryimage\"},\"thumbnailUrl\":\"https:\\\/\\\/dianasilver.com\\\/wp-content\\\/uploads\\\/2022\\\/08\\\/N017-03H_1024x1024-compress-scaled.jpg\",\"datePublished\":\"2022-08-31T10:39:12+00:00\",\"dateModified\":\"2026-01-16T16:50:05+00:00\",\"description\":\"Fedezd fel a leny\u0171g\u00f6z\u0151 Ania Haie Crush Halskette mit quadratischem Anh\u00e4nger \u00e9kszer\u00fcnket. T\u00f6k\u00e9letes kieg\u00e9sz\u00edt\u0151 mindennapi viselethez \u00e9s k\u00fcl\u00f6nleges alkalmakra egyar\u00e1nt. Rendeld meg most!\",\"breadcrumb\":{\"@id\":\"https:\\\/\\\/dianasilver.com\\\/de\\\/termek\\\/ania-haie-crush-halskette-mit-quadratischem-anhaenger\\\/#breadcrumb\"},\"inLanguage\":\"de\",\"potentialAction\":[{\"@type\":\"ReadAction\",\"target\":[\"https:\\\/\\\/dianasilver.com\\\/de\\\/termek\\\/ania-haie-crush-halskette-mit-quadratischem-anhaenger\\\/\"]}]},{\"@type\":\"ImageObject\",\"inLanguage\":\"de\",\"@id\":\"https:\\\/\\\/dianasilver.com\\\/de\\\/termek\\\/ania-haie-crush-halskette-mit-quadratischem-anhaenger\\\/#primaryimage\",\"url\":\"https:\\\/\\\/dianasilver.com\\\/wp-content\\\/uploads\\\/2022\\\/08\\\/N017-03H_1024x1024-compress-scaled.jpg\",\"contentUrl\":\"https:\\\/\\\/dianasilver.com\\\/wp-content\\\/uploads\\\/2022\\\/08\\\/N017-03H_1024x1024-compress-scaled.jpg\",\"width\":800,\"height\":800},{\"@type\":\"BreadcrumbList\",\"@id\":\"https:\\\/\\\/dianasilver.com\\\/de\\\/termek\\\/ania-haie-crush-halskette-mit-quadratischem-anhaenger\\\/#breadcrumb\",\"itemListElement\":[{\"@type\":\"ListItem\",\"position\":1,\"name\":\"Kezd\u0151lap\",\"item\":\"https:\\\/\\\/dianasilver.com\\\/de\\\/diana-silver-silberschmuck-webshop\\\/\"},{\"@type\":\"ListItem\",\"position\":2,\"name\":\"Shop\",\"item\":\"https:\\\/\\\/dianasilver.com\\\/de\\\/shop\\\/\"},{\"@type\":\"ListItem\",\"position\":3,\"name\":\"Ania Haie Crush Halskette mit quadratischem Anh\u00e4nger\"}]},{\"@type\":\"WebSite\",\"@id\":\"https:\\\/\\\/dianasilver.com\\\/de\\\/#website\",\"url\":\"https:\\\/\\\/dianasilver.com\\\/de\\\/\",\"name\":\"Diana Silver\",\"description\":\"Tedd t\u00f6k\u00e9letesebb\u00e9 mindennapjaid a Diana Silver \u00e9kszereivel.\",\"publisher\":{\"@id\":\"https:\\\/\\\/dianasilver.com\\\/de\\\/#organization\"},\"alternateName\":\"Ez\u00fcst \u00c9kszer Web\u00e1ruh\u00e1z\",\"potentialAction\":[{\"@type\":\"SearchAction\",\"target\":{\"@type\":\"EntryPoint\",\"urlTemplate\":\"https:\\\/\\\/dianasilver.com\\\/de\\\/?s={search_term_string}\"},\"query-input\":{\"@type\":\"PropertyValueSpecification\",\"valueRequired\":true,\"valueName\":\"search_term_string\"}}],\"inLanguage\":\"de\"},{\"@type\":\"Organization\",\"@id\":\"https:\\\/\\\/dianasilver.com\\\/de\\\/#organization\",\"name\":\"Diana Silver\",\"url\":\"https:\\\/\\\/dianasilver.com\\\/de\\\/\",\"logo\":{\"@type\":\"ImageObject\",\"inLanguage\":\"de\",\"@id\":\"https:\\\/\\\/dianasilver.com\\\/de\\\/#\\\/schema\\\/logo\\\/image\\\/\",\"url\":\"https:\\\/\\\/dianasilver.com\\\/wp-content\\\/uploads\\\/2022\\\/08\\\/ezust-feher-1-koves-buttonos-stekkeres-fulbevalo-42.webp\",\"contentUrl\":\"https:\\\/\\\/dianasilver.com\\\/wp-content\\\/uploads\\\/2022\\\/08\\\/ezust-feher-1-koves-buttonos-stekkeres-fulbevalo-42.webp\",\"width\":300,\"height\":154,\"caption\":\"Diana Silver\"},\"image\":{\"@id\":\"https:\\\/\\\/dianasilver.com\\\/de\\\/#\\\/schema\\\/logo\\\/image\\\/\"},\"sameAs\":[\"https:\\\/\\\/www.facebook.com\\\/profile.php?id=100027231325117\"]}]}<\/script>\n<!-- \/ Yoast SEO plugin. -->","yoast_head_json":{"title":"Ania Haie Crush Halskette mit quadratischem Anh\u00e4nger | Diana Silver","description":"Fedezd fel a leny\u0171g\u00f6z\u0151 Ania Haie Crush Halskette mit quadratischem Anh\u00e4nger \u00e9kszer\u00fcnket. T\u00f6k\u00e9letes kieg\u00e9sz\u00edt\u0151 mindennapi viselethez \u00e9s k\u00fcl\u00f6nleges alkalmakra egyar\u00e1nt. Rendeld meg most!","robots":{"index":"index","follow":"follow","max-snippet":"max-snippet:-1","max-image-preview":"max-image-preview:large","max-video-preview":"max-video-preview:-1"},"canonical":"https:\/\/dianasilver.com\/de\/termek\/ania-haie-crush-halskette-mit-quadratischem-anhaenger\/","og_locale":"de_DE","og_type":"article","og_title":"Ania Haie Crush Halskette mit quadratischem Anh\u00e4nger | Diana Silver","og_description":"Fedezd fel a leny\u0171g\u00f6z\u0151 Ania Haie Crush Halskette mit quadratischem Anh\u00e4nger \u00e9kszer\u00fcnket. T\u00f6k\u00e9letes kieg\u00e9sz\u00edt\u0151 mindennapi viselethez \u00e9s k\u00fcl\u00f6nleges alkalmakra egyar\u00e1nt. Rendeld meg most!","og_url":"https:\/\/dianasilver.com\/de\/termek\/ania-haie-crush-halskette-mit-quadratischem-anhaenger\/","og_site_name":"Diana Silver","article_publisher":"https:\/\/www.facebook.com\/profile.php?id=100027231325117","article_modified_time":"2026-01-16T16:50:05+00:00","og_image":[{"width":800,"height":800,"url":"https:\/\/dianasilver.com\/wp-content\/uploads\/2022\/08\/N017-03H_1024x1024-compress-scaled.jpg","type":"image\/jpeg"}],"twitter_card":"summary_large_image","twitter_misc":{"Gesch\u00e4tzte Lesezeit":"1\u00a0Minute"},"schema":{"@context":"https:\/\/schema.org","@graph":[{"@type":"WebPage","@id":"https:\/\/dianasilver.com\/de\/termek\/ania-haie-crush-halskette-mit-quadratischem-anhaenger\/","url":"https:\/\/dianasilver.com\/de\/termek\/ania-haie-crush-halskette-mit-quadratischem-anhaenger\/","name":"Ania Haie Crush Halskette mit quadratischem Anh\u00e4nger | Diana Silver","isPartOf":{"@id":"https:\/\/dianasilver.com\/de\/#website"},"primaryImageOfPage":{"@id":"https:\/\/dianasilver.com\/de\/termek\/ania-haie-crush-halskette-mit-quadratischem-anhaenger\/#primaryimage"},"image":{"@id":"https:\/\/dianasilver.com\/de\/termek\/ania-haie-crush-halskette-mit-quadratischem-anhaenger\/#primaryimage"},"thumbnailUrl":"https:\/\/dianasilver.com\/wp-content\/uploads\/2022\/08\/N017-03H_1024x1024-compress-scaled.jpg","datePublished":"2022-08-31T10:39:12+00:00","dateModified":"2026-01-16T16:50:05+00:00","description":"Fedezd fel a leny\u0171g\u00f6z\u0151 Ania Haie Crush Halskette mit quadratischem Anh\u00e4nger \u00e9kszer\u00fcnket. T\u00f6k\u00e9letes kieg\u00e9sz\u00edt\u0151 mindennapi viselethez \u00e9s k\u00fcl\u00f6nleges alkalmakra egyar\u00e1nt. Rendeld meg most!","breadcrumb":{"@id":"https:\/\/dianasilver.com\/de\/termek\/ania-haie-crush-halskette-mit-quadratischem-anhaenger\/#breadcrumb"},"inLanguage":"de","potentialAction":[{"@type":"ReadAction","target":["https:\/\/dianasilver.com\/de\/termek\/ania-haie-crush-halskette-mit-quadratischem-anhaenger\/"]}]},{"@type":"ImageObject","inLanguage":"de","@id":"https:\/\/dianasilver.com\/de\/termek\/ania-haie-crush-halskette-mit-quadratischem-anhaenger\/#primaryimage","url":"https:\/\/dianasilver.com\/wp-content\/uploads\/2022\/08\/N017-03H_1024x1024-compress-scaled.jpg","contentUrl":"https:\/\/dianasilver.com\/wp-content\/uploads\/2022\/08\/N017-03H_1024x1024-compress-scaled.jpg","width":800,"height":800},{"@type":"BreadcrumbList","@id":"https:\/\/dianasilver.com\/de\/termek\/ania-haie-crush-halskette-mit-quadratischem-anhaenger\/#breadcrumb","itemListElement":[{"@type":"ListItem","position":1,"name":"Kezd\u0151lap","item":"https:\/\/dianasilver.com\/de\/diana-silver-silberschmuck-webshop\/"},{"@type":"ListItem","position":2,"name":"Shop","item":"https:\/\/dianasilver.com\/de\/shop\/"},{"@type":"ListItem","position":3,"name":"Ania Haie Crush Halskette mit quadratischem Anh\u00e4nger"}]},{"@type":"WebSite","@id":"https:\/\/dianasilver.com\/de\/#website","url":"https:\/\/dianasilver.com\/de\/","name":"Diana Silver","description":"Tedd t\u00f6k\u00e9letesebb\u00e9 mindennapjaid a Diana Silver \u00e9kszereivel.","publisher":{"@id":"https:\/\/dianasilver.com\/de\/#organization"},"alternateName":"Ez\u00fcst \u00c9kszer Web\u00e1ruh\u00e1z","potentialAction":[{"@type":"SearchAction","target":{"@type":"EntryPoint","urlTemplate":"https:\/\/dianasilver.com\/de\/?s={search_term_string}"},"query-input":{"@type":"PropertyValueSpecification","valueRequired":true,"valueName":"search_term_string"}}],"inLanguage":"de"},{"@type":"Organization","@id":"https:\/\/dianasilver.com\/de\/#organization","name":"Diana Silver","url":"https:\/\/dianasilver.com\/de\/","logo":{"@type":"ImageObject","inLanguage":"de","@id":"https:\/\/dianasilver.com\/de\/#\/schema\/logo\/image\/","url":"https:\/\/dianasilver.com\/wp-content\/uploads\/2022\/08\/ezust-feher-1-koves-buttonos-stekkeres-fulbevalo-42.webp","contentUrl":"https:\/\/dianasilver.com\/wp-content\/uploads\/2022\/08\/ezust-feher-1-koves-buttonos-stekkeres-fulbevalo-42.webp","width":300,"height":154,"caption":"Diana Silver"},"image":{"@id":"https:\/\/dianasilver.com\/de\/#\/schema\/logo\/image\/"},"sameAs":["https:\/\/www.facebook.com\/profile.php?id=100027231325117"]}]}},"_links":{"self":[{"href":"https:\/\/dianasilver.com\/de\/wp-json\/wp\/v2\/product\/113280","targetHints":{"allow":["GET"]}}],"collection":[{"href":"https:\/\/dianasilver.com\/de\/wp-json\/wp\/v2\/product"}],"about":[{"href":"https:\/\/dianasilver.com\/de\/wp-json\/wp\/v2\/types\/product"}],"version-history":[{"count":0,"href":"https:\/\/dianasilver.com\/de\/wp-json\/wp\/v2\/product\/113280\/revisions"}],"wp:featuredmedia":[{"embeddable":true,"href":"https:\/\/dianasilver.com\/de\/wp-json\/wp\/v2\/media\/95014"}],"wp:attachment":[{"href":"https:\/\/dianasilver.com\/de\/wp-json\/wp\/v2\/media?parent=113280"}],"wp:term":[{"taxonomy":"product_brand","embeddable":true,"href":"https:\/\/dianasilver.com\/de\/wp-json\/wp\/v2\/product_brand?post=113280"},{"taxonomy":"product_cat","embeddable":true,"href":"https:\/\/dianasilver.com\/de\/wp-json\/wp\/v2\/product_cat?post=113280"},{"taxonomy":"product_tag","embeddable":true,"href":"https:\/\/dianasilver.com\/de\/wp-json\/wp\/v2\/product_tag?post=113280"}],"curies":[{"name":"wp","href":"https:\/\/api.w.org\/{rel}","templated":true}]}}