{"id":113265,"date":"2025-06-08T21:23:05","date_gmt":"2025-06-08T19:23:05","guid":{"rendered":"https:\/\/dianasilver.hu\/termek\/rechteckige-silberohrringe-mit-weissen-steinen-und-emaille\/"},"modified":"2026-03-10T00:21:38","modified_gmt":"2026-03-09T23:21:38","slug":"rechteckige-silberohrringe-mit-weissen-steinen-und-emaille","status":"publish","type":"product","link":"https:\/\/dianasilver.com\/de\/termek\/rechteckige-silberohrringe-mit-weissen-steinen-und-emaille\/","title":{"rendered":"Rechteckige Silberohrringe mit wei\u00dfen Steinen und Emaille"},"content":{"rendered":"<h2 data-start=\"409\" data-end=\"456\"><strong data-start=\"409\" data-end=\"456\">Mit stilvoller Geometrie und dezentem Glanz.<\/strong><\/h2>\n<p data-start=\"458\" data-end=\"789\">Dieser Ohrring ist die perfekte Kombination aus charaktervollem Design und schlichter Eleganz. Die wei\u00dfe Emaille auf einer gl\u00e4nzenden Silberbasis verleiht der Form eine besondere Tiefe, w\u00e4hrend das verspielte Funkeln der Zirkoniasteine das St\u00fcck zum Leben erweckt. Eine gute Wahl f\u00fcr den Alltag, aber auch ein stilvoller Begleiter f\u00fcr festliche Anl\u00e4sse. \ud83e\udd0d\u2728<\/p>\n<ul data-start=\"791\" data-end=\"1004\">\n<li data-start=\"791\" data-end=\"832\">\n<p data-start=\"793\" data-end=\"832\"><strong data-start=\"793\" data-end=\"830\">Hergestellt aus 925er Feinsilber<\/strong><\/p>\n<\/li>\n<li data-start=\"833\" data-end=\"867\">\n<p data-start=\"835\" data-end=\"867\"><strong data-start=\"835\" data-end=\"865\">Wei\u00dfe Emaille mit Intarsie<\/strong><\/p>\n<\/li>\n<li data-start=\"868\" data-end=\"907\">\n<p data-start=\"870\" data-end=\"907\"><strong data-start=\"870\" data-end=\"905\">Brillante wei\u00dfe Zirkoniasteine<\/strong><\/p>\n<\/li>\n<li data-start=\"908\" data-end=\"964\">\n<p data-start=\"910\" data-end=\"964\"><strong data-start=\"910\" data-end=\"962\">Verriegelungsmechanismus &#8211; bequem und sicher zu tragen<\/strong><\/p>\n<\/li>\n<li data-start=\"965\" data-end=\"1004\">\n<p data-start=\"967\" data-end=\"1004\"><strong data-start=\"967\" data-end=\"1004\">Moderne, klare rechteckige Form<\/strong><\/p>\n<\/li>\n<\/ul>\n<p data-start=\"1006\" data-end=\"1196\">Lassen Sie sich von dieser einzigartigen Form und dem Lichterspiel verzaubern &#8211; das perfekte Geschenk f\u00fcr Sie selbst oder jemand Besonderen. \ud83c\udf81\ud83d\udc96 Kaufen Sie jetzt und machen Sie auch den Alltag zu etwas Besonderem! \ud83c\udf1f<\/p>\n","protected":false},"excerpt":{"rendered":"<p>Die Kombination aus moderner Geometrie und klassischem Glamour ist etwas f\u00fcr alle, die sich eine klare Eleganz w\u00fcnschen. Wei\u00dfe Emaille und Zirkoniasteine verleihen Ihrem Gesicht ein besonderes Strahlen. \u2728\ud83d\udc8e<\/p>\n","protected":false},"featured_media":106269,"template":"","meta":{"_acf_changed":false},"product_brand":[],"product_cat":[573],"product_tag":[],"class_list":{"0":"post-113265","1":"product","2":"type-product","3":"status-publish","4":"has-post-thumbnail","6":"product_cat-silberne-ohrringe","7":"description-off","9":"first","10":"instock","11":"sale","12":"taxable","13":"shipping-taxable","14":"purchasable","15":"product-type-simple"},"acf":[],"yoast_head":"<!-- This site is optimized with the Yoast SEO plugin v27.4 - https:\/\/yoast.com\/product\/yoast-seo-wordpress\/ -->\n<title>Rechteckige Silberohrringe mit wei\u00dfen Steinen und Emaille | Diana Silver<\/title>\n<meta name=\"description\" content=\"Fedezd fel a leny\u0171g\u00f6z\u0151 Rechteckige Silberohrringe mit wei\u00dfen Steinen und Emaille \u00e9kszer\u00fcnket. T\u00f6k\u00e9letes kieg\u00e9sz\u00edt\u0151 mindennapi viselethez \u00e9s k\u00fcl\u00f6nleges alkalmakra egyar\u00e1nt. Rendeld meg most!\" \/>\n<meta name=\"robots\" content=\"index, follow, max-snippet:-1, max-image-preview:large, max-video-preview:-1\" \/>\n<link rel=\"canonical\" href=\"https:\/\/dianasilver.com\/de\/termek\/rechteckige-silberohrringe-mit-weissen-steinen-und-emaille\/\" \/>\n<meta property=\"og:locale\" content=\"de_DE\" \/>\n<meta property=\"og:type\" content=\"article\" \/>\n<meta property=\"og:title\" content=\"Rechteckige Silberohrringe mit wei\u00dfen Steinen und Emaille | Diana Silver\" \/>\n<meta property=\"og:description\" content=\"Fedezd fel a leny\u0171g\u00f6z\u0151 Rechteckige Silberohrringe mit wei\u00dfen Steinen und Emaille \u00e9kszer\u00fcnket. T\u00f6k\u00e9letes kieg\u00e9sz\u00edt\u0151 mindennapi viselethez \u00e9s k\u00fcl\u00f6nleges alkalmakra egyar\u00e1nt. Rendeld meg most!\" \/>\n<meta property=\"og:url\" content=\"https:\/\/dianasilver.com\/de\/termek\/rechteckige-silberohrringe-mit-weissen-steinen-und-emaille\/\" \/>\n<meta property=\"og:site_name\" content=\"Diana Silver\" \/>\n<meta property=\"article:publisher\" content=\"https:\/\/www.facebook.com\/profile.php?id=100027231325117\" \/>\n<meta property=\"article:modified_time\" content=\"2026-03-09T23:21:38+00:00\" \/>\n<meta property=\"og:image\" content=\"https:\/\/dianasilver.com\/wp-content\/uploads\/2025\/06\/Ezust-negyszog-fulbevalo-feher-kovekkel-es-tuzzomanccal_1.jpg\" \/>\n\t<meta property=\"og:image:width\" content=\"1350\" \/>\n\t<meta property=\"og:image:height\" content=\"1800\" \/>\n\t<meta property=\"og:image:type\" content=\"image\/jpeg\" \/>\n<meta name=\"twitter:card\" content=\"summary_large_image\" \/>\n<meta name=\"twitter:label1\" content=\"Gesch\u00e4tzte Lesezeit\" \/>\n\t<meta name=\"twitter:data1\" content=\"1\u00a0Minute\" \/>\n<script type=\"application\/ld+json\" class=\"yoast-schema-graph\">{\"@context\":\"https:\\\/\\\/schema.org\",\"@graph\":[{\"@type\":\"WebPage\",\"@id\":\"https:\\\/\\\/dianasilver.com\\\/de\\\/termek\\\/rechteckige-silberohrringe-mit-weissen-steinen-und-emaille\\\/\",\"url\":\"https:\\\/\\\/dianasilver.com\\\/de\\\/termek\\\/rechteckige-silberohrringe-mit-weissen-steinen-und-emaille\\\/\",\"name\":\"Rechteckige Silberohrringe mit wei\u00dfen Steinen und Emaille | Diana Silver\",\"isPartOf\":{\"@id\":\"https:\\\/\\\/dianasilver.com\\\/de\\\/#website\"},\"primaryImageOfPage\":{\"@id\":\"https:\\\/\\\/dianasilver.com\\\/de\\\/termek\\\/rechteckige-silberohrringe-mit-weissen-steinen-und-emaille\\\/#primaryimage\"},\"image\":{\"@id\":\"https:\\\/\\\/dianasilver.com\\\/de\\\/termek\\\/rechteckige-silberohrringe-mit-weissen-steinen-und-emaille\\\/#primaryimage\"},\"thumbnailUrl\":\"https:\\\/\\\/dianasilver.com\\\/wp-content\\\/uploads\\\/2025\\\/06\\\/Ezust-negyszog-fulbevalo-feher-kovekkel-es-tuzzomanccal_1.jpg\",\"datePublished\":\"2025-06-08T19:23:05+00:00\",\"dateModified\":\"2026-03-09T23:21:38+00:00\",\"description\":\"Fedezd fel a leny\u0171g\u00f6z\u0151 Rechteckige Silberohrringe mit wei\u00dfen Steinen und Emaille \u00e9kszer\u00fcnket. T\u00f6k\u00e9letes kieg\u00e9sz\u00edt\u0151 mindennapi viselethez \u00e9s k\u00fcl\u00f6nleges alkalmakra egyar\u00e1nt. Rendeld meg most!\",\"breadcrumb\":{\"@id\":\"https:\\\/\\\/dianasilver.com\\\/de\\\/termek\\\/rechteckige-silberohrringe-mit-weissen-steinen-und-emaille\\\/#breadcrumb\"},\"inLanguage\":\"de\",\"potentialAction\":[{\"@type\":\"ReadAction\",\"target\":[\"https:\\\/\\\/dianasilver.com\\\/de\\\/termek\\\/rechteckige-silberohrringe-mit-weissen-steinen-und-emaille\\\/\"]}]},{\"@type\":\"ImageObject\",\"inLanguage\":\"de\",\"@id\":\"https:\\\/\\\/dianasilver.com\\\/de\\\/termek\\\/rechteckige-silberohrringe-mit-weissen-steinen-und-emaille\\\/#primaryimage\",\"url\":\"https:\\\/\\\/dianasilver.com\\\/wp-content\\\/uploads\\\/2025\\\/06\\\/Ezust-negyszog-fulbevalo-feher-kovekkel-es-tuzzomanccal_1.jpg\",\"contentUrl\":\"https:\\\/\\\/dianasilver.com\\\/wp-content\\\/uploads\\\/2025\\\/06\\\/Ezust-negyszog-fulbevalo-feher-kovekkel-es-tuzzomanccal_1.jpg\",\"width\":1350,\"height\":1800},{\"@type\":\"BreadcrumbList\",\"@id\":\"https:\\\/\\\/dianasilver.com\\\/de\\\/termek\\\/rechteckige-silberohrringe-mit-weissen-steinen-und-emaille\\\/#breadcrumb\",\"itemListElement\":[{\"@type\":\"ListItem\",\"position\":1,\"name\":\"Kezd\u0151lap\",\"item\":\"https:\\\/\\\/dianasilver.com\\\/de\\\/diana-silver-silberschmuck-webshop\\\/\"},{\"@type\":\"ListItem\",\"position\":2,\"name\":\"Shop\",\"item\":\"https:\\\/\\\/dianasilver.com\\\/de\\\/shop\\\/\"},{\"@type\":\"ListItem\",\"position\":3,\"name\":\"Rechteckige Silberohrringe mit wei\u00dfen Steinen und Emaille\"}]},{\"@type\":\"WebSite\",\"@id\":\"https:\\\/\\\/dianasilver.com\\\/de\\\/#website\",\"url\":\"https:\\\/\\\/dianasilver.com\\\/de\\\/\",\"name\":\"Diana Silver\",\"description\":\"Tedd t\u00f6k\u00e9letesebb\u00e9 mindennapjaid a Diana Silver \u00e9kszereivel.\",\"publisher\":{\"@id\":\"https:\\\/\\\/dianasilver.com\\\/de\\\/#organization\"},\"alternateName\":\"Ez\u00fcst \u00c9kszer Web\u00e1ruh\u00e1z\",\"potentialAction\":[{\"@type\":\"SearchAction\",\"target\":{\"@type\":\"EntryPoint\",\"urlTemplate\":\"https:\\\/\\\/dianasilver.com\\\/de\\\/?s={search_term_string}\"},\"query-input\":{\"@type\":\"PropertyValueSpecification\",\"valueRequired\":true,\"valueName\":\"search_term_string\"}}],\"inLanguage\":\"de\"},{\"@type\":\"Organization\",\"@id\":\"https:\\\/\\\/dianasilver.com\\\/de\\\/#organization\",\"name\":\"Diana Silver\",\"url\":\"https:\\\/\\\/dianasilver.com\\\/de\\\/\",\"logo\":{\"@type\":\"ImageObject\",\"inLanguage\":\"de\",\"@id\":\"https:\\\/\\\/dianasilver.com\\\/de\\\/#\\\/schema\\\/logo\\\/image\\\/\",\"url\":\"https:\\\/\\\/dianasilver.com\\\/wp-content\\\/uploads\\\/2022\\\/08\\\/ezust-feher-1-koves-buttonos-stekkeres-fulbevalo-42.webp\",\"contentUrl\":\"https:\\\/\\\/dianasilver.com\\\/wp-content\\\/uploads\\\/2022\\\/08\\\/ezust-feher-1-koves-buttonos-stekkeres-fulbevalo-42.webp\",\"width\":300,\"height\":154,\"caption\":\"Diana Silver\"},\"image\":{\"@id\":\"https:\\\/\\\/dianasilver.com\\\/de\\\/#\\\/schema\\\/logo\\\/image\\\/\"},\"sameAs\":[\"https:\\\/\\\/www.facebook.com\\\/profile.php?id=100027231325117\"]}]}<\/script>\n<!-- \/ Yoast SEO plugin. -->","yoast_head_json":{"title":"Rechteckige Silberohrringe mit wei\u00dfen Steinen und Emaille | Diana Silver","description":"Fedezd fel a leny\u0171g\u00f6z\u0151 Rechteckige Silberohrringe mit wei\u00dfen Steinen und Emaille \u00e9kszer\u00fcnket. T\u00f6k\u00e9letes kieg\u00e9sz\u00edt\u0151 mindennapi viselethez \u00e9s k\u00fcl\u00f6nleges alkalmakra egyar\u00e1nt. Rendeld meg most!","robots":{"index":"index","follow":"follow","max-snippet":"max-snippet:-1","max-image-preview":"max-image-preview:large","max-video-preview":"max-video-preview:-1"},"canonical":"https:\/\/dianasilver.com\/de\/termek\/rechteckige-silberohrringe-mit-weissen-steinen-und-emaille\/","og_locale":"de_DE","og_type":"article","og_title":"Rechteckige Silberohrringe mit wei\u00dfen Steinen und Emaille | Diana Silver","og_description":"Fedezd fel a leny\u0171g\u00f6z\u0151 Rechteckige Silberohrringe mit wei\u00dfen Steinen und Emaille \u00e9kszer\u00fcnket. T\u00f6k\u00e9letes kieg\u00e9sz\u00edt\u0151 mindennapi viselethez \u00e9s k\u00fcl\u00f6nleges alkalmakra egyar\u00e1nt. Rendeld meg most!","og_url":"https:\/\/dianasilver.com\/de\/termek\/rechteckige-silberohrringe-mit-weissen-steinen-und-emaille\/","og_site_name":"Diana Silver","article_publisher":"https:\/\/www.facebook.com\/profile.php?id=100027231325117","article_modified_time":"2026-03-09T23:21:38+00:00","og_image":[{"width":1350,"height":1800,"url":"https:\/\/dianasilver.com\/wp-content\/uploads\/2025\/06\/Ezust-negyszog-fulbevalo-feher-kovekkel-es-tuzzomanccal_1.jpg","type":"image\/jpeg"}],"twitter_card":"summary_large_image","twitter_misc":{"Gesch\u00e4tzte Lesezeit":"1\u00a0Minute"},"schema":{"@context":"https:\/\/schema.org","@graph":[{"@type":"WebPage","@id":"https:\/\/dianasilver.com\/de\/termek\/rechteckige-silberohrringe-mit-weissen-steinen-und-emaille\/","url":"https:\/\/dianasilver.com\/de\/termek\/rechteckige-silberohrringe-mit-weissen-steinen-und-emaille\/","name":"Rechteckige Silberohrringe mit wei\u00dfen Steinen und Emaille | Diana Silver","isPartOf":{"@id":"https:\/\/dianasilver.com\/de\/#website"},"primaryImageOfPage":{"@id":"https:\/\/dianasilver.com\/de\/termek\/rechteckige-silberohrringe-mit-weissen-steinen-und-emaille\/#primaryimage"},"image":{"@id":"https:\/\/dianasilver.com\/de\/termek\/rechteckige-silberohrringe-mit-weissen-steinen-und-emaille\/#primaryimage"},"thumbnailUrl":"https:\/\/dianasilver.com\/wp-content\/uploads\/2025\/06\/Ezust-negyszog-fulbevalo-feher-kovekkel-es-tuzzomanccal_1.jpg","datePublished":"2025-06-08T19:23:05+00:00","dateModified":"2026-03-09T23:21:38+00:00","description":"Fedezd fel a leny\u0171g\u00f6z\u0151 Rechteckige Silberohrringe mit wei\u00dfen Steinen und Emaille \u00e9kszer\u00fcnket. T\u00f6k\u00e9letes kieg\u00e9sz\u00edt\u0151 mindennapi viselethez \u00e9s k\u00fcl\u00f6nleges alkalmakra egyar\u00e1nt. Rendeld meg most!","breadcrumb":{"@id":"https:\/\/dianasilver.com\/de\/termek\/rechteckige-silberohrringe-mit-weissen-steinen-und-emaille\/#breadcrumb"},"inLanguage":"de","potentialAction":[{"@type":"ReadAction","target":["https:\/\/dianasilver.com\/de\/termek\/rechteckige-silberohrringe-mit-weissen-steinen-und-emaille\/"]}]},{"@type":"ImageObject","inLanguage":"de","@id":"https:\/\/dianasilver.com\/de\/termek\/rechteckige-silberohrringe-mit-weissen-steinen-und-emaille\/#primaryimage","url":"https:\/\/dianasilver.com\/wp-content\/uploads\/2025\/06\/Ezust-negyszog-fulbevalo-feher-kovekkel-es-tuzzomanccal_1.jpg","contentUrl":"https:\/\/dianasilver.com\/wp-content\/uploads\/2025\/06\/Ezust-negyszog-fulbevalo-feher-kovekkel-es-tuzzomanccal_1.jpg","width":1350,"height":1800},{"@type":"BreadcrumbList","@id":"https:\/\/dianasilver.com\/de\/termek\/rechteckige-silberohrringe-mit-weissen-steinen-und-emaille\/#breadcrumb","itemListElement":[{"@type":"ListItem","position":1,"name":"Kezd\u0151lap","item":"https:\/\/dianasilver.com\/de\/diana-silver-silberschmuck-webshop\/"},{"@type":"ListItem","position":2,"name":"Shop","item":"https:\/\/dianasilver.com\/de\/shop\/"},{"@type":"ListItem","position":3,"name":"Rechteckige Silberohrringe mit wei\u00dfen Steinen und Emaille"}]},{"@type":"WebSite","@id":"https:\/\/dianasilver.com\/de\/#website","url":"https:\/\/dianasilver.com\/de\/","name":"Diana Silver","description":"Tedd t\u00f6k\u00e9letesebb\u00e9 mindennapjaid a Diana Silver \u00e9kszereivel.","publisher":{"@id":"https:\/\/dianasilver.com\/de\/#organization"},"alternateName":"Ez\u00fcst \u00c9kszer Web\u00e1ruh\u00e1z","potentialAction":[{"@type":"SearchAction","target":{"@type":"EntryPoint","urlTemplate":"https:\/\/dianasilver.com\/de\/?s={search_term_string}"},"query-input":{"@type":"PropertyValueSpecification","valueRequired":true,"valueName":"search_term_string"}}],"inLanguage":"de"},{"@type":"Organization","@id":"https:\/\/dianasilver.com\/de\/#organization","name":"Diana Silver","url":"https:\/\/dianasilver.com\/de\/","logo":{"@type":"ImageObject","inLanguage":"de","@id":"https:\/\/dianasilver.com\/de\/#\/schema\/logo\/image\/","url":"https:\/\/dianasilver.com\/wp-content\/uploads\/2022\/08\/ezust-feher-1-koves-buttonos-stekkeres-fulbevalo-42.webp","contentUrl":"https:\/\/dianasilver.com\/wp-content\/uploads\/2022\/08\/ezust-feher-1-koves-buttonos-stekkeres-fulbevalo-42.webp","width":300,"height":154,"caption":"Diana Silver"},"image":{"@id":"https:\/\/dianasilver.com\/de\/#\/schema\/logo\/image\/"},"sameAs":["https:\/\/www.facebook.com\/profile.php?id=100027231325117"]}]}},"_links":{"self":[{"href":"https:\/\/dianasilver.com\/de\/wp-json\/wp\/v2\/product\/113265","targetHints":{"allow":["GET"]}}],"collection":[{"href":"https:\/\/dianasilver.com\/de\/wp-json\/wp\/v2\/product"}],"about":[{"href":"https:\/\/dianasilver.com\/de\/wp-json\/wp\/v2\/types\/product"}],"version-history":[{"count":0,"href":"https:\/\/dianasilver.com\/de\/wp-json\/wp\/v2\/product\/113265\/revisions"}],"wp:featuredmedia":[{"embeddable":true,"href":"https:\/\/dianasilver.com\/de\/wp-json\/wp\/v2\/media\/106269"}],"wp:attachment":[{"href":"https:\/\/dianasilver.com\/de\/wp-json\/wp\/v2\/media?parent=113265"}],"wp:term":[{"taxonomy":"product_brand","embeddable":true,"href":"https:\/\/dianasilver.com\/de\/wp-json\/wp\/v2\/product_brand?post=113265"},{"taxonomy":"product_cat","embeddable":true,"href":"https:\/\/dianasilver.com\/de\/wp-json\/wp\/v2\/product_cat?post=113265"},{"taxonomy":"product_tag","embeddable":true,"href":"https:\/\/dianasilver.com\/de\/wp-json\/wp\/v2\/product_tag?post=113265"}],"curies":[{"name":"wp","href":"https:\/\/api.w.org\/{rel}","templated":true}]}}