{"id":113253,"date":"2022-10-24T10:23:13","date_gmt":"2022-10-24T08:23:13","guid":{"rendered":"https:\/\/dianasilver.hu\/termek\/weisser-stein-kleine-blumen-silber-ohrringe\/"},"modified":"2026-03-10T00:21:39","modified_gmt":"2026-03-09T23:21:39","slug":"weisser-stein-kleine-blumen-silber-ohrringe","status":"publish","type":"product","link":"https:\/\/dianasilver.com\/de\/termek\/weisser-stein-kleine-blumen-silber-ohrringe\/","title":{"rendered":"Wei\u00dfer Stein kleine Blumen Silber Ohrringe"},"content":{"rendered":"<p><strong>Machen Sie Ihren Look zu etwas ganz Besonderem mit den White Stone Small Flower Sterling Silver Ohrringen!<\/strong><br \/>\nDieses bezaubernde und feminine Schmuckst\u00fcck mit seinem sorgf\u00e4ltig gearbeiteten floralen Muster und den funkelnden wei\u00dfen Steinen wird Ihr Outfit zu jedem Anlass aufwerten. Das stekkeres Design bietet den ganzen Tag \u00fcber Komfort und Sicherheit.<\/p>\n<p><strong>Warum sollten Sie diesen Ohrring w\u00e4hlen?<\/strong><\/p>\n<ul>\n<li><strong>Erstklassige Qualit\u00e4t:<\/strong> Der <strong>AG 925 Silberschmuck<\/strong> wird durch <strong>eine Rhodiumbeschichtung<\/strong> gesch\u00fctzt, um seinen Glanz zu bewahren.<\/li>\n<li><strong>Florales Design:<\/strong> Die Kombination aus einem zarten Blumenmotiv und wei\u00dfen Steinen verleiht einen romantischen und eleganten Look.<\/li>\n<li><strong>Stekkeres Design:<\/strong> leichtes, sicheres Tragen, das den ganzen Tag \u00fcber fest an seinem Platz bleibt.<\/li>\n<li><strong>Vielseitiger Schmuck:<\/strong> Ideal f\u00fcr das t\u00e4gliche Tragen und f\u00fcr besondere Anl\u00e4sse, um sich immer elegant zu f\u00fchlen.<\/li>\n<\/ul>\n<p><strong>Ein Geschenk, das ein L\u00e4cheln auf Ihr Gesicht zaubert!<\/strong><br \/>\nDiese Ohrringe sind ein hervorragendes Geschenk f\u00fcr Ihre Lieben oder die perfekte Wahl f\u00fcr Sie selbst, wenn Sie ein elegantes und charmantes Accessoire suchen. \ud83c\udf81\ud83c\udf38<\/p>\n<p><strong>Bestellen Sie jetzt und nehmen Sie die von der Natur inspirierte Eleganz jeden Tag mit!<\/strong> \u2728<\/p>\n","protected":false},"excerpt":{"rendered":"<p><strong>Silberne Ohrringe mit wei\u00dfen Steinen und kleinen Blumen &#8211; ein charmantes und elegantes Accessoire!<\/strong><br \/>\nDiese zart gearbeiteten Ohrringe sind die perfekte Wahl, wenn Sie Ihrem Look ein wenig blumigen Glanz verleihen m\u00f6chten. \ud83c\udf38\u2728<\/p>\n","protected":false},"featured_media":97956,"template":"","meta":{"_acf_changed":false},"product_brand":[],"product_cat":[573],"product_tag":[625,527,650],"class_list":{"0":"post-113253","1":"product","2":"type-product","3":"status-publish","4":"has-post-thumbnail","6":"product_cat-silberne-ohrringe","7":"product_tag-blumig","8":"product_tag-silberschmuck-fur-damen","9":"product_tag-kinder-silberschmuck","10":"description-off","12":"first","13":"instock","14":"sale","15":"taxable","16":"shipping-taxable","17":"purchasable","18":"product-type-simple"},"acf":[],"yoast_head":"<!-- This site is optimized with the Yoast SEO plugin v27.4 - https:\/\/yoast.com\/product\/yoast-seo-wordpress\/ -->\n<title>Wei\u00dfer Stein kleine Blumen Silber Ohrringe | Diana Silver<\/title>\n<meta name=\"description\" content=\"Fedezd fel a leny\u0171g\u00f6z\u0151 Wei\u00dfer Stein kleine Blumen Silber Ohrringe \u00e9kszer\u00fcnket. T\u00f6k\u00e9letes kieg\u00e9sz\u00edt\u0151 mindennapi viselethez \u00e9s k\u00fcl\u00f6nleges alkalmakra egyar\u00e1nt. Rendeld meg most!\" \/>\n<meta name=\"robots\" content=\"index, follow, max-snippet:-1, max-image-preview:large, max-video-preview:-1\" \/>\n<link rel=\"canonical\" href=\"https:\/\/dianasilver.com\/de\/termek\/weisser-stein-kleine-blumen-silber-ohrringe\/\" \/>\n<meta property=\"og:locale\" content=\"de_DE\" \/>\n<meta property=\"og:type\" content=\"article\" \/>\n<meta property=\"og:title\" content=\"Wei\u00dfer Stein kleine Blumen Silber Ohrringe | Diana Silver\" \/>\n<meta property=\"og:description\" content=\"Fedezd fel a leny\u0171g\u00f6z\u0151 Wei\u00dfer Stein kleine Blumen Silber Ohrringe \u00e9kszer\u00fcnket. T\u00f6k\u00e9letes kieg\u00e9sz\u00edt\u0151 mindennapi viselethez \u00e9s k\u00fcl\u00f6nleges alkalmakra egyar\u00e1nt. Rendeld meg most!\" \/>\n<meta property=\"og:url\" content=\"https:\/\/dianasilver.com\/de\/termek\/weisser-stein-kleine-blumen-silber-ohrringe\/\" \/>\n<meta property=\"og:site_name\" content=\"Diana Silver\" \/>\n<meta property=\"article:publisher\" content=\"https:\/\/www.facebook.com\/profile.php?id=100027231325117\" \/>\n<meta property=\"article:modified_time\" content=\"2026-03-09T23:21:39+00:00\" \/>\n<meta property=\"og:image\" content=\"https:\/\/dianasilver.com\/wp-content\/uploads\/2022\/10\/feher-koves-kisviragos-stekkeres-ezust-fulbevalo-3253.jpg\" \/>\n\t<meta property=\"og:image:width\" content=\"300\" \/>\n\t<meta property=\"og:image:height\" content=\"300\" \/>\n\t<meta property=\"og:image:type\" content=\"image\/jpeg\" \/>\n<meta name=\"twitter:card\" content=\"summary_large_image\" \/>\n<meta name=\"twitter:label1\" content=\"Gesch\u00e4tzte Lesezeit\" \/>\n\t<meta name=\"twitter:data1\" content=\"1\u00a0Minute\" \/>\n<script type=\"application\/ld+json\" class=\"yoast-schema-graph\">{\"@context\":\"https:\\\/\\\/schema.org\",\"@graph\":[{\"@type\":\"WebPage\",\"@id\":\"https:\\\/\\\/dianasilver.com\\\/de\\\/termek\\\/weisser-stein-kleine-blumen-silber-ohrringe\\\/\",\"url\":\"https:\\\/\\\/dianasilver.com\\\/de\\\/termek\\\/weisser-stein-kleine-blumen-silber-ohrringe\\\/\",\"name\":\"Wei\u00dfer Stein kleine Blumen Silber Ohrringe | Diana Silver\",\"isPartOf\":{\"@id\":\"https:\\\/\\\/dianasilver.com\\\/de\\\/#website\"},\"primaryImageOfPage\":{\"@id\":\"https:\\\/\\\/dianasilver.com\\\/de\\\/termek\\\/weisser-stein-kleine-blumen-silber-ohrringe\\\/#primaryimage\"},\"image\":{\"@id\":\"https:\\\/\\\/dianasilver.com\\\/de\\\/termek\\\/weisser-stein-kleine-blumen-silber-ohrringe\\\/#primaryimage\"},\"thumbnailUrl\":\"https:\\\/\\\/dianasilver.com\\\/wp-content\\\/uploads\\\/2022\\\/10\\\/feher-koves-kisviragos-stekkeres-ezust-fulbevalo-3253.jpg\",\"datePublished\":\"2022-10-24T08:23:13+00:00\",\"dateModified\":\"2026-03-09T23:21:39+00:00\",\"description\":\"Fedezd fel a leny\u0171g\u00f6z\u0151 Wei\u00dfer Stein kleine Blumen Silber Ohrringe \u00e9kszer\u00fcnket. T\u00f6k\u00e9letes kieg\u00e9sz\u00edt\u0151 mindennapi viselethez \u00e9s k\u00fcl\u00f6nleges alkalmakra egyar\u00e1nt. Rendeld meg most!\",\"breadcrumb\":{\"@id\":\"https:\\\/\\\/dianasilver.com\\\/de\\\/termek\\\/weisser-stein-kleine-blumen-silber-ohrringe\\\/#breadcrumb\"},\"inLanguage\":\"de\",\"potentialAction\":[{\"@type\":\"ReadAction\",\"target\":[\"https:\\\/\\\/dianasilver.com\\\/de\\\/termek\\\/weisser-stein-kleine-blumen-silber-ohrringe\\\/\"]}]},{\"@type\":\"ImageObject\",\"inLanguage\":\"de\",\"@id\":\"https:\\\/\\\/dianasilver.com\\\/de\\\/termek\\\/weisser-stein-kleine-blumen-silber-ohrringe\\\/#primaryimage\",\"url\":\"https:\\\/\\\/dianasilver.com\\\/wp-content\\\/uploads\\\/2022\\\/10\\\/feher-koves-kisviragos-stekkeres-ezust-fulbevalo-3253.jpg\",\"contentUrl\":\"https:\\\/\\\/dianasilver.com\\\/wp-content\\\/uploads\\\/2022\\\/10\\\/feher-koves-kisviragos-stekkeres-ezust-fulbevalo-3253.jpg\",\"width\":300,\"height\":300},{\"@type\":\"BreadcrumbList\",\"@id\":\"https:\\\/\\\/dianasilver.com\\\/de\\\/termek\\\/weisser-stein-kleine-blumen-silber-ohrringe\\\/#breadcrumb\",\"itemListElement\":[{\"@type\":\"ListItem\",\"position\":1,\"name\":\"Kezd\u0151lap\",\"item\":\"https:\\\/\\\/dianasilver.com\\\/de\\\/diana-silver-silberschmuck-webshop\\\/\"},{\"@type\":\"ListItem\",\"position\":2,\"name\":\"Shop\",\"item\":\"https:\\\/\\\/dianasilver.com\\\/de\\\/shop\\\/\"},{\"@type\":\"ListItem\",\"position\":3,\"name\":\"Wei\u00dfer Stein kleine Blumen Silber Ohrringe\"}]},{\"@type\":\"WebSite\",\"@id\":\"https:\\\/\\\/dianasilver.com\\\/de\\\/#website\",\"url\":\"https:\\\/\\\/dianasilver.com\\\/de\\\/\",\"name\":\"Diana Silver\",\"description\":\"Tedd t\u00f6k\u00e9letesebb\u00e9 mindennapjaid a Diana Silver \u00e9kszereivel.\",\"publisher\":{\"@id\":\"https:\\\/\\\/dianasilver.com\\\/de\\\/#organization\"},\"alternateName\":\"Ez\u00fcst \u00c9kszer Web\u00e1ruh\u00e1z\",\"potentialAction\":[{\"@type\":\"SearchAction\",\"target\":{\"@type\":\"EntryPoint\",\"urlTemplate\":\"https:\\\/\\\/dianasilver.com\\\/de\\\/?s={search_term_string}\"},\"query-input\":{\"@type\":\"PropertyValueSpecification\",\"valueRequired\":true,\"valueName\":\"search_term_string\"}}],\"inLanguage\":\"de\"},{\"@type\":\"Organization\",\"@id\":\"https:\\\/\\\/dianasilver.com\\\/de\\\/#organization\",\"name\":\"Diana Silver\",\"url\":\"https:\\\/\\\/dianasilver.com\\\/de\\\/\",\"logo\":{\"@type\":\"ImageObject\",\"inLanguage\":\"de\",\"@id\":\"https:\\\/\\\/dianasilver.com\\\/de\\\/#\\\/schema\\\/logo\\\/image\\\/\",\"url\":\"https:\\\/\\\/dianasilver.com\\\/wp-content\\\/uploads\\\/2022\\\/08\\\/ezust-feher-1-koves-buttonos-stekkeres-fulbevalo-42.webp\",\"contentUrl\":\"https:\\\/\\\/dianasilver.com\\\/wp-content\\\/uploads\\\/2022\\\/08\\\/ezust-feher-1-koves-buttonos-stekkeres-fulbevalo-42.webp\",\"width\":300,\"height\":154,\"caption\":\"Diana Silver\"},\"image\":{\"@id\":\"https:\\\/\\\/dianasilver.com\\\/de\\\/#\\\/schema\\\/logo\\\/image\\\/\"},\"sameAs\":[\"https:\\\/\\\/www.facebook.com\\\/profile.php?id=100027231325117\"]}]}<\/script>\n<!-- \/ Yoast SEO plugin. -->","yoast_head_json":{"title":"Wei\u00dfer Stein kleine Blumen Silber Ohrringe | Diana Silver","description":"Fedezd fel a leny\u0171g\u00f6z\u0151 Wei\u00dfer Stein kleine Blumen Silber Ohrringe \u00e9kszer\u00fcnket. T\u00f6k\u00e9letes kieg\u00e9sz\u00edt\u0151 mindennapi viselethez \u00e9s k\u00fcl\u00f6nleges alkalmakra egyar\u00e1nt. Rendeld meg most!","robots":{"index":"index","follow":"follow","max-snippet":"max-snippet:-1","max-image-preview":"max-image-preview:large","max-video-preview":"max-video-preview:-1"},"canonical":"https:\/\/dianasilver.com\/de\/termek\/weisser-stein-kleine-blumen-silber-ohrringe\/","og_locale":"de_DE","og_type":"article","og_title":"Wei\u00dfer Stein kleine Blumen Silber Ohrringe | Diana Silver","og_description":"Fedezd fel a leny\u0171g\u00f6z\u0151 Wei\u00dfer Stein kleine Blumen Silber Ohrringe \u00e9kszer\u00fcnket. T\u00f6k\u00e9letes kieg\u00e9sz\u00edt\u0151 mindennapi viselethez \u00e9s k\u00fcl\u00f6nleges alkalmakra egyar\u00e1nt. Rendeld meg most!","og_url":"https:\/\/dianasilver.com\/de\/termek\/weisser-stein-kleine-blumen-silber-ohrringe\/","og_site_name":"Diana Silver","article_publisher":"https:\/\/www.facebook.com\/profile.php?id=100027231325117","article_modified_time":"2026-03-09T23:21:39+00:00","og_image":[{"width":300,"height":300,"url":"https:\/\/dianasilver.com\/wp-content\/uploads\/2022\/10\/feher-koves-kisviragos-stekkeres-ezust-fulbevalo-3253.jpg","type":"image\/jpeg"}],"twitter_card":"summary_large_image","twitter_misc":{"Gesch\u00e4tzte Lesezeit":"1\u00a0Minute"},"schema":{"@context":"https:\/\/schema.org","@graph":[{"@type":"WebPage","@id":"https:\/\/dianasilver.com\/de\/termek\/weisser-stein-kleine-blumen-silber-ohrringe\/","url":"https:\/\/dianasilver.com\/de\/termek\/weisser-stein-kleine-blumen-silber-ohrringe\/","name":"Wei\u00dfer Stein kleine Blumen Silber Ohrringe | Diana Silver","isPartOf":{"@id":"https:\/\/dianasilver.com\/de\/#website"},"primaryImageOfPage":{"@id":"https:\/\/dianasilver.com\/de\/termek\/weisser-stein-kleine-blumen-silber-ohrringe\/#primaryimage"},"image":{"@id":"https:\/\/dianasilver.com\/de\/termek\/weisser-stein-kleine-blumen-silber-ohrringe\/#primaryimage"},"thumbnailUrl":"https:\/\/dianasilver.com\/wp-content\/uploads\/2022\/10\/feher-koves-kisviragos-stekkeres-ezust-fulbevalo-3253.jpg","datePublished":"2022-10-24T08:23:13+00:00","dateModified":"2026-03-09T23:21:39+00:00","description":"Fedezd fel a leny\u0171g\u00f6z\u0151 Wei\u00dfer Stein kleine Blumen Silber Ohrringe \u00e9kszer\u00fcnket. T\u00f6k\u00e9letes kieg\u00e9sz\u00edt\u0151 mindennapi viselethez \u00e9s k\u00fcl\u00f6nleges alkalmakra egyar\u00e1nt. Rendeld meg most!","breadcrumb":{"@id":"https:\/\/dianasilver.com\/de\/termek\/weisser-stein-kleine-blumen-silber-ohrringe\/#breadcrumb"},"inLanguage":"de","potentialAction":[{"@type":"ReadAction","target":["https:\/\/dianasilver.com\/de\/termek\/weisser-stein-kleine-blumen-silber-ohrringe\/"]}]},{"@type":"ImageObject","inLanguage":"de","@id":"https:\/\/dianasilver.com\/de\/termek\/weisser-stein-kleine-blumen-silber-ohrringe\/#primaryimage","url":"https:\/\/dianasilver.com\/wp-content\/uploads\/2022\/10\/feher-koves-kisviragos-stekkeres-ezust-fulbevalo-3253.jpg","contentUrl":"https:\/\/dianasilver.com\/wp-content\/uploads\/2022\/10\/feher-koves-kisviragos-stekkeres-ezust-fulbevalo-3253.jpg","width":300,"height":300},{"@type":"BreadcrumbList","@id":"https:\/\/dianasilver.com\/de\/termek\/weisser-stein-kleine-blumen-silber-ohrringe\/#breadcrumb","itemListElement":[{"@type":"ListItem","position":1,"name":"Kezd\u0151lap","item":"https:\/\/dianasilver.com\/de\/diana-silver-silberschmuck-webshop\/"},{"@type":"ListItem","position":2,"name":"Shop","item":"https:\/\/dianasilver.com\/de\/shop\/"},{"@type":"ListItem","position":3,"name":"Wei\u00dfer Stein kleine Blumen Silber Ohrringe"}]},{"@type":"WebSite","@id":"https:\/\/dianasilver.com\/de\/#website","url":"https:\/\/dianasilver.com\/de\/","name":"Diana Silver","description":"Tedd t\u00f6k\u00e9letesebb\u00e9 mindennapjaid a Diana Silver \u00e9kszereivel.","publisher":{"@id":"https:\/\/dianasilver.com\/de\/#organization"},"alternateName":"Ez\u00fcst \u00c9kszer Web\u00e1ruh\u00e1z","potentialAction":[{"@type":"SearchAction","target":{"@type":"EntryPoint","urlTemplate":"https:\/\/dianasilver.com\/de\/?s={search_term_string}"},"query-input":{"@type":"PropertyValueSpecification","valueRequired":true,"valueName":"search_term_string"}}],"inLanguage":"de"},{"@type":"Organization","@id":"https:\/\/dianasilver.com\/de\/#organization","name":"Diana Silver","url":"https:\/\/dianasilver.com\/de\/","logo":{"@type":"ImageObject","inLanguage":"de","@id":"https:\/\/dianasilver.com\/de\/#\/schema\/logo\/image\/","url":"https:\/\/dianasilver.com\/wp-content\/uploads\/2022\/08\/ezust-feher-1-koves-buttonos-stekkeres-fulbevalo-42.webp","contentUrl":"https:\/\/dianasilver.com\/wp-content\/uploads\/2022\/08\/ezust-feher-1-koves-buttonos-stekkeres-fulbevalo-42.webp","width":300,"height":154,"caption":"Diana Silver"},"image":{"@id":"https:\/\/dianasilver.com\/de\/#\/schema\/logo\/image\/"},"sameAs":["https:\/\/www.facebook.com\/profile.php?id=100027231325117"]}]}},"_links":{"self":[{"href":"https:\/\/dianasilver.com\/de\/wp-json\/wp\/v2\/product\/113253","targetHints":{"allow":["GET"]}}],"collection":[{"href":"https:\/\/dianasilver.com\/de\/wp-json\/wp\/v2\/product"}],"about":[{"href":"https:\/\/dianasilver.com\/de\/wp-json\/wp\/v2\/types\/product"}],"version-history":[{"count":0,"href":"https:\/\/dianasilver.com\/de\/wp-json\/wp\/v2\/product\/113253\/revisions"}],"wp:featuredmedia":[{"embeddable":true,"href":"https:\/\/dianasilver.com\/de\/wp-json\/wp\/v2\/media\/97956"}],"wp:attachment":[{"href":"https:\/\/dianasilver.com\/de\/wp-json\/wp\/v2\/media?parent=113253"}],"wp:term":[{"taxonomy":"product_brand","embeddable":true,"href":"https:\/\/dianasilver.com\/de\/wp-json\/wp\/v2\/product_brand?post=113253"},{"taxonomy":"product_cat","embeddable":true,"href":"https:\/\/dianasilver.com\/de\/wp-json\/wp\/v2\/product_cat?post=113253"},{"taxonomy":"product_tag","embeddable":true,"href":"https:\/\/dianasilver.com\/de\/wp-json\/wp\/v2\/product_tag?post=113253"}],"curies":[{"name":"wp","href":"https:\/\/api.w.org\/{rel}","templated":true}]}}