{"id":113236,"date":"2022-10-21T10:49:43","date_gmt":"2022-10-21T08:49:43","guid":{"rendered":"https:\/\/dianasilver.hu\/termek\/haengende-ohrringe-mit-weissem-stein-mit-patentverschluss\/"},"modified":"2026-03-10T00:21:40","modified_gmt":"2026-03-09T23:21:40","slug":"haengende-ohrringe-mit-weissem-stein-mit-patentverschluss","status":"publish","type":"product","link":"https:\/\/dianasilver.com\/de\/termek\/haengende-ohrringe-mit-weissem-stein-mit-patentverschluss\/","title":{"rendered":"H\u00e4ngende Ohrringe mit wei\u00dfem Stein mit Patentverschluss"},"content":{"rendered":"<p><strong>Machen Sie Ihren Look zu etwas ganz Besonderem mit den White Stone Bead Dangle Earrings mit Patentverschluss!<\/strong><br \/>\nDieser raffinierte Ohrring verk\u00f6rpert die Harmonie von Eleganz und Bewegung. Die klassische Sch\u00f6nheit von Perlen und der subtile Schimmer von wei\u00dfen Steinen verleihen jedem Look einen einzigartigen Glanz. Der Patentverschluss sorgt den ganzen Tag \u00fcber f\u00fcr bequemen und zuverl\u00e4ssigen Tragekomfort.<\/p>\n<p><strong>Warum sollten Sie diesen Ohrring w\u00e4hlen?<\/strong><\/p>\n<ul>\n<li><strong>Hochwertige Materialien:<\/strong> <strong>AG 925 Silber<\/strong> und <strong>Rhodiumbeschichtung<\/strong> garantieren lang anhaltenden Glanz und Haltbarkeit.<\/li>\n<li><strong>Perlen und wei\u00dfe Steine:<\/strong> Elegante Perlen und strahlend wei\u00dfe Steine bilden eine perfekte Harmonie, um Ihren Look zu unterstreichen.<\/li>\n<li><strong>Patentiertes Schlossdesign:<\/strong> sicher und bequem zu tragen, damit Sie den ganzen Tag \u00fcber stabil bleiben.<\/li>\n<li><strong>H\u00e4ngendes Design:<\/strong> Das sich sanft bewegende Design erzeugt einen dynamischen und einzigartigen Effekt.<\/li>\n<\/ul>\n<p><strong>Ein Geschenk, das Freude macht!<\/strong><br \/>\nDiese Ohrringe sind das perfekte Geschenk f\u00fcr Ihre Liebsten oder ein besonderes St\u00fcck, das Ihren Alltag ein wenig aufpeppt. \ud83c\udf81<\/p>\n<p><strong>Bestellen Sie jetzt und werten Sie Ihren Look mit diesen wundersch\u00f6nen Ohrh\u00e4ngern auf!<\/strong> \u2728<\/p>\n","protected":false},"excerpt":{"rendered":"<p><strong>Perlenohrringe mit wei\u00dfem Stein und Patentverschluss &#8211; Eleganz und Raffinesse in Bewegung!<\/strong><br \/>\nDieser wundersch\u00f6ne Schmuck bringt Ihnen den klassischen Charme von Perlen und das Funkeln wei\u00dfer Steine. \u2728<\/p>\n","protected":false},"featured_media":97658,"template":"","meta":{"_acf_changed":false},"product_brand":[],"product_cat":[573,605],"product_tag":[527],"class_list":{"0":"post-113236","1":"product","2":"type-product","3":"status-publish","4":"has-post-thumbnail","6":"product_cat-silberne-ohrringe","7":"product_cat-silberne-perlenohrringe","8":"product_tag-silberschmuck-fur-damen","9":"description-off","11":"first","12":"instock","13":"sale","14":"taxable","15":"shipping-taxable","16":"purchasable","17":"product-type-simple"},"acf":[],"yoast_head":"<!-- This site is optimized with the Yoast SEO plugin v27.4 - https:\/\/yoast.com\/product\/yoast-seo-wordpress\/ -->\n<title>H\u00e4ngende Ohrringe mit wei\u00dfem Stein mit Patentverschluss | Diana Silver<\/title>\n<meta name=\"description\" content=\"Fedezd fel a leny\u0171g\u00f6z\u0151 H\u00e4ngende Ohrringe mit wei\u00dfem Stein mit Patentverschluss \u00e9kszer\u00fcnket. T\u00f6k\u00e9letes kieg\u00e9sz\u00edt\u0151 mindennapi viselethez \u00e9s k\u00fcl\u00f6nleges alkalmakra egyar\u00e1nt. Rendeld meg most!\" \/>\n<meta name=\"robots\" content=\"index, follow, max-snippet:-1, max-image-preview:large, max-video-preview:-1\" \/>\n<link rel=\"canonical\" href=\"https:\/\/dianasilver.com\/de\/termek\/haengende-ohrringe-mit-weissem-stein-mit-patentverschluss\/\" \/>\n<meta property=\"og:locale\" content=\"de_DE\" \/>\n<meta property=\"og:type\" content=\"article\" \/>\n<meta property=\"og:title\" content=\"H\u00e4ngende Ohrringe mit wei\u00dfem Stein mit Patentverschluss | Diana Silver\" \/>\n<meta property=\"og:description\" content=\"Fedezd fel a leny\u0171g\u00f6z\u0151 H\u00e4ngende Ohrringe mit wei\u00dfem Stein mit Patentverschluss \u00e9kszer\u00fcnket. T\u00f6k\u00e9letes kieg\u00e9sz\u00edt\u0151 mindennapi viselethez \u00e9s k\u00fcl\u00f6nleges alkalmakra egyar\u00e1nt. Rendeld meg most!\" \/>\n<meta property=\"og:url\" content=\"https:\/\/dianasilver.com\/de\/termek\/haengende-ohrringe-mit-weissem-stein-mit-patentverschluss\/\" \/>\n<meta property=\"og:site_name\" content=\"Diana Silver\" \/>\n<meta property=\"article:publisher\" content=\"https:\/\/www.facebook.com\/profile.php?id=100027231325117\" \/>\n<meta property=\"article:modified_time\" content=\"2026-03-09T23:21:40+00:00\" \/>\n<meta property=\"og:image\" content=\"https:\/\/dianasilver.com\/wp-content\/uploads\/2022\/10\/patentzaras-feher-koves-gyongyos-logo-fulbevalo-3070.jpg\" \/>\n\t<meta property=\"og:image:width\" content=\"800\" \/>\n\t<meta property=\"og:image:height\" content=\"800\" \/>\n\t<meta property=\"og:image:type\" content=\"image\/jpeg\" \/>\n<meta name=\"twitter:card\" content=\"summary_large_image\" \/>\n<meta name=\"twitter:label1\" content=\"Gesch\u00e4tzte Lesezeit\" \/>\n\t<meta name=\"twitter:data1\" content=\"1\u00a0Minute\" \/>\n<script type=\"application\/ld+json\" class=\"yoast-schema-graph\">{\"@context\":\"https:\\\/\\\/schema.org\",\"@graph\":[{\"@type\":\"WebPage\",\"@id\":\"https:\\\/\\\/dianasilver.com\\\/de\\\/termek\\\/haengende-ohrringe-mit-weissem-stein-mit-patentverschluss\\\/\",\"url\":\"https:\\\/\\\/dianasilver.com\\\/de\\\/termek\\\/haengende-ohrringe-mit-weissem-stein-mit-patentverschluss\\\/\",\"name\":\"H\u00e4ngende Ohrringe mit wei\u00dfem Stein mit Patentverschluss | Diana Silver\",\"isPartOf\":{\"@id\":\"https:\\\/\\\/dianasilver.com\\\/de\\\/#website\"},\"primaryImageOfPage\":{\"@id\":\"https:\\\/\\\/dianasilver.com\\\/de\\\/termek\\\/haengende-ohrringe-mit-weissem-stein-mit-patentverschluss\\\/#primaryimage\"},\"image\":{\"@id\":\"https:\\\/\\\/dianasilver.com\\\/de\\\/termek\\\/haengende-ohrringe-mit-weissem-stein-mit-patentverschluss\\\/#primaryimage\"},\"thumbnailUrl\":\"https:\\\/\\\/dianasilver.com\\\/wp-content\\\/uploads\\\/2022\\\/10\\\/patentzaras-feher-koves-gyongyos-logo-fulbevalo-3070.jpg\",\"datePublished\":\"2022-10-21T08:49:43+00:00\",\"dateModified\":\"2026-03-09T23:21:40+00:00\",\"description\":\"Fedezd fel a leny\u0171g\u00f6z\u0151 H\u00e4ngende Ohrringe mit wei\u00dfem Stein mit Patentverschluss \u00e9kszer\u00fcnket. T\u00f6k\u00e9letes kieg\u00e9sz\u00edt\u0151 mindennapi viselethez \u00e9s k\u00fcl\u00f6nleges alkalmakra egyar\u00e1nt. Rendeld meg most!\",\"breadcrumb\":{\"@id\":\"https:\\\/\\\/dianasilver.com\\\/de\\\/termek\\\/haengende-ohrringe-mit-weissem-stein-mit-patentverschluss\\\/#breadcrumb\"},\"inLanguage\":\"de\",\"potentialAction\":[{\"@type\":\"ReadAction\",\"target\":[\"https:\\\/\\\/dianasilver.com\\\/de\\\/termek\\\/haengende-ohrringe-mit-weissem-stein-mit-patentverschluss\\\/\"]}]},{\"@type\":\"ImageObject\",\"inLanguage\":\"de\",\"@id\":\"https:\\\/\\\/dianasilver.com\\\/de\\\/termek\\\/haengende-ohrringe-mit-weissem-stein-mit-patentverschluss\\\/#primaryimage\",\"url\":\"https:\\\/\\\/dianasilver.com\\\/wp-content\\\/uploads\\\/2022\\\/10\\\/patentzaras-feher-koves-gyongyos-logo-fulbevalo-3070.jpg\",\"contentUrl\":\"https:\\\/\\\/dianasilver.com\\\/wp-content\\\/uploads\\\/2022\\\/10\\\/patentzaras-feher-koves-gyongyos-logo-fulbevalo-3070.jpg\",\"width\":800,\"height\":800},{\"@type\":\"BreadcrumbList\",\"@id\":\"https:\\\/\\\/dianasilver.com\\\/de\\\/termek\\\/haengende-ohrringe-mit-weissem-stein-mit-patentverschluss\\\/#breadcrumb\",\"itemListElement\":[{\"@type\":\"ListItem\",\"position\":1,\"name\":\"Kezd\u0151lap\",\"item\":\"https:\\\/\\\/dianasilver.com\\\/de\\\/diana-silver-silberschmuck-webshop\\\/\"},{\"@type\":\"ListItem\",\"position\":2,\"name\":\"Shop\",\"item\":\"https:\\\/\\\/dianasilver.com\\\/de\\\/shop\\\/\"},{\"@type\":\"ListItem\",\"position\":3,\"name\":\"H\u00e4ngende Ohrringe mit wei\u00dfem Stein mit Patentverschluss\"}]},{\"@type\":\"WebSite\",\"@id\":\"https:\\\/\\\/dianasilver.com\\\/de\\\/#website\",\"url\":\"https:\\\/\\\/dianasilver.com\\\/de\\\/\",\"name\":\"Diana Silver\",\"description\":\"Tedd t\u00f6k\u00e9letesebb\u00e9 mindennapjaid a Diana Silver \u00e9kszereivel.\",\"publisher\":{\"@id\":\"https:\\\/\\\/dianasilver.com\\\/de\\\/#organization\"},\"alternateName\":\"Ez\u00fcst \u00c9kszer Web\u00e1ruh\u00e1z\",\"potentialAction\":[{\"@type\":\"SearchAction\",\"target\":{\"@type\":\"EntryPoint\",\"urlTemplate\":\"https:\\\/\\\/dianasilver.com\\\/de\\\/?s={search_term_string}\"},\"query-input\":{\"@type\":\"PropertyValueSpecification\",\"valueRequired\":true,\"valueName\":\"search_term_string\"}}],\"inLanguage\":\"de\"},{\"@type\":\"Organization\",\"@id\":\"https:\\\/\\\/dianasilver.com\\\/de\\\/#organization\",\"name\":\"Diana Silver\",\"url\":\"https:\\\/\\\/dianasilver.com\\\/de\\\/\",\"logo\":{\"@type\":\"ImageObject\",\"inLanguage\":\"de\",\"@id\":\"https:\\\/\\\/dianasilver.com\\\/de\\\/#\\\/schema\\\/logo\\\/image\\\/\",\"url\":\"https:\\\/\\\/dianasilver.com\\\/wp-content\\\/uploads\\\/2022\\\/08\\\/ezust-feher-1-koves-buttonos-stekkeres-fulbevalo-42.webp\",\"contentUrl\":\"https:\\\/\\\/dianasilver.com\\\/wp-content\\\/uploads\\\/2022\\\/08\\\/ezust-feher-1-koves-buttonos-stekkeres-fulbevalo-42.webp\",\"width\":300,\"height\":154,\"caption\":\"Diana Silver\"},\"image\":{\"@id\":\"https:\\\/\\\/dianasilver.com\\\/de\\\/#\\\/schema\\\/logo\\\/image\\\/\"},\"sameAs\":[\"https:\\\/\\\/www.facebook.com\\\/profile.php?id=100027231325117\"]}]}<\/script>\n<!-- \/ Yoast SEO plugin. -->","yoast_head_json":{"title":"H\u00e4ngende Ohrringe mit wei\u00dfem Stein mit Patentverschluss | Diana Silver","description":"Fedezd fel a leny\u0171g\u00f6z\u0151 H\u00e4ngende Ohrringe mit wei\u00dfem Stein mit Patentverschluss \u00e9kszer\u00fcnket. T\u00f6k\u00e9letes kieg\u00e9sz\u00edt\u0151 mindennapi viselethez \u00e9s k\u00fcl\u00f6nleges alkalmakra egyar\u00e1nt. Rendeld meg most!","robots":{"index":"index","follow":"follow","max-snippet":"max-snippet:-1","max-image-preview":"max-image-preview:large","max-video-preview":"max-video-preview:-1"},"canonical":"https:\/\/dianasilver.com\/de\/termek\/haengende-ohrringe-mit-weissem-stein-mit-patentverschluss\/","og_locale":"de_DE","og_type":"article","og_title":"H\u00e4ngende Ohrringe mit wei\u00dfem Stein mit Patentverschluss | Diana Silver","og_description":"Fedezd fel a leny\u0171g\u00f6z\u0151 H\u00e4ngende Ohrringe mit wei\u00dfem Stein mit Patentverschluss \u00e9kszer\u00fcnket. T\u00f6k\u00e9letes kieg\u00e9sz\u00edt\u0151 mindennapi viselethez \u00e9s k\u00fcl\u00f6nleges alkalmakra egyar\u00e1nt. Rendeld meg most!","og_url":"https:\/\/dianasilver.com\/de\/termek\/haengende-ohrringe-mit-weissem-stein-mit-patentverschluss\/","og_site_name":"Diana Silver","article_publisher":"https:\/\/www.facebook.com\/profile.php?id=100027231325117","article_modified_time":"2026-03-09T23:21:40+00:00","og_image":[{"width":800,"height":800,"url":"https:\/\/dianasilver.com\/wp-content\/uploads\/2022\/10\/patentzaras-feher-koves-gyongyos-logo-fulbevalo-3070.jpg","type":"image\/jpeg"}],"twitter_card":"summary_large_image","twitter_misc":{"Gesch\u00e4tzte Lesezeit":"1\u00a0Minute"},"schema":{"@context":"https:\/\/schema.org","@graph":[{"@type":"WebPage","@id":"https:\/\/dianasilver.com\/de\/termek\/haengende-ohrringe-mit-weissem-stein-mit-patentverschluss\/","url":"https:\/\/dianasilver.com\/de\/termek\/haengende-ohrringe-mit-weissem-stein-mit-patentverschluss\/","name":"H\u00e4ngende Ohrringe mit wei\u00dfem Stein mit Patentverschluss | Diana Silver","isPartOf":{"@id":"https:\/\/dianasilver.com\/de\/#website"},"primaryImageOfPage":{"@id":"https:\/\/dianasilver.com\/de\/termek\/haengende-ohrringe-mit-weissem-stein-mit-patentverschluss\/#primaryimage"},"image":{"@id":"https:\/\/dianasilver.com\/de\/termek\/haengende-ohrringe-mit-weissem-stein-mit-patentverschluss\/#primaryimage"},"thumbnailUrl":"https:\/\/dianasilver.com\/wp-content\/uploads\/2022\/10\/patentzaras-feher-koves-gyongyos-logo-fulbevalo-3070.jpg","datePublished":"2022-10-21T08:49:43+00:00","dateModified":"2026-03-09T23:21:40+00:00","description":"Fedezd fel a leny\u0171g\u00f6z\u0151 H\u00e4ngende Ohrringe mit wei\u00dfem Stein mit Patentverschluss \u00e9kszer\u00fcnket. T\u00f6k\u00e9letes kieg\u00e9sz\u00edt\u0151 mindennapi viselethez \u00e9s k\u00fcl\u00f6nleges alkalmakra egyar\u00e1nt. Rendeld meg most!","breadcrumb":{"@id":"https:\/\/dianasilver.com\/de\/termek\/haengende-ohrringe-mit-weissem-stein-mit-patentverschluss\/#breadcrumb"},"inLanguage":"de","potentialAction":[{"@type":"ReadAction","target":["https:\/\/dianasilver.com\/de\/termek\/haengende-ohrringe-mit-weissem-stein-mit-patentverschluss\/"]}]},{"@type":"ImageObject","inLanguage":"de","@id":"https:\/\/dianasilver.com\/de\/termek\/haengende-ohrringe-mit-weissem-stein-mit-patentverschluss\/#primaryimage","url":"https:\/\/dianasilver.com\/wp-content\/uploads\/2022\/10\/patentzaras-feher-koves-gyongyos-logo-fulbevalo-3070.jpg","contentUrl":"https:\/\/dianasilver.com\/wp-content\/uploads\/2022\/10\/patentzaras-feher-koves-gyongyos-logo-fulbevalo-3070.jpg","width":800,"height":800},{"@type":"BreadcrumbList","@id":"https:\/\/dianasilver.com\/de\/termek\/haengende-ohrringe-mit-weissem-stein-mit-patentverschluss\/#breadcrumb","itemListElement":[{"@type":"ListItem","position":1,"name":"Kezd\u0151lap","item":"https:\/\/dianasilver.com\/de\/diana-silver-silberschmuck-webshop\/"},{"@type":"ListItem","position":2,"name":"Shop","item":"https:\/\/dianasilver.com\/de\/shop\/"},{"@type":"ListItem","position":3,"name":"H\u00e4ngende Ohrringe mit wei\u00dfem Stein mit Patentverschluss"}]},{"@type":"WebSite","@id":"https:\/\/dianasilver.com\/de\/#website","url":"https:\/\/dianasilver.com\/de\/","name":"Diana Silver","description":"Tedd t\u00f6k\u00e9letesebb\u00e9 mindennapjaid a Diana Silver \u00e9kszereivel.","publisher":{"@id":"https:\/\/dianasilver.com\/de\/#organization"},"alternateName":"Ez\u00fcst \u00c9kszer Web\u00e1ruh\u00e1z","potentialAction":[{"@type":"SearchAction","target":{"@type":"EntryPoint","urlTemplate":"https:\/\/dianasilver.com\/de\/?s={search_term_string}"},"query-input":{"@type":"PropertyValueSpecification","valueRequired":true,"valueName":"search_term_string"}}],"inLanguage":"de"},{"@type":"Organization","@id":"https:\/\/dianasilver.com\/de\/#organization","name":"Diana Silver","url":"https:\/\/dianasilver.com\/de\/","logo":{"@type":"ImageObject","inLanguage":"de","@id":"https:\/\/dianasilver.com\/de\/#\/schema\/logo\/image\/","url":"https:\/\/dianasilver.com\/wp-content\/uploads\/2022\/08\/ezust-feher-1-koves-buttonos-stekkeres-fulbevalo-42.webp","contentUrl":"https:\/\/dianasilver.com\/wp-content\/uploads\/2022\/08\/ezust-feher-1-koves-buttonos-stekkeres-fulbevalo-42.webp","width":300,"height":154,"caption":"Diana Silver"},"image":{"@id":"https:\/\/dianasilver.com\/de\/#\/schema\/logo\/image\/"},"sameAs":["https:\/\/www.facebook.com\/profile.php?id=100027231325117"]}]}},"_links":{"self":[{"href":"https:\/\/dianasilver.com\/de\/wp-json\/wp\/v2\/product\/113236","targetHints":{"allow":["GET"]}}],"collection":[{"href":"https:\/\/dianasilver.com\/de\/wp-json\/wp\/v2\/product"}],"about":[{"href":"https:\/\/dianasilver.com\/de\/wp-json\/wp\/v2\/types\/product"}],"version-history":[{"count":0,"href":"https:\/\/dianasilver.com\/de\/wp-json\/wp\/v2\/product\/113236\/revisions"}],"wp:featuredmedia":[{"embeddable":true,"href":"https:\/\/dianasilver.com\/de\/wp-json\/wp\/v2\/media\/97658"}],"wp:attachment":[{"href":"https:\/\/dianasilver.com\/de\/wp-json\/wp\/v2\/media?parent=113236"}],"wp:term":[{"taxonomy":"product_brand","embeddable":true,"href":"https:\/\/dianasilver.com\/de\/wp-json\/wp\/v2\/product_brand?post=113236"},{"taxonomy":"product_cat","embeddable":true,"href":"https:\/\/dianasilver.com\/de\/wp-json\/wp\/v2\/product_cat?post=113236"},{"taxonomy":"product_tag","embeddable":true,"href":"https:\/\/dianasilver.com\/de\/wp-json\/wp\/v2\/product_tag?post=113236"}],"curies":[{"name":"wp","href":"https:\/\/api.w.org\/{rel}","templated":true}]}}