{"id":113233,"date":"2022-10-21T10:46:37","date_gmt":"2022-10-21T08:46:37","guid":{"rendered":"https:\/\/dianasilver.hu\/termek\/perlenohrringe-mit-weissem-stein-und-patentverschluss-2\/"},"modified":"2026-03-10T00:21:40","modified_gmt":"2026-03-09T23:21:40","slug":"perlenohrringe-mit-weissem-stein-und-patentverschluss-2","status":"publish","type":"product","link":"https:\/\/dianasilver.com\/de\/termek\/perlenohrringe-mit-weissem-stein-und-patentverschluss-2\/","title":{"rendered":"Perlenohrringe mit wei\u00dfem Stein und Patentverschluss"},"content":{"rendered":"<p><strong>Akzentuieren Sie Ihren Look mit den White Stone Beaded Patent Closure Ohrringen!<\/strong><br \/>\nDiese Ohrringe kombinieren die klassische Sch\u00f6nheit von Perlen mit dem eleganten Funkeln von wei\u00dfen Steinen und sind eine stilvolle und raffinierte Erg\u00e4nzung zu jedem Outfit. Der Patentverschluss sorgt f\u00fcr ganzt\u00e4gigen Tragekomfort.<\/p>\n<p><strong>Warum sollten Sie diesen Ohrring w\u00e4hlen?<\/strong><\/p>\n<ul>\n<li><strong>Hochwertige Materialien:<\/strong> Das <strong>AG 925 Silber<\/strong> sorgt f\u00fcr Langlebigkeit, w\u00e4hrend die <strong>Rhodinierung<\/strong> f\u00fcr einen lang anhaltenden Glanz sorgt und den Schmuck sch\u00fctzt.<\/li>\n<li><strong>Perlen und wei\u00dfe Steine:<\/strong> Die harmonische Kombination aus eleganten Perlen und schimmernden wei\u00dfen Steinen verleiht einen einzigartigen Look.<\/li>\n<li><strong>Patentiertes Design:<\/strong> sicher und bequem, damit es den ganzen Tag \u00fcber fest an seinem Platz bleibt.<\/li>\n<li><strong>Vielseitiges Design:<\/strong> perfekt f\u00fcr den t\u00e4glichen Gebrauch, aber auch perfekt f\u00fcr besondere Anl\u00e4sse.<\/li>\n<\/ul>\n<p><strong>Ein Geschenk, das Freude macht!<\/strong><br \/>\nVerschenken Sie es an einen lieben Menschen oder w\u00e4hlen Sie es f\u00fcr sich selbst, wenn Sie ein stilvolles und praktisches Accessoire suchen. \ud83c\udf81<\/p>\n<p><strong>Bestellen Sie jetzt und machen Sie Ihren Look glamour\u00f6s mit diesen sch\u00f6nen Ohrringen!<\/strong> \u2728<\/p>\n","protected":false},"excerpt":{"rendered":"<p><strong>Perlenohrstecker mit wei\u00dfen Steinen &#8211; Eleganz und Stil in einem Schmuckst\u00fcck!<\/strong><br \/>\nDieses raffinierte St\u00fcck bringt die Sch\u00f6nheit der Perle und das Funkeln der wei\u00dfen Steine zusammen. \u2728<\/p>\n","protected":false},"featured_media":97650,"template":"","meta":{"_acf_changed":false},"product_brand":[],"product_cat":[573,605],"product_tag":[527],"class_list":{"0":"post-113233","1":"product","2":"type-product","3":"status-publish","4":"has-post-thumbnail","6":"product_cat-silberne-ohrringe","7":"product_cat-silberne-perlenohrringe","8":"product_tag-silberschmuck-fur-damen","9":"description-off","11":"first","12":"instock","13":"sale","14":"taxable","15":"shipping-taxable","16":"purchasable","17":"product-type-simple"},"acf":[],"yoast_head":"<!-- This site is optimized with the Yoast SEO plugin v27.4 - https:\/\/yoast.com\/product\/yoast-seo-wordpress\/ -->\n<title>Perlenohrringe mit wei\u00dfem Stein und Patentverschluss | Diana Silver<\/title>\n<meta name=\"description\" content=\"Fedezd fel a leny\u0171g\u00f6z\u0151 Perlenohrringe mit wei\u00dfem Stein und Patentverschluss \u00e9kszer\u00fcnket. T\u00f6k\u00e9letes kieg\u00e9sz\u00edt\u0151 mindennapi viselethez \u00e9s k\u00fcl\u00f6nleges alkalmakra egyar\u00e1nt. Rendeld meg most!\" \/>\n<meta name=\"robots\" content=\"index, follow, max-snippet:-1, max-image-preview:large, max-video-preview:-1\" \/>\n<link rel=\"canonical\" href=\"https:\/\/dianasilver.com\/de\/termek\/perlenohrringe-mit-weissem-stein-und-patentverschluss-2\/\" \/>\n<meta property=\"og:locale\" content=\"de_DE\" \/>\n<meta property=\"og:type\" content=\"article\" \/>\n<meta property=\"og:title\" content=\"Perlenohrringe mit wei\u00dfem Stein und Patentverschluss | Diana Silver\" \/>\n<meta property=\"og:description\" content=\"Fedezd fel a leny\u0171g\u00f6z\u0151 Perlenohrringe mit wei\u00dfem Stein und Patentverschluss \u00e9kszer\u00fcnket. T\u00f6k\u00e9letes kieg\u00e9sz\u00edt\u0151 mindennapi viselethez \u00e9s k\u00fcl\u00f6nleges alkalmakra egyar\u00e1nt. Rendeld meg most!\" \/>\n<meta property=\"og:url\" content=\"https:\/\/dianasilver.com\/de\/termek\/perlenohrringe-mit-weissem-stein-und-patentverschluss-2\/\" \/>\n<meta property=\"og:site_name\" content=\"Diana Silver\" \/>\n<meta property=\"article:publisher\" content=\"https:\/\/www.facebook.com\/profile.php?id=100027231325117\" \/>\n<meta property=\"article:modified_time\" content=\"2026-03-09T23:21:40+00:00\" \/>\n<meta property=\"og:image\" content=\"https:\/\/dianasilver.com\/wp-content\/uploads\/2022\/10\/feher-koves-gyongyos-patentzaras-fulbevalo-3063.jpg\" \/>\n\t<meta property=\"og:image:width\" content=\"800\" \/>\n\t<meta property=\"og:image:height\" content=\"800\" \/>\n\t<meta property=\"og:image:type\" content=\"image\/jpeg\" \/>\n<meta name=\"twitter:card\" content=\"summary_large_image\" \/>\n<meta name=\"twitter:label1\" content=\"Gesch\u00e4tzte Lesezeit\" \/>\n\t<meta name=\"twitter:data1\" content=\"1\u00a0Minute\" \/>\n<script type=\"application\/ld+json\" class=\"yoast-schema-graph\">{\"@context\":\"https:\\\/\\\/schema.org\",\"@graph\":[{\"@type\":\"WebPage\",\"@id\":\"https:\\\/\\\/dianasilver.com\\\/de\\\/termek\\\/perlenohrringe-mit-weissem-stein-und-patentverschluss-2\\\/\",\"url\":\"https:\\\/\\\/dianasilver.com\\\/de\\\/termek\\\/perlenohrringe-mit-weissem-stein-und-patentverschluss-2\\\/\",\"name\":\"Perlenohrringe mit wei\u00dfem Stein und Patentverschluss | Diana Silver\",\"isPartOf\":{\"@id\":\"https:\\\/\\\/dianasilver.com\\\/de\\\/#website\"},\"primaryImageOfPage\":{\"@id\":\"https:\\\/\\\/dianasilver.com\\\/de\\\/termek\\\/perlenohrringe-mit-weissem-stein-und-patentverschluss-2\\\/#primaryimage\"},\"image\":{\"@id\":\"https:\\\/\\\/dianasilver.com\\\/de\\\/termek\\\/perlenohrringe-mit-weissem-stein-und-patentverschluss-2\\\/#primaryimage\"},\"thumbnailUrl\":\"https:\\\/\\\/dianasilver.com\\\/wp-content\\\/uploads\\\/2022\\\/10\\\/feher-koves-gyongyos-patentzaras-fulbevalo-3063.jpg\",\"datePublished\":\"2022-10-21T08:46:37+00:00\",\"dateModified\":\"2026-03-09T23:21:40+00:00\",\"description\":\"Fedezd fel a leny\u0171g\u00f6z\u0151 Perlenohrringe mit wei\u00dfem Stein und Patentverschluss \u00e9kszer\u00fcnket. T\u00f6k\u00e9letes kieg\u00e9sz\u00edt\u0151 mindennapi viselethez \u00e9s k\u00fcl\u00f6nleges alkalmakra egyar\u00e1nt. Rendeld meg most!\",\"breadcrumb\":{\"@id\":\"https:\\\/\\\/dianasilver.com\\\/de\\\/termek\\\/perlenohrringe-mit-weissem-stein-und-patentverschluss-2\\\/#breadcrumb\"},\"inLanguage\":\"de\",\"potentialAction\":[{\"@type\":\"ReadAction\",\"target\":[\"https:\\\/\\\/dianasilver.com\\\/de\\\/termek\\\/perlenohrringe-mit-weissem-stein-und-patentverschluss-2\\\/\"]}]},{\"@type\":\"ImageObject\",\"inLanguage\":\"de\",\"@id\":\"https:\\\/\\\/dianasilver.com\\\/de\\\/termek\\\/perlenohrringe-mit-weissem-stein-und-patentverschluss-2\\\/#primaryimage\",\"url\":\"https:\\\/\\\/dianasilver.com\\\/wp-content\\\/uploads\\\/2022\\\/10\\\/feher-koves-gyongyos-patentzaras-fulbevalo-3063.jpg\",\"contentUrl\":\"https:\\\/\\\/dianasilver.com\\\/wp-content\\\/uploads\\\/2022\\\/10\\\/feher-koves-gyongyos-patentzaras-fulbevalo-3063.jpg\",\"width\":800,\"height\":800},{\"@type\":\"BreadcrumbList\",\"@id\":\"https:\\\/\\\/dianasilver.com\\\/de\\\/termek\\\/perlenohrringe-mit-weissem-stein-und-patentverschluss-2\\\/#breadcrumb\",\"itemListElement\":[{\"@type\":\"ListItem\",\"position\":1,\"name\":\"Kezd\u0151lap\",\"item\":\"https:\\\/\\\/dianasilver.com\\\/de\\\/diana-silver-silberschmuck-webshop\\\/\"},{\"@type\":\"ListItem\",\"position\":2,\"name\":\"Shop\",\"item\":\"https:\\\/\\\/dianasilver.com\\\/de\\\/shop\\\/\"},{\"@type\":\"ListItem\",\"position\":3,\"name\":\"Perlenohrringe mit wei\u00dfem Stein und Patentverschluss\"}]},{\"@type\":\"WebSite\",\"@id\":\"https:\\\/\\\/dianasilver.com\\\/de\\\/#website\",\"url\":\"https:\\\/\\\/dianasilver.com\\\/de\\\/\",\"name\":\"Diana Silver\",\"description\":\"Tedd t\u00f6k\u00e9letesebb\u00e9 mindennapjaid a Diana Silver \u00e9kszereivel.\",\"publisher\":{\"@id\":\"https:\\\/\\\/dianasilver.com\\\/de\\\/#organization\"},\"alternateName\":\"Ez\u00fcst \u00c9kszer Web\u00e1ruh\u00e1z\",\"potentialAction\":[{\"@type\":\"SearchAction\",\"target\":{\"@type\":\"EntryPoint\",\"urlTemplate\":\"https:\\\/\\\/dianasilver.com\\\/de\\\/?s={search_term_string}\"},\"query-input\":{\"@type\":\"PropertyValueSpecification\",\"valueRequired\":true,\"valueName\":\"search_term_string\"}}],\"inLanguage\":\"de\"},{\"@type\":\"Organization\",\"@id\":\"https:\\\/\\\/dianasilver.com\\\/de\\\/#organization\",\"name\":\"Diana Silver\",\"url\":\"https:\\\/\\\/dianasilver.com\\\/de\\\/\",\"logo\":{\"@type\":\"ImageObject\",\"inLanguage\":\"de\",\"@id\":\"https:\\\/\\\/dianasilver.com\\\/de\\\/#\\\/schema\\\/logo\\\/image\\\/\",\"url\":\"https:\\\/\\\/dianasilver.com\\\/wp-content\\\/uploads\\\/2022\\\/08\\\/ezust-feher-1-koves-buttonos-stekkeres-fulbevalo-42.webp\",\"contentUrl\":\"https:\\\/\\\/dianasilver.com\\\/wp-content\\\/uploads\\\/2022\\\/08\\\/ezust-feher-1-koves-buttonos-stekkeres-fulbevalo-42.webp\",\"width\":300,\"height\":154,\"caption\":\"Diana Silver\"},\"image\":{\"@id\":\"https:\\\/\\\/dianasilver.com\\\/de\\\/#\\\/schema\\\/logo\\\/image\\\/\"},\"sameAs\":[\"https:\\\/\\\/www.facebook.com\\\/profile.php?id=100027231325117\"]}]}<\/script>\n<!-- \/ Yoast SEO plugin. -->","yoast_head_json":{"title":"Perlenohrringe mit wei\u00dfem Stein und Patentverschluss | Diana Silver","description":"Fedezd fel a leny\u0171g\u00f6z\u0151 Perlenohrringe mit wei\u00dfem Stein und Patentverschluss \u00e9kszer\u00fcnket. T\u00f6k\u00e9letes kieg\u00e9sz\u00edt\u0151 mindennapi viselethez \u00e9s k\u00fcl\u00f6nleges alkalmakra egyar\u00e1nt. Rendeld meg most!","robots":{"index":"index","follow":"follow","max-snippet":"max-snippet:-1","max-image-preview":"max-image-preview:large","max-video-preview":"max-video-preview:-1"},"canonical":"https:\/\/dianasilver.com\/de\/termek\/perlenohrringe-mit-weissem-stein-und-patentverschluss-2\/","og_locale":"de_DE","og_type":"article","og_title":"Perlenohrringe mit wei\u00dfem Stein und Patentverschluss | Diana Silver","og_description":"Fedezd fel a leny\u0171g\u00f6z\u0151 Perlenohrringe mit wei\u00dfem Stein und Patentverschluss \u00e9kszer\u00fcnket. T\u00f6k\u00e9letes kieg\u00e9sz\u00edt\u0151 mindennapi viselethez \u00e9s k\u00fcl\u00f6nleges alkalmakra egyar\u00e1nt. Rendeld meg most!","og_url":"https:\/\/dianasilver.com\/de\/termek\/perlenohrringe-mit-weissem-stein-und-patentverschluss-2\/","og_site_name":"Diana Silver","article_publisher":"https:\/\/www.facebook.com\/profile.php?id=100027231325117","article_modified_time":"2026-03-09T23:21:40+00:00","og_image":[{"width":800,"height":800,"url":"https:\/\/dianasilver.com\/wp-content\/uploads\/2022\/10\/feher-koves-gyongyos-patentzaras-fulbevalo-3063.jpg","type":"image\/jpeg"}],"twitter_card":"summary_large_image","twitter_misc":{"Gesch\u00e4tzte Lesezeit":"1\u00a0Minute"},"schema":{"@context":"https:\/\/schema.org","@graph":[{"@type":"WebPage","@id":"https:\/\/dianasilver.com\/de\/termek\/perlenohrringe-mit-weissem-stein-und-patentverschluss-2\/","url":"https:\/\/dianasilver.com\/de\/termek\/perlenohrringe-mit-weissem-stein-und-patentverschluss-2\/","name":"Perlenohrringe mit wei\u00dfem Stein und Patentverschluss | Diana Silver","isPartOf":{"@id":"https:\/\/dianasilver.com\/de\/#website"},"primaryImageOfPage":{"@id":"https:\/\/dianasilver.com\/de\/termek\/perlenohrringe-mit-weissem-stein-und-patentverschluss-2\/#primaryimage"},"image":{"@id":"https:\/\/dianasilver.com\/de\/termek\/perlenohrringe-mit-weissem-stein-und-patentverschluss-2\/#primaryimage"},"thumbnailUrl":"https:\/\/dianasilver.com\/wp-content\/uploads\/2022\/10\/feher-koves-gyongyos-patentzaras-fulbevalo-3063.jpg","datePublished":"2022-10-21T08:46:37+00:00","dateModified":"2026-03-09T23:21:40+00:00","description":"Fedezd fel a leny\u0171g\u00f6z\u0151 Perlenohrringe mit wei\u00dfem Stein und Patentverschluss \u00e9kszer\u00fcnket. T\u00f6k\u00e9letes kieg\u00e9sz\u00edt\u0151 mindennapi viselethez \u00e9s k\u00fcl\u00f6nleges alkalmakra egyar\u00e1nt. Rendeld meg most!","breadcrumb":{"@id":"https:\/\/dianasilver.com\/de\/termek\/perlenohrringe-mit-weissem-stein-und-patentverschluss-2\/#breadcrumb"},"inLanguage":"de","potentialAction":[{"@type":"ReadAction","target":["https:\/\/dianasilver.com\/de\/termek\/perlenohrringe-mit-weissem-stein-und-patentverschluss-2\/"]}]},{"@type":"ImageObject","inLanguage":"de","@id":"https:\/\/dianasilver.com\/de\/termek\/perlenohrringe-mit-weissem-stein-und-patentverschluss-2\/#primaryimage","url":"https:\/\/dianasilver.com\/wp-content\/uploads\/2022\/10\/feher-koves-gyongyos-patentzaras-fulbevalo-3063.jpg","contentUrl":"https:\/\/dianasilver.com\/wp-content\/uploads\/2022\/10\/feher-koves-gyongyos-patentzaras-fulbevalo-3063.jpg","width":800,"height":800},{"@type":"BreadcrumbList","@id":"https:\/\/dianasilver.com\/de\/termek\/perlenohrringe-mit-weissem-stein-und-patentverschluss-2\/#breadcrumb","itemListElement":[{"@type":"ListItem","position":1,"name":"Kezd\u0151lap","item":"https:\/\/dianasilver.com\/de\/diana-silver-silberschmuck-webshop\/"},{"@type":"ListItem","position":2,"name":"Shop","item":"https:\/\/dianasilver.com\/de\/shop\/"},{"@type":"ListItem","position":3,"name":"Perlenohrringe mit wei\u00dfem Stein und Patentverschluss"}]},{"@type":"WebSite","@id":"https:\/\/dianasilver.com\/de\/#website","url":"https:\/\/dianasilver.com\/de\/","name":"Diana Silver","description":"Tedd t\u00f6k\u00e9letesebb\u00e9 mindennapjaid a Diana Silver \u00e9kszereivel.","publisher":{"@id":"https:\/\/dianasilver.com\/de\/#organization"},"alternateName":"Ez\u00fcst \u00c9kszer Web\u00e1ruh\u00e1z","potentialAction":[{"@type":"SearchAction","target":{"@type":"EntryPoint","urlTemplate":"https:\/\/dianasilver.com\/de\/?s={search_term_string}"},"query-input":{"@type":"PropertyValueSpecification","valueRequired":true,"valueName":"search_term_string"}}],"inLanguage":"de"},{"@type":"Organization","@id":"https:\/\/dianasilver.com\/de\/#organization","name":"Diana Silver","url":"https:\/\/dianasilver.com\/de\/","logo":{"@type":"ImageObject","inLanguage":"de","@id":"https:\/\/dianasilver.com\/de\/#\/schema\/logo\/image\/","url":"https:\/\/dianasilver.com\/wp-content\/uploads\/2022\/08\/ezust-feher-1-koves-buttonos-stekkeres-fulbevalo-42.webp","contentUrl":"https:\/\/dianasilver.com\/wp-content\/uploads\/2022\/08\/ezust-feher-1-koves-buttonos-stekkeres-fulbevalo-42.webp","width":300,"height":154,"caption":"Diana Silver"},"image":{"@id":"https:\/\/dianasilver.com\/de\/#\/schema\/logo\/image\/"},"sameAs":["https:\/\/www.facebook.com\/profile.php?id=100027231325117"]}]}},"_links":{"self":[{"href":"https:\/\/dianasilver.com\/de\/wp-json\/wp\/v2\/product\/113233","targetHints":{"allow":["GET"]}}],"collection":[{"href":"https:\/\/dianasilver.com\/de\/wp-json\/wp\/v2\/product"}],"about":[{"href":"https:\/\/dianasilver.com\/de\/wp-json\/wp\/v2\/types\/product"}],"version-history":[{"count":0,"href":"https:\/\/dianasilver.com\/de\/wp-json\/wp\/v2\/product\/113233\/revisions"}],"wp:featuredmedia":[{"embeddable":true,"href":"https:\/\/dianasilver.com\/de\/wp-json\/wp\/v2\/media\/97650"}],"wp:attachment":[{"href":"https:\/\/dianasilver.com\/de\/wp-json\/wp\/v2\/media?parent=113233"}],"wp:term":[{"taxonomy":"product_brand","embeddable":true,"href":"https:\/\/dianasilver.com\/de\/wp-json\/wp\/v2\/product_brand?post=113233"},{"taxonomy":"product_cat","embeddable":true,"href":"https:\/\/dianasilver.com\/de\/wp-json\/wp\/v2\/product_cat?post=113233"},{"taxonomy":"product_tag","embeddable":true,"href":"https:\/\/dianasilver.com\/de\/wp-json\/wp\/v2\/product_tag?post=113233"}],"curies":[{"name":"wp","href":"https:\/\/api.w.org\/{rel}","templated":true}]}}