{"id":113210,"date":"2022-08-31T14:46:17","date_gmt":"2022-08-31T12:46:17","guid":{"rendered":"https:\/\/dianasilver.hu\/termek\/silbernes-gewelltes-armband-mit-weissen-steinen-und-herzen\/"},"modified":"2026-04-15T01:41:13","modified_gmt":"2026-04-14T23:41:13","slug":"silbernes-gewelltes-armband-mit-weissen-steinen-und-herzen","status":"publish","type":"product","link":"https:\/\/dianasilver.com\/de\/termek\/silbernes-gewelltes-armband-mit-weissen-steinen-und-herzen\/","title":{"rendered":"Silbernes gewelltes Armband mit wei\u00dfen Steinen und Herzen"},"content":{"rendered":"<div class=\"flex-1 overflow-hidden @container\/thread\">\n<div class=\"h-full\">\n<div class=\"react-scroll-to-bottom--css-wtwog-79elbk h-full\">\n<div class=\"react-scroll-to-bottom--css-wtwog-1n7m0yu\">\n<div class=\"flex flex-col text-sm\">\n<article class=\"w-full text-token-text-primary focus-visible:outline-2 focus-visible:outline-offset-[-4px]\" dir=\"auto\" data-testid=\"conversation-turn-621\" data-scroll-anchor=\"true\">\n<div class=\"m-auto text-base py-[18px] px-3 md:px-4 w-full md:px-5 lg:px-4 xl:px-5\">\n<div class=\"mx-auto flex flex-1 gap-4 text-base md:gap-5 lg:gap-6 md:max-w-3xl lg:max-w-[40rem] xl:max-w-[48rem]\">\n<div class=\"group\/conversation-turn relative flex w-full min-w-0 flex-col agent-turn\">\n<div class=\"flex-col gap-1 md:gap-3\">\n<div class=\"flex max-w-full flex-col flex-grow\">\n<div class=\"min-h-8 text-message flex w-full flex-col items-end gap-2 whitespace-normal break-words text-start [.text-message+&amp;]:mt-5\" dir=\"auto\" data-message-author-role=\"assistant\" data-message-id=\"2e5f20bc-e89b-426b-8c17-44d4b4b681ca\" data-message-model-slug=\"gpt-4o\">\n<div class=\"flex w-full flex-col gap-1 empty:hidden first:pt-[3px]\">\n<div class=\"markdown prose w-full break-words dark:prose-invert light\">\n<h2>\ud83d\udc8e <strong>Silbernes Armband mit gewellten wei\u00dfen Steinen und Herzen &#8211; die perfekte Verbindung von Romantik und Eleganz<\/strong><\/h2>\n<p>Dieses <strong>Armband aus 925er Sterlingsilber<\/strong> ist mit seiner sanft gewellten Form und den kleinen <strong>Herzverzierungen<\/strong> romantisch und raffiniert zugleich. Die <strong>strahlend wei\u00dfen Steine<\/strong> sorgen f\u00fcr zus\u00e4tzliches Funkeln, w\u00e4hrend die <strong>Rhodinierung<\/strong> den Silberschmuck dauerhaft gl\u00e4nzend und gesch\u00fctzt macht.<\/p>\n<p>\ud83d\udc96 <strong>Was symbolisiert dieser Schmuck?<\/strong><\/p>\n<ul>\n<li><strong>Das Herz ist ein Symbol f\u00fcr ewige Liebe und Gef\u00fchle.<\/strong><\/li>\n<li><strong>Die gewellten Linien symbolisieren Harmonie und den st\u00e4ndigen Fluss des Lebens.<\/strong><\/li>\n<li><strong>Und das Leuchten der wei\u00dfen Steine ist ein zeitloser Ausdruck von Eleganz.<\/strong><\/li>\n<\/ul>\n<p>\u2728 <strong>Warum sollten Sie dieses Armband w\u00e4hlen?<\/strong><\/p>\n<ul>\n<li><strong>Premiumqualit\u00e4t:<\/strong> <strong>AG 925 Silber<\/strong> <strong>mit Rhodiumbeschichtung<\/strong> f\u00fcr lang anhaltenden Glanz.<\/li>\n<li><strong>Spezielles Wellenmuster:<\/strong> luftiger und romantischer Look.<\/li>\n<li><strong>Feine Handwerkskunst:<\/strong> Die pr\u00e4zisen Herzmotive unterstreichen die Einzigartigkeit des Schmucks.<\/li>\n<li><strong>Bequem zu tragen:<\/strong> ein leichtes und dennoch stilvolles St\u00fcck, das perfekt f\u00fcr jede Gelegenheit ist.<\/li>\n<\/ul>\n<p>\ud83c\udf81 <strong>Das perfekte Geschenk f\u00fcr Ihre Liebsten oder f\u00fcr Sie selbst!<\/strong><br \/>\nDieses Armband ist ein wirklich <strong>besonderes und herzliches Geschenk<\/strong>, perfekt f\u00fcr jeden Anlass.<\/p>\n<p>\ud83d\udcab <strong>Bestellen Sie jetzt und tragen Sie dieses Symbol der Eleganz und Romantik!<\/strong> \ud83d\udc96\u2728<\/p>\n<\/div>\n<\/div>\n<\/div>\n<\/div>\n<div class=\"mb-2 flex gap-3 empty:hidden -ml-2\">\n<div class=\"items-center justify-start rounded-xl p-1 flex\">\n<div class=\"flex items-center\"><button class=\"rounded-lg text-token-text-secondary hover:bg-token-main-surface-secondary\" aria-label=\"Read aloud\" data-testid=\"voice-play-turn-action-button\"><\/button><button class=\"rounded-lg text-token-text-secondary hover:bg-token-main-surface-secondary\" aria-label=\"Copy\" data-testid=\"copy-turn-action-button\"><\/button><\/p>\n<div class=\"flex\"><\/div>\n<p><button class=\"rounded-lg text-token-text-secondary hover:bg-token-main-surface-secondary\" aria-label=\"Edit in canvas\"><\/button><\/div>\n<\/div>\n<\/div>\n<div class=\"pr-2 lg:pr-0\"><\/div>\n<div class=\"mt-3 w-full empty:hidden\">\n<div class=\"text-center\"><\/div>\n<\/div>\n<\/div>\n<div class=\"absolute\">\n<div class=\"flex items-center justify-center\"><\/div>\n<\/div>\n<\/div>\n<\/div>\n<\/div>\n<\/article>\n<\/div>\n<\/div>\n<\/div>\n<\/div>\n<\/div>\n<div class=\"md:pt-0 dark:border-white\/20 md:border-transparent md:dark:border-transparent w-full\">\n<div>\n<div class=\"m-auto text-base px-3 md:px-4 w-full md:px-5 lg:px-4 xl:px-5\">\n<div class=\"mx-auto flex flex-1 gap-4 text-base md:gap-5 lg:gap-6 md:max-w-3xl lg:max-w-[40rem] xl:max-w-[48rem]\">\n<div class=\"flex justify-center\"><\/div>\n<\/div>\n<\/div>\n<\/div>\n<\/div>\n","protected":false},"excerpt":{"rendered":"<p><strong>Silbernes Armband mit wei\u00dfen Steinen in Wellenform und Herzen &#8211; zarte Eleganz und romantisches Funkeln!<\/strong> \ud83d\udc96\u2728<br \/>\nEine harmonische Balance aus gewellten Linien und funkelnden wei\u00dfen Steinen macht dieses Armband zu etwas Besonderem, perfekt f\u00fcr den Alltag und romantische Anl\u00e4sse gleicherma\u00dfen.<\/p>\n","protected":false},"featured_media":95366,"template":"","meta":{"_acf_changed":false},"product_brand":[],"product_cat":[614],"product_tag":[527,633,650],"class_list":{"0":"post-113210","1":"product","2":"type-product","3":"status-publish","4":"has-post-thumbnail","6":"product_cat-silberne-armbander","7":"product_tag-silberschmuck-fur-damen","8":"product_tag-herz","9":"product_tag-kinder-silberschmuck","10":"description-off","12":"first","13":"instock","14":"taxable","15":"shipping-taxable","16":"purchasable","17":"product-type-simple"},"acf":[],"yoast_head":"<!-- This site is optimized with the Yoast SEO plugin v27.4 - https:\/\/yoast.com\/product\/yoast-seo-wordpress\/ -->\n<title>Silbernes gewelltes Armband mit wei\u00dfen Steinen und Herzen | Diana Silver<\/title>\n<meta name=\"description\" content=\"Fedezd fel a leny\u0171g\u00f6z\u0151 Silbernes gewelltes Armband mit wei\u00dfen Steinen und Herzen \u00e9kszer\u00fcnket. T\u00f6k\u00e9letes kieg\u00e9sz\u00edt\u0151 mindennapi viselethez \u00e9s k\u00fcl\u00f6nleges alkalmakra egyar\u00e1nt. Rendeld meg most!\" \/>\n<meta name=\"robots\" content=\"index, follow, max-snippet:-1, max-image-preview:large, max-video-preview:-1\" \/>\n<link rel=\"canonical\" href=\"https:\/\/dianasilver.com\/de\/termek\/silbernes-gewelltes-armband-mit-weissen-steinen-und-herzen\/\" \/>\n<meta property=\"og:locale\" content=\"de_DE\" \/>\n<meta property=\"og:type\" content=\"article\" \/>\n<meta property=\"og:title\" content=\"Silbernes gewelltes Armband mit wei\u00dfen Steinen und Herzen | Diana Silver\" \/>\n<meta property=\"og:description\" content=\"Fedezd fel a leny\u0171g\u00f6z\u0151 Silbernes gewelltes Armband mit wei\u00dfen Steinen und Herzen \u00e9kszer\u00fcnket. T\u00f6k\u00e9letes kieg\u00e9sz\u00edt\u0151 mindennapi viselethez \u00e9s k\u00fcl\u00f6nleges alkalmakra egyar\u00e1nt. Rendeld meg most!\" \/>\n<meta property=\"og:url\" content=\"https:\/\/dianasilver.com\/de\/termek\/silbernes-gewelltes-armband-mit-weissen-steinen-und-herzen\/\" \/>\n<meta property=\"og:site_name\" content=\"Diana Silver\" \/>\n<meta property=\"article:publisher\" content=\"https:\/\/www.facebook.com\/profile.php?id=100027231325117\" \/>\n<meta property=\"article:modified_time\" content=\"2026-04-14T23:41:13+00:00\" \/>\n<meta property=\"og:image\" content=\"https:\/\/dianasilver.com\/wp-content\/uploads\/2022\/08\/1_eb097467-f53b-45f4-b8ca-02c6c1649363_1024x1024-scaled.jpg\" \/>\n\t<meta property=\"og:image:width\" content=\"800\" \/>\n\t<meta property=\"og:image:height\" content=\"800\" \/>\n\t<meta property=\"og:image:type\" content=\"image\/jpeg\" \/>\n<meta name=\"twitter:card\" content=\"summary_large_image\" \/>\n<meta name=\"twitter:label1\" content=\"Gesch\u00e4tzte Lesezeit\" \/>\n\t<meta name=\"twitter:data1\" content=\"1\u00a0Minute\" \/>\n<script type=\"application\/ld+json\" class=\"yoast-schema-graph\">{\"@context\":\"https:\\\/\\\/schema.org\",\"@graph\":[{\"@type\":\"WebPage\",\"@id\":\"https:\\\/\\\/dianasilver.com\\\/de\\\/termek\\\/silbernes-gewelltes-armband-mit-weissen-steinen-und-herzen\\\/\",\"url\":\"https:\\\/\\\/dianasilver.com\\\/de\\\/termek\\\/silbernes-gewelltes-armband-mit-weissen-steinen-und-herzen\\\/\",\"name\":\"Silbernes gewelltes Armband mit wei\u00dfen Steinen und Herzen | Diana Silver\",\"isPartOf\":{\"@id\":\"https:\\\/\\\/dianasilver.com\\\/de\\\/#website\"},\"primaryImageOfPage\":{\"@id\":\"https:\\\/\\\/dianasilver.com\\\/de\\\/termek\\\/silbernes-gewelltes-armband-mit-weissen-steinen-und-herzen\\\/#primaryimage\"},\"image\":{\"@id\":\"https:\\\/\\\/dianasilver.com\\\/de\\\/termek\\\/silbernes-gewelltes-armband-mit-weissen-steinen-und-herzen\\\/#primaryimage\"},\"thumbnailUrl\":\"https:\\\/\\\/dianasilver.com\\\/wp-content\\\/uploads\\\/2022\\\/08\\\/1_eb097467-f53b-45f4-b8ca-02c6c1649363_1024x1024-scaled.jpg\",\"datePublished\":\"2022-08-31T12:46:17+00:00\",\"dateModified\":\"2026-04-14T23:41:13+00:00\",\"description\":\"Fedezd fel a leny\u0171g\u00f6z\u0151 Silbernes gewelltes Armband mit wei\u00dfen Steinen und Herzen \u00e9kszer\u00fcnket. T\u00f6k\u00e9letes kieg\u00e9sz\u00edt\u0151 mindennapi viselethez \u00e9s k\u00fcl\u00f6nleges alkalmakra egyar\u00e1nt. Rendeld meg most!\",\"breadcrumb\":{\"@id\":\"https:\\\/\\\/dianasilver.com\\\/de\\\/termek\\\/silbernes-gewelltes-armband-mit-weissen-steinen-und-herzen\\\/#breadcrumb\"},\"inLanguage\":\"de\",\"potentialAction\":[{\"@type\":\"ReadAction\",\"target\":[\"https:\\\/\\\/dianasilver.com\\\/de\\\/termek\\\/silbernes-gewelltes-armband-mit-weissen-steinen-und-herzen\\\/\"]}]},{\"@type\":\"ImageObject\",\"inLanguage\":\"de\",\"@id\":\"https:\\\/\\\/dianasilver.com\\\/de\\\/termek\\\/silbernes-gewelltes-armband-mit-weissen-steinen-und-herzen\\\/#primaryimage\",\"url\":\"https:\\\/\\\/dianasilver.com\\\/wp-content\\\/uploads\\\/2022\\\/08\\\/1_eb097467-f53b-45f4-b8ca-02c6c1649363_1024x1024-scaled.jpg\",\"contentUrl\":\"https:\\\/\\\/dianasilver.com\\\/wp-content\\\/uploads\\\/2022\\\/08\\\/1_eb097467-f53b-45f4-b8ca-02c6c1649363_1024x1024-scaled.jpg\",\"width\":800,\"height\":800},{\"@type\":\"BreadcrumbList\",\"@id\":\"https:\\\/\\\/dianasilver.com\\\/de\\\/termek\\\/silbernes-gewelltes-armband-mit-weissen-steinen-und-herzen\\\/#breadcrumb\",\"itemListElement\":[{\"@type\":\"ListItem\",\"position\":1,\"name\":\"Kezd\u0151lap\",\"item\":\"https:\\\/\\\/dianasilver.com\\\/de\\\/diana-silver-silberschmuck-webshop\\\/\"},{\"@type\":\"ListItem\",\"position\":2,\"name\":\"Shop\",\"item\":\"https:\\\/\\\/dianasilver.com\\\/de\\\/shop\\\/\"},{\"@type\":\"ListItem\",\"position\":3,\"name\":\"Silbernes gewelltes Armband mit wei\u00dfen Steinen und Herzen\"}]},{\"@type\":\"WebSite\",\"@id\":\"https:\\\/\\\/dianasilver.com\\\/de\\\/#website\",\"url\":\"https:\\\/\\\/dianasilver.com\\\/de\\\/\",\"name\":\"Diana Silver\",\"description\":\"Tedd t\u00f6k\u00e9letesebb\u00e9 mindennapjaid a Diana Silver \u00e9kszereivel.\",\"publisher\":{\"@id\":\"https:\\\/\\\/dianasilver.com\\\/de\\\/#organization\"},\"alternateName\":\"Ez\u00fcst \u00c9kszer Web\u00e1ruh\u00e1z\",\"potentialAction\":[{\"@type\":\"SearchAction\",\"target\":{\"@type\":\"EntryPoint\",\"urlTemplate\":\"https:\\\/\\\/dianasilver.com\\\/de\\\/?s={search_term_string}\"},\"query-input\":{\"@type\":\"PropertyValueSpecification\",\"valueRequired\":true,\"valueName\":\"search_term_string\"}}],\"inLanguage\":\"de\"},{\"@type\":\"Organization\",\"@id\":\"https:\\\/\\\/dianasilver.com\\\/de\\\/#organization\",\"name\":\"Diana Silver\",\"url\":\"https:\\\/\\\/dianasilver.com\\\/de\\\/\",\"logo\":{\"@type\":\"ImageObject\",\"inLanguage\":\"de\",\"@id\":\"https:\\\/\\\/dianasilver.com\\\/de\\\/#\\\/schema\\\/logo\\\/image\\\/\",\"url\":\"https:\\\/\\\/dianasilver.com\\\/wp-content\\\/uploads\\\/2022\\\/08\\\/ezust-feher-1-koves-buttonos-stekkeres-fulbevalo-42.webp\",\"contentUrl\":\"https:\\\/\\\/dianasilver.com\\\/wp-content\\\/uploads\\\/2022\\\/08\\\/ezust-feher-1-koves-buttonos-stekkeres-fulbevalo-42.webp\",\"width\":300,\"height\":154,\"caption\":\"Diana Silver\"},\"image\":{\"@id\":\"https:\\\/\\\/dianasilver.com\\\/de\\\/#\\\/schema\\\/logo\\\/image\\\/\"},\"sameAs\":[\"https:\\\/\\\/www.facebook.com\\\/profile.php?id=100027231325117\"]}]}<\/script>\n<!-- \/ Yoast SEO plugin. -->","yoast_head_json":{"title":"Silbernes gewelltes Armband mit wei\u00dfen Steinen und Herzen | Diana Silver","description":"Fedezd fel a leny\u0171g\u00f6z\u0151 Silbernes gewelltes Armband mit wei\u00dfen Steinen und Herzen \u00e9kszer\u00fcnket. T\u00f6k\u00e9letes kieg\u00e9sz\u00edt\u0151 mindennapi viselethez \u00e9s k\u00fcl\u00f6nleges alkalmakra egyar\u00e1nt. Rendeld meg most!","robots":{"index":"index","follow":"follow","max-snippet":"max-snippet:-1","max-image-preview":"max-image-preview:large","max-video-preview":"max-video-preview:-1"},"canonical":"https:\/\/dianasilver.com\/de\/termek\/silbernes-gewelltes-armband-mit-weissen-steinen-und-herzen\/","og_locale":"de_DE","og_type":"article","og_title":"Silbernes gewelltes Armband mit wei\u00dfen Steinen und Herzen | Diana Silver","og_description":"Fedezd fel a leny\u0171g\u00f6z\u0151 Silbernes gewelltes Armband mit wei\u00dfen Steinen und Herzen \u00e9kszer\u00fcnket. T\u00f6k\u00e9letes kieg\u00e9sz\u00edt\u0151 mindennapi viselethez \u00e9s k\u00fcl\u00f6nleges alkalmakra egyar\u00e1nt. Rendeld meg most!","og_url":"https:\/\/dianasilver.com\/de\/termek\/silbernes-gewelltes-armband-mit-weissen-steinen-und-herzen\/","og_site_name":"Diana Silver","article_publisher":"https:\/\/www.facebook.com\/profile.php?id=100027231325117","article_modified_time":"2026-04-14T23:41:13+00:00","og_image":[{"width":800,"height":800,"url":"https:\/\/dianasilver.com\/wp-content\/uploads\/2022\/08\/1_eb097467-f53b-45f4-b8ca-02c6c1649363_1024x1024-scaled.jpg","type":"image\/jpeg"}],"twitter_card":"summary_large_image","twitter_misc":{"Gesch\u00e4tzte Lesezeit":"1\u00a0Minute"},"schema":{"@context":"https:\/\/schema.org","@graph":[{"@type":"WebPage","@id":"https:\/\/dianasilver.com\/de\/termek\/silbernes-gewelltes-armband-mit-weissen-steinen-und-herzen\/","url":"https:\/\/dianasilver.com\/de\/termek\/silbernes-gewelltes-armband-mit-weissen-steinen-und-herzen\/","name":"Silbernes gewelltes Armband mit wei\u00dfen Steinen und Herzen | Diana Silver","isPartOf":{"@id":"https:\/\/dianasilver.com\/de\/#website"},"primaryImageOfPage":{"@id":"https:\/\/dianasilver.com\/de\/termek\/silbernes-gewelltes-armband-mit-weissen-steinen-und-herzen\/#primaryimage"},"image":{"@id":"https:\/\/dianasilver.com\/de\/termek\/silbernes-gewelltes-armband-mit-weissen-steinen-und-herzen\/#primaryimage"},"thumbnailUrl":"https:\/\/dianasilver.com\/wp-content\/uploads\/2022\/08\/1_eb097467-f53b-45f4-b8ca-02c6c1649363_1024x1024-scaled.jpg","datePublished":"2022-08-31T12:46:17+00:00","dateModified":"2026-04-14T23:41:13+00:00","description":"Fedezd fel a leny\u0171g\u00f6z\u0151 Silbernes gewelltes Armband mit wei\u00dfen Steinen und Herzen \u00e9kszer\u00fcnket. T\u00f6k\u00e9letes kieg\u00e9sz\u00edt\u0151 mindennapi viselethez \u00e9s k\u00fcl\u00f6nleges alkalmakra egyar\u00e1nt. Rendeld meg most!","breadcrumb":{"@id":"https:\/\/dianasilver.com\/de\/termek\/silbernes-gewelltes-armband-mit-weissen-steinen-und-herzen\/#breadcrumb"},"inLanguage":"de","potentialAction":[{"@type":"ReadAction","target":["https:\/\/dianasilver.com\/de\/termek\/silbernes-gewelltes-armband-mit-weissen-steinen-und-herzen\/"]}]},{"@type":"ImageObject","inLanguage":"de","@id":"https:\/\/dianasilver.com\/de\/termek\/silbernes-gewelltes-armband-mit-weissen-steinen-und-herzen\/#primaryimage","url":"https:\/\/dianasilver.com\/wp-content\/uploads\/2022\/08\/1_eb097467-f53b-45f4-b8ca-02c6c1649363_1024x1024-scaled.jpg","contentUrl":"https:\/\/dianasilver.com\/wp-content\/uploads\/2022\/08\/1_eb097467-f53b-45f4-b8ca-02c6c1649363_1024x1024-scaled.jpg","width":800,"height":800},{"@type":"BreadcrumbList","@id":"https:\/\/dianasilver.com\/de\/termek\/silbernes-gewelltes-armband-mit-weissen-steinen-und-herzen\/#breadcrumb","itemListElement":[{"@type":"ListItem","position":1,"name":"Kezd\u0151lap","item":"https:\/\/dianasilver.com\/de\/diana-silver-silberschmuck-webshop\/"},{"@type":"ListItem","position":2,"name":"Shop","item":"https:\/\/dianasilver.com\/de\/shop\/"},{"@type":"ListItem","position":3,"name":"Silbernes gewelltes Armband mit wei\u00dfen Steinen und Herzen"}]},{"@type":"WebSite","@id":"https:\/\/dianasilver.com\/de\/#website","url":"https:\/\/dianasilver.com\/de\/","name":"Diana Silver","description":"Tedd t\u00f6k\u00e9letesebb\u00e9 mindennapjaid a Diana Silver \u00e9kszereivel.","publisher":{"@id":"https:\/\/dianasilver.com\/de\/#organization"},"alternateName":"Ez\u00fcst \u00c9kszer Web\u00e1ruh\u00e1z","potentialAction":[{"@type":"SearchAction","target":{"@type":"EntryPoint","urlTemplate":"https:\/\/dianasilver.com\/de\/?s={search_term_string}"},"query-input":{"@type":"PropertyValueSpecification","valueRequired":true,"valueName":"search_term_string"}}],"inLanguage":"de"},{"@type":"Organization","@id":"https:\/\/dianasilver.com\/de\/#organization","name":"Diana Silver","url":"https:\/\/dianasilver.com\/de\/","logo":{"@type":"ImageObject","inLanguage":"de","@id":"https:\/\/dianasilver.com\/de\/#\/schema\/logo\/image\/","url":"https:\/\/dianasilver.com\/wp-content\/uploads\/2022\/08\/ezust-feher-1-koves-buttonos-stekkeres-fulbevalo-42.webp","contentUrl":"https:\/\/dianasilver.com\/wp-content\/uploads\/2022\/08\/ezust-feher-1-koves-buttonos-stekkeres-fulbevalo-42.webp","width":300,"height":154,"caption":"Diana Silver"},"image":{"@id":"https:\/\/dianasilver.com\/de\/#\/schema\/logo\/image\/"},"sameAs":["https:\/\/www.facebook.com\/profile.php?id=100027231325117"]}]}},"_links":{"self":[{"href":"https:\/\/dianasilver.com\/de\/wp-json\/wp\/v2\/product\/113210","targetHints":{"allow":["GET"]}}],"collection":[{"href":"https:\/\/dianasilver.com\/de\/wp-json\/wp\/v2\/product"}],"about":[{"href":"https:\/\/dianasilver.com\/de\/wp-json\/wp\/v2\/types\/product"}],"version-history":[{"count":0,"href":"https:\/\/dianasilver.com\/de\/wp-json\/wp\/v2\/product\/113210\/revisions"}],"wp:featuredmedia":[{"embeddable":true,"href":"https:\/\/dianasilver.com\/de\/wp-json\/wp\/v2\/media\/95366"}],"wp:attachment":[{"href":"https:\/\/dianasilver.com\/de\/wp-json\/wp\/v2\/media?parent=113210"}],"wp:term":[{"taxonomy":"product_brand","embeddable":true,"href":"https:\/\/dianasilver.com\/de\/wp-json\/wp\/v2\/product_brand?post=113210"},{"taxonomy":"product_cat","embeddable":true,"href":"https:\/\/dianasilver.com\/de\/wp-json\/wp\/v2\/product_cat?post=113210"},{"taxonomy":"product_tag","embeddable":true,"href":"https:\/\/dianasilver.com\/de\/wp-json\/wp\/v2\/product_tag?post=113210"}],"curies":[{"name":"wp","href":"https:\/\/api.w.org\/{rel}","templated":true}]}}