{"id":113177,"date":"2025-05-27T20:40:42","date_gmt":"2025-05-27T18:40:42","guid":{"rendered":"https:\/\/dianasilver.hu\/termek\/silberanhaenger-mit-lebensbaum-motiv-zirkonia-verzierung-und-perlmutt-intarsie\/"},"modified":"2026-01-16T17:38:05","modified_gmt":"2026-01-16T16:38:05","slug":"silberanhaenger-mit-lebensbaum-motiv-zirkonia-verzierung-und-perlmutt-intarsie","status":"publish","type":"product","link":"https:\/\/dianasilver.com\/de\/termek\/silberanhaenger-mit-lebensbaum-motiv-zirkonia-verzierung-und-perlmutt-intarsie\/","title":{"rendered":"Silberanh\u00e4nger mit Lebensbaum-Motiv, Zirkonia-Verzierung und Perlmutt-Intarsie"},"content":{"rendered":"<h2 data-start=\"235\" data-end=\"555\">Silberanh\u00e4nger Baum des Lebens mit Perlmuttintarsie<\/h2>\n<p data-start=\"235\" data-end=\"555\">Dieser besondere Baum des Lebens-Anh\u00e4nger ist ein Symbol f\u00fcr die Natur und das Leben. Die Basis aus 925er Silber b\u00fcrgt f\u00fcr Qualit\u00e4t, w\u00e4hrend die gl\u00e4nzenden Zirkoniasteine und die Perlmutteinlage f\u00fcr zus\u00e4tzliche Eleganz sorgen. Das Motiv des Lebensbaums symbolisiert die st\u00e4ndige Erneuerung und Kraft des Lebens.<\/p>\n<p data-start=\"557\" data-end=\"582\">\ud83d\udc8e <strong data-start=\"560\" data-end=\"580\">Was symbolisiert er?<\/strong><\/p>\n<ul data-start=\"583\" data-end=\"689\">\n<li data-start=\"583\" data-end=\"621\">\n<p data-start=\"585\" data-end=\"621\">Der Kreislauf des Lebens und der Erneuerung<\/p>\n<\/li>\n<li data-start=\"622\" data-end=\"658\">\n<p data-start=\"624\" data-end=\"658\">Die Einheit von Natur und Familie<\/p>\n<\/li>\n<li data-start=\"659\" data-end=\"689\">\n<p data-start=\"661\" data-end=\"689\">Innere St\u00e4rke und Wachstum<\/p>\n<\/li>\n<\/ul>\n<p data-start=\"691\" data-end=\"726\">\u2728 <strong data-start=\"693\" data-end=\"724\">Warum sollten Sie diesen Anh\u00e4nger w\u00e4hlen?<\/strong><\/p>\n<ul data-start=\"727\" data-end=\"922\">\n<li data-start=\"727\" data-end=\"764\">\n<p data-start=\"729\" data-end=\"764\">AG 925 Silber, hochwertige Verarbeitung<\/p>\n<\/li>\n<li data-start=\"765\" data-end=\"809\">\n<p data-start=\"767\" data-end=\"809\">Gl\u00e4nzende Zirkonia Verzierung f\u00fcr funkelnden Glanz<\/p>\n<\/li>\n<li data-start=\"810\" data-end=\"851\">\n<p data-start=\"812\" data-end=\"851\">Perlenintarsien f\u00fcr einen besonderen Effekt<\/p>\n<\/li>\n<li data-start=\"852\" data-end=\"894\">\n<p data-start=\"854\" data-end=\"894\">Der Baum des Lebens ist ein symboltr\u00e4chtiges, stilvolles Schmuckst\u00fcck<\/p>\n<\/li>\n<li data-start=\"895\" data-end=\"922\">\n<p data-start=\"897\" data-end=\"922\">Auch perfekt als Geschenk geeignet<\/p>\n<\/li>\n<\/ul>\n<p data-start=\"924\" data-end=\"1023\">\ud83c\udf81 \u00dcberraschen Sie sich selbst oder einen geliebten Menschen mit diesem Anh\u00e4nger, der an die Sch\u00f6nheit der Natur und des Lebens erinnert! \ud83c\udf3f\ud83d\udcab<\/p>\n","protected":false},"excerpt":{"rendered":"<p>Der Lebensbaum-Anh\u00e4nger mit Zirkonia-Steinen und Perlmutt-Intarsien erinnert an die Kraft und Sch\u00f6nheit des Lebens. \ud83c\udf3f\u2728<\/p>\n","protected":false},"featured_media":104345,"template":"","meta":{"_acf_changed":false},"product_brand":[],"product_cat":[616,681],"product_tag":[527,576],"class_list":{"0":"post-113177","1":"product","2":"type-product","3":"status-publish","4":"has-post-thumbnail","6":"product_cat-silberne-anhanger","7":"product_cat-silberner-baum-des-lebens-anhanger","8":"product_tag-silberschmuck-fur-damen","9":"product_tag-spirituell","10":"description-off","12":"first","13":"instock","14":"sale","15":"taxable","16":"shipping-taxable","17":"purchasable","18":"product-type-simple"},"acf":[],"yoast_head":"<!-- This site is optimized with the Yoast SEO plugin v27.4 - https:\/\/yoast.com\/product\/yoast-seo-wordpress\/ -->\n<title>Silberanh\u00e4nger mit Lebensbaum-Motiv, Zirkonia-Verzierung und Perlmutt-Intarsie | Diana Silver<\/title>\n<meta name=\"description\" content=\"Fedezd fel a leny\u0171g\u00f6z\u0151 Silberanh\u00e4nger mit Lebensbaum-Motiv, Zirkonia-Verzierung und Perlmutt-Intarsie \u00e9kszer\u00fcnket. T\u00f6k\u00e9letes kieg\u00e9sz\u00edt\u0151 mindennapi viselethez \u00e9s k\u00fcl\u00f6nleges alkalmakra egyar\u00e1nt. Rendeld meg most!\" \/>\n<meta name=\"robots\" content=\"index, follow, max-snippet:-1, max-image-preview:large, max-video-preview:-1\" \/>\n<link rel=\"canonical\" href=\"https:\/\/dianasilver.com\/de\/termek\/silberanhaenger-mit-lebensbaum-motiv-zirkonia-verzierung-und-perlmutt-intarsie\/\" \/>\n<meta property=\"og:locale\" content=\"de_DE\" \/>\n<meta property=\"og:type\" content=\"article\" \/>\n<meta property=\"og:title\" content=\"Silberanh\u00e4nger mit Lebensbaum-Motiv, Zirkonia-Verzierung und Perlmutt-Intarsie | Diana Silver\" \/>\n<meta property=\"og:description\" content=\"Fedezd fel a leny\u0171g\u00f6z\u0151 Silberanh\u00e4nger mit Lebensbaum-Motiv, Zirkonia-Verzierung und Perlmutt-Intarsie \u00e9kszer\u00fcnket. T\u00f6k\u00e9letes kieg\u00e9sz\u00edt\u0151 mindennapi viselethez \u00e9s k\u00fcl\u00f6nleges alkalmakra egyar\u00e1nt. Rendeld meg most!\" \/>\n<meta property=\"og:url\" content=\"https:\/\/dianasilver.com\/de\/termek\/silberanhaenger-mit-lebensbaum-motiv-zirkonia-verzierung-und-perlmutt-intarsie\/\" \/>\n<meta property=\"og:site_name\" content=\"Diana Silver\" \/>\n<meta property=\"article:publisher\" content=\"https:\/\/www.facebook.com\/profile.php?id=100027231325117\" \/>\n<meta property=\"article:modified_time\" content=\"2026-01-16T16:38:05+00:00\" \/>\n<meta property=\"og:image\" content=\"https:\/\/dianasilver.com\/wp-content\/uploads\/2025\/05\/Ezust-medal-Eletfa-motivummal-cirkonia-diszitessel-gyongyhaz-betettel-1.jpg\" \/>\n\t<meta property=\"og:image:width\" content=\"1484\" \/>\n\t<meta property=\"og:image:height\" content=\"1592\" \/>\n\t<meta property=\"og:image:type\" content=\"image\/jpeg\" \/>\n<meta name=\"twitter:card\" content=\"summary_large_image\" \/>\n<meta name=\"twitter:label1\" content=\"Gesch\u00e4tzte Lesezeit\" \/>\n\t<meta name=\"twitter:data1\" content=\"1\u00a0Minute\" \/>\n<script type=\"application\/ld+json\" class=\"yoast-schema-graph\">{\"@context\":\"https:\\\/\\\/schema.org\",\"@graph\":[{\"@type\":\"WebPage\",\"@id\":\"https:\\\/\\\/dianasilver.com\\\/de\\\/termek\\\/silberanhaenger-mit-lebensbaum-motiv-zirkonia-verzierung-und-perlmutt-intarsie\\\/\",\"url\":\"https:\\\/\\\/dianasilver.com\\\/de\\\/termek\\\/silberanhaenger-mit-lebensbaum-motiv-zirkonia-verzierung-und-perlmutt-intarsie\\\/\",\"name\":\"Silberanh\u00e4nger mit Lebensbaum-Motiv, Zirkonia-Verzierung und Perlmutt-Intarsie | Diana Silver\",\"isPartOf\":{\"@id\":\"https:\\\/\\\/dianasilver.com\\\/de\\\/#website\"},\"primaryImageOfPage\":{\"@id\":\"https:\\\/\\\/dianasilver.com\\\/de\\\/termek\\\/silberanhaenger-mit-lebensbaum-motiv-zirkonia-verzierung-und-perlmutt-intarsie\\\/#primaryimage\"},\"image\":{\"@id\":\"https:\\\/\\\/dianasilver.com\\\/de\\\/termek\\\/silberanhaenger-mit-lebensbaum-motiv-zirkonia-verzierung-und-perlmutt-intarsie\\\/#primaryimage\"},\"thumbnailUrl\":\"https:\\\/\\\/dianasilver.com\\\/wp-content\\\/uploads\\\/2025\\\/05\\\/Ezust-medal-Eletfa-motivummal-cirkonia-diszitessel-gyongyhaz-betettel-1.jpg\",\"datePublished\":\"2025-05-27T18:40:42+00:00\",\"dateModified\":\"2026-01-16T16:38:05+00:00\",\"description\":\"Fedezd fel a leny\u0171g\u00f6z\u0151 Silberanh\u00e4nger mit Lebensbaum-Motiv, Zirkonia-Verzierung und Perlmutt-Intarsie \u00e9kszer\u00fcnket. T\u00f6k\u00e9letes kieg\u00e9sz\u00edt\u0151 mindennapi viselethez \u00e9s k\u00fcl\u00f6nleges alkalmakra egyar\u00e1nt. Rendeld meg most!\",\"breadcrumb\":{\"@id\":\"https:\\\/\\\/dianasilver.com\\\/de\\\/termek\\\/silberanhaenger-mit-lebensbaum-motiv-zirkonia-verzierung-und-perlmutt-intarsie\\\/#breadcrumb\"},\"inLanguage\":\"de\",\"potentialAction\":[{\"@type\":\"ReadAction\",\"target\":[\"https:\\\/\\\/dianasilver.com\\\/de\\\/termek\\\/silberanhaenger-mit-lebensbaum-motiv-zirkonia-verzierung-und-perlmutt-intarsie\\\/\"]}]},{\"@type\":\"ImageObject\",\"inLanguage\":\"de\",\"@id\":\"https:\\\/\\\/dianasilver.com\\\/de\\\/termek\\\/silberanhaenger-mit-lebensbaum-motiv-zirkonia-verzierung-und-perlmutt-intarsie\\\/#primaryimage\",\"url\":\"https:\\\/\\\/dianasilver.com\\\/wp-content\\\/uploads\\\/2025\\\/05\\\/Ezust-medal-Eletfa-motivummal-cirkonia-diszitessel-gyongyhaz-betettel-1.jpg\",\"contentUrl\":\"https:\\\/\\\/dianasilver.com\\\/wp-content\\\/uploads\\\/2025\\\/05\\\/Ezust-medal-Eletfa-motivummal-cirkonia-diszitessel-gyongyhaz-betettel-1.jpg\",\"width\":1484,\"height\":1592},{\"@type\":\"BreadcrumbList\",\"@id\":\"https:\\\/\\\/dianasilver.com\\\/de\\\/termek\\\/silberanhaenger-mit-lebensbaum-motiv-zirkonia-verzierung-und-perlmutt-intarsie\\\/#breadcrumb\",\"itemListElement\":[{\"@type\":\"ListItem\",\"position\":1,\"name\":\"Kezd\u0151lap\",\"item\":\"https:\\\/\\\/dianasilver.com\\\/de\\\/diana-silver-silberschmuck-webshop\\\/\"},{\"@type\":\"ListItem\",\"position\":2,\"name\":\"Shop\",\"item\":\"https:\\\/\\\/dianasilver.com\\\/de\\\/shop\\\/\"},{\"@type\":\"ListItem\",\"position\":3,\"name\":\"Silberanh\u00e4nger mit Lebensbaum-Motiv, Zirkonia-Verzierung und Perlmutt-Intarsie\"}]},{\"@type\":\"WebSite\",\"@id\":\"https:\\\/\\\/dianasilver.com\\\/de\\\/#website\",\"url\":\"https:\\\/\\\/dianasilver.com\\\/de\\\/\",\"name\":\"Diana Silver\",\"description\":\"Tedd t\u00f6k\u00e9letesebb\u00e9 mindennapjaid a Diana Silver \u00e9kszereivel.\",\"publisher\":{\"@id\":\"https:\\\/\\\/dianasilver.com\\\/de\\\/#organization\"},\"alternateName\":\"Ez\u00fcst \u00c9kszer Web\u00e1ruh\u00e1z\",\"potentialAction\":[{\"@type\":\"SearchAction\",\"target\":{\"@type\":\"EntryPoint\",\"urlTemplate\":\"https:\\\/\\\/dianasilver.com\\\/de\\\/?s={search_term_string}\"},\"query-input\":{\"@type\":\"PropertyValueSpecification\",\"valueRequired\":true,\"valueName\":\"search_term_string\"}}],\"inLanguage\":\"de\"},{\"@type\":\"Organization\",\"@id\":\"https:\\\/\\\/dianasilver.com\\\/de\\\/#organization\",\"name\":\"Diana Silver\",\"url\":\"https:\\\/\\\/dianasilver.com\\\/de\\\/\",\"logo\":{\"@type\":\"ImageObject\",\"inLanguage\":\"de\",\"@id\":\"https:\\\/\\\/dianasilver.com\\\/de\\\/#\\\/schema\\\/logo\\\/image\\\/\",\"url\":\"https:\\\/\\\/dianasilver.com\\\/wp-content\\\/uploads\\\/2022\\\/08\\\/ezust-feher-1-koves-buttonos-stekkeres-fulbevalo-42.webp\",\"contentUrl\":\"https:\\\/\\\/dianasilver.com\\\/wp-content\\\/uploads\\\/2022\\\/08\\\/ezust-feher-1-koves-buttonos-stekkeres-fulbevalo-42.webp\",\"width\":300,\"height\":154,\"caption\":\"Diana Silver\"},\"image\":{\"@id\":\"https:\\\/\\\/dianasilver.com\\\/de\\\/#\\\/schema\\\/logo\\\/image\\\/\"},\"sameAs\":[\"https:\\\/\\\/www.facebook.com\\\/profile.php?id=100027231325117\"]}]}<\/script>\n<!-- \/ Yoast SEO plugin. -->","yoast_head_json":{"title":"Silberanh\u00e4nger mit Lebensbaum-Motiv, Zirkonia-Verzierung und Perlmutt-Intarsie | Diana Silver","description":"Fedezd fel a leny\u0171g\u00f6z\u0151 Silberanh\u00e4nger mit Lebensbaum-Motiv, Zirkonia-Verzierung und Perlmutt-Intarsie \u00e9kszer\u00fcnket. T\u00f6k\u00e9letes kieg\u00e9sz\u00edt\u0151 mindennapi viselethez \u00e9s k\u00fcl\u00f6nleges alkalmakra egyar\u00e1nt. Rendeld meg most!","robots":{"index":"index","follow":"follow","max-snippet":"max-snippet:-1","max-image-preview":"max-image-preview:large","max-video-preview":"max-video-preview:-1"},"canonical":"https:\/\/dianasilver.com\/de\/termek\/silberanhaenger-mit-lebensbaum-motiv-zirkonia-verzierung-und-perlmutt-intarsie\/","og_locale":"de_DE","og_type":"article","og_title":"Silberanh\u00e4nger mit Lebensbaum-Motiv, Zirkonia-Verzierung und Perlmutt-Intarsie | Diana Silver","og_description":"Fedezd fel a leny\u0171g\u00f6z\u0151 Silberanh\u00e4nger mit Lebensbaum-Motiv, Zirkonia-Verzierung und Perlmutt-Intarsie \u00e9kszer\u00fcnket. T\u00f6k\u00e9letes kieg\u00e9sz\u00edt\u0151 mindennapi viselethez \u00e9s k\u00fcl\u00f6nleges alkalmakra egyar\u00e1nt. Rendeld meg most!","og_url":"https:\/\/dianasilver.com\/de\/termek\/silberanhaenger-mit-lebensbaum-motiv-zirkonia-verzierung-und-perlmutt-intarsie\/","og_site_name":"Diana Silver","article_publisher":"https:\/\/www.facebook.com\/profile.php?id=100027231325117","article_modified_time":"2026-01-16T16:38:05+00:00","og_image":[{"width":1484,"height":1592,"url":"https:\/\/dianasilver.com\/wp-content\/uploads\/2025\/05\/Ezust-medal-Eletfa-motivummal-cirkonia-diszitessel-gyongyhaz-betettel-1.jpg","type":"image\/jpeg"}],"twitter_card":"summary_large_image","twitter_misc":{"Gesch\u00e4tzte Lesezeit":"1\u00a0Minute"},"schema":{"@context":"https:\/\/schema.org","@graph":[{"@type":"WebPage","@id":"https:\/\/dianasilver.com\/de\/termek\/silberanhaenger-mit-lebensbaum-motiv-zirkonia-verzierung-und-perlmutt-intarsie\/","url":"https:\/\/dianasilver.com\/de\/termek\/silberanhaenger-mit-lebensbaum-motiv-zirkonia-verzierung-und-perlmutt-intarsie\/","name":"Silberanh\u00e4nger mit Lebensbaum-Motiv, Zirkonia-Verzierung und Perlmutt-Intarsie | Diana Silver","isPartOf":{"@id":"https:\/\/dianasilver.com\/de\/#website"},"primaryImageOfPage":{"@id":"https:\/\/dianasilver.com\/de\/termek\/silberanhaenger-mit-lebensbaum-motiv-zirkonia-verzierung-und-perlmutt-intarsie\/#primaryimage"},"image":{"@id":"https:\/\/dianasilver.com\/de\/termek\/silberanhaenger-mit-lebensbaum-motiv-zirkonia-verzierung-und-perlmutt-intarsie\/#primaryimage"},"thumbnailUrl":"https:\/\/dianasilver.com\/wp-content\/uploads\/2025\/05\/Ezust-medal-Eletfa-motivummal-cirkonia-diszitessel-gyongyhaz-betettel-1.jpg","datePublished":"2025-05-27T18:40:42+00:00","dateModified":"2026-01-16T16:38:05+00:00","description":"Fedezd fel a leny\u0171g\u00f6z\u0151 Silberanh\u00e4nger mit Lebensbaum-Motiv, Zirkonia-Verzierung und Perlmutt-Intarsie \u00e9kszer\u00fcnket. T\u00f6k\u00e9letes kieg\u00e9sz\u00edt\u0151 mindennapi viselethez \u00e9s k\u00fcl\u00f6nleges alkalmakra egyar\u00e1nt. Rendeld meg most!","breadcrumb":{"@id":"https:\/\/dianasilver.com\/de\/termek\/silberanhaenger-mit-lebensbaum-motiv-zirkonia-verzierung-und-perlmutt-intarsie\/#breadcrumb"},"inLanguage":"de","potentialAction":[{"@type":"ReadAction","target":["https:\/\/dianasilver.com\/de\/termek\/silberanhaenger-mit-lebensbaum-motiv-zirkonia-verzierung-und-perlmutt-intarsie\/"]}]},{"@type":"ImageObject","inLanguage":"de","@id":"https:\/\/dianasilver.com\/de\/termek\/silberanhaenger-mit-lebensbaum-motiv-zirkonia-verzierung-und-perlmutt-intarsie\/#primaryimage","url":"https:\/\/dianasilver.com\/wp-content\/uploads\/2025\/05\/Ezust-medal-Eletfa-motivummal-cirkonia-diszitessel-gyongyhaz-betettel-1.jpg","contentUrl":"https:\/\/dianasilver.com\/wp-content\/uploads\/2025\/05\/Ezust-medal-Eletfa-motivummal-cirkonia-diszitessel-gyongyhaz-betettel-1.jpg","width":1484,"height":1592},{"@type":"BreadcrumbList","@id":"https:\/\/dianasilver.com\/de\/termek\/silberanhaenger-mit-lebensbaum-motiv-zirkonia-verzierung-und-perlmutt-intarsie\/#breadcrumb","itemListElement":[{"@type":"ListItem","position":1,"name":"Kezd\u0151lap","item":"https:\/\/dianasilver.com\/de\/diana-silver-silberschmuck-webshop\/"},{"@type":"ListItem","position":2,"name":"Shop","item":"https:\/\/dianasilver.com\/de\/shop\/"},{"@type":"ListItem","position":3,"name":"Silberanh\u00e4nger mit Lebensbaum-Motiv, Zirkonia-Verzierung und Perlmutt-Intarsie"}]},{"@type":"WebSite","@id":"https:\/\/dianasilver.com\/de\/#website","url":"https:\/\/dianasilver.com\/de\/","name":"Diana Silver","description":"Tedd t\u00f6k\u00e9letesebb\u00e9 mindennapjaid a Diana Silver \u00e9kszereivel.","publisher":{"@id":"https:\/\/dianasilver.com\/de\/#organization"},"alternateName":"Ez\u00fcst \u00c9kszer Web\u00e1ruh\u00e1z","potentialAction":[{"@type":"SearchAction","target":{"@type":"EntryPoint","urlTemplate":"https:\/\/dianasilver.com\/de\/?s={search_term_string}"},"query-input":{"@type":"PropertyValueSpecification","valueRequired":true,"valueName":"search_term_string"}}],"inLanguage":"de"},{"@type":"Organization","@id":"https:\/\/dianasilver.com\/de\/#organization","name":"Diana Silver","url":"https:\/\/dianasilver.com\/de\/","logo":{"@type":"ImageObject","inLanguage":"de","@id":"https:\/\/dianasilver.com\/de\/#\/schema\/logo\/image\/","url":"https:\/\/dianasilver.com\/wp-content\/uploads\/2022\/08\/ezust-feher-1-koves-buttonos-stekkeres-fulbevalo-42.webp","contentUrl":"https:\/\/dianasilver.com\/wp-content\/uploads\/2022\/08\/ezust-feher-1-koves-buttonos-stekkeres-fulbevalo-42.webp","width":300,"height":154,"caption":"Diana Silver"},"image":{"@id":"https:\/\/dianasilver.com\/de\/#\/schema\/logo\/image\/"},"sameAs":["https:\/\/www.facebook.com\/profile.php?id=100027231325117"]}]}},"_links":{"self":[{"href":"https:\/\/dianasilver.com\/de\/wp-json\/wp\/v2\/product\/113177","targetHints":{"allow":["GET"]}}],"collection":[{"href":"https:\/\/dianasilver.com\/de\/wp-json\/wp\/v2\/product"}],"about":[{"href":"https:\/\/dianasilver.com\/de\/wp-json\/wp\/v2\/types\/product"}],"version-history":[{"count":0,"href":"https:\/\/dianasilver.com\/de\/wp-json\/wp\/v2\/product\/113177\/revisions"}],"wp:featuredmedia":[{"embeddable":true,"href":"https:\/\/dianasilver.com\/de\/wp-json\/wp\/v2\/media\/104345"}],"wp:attachment":[{"href":"https:\/\/dianasilver.com\/de\/wp-json\/wp\/v2\/media?parent=113177"}],"wp:term":[{"taxonomy":"product_brand","embeddable":true,"href":"https:\/\/dianasilver.com\/de\/wp-json\/wp\/v2\/product_brand?post=113177"},{"taxonomy":"product_cat","embeddable":true,"href":"https:\/\/dianasilver.com\/de\/wp-json\/wp\/v2\/product_cat?post=113177"},{"taxonomy":"product_tag","embeddable":true,"href":"https:\/\/dianasilver.com\/de\/wp-json\/wp\/v2\/product_tag?post=113177"}],"curies":[{"name":"wp","href":"https:\/\/api.w.org\/{rel}","templated":true}]}}