{"id":113032,"date":"2025-05-26T16:05:44","date_gmt":"2025-05-26T14:05:44","guid":{"rendered":"https:\/\/dianasilver.hu\/termek\/silberne-ankh-kreuz-halskette\/"},"modified":"2026-01-16T17:21:05","modified_gmt":"2026-01-16T16:21:05","slug":"silberne-ankh-kreuz-halskette","status":"publish","type":"product","link":"https:\/\/dianasilver.com\/de\/termek\/silberne-ankh-kreuz-halskette\/","title":{"rendered":"Silberne Ankh-Kreuz-Halskette"},"content":{"rendered":"<h2 data-start=\"249\" data-end=\"727\">Silberne Ankh-Kreuz-Halskette &#8211; Gleichgewicht und Spiritualit\u00e4t<\/h2>\n<p data-start=\"249\" data-end=\"727\">Diese Ankh-Kreuz-Halskette aus 925er Sterlingsilber verbindet die Symbolik der alten \u00e4gyptischen Kultur mit der Eleganz modernen Schmuckdesigns. Das Ankh-Kreuz ist ein Symbol f\u00fcr langes Leben, ewige Jugend und Schutz, was diesem Schmuckst\u00fcck eine besondere Bedeutung verleiht. Der Anh\u00e4nger ist mit einer gl\u00e4nzenden, rhodinierten Oberfl\u00e4che versehen, die die feinen Linien des Kreuzes hervorhebt. Die Kettenl\u00e4nge betr\u00e4gt 45+4 cm und ist f\u00fcr eine perfekte Passform verstellbar.<\/p>\n<p data-start=\"729\" data-end=\"766\">\ud83d\udd11 Was symbolisiert das Ankh-Kreuz?<\/p>\n<ul data-start=\"767\" data-end=\"896\">\n<li data-start=\"767\" data-end=\"808\">\n<p data-start=\"769\" data-end=\"808\">Ein Symbol f\u00fcr Leben und Unsterblichkeit.<\/p>\n<\/li>\n<li data-start=\"809\" data-end=\"839\">\n<p data-start=\"811\" data-end=\"839\">Ein Symbol f\u00fcr St\u00e4rke und Schutz.<\/p>\n<\/li>\n<li data-start=\"840\" data-end=\"896\">\n<p data-start=\"842\" data-end=\"896\">Ein Ausdruck von geistigem Gleichgewicht und Lebensfreude.<\/p>\n<\/li>\n<\/ul>\n<p data-start=\"898\" data-end=\"933\">\u2728 Warum sollten Sie diese Halskette w\u00e4hlen?<\/p>\n<ul data-start=\"934\" data-end=\"1228\" data-is-last-node=\"\" data-is-only-node=\"\">\n<li data-start=\"934\" data-end=\"986\">\n<p data-start=\"936\" data-end=\"986\">Hochwertiges AG 925 Silber mit Rhodiumbeschichtung.<\/p>\n<\/li>\n<li data-start=\"987\" data-end=\"1022\">\n<p data-start=\"989\" data-end=\"1022\">Ein klares, symboltr\u00e4chtiges Design.<\/p>\n<\/li>\n<li data-start=\"1023\" data-end=\"1062\">\n<p data-start=\"1025\" data-end=\"1062\">45+4 cm L\u00e4nge, einstellbare Gr\u00f6\u00dfe.<\/p>\n<\/li>\n<li data-start=\"1063\" data-end=\"1228\" data-is-last-node=\"\">\n<p data-start=\"1065\" data-end=\"1228\" data-is-last-node=\"\">Es ist sowohl spirituell als auch modisch.<br data-start=\"1097\" data-end=\"1100\">\ud83c\udf81 Die perfekte Wahl, wenn Sie Schmuck mit einer tieferen Bedeutung m\u00f6gen &#8211; ein St\u00fcck, das nicht nur sch\u00f6n, sondern auch besonders ist! \ud83d\udd11\u2728<\/p>\n<\/li>\n<\/ul>\n","protected":false},"excerpt":{"rendered":"<p>Silberne Halskette mit Ankh-Kreuz-Anh\u00e4nger &#8211; ein Symbol des Lebens und des Schutzes! \u2728<br data-start=\"134\" data-end=\"137\">Die Form des Ankh hat eine zeitlose und tiefgr\u00fcndige Bedeutung und ist die perfekte Erg\u00e4nzung f\u00fcr jedes Set.<\/p>\n","protected":false},"featured_media":104078,"template":"","meta":{"_acf_changed":false},"product_brand":[],"product_cat":[683,679],"product_tag":[577,527,650,576],"class_list":{"0":"post-113032","1":"product","2":"type-product","3":"status-publish","4":"has-post-thumbnail","6":"product_cat-kreuz-halskette","7":"product_cat-silberne-halskette-mit-anhanger","8":"product_tag-ankh-kreuz","9":"product_tag-silberschmuck-fur-damen","10":"product_tag-kinder-silberschmuck","11":"product_tag-spirituell","12":"description-off","14":"first","15":"instock","16":"taxable","17":"shipping-taxable","18":"purchasable","19":"product-type-simple"},"acf":[],"yoast_head":"<!-- This site is optimized with the Yoast SEO plugin v27.4 - https:\/\/yoast.com\/product\/yoast-seo-wordpress\/ -->\n<title>Silberne Ankh-Kreuz-Halskette | Diana Silver<\/title>\n<meta name=\"description\" content=\"Fedezd fel a leny\u0171g\u00f6z\u0151 Silberne Ankh-Kreuz-Halskette \u00e9kszer\u00fcnket. T\u00f6k\u00e9letes kieg\u00e9sz\u00edt\u0151 mindennapi viselethez \u00e9s k\u00fcl\u00f6nleges alkalmakra egyar\u00e1nt. Rendeld meg most!\" \/>\n<meta name=\"robots\" content=\"index, follow, max-snippet:-1, max-image-preview:large, max-video-preview:-1\" \/>\n<link rel=\"canonical\" href=\"https:\/\/dianasilver.com\/de\/termek\/silberne-ankh-kreuz-halskette\/\" \/>\n<meta property=\"og:locale\" content=\"de_DE\" \/>\n<meta property=\"og:type\" content=\"article\" \/>\n<meta property=\"og:title\" content=\"Silberne Ankh-Kreuz-Halskette | Diana Silver\" \/>\n<meta property=\"og:description\" content=\"Fedezd fel a leny\u0171g\u00f6z\u0151 Silberne Ankh-Kreuz-Halskette \u00e9kszer\u00fcnket. T\u00f6k\u00e9letes kieg\u00e9sz\u00edt\u0151 mindennapi viselethez \u00e9s k\u00fcl\u00f6nleges alkalmakra egyar\u00e1nt. Rendeld meg most!\" \/>\n<meta property=\"og:url\" content=\"https:\/\/dianasilver.com\/de\/termek\/silberne-ankh-kreuz-halskette\/\" \/>\n<meta property=\"og:site_name\" content=\"Diana Silver\" \/>\n<meta property=\"article:publisher\" content=\"https:\/\/www.facebook.com\/profile.php?id=100027231325117\" \/>\n<meta property=\"article:modified_time\" content=\"2026-01-16T16:21:05+00:00\" \/>\n<meta property=\"og:image\" content=\"https:\/\/dianasilver.com\/wp-content\/uploads\/2025\/05\/Ezust-Ankh-kereszt-nyaklanc_2.jpg\" \/>\n\t<meta property=\"og:image:width\" content=\"1350\" \/>\n\t<meta property=\"og:image:height\" content=\"1800\" \/>\n\t<meta property=\"og:image:type\" content=\"image\/jpeg\" \/>\n<meta name=\"twitter:card\" content=\"summary_large_image\" \/>\n<meta name=\"twitter:label1\" content=\"Gesch\u00e4tzte Lesezeit\" \/>\n\t<meta name=\"twitter:data1\" content=\"1\u00a0Minute\" \/>\n<script type=\"application\/ld+json\" class=\"yoast-schema-graph\">{\"@context\":\"https:\\\/\\\/schema.org\",\"@graph\":[{\"@type\":\"WebPage\",\"@id\":\"https:\\\/\\\/dianasilver.com\\\/de\\\/termek\\\/silberne-ankh-kreuz-halskette\\\/\",\"url\":\"https:\\\/\\\/dianasilver.com\\\/de\\\/termek\\\/silberne-ankh-kreuz-halskette\\\/\",\"name\":\"Silberne Ankh-Kreuz-Halskette | Diana Silver\",\"isPartOf\":{\"@id\":\"https:\\\/\\\/dianasilver.com\\\/de\\\/#website\"},\"primaryImageOfPage\":{\"@id\":\"https:\\\/\\\/dianasilver.com\\\/de\\\/termek\\\/silberne-ankh-kreuz-halskette\\\/#primaryimage\"},\"image\":{\"@id\":\"https:\\\/\\\/dianasilver.com\\\/de\\\/termek\\\/silberne-ankh-kreuz-halskette\\\/#primaryimage\"},\"thumbnailUrl\":\"https:\\\/\\\/dianasilver.com\\\/wp-content\\\/uploads\\\/2025\\\/05\\\/Ezust-Ankh-kereszt-nyaklanc_2.jpg\",\"datePublished\":\"2025-05-26T14:05:44+00:00\",\"dateModified\":\"2026-01-16T16:21:05+00:00\",\"description\":\"Fedezd fel a leny\u0171g\u00f6z\u0151 Silberne Ankh-Kreuz-Halskette \u00e9kszer\u00fcnket. T\u00f6k\u00e9letes kieg\u00e9sz\u00edt\u0151 mindennapi viselethez \u00e9s k\u00fcl\u00f6nleges alkalmakra egyar\u00e1nt. Rendeld meg most!\",\"breadcrumb\":{\"@id\":\"https:\\\/\\\/dianasilver.com\\\/de\\\/termek\\\/silberne-ankh-kreuz-halskette\\\/#breadcrumb\"},\"inLanguage\":\"de\",\"potentialAction\":[{\"@type\":\"ReadAction\",\"target\":[\"https:\\\/\\\/dianasilver.com\\\/de\\\/termek\\\/silberne-ankh-kreuz-halskette\\\/\"]}]},{\"@type\":\"ImageObject\",\"inLanguage\":\"de\",\"@id\":\"https:\\\/\\\/dianasilver.com\\\/de\\\/termek\\\/silberne-ankh-kreuz-halskette\\\/#primaryimage\",\"url\":\"https:\\\/\\\/dianasilver.com\\\/wp-content\\\/uploads\\\/2025\\\/05\\\/Ezust-Ankh-kereszt-nyaklanc_2.jpg\",\"contentUrl\":\"https:\\\/\\\/dianasilver.com\\\/wp-content\\\/uploads\\\/2025\\\/05\\\/Ezust-Ankh-kereszt-nyaklanc_2.jpg\",\"width\":1350,\"height\":1800,\"caption\":\"Ez\u00fcst Ankh kereszt nyakl\u00e1nc\"},{\"@type\":\"BreadcrumbList\",\"@id\":\"https:\\\/\\\/dianasilver.com\\\/de\\\/termek\\\/silberne-ankh-kreuz-halskette\\\/#breadcrumb\",\"itemListElement\":[{\"@type\":\"ListItem\",\"position\":1,\"name\":\"Kezd\u0151lap\",\"item\":\"https:\\\/\\\/dianasilver.com\\\/de\\\/diana-silver-silberschmuck-webshop\\\/\"},{\"@type\":\"ListItem\",\"position\":2,\"name\":\"Shop\",\"item\":\"https:\\\/\\\/dianasilver.com\\\/de\\\/shop\\\/\"},{\"@type\":\"ListItem\",\"position\":3,\"name\":\"Silberne Ankh-Kreuz-Halskette\"}]},{\"@type\":\"WebSite\",\"@id\":\"https:\\\/\\\/dianasilver.com\\\/de\\\/#website\",\"url\":\"https:\\\/\\\/dianasilver.com\\\/de\\\/\",\"name\":\"Diana Silver\",\"description\":\"Tedd t\u00f6k\u00e9letesebb\u00e9 mindennapjaid a Diana Silver \u00e9kszereivel.\",\"publisher\":{\"@id\":\"https:\\\/\\\/dianasilver.com\\\/de\\\/#organization\"},\"alternateName\":\"Ez\u00fcst \u00c9kszer Web\u00e1ruh\u00e1z\",\"potentialAction\":[{\"@type\":\"SearchAction\",\"target\":{\"@type\":\"EntryPoint\",\"urlTemplate\":\"https:\\\/\\\/dianasilver.com\\\/de\\\/?s={search_term_string}\"},\"query-input\":{\"@type\":\"PropertyValueSpecification\",\"valueRequired\":true,\"valueName\":\"search_term_string\"}}],\"inLanguage\":\"de\"},{\"@type\":\"Organization\",\"@id\":\"https:\\\/\\\/dianasilver.com\\\/de\\\/#organization\",\"name\":\"Diana Silver\",\"url\":\"https:\\\/\\\/dianasilver.com\\\/de\\\/\",\"logo\":{\"@type\":\"ImageObject\",\"inLanguage\":\"de\",\"@id\":\"https:\\\/\\\/dianasilver.com\\\/de\\\/#\\\/schema\\\/logo\\\/image\\\/\",\"url\":\"https:\\\/\\\/dianasilver.com\\\/wp-content\\\/uploads\\\/2022\\\/08\\\/ezust-feher-1-koves-buttonos-stekkeres-fulbevalo-42.webp\",\"contentUrl\":\"https:\\\/\\\/dianasilver.com\\\/wp-content\\\/uploads\\\/2022\\\/08\\\/ezust-feher-1-koves-buttonos-stekkeres-fulbevalo-42.webp\",\"width\":300,\"height\":154,\"caption\":\"Diana Silver\"},\"image\":{\"@id\":\"https:\\\/\\\/dianasilver.com\\\/de\\\/#\\\/schema\\\/logo\\\/image\\\/\"},\"sameAs\":[\"https:\\\/\\\/www.facebook.com\\\/profile.php?id=100027231325117\"]}]}<\/script>\n<!-- \/ Yoast SEO plugin. -->","yoast_head_json":{"title":"Silberne Ankh-Kreuz-Halskette | Diana Silver","description":"Fedezd fel a leny\u0171g\u00f6z\u0151 Silberne Ankh-Kreuz-Halskette \u00e9kszer\u00fcnket. T\u00f6k\u00e9letes kieg\u00e9sz\u00edt\u0151 mindennapi viselethez \u00e9s k\u00fcl\u00f6nleges alkalmakra egyar\u00e1nt. Rendeld meg most!","robots":{"index":"index","follow":"follow","max-snippet":"max-snippet:-1","max-image-preview":"max-image-preview:large","max-video-preview":"max-video-preview:-1"},"canonical":"https:\/\/dianasilver.com\/de\/termek\/silberne-ankh-kreuz-halskette\/","og_locale":"de_DE","og_type":"article","og_title":"Silberne Ankh-Kreuz-Halskette | Diana Silver","og_description":"Fedezd fel a leny\u0171g\u00f6z\u0151 Silberne Ankh-Kreuz-Halskette \u00e9kszer\u00fcnket. T\u00f6k\u00e9letes kieg\u00e9sz\u00edt\u0151 mindennapi viselethez \u00e9s k\u00fcl\u00f6nleges alkalmakra egyar\u00e1nt. Rendeld meg most!","og_url":"https:\/\/dianasilver.com\/de\/termek\/silberne-ankh-kreuz-halskette\/","og_site_name":"Diana Silver","article_publisher":"https:\/\/www.facebook.com\/profile.php?id=100027231325117","article_modified_time":"2026-01-16T16:21:05+00:00","og_image":[{"width":1350,"height":1800,"url":"https:\/\/dianasilver.com\/wp-content\/uploads\/2025\/05\/Ezust-Ankh-kereszt-nyaklanc_2.jpg","type":"image\/jpeg"}],"twitter_card":"summary_large_image","twitter_misc":{"Gesch\u00e4tzte Lesezeit":"1\u00a0Minute"},"schema":{"@context":"https:\/\/schema.org","@graph":[{"@type":"WebPage","@id":"https:\/\/dianasilver.com\/de\/termek\/silberne-ankh-kreuz-halskette\/","url":"https:\/\/dianasilver.com\/de\/termek\/silberne-ankh-kreuz-halskette\/","name":"Silberne Ankh-Kreuz-Halskette | Diana Silver","isPartOf":{"@id":"https:\/\/dianasilver.com\/de\/#website"},"primaryImageOfPage":{"@id":"https:\/\/dianasilver.com\/de\/termek\/silberne-ankh-kreuz-halskette\/#primaryimage"},"image":{"@id":"https:\/\/dianasilver.com\/de\/termek\/silberne-ankh-kreuz-halskette\/#primaryimage"},"thumbnailUrl":"https:\/\/dianasilver.com\/wp-content\/uploads\/2025\/05\/Ezust-Ankh-kereszt-nyaklanc_2.jpg","datePublished":"2025-05-26T14:05:44+00:00","dateModified":"2026-01-16T16:21:05+00:00","description":"Fedezd fel a leny\u0171g\u00f6z\u0151 Silberne Ankh-Kreuz-Halskette \u00e9kszer\u00fcnket. T\u00f6k\u00e9letes kieg\u00e9sz\u00edt\u0151 mindennapi viselethez \u00e9s k\u00fcl\u00f6nleges alkalmakra egyar\u00e1nt. Rendeld meg most!","breadcrumb":{"@id":"https:\/\/dianasilver.com\/de\/termek\/silberne-ankh-kreuz-halskette\/#breadcrumb"},"inLanguage":"de","potentialAction":[{"@type":"ReadAction","target":["https:\/\/dianasilver.com\/de\/termek\/silberne-ankh-kreuz-halskette\/"]}]},{"@type":"ImageObject","inLanguage":"de","@id":"https:\/\/dianasilver.com\/de\/termek\/silberne-ankh-kreuz-halskette\/#primaryimage","url":"https:\/\/dianasilver.com\/wp-content\/uploads\/2025\/05\/Ezust-Ankh-kereszt-nyaklanc_2.jpg","contentUrl":"https:\/\/dianasilver.com\/wp-content\/uploads\/2025\/05\/Ezust-Ankh-kereszt-nyaklanc_2.jpg","width":1350,"height":1800,"caption":"Ez\u00fcst Ankh kereszt nyakl\u00e1nc"},{"@type":"BreadcrumbList","@id":"https:\/\/dianasilver.com\/de\/termek\/silberne-ankh-kreuz-halskette\/#breadcrumb","itemListElement":[{"@type":"ListItem","position":1,"name":"Kezd\u0151lap","item":"https:\/\/dianasilver.com\/de\/diana-silver-silberschmuck-webshop\/"},{"@type":"ListItem","position":2,"name":"Shop","item":"https:\/\/dianasilver.com\/de\/shop\/"},{"@type":"ListItem","position":3,"name":"Silberne Ankh-Kreuz-Halskette"}]},{"@type":"WebSite","@id":"https:\/\/dianasilver.com\/de\/#website","url":"https:\/\/dianasilver.com\/de\/","name":"Diana Silver","description":"Tedd t\u00f6k\u00e9letesebb\u00e9 mindennapjaid a Diana Silver \u00e9kszereivel.","publisher":{"@id":"https:\/\/dianasilver.com\/de\/#organization"},"alternateName":"Ez\u00fcst \u00c9kszer Web\u00e1ruh\u00e1z","potentialAction":[{"@type":"SearchAction","target":{"@type":"EntryPoint","urlTemplate":"https:\/\/dianasilver.com\/de\/?s={search_term_string}"},"query-input":{"@type":"PropertyValueSpecification","valueRequired":true,"valueName":"search_term_string"}}],"inLanguage":"de"},{"@type":"Organization","@id":"https:\/\/dianasilver.com\/de\/#organization","name":"Diana Silver","url":"https:\/\/dianasilver.com\/de\/","logo":{"@type":"ImageObject","inLanguage":"de","@id":"https:\/\/dianasilver.com\/de\/#\/schema\/logo\/image\/","url":"https:\/\/dianasilver.com\/wp-content\/uploads\/2022\/08\/ezust-feher-1-koves-buttonos-stekkeres-fulbevalo-42.webp","contentUrl":"https:\/\/dianasilver.com\/wp-content\/uploads\/2022\/08\/ezust-feher-1-koves-buttonos-stekkeres-fulbevalo-42.webp","width":300,"height":154,"caption":"Diana Silver"},"image":{"@id":"https:\/\/dianasilver.com\/de\/#\/schema\/logo\/image\/"},"sameAs":["https:\/\/www.facebook.com\/profile.php?id=100027231325117"]}]}},"_links":{"self":[{"href":"https:\/\/dianasilver.com\/de\/wp-json\/wp\/v2\/product\/113032","targetHints":{"allow":["GET"]}}],"collection":[{"href":"https:\/\/dianasilver.com\/de\/wp-json\/wp\/v2\/product"}],"about":[{"href":"https:\/\/dianasilver.com\/de\/wp-json\/wp\/v2\/types\/product"}],"version-history":[{"count":0,"href":"https:\/\/dianasilver.com\/de\/wp-json\/wp\/v2\/product\/113032\/revisions"}],"wp:featuredmedia":[{"embeddable":true,"href":"https:\/\/dianasilver.com\/de\/wp-json\/wp\/v2\/media\/104078"}],"wp:attachment":[{"href":"https:\/\/dianasilver.com\/de\/wp-json\/wp\/v2\/media?parent=113032"}],"wp:term":[{"taxonomy":"product_brand","embeddable":true,"href":"https:\/\/dianasilver.com\/de\/wp-json\/wp\/v2\/product_brand?post=113032"},{"taxonomy":"product_cat","embeddable":true,"href":"https:\/\/dianasilver.com\/de\/wp-json\/wp\/v2\/product_cat?post=113032"},{"taxonomy":"product_tag","embeddable":true,"href":"https:\/\/dianasilver.com\/de\/wp-json\/wp\/v2\/product_tag?post=113032"}],"curies":[{"name":"wp","href":"https:\/\/api.w.org\/{rel}","templated":true}]}}