{"id":112987,"date":"2025-05-26T11:33:40","date_gmt":"2025-05-26T09:33:40","guid":{"rendered":"https:\/\/dianasilver.hu\/termek\/silberne-ohrringe-mit-schwarzen-und-weissen-zirkoniasteinen\/"},"modified":"2026-04-09T01:35:05","modified_gmt":"2026-04-08T23:35:05","slug":"silberne-ohrringe-mit-schwarzen-und-weissen-zirkoniasteinen","status":"publish","type":"product","link":"https:\/\/dianasilver.com\/de\/termek\/silberne-ohrringe-mit-schwarzen-und-weissen-zirkoniasteinen\/","title":{"rendered":"Silberne Ohrringe mit schwarzen und wei\u00dfen Zirkoniasteinen"},"content":{"rendered":"<h2 data-start=\"324\" data-end=\"739\">Silberne Ohrringe mit schwarzen und wei\u00dfen Zirkoniasteinen &#8211; klarer Kontrast und eleganter Glanz<\/h2>\n<p data-start=\"324\" data-end=\"739\">Dieser moderne Ohrring aus 925er Sterlingsilber ist mit einzigartigen schwarzen und wei\u00dfen Zirkoniasteinen verziert, die f\u00fcr einen kontrastreichen Look sorgen. Die Kombination aus Schwarz und Wei\u00df sorgt f\u00fcr einen zeitlosen Stil, der zu jeder Gelegenheit passt.<\/p>\n<p data-start=\"741\" data-end=\"992\">\ud83d\udda4 <strong data-start=\"744\" data-end=\"791\">Was symbolisieren Schwarz- und Wei\u00dft\u00f6ne?<\/strong><br data-start=\"791\" data-end=\"794\">&#8211; Schwarz ist die Farbe der St\u00e4rke, des Geheimnisses und der Tiefe.<br data-start=\"844\" data-end=\"847\">&#8211; Wei\u00df ist die Verk\u00f6rperung von Reinheit, Eleganz und Ruhe.<br data-start=\"907\" data-end=\"910\">&#8211; Die Kombination der beiden ist eine kontrastreiche Harmonie, die die Pers\u00f6nlichkeit des Tr\u00e4gers unterstreicht.<\/p>\n<p data-start=\"994\" data-end=\"1294\">\u2728 <strong data-start=\"996\" data-end=\"1031\">Warum sollten Sie sich f\u00fcr diese Ohrringe entscheiden?<\/strong><br data-start=\"1031\" data-end=\"1034\">&#8211; 925er Sterlingsilber mit gl\u00e4nzender Rhodiumbeschichtung.<br data-start=\"1075\" data-end=\"1078\">&#8211; Schwarze und wei\u00dfe Zirkoniasteine im Kontrast.<br data-start=\"1172\" data-end=\"1175\">&#8211; Moderner, schlichter Stil, der sich leicht kombinieren l\u00e4sst.<br data-start=\"1231\" data-end=\"1234\" data-is-only-node=\"\">&#8211; Einzigartiger Look, der jeden Tag zu etwas Besonderem macht.<\/p>\n<p data-start=\"1296\" data-end=\"1368\">\ud83c\udf81 Die perfekte Wahl, wenn Sie mutigen, aber eleganten Schmuck m\u00f6gen! \ud83d\udda4\u2728<\/p>\n","protected":false},"excerpt":{"rendered":"<p>Silberne Creolen mit schwarzen und wei\u00dfen Zirkoniasteinen &#8211; charaktervolle Eleganz und kontrastreiches Funkeln! \u2728<br data-start=\"219\" data-end=\"222\">Die Kombination aus schwarzen und wei\u00dfen Steinen unterstreicht den einzigartigen Stil des Schmucks.<\/p>\n","protected":false},"featured_media":103900,"template":"","meta":{"_acf_changed":false},"product_brand":[],"product_cat":[602,573],"product_tag":[527,634,650],"class_list":{"0":"post-112987","1":"product","2":"type-product","3":"status-publish","4":"has-post-thumbnail","6":"product_cat-silberne-creolen","7":"product_cat-silberne-ohrringe","8":"product_tag-silberschmuck-fur-damen","9":"product_tag-farbenfroh","10":"product_tag-kinder-silberschmuck","11":"description-off","13":"first","14":"instock","15":"sale","16":"taxable","17":"shipping-taxable","18":"purchasable","19":"product-type-simple"},"acf":[],"yoast_head":"<!-- This site is optimized with the Yoast SEO plugin v27.4 - https:\/\/yoast.com\/product\/yoast-seo-wordpress\/ -->\n<title>Silberne Ohrringe mit schwarzen und wei\u00dfen Zirkoniasteinen | Diana Silver<\/title>\n<meta name=\"description\" content=\"Fedezd fel a leny\u0171g\u00f6z\u0151 Silberne Ohrringe mit schwarzen und wei\u00dfen Zirkoniasteinen \u00e9kszer\u00fcnket. T\u00f6k\u00e9letes kieg\u00e9sz\u00edt\u0151 mindennapi viselethez \u00e9s k\u00fcl\u00f6nleges alkalmakra egyar\u00e1nt. Rendeld meg most!\" \/>\n<meta name=\"robots\" content=\"index, follow, max-snippet:-1, max-image-preview:large, max-video-preview:-1\" \/>\n<link rel=\"canonical\" href=\"https:\/\/dianasilver.com\/de\/termek\/silberne-ohrringe-mit-schwarzen-und-weissen-zirkoniasteinen\/\" \/>\n<meta property=\"og:locale\" content=\"de_DE\" \/>\n<meta property=\"og:type\" content=\"article\" \/>\n<meta property=\"og:title\" content=\"Silberne Ohrringe mit schwarzen und wei\u00dfen Zirkoniasteinen | Diana Silver\" \/>\n<meta property=\"og:description\" content=\"Fedezd fel a leny\u0171g\u00f6z\u0151 Silberne Ohrringe mit schwarzen und wei\u00dfen Zirkoniasteinen \u00e9kszer\u00fcnket. T\u00f6k\u00e9letes kieg\u00e9sz\u00edt\u0151 mindennapi viselethez \u00e9s k\u00fcl\u00f6nleges alkalmakra egyar\u00e1nt. Rendeld meg most!\" \/>\n<meta property=\"og:url\" content=\"https:\/\/dianasilver.com\/de\/termek\/silberne-ohrringe-mit-schwarzen-und-weissen-zirkoniasteinen\/\" \/>\n<meta property=\"og:site_name\" content=\"Diana Silver\" \/>\n<meta property=\"article:publisher\" content=\"https:\/\/www.facebook.com\/profile.php?id=100027231325117\" \/>\n<meta property=\"article:modified_time\" content=\"2026-04-08T23:35:05+00:00\" \/>\n<meta property=\"og:image\" content=\"https:\/\/dianasilver.com\/wp-content\/uploads\/2025\/05\/Ezust-fekete-feher-cirkonia-koves-karika-fulbevalo_1.jpg\" \/>\n\t<meta property=\"og:image:width\" content=\"1350\" \/>\n\t<meta property=\"og:image:height\" content=\"1800\" \/>\n\t<meta property=\"og:image:type\" content=\"image\/jpeg\" \/>\n<meta name=\"twitter:card\" content=\"summary_large_image\" \/>\n<meta name=\"twitter:label1\" content=\"Gesch\u00e4tzte Lesezeit\" \/>\n\t<meta name=\"twitter:data1\" content=\"1\u00a0Minute\" \/>\n<script type=\"application\/ld+json\" class=\"yoast-schema-graph\">{\"@context\":\"https:\\\/\\\/schema.org\",\"@graph\":[{\"@type\":\"WebPage\",\"@id\":\"https:\\\/\\\/dianasilver.com\\\/de\\\/termek\\\/silberne-ohrringe-mit-schwarzen-und-weissen-zirkoniasteinen\\\/\",\"url\":\"https:\\\/\\\/dianasilver.com\\\/de\\\/termek\\\/silberne-ohrringe-mit-schwarzen-und-weissen-zirkoniasteinen\\\/\",\"name\":\"Silberne Ohrringe mit schwarzen und wei\u00dfen Zirkoniasteinen | Diana Silver\",\"isPartOf\":{\"@id\":\"https:\\\/\\\/dianasilver.com\\\/de\\\/#website\"},\"primaryImageOfPage\":{\"@id\":\"https:\\\/\\\/dianasilver.com\\\/de\\\/termek\\\/silberne-ohrringe-mit-schwarzen-und-weissen-zirkoniasteinen\\\/#primaryimage\"},\"image\":{\"@id\":\"https:\\\/\\\/dianasilver.com\\\/de\\\/termek\\\/silberne-ohrringe-mit-schwarzen-und-weissen-zirkoniasteinen\\\/#primaryimage\"},\"thumbnailUrl\":\"https:\\\/\\\/dianasilver.com\\\/wp-content\\\/uploads\\\/2025\\\/05\\\/Ezust-fekete-feher-cirkonia-koves-karika-fulbevalo_1.jpg\",\"datePublished\":\"2025-05-26T09:33:40+00:00\",\"dateModified\":\"2026-04-08T23:35:05+00:00\",\"description\":\"Fedezd fel a leny\u0171g\u00f6z\u0151 Silberne Ohrringe mit schwarzen und wei\u00dfen Zirkoniasteinen \u00e9kszer\u00fcnket. T\u00f6k\u00e9letes kieg\u00e9sz\u00edt\u0151 mindennapi viselethez \u00e9s k\u00fcl\u00f6nleges alkalmakra egyar\u00e1nt. Rendeld meg most!\",\"breadcrumb\":{\"@id\":\"https:\\\/\\\/dianasilver.com\\\/de\\\/termek\\\/silberne-ohrringe-mit-schwarzen-und-weissen-zirkoniasteinen\\\/#breadcrumb\"},\"inLanguage\":\"de\",\"potentialAction\":[{\"@type\":\"ReadAction\",\"target\":[\"https:\\\/\\\/dianasilver.com\\\/de\\\/termek\\\/silberne-ohrringe-mit-schwarzen-und-weissen-zirkoniasteinen\\\/\"]}]},{\"@type\":\"ImageObject\",\"inLanguage\":\"de\",\"@id\":\"https:\\\/\\\/dianasilver.com\\\/de\\\/termek\\\/silberne-ohrringe-mit-schwarzen-und-weissen-zirkoniasteinen\\\/#primaryimage\",\"url\":\"https:\\\/\\\/dianasilver.com\\\/wp-content\\\/uploads\\\/2025\\\/05\\\/Ezust-fekete-feher-cirkonia-koves-karika-fulbevalo_1.jpg\",\"contentUrl\":\"https:\\\/\\\/dianasilver.com\\\/wp-content\\\/uploads\\\/2025\\\/05\\\/Ezust-fekete-feher-cirkonia-koves-karika-fulbevalo_1.jpg\",\"width\":1350,\"height\":1800},{\"@type\":\"BreadcrumbList\",\"@id\":\"https:\\\/\\\/dianasilver.com\\\/de\\\/termek\\\/silberne-ohrringe-mit-schwarzen-und-weissen-zirkoniasteinen\\\/#breadcrumb\",\"itemListElement\":[{\"@type\":\"ListItem\",\"position\":1,\"name\":\"Kezd\u0151lap\",\"item\":\"https:\\\/\\\/dianasilver.com\\\/de\\\/diana-silver-silberschmuck-webshop\\\/\"},{\"@type\":\"ListItem\",\"position\":2,\"name\":\"Shop\",\"item\":\"https:\\\/\\\/dianasilver.com\\\/de\\\/shop\\\/\"},{\"@type\":\"ListItem\",\"position\":3,\"name\":\"Silberne Ohrringe mit schwarzen und wei\u00dfen Zirkoniasteinen\"}]},{\"@type\":\"WebSite\",\"@id\":\"https:\\\/\\\/dianasilver.com\\\/de\\\/#website\",\"url\":\"https:\\\/\\\/dianasilver.com\\\/de\\\/\",\"name\":\"Diana Silver\",\"description\":\"Tedd t\u00f6k\u00e9letesebb\u00e9 mindennapjaid a Diana Silver \u00e9kszereivel.\",\"publisher\":{\"@id\":\"https:\\\/\\\/dianasilver.com\\\/de\\\/#organization\"},\"alternateName\":\"Ez\u00fcst \u00c9kszer Web\u00e1ruh\u00e1z\",\"potentialAction\":[{\"@type\":\"SearchAction\",\"target\":{\"@type\":\"EntryPoint\",\"urlTemplate\":\"https:\\\/\\\/dianasilver.com\\\/de\\\/?s={search_term_string}\"},\"query-input\":{\"@type\":\"PropertyValueSpecification\",\"valueRequired\":true,\"valueName\":\"search_term_string\"}}],\"inLanguage\":\"de\"},{\"@type\":\"Organization\",\"@id\":\"https:\\\/\\\/dianasilver.com\\\/de\\\/#organization\",\"name\":\"Diana Silver\",\"url\":\"https:\\\/\\\/dianasilver.com\\\/de\\\/\",\"logo\":{\"@type\":\"ImageObject\",\"inLanguage\":\"de\",\"@id\":\"https:\\\/\\\/dianasilver.com\\\/de\\\/#\\\/schema\\\/logo\\\/image\\\/\",\"url\":\"https:\\\/\\\/dianasilver.com\\\/wp-content\\\/uploads\\\/2022\\\/08\\\/ezust-feher-1-koves-buttonos-stekkeres-fulbevalo-42.webp\",\"contentUrl\":\"https:\\\/\\\/dianasilver.com\\\/wp-content\\\/uploads\\\/2022\\\/08\\\/ezust-feher-1-koves-buttonos-stekkeres-fulbevalo-42.webp\",\"width\":300,\"height\":154,\"caption\":\"Diana Silver\"},\"image\":{\"@id\":\"https:\\\/\\\/dianasilver.com\\\/de\\\/#\\\/schema\\\/logo\\\/image\\\/\"},\"sameAs\":[\"https:\\\/\\\/www.facebook.com\\\/profile.php?id=100027231325117\"]}]}<\/script>\n<!-- \/ Yoast SEO plugin. -->","yoast_head_json":{"title":"Silberne Ohrringe mit schwarzen und wei\u00dfen Zirkoniasteinen | Diana Silver","description":"Fedezd fel a leny\u0171g\u00f6z\u0151 Silberne Ohrringe mit schwarzen und wei\u00dfen Zirkoniasteinen \u00e9kszer\u00fcnket. T\u00f6k\u00e9letes kieg\u00e9sz\u00edt\u0151 mindennapi viselethez \u00e9s k\u00fcl\u00f6nleges alkalmakra egyar\u00e1nt. Rendeld meg most!","robots":{"index":"index","follow":"follow","max-snippet":"max-snippet:-1","max-image-preview":"max-image-preview:large","max-video-preview":"max-video-preview:-1"},"canonical":"https:\/\/dianasilver.com\/de\/termek\/silberne-ohrringe-mit-schwarzen-und-weissen-zirkoniasteinen\/","og_locale":"de_DE","og_type":"article","og_title":"Silberne Ohrringe mit schwarzen und wei\u00dfen Zirkoniasteinen | Diana Silver","og_description":"Fedezd fel a leny\u0171g\u00f6z\u0151 Silberne Ohrringe mit schwarzen und wei\u00dfen Zirkoniasteinen \u00e9kszer\u00fcnket. T\u00f6k\u00e9letes kieg\u00e9sz\u00edt\u0151 mindennapi viselethez \u00e9s k\u00fcl\u00f6nleges alkalmakra egyar\u00e1nt. Rendeld meg most!","og_url":"https:\/\/dianasilver.com\/de\/termek\/silberne-ohrringe-mit-schwarzen-und-weissen-zirkoniasteinen\/","og_site_name":"Diana Silver","article_publisher":"https:\/\/www.facebook.com\/profile.php?id=100027231325117","article_modified_time":"2026-04-08T23:35:05+00:00","og_image":[{"width":1350,"height":1800,"url":"https:\/\/dianasilver.com\/wp-content\/uploads\/2025\/05\/Ezust-fekete-feher-cirkonia-koves-karika-fulbevalo_1.jpg","type":"image\/jpeg"}],"twitter_card":"summary_large_image","twitter_misc":{"Gesch\u00e4tzte Lesezeit":"1\u00a0Minute"},"schema":{"@context":"https:\/\/schema.org","@graph":[{"@type":"WebPage","@id":"https:\/\/dianasilver.com\/de\/termek\/silberne-ohrringe-mit-schwarzen-und-weissen-zirkoniasteinen\/","url":"https:\/\/dianasilver.com\/de\/termek\/silberne-ohrringe-mit-schwarzen-und-weissen-zirkoniasteinen\/","name":"Silberne Ohrringe mit schwarzen und wei\u00dfen Zirkoniasteinen | Diana Silver","isPartOf":{"@id":"https:\/\/dianasilver.com\/de\/#website"},"primaryImageOfPage":{"@id":"https:\/\/dianasilver.com\/de\/termek\/silberne-ohrringe-mit-schwarzen-und-weissen-zirkoniasteinen\/#primaryimage"},"image":{"@id":"https:\/\/dianasilver.com\/de\/termek\/silberne-ohrringe-mit-schwarzen-und-weissen-zirkoniasteinen\/#primaryimage"},"thumbnailUrl":"https:\/\/dianasilver.com\/wp-content\/uploads\/2025\/05\/Ezust-fekete-feher-cirkonia-koves-karika-fulbevalo_1.jpg","datePublished":"2025-05-26T09:33:40+00:00","dateModified":"2026-04-08T23:35:05+00:00","description":"Fedezd fel a leny\u0171g\u00f6z\u0151 Silberne Ohrringe mit schwarzen und wei\u00dfen Zirkoniasteinen \u00e9kszer\u00fcnket. T\u00f6k\u00e9letes kieg\u00e9sz\u00edt\u0151 mindennapi viselethez \u00e9s k\u00fcl\u00f6nleges alkalmakra egyar\u00e1nt. Rendeld meg most!","breadcrumb":{"@id":"https:\/\/dianasilver.com\/de\/termek\/silberne-ohrringe-mit-schwarzen-und-weissen-zirkoniasteinen\/#breadcrumb"},"inLanguage":"de","potentialAction":[{"@type":"ReadAction","target":["https:\/\/dianasilver.com\/de\/termek\/silberne-ohrringe-mit-schwarzen-und-weissen-zirkoniasteinen\/"]}]},{"@type":"ImageObject","inLanguage":"de","@id":"https:\/\/dianasilver.com\/de\/termek\/silberne-ohrringe-mit-schwarzen-und-weissen-zirkoniasteinen\/#primaryimage","url":"https:\/\/dianasilver.com\/wp-content\/uploads\/2025\/05\/Ezust-fekete-feher-cirkonia-koves-karika-fulbevalo_1.jpg","contentUrl":"https:\/\/dianasilver.com\/wp-content\/uploads\/2025\/05\/Ezust-fekete-feher-cirkonia-koves-karika-fulbevalo_1.jpg","width":1350,"height":1800},{"@type":"BreadcrumbList","@id":"https:\/\/dianasilver.com\/de\/termek\/silberne-ohrringe-mit-schwarzen-und-weissen-zirkoniasteinen\/#breadcrumb","itemListElement":[{"@type":"ListItem","position":1,"name":"Kezd\u0151lap","item":"https:\/\/dianasilver.com\/de\/diana-silver-silberschmuck-webshop\/"},{"@type":"ListItem","position":2,"name":"Shop","item":"https:\/\/dianasilver.com\/de\/shop\/"},{"@type":"ListItem","position":3,"name":"Silberne Ohrringe mit schwarzen und wei\u00dfen Zirkoniasteinen"}]},{"@type":"WebSite","@id":"https:\/\/dianasilver.com\/de\/#website","url":"https:\/\/dianasilver.com\/de\/","name":"Diana Silver","description":"Tedd t\u00f6k\u00e9letesebb\u00e9 mindennapjaid a Diana Silver \u00e9kszereivel.","publisher":{"@id":"https:\/\/dianasilver.com\/de\/#organization"},"alternateName":"Ez\u00fcst \u00c9kszer Web\u00e1ruh\u00e1z","potentialAction":[{"@type":"SearchAction","target":{"@type":"EntryPoint","urlTemplate":"https:\/\/dianasilver.com\/de\/?s={search_term_string}"},"query-input":{"@type":"PropertyValueSpecification","valueRequired":true,"valueName":"search_term_string"}}],"inLanguage":"de"},{"@type":"Organization","@id":"https:\/\/dianasilver.com\/de\/#organization","name":"Diana Silver","url":"https:\/\/dianasilver.com\/de\/","logo":{"@type":"ImageObject","inLanguage":"de","@id":"https:\/\/dianasilver.com\/de\/#\/schema\/logo\/image\/","url":"https:\/\/dianasilver.com\/wp-content\/uploads\/2022\/08\/ezust-feher-1-koves-buttonos-stekkeres-fulbevalo-42.webp","contentUrl":"https:\/\/dianasilver.com\/wp-content\/uploads\/2022\/08\/ezust-feher-1-koves-buttonos-stekkeres-fulbevalo-42.webp","width":300,"height":154,"caption":"Diana Silver"},"image":{"@id":"https:\/\/dianasilver.com\/de\/#\/schema\/logo\/image\/"},"sameAs":["https:\/\/www.facebook.com\/profile.php?id=100027231325117"]}]}},"_links":{"self":[{"href":"https:\/\/dianasilver.com\/de\/wp-json\/wp\/v2\/product\/112987","targetHints":{"allow":["GET"]}}],"collection":[{"href":"https:\/\/dianasilver.com\/de\/wp-json\/wp\/v2\/product"}],"about":[{"href":"https:\/\/dianasilver.com\/de\/wp-json\/wp\/v2\/types\/product"}],"version-history":[{"count":0,"href":"https:\/\/dianasilver.com\/de\/wp-json\/wp\/v2\/product\/112987\/revisions"}],"wp:featuredmedia":[{"embeddable":true,"href":"https:\/\/dianasilver.com\/de\/wp-json\/wp\/v2\/media\/103900"}],"wp:attachment":[{"href":"https:\/\/dianasilver.com\/de\/wp-json\/wp\/v2\/media?parent=112987"}],"wp:term":[{"taxonomy":"product_brand","embeddable":true,"href":"https:\/\/dianasilver.com\/de\/wp-json\/wp\/v2\/product_brand?post=112987"},{"taxonomy":"product_cat","embeddable":true,"href":"https:\/\/dianasilver.com\/de\/wp-json\/wp\/v2\/product_cat?post=112987"},{"taxonomy":"product_tag","embeddable":true,"href":"https:\/\/dianasilver.com\/de\/wp-json\/wp\/v2\/product_tag?post=112987"}],"curies":[{"name":"wp","href":"https:\/\/api.w.org\/{rel}","templated":true}]}}