{"id":112981,"date":"2025-05-26T10:50:02","date_gmt":"2025-05-26T08:50:02","guid":{"rendered":"https:\/\/dianasilver.hu\/termek\/silberne-weisse-zirkoniastein-ohrringe-2\/"},"modified":"2026-03-10T00:21:38","modified_gmt":"2026-03-09T23:21:38","slug":"silberne-weisse-zirkoniastein-ohrringe-2","status":"publish","type":"product","link":"https:\/\/dianasilver.com\/de\/termek\/silberne-weisse-zirkoniastein-ohrringe-2\/","title":{"rendered":"Silberne wei\u00dfe Zirkoniastein-Ohrringe"},"content":{"rendered":"<h2 data-start=\"274\" data-end=\"635\">Silberne Zirkoniastein-Ohrringe &#8211; klares Design, elegantes Funkeln<\/h2>\n<p data-start=\"274\" data-end=\"635\">Diese stilvollen Ohrringe aus 925er Sterlingsilber sind mit brillanten Zirkonia-Steinen besetzt, die f\u00fcr ein dezentes Funkeln sorgen. Die gl\u00e4nzende Rhodium-Beschichtung verleiht dem Schmuck Haltbarkeit und Glanz.<\/p>\n<p data-start=\"637\" data-end=\"870\">\ud83d\udc8e <strong data-start=\"640\" data-end=\"694\">Was symbolisieren die Reifenform und die leuchtenden Steine?<\/strong><br data-start=\"694\" data-end=\"697\">&#8211; Ein Symbol f\u00fcr Ewigkeit und Ganzheit.<br data-start=\"742\" data-end=\"745\">&#8211; Funkeln ist ein Ausdruck von Selbstvertrauen und Brillanz.<br data-start=\"798\" data-end=\"801\">&#8211; Die klare Form ist der Inbegriff moderner Eleganz und Weiblichkeit.<\/p>\n<p data-start=\"872\" data-end=\"1174\">\u2728 <strong data-start=\"874\" data-end=\"909\">Warum sollten Sie sich f\u00fcr diese Ohrringe entscheiden?<\/strong><br data-start=\"909\" data-end=\"912\">&#8211; AG 925 Silber mit gl\u00e4nzender Rhodium-Beschichtung.<br data-start=\"953\" data-end=\"956\">&#8211; Funkelnde Zirkonia-Steine mit schlichter Eleganz.<br data-start=\"1059\" data-end=\"1062\">&#8211; Modernes Design, perfekt f\u00fcr den Alltag und legere Anl\u00e4sse.<br data-start=\"1129\" data-end=\"1132\" data-is-only-node=\"\">&#8211; Dezentes Funkeln, das Ihren Stil unterstreicht.<\/p>\n<p data-start=\"1176\" data-end=\"1264\">\ud83c\udf81 \u00dcberraschen Sie sich selbst oder einen geliebten Menschen mit diesen brillanten Zirkonia-Ohrringen! \ud83d\udc8e\u2728<\/p>\n","protected":false},"excerpt":{"rendered":"<p>Silberne Creolen mit Zirkoniasteinen &#8211; Funkeln und moderne Eleganz! \u2728<br data-start=\"176\" data-end=\"179\">Die funkelnden Steine und die klare Form bilden eine perfekte Harmonie.<\/p>\n","protected":false},"featured_media":103820,"template":"","meta":{"_acf_changed":false},"product_brand":[],"product_cat":[602,573],"product_tag":[527,650],"class_list":{"0":"post-112981","1":"product","2":"type-product","3":"status-publish","4":"has-post-thumbnail","6":"product_cat-silberne-creolen","7":"product_cat-silberne-ohrringe","8":"product_tag-silberschmuck-fur-damen","9":"product_tag-kinder-silberschmuck","10":"description-off","12":"first","13":"instock","14":"sale","15":"taxable","16":"shipping-taxable","17":"purchasable","18":"product-type-simple"},"acf":[],"yoast_head":"<!-- This site is optimized with the Yoast SEO plugin v27.4 - https:\/\/yoast.com\/product\/yoast-seo-wordpress\/ -->\n<title>Silberne wei\u00dfe Zirkoniastein-Ohrringe | Diana Silver<\/title>\n<meta name=\"description\" content=\"Fedezd fel a leny\u0171g\u00f6z\u0151 Silberne wei\u00dfe Zirkoniastein-Ohrringe \u00e9kszer\u00fcnket. T\u00f6k\u00e9letes kieg\u00e9sz\u00edt\u0151 mindennapi viselethez \u00e9s k\u00fcl\u00f6nleges alkalmakra egyar\u00e1nt. Rendeld meg most!\" \/>\n<meta name=\"robots\" content=\"index, follow, max-snippet:-1, max-image-preview:large, max-video-preview:-1\" \/>\n<link rel=\"canonical\" href=\"https:\/\/dianasilver.com\/de\/termek\/silberne-weisse-zirkoniastein-ohrringe-2\/\" \/>\n<meta property=\"og:locale\" content=\"de_DE\" \/>\n<meta property=\"og:type\" content=\"article\" \/>\n<meta property=\"og:title\" content=\"Silberne wei\u00dfe Zirkoniastein-Ohrringe | Diana Silver\" \/>\n<meta property=\"og:description\" content=\"Fedezd fel a leny\u0171g\u00f6z\u0151 Silberne wei\u00dfe Zirkoniastein-Ohrringe \u00e9kszer\u00fcnket. T\u00f6k\u00e9letes kieg\u00e9sz\u00edt\u0151 mindennapi viselethez \u00e9s k\u00fcl\u00f6nleges alkalmakra egyar\u00e1nt. Rendeld meg most!\" \/>\n<meta property=\"og:url\" content=\"https:\/\/dianasilver.com\/de\/termek\/silberne-weisse-zirkoniastein-ohrringe-2\/\" \/>\n<meta property=\"og:site_name\" content=\"Diana Silver\" \/>\n<meta property=\"article:publisher\" content=\"https:\/\/www.facebook.com\/profile.php?id=100027231325117\" \/>\n<meta property=\"article:modified_time\" content=\"2026-03-09T23:21:38+00:00\" \/>\n<meta property=\"og:image\" content=\"https:\/\/dianasilver.com\/wp-content\/uploads\/2025\/05\/Ezust-feher-cirkonia-koves-karika-fulbevalo_1-1.jpg\" \/>\n\t<meta property=\"og:image:width\" content=\"1350\" \/>\n\t<meta property=\"og:image:height\" content=\"1800\" \/>\n\t<meta property=\"og:image:type\" content=\"image\/jpeg\" \/>\n<meta name=\"twitter:card\" content=\"summary_large_image\" \/>\n<meta name=\"twitter:label1\" content=\"Gesch\u00e4tzte Lesezeit\" \/>\n\t<meta name=\"twitter:data1\" content=\"1\u00a0Minute\" \/>\n<script type=\"application\/ld+json\" class=\"yoast-schema-graph\">{\"@context\":\"https:\\\/\\\/schema.org\",\"@graph\":[{\"@type\":\"WebPage\",\"@id\":\"https:\\\/\\\/dianasilver.com\\\/de\\\/termek\\\/silberne-weisse-zirkoniastein-ohrringe-2\\\/\",\"url\":\"https:\\\/\\\/dianasilver.com\\\/de\\\/termek\\\/silberne-weisse-zirkoniastein-ohrringe-2\\\/\",\"name\":\"Silberne wei\u00dfe Zirkoniastein-Ohrringe | Diana Silver\",\"isPartOf\":{\"@id\":\"https:\\\/\\\/dianasilver.com\\\/de\\\/#website\"},\"primaryImageOfPage\":{\"@id\":\"https:\\\/\\\/dianasilver.com\\\/de\\\/termek\\\/silberne-weisse-zirkoniastein-ohrringe-2\\\/#primaryimage\"},\"image\":{\"@id\":\"https:\\\/\\\/dianasilver.com\\\/de\\\/termek\\\/silberne-weisse-zirkoniastein-ohrringe-2\\\/#primaryimage\"},\"thumbnailUrl\":\"https:\\\/\\\/dianasilver.com\\\/wp-content\\\/uploads\\\/2025\\\/05\\\/Ezust-feher-cirkonia-koves-karika-fulbevalo_1-1.jpg\",\"datePublished\":\"2025-05-26T08:50:02+00:00\",\"dateModified\":\"2026-03-09T23:21:38+00:00\",\"description\":\"Fedezd fel a leny\u0171g\u00f6z\u0151 Silberne wei\u00dfe Zirkoniastein-Ohrringe \u00e9kszer\u00fcnket. T\u00f6k\u00e9letes kieg\u00e9sz\u00edt\u0151 mindennapi viselethez \u00e9s k\u00fcl\u00f6nleges alkalmakra egyar\u00e1nt. Rendeld meg most!\",\"breadcrumb\":{\"@id\":\"https:\\\/\\\/dianasilver.com\\\/de\\\/termek\\\/silberne-weisse-zirkoniastein-ohrringe-2\\\/#breadcrumb\"},\"inLanguage\":\"de\",\"potentialAction\":[{\"@type\":\"ReadAction\",\"target\":[\"https:\\\/\\\/dianasilver.com\\\/de\\\/termek\\\/silberne-weisse-zirkoniastein-ohrringe-2\\\/\"]}]},{\"@type\":\"ImageObject\",\"inLanguage\":\"de\",\"@id\":\"https:\\\/\\\/dianasilver.com\\\/de\\\/termek\\\/silberne-weisse-zirkoniastein-ohrringe-2\\\/#primaryimage\",\"url\":\"https:\\\/\\\/dianasilver.com\\\/wp-content\\\/uploads\\\/2025\\\/05\\\/Ezust-feher-cirkonia-koves-karika-fulbevalo_1-1.jpg\",\"contentUrl\":\"https:\\\/\\\/dianasilver.com\\\/wp-content\\\/uploads\\\/2025\\\/05\\\/Ezust-feher-cirkonia-koves-karika-fulbevalo_1-1.jpg\",\"width\":1350,\"height\":1800},{\"@type\":\"BreadcrumbList\",\"@id\":\"https:\\\/\\\/dianasilver.com\\\/de\\\/termek\\\/silberne-weisse-zirkoniastein-ohrringe-2\\\/#breadcrumb\",\"itemListElement\":[{\"@type\":\"ListItem\",\"position\":1,\"name\":\"Kezd\u0151lap\",\"item\":\"https:\\\/\\\/dianasilver.com\\\/de\\\/diana-silver-silberschmuck-webshop\\\/\"},{\"@type\":\"ListItem\",\"position\":2,\"name\":\"Shop\",\"item\":\"https:\\\/\\\/dianasilver.com\\\/de\\\/shop\\\/\"},{\"@type\":\"ListItem\",\"position\":3,\"name\":\"Silberne wei\u00dfe Zirkoniastein-Ohrringe\"}]},{\"@type\":\"WebSite\",\"@id\":\"https:\\\/\\\/dianasilver.com\\\/de\\\/#website\",\"url\":\"https:\\\/\\\/dianasilver.com\\\/de\\\/\",\"name\":\"Diana Silver\",\"description\":\"Tedd t\u00f6k\u00e9letesebb\u00e9 mindennapjaid a Diana Silver \u00e9kszereivel.\",\"publisher\":{\"@id\":\"https:\\\/\\\/dianasilver.com\\\/de\\\/#organization\"},\"alternateName\":\"Ez\u00fcst \u00c9kszer Web\u00e1ruh\u00e1z\",\"potentialAction\":[{\"@type\":\"SearchAction\",\"target\":{\"@type\":\"EntryPoint\",\"urlTemplate\":\"https:\\\/\\\/dianasilver.com\\\/de\\\/?s={search_term_string}\"},\"query-input\":{\"@type\":\"PropertyValueSpecification\",\"valueRequired\":true,\"valueName\":\"search_term_string\"}}],\"inLanguage\":\"de\"},{\"@type\":\"Organization\",\"@id\":\"https:\\\/\\\/dianasilver.com\\\/de\\\/#organization\",\"name\":\"Diana Silver\",\"url\":\"https:\\\/\\\/dianasilver.com\\\/de\\\/\",\"logo\":{\"@type\":\"ImageObject\",\"inLanguage\":\"de\",\"@id\":\"https:\\\/\\\/dianasilver.com\\\/de\\\/#\\\/schema\\\/logo\\\/image\\\/\",\"url\":\"https:\\\/\\\/dianasilver.com\\\/wp-content\\\/uploads\\\/2022\\\/08\\\/ezust-feher-1-koves-buttonos-stekkeres-fulbevalo-42.webp\",\"contentUrl\":\"https:\\\/\\\/dianasilver.com\\\/wp-content\\\/uploads\\\/2022\\\/08\\\/ezust-feher-1-koves-buttonos-stekkeres-fulbevalo-42.webp\",\"width\":300,\"height\":154,\"caption\":\"Diana Silver\"},\"image\":{\"@id\":\"https:\\\/\\\/dianasilver.com\\\/de\\\/#\\\/schema\\\/logo\\\/image\\\/\"},\"sameAs\":[\"https:\\\/\\\/www.facebook.com\\\/profile.php?id=100027231325117\"]}]}<\/script>\n<!-- \/ Yoast SEO plugin. -->","yoast_head_json":{"title":"Silberne wei\u00dfe Zirkoniastein-Ohrringe | Diana Silver","description":"Fedezd fel a leny\u0171g\u00f6z\u0151 Silberne wei\u00dfe Zirkoniastein-Ohrringe \u00e9kszer\u00fcnket. T\u00f6k\u00e9letes kieg\u00e9sz\u00edt\u0151 mindennapi viselethez \u00e9s k\u00fcl\u00f6nleges alkalmakra egyar\u00e1nt. Rendeld meg most!","robots":{"index":"index","follow":"follow","max-snippet":"max-snippet:-1","max-image-preview":"max-image-preview:large","max-video-preview":"max-video-preview:-1"},"canonical":"https:\/\/dianasilver.com\/de\/termek\/silberne-weisse-zirkoniastein-ohrringe-2\/","og_locale":"de_DE","og_type":"article","og_title":"Silberne wei\u00dfe Zirkoniastein-Ohrringe | Diana Silver","og_description":"Fedezd fel a leny\u0171g\u00f6z\u0151 Silberne wei\u00dfe Zirkoniastein-Ohrringe \u00e9kszer\u00fcnket. T\u00f6k\u00e9letes kieg\u00e9sz\u00edt\u0151 mindennapi viselethez \u00e9s k\u00fcl\u00f6nleges alkalmakra egyar\u00e1nt. Rendeld meg most!","og_url":"https:\/\/dianasilver.com\/de\/termek\/silberne-weisse-zirkoniastein-ohrringe-2\/","og_site_name":"Diana Silver","article_publisher":"https:\/\/www.facebook.com\/profile.php?id=100027231325117","article_modified_time":"2026-03-09T23:21:38+00:00","og_image":[{"width":1350,"height":1800,"url":"https:\/\/dianasilver.com\/wp-content\/uploads\/2025\/05\/Ezust-feher-cirkonia-koves-karika-fulbevalo_1-1.jpg","type":"image\/jpeg"}],"twitter_card":"summary_large_image","twitter_misc":{"Gesch\u00e4tzte Lesezeit":"1\u00a0Minute"},"schema":{"@context":"https:\/\/schema.org","@graph":[{"@type":"WebPage","@id":"https:\/\/dianasilver.com\/de\/termek\/silberne-weisse-zirkoniastein-ohrringe-2\/","url":"https:\/\/dianasilver.com\/de\/termek\/silberne-weisse-zirkoniastein-ohrringe-2\/","name":"Silberne wei\u00dfe Zirkoniastein-Ohrringe | Diana Silver","isPartOf":{"@id":"https:\/\/dianasilver.com\/de\/#website"},"primaryImageOfPage":{"@id":"https:\/\/dianasilver.com\/de\/termek\/silberne-weisse-zirkoniastein-ohrringe-2\/#primaryimage"},"image":{"@id":"https:\/\/dianasilver.com\/de\/termek\/silberne-weisse-zirkoniastein-ohrringe-2\/#primaryimage"},"thumbnailUrl":"https:\/\/dianasilver.com\/wp-content\/uploads\/2025\/05\/Ezust-feher-cirkonia-koves-karika-fulbevalo_1-1.jpg","datePublished":"2025-05-26T08:50:02+00:00","dateModified":"2026-03-09T23:21:38+00:00","description":"Fedezd fel a leny\u0171g\u00f6z\u0151 Silberne wei\u00dfe Zirkoniastein-Ohrringe \u00e9kszer\u00fcnket. T\u00f6k\u00e9letes kieg\u00e9sz\u00edt\u0151 mindennapi viselethez \u00e9s k\u00fcl\u00f6nleges alkalmakra egyar\u00e1nt. Rendeld meg most!","breadcrumb":{"@id":"https:\/\/dianasilver.com\/de\/termek\/silberne-weisse-zirkoniastein-ohrringe-2\/#breadcrumb"},"inLanguage":"de","potentialAction":[{"@type":"ReadAction","target":["https:\/\/dianasilver.com\/de\/termek\/silberne-weisse-zirkoniastein-ohrringe-2\/"]}]},{"@type":"ImageObject","inLanguage":"de","@id":"https:\/\/dianasilver.com\/de\/termek\/silberne-weisse-zirkoniastein-ohrringe-2\/#primaryimage","url":"https:\/\/dianasilver.com\/wp-content\/uploads\/2025\/05\/Ezust-feher-cirkonia-koves-karika-fulbevalo_1-1.jpg","contentUrl":"https:\/\/dianasilver.com\/wp-content\/uploads\/2025\/05\/Ezust-feher-cirkonia-koves-karika-fulbevalo_1-1.jpg","width":1350,"height":1800},{"@type":"BreadcrumbList","@id":"https:\/\/dianasilver.com\/de\/termek\/silberne-weisse-zirkoniastein-ohrringe-2\/#breadcrumb","itemListElement":[{"@type":"ListItem","position":1,"name":"Kezd\u0151lap","item":"https:\/\/dianasilver.com\/de\/diana-silver-silberschmuck-webshop\/"},{"@type":"ListItem","position":2,"name":"Shop","item":"https:\/\/dianasilver.com\/de\/shop\/"},{"@type":"ListItem","position":3,"name":"Silberne wei\u00dfe Zirkoniastein-Ohrringe"}]},{"@type":"WebSite","@id":"https:\/\/dianasilver.com\/de\/#website","url":"https:\/\/dianasilver.com\/de\/","name":"Diana Silver","description":"Tedd t\u00f6k\u00e9letesebb\u00e9 mindennapjaid a Diana Silver \u00e9kszereivel.","publisher":{"@id":"https:\/\/dianasilver.com\/de\/#organization"},"alternateName":"Ez\u00fcst \u00c9kszer Web\u00e1ruh\u00e1z","potentialAction":[{"@type":"SearchAction","target":{"@type":"EntryPoint","urlTemplate":"https:\/\/dianasilver.com\/de\/?s={search_term_string}"},"query-input":{"@type":"PropertyValueSpecification","valueRequired":true,"valueName":"search_term_string"}}],"inLanguage":"de"},{"@type":"Organization","@id":"https:\/\/dianasilver.com\/de\/#organization","name":"Diana Silver","url":"https:\/\/dianasilver.com\/de\/","logo":{"@type":"ImageObject","inLanguage":"de","@id":"https:\/\/dianasilver.com\/de\/#\/schema\/logo\/image\/","url":"https:\/\/dianasilver.com\/wp-content\/uploads\/2022\/08\/ezust-feher-1-koves-buttonos-stekkeres-fulbevalo-42.webp","contentUrl":"https:\/\/dianasilver.com\/wp-content\/uploads\/2022\/08\/ezust-feher-1-koves-buttonos-stekkeres-fulbevalo-42.webp","width":300,"height":154,"caption":"Diana Silver"},"image":{"@id":"https:\/\/dianasilver.com\/de\/#\/schema\/logo\/image\/"},"sameAs":["https:\/\/www.facebook.com\/profile.php?id=100027231325117"]}]}},"_links":{"self":[{"href":"https:\/\/dianasilver.com\/de\/wp-json\/wp\/v2\/product\/112981","targetHints":{"allow":["GET"]}}],"collection":[{"href":"https:\/\/dianasilver.com\/de\/wp-json\/wp\/v2\/product"}],"about":[{"href":"https:\/\/dianasilver.com\/de\/wp-json\/wp\/v2\/types\/product"}],"version-history":[{"count":0,"href":"https:\/\/dianasilver.com\/de\/wp-json\/wp\/v2\/product\/112981\/revisions"}],"wp:featuredmedia":[{"embeddable":true,"href":"https:\/\/dianasilver.com\/de\/wp-json\/wp\/v2\/media\/103820"}],"wp:attachment":[{"href":"https:\/\/dianasilver.com\/de\/wp-json\/wp\/v2\/media?parent=112981"}],"wp:term":[{"taxonomy":"product_brand","embeddable":true,"href":"https:\/\/dianasilver.com\/de\/wp-json\/wp\/v2\/product_brand?post=112981"},{"taxonomy":"product_cat","embeddable":true,"href":"https:\/\/dianasilver.com\/de\/wp-json\/wp\/v2\/product_cat?post=112981"},{"taxonomy":"product_tag","embeddable":true,"href":"https:\/\/dianasilver.com\/de\/wp-json\/wp\/v2\/product_tag?post=112981"}],"curies":[{"name":"wp","href":"https:\/\/api.w.org\/{rel}","templated":true}]}}