{"id":112974,"date":"2025-05-22T17:45:22","date_gmt":"2025-05-22T15:45:22","guid":{"rendered":"https:\/\/dianasilver.hu\/termek\/paw-in-my-heart-silberanhaenger\/"},"modified":"2026-04-15T01:41:05","modified_gmt":"2026-04-14T23:41:05","slug":"paw-in-my-heart-silberanhaenger","status":"publish","type":"product","link":"https:\/\/dianasilver.com\/de\/termek\/paw-in-my-heart-silberanhaenger\/","title":{"rendered":"Paw in my heart Silberanh\u00e4nger"},"content":{"rendered":"<h2 data-start=\"550\" data-end=\"875\"><strong data-start=\"550\" data-end=\"736\">Dieser besondere herzf\u00f6rmige Anh\u00e4nger ist mit einem winzigen Zirkonia-Pfotenabdruck verziert &#8211; ein Symbol f\u00fcr die tiefe, bedingungslose Liebe, die nur ein Haustier geben kann.<\/strong><\/h2>\n<p data-start=\"550\" data-end=\"875\">Die zart geschwungene Form und die brillanten Details ziehen die Blicke auf sich &#8211; ob f\u00fcr den t\u00e4glichen Gebrauch oder als Geschenk, das von Herzen kommt.<\/p>\n<p data-start=\"877\" data-end=\"1030\">\ud83d\udc3e <strong data-start=\"880\" data-end=\"904\">Was sagt dieser Anh\u00e4nger aus?<\/strong><br data-start=\"904\" data-end=\"907\">&#8211; Loyalit\u00e4t und Zuneigung<br data-start=\"934\" data-end=\"937\">&#8211; Die stille Sprache der Tierliebe<br data-start=\"971\" data-end=\"974\">&#8211; Ein kleiner Pfotenabdruck, den Sie immer in Ihrem Herzen tragen werden<\/p>\n<p data-start=\"1032\" data-end=\"1379\">\ud83d\udc96 <strong data-start=\"1035\" data-end=\"1056\">Warum ist es etwas Besonderes?<\/strong><br data-start=\"1056\" data-end=\"1059\">&#8211; <strong data-start=\"1061\" data-end=\"1094\">Aus echtem AG925 Silber<\/strong> &#8211; elegantes, zeitloses Funkeln<br data-start=\"1124\" data-end=\"1127\">&#8211; <strong data-start=\"1129\" data-end=\"1156\">Zirkonia Pf\u00f6tchen Ornament<\/strong> &#8211; verspieltes und doch herzliches Detail<br data-start=\"1195\" data-end=\"1198\">&#8211; <strong data-start=\"1200\" data-end=\"1230\">Hypoallergene Rhodiumbeschichtung<\/strong> &#8211; sch\u00fctzt die Haut vor Irritationen, sch\u00fctzt den Schmuck vor Verf\u00e4rbung und Oxidation<br data-start=\"1314\" data-end=\"1317\">&#8211; <strong data-start=\"1319\" data-end=\"1340\">Perfektes Geschenk<\/strong> &#8211; ber\u00fchrt das Herz eines jeden Tierliebhabers<\/p>\n<p data-start=\"1381\" data-end=\"1530\">\ud83c\udf81 O <strong data-start=\"1384\" data-end=\"1523\">b als wertvolles Andenken oder als zartes St\u00fcck, das Sie jeden Tag tragen, der Anh\u00e4nger Paws in My Heart ist eine lebenslange Verbindung.<\/strong> \ud83d\udc36\ud83d\udc31\ud83d\udc96<\/p>\n","protected":false},"excerpt":{"rendered":"<p>Ein Herz voller Liebe&#8230; und eine kleine Pfote darin. \ud83d\udc3e Dieser sch\u00f6ne Silberanh\u00e4nger wurde f\u00fcr diejenigen gemacht, die einem vierbeinigen Freund f\u00fcr immer einen Platz in ihrem Herzen gegeben haben. \ud83d\udc96<\/p>\n","protected":false},"featured_media":103704,"template":"","meta":{"_acf_changed":false},"product_brand":[],"product_cat":[616],"product_tag":[527,633,650,628],"class_list":{"0":"post-112974","1":"product","2":"type-product","3":"status-publish","4":"has-post-thumbnail","6":"product_cat-silberne-anhanger","7":"product_tag-silberschmuck-fur-damen","8":"product_tag-herz","9":"product_tag-kinder-silberschmuck","10":"product_tag-tiermotiv","11":"description-off","13":"first","14":"instock","15":"sale","16":"taxable","17":"shipping-taxable","18":"purchasable","19":"product-type-simple"},"acf":[],"yoast_head":"<!-- This site is optimized with the Yoast SEO plugin v27.4 - https:\/\/yoast.com\/product\/yoast-seo-wordpress\/ -->\n<title>Paw in my heart Silberanh\u00e4nger | Diana Silver<\/title>\n<meta name=\"description\" content=\"Fedezd fel a leny\u0171g\u00f6z\u0151 Paw in my heart Silberanh\u00e4nger \u00e9kszer\u00fcnket. T\u00f6k\u00e9letes kieg\u00e9sz\u00edt\u0151 mindennapi viselethez \u00e9s k\u00fcl\u00f6nleges alkalmakra egyar\u00e1nt. Rendeld meg most!\" \/>\n<meta name=\"robots\" content=\"index, follow, max-snippet:-1, max-image-preview:large, max-video-preview:-1\" \/>\n<link rel=\"canonical\" href=\"https:\/\/dianasilver.com\/de\/termek\/paw-in-my-heart-silberanhaenger\/\" \/>\n<meta property=\"og:locale\" content=\"de_DE\" \/>\n<meta property=\"og:type\" content=\"article\" \/>\n<meta property=\"og:title\" content=\"Paw in my heart Silberanh\u00e4nger | Diana Silver\" \/>\n<meta property=\"og:description\" content=\"Fedezd fel a leny\u0171g\u00f6z\u0151 Paw in my heart Silberanh\u00e4nger \u00e9kszer\u00fcnket. T\u00f6k\u00e9letes kieg\u00e9sz\u00edt\u0151 mindennapi viselethez \u00e9s k\u00fcl\u00f6nleges alkalmakra egyar\u00e1nt. Rendeld meg most!\" \/>\n<meta property=\"og:url\" content=\"https:\/\/dianasilver.com\/de\/termek\/paw-in-my-heart-silberanhaenger\/\" \/>\n<meta property=\"og:site_name\" content=\"Diana Silver\" \/>\n<meta property=\"article:publisher\" content=\"https:\/\/www.facebook.com\/profile.php?id=100027231325117\" \/>\n<meta property=\"article:modified_time\" content=\"2026-04-14T23:41:05+00:00\" \/>\n<meta property=\"og:image\" content=\"https:\/\/dianasilver.com\/wp-content\/uploads\/2025\/05\/Mancs-a-szivemben-ezust-medal_1.jpg\" \/>\n\t<meta property=\"og:image:width\" content=\"1321\" \/>\n\t<meta property=\"og:image:height\" content=\"1112\" \/>\n\t<meta property=\"og:image:type\" content=\"image\/jpeg\" \/>\n<meta name=\"twitter:card\" content=\"summary_large_image\" \/>\n<meta name=\"twitter:label1\" content=\"Gesch\u00e4tzte Lesezeit\" \/>\n\t<meta name=\"twitter:data1\" content=\"1\u00a0Minute\" \/>\n<script type=\"application\/ld+json\" class=\"yoast-schema-graph\">{\"@context\":\"https:\\\/\\\/schema.org\",\"@graph\":[{\"@type\":\"WebPage\",\"@id\":\"https:\\\/\\\/dianasilver.com\\\/de\\\/termek\\\/paw-in-my-heart-silberanhaenger\\\/\",\"url\":\"https:\\\/\\\/dianasilver.com\\\/de\\\/termek\\\/paw-in-my-heart-silberanhaenger\\\/\",\"name\":\"Paw in my heart Silberanh\u00e4nger | Diana Silver\",\"isPartOf\":{\"@id\":\"https:\\\/\\\/dianasilver.com\\\/de\\\/#website\"},\"primaryImageOfPage\":{\"@id\":\"https:\\\/\\\/dianasilver.com\\\/de\\\/termek\\\/paw-in-my-heart-silberanhaenger\\\/#primaryimage\"},\"image\":{\"@id\":\"https:\\\/\\\/dianasilver.com\\\/de\\\/termek\\\/paw-in-my-heart-silberanhaenger\\\/#primaryimage\"},\"thumbnailUrl\":\"https:\\\/\\\/dianasilver.com\\\/wp-content\\\/uploads\\\/2025\\\/05\\\/Mancs-a-szivemben-ezust-medal_1.jpg\",\"datePublished\":\"2025-05-22T15:45:22+00:00\",\"dateModified\":\"2026-04-14T23:41:05+00:00\",\"description\":\"Fedezd fel a leny\u0171g\u00f6z\u0151 Paw in my heart Silberanh\u00e4nger \u00e9kszer\u00fcnket. T\u00f6k\u00e9letes kieg\u00e9sz\u00edt\u0151 mindennapi viselethez \u00e9s k\u00fcl\u00f6nleges alkalmakra egyar\u00e1nt. Rendeld meg most!\",\"breadcrumb\":{\"@id\":\"https:\\\/\\\/dianasilver.com\\\/de\\\/termek\\\/paw-in-my-heart-silberanhaenger\\\/#breadcrumb\"},\"inLanguage\":\"de\",\"potentialAction\":[{\"@type\":\"ReadAction\",\"target\":[\"https:\\\/\\\/dianasilver.com\\\/de\\\/termek\\\/paw-in-my-heart-silberanhaenger\\\/\"]}]},{\"@type\":\"ImageObject\",\"inLanguage\":\"de\",\"@id\":\"https:\\\/\\\/dianasilver.com\\\/de\\\/termek\\\/paw-in-my-heart-silberanhaenger\\\/#primaryimage\",\"url\":\"https:\\\/\\\/dianasilver.com\\\/wp-content\\\/uploads\\\/2025\\\/05\\\/Mancs-a-szivemben-ezust-medal_1.jpg\",\"contentUrl\":\"https:\\\/\\\/dianasilver.com\\\/wp-content\\\/uploads\\\/2025\\\/05\\\/Mancs-a-szivemben-ezust-medal_1.jpg\",\"width\":1321,\"height\":1112},{\"@type\":\"BreadcrumbList\",\"@id\":\"https:\\\/\\\/dianasilver.com\\\/de\\\/termek\\\/paw-in-my-heart-silberanhaenger\\\/#breadcrumb\",\"itemListElement\":[{\"@type\":\"ListItem\",\"position\":1,\"name\":\"Kezd\u0151lap\",\"item\":\"https:\\\/\\\/dianasilver.com\\\/de\\\/diana-silver-silberschmuck-webshop\\\/\"},{\"@type\":\"ListItem\",\"position\":2,\"name\":\"Shop\",\"item\":\"https:\\\/\\\/dianasilver.com\\\/de\\\/shop\\\/\"},{\"@type\":\"ListItem\",\"position\":3,\"name\":\"Paw in my heart Silberanh\u00e4nger\"}]},{\"@type\":\"WebSite\",\"@id\":\"https:\\\/\\\/dianasilver.com\\\/de\\\/#website\",\"url\":\"https:\\\/\\\/dianasilver.com\\\/de\\\/\",\"name\":\"Diana Silver\",\"description\":\"Tedd t\u00f6k\u00e9letesebb\u00e9 mindennapjaid a Diana Silver \u00e9kszereivel.\",\"publisher\":{\"@id\":\"https:\\\/\\\/dianasilver.com\\\/de\\\/#organization\"},\"alternateName\":\"Ez\u00fcst \u00c9kszer Web\u00e1ruh\u00e1z\",\"potentialAction\":[{\"@type\":\"SearchAction\",\"target\":{\"@type\":\"EntryPoint\",\"urlTemplate\":\"https:\\\/\\\/dianasilver.com\\\/de\\\/?s={search_term_string}\"},\"query-input\":{\"@type\":\"PropertyValueSpecification\",\"valueRequired\":true,\"valueName\":\"search_term_string\"}}],\"inLanguage\":\"de\"},{\"@type\":\"Organization\",\"@id\":\"https:\\\/\\\/dianasilver.com\\\/de\\\/#organization\",\"name\":\"Diana Silver\",\"url\":\"https:\\\/\\\/dianasilver.com\\\/de\\\/\",\"logo\":{\"@type\":\"ImageObject\",\"inLanguage\":\"de\",\"@id\":\"https:\\\/\\\/dianasilver.com\\\/de\\\/#\\\/schema\\\/logo\\\/image\\\/\",\"url\":\"https:\\\/\\\/dianasilver.com\\\/wp-content\\\/uploads\\\/2022\\\/08\\\/ezust-feher-1-koves-buttonos-stekkeres-fulbevalo-42.webp\",\"contentUrl\":\"https:\\\/\\\/dianasilver.com\\\/wp-content\\\/uploads\\\/2022\\\/08\\\/ezust-feher-1-koves-buttonos-stekkeres-fulbevalo-42.webp\",\"width\":300,\"height\":154,\"caption\":\"Diana Silver\"},\"image\":{\"@id\":\"https:\\\/\\\/dianasilver.com\\\/de\\\/#\\\/schema\\\/logo\\\/image\\\/\"},\"sameAs\":[\"https:\\\/\\\/www.facebook.com\\\/profile.php?id=100027231325117\"]}]}<\/script>\n<!-- \/ Yoast SEO plugin. -->","yoast_head_json":{"title":"Paw in my heart Silberanh\u00e4nger | Diana Silver","description":"Fedezd fel a leny\u0171g\u00f6z\u0151 Paw in my heart Silberanh\u00e4nger \u00e9kszer\u00fcnket. T\u00f6k\u00e9letes kieg\u00e9sz\u00edt\u0151 mindennapi viselethez \u00e9s k\u00fcl\u00f6nleges alkalmakra egyar\u00e1nt. Rendeld meg most!","robots":{"index":"index","follow":"follow","max-snippet":"max-snippet:-1","max-image-preview":"max-image-preview:large","max-video-preview":"max-video-preview:-1"},"canonical":"https:\/\/dianasilver.com\/de\/termek\/paw-in-my-heart-silberanhaenger\/","og_locale":"de_DE","og_type":"article","og_title":"Paw in my heart Silberanh\u00e4nger | Diana Silver","og_description":"Fedezd fel a leny\u0171g\u00f6z\u0151 Paw in my heart Silberanh\u00e4nger \u00e9kszer\u00fcnket. T\u00f6k\u00e9letes kieg\u00e9sz\u00edt\u0151 mindennapi viselethez \u00e9s k\u00fcl\u00f6nleges alkalmakra egyar\u00e1nt. Rendeld meg most!","og_url":"https:\/\/dianasilver.com\/de\/termek\/paw-in-my-heart-silberanhaenger\/","og_site_name":"Diana Silver","article_publisher":"https:\/\/www.facebook.com\/profile.php?id=100027231325117","article_modified_time":"2026-04-14T23:41:05+00:00","og_image":[{"width":1321,"height":1112,"url":"https:\/\/dianasilver.com\/wp-content\/uploads\/2025\/05\/Mancs-a-szivemben-ezust-medal_1.jpg","type":"image\/jpeg"}],"twitter_card":"summary_large_image","twitter_misc":{"Gesch\u00e4tzte Lesezeit":"1\u00a0Minute"},"schema":{"@context":"https:\/\/schema.org","@graph":[{"@type":"WebPage","@id":"https:\/\/dianasilver.com\/de\/termek\/paw-in-my-heart-silberanhaenger\/","url":"https:\/\/dianasilver.com\/de\/termek\/paw-in-my-heart-silberanhaenger\/","name":"Paw in my heart Silberanh\u00e4nger | Diana Silver","isPartOf":{"@id":"https:\/\/dianasilver.com\/de\/#website"},"primaryImageOfPage":{"@id":"https:\/\/dianasilver.com\/de\/termek\/paw-in-my-heart-silberanhaenger\/#primaryimage"},"image":{"@id":"https:\/\/dianasilver.com\/de\/termek\/paw-in-my-heart-silberanhaenger\/#primaryimage"},"thumbnailUrl":"https:\/\/dianasilver.com\/wp-content\/uploads\/2025\/05\/Mancs-a-szivemben-ezust-medal_1.jpg","datePublished":"2025-05-22T15:45:22+00:00","dateModified":"2026-04-14T23:41:05+00:00","description":"Fedezd fel a leny\u0171g\u00f6z\u0151 Paw in my heart Silberanh\u00e4nger \u00e9kszer\u00fcnket. T\u00f6k\u00e9letes kieg\u00e9sz\u00edt\u0151 mindennapi viselethez \u00e9s k\u00fcl\u00f6nleges alkalmakra egyar\u00e1nt. Rendeld meg most!","breadcrumb":{"@id":"https:\/\/dianasilver.com\/de\/termek\/paw-in-my-heart-silberanhaenger\/#breadcrumb"},"inLanguage":"de","potentialAction":[{"@type":"ReadAction","target":["https:\/\/dianasilver.com\/de\/termek\/paw-in-my-heart-silberanhaenger\/"]}]},{"@type":"ImageObject","inLanguage":"de","@id":"https:\/\/dianasilver.com\/de\/termek\/paw-in-my-heart-silberanhaenger\/#primaryimage","url":"https:\/\/dianasilver.com\/wp-content\/uploads\/2025\/05\/Mancs-a-szivemben-ezust-medal_1.jpg","contentUrl":"https:\/\/dianasilver.com\/wp-content\/uploads\/2025\/05\/Mancs-a-szivemben-ezust-medal_1.jpg","width":1321,"height":1112},{"@type":"BreadcrumbList","@id":"https:\/\/dianasilver.com\/de\/termek\/paw-in-my-heart-silberanhaenger\/#breadcrumb","itemListElement":[{"@type":"ListItem","position":1,"name":"Kezd\u0151lap","item":"https:\/\/dianasilver.com\/de\/diana-silver-silberschmuck-webshop\/"},{"@type":"ListItem","position":2,"name":"Shop","item":"https:\/\/dianasilver.com\/de\/shop\/"},{"@type":"ListItem","position":3,"name":"Paw in my heart Silberanh\u00e4nger"}]},{"@type":"WebSite","@id":"https:\/\/dianasilver.com\/de\/#website","url":"https:\/\/dianasilver.com\/de\/","name":"Diana Silver","description":"Tedd t\u00f6k\u00e9letesebb\u00e9 mindennapjaid a Diana Silver \u00e9kszereivel.","publisher":{"@id":"https:\/\/dianasilver.com\/de\/#organization"},"alternateName":"Ez\u00fcst \u00c9kszer Web\u00e1ruh\u00e1z","potentialAction":[{"@type":"SearchAction","target":{"@type":"EntryPoint","urlTemplate":"https:\/\/dianasilver.com\/de\/?s={search_term_string}"},"query-input":{"@type":"PropertyValueSpecification","valueRequired":true,"valueName":"search_term_string"}}],"inLanguage":"de"},{"@type":"Organization","@id":"https:\/\/dianasilver.com\/de\/#organization","name":"Diana Silver","url":"https:\/\/dianasilver.com\/de\/","logo":{"@type":"ImageObject","inLanguage":"de","@id":"https:\/\/dianasilver.com\/de\/#\/schema\/logo\/image\/","url":"https:\/\/dianasilver.com\/wp-content\/uploads\/2022\/08\/ezust-feher-1-koves-buttonos-stekkeres-fulbevalo-42.webp","contentUrl":"https:\/\/dianasilver.com\/wp-content\/uploads\/2022\/08\/ezust-feher-1-koves-buttonos-stekkeres-fulbevalo-42.webp","width":300,"height":154,"caption":"Diana Silver"},"image":{"@id":"https:\/\/dianasilver.com\/de\/#\/schema\/logo\/image\/"},"sameAs":["https:\/\/www.facebook.com\/profile.php?id=100027231325117"]}]}},"_links":{"self":[{"href":"https:\/\/dianasilver.com\/de\/wp-json\/wp\/v2\/product\/112974","targetHints":{"allow":["GET"]}}],"collection":[{"href":"https:\/\/dianasilver.com\/de\/wp-json\/wp\/v2\/product"}],"about":[{"href":"https:\/\/dianasilver.com\/de\/wp-json\/wp\/v2\/types\/product"}],"version-history":[{"count":0,"href":"https:\/\/dianasilver.com\/de\/wp-json\/wp\/v2\/product\/112974\/revisions"}],"wp:featuredmedia":[{"embeddable":true,"href":"https:\/\/dianasilver.com\/de\/wp-json\/wp\/v2\/media\/103704"}],"wp:attachment":[{"href":"https:\/\/dianasilver.com\/de\/wp-json\/wp\/v2\/media?parent=112974"}],"wp:term":[{"taxonomy":"product_brand","embeddable":true,"href":"https:\/\/dianasilver.com\/de\/wp-json\/wp\/v2\/product_brand?post=112974"},{"taxonomy":"product_cat","embeddable":true,"href":"https:\/\/dianasilver.com\/de\/wp-json\/wp\/v2\/product_cat?post=112974"},{"taxonomy":"product_tag","embeddable":true,"href":"https:\/\/dianasilver.com\/de\/wp-json\/wp\/v2\/product_tag?post=112974"}],"curies":[{"name":"wp","href":"https:\/\/api.w.org\/{rel}","templated":true}]}}