{"id":112971,"date":"2025-05-25T10:37:58","date_gmt":"2025-05-25T08:37:58","guid":{"rendered":"https:\/\/dianasilver.hu\/termek\/pentagramm-anhaenger-aus-silber-mit-funkelnden-zirkonia\/"},"modified":"2026-01-16T17:20:43","modified_gmt":"2026-01-16T16:20:43","slug":"pentagramm-anhaenger-aus-silber-mit-funkelnden-zirkonia","status":"publish","type":"product","link":"https:\/\/dianasilver.com\/de\/termek\/pentagramm-anhaenger-aus-silber-mit-funkelnden-zirkonia\/","title":{"rendered":"Pentagramm-Anh\u00e4nger aus Silber mit funkelnden Zirkonia"},"content":{"rendered":"<h2 data-start=\"297\" data-end=\"704\">Pentagramm-Anh\u00e4nger aus Silber mit funkelnden Zirkonia &#8211; ein mystisches Symbol mit elegantem Finish<\/h2>\n<p data-start=\"297\" data-end=\"704\">Dieser Anh\u00e4nger aus 925er Sterlingsilber mit gl\u00e4nzender Rhodiumbeschichtung zeigt das Pentagrammsymbol und einen zarten Zirkoniastein. Das Pentagramm ist ein Symbol f\u00fcr Harmonie und Schutz, w\u00e4hrend die runden Zirkoniasteine ein subtiles Funkeln hinzuf\u00fcgen, das die symbolische Bedeutung perfekt erg\u00e4nzt.<\/p>\n<p data-start=\"706\" data-end=\"902\">\u2b50\ufe0f <strong data-start=\"709\" data-end=\"748\">Was symbolisiert das Pentagramm?<\/strong><br data-start=\"748\" data-end=\"751\">&#8211; Ein Symbol des Gleichgewichts, der Harmonie und des Schutzes.<br data-start=\"798\" data-end=\"801\">&#8211; Eine Verbindung zwischen der spirituellen und der physischen Welt.<br data-start=\"849\" data-end=\"852\">&#8211; Ein uraltes Symbol f\u00fcr St\u00e4rke und Stabilit\u00e4t.<\/p>\n<p data-start=\"904\" data-end=\"1201\">\u2728 <strong data-start=\"906\" data-end=\"937\">Warum sollten Sie sich f\u00fcr diesen Anh\u00e4nger entscheiden?<\/strong><br data-start=\"937\" data-end=\"940\">&#8211; Hochwertiges AG 925 Sterlingsilber mit gl\u00e4nzender Rhodiumbeschichtung.<br data-start=\"990\" data-end=\"993\">&#8211; Markante Pentagrammform mit filigraner Handwerkskunst.<br data-start=\"1044\" data-end=\"1047\">&#8211; Funkelnde Zirkonia-Verzierung am Umriss.<br data-start=\"1089\" data-end=\"1092\">&#8211; Einzigartiger Schmuck, der Mystik und Eleganz vereint.<br data-start=\"1153\" data-end=\"1156\">&#8211; Perfekt f\u00fcr einen einzigartigen Stil.<\/p>\n<p data-start=\"1203\" data-end=\"1323\">\ud83c\udf81 Eine gro\u00dfartige Wahl als Geschenk oder f\u00fcr Ihre eigene Sammlung &#8211; ein Anh\u00e4nger, der unsere Einzigartigkeit und innere St\u00e4rke betont. \ud83c\udf1f\u2728<\/p>\n","protected":false},"excerpt":{"rendered":"<p>Eleganter Pentagramm-Anh\u00e4nger aus Silber &#8211; Mystik und Glamour in einem Schmuckst\u00fcck! \u2728<br data-start=\"160\" data-end=\"163\">Das detailreiche Pentagramm-Muster und die schimmernde Zirkonia-Verzierung sorgen f\u00fcr einen mystischen und modernen Look.<\/p>\n","protected":false},"featured_media":103738,"template":"","meta":{"_acf_changed":false},"product_brand":[],"product_cat":[616],"product_tag":[527,575,576],"class_list":{"0":"post-112971","1":"product","2":"type-product","3":"status-publish","4":"has-post-thumbnail","6":"product_cat-silberne-anhanger","7":"product_tag-silberschmuck-fur-damen","8":"product_tag-mannlich","9":"product_tag-spirituell","10":"description-off","12":"first","13":"instock","14":"sale","15":"taxable","16":"shipping-taxable","17":"purchasable","18":"product-type-simple"},"acf":[],"yoast_head":"<!-- This site is optimized with the Yoast SEO plugin v27.4 - https:\/\/yoast.com\/product\/yoast-seo-wordpress\/ -->\n<title>Pentagramm-Anh\u00e4nger aus Silber mit funkelnden Zirkonia | Diana Silver<\/title>\n<meta name=\"description\" content=\"Fedezd fel a leny\u0171g\u00f6z\u0151 Pentagramm-Anh\u00e4nger aus Silber mit funkelnden Zirkonia \u00e9kszer\u00fcnket. T\u00f6k\u00e9letes kieg\u00e9sz\u00edt\u0151 mindennapi viselethez \u00e9s k\u00fcl\u00f6nleges alkalmakra egyar\u00e1nt. Rendeld meg most!\" \/>\n<meta name=\"robots\" content=\"index, follow, max-snippet:-1, max-image-preview:large, max-video-preview:-1\" \/>\n<link rel=\"canonical\" href=\"https:\/\/dianasilver.com\/de\/termek\/pentagramm-anhaenger-aus-silber-mit-funkelnden-zirkonia\/\" \/>\n<meta property=\"og:locale\" content=\"de_DE\" \/>\n<meta property=\"og:type\" content=\"article\" \/>\n<meta property=\"og:title\" content=\"Pentagramm-Anh\u00e4nger aus Silber mit funkelnden Zirkonia | Diana Silver\" \/>\n<meta property=\"og:description\" content=\"Fedezd fel a leny\u0171g\u00f6z\u0151 Pentagramm-Anh\u00e4nger aus Silber mit funkelnden Zirkonia \u00e9kszer\u00fcnket. T\u00f6k\u00e9letes kieg\u00e9sz\u00edt\u0151 mindennapi viselethez \u00e9s k\u00fcl\u00f6nleges alkalmakra egyar\u00e1nt. Rendeld meg most!\" \/>\n<meta property=\"og:url\" content=\"https:\/\/dianasilver.com\/de\/termek\/pentagramm-anhaenger-aus-silber-mit-funkelnden-zirkonia\/\" \/>\n<meta property=\"og:site_name\" content=\"Diana Silver\" \/>\n<meta property=\"article:publisher\" content=\"https:\/\/www.facebook.com\/profile.php?id=100027231325117\" \/>\n<meta property=\"article:modified_time\" content=\"2026-01-16T16:20:43+00:00\" \/>\n<meta property=\"og:image\" content=\"https:\/\/dianasilver.com\/wp-content\/uploads\/2025\/05\/Ezust-pentagramm-medal-csillogo-cirkoniakkal.jpg\" \/>\n\t<meta property=\"og:image:width\" content=\"2004\" \/>\n\t<meta property=\"og:image:height\" content=\"1960\" \/>\n\t<meta property=\"og:image:type\" content=\"image\/jpeg\" \/>\n<meta name=\"twitter:card\" content=\"summary_large_image\" \/>\n<meta name=\"twitter:label1\" content=\"Gesch\u00e4tzte Lesezeit\" \/>\n\t<meta name=\"twitter:data1\" content=\"1\u00a0Minute\" \/>\n<script type=\"application\/ld+json\" class=\"yoast-schema-graph\">{\"@context\":\"https:\\\/\\\/schema.org\",\"@graph\":[{\"@type\":\"WebPage\",\"@id\":\"https:\\\/\\\/dianasilver.com\\\/de\\\/termek\\\/pentagramm-anhaenger-aus-silber-mit-funkelnden-zirkonia\\\/\",\"url\":\"https:\\\/\\\/dianasilver.com\\\/de\\\/termek\\\/pentagramm-anhaenger-aus-silber-mit-funkelnden-zirkonia\\\/\",\"name\":\"Pentagramm-Anh\u00e4nger aus Silber mit funkelnden Zirkonia | Diana Silver\",\"isPartOf\":{\"@id\":\"https:\\\/\\\/dianasilver.com\\\/de\\\/#website\"},\"primaryImageOfPage\":{\"@id\":\"https:\\\/\\\/dianasilver.com\\\/de\\\/termek\\\/pentagramm-anhaenger-aus-silber-mit-funkelnden-zirkonia\\\/#primaryimage\"},\"image\":{\"@id\":\"https:\\\/\\\/dianasilver.com\\\/de\\\/termek\\\/pentagramm-anhaenger-aus-silber-mit-funkelnden-zirkonia\\\/#primaryimage\"},\"thumbnailUrl\":\"https:\\\/\\\/dianasilver.com\\\/wp-content\\\/uploads\\\/2025\\\/05\\\/Ezust-pentagramm-medal-csillogo-cirkoniakkal.jpg\",\"datePublished\":\"2025-05-25T08:37:58+00:00\",\"dateModified\":\"2026-01-16T16:20:43+00:00\",\"description\":\"Fedezd fel a leny\u0171g\u00f6z\u0151 Pentagramm-Anh\u00e4nger aus Silber mit funkelnden Zirkonia \u00e9kszer\u00fcnket. T\u00f6k\u00e9letes kieg\u00e9sz\u00edt\u0151 mindennapi viselethez \u00e9s k\u00fcl\u00f6nleges alkalmakra egyar\u00e1nt. Rendeld meg most!\",\"breadcrumb\":{\"@id\":\"https:\\\/\\\/dianasilver.com\\\/de\\\/termek\\\/pentagramm-anhaenger-aus-silber-mit-funkelnden-zirkonia\\\/#breadcrumb\"},\"inLanguage\":\"de\",\"potentialAction\":[{\"@type\":\"ReadAction\",\"target\":[\"https:\\\/\\\/dianasilver.com\\\/de\\\/termek\\\/pentagramm-anhaenger-aus-silber-mit-funkelnden-zirkonia\\\/\"]}]},{\"@type\":\"ImageObject\",\"inLanguage\":\"de\",\"@id\":\"https:\\\/\\\/dianasilver.com\\\/de\\\/termek\\\/pentagramm-anhaenger-aus-silber-mit-funkelnden-zirkonia\\\/#primaryimage\",\"url\":\"https:\\\/\\\/dianasilver.com\\\/wp-content\\\/uploads\\\/2025\\\/05\\\/Ezust-pentagramm-medal-csillogo-cirkoniakkal.jpg\",\"contentUrl\":\"https:\\\/\\\/dianasilver.com\\\/wp-content\\\/uploads\\\/2025\\\/05\\\/Ezust-pentagramm-medal-csillogo-cirkoniakkal.jpg\",\"width\":2004,\"height\":1960},{\"@type\":\"BreadcrumbList\",\"@id\":\"https:\\\/\\\/dianasilver.com\\\/de\\\/termek\\\/pentagramm-anhaenger-aus-silber-mit-funkelnden-zirkonia\\\/#breadcrumb\",\"itemListElement\":[{\"@type\":\"ListItem\",\"position\":1,\"name\":\"Kezd\u0151lap\",\"item\":\"https:\\\/\\\/dianasilver.com\\\/de\\\/diana-silver-silberschmuck-webshop\\\/\"},{\"@type\":\"ListItem\",\"position\":2,\"name\":\"Shop\",\"item\":\"https:\\\/\\\/dianasilver.com\\\/de\\\/shop\\\/\"},{\"@type\":\"ListItem\",\"position\":3,\"name\":\"Pentagramm-Anh\u00e4nger aus Silber mit funkelnden Zirkonia\"}]},{\"@type\":\"WebSite\",\"@id\":\"https:\\\/\\\/dianasilver.com\\\/de\\\/#website\",\"url\":\"https:\\\/\\\/dianasilver.com\\\/de\\\/\",\"name\":\"Diana Silver\",\"description\":\"Tedd t\u00f6k\u00e9letesebb\u00e9 mindennapjaid a Diana Silver \u00e9kszereivel.\",\"publisher\":{\"@id\":\"https:\\\/\\\/dianasilver.com\\\/de\\\/#organization\"},\"alternateName\":\"Ez\u00fcst \u00c9kszer Web\u00e1ruh\u00e1z\",\"potentialAction\":[{\"@type\":\"SearchAction\",\"target\":{\"@type\":\"EntryPoint\",\"urlTemplate\":\"https:\\\/\\\/dianasilver.com\\\/de\\\/?s={search_term_string}\"},\"query-input\":{\"@type\":\"PropertyValueSpecification\",\"valueRequired\":true,\"valueName\":\"search_term_string\"}}],\"inLanguage\":\"de\"},{\"@type\":\"Organization\",\"@id\":\"https:\\\/\\\/dianasilver.com\\\/de\\\/#organization\",\"name\":\"Diana Silver\",\"url\":\"https:\\\/\\\/dianasilver.com\\\/de\\\/\",\"logo\":{\"@type\":\"ImageObject\",\"inLanguage\":\"de\",\"@id\":\"https:\\\/\\\/dianasilver.com\\\/de\\\/#\\\/schema\\\/logo\\\/image\\\/\",\"url\":\"https:\\\/\\\/dianasilver.com\\\/wp-content\\\/uploads\\\/2022\\\/08\\\/ezust-feher-1-koves-buttonos-stekkeres-fulbevalo-42.webp\",\"contentUrl\":\"https:\\\/\\\/dianasilver.com\\\/wp-content\\\/uploads\\\/2022\\\/08\\\/ezust-feher-1-koves-buttonos-stekkeres-fulbevalo-42.webp\",\"width\":300,\"height\":154,\"caption\":\"Diana Silver\"},\"image\":{\"@id\":\"https:\\\/\\\/dianasilver.com\\\/de\\\/#\\\/schema\\\/logo\\\/image\\\/\"},\"sameAs\":[\"https:\\\/\\\/www.facebook.com\\\/profile.php?id=100027231325117\"]}]}<\/script>\n<!-- \/ Yoast SEO plugin. -->","yoast_head_json":{"title":"Pentagramm-Anh\u00e4nger aus Silber mit funkelnden Zirkonia | Diana Silver","description":"Fedezd fel a leny\u0171g\u00f6z\u0151 Pentagramm-Anh\u00e4nger aus Silber mit funkelnden Zirkonia \u00e9kszer\u00fcnket. T\u00f6k\u00e9letes kieg\u00e9sz\u00edt\u0151 mindennapi viselethez \u00e9s k\u00fcl\u00f6nleges alkalmakra egyar\u00e1nt. Rendeld meg most!","robots":{"index":"index","follow":"follow","max-snippet":"max-snippet:-1","max-image-preview":"max-image-preview:large","max-video-preview":"max-video-preview:-1"},"canonical":"https:\/\/dianasilver.com\/de\/termek\/pentagramm-anhaenger-aus-silber-mit-funkelnden-zirkonia\/","og_locale":"de_DE","og_type":"article","og_title":"Pentagramm-Anh\u00e4nger aus Silber mit funkelnden Zirkonia | Diana Silver","og_description":"Fedezd fel a leny\u0171g\u00f6z\u0151 Pentagramm-Anh\u00e4nger aus Silber mit funkelnden Zirkonia \u00e9kszer\u00fcnket. T\u00f6k\u00e9letes kieg\u00e9sz\u00edt\u0151 mindennapi viselethez \u00e9s k\u00fcl\u00f6nleges alkalmakra egyar\u00e1nt. Rendeld meg most!","og_url":"https:\/\/dianasilver.com\/de\/termek\/pentagramm-anhaenger-aus-silber-mit-funkelnden-zirkonia\/","og_site_name":"Diana Silver","article_publisher":"https:\/\/www.facebook.com\/profile.php?id=100027231325117","article_modified_time":"2026-01-16T16:20:43+00:00","og_image":[{"width":2004,"height":1960,"url":"https:\/\/dianasilver.com\/wp-content\/uploads\/2025\/05\/Ezust-pentagramm-medal-csillogo-cirkoniakkal.jpg","type":"image\/jpeg"}],"twitter_card":"summary_large_image","twitter_misc":{"Gesch\u00e4tzte Lesezeit":"1\u00a0Minute"},"schema":{"@context":"https:\/\/schema.org","@graph":[{"@type":"WebPage","@id":"https:\/\/dianasilver.com\/de\/termek\/pentagramm-anhaenger-aus-silber-mit-funkelnden-zirkonia\/","url":"https:\/\/dianasilver.com\/de\/termek\/pentagramm-anhaenger-aus-silber-mit-funkelnden-zirkonia\/","name":"Pentagramm-Anh\u00e4nger aus Silber mit funkelnden Zirkonia | Diana Silver","isPartOf":{"@id":"https:\/\/dianasilver.com\/de\/#website"},"primaryImageOfPage":{"@id":"https:\/\/dianasilver.com\/de\/termek\/pentagramm-anhaenger-aus-silber-mit-funkelnden-zirkonia\/#primaryimage"},"image":{"@id":"https:\/\/dianasilver.com\/de\/termek\/pentagramm-anhaenger-aus-silber-mit-funkelnden-zirkonia\/#primaryimage"},"thumbnailUrl":"https:\/\/dianasilver.com\/wp-content\/uploads\/2025\/05\/Ezust-pentagramm-medal-csillogo-cirkoniakkal.jpg","datePublished":"2025-05-25T08:37:58+00:00","dateModified":"2026-01-16T16:20:43+00:00","description":"Fedezd fel a leny\u0171g\u00f6z\u0151 Pentagramm-Anh\u00e4nger aus Silber mit funkelnden Zirkonia \u00e9kszer\u00fcnket. T\u00f6k\u00e9letes kieg\u00e9sz\u00edt\u0151 mindennapi viselethez \u00e9s k\u00fcl\u00f6nleges alkalmakra egyar\u00e1nt. Rendeld meg most!","breadcrumb":{"@id":"https:\/\/dianasilver.com\/de\/termek\/pentagramm-anhaenger-aus-silber-mit-funkelnden-zirkonia\/#breadcrumb"},"inLanguage":"de","potentialAction":[{"@type":"ReadAction","target":["https:\/\/dianasilver.com\/de\/termek\/pentagramm-anhaenger-aus-silber-mit-funkelnden-zirkonia\/"]}]},{"@type":"ImageObject","inLanguage":"de","@id":"https:\/\/dianasilver.com\/de\/termek\/pentagramm-anhaenger-aus-silber-mit-funkelnden-zirkonia\/#primaryimage","url":"https:\/\/dianasilver.com\/wp-content\/uploads\/2025\/05\/Ezust-pentagramm-medal-csillogo-cirkoniakkal.jpg","contentUrl":"https:\/\/dianasilver.com\/wp-content\/uploads\/2025\/05\/Ezust-pentagramm-medal-csillogo-cirkoniakkal.jpg","width":2004,"height":1960},{"@type":"BreadcrumbList","@id":"https:\/\/dianasilver.com\/de\/termek\/pentagramm-anhaenger-aus-silber-mit-funkelnden-zirkonia\/#breadcrumb","itemListElement":[{"@type":"ListItem","position":1,"name":"Kezd\u0151lap","item":"https:\/\/dianasilver.com\/de\/diana-silver-silberschmuck-webshop\/"},{"@type":"ListItem","position":2,"name":"Shop","item":"https:\/\/dianasilver.com\/de\/shop\/"},{"@type":"ListItem","position":3,"name":"Pentagramm-Anh\u00e4nger aus Silber mit funkelnden Zirkonia"}]},{"@type":"WebSite","@id":"https:\/\/dianasilver.com\/de\/#website","url":"https:\/\/dianasilver.com\/de\/","name":"Diana Silver","description":"Tedd t\u00f6k\u00e9letesebb\u00e9 mindennapjaid a Diana Silver \u00e9kszereivel.","publisher":{"@id":"https:\/\/dianasilver.com\/de\/#organization"},"alternateName":"Ez\u00fcst \u00c9kszer Web\u00e1ruh\u00e1z","potentialAction":[{"@type":"SearchAction","target":{"@type":"EntryPoint","urlTemplate":"https:\/\/dianasilver.com\/de\/?s={search_term_string}"},"query-input":{"@type":"PropertyValueSpecification","valueRequired":true,"valueName":"search_term_string"}}],"inLanguage":"de"},{"@type":"Organization","@id":"https:\/\/dianasilver.com\/de\/#organization","name":"Diana Silver","url":"https:\/\/dianasilver.com\/de\/","logo":{"@type":"ImageObject","inLanguage":"de","@id":"https:\/\/dianasilver.com\/de\/#\/schema\/logo\/image\/","url":"https:\/\/dianasilver.com\/wp-content\/uploads\/2022\/08\/ezust-feher-1-koves-buttonos-stekkeres-fulbevalo-42.webp","contentUrl":"https:\/\/dianasilver.com\/wp-content\/uploads\/2022\/08\/ezust-feher-1-koves-buttonos-stekkeres-fulbevalo-42.webp","width":300,"height":154,"caption":"Diana Silver"},"image":{"@id":"https:\/\/dianasilver.com\/de\/#\/schema\/logo\/image\/"},"sameAs":["https:\/\/www.facebook.com\/profile.php?id=100027231325117"]}]}},"_links":{"self":[{"href":"https:\/\/dianasilver.com\/de\/wp-json\/wp\/v2\/product\/112971","targetHints":{"allow":["GET"]}}],"collection":[{"href":"https:\/\/dianasilver.com\/de\/wp-json\/wp\/v2\/product"}],"about":[{"href":"https:\/\/dianasilver.com\/de\/wp-json\/wp\/v2\/types\/product"}],"version-history":[{"count":0,"href":"https:\/\/dianasilver.com\/de\/wp-json\/wp\/v2\/product\/112971\/revisions"}],"wp:featuredmedia":[{"embeddable":true,"href":"https:\/\/dianasilver.com\/de\/wp-json\/wp\/v2\/media\/103738"}],"wp:attachment":[{"href":"https:\/\/dianasilver.com\/de\/wp-json\/wp\/v2\/media?parent=112971"}],"wp:term":[{"taxonomy":"product_brand","embeddable":true,"href":"https:\/\/dianasilver.com\/de\/wp-json\/wp\/v2\/product_brand?post=112971"},{"taxonomy":"product_cat","embeddable":true,"href":"https:\/\/dianasilver.com\/de\/wp-json\/wp\/v2\/product_cat?post=112971"},{"taxonomy":"product_tag","embeddable":true,"href":"https:\/\/dianasilver.com\/de\/wp-json\/wp\/v2\/product_tag?post=112971"}],"curies":[{"name":"wp","href":"https:\/\/api.w.org\/{rel}","templated":true}]}}